{"id":6495,"date":"2023-12-11T10:48:34","date_gmt":"2023-12-11T10:48:34","guid":{"rendered":"https:\/\/hairbeauty-pro.com\/?post_type=product&#038;p=6495"},"modified":"2026-03-24T11:32:33","modified_gmt":"2026-03-24T11:32:33","slug":"beard-club-pumpica-za-vodu-braon","status":"publish","type":"product","link":"https:\/\/hairbeauty-pro.com\/?product=beard-club-pumpica-za-vodu-braon","title":{"rendered":"BEARD CLUB PUMPICA ZA VODU BRAON"},"content":{"rendered":"<p style=\"font-weight: 400;\">Pumpica za vodu sa mehanizmom pomo\u0107u kojeg se\u00a0dozira odre\u0111ena koli\u010dina te\u010dnosti. Izra\u0111ena od\u00a0kvalitetne, lagane i fleksibilne plastike. Originalnog dizajna.<\/p>\n<p style=\"font-weight: 400;\">Zapremina:\u00a0 300 ML<\/p>\n","protected":false},"excerpt":{"rendered":"<p>Pumpica za vodu sa mehanizmom pomo\u0107u kojeg se\u00a0dozira odre\u0111ena koli\u010dina te\u010dnosti. Izra\u0111ena od\u00a0kvalitetne, lagane i fleksibilne plastike. Originalnog dizajna. Zapremina:\u00a0 300 ML<\/p>\n","protected":false},"featured_media":6499,"comment_status":"open","ping_status":"closed","template":"","meta":{"site-sidebar-layout":"default","site-content-layout":"default","ast-site-content-layout":"default","site-content-style":"default","site-sidebar-style":"default","ast-global-header-display":"","ast-banner-title-visibility":"","ast-main-header-display":"","ast-hfb-above-header-display":"","ast-hfb-below-header-display":"","ast-hfb-mobile-header-display":"","site-post-title":"","ast-breadcrumbs-content":"","ast-featured-img":"","footer-sml-layout":"","theme-transparent-header-meta":"default","adv-header-id-meta":"","stick-header-meta":"","header-above-stick-meta":"","header-main-stick-meta":"","header-below-stick-meta":"","astra-migrate-meta-layouts":"set","ast-page-background-enabled":"default","ast-page-background-meta":{"desktop":{"background-color":"","background-image":"","background-repeat":"repeat","background-position":"center center","background-size":"auto","background-attachment":"scroll","background-type":"","background-media":"","overlay-type":"","overlay-color":"","overlay-opacity":"","overlay-gradient":""},"tablet":{"background-color":"","background-image":"","background-repeat":"repeat","background-position":"center center","background-size":"auto","background-attachment":"scroll","background-type":"","background-media":"","overlay-type":"","overlay-color":"","overlay-opacity":"","overlay-gradient":""},"mobile":{"background-color":"","background-image":"","background-repeat":"repeat","background-position":"center center","background-size":"auto","background-attachment":"scroll","background-type":"","background-media":"","overlay-type":"","overlay-color":"","overlay-opacity":"","overlay-gradient":""}},"ast-content-background-meta":{"desktop":{"background-color":"var(--ast-global-color-5)","background-image":"","background-repeat":"repeat","background-position":"center center","background-size":"auto","background-attachment":"scroll","background-type":"","background-media":"","overlay-type":"","overlay-color":"","overlay-opacity":"","overlay-gradient":""},"tablet":{"background-color":"var(--ast-global-color-5)","background-image":"","background-repeat":"repeat","background-position":"center center","background-size":"auto","background-attachment":"scroll","background-type":"","background-media":"","overlay-type":"","overlay-color":"","overlay-opacity":"","overlay-gradient":""},"mobile":{"background-color":"var(--ast-global-color-5)","background-image":"","background-repeat":"repeat","background-position":"center center","background-size":"auto","background-attachment":"scroll","background-type":"","background-media":"","overlay-type":"","overlay-color":"","overlay-opacity":"","overlay-gradient":""}}},"product_cat":[260,218,53,44,225,251,224,99],"product_tag":[],"yoast_head":"<!-- This site is optimized with the Yoast SEO plugin v21.7 - https:\/\/yoast.com\/wordpress\/plugins\/seo\/ -->\n<title>BEARD CLUB PUMPICA ZA VODU BRAON - Flash<\/title>\n<meta name=\"description\" content=\"Pumpica za vodu sa mehanizmom pomo\u0107u kojeg se\u00a0dozira odre\u0111ena koli\u010dina te\u010dnosti. Izra\u0111ena od\u00a0kvalitetne, lagane i fleksibilne plastike. Originalnog\" \/>\n<meta name=\"robots\" content=\"index, follow, max-snippet:-1, max-image-preview:large, max-video-preview:-1\" \/>\n<link rel=\"canonical\" href=\"https:\/\/hairbeauty-pro.com\/?product=beard-club-pumpica-za-vodu-braon\" \/>\n<meta property=\"og:locale\" content=\"bs_BA\" \/>\n<meta property=\"og:type\" content=\"article\" \/>\n<meta property=\"og:title\" content=\"BEARD CLUB PUMPICA ZA VODU BRAON - Flash\" \/>\n<meta property=\"og:description\" content=\"Pumpica za vodu sa mehanizmom pomo\u0107u kojeg se\u00a0dozira odre\u0111ena koli\u010dina te\u010dnosti. Izra\u0111ena od\u00a0kvalitetne, lagane i fleksibilne plastike. Originalnog\" \/>\n<meta property=\"og:url\" content=\"https:\/\/hairbeauty-pro.com\/?product=beard-club-pumpica-za-vodu-braon\" \/>\n<meta property=\"og:site_name\" content=\"Flash\" \/>\n<meta property=\"article:modified_time\" content=\"2026-03-24T11:32:33+00:00\" \/>\n<meta property=\"og:image\" content=\"http:\/\/hairbeauty-pro.com\/wp-content\/uploads\/2023\/12\/beard_club_kepro_spray_brown.jpg\" \/>\n\t<meta property=\"og:image:width\" content=\"398\" \/>\n\t<meta property=\"og:image:height\" content=\"672\" \/>\n\t<meta property=\"og:image:type\" content=\"image\/jpeg\" \/>\n<meta name=\"twitter:card\" content=\"summary_large_image\" \/>\n<script type=\"application\/ld+json\" class=\"yoast-schema-graph\">{\"@context\":\"https:\/\/schema.org\",\"@graph\":[{\"@type\":\"WebPage\",\"@id\":\"https:\/\/hairbeauty-pro.com\/?product=beard-club-pumpica-za-vodu-braon\",\"url\":\"https:\/\/hairbeauty-pro.com\/?product=beard-club-pumpica-za-vodu-braon\",\"name\":\"BEARD CLUB PUMPICA ZA VODU BRAON - Flash\",\"isPartOf\":{\"@id\":\"https:\/\/hairbeauty-pro.com\/#website\"},\"datePublished\":\"2023-12-11T10:48:34+00:00\",\"dateModified\":\"2026-03-24T11:32:33+00:00\",\"description\":\"Pumpica za vodu sa mehanizmom pomo\u0107u kojeg se\u00a0dozira odre\u0111ena koli\u010dina te\u010dnosti. Izra\u0111ena od\u00a0kvalitetne, lagane i fleksibilne plastike. Originalnog\",\"breadcrumb\":{\"@id\":\"https:\/\/hairbeauty-pro.com\/?product=beard-club-pumpica-za-vodu-braon#breadcrumb\"},\"inLanguage\":\"bs-BA\",\"potentialAction\":[{\"@type\":\"ReadAction\",\"target\":[\"https:\/\/hairbeauty-pro.com\/?product=beard-club-pumpica-za-vodu-braon\"]}]},{\"@type\":\"BreadcrumbList\",\"@id\":\"https:\/\/hairbeauty-pro.com\/?product=beard-club-pumpica-za-vodu-braon#breadcrumb\",\"itemListElement\":[{\"@type\":\"ListItem\",\"position\":1,\"name\":\"Home\",\"item\":\"https:\/\/hairbeauty-pro.com\/\"},{\"@type\":\"ListItem\",\"position\":2,\"name\":\"Shop\",\"item\":\"https:\/\/hairbeauty-pro.com\/?page_id=11\"},{\"@type\":\"ListItem\",\"position\":3,\"name\":\"BEARD CLUB PUMPICA ZA VODU BRAON\"}]},{\"@type\":\"WebSite\",\"@id\":\"https:\/\/hairbeauty-pro.com\/#website\",\"url\":\"https:\/\/hairbeauty-pro.com\/\",\"name\":\"Flash\",\"description\":\"Va\u0161a ultimativna destinacja za njegu kose\",\"publisher\":{\"@id\":\"https:\/\/hairbeauty-pro.com\/#organization\"},\"potentialAction\":[{\"@type\":\"SearchAction\",\"target\":{\"@type\":\"EntryPoint\",\"urlTemplate\":\"https:\/\/hairbeauty-pro.com\/?s={search_term_string}\"},\"query-input\":\"required name=search_term_string\"}],\"inLanguage\":\"bs-BA\"},{\"@type\":\"Organization\",\"@id\":\"https:\/\/hairbeauty-pro.com\/#organization\",\"name\":\"Flash\",\"url\":\"https:\/\/hairbeauty-pro.com\/\",\"logo\":{\"@type\":\"ImageObject\",\"inLanguage\":\"bs-BA\",\"@id\":\"https:\/\/hairbeauty-pro.com\/#\/schema\/logo\/image\/\",\"url\":\"https:\/\/hairbeauty-pro.com\/wp-content\/uploads\/2023\/07\/cropped-FLASH-LOGO-png.png\",\"contentUrl\":\"https:\/\/hairbeauty-pro.com\/wp-content\/uploads\/2023\/07\/cropped-FLASH-LOGO-png.png\",\"width\":1316,\"height\":521,\"caption\":\"Flash\"},\"image\":{\"@id\":\"https:\/\/hairbeauty-pro.com\/#\/schema\/logo\/image\/\"}}]}<\/script>\n<!-- \/ Yoast SEO plugin. -->","yoast_head_json":{"title":"BEARD CLUB PUMPICA ZA VODU BRAON - Flash","description":"Pumpica za vodu sa mehanizmom pomo\u0107u kojeg se\u00a0dozira odre\u0111ena koli\u010dina te\u010dnosti. Izra\u0111ena od\u00a0kvalitetne, lagane i fleksibilne plastike. Originalnog","robots":{"index":"index","follow":"follow","max-snippet":"max-snippet:-1","max-image-preview":"max-image-preview:large","max-video-preview":"max-video-preview:-1"},"canonical":"https:\/\/hairbeauty-pro.com\/?product=beard-club-pumpica-za-vodu-braon","og_locale":"bs_BA","og_type":"article","og_title":"BEARD CLUB PUMPICA ZA VODU BRAON - Flash","og_description":"Pumpica za vodu sa mehanizmom pomo\u0107u kojeg se\u00a0dozira odre\u0111ena koli\u010dina te\u010dnosti. Izra\u0111ena od\u00a0kvalitetne, lagane i fleksibilne plastike. Originalnog","og_url":"https:\/\/hairbeauty-pro.com\/?product=beard-club-pumpica-za-vodu-braon","og_site_name":"Flash","article_modified_time":"2026-03-24T11:32:33+00:00","og_image":[{"width":398,"height":672,"url":"http:\/\/hairbeauty-pro.com\/wp-content\/uploads\/2023\/12\/beard_club_kepro_spray_brown.jpg","type":"image\/jpeg"}],"twitter_card":"summary_large_image","schema":{"@context":"https:\/\/schema.org","@graph":[{"@type":"WebPage","@id":"https:\/\/hairbeauty-pro.com\/?product=beard-club-pumpica-za-vodu-braon","url":"https:\/\/hairbeauty-pro.com\/?product=beard-club-pumpica-za-vodu-braon","name":"BEARD CLUB PUMPICA ZA VODU BRAON - Flash","isPartOf":{"@id":"https:\/\/hairbeauty-pro.com\/#website"},"datePublished":"2023-12-11T10:48:34+00:00","dateModified":"2026-03-24T11:32:33+00:00","description":"Pumpica za vodu sa mehanizmom pomo\u0107u kojeg se\u00a0dozira odre\u0111ena koli\u010dina te\u010dnosti. Izra\u0111ena od\u00a0kvalitetne, lagane i fleksibilne plastike. Originalnog","breadcrumb":{"@id":"https:\/\/hairbeauty-pro.com\/?product=beard-club-pumpica-za-vodu-braon#breadcrumb"},"inLanguage":"bs-BA","potentialAction":[{"@type":"ReadAction","target":["https:\/\/hairbeauty-pro.com\/?product=beard-club-pumpica-za-vodu-braon"]}]},{"@type":"BreadcrumbList","@id":"https:\/\/hairbeauty-pro.com\/?product=beard-club-pumpica-za-vodu-braon#breadcrumb","itemListElement":[{"@type":"ListItem","position":1,"name":"Home","item":"https:\/\/hairbeauty-pro.com\/"},{"@type":"ListItem","position":2,"name":"Shop","item":"https:\/\/hairbeauty-pro.com\/?page_id=11"},{"@type":"ListItem","position":3,"name":"BEARD CLUB PUMPICA ZA VODU BRAON"}]},{"@type":"WebSite","@id":"https:\/\/hairbeauty-pro.com\/#website","url":"https:\/\/hairbeauty-pro.com\/","name":"Flash","description":"Va\u0161a ultimativna destinacja za njegu kose","publisher":{"@id":"https:\/\/hairbeauty-pro.com\/#organization"},"potentialAction":[{"@type":"SearchAction","target":{"@type":"EntryPoint","urlTemplate":"https:\/\/hairbeauty-pro.com\/?s={search_term_string}"},"query-input":"required name=search_term_string"}],"inLanguage":"bs-BA"},{"@type":"Organization","@id":"https:\/\/hairbeauty-pro.com\/#organization","name":"Flash","url":"https:\/\/hairbeauty-pro.com\/","logo":{"@type":"ImageObject","inLanguage":"bs-BA","@id":"https:\/\/hairbeauty-pro.com\/#\/schema\/logo\/image\/","url":"https:\/\/hairbeauty-pro.com\/wp-content\/uploads\/2023\/07\/cropped-FLASH-LOGO-png.png","contentUrl":"https:\/\/hairbeauty-pro.com\/wp-content\/uploads\/2023\/07\/cropped-FLASH-LOGO-png.png","width":1316,"height":521,"caption":"Flash"},"image":{"@id":"https:\/\/hairbeauty-pro.com\/#\/schema\/logo\/image\/"}}]}},"_links":{"self":[{"href":"https:\/\/hairbeauty-pro.com\/index.php?rest_route=\/wp\/v2\/product\/6495"}],"collection":[{"href":"https:\/\/hairbeauty-pro.com\/index.php?rest_route=\/wp\/v2\/product"}],"about":[{"href":"https:\/\/hairbeauty-pro.com\/index.php?rest_route=\/wp\/v2\/types\/product"}],"replies":[{"embeddable":true,"href":"https:\/\/hairbeauty-pro.com\/index.php?rest_route=%2Fwp%2Fv2%2Fcomments&post=6495"}],"wp:featuredmedia":[{"embeddable":true,"href":"https:\/\/hairbeauty-pro.com\/index.php?rest_route=\/wp\/v2\/media\/6499"}],"wp:attachment":[{"href":"https:\/\/hairbeauty-pro.com\/index.php?rest_route=%2Fwp%2Fv2%2Fmedia&parent=6495"}],"wp:term":[{"taxonomy":"product_cat","embeddable":true,"href":"https:\/\/hairbeauty-pro.com\/index.php?rest_route=%2Fwp%2Fv2%2Fproduct_cat&post=6495"},{"taxonomy":"product_tag","embeddable":true,"href":"https:\/\/hairbeauty-pro.com\/index.php?rest_route=%2Fwp%2Fv2%2Fproduct_tag&post=6495"}],"curies":[{"name":"wp","href":"https:\/\/api.w.org\/{rel}","templated":true}]}}