{"id":6432,"date":"2023-12-05T13:24:03","date_gmt":"2023-12-05T13:24:03","guid":{"rendered":"https:\/\/hairbeauty-pro.com\/?post_type=product&#038;p=6432"},"modified":"2026-03-24T11:32:34","modified_gmt":"2026-03-24T11:32:34","slug":"bellessere-maslac-30ml","status":"publish","type":"product","link":"https:\/\/hairbeauty-pro.com\/?product=bellessere-maslac-30ml","title":{"rendered":"Bellessere MASLAC 30ml"},"content":{"rendered":"<p><span style=\"font-weight: 400;\">98% PRIRODNOG PORIJEKLA IZUZEV PROPELANTA<\/span><\/p>\n<p><span style=\"font-weight: 400;\">Idealan za sve tipove ko\u017ee i kose.<\/span><\/p>\n<p><span style=\"font-weight: 400;\">Potreba: Istaknuti ljepotu i sa\u010duvati prirodnu harmoniju kose i ko\u017ee svakodnevnim ritalima ljepote I wellnessa.<\/span><\/p>\n<p><span style=\"font-weight: 400;\">Vi\u0161enamjenski bar\u0161unasti maslac sa karite maslacem, p\u010delinjim voskom i aloa verom,\u00a0 bademovim uljem i uljem bora\u017eine te eteri\u010dnim uljem narand\u017ee. Idealno za za\u0161titu, regeneraciju i dubinsko hranjenje manjih hrapavih, ispucalih ili zbog vjetra crvenkastih predjela (obraz, usnice, nos, ruke, pete, laktovi, itd.) ili tjemena (isu\u0161eni predjeli). U\u010dinkovito pobje\u0111uje isu\u0161enost ko\u017ee te joj pru\u017ea meko\u0107u i elasti\u010dnost. Izvrsno umiruje crvenilo ko\u017ee uzrokovano suncem, vjetrom ili mrazom; odli\u010dno ja\u010da krte nokte.<\/span><\/p>\n<p><span style=\"font-weight: 400;\">Upotreba<\/span><\/p>\n<p><span style=\"font-weight: 400;\">Uzmite manju koli\u010dinu proizvoda i trljajte izme\u0111u dlanova dok se masa potpuno ne otopi. Nanesite na osjetljiva podru\u010dja i masirajte do potpune apsorpcije. Nano\u0161enje ponovite vi\u0161e puna dnevno, po potrebi.<\/span><\/p>\n<p><span style=\"font-weight: 400;\">Maska za omek\u0161avanje laktova i peta: rukama zagrijte potrebnu koli\u010dinu, te je blagom masa\u017eom nanesite na kriti\u010dni predio, koji mora biti suh i \u010dist. Banda\u017eirajte gazom ili pamu\u010dnom \u010darapom i ostavite da djeluje preko no\u0107i. Ponoviti po potrebi.<\/span><\/p>\n<p><span style=\"font-weight: 400;\">Pakovanje 30ml\u00a0<\/span><\/p>\n","protected":false},"excerpt":{"rendered":"<p>98% PRIRODNOG PORIJEKLA IZUZEV PROPELANTA Idealan za sve tipove ko\u017ee i kose. Potreba: Istaknuti ljepotu i sa\u010duvati prirodnu harmoniju kose i ko\u017ee svakodnevnim ritalima ljepote I wellnessa. Vi\u0161enamjenski bar\u0161unasti maslac sa karite maslacem, p\u010delinjim voskom i aloa verom,\u00a0 bademovim uljem i uljem bora\u017eine te eteri\u010dnim uljem narand\u017ee. Idealno za za\u0161titu, regeneraciju i dubinsko hranjenje manjih [&hellip;]<\/p>\n","protected":false},"featured_media":6433,"comment_status":"open","ping_status":"closed","template":"","meta":{"site-sidebar-layout":"default","site-content-layout":"","ast-site-content-layout":"default","site-content-style":"default","site-sidebar-style":"default","ast-global-header-display":"","ast-banner-title-visibility":"","ast-main-header-display":"","ast-hfb-above-header-display":"","ast-hfb-below-header-display":"","ast-hfb-mobile-header-display":"","site-post-title":"","ast-breadcrumbs-content":"","ast-featured-img":"","footer-sml-layout":"","theme-transparent-header-meta":"default","adv-header-id-meta":"","stick-header-meta":"","header-above-stick-meta":"","header-main-stick-meta":"","header-below-stick-meta":"","astra-migrate-meta-layouts":"set","ast-page-background-enabled":"default","ast-page-background-meta":{"desktop":{"background-color":"","background-image":"","background-repeat":"repeat","background-position":"center center","background-size":"auto","background-attachment":"scroll","background-type":"","background-media":"","overlay-type":"","overlay-color":"","overlay-opacity":"","overlay-gradient":""},"tablet":{"background-color":"","background-image":"","background-repeat":"repeat","background-position":"center center","background-size":"auto","background-attachment":"scroll","background-type":"","background-media":"","overlay-type":"","overlay-color":"","overlay-opacity":"","overlay-gradient":""},"mobile":{"background-color":"","background-image":"","background-repeat":"repeat","background-position":"center center","background-size":"auto","background-attachment":"scroll","background-type":"","background-media":"","overlay-type":"","overlay-color":"","overlay-opacity":"","overlay-gradient":""}},"ast-content-background-meta":{"desktop":{"background-color":"var(--ast-global-color-5)","background-image":"","background-repeat":"repeat","background-position":"center center","background-size":"auto","background-attachment":"scroll","background-type":"","background-media":"","overlay-type":"","overlay-color":"","overlay-opacity":"","overlay-gradient":""},"tablet":{"background-color":"var(--ast-global-color-5)","background-image":"","background-repeat":"repeat","background-position":"center center","background-size":"auto","background-attachment":"scroll","background-type":"","background-media":"","overlay-type":"","overlay-color":"","overlay-opacity":"","overlay-gradient":""},"mobile":{"background-color":"var(--ast-global-color-5)","background-image":"","background-repeat":"repeat","background-position":"center center","background-size":"auto","background-attachment":"scroll","background-type":"","background-media":"","overlay-type":"","overlay-color":"","overlay-opacity":"","overlay-gradient":""}}},"product_cat":[253,262,190,115,42,176,90],"product_tag":[],"yoast_head":"<!-- This site is optimized with the Yoast SEO plugin v21.7 - https:\/\/yoast.com\/wordpress\/plugins\/seo\/ -->\n<title>Bellessere MASLAC 30ml - Flash<\/title>\n<meta name=\"description\" content=\"98% PRIRODNOG PORIJEKLA IZUZEV PROPELANTA Idealan za sve tipove ko\u017ee i kose. Potreba: Istaknuti ljepotu i sa\u010duvati prirodnu harmoniju kose i ko\u017ee\" \/>\n<meta name=\"robots\" content=\"index, follow, max-snippet:-1, max-image-preview:large, max-video-preview:-1\" \/>\n<link rel=\"canonical\" href=\"https:\/\/hairbeauty-pro.com\/?product=bellessere-maslac-30ml\" \/>\n<meta property=\"og:locale\" content=\"bs_BA\" \/>\n<meta property=\"og:type\" content=\"article\" \/>\n<meta property=\"og:title\" content=\"Bellessere MASLAC 30ml - Flash\" \/>\n<meta property=\"og:description\" content=\"98% PRIRODNOG PORIJEKLA IZUZEV PROPELANTA Idealan za sve tipove ko\u017ee i kose. Potreba: Istaknuti ljepotu i sa\u010duvati prirodnu harmoniju kose i ko\u017ee\" \/>\n<meta property=\"og:url\" content=\"https:\/\/hairbeauty-pro.com\/?product=bellessere-maslac-30ml\" \/>\n<meta property=\"og:site_name\" content=\"Flash\" \/>\n<meta property=\"article:modified_time\" content=\"2026-03-24T11:32:34+00:00\" \/>\n<meta property=\"og:image\" content=\"http:\/\/hairbeauty-pro.com\/wp-content\/uploads\/2023\/12\/10-Actyva-bellessere-butter-30-ml-bolli-fronte-scaled.jpg\" \/>\n\t<meta property=\"og:image:width\" content=\"1707\" \/>\n\t<meta property=\"og:image:height\" content=\"2560\" \/>\n\t<meta property=\"og:image:type\" content=\"image\/jpeg\" \/>\n<meta name=\"twitter:card\" content=\"summary_large_image\" \/>\n<meta name=\"twitter:label1\" content=\"Est. reading time\" \/>\n\t<meta name=\"twitter:data1\" content=\"2 minute\" \/>\n<script type=\"application\/ld+json\" class=\"yoast-schema-graph\">{\"@context\":\"https:\/\/schema.org\",\"@graph\":[{\"@type\":\"WebPage\",\"@id\":\"https:\/\/hairbeauty-pro.com\/?product=bellessere-maslac-30ml\",\"url\":\"https:\/\/hairbeauty-pro.com\/?product=bellessere-maslac-30ml\",\"name\":\"Bellessere MASLAC 30ml - Flash\",\"isPartOf\":{\"@id\":\"https:\/\/hairbeauty-pro.com\/#website\"},\"datePublished\":\"2023-12-05T13:24:03+00:00\",\"dateModified\":\"2026-03-24T11:32:34+00:00\",\"description\":\"98% PRIRODNOG PORIJEKLA IZUZEV PROPELANTA Idealan za sve tipove ko\u017ee i kose. Potreba: Istaknuti ljepotu i sa\u010duvati prirodnu harmoniju kose i ko\u017ee\",\"breadcrumb\":{\"@id\":\"https:\/\/hairbeauty-pro.com\/?product=bellessere-maslac-30ml#breadcrumb\"},\"inLanguage\":\"bs-BA\",\"potentialAction\":[{\"@type\":\"ReadAction\",\"target\":[\"https:\/\/hairbeauty-pro.com\/?product=bellessere-maslac-30ml\"]}]},{\"@type\":\"BreadcrumbList\",\"@id\":\"https:\/\/hairbeauty-pro.com\/?product=bellessere-maslac-30ml#breadcrumb\",\"itemListElement\":[{\"@type\":\"ListItem\",\"position\":1,\"name\":\"Home\",\"item\":\"https:\/\/hairbeauty-pro.com\/\"},{\"@type\":\"ListItem\",\"position\":2,\"name\":\"Shop\",\"item\":\"https:\/\/hairbeauty-pro.com\/?page_id=11\"},{\"@type\":\"ListItem\",\"position\":3,\"name\":\"Bellessere MASLAC 30ml\"}]},{\"@type\":\"WebSite\",\"@id\":\"https:\/\/hairbeauty-pro.com\/#website\",\"url\":\"https:\/\/hairbeauty-pro.com\/\",\"name\":\"Flash\",\"description\":\"Va\u0161a ultimativna destinacja za njegu kose\",\"publisher\":{\"@id\":\"https:\/\/hairbeauty-pro.com\/#organization\"},\"potentialAction\":[{\"@type\":\"SearchAction\",\"target\":{\"@type\":\"EntryPoint\",\"urlTemplate\":\"https:\/\/hairbeauty-pro.com\/?s={search_term_string}\"},\"query-input\":\"required name=search_term_string\"}],\"inLanguage\":\"bs-BA\"},{\"@type\":\"Organization\",\"@id\":\"https:\/\/hairbeauty-pro.com\/#organization\",\"name\":\"Flash\",\"url\":\"https:\/\/hairbeauty-pro.com\/\",\"logo\":{\"@type\":\"ImageObject\",\"inLanguage\":\"bs-BA\",\"@id\":\"https:\/\/hairbeauty-pro.com\/#\/schema\/logo\/image\/\",\"url\":\"https:\/\/hairbeauty-pro.com\/wp-content\/uploads\/2023\/07\/cropped-FLASH-LOGO-png.png\",\"contentUrl\":\"https:\/\/hairbeauty-pro.com\/wp-content\/uploads\/2023\/07\/cropped-FLASH-LOGO-png.png\",\"width\":1316,\"height\":521,\"caption\":\"Flash\"},\"image\":{\"@id\":\"https:\/\/hairbeauty-pro.com\/#\/schema\/logo\/image\/\"}}]}<\/script>\n<!-- \/ Yoast SEO plugin. -->","yoast_head_json":{"title":"Bellessere MASLAC 30ml - Flash","description":"98% PRIRODNOG PORIJEKLA IZUZEV PROPELANTA Idealan za sve tipove ko\u017ee i kose. Potreba: Istaknuti ljepotu i sa\u010duvati prirodnu harmoniju kose i ko\u017ee","robots":{"index":"index","follow":"follow","max-snippet":"max-snippet:-1","max-image-preview":"max-image-preview:large","max-video-preview":"max-video-preview:-1"},"canonical":"https:\/\/hairbeauty-pro.com\/?product=bellessere-maslac-30ml","og_locale":"bs_BA","og_type":"article","og_title":"Bellessere MASLAC 30ml - Flash","og_description":"98% PRIRODNOG PORIJEKLA IZUZEV PROPELANTA Idealan za sve tipove ko\u017ee i kose. Potreba: Istaknuti ljepotu i sa\u010duvati prirodnu harmoniju kose i ko\u017ee","og_url":"https:\/\/hairbeauty-pro.com\/?product=bellessere-maslac-30ml","og_site_name":"Flash","article_modified_time":"2026-03-24T11:32:34+00:00","og_image":[{"width":1707,"height":2560,"url":"http:\/\/hairbeauty-pro.com\/wp-content\/uploads\/2023\/12\/10-Actyva-bellessere-butter-30-ml-bolli-fronte-scaled.jpg","type":"image\/jpeg"}],"twitter_card":"summary_large_image","twitter_misc":{"Est. reading time":"2 minute"},"schema":{"@context":"https:\/\/schema.org","@graph":[{"@type":"WebPage","@id":"https:\/\/hairbeauty-pro.com\/?product=bellessere-maslac-30ml","url":"https:\/\/hairbeauty-pro.com\/?product=bellessere-maslac-30ml","name":"Bellessere MASLAC 30ml - Flash","isPartOf":{"@id":"https:\/\/hairbeauty-pro.com\/#website"},"datePublished":"2023-12-05T13:24:03+00:00","dateModified":"2026-03-24T11:32:34+00:00","description":"98% PRIRODNOG PORIJEKLA IZUZEV PROPELANTA Idealan za sve tipove ko\u017ee i kose. Potreba: Istaknuti ljepotu i sa\u010duvati prirodnu harmoniju kose i ko\u017ee","breadcrumb":{"@id":"https:\/\/hairbeauty-pro.com\/?product=bellessere-maslac-30ml#breadcrumb"},"inLanguage":"bs-BA","potentialAction":[{"@type":"ReadAction","target":["https:\/\/hairbeauty-pro.com\/?product=bellessere-maslac-30ml"]}]},{"@type":"BreadcrumbList","@id":"https:\/\/hairbeauty-pro.com\/?product=bellessere-maslac-30ml#breadcrumb","itemListElement":[{"@type":"ListItem","position":1,"name":"Home","item":"https:\/\/hairbeauty-pro.com\/"},{"@type":"ListItem","position":2,"name":"Shop","item":"https:\/\/hairbeauty-pro.com\/?page_id=11"},{"@type":"ListItem","position":3,"name":"Bellessere MASLAC 30ml"}]},{"@type":"WebSite","@id":"https:\/\/hairbeauty-pro.com\/#website","url":"https:\/\/hairbeauty-pro.com\/","name":"Flash","description":"Va\u0161a ultimativna destinacja za njegu kose","publisher":{"@id":"https:\/\/hairbeauty-pro.com\/#organization"},"potentialAction":[{"@type":"SearchAction","target":{"@type":"EntryPoint","urlTemplate":"https:\/\/hairbeauty-pro.com\/?s={search_term_string}"},"query-input":"required name=search_term_string"}],"inLanguage":"bs-BA"},{"@type":"Organization","@id":"https:\/\/hairbeauty-pro.com\/#organization","name":"Flash","url":"https:\/\/hairbeauty-pro.com\/","logo":{"@type":"ImageObject","inLanguage":"bs-BA","@id":"https:\/\/hairbeauty-pro.com\/#\/schema\/logo\/image\/","url":"https:\/\/hairbeauty-pro.com\/wp-content\/uploads\/2023\/07\/cropped-FLASH-LOGO-png.png","contentUrl":"https:\/\/hairbeauty-pro.com\/wp-content\/uploads\/2023\/07\/cropped-FLASH-LOGO-png.png","width":1316,"height":521,"caption":"Flash"},"image":{"@id":"https:\/\/hairbeauty-pro.com\/#\/schema\/logo\/image\/"}}]}},"_links":{"self":[{"href":"https:\/\/hairbeauty-pro.com\/index.php?rest_route=\/wp\/v2\/product\/6432"}],"collection":[{"href":"https:\/\/hairbeauty-pro.com\/index.php?rest_route=\/wp\/v2\/product"}],"about":[{"href":"https:\/\/hairbeauty-pro.com\/index.php?rest_route=\/wp\/v2\/types\/product"}],"replies":[{"embeddable":true,"href":"https:\/\/hairbeauty-pro.com\/index.php?rest_route=%2Fwp%2Fv2%2Fcomments&post=6432"}],"wp:featuredmedia":[{"embeddable":true,"href":"https:\/\/hairbeauty-pro.com\/index.php?rest_route=\/wp\/v2\/media\/6433"}],"wp:attachment":[{"href":"https:\/\/hairbeauty-pro.com\/index.php?rest_route=%2Fwp%2Fv2%2Fmedia&parent=6432"}],"wp:term":[{"taxonomy":"product_cat","embeddable":true,"href":"https:\/\/hairbeauty-pro.com\/index.php?rest_route=%2Fwp%2Fv2%2Fproduct_cat&post=6432"},{"taxonomy":"product_tag","embeddable":true,"href":"https:\/\/hairbeauty-pro.com\/index.php?rest_route=%2Fwp%2Fv2%2Fproduct_tag&post=6432"}],"curies":[{"name":"wp","href":"https:\/\/api.w.org\/{rel}","templated":true}]}}