{"id":6427,"date":"2023-12-05T13:12:39","date_gmt":"2023-12-05T13:12:39","guid":{"rendered":"https:\/\/hairbeauty-pro.com\/?post_type=product&#038;p=6427"},"modified":"2026-03-24T11:32:35","modified_gmt":"2026-03-24T11:32:35","slug":"balance-sampon-1000ml","status":"publish","type":"product","link":"https:\/\/hairbeauty-pro.com\/?product=balance-sampon-1000ml","title":{"rendered":"BALANCE \u0160AMPON 1000ml"},"content":{"rendered":"<p>\u0160ampon za kontrolu sebuma, masno tjeme i kosu.<\/p>\n<p>U\u010dinkovito \u010disti kosu i tjeme, reguli\u0161u\u0107i proizvodnju sebuma. Uspostavlja ravnote\u017eu tjemena, ima adstrigentno i umiruju\u0107e dejstvo.<\/p>\n<p>Formula sa:<\/p>\n<p>&#8211; uljem Bijele limnate koje se prete\u017eno sastoji iz masnih kiselina, koje su veoma stabilne i nisu podlo\u017ene oksidaciji, uz odli\u010dnu emolijentnu mo\u0107 i visok sadr\u017eaj prirodnog vitamina E, a bez osje\u0107aja masno\u0107e na ko\u017ei i tjemenu, \u0161to ga \u010dini veoma kvalitetnim prirodnim sastojkom svih kozmeti\u010dkih proizvoda.<\/p>\n<p>&#8211; ekstraktom breze, poznatom kao magi\u010dnim drvetom u Indiji i Sibiru. Sadr\u017ei jo\u0161 i ekstrakt crvene morske alge , ulje iz sjemena kakao \u0160e butera i ulje dobijeno iz zrelih plodova vrste masline Olea Europea. Ovi sastojci odr\u017eavaju optimalan nivo prirodne hidratacije kose i ne isu\u0161uju je. Upotreba: nanesite na mokru kosu, nje\u017eno umasirajte i isperite.<\/p>\n","protected":false},"excerpt":{"rendered":"<p>\u0160ampon za kontrolu sebuma, masno tjeme i kosu. U\u010dinkovito \u010disti kosu i tjeme, reguli\u0161u\u0107i proizvodnju sebuma. Uspostavlja ravnote\u017eu tjemena, ima adstrigentno i umiruju\u0107e dejstvo. Formula sa: &#8211; uljem Bijele limnate koje se prete\u017eno sastoji iz masnih kiselina, koje su veoma stabilne i nisu podlo\u017ene oksidaciji, uz odli\u010dnu emolijentnu mo\u0107 i visok sadr\u017eaj prirodnog vitamina E, [&hellip;]<\/p>\n","protected":false},"featured_media":6428,"comment_status":"open","ping_status":"closed","template":"","meta":{"site-sidebar-layout":"default","site-content-layout":"","ast-site-content-layout":"default","site-content-style":"default","site-sidebar-style":"default","ast-global-header-display":"","ast-banner-title-visibility":"","ast-main-header-display":"","ast-hfb-above-header-display":"","ast-hfb-below-header-display":"","ast-hfb-mobile-header-display":"","site-post-title":"","ast-breadcrumbs-content":"","ast-featured-img":"","footer-sml-layout":"","theme-transparent-header-meta":"default","adv-header-id-meta":"","stick-header-meta":"","header-above-stick-meta":"","header-main-stick-meta":"","header-below-stick-meta":"","astra-migrate-meta-layouts":"set","ast-page-background-enabled":"default","ast-page-background-meta":{"desktop":{"background-color":"","background-image":"","background-repeat":"repeat","background-position":"center center","background-size":"auto","background-attachment":"scroll","background-type":"","background-media":"","overlay-type":"","overlay-color":"","overlay-opacity":"","overlay-gradient":""},"tablet":{"background-color":"","background-image":"","background-repeat":"repeat","background-position":"center center","background-size":"auto","background-attachment":"scroll","background-type":"","background-media":"","overlay-type":"","overlay-color":"","overlay-opacity":"","overlay-gradient":""},"mobile":{"background-color":"","background-image":"","background-repeat":"repeat","background-position":"center center","background-size":"auto","background-attachment":"scroll","background-type":"","background-media":"","overlay-type":"","overlay-color":"","overlay-opacity":"","overlay-gradient":""}},"ast-content-background-meta":{"desktop":{"background-color":"var(--ast-global-color-5)","background-image":"","background-repeat":"repeat","background-position":"center center","background-size":"auto","background-attachment":"scroll","background-type":"","background-media":"","overlay-type":"","overlay-color":"","overlay-opacity":"","overlay-gradient":""},"tablet":{"background-color":"var(--ast-global-color-5)","background-image":"","background-repeat":"repeat","background-position":"center center","background-size":"auto","background-attachment":"scroll","background-type":"","background-media":"","overlay-type":"","overlay-color":"","overlay-opacity":"","overlay-gradient":""},"mobile":{"background-color":"var(--ast-global-color-5)","background-image":"","background-repeat":"repeat","background-position":"center center","background-size":"auto","background-attachment":"scroll","background-type":"","background-media":"","overlay-type":"","overlay-color":"","overlay-opacity":"","overlay-gradient":""}}},"product_cat":[44,225,269,186,112,68,176,90],"product_tag":[],"yoast_head":"<!-- This site is optimized with the Yoast SEO plugin v21.7 - https:\/\/yoast.com\/wordpress\/plugins\/seo\/ -->\n<title>BALANCE \u0160AMPON 1000ml - Flash<\/title>\n<meta name=\"description\" content=\"\u0160ampon za kontrolu sebuma, masno tjeme i kosu. U\u010dinkovito \u010disti kosu i tjeme, reguli\u0161u\u0107i proizvodnju sebuma. Uspostavlja ravnote\u017eu tjemena, ima\" \/>\n<meta name=\"robots\" content=\"index, follow, max-snippet:-1, max-image-preview:large, max-video-preview:-1\" \/>\n<link rel=\"canonical\" href=\"https:\/\/hairbeauty-pro.com\/?product=balance-sampon-1000ml\" \/>\n<meta property=\"og:locale\" content=\"bs_BA\" \/>\n<meta property=\"og:type\" content=\"article\" \/>\n<meta property=\"og:title\" content=\"BALANCE \u0160AMPON 1000ml - Flash\" \/>\n<meta property=\"og:description\" content=\"\u0160ampon za kontrolu sebuma, masno tjeme i kosu. U\u010dinkovito \u010disti kosu i tjeme, reguli\u0161u\u0107i proizvodnju sebuma. Uspostavlja ravnote\u017eu tjemena, ima\" \/>\n<meta property=\"og:url\" content=\"https:\/\/hairbeauty-pro.com\/?product=balance-sampon-1000ml\" \/>\n<meta property=\"og:site_name\" content=\"Flash\" \/>\n<meta property=\"article:modified_time\" content=\"2026-03-24T11:32:35+00:00\" \/>\n<meta property=\"og:image\" content=\"http:\/\/hairbeauty-pro.com\/wp-content\/uploads\/2023\/12\/19029.jpg\" \/>\n\t<meta property=\"og:image:width\" content=\"767\" \/>\n\t<meta property=\"og:image:height\" content=\"1715\" \/>\n\t<meta property=\"og:image:type\" content=\"image\/jpeg\" \/>\n<meta name=\"twitter:card\" content=\"summary_large_image\" \/>\n<meta name=\"twitter:label1\" content=\"Est. reading time\" \/>\n\t<meta name=\"twitter:data1\" content=\"1 minuta\" \/>\n<script type=\"application\/ld+json\" class=\"yoast-schema-graph\">{\"@context\":\"https:\/\/schema.org\",\"@graph\":[{\"@type\":\"WebPage\",\"@id\":\"https:\/\/hairbeauty-pro.com\/?product=balance-sampon-1000ml\",\"url\":\"https:\/\/hairbeauty-pro.com\/?product=balance-sampon-1000ml\",\"name\":\"BALANCE \u0160AMPON 1000ml - Flash\",\"isPartOf\":{\"@id\":\"https:\/\/hairbeauty-pro.com\/#website\"},\"datePublished\":\"2023-12-05T13:12:39+00:00\",\"dateModified\":\"2026-03-24T11:32:35+00:00\",\"description\":\"\u0160ampon za kontrolu sebuma, masno tjeme i kosu. U\u010dinkovito \u010disti kosu i tjeme, reguli\u0161u\u0107i proizvodnju sebuma. Uspostavlja ravnote\u017eu tjemena, ima\",\"breadcrumb\":{\"@id\":\"https:\/\/hairbeauty-pro.com\/?product=balance-sampon-1000ml#breadcrumb\"},\"inLanguage\":\"bs-BA\",\"potentialAction\":[{\"@type\":\"ReadAction\",\"target\":[\"https:\/\/hairbeauty-pro.com\/?product=balance-sampon-1000ml\"]}]},{\"@type\":\"BreadcrumbList\",\"@id\":\"https:\/\/hairbeauty-pro.com\/?product=balance-sampon-1000ml#breadcrumb\",\"itemListElement\":[{\"@type\":\"ListItem\",\"position\":1,\"name\":\"Home\",\"item\":\"https:\/\/hairbeauty-pro.com\/\"},{\"@type\":\"ListItem\",\"position\":2,\"name\":\"Shop\",\"item\":\"https:\/\/hairbeauty-pro.com\/?page_id=11\"},{\"@type\":\"ListItem\",\"position\":3,\"name\":\"BALANCE \u0160AMPON 1000ml\"}]},{\"@type\":\"WebSite\",\"@id\":\"https:\/\/hairbeauty-pro.com\/#website\",\"url\":\"https:\/\/hairbeauty-pro.com\/\",\"name\":\"Flash\",\"description\":\"Va\u0161a ultimativna destinacja za njegu kose\",\"publisher\":{\"@id\":\"https:\/\/hairbeauty-pro.com\/#organization\"},\"potentialAction\":[{\"@type\":\"SearchAction\",\"target\":{\"@type\":\"EntryPoint\",\"urlTemplate\":\"https:\/\/hairbeauty-pro.com\/?s={search_term_string}\"},\"query-input\":\"required name=search_term_string\"}],\"inLanguage\":\"bs-BA\"},{\"@type\":\"Organization\",\"@id\":\"https:\/\/hairbeauty-pro.com\/#organization\",\"name\":\"Flash\",\"url\":\"https:\/\/hairbeauty-pro.com\/\",\"logo\":{\"@type\":\"ImageObject\",\"inLanguage\":\"bs-BA\",\"@id\":\"https:\/\/hairbeauty-pro.com\/#\/schema\/logo\/image\/\",\"url\":\"https:\/\/hairbeauty-pro.com\/wp-content\/uploads\/2023\/07\/cropped-FLASH-LOGO-png.png\",\"contentUrl\":\"https:\/\/hairbeauty-pro.com\/wp-content\/uploads\/2023\/07\/cropped-FLASH-LOGO-png.png\",\"width\":1316,\"height\":521,\"caption\":\"Flash\"},\"image\":{\"@id\":\"https:\/\/hairbeauty-pro.com\/#\/schema\/logo\/image\/\"}}]}<\/script>\n<!-- \/ Yoast SEO plugin. -->","yoast_head_json":{"title":"BALANCE \u0160AMPON 1000ml - Flash","description":"\u0160ampon za kontrolu sebuma, masno tjeme i kosu. U\u010dinkovito \u010disti kosu i tjeme, reguli\u0161u\u0107i proizvodnju sebuma. Uspostavlja ravnote\u017eu tjemena, ima","robots":{"index":"index","follow":"follow","max-snippet":"max-snippet:-1","max-image-preview":"max-image-preview:large","max-video-preview":"max-video-preview:-1"},"canonical":"https:\/\/hairbeauty-pro.com\/?product=balance-sampon-1000ml","og_locale":"bs_BA","og_type":"article","og_title":"BALANCE \u0160AMPON 1000ml - Flash","og_description":"\u0160ampon za kontrolu sebuma, masno tjeme i kosu. U\u010dinkovito \u010disti kosu i tjeme, reguli\u0161u\u0107i proizvodnju sebuma. Uspostavlja ravnote\u017eu tjemena, ima","og_url":"https:\/\/hairbeauty-pro.com\/?product=balance-sampon-1000ml","og_site_name":"Flash","article_modified_time":"2026-03-24T11:32:35+00:00","og_image":[{"width":767,"height":1715,"url":"http:\/\/hairbeauty-pro.com\/wp-content\/uploads\/2023\/12\/19029.jpg","type":"image\/jpeg"}],"twitter_card":"summary_large_image","twitter_misc":{"Est. reading time":"1 minuta"},"schema":{"@context":"https:\/\/schema.org","@graph":[{"@type":"WebPage","@id":"https:\/\/hairbeauty-pro.com\/?product=balance-sampon-1000ml","url":"https:\/\/hairbeauty-pro.com\/?product=balance-sampon-1000ml","name":"BALANCE \u0160AMPON 1000ml - Flash","isPartOf":{"@id":"https:\/\/hairbeauty-pro.com\/#website"},"datePublished":"2023-12-05T13:12:39+00:00","dateModified":"2026-03-24T11:32:35+00:00","description":"\u0160ampon za kontrolu sebuma, masno tjeme i kosu. U\u010dinkovito \u010disti kosu i tjeme, reguli\u0161u\u0107i proizvodnju sebuma. Uspostavlja ravnote\u017eu tjemena, ima","breadcrumb":{"@id":"https:\/\/hairbeauty-pro.com\/?product=balance-sampon-1000ml#breadcrumb"},"inLanguage":"bs-BA","potentialAction":[{"@type":"ReadAction","target":["https:\/\/hairbeauty-pro.com\/?product=balance-sampon-1000ml"]}]},{"@type":"BreadcrumbList","@id":"https:\/\/hairbeauty-pro.com\/?product=balance-sampon-1000ml#breadcrumb","itemListElement":[{"@type":"ListItem","position":1,"name":"Home","item":"https:\/\/hairbeauty-pro.com\/"},{"@type":"ListItem","position":2,"name":"Shop","item":"https:\/\/hairbeauty-pro.com\/?page_id=11"},{"@type":"ListItem","position":3,"name":"BALANCE \u0160AMPON 1000ml"}]},{"@type":"WebSite","@id":"https:\/\/hairbeauty-pro.com\/#website","url":"https:\/\/hairbeauty-pro.com\/","name":"Flash","description":"Va\u0161a ultimativna destinacja za njegu kose","publisher":{"@id":"https:\/\/hairbeauty-pro.com\/#organization"},"potentialAction":[{"@type":"SearchAction","target":{"@type":"EntryPoint","urlTemplate":"https:\/\/hairbeauty-pro.com\/?s={search_term_string}"},"query-input":"required name=search_term_string"}],"inLanguage":"bs-BA"},{"@type":"Organization","@id":"https:\/\/hairbeauty-pro.com\/#organization","name":"Flash","url":"https:\/\/hairbeauty-pro.com\/","logo":{"@type":"ImageObject","inLanguage":"bs-BA","@id":"https:\/\/hairbeauty-pro.com\/#\/schema\/logo\/image\/","url":"https:\/\/hairbeauty-pro.com\/wp-content\/uploads\/2023\/07\/cropped-FLASH-LOGO-png.png","contentUrl":"https:\/\/hairbeauty-pro.com\/wp-content\/uploads\/2023\/07\/cropped-FLASH-LOGO-png.png","width":1316,"height":521,"caption":"Flash"},"image":{"@id":"https:\/\/hairbeauty-pro.com\/#\/schema\/logo\/image\/"}}]}},"_links":{"self":[{"href":"https:\/\/hairbeauty-pro.com\/index.php?rest_route=\/wp\/v2\/product\/6427"}],"collection":[{"href":"https:\/\/hairbeauty-pro.com\/index.php?rest_route=\/wp\/v2\/product"}],"about":[{"href":"https:\/\/hairbeauty-pro.com\/index.php?rest_route=\/wp\/v2\/types\/product"}],"replies":[{"embeddable":true,"href":"https:\/\/hairbeauty-pro.com\/index.php?rest_route=%2Fwp%2Fv2%2Fcomments&post=6427"}],"wp:featuredmedia":[{"embeddable":true,"href":"https:\/\/hairbeauty-pro.com\/index.php?rest_route=\/wp\/v2\/media\/6428"}],"wp:attachment":[{"href":"https:\/\/hairbeauty-pro.com\/index.php?rest_route=%2Fwp%2Fv2%2Fmedia&parent=6427"}],"wp:term":[{"taxonomy":"product_cat","embeddable":true,"href":"https:\/\/hairbeauty-pro.com\/index.php?rest_route=%2Fwp%2Fv2%2Fproduct_cat&post=6427"},{"taxonomy":"product_tag","embeddable":true,"href":"https:\/\/hairbeauty-pro.com\/index.php?rest_route=%2Fwp%2Fv2%2Fproduct_tag&post=6427"}],"curies":[{"name":"wp","href":"https:\/\/api.w.org\/{rel}","templated":true}]}}