{"id":6324,"date":"2023-11-29T11:42:28","date_gmt":"2023-11-29T11:42:28","guid":{"rendered":"https:\/\/hairbeauty-pro.com\/?post_type=product&#038;p=6324"},"modified":"2026-03-24T11:32:47","modified_gmt":"2026-03-24T11:32:47","slug":"purage-detoks-maska-1000ml","status":"publish","type":"product","link":"https:\/\/hairbeauty-pro.com\/?product=purage-detoks-maska-1000ml","title":{"rendered":"PURAGE DETOKS  MASKA 1000ml"},"content":{"rendered":"<p>Purage umiruju\u0107a maska na bazi bijele gline. Idealna je za kosu koja se \u010desto prlja, ili je izlo\u017eena atmosferskom zaga\u0111enju. Zavr\u0161na faza detoks\u00a0 tretmana koji po\u010dinje sa Purage \u0161amponom, savr\u0161eno hidrira kosu ne ote\u017eavaju\u0107i je, obnavlja njenu meko\u0107u i tonus. Bez silikona, sulfata i parabena.<\/p>\n<p>&nbsp;<\/p>\n<p><strong>UPOTREBA:<\/strong><\/p>\n<p>Nakon \u0161amponiranja, nanesite masku na du\u017einu i vrhove, ostavite da djeluje 5 minuta i temeljito isperite. Detoks tretman je potpun sa Purage pred-\u0161amponom i Purage \u0161ampon.<\/p>\n","protected":false},"excerpt":{"rendered":"<p>Purage umiruju\u0107a maska na bazi bijele gline. Idealna je za kosu koja se \u010desto prlja, ili je izlo\u017eena atmosferskom zaga\u0111enju. Zavr\u0161na faza detoks\u00a0 tretmana koji po\u010dinje sa Purage \u0161amponom, savr\u0161eno hidrira kosu ne ote\u017eavaju\u0107i je, obnavlja njenu meko\u0107u i tonus. Bez silikona, sulfata i parabena. &nbsp; UPOTREBA: Nakon \u0161amponiranja, nanesite masku na du\u017einu i vrhove, [&hellip;]<\/p>\n","protected":false},"featured_media":2509,"comment_status":"open","ping_status":"closed","template":"","meta":{"site-sidebar-layout":"default","site-content-layout":"default","ast-site-content-layout":"default","site-content-style":"default","site-sidebar-style":"default","ast-global-header-display":"","ast-banner-title-visibility":"","ast-main-header-display":"","ast-hfb-above-header-display":"","ast-hfb-below-header-display":"","ast-hfb-mobile-header-display":"","site-post-title":"","ast-breadcrumbs-content":"","ast-featured-img":"","footer-sml-layout":"","theme-transparent-header-meta":"default","adv-header-id-meta":"","stick-header-meta":"","header-above-stick-meta":"","header-main-stick-meta":"","header-below-stick-meta":"","astra-migrate-meta-layouts":"set","ast-page-background-enabled":"default","ast-page-background-meta":{"desktop":{"background-color":"","background-image":"","background-repeat":"repeat","background-position":"center center","background-size":"auto","background-attachment":"scroll","background-type":"","background-media":"","overlay-type":"","overlay-color":"","overlay-opacity":"","overlay-gradient":""},"tablet":{"background-color":"","background-image":"","background-repeat":"repeat","background-position":"center center","background-size":"auto","background-attachment":"scroll","background-type":"","background-media":"","overlay-type":"","overlay-color":"","overlay-opacity":"","overlay-gradient":""},"mobile":{"background-color":"","background-image":"","background-repeat":"repeat","background-position":"center center","background-size":"auto","background-attachment":"scroll","background-type":"","background-media":"","overlay-type":"","overlay-color":"","overlay-opacity":"","overlay-gradient":""}},"ast-content-background-meta":{"desktop":{"background-color":"var(--ast-global-color-5)","background-image":"","background-repeat":"repeat","background-position":"center center","background-size":"auto","background-attachment":"scroll","background-type":"","background-media":"","overlay-type":"","overlay-color":"","overlay-opacity":"","overlay-gradient":""},"tablet":{"background-color":"var(--ast-global-color-5)","background-image":"","background-repeat":"repeat","background-position":"center center","background-size":"auto","background-attachment":"scroll","background-type":"","background-media":"","overlay-type":"","overlay-color":"","overlay-opacity":"","overlay-gradient":""},"mobile":{"background-color":"var(--ast-global-color-5)","background-image":"","background-repeat":"repeat","background-position":"center center","background-size":"auto","background-attachment":"scroll","background-type":"","background-media":"","overlay-type":"","overlay-color":"","overlay-opacity":"","overlay-gradient":""}}},"product_cat":[189,79,44,269,176,58],"product_tag":[],"yoast_head":"<!-- This site is optimized with the Yoast SEO plugin v21.7 - https:\/\/yoast.com\/wordpress\/plugins\/seo\/ -->\n<title>PURAGE DETOKS MASKA 1000ml - Flash<\/title>\n<meta name=\"description\" content=\"Purage umiruju\u0107a maska na bazi bijele gline. Idealna je za kosu koja se \u010desto prlja, ili je izlo\u017eena atmosferskom zaga\u0111enju. Zavr\u0161na faza detoks\u00a0 tretmana\" \/>\n<meta name=\"robots\" content=\"index, follow, max-snippet:-1, max-image-preview:large, max-video-preview:-1\" \/>\n<link rel=\"canonical\" href=\"https:\/\/hairbeauty-pro.com\/?product=purage-detoks-maska-1000ml\" \/>\n<meta property=\"og:locale\" content=\"bs_BA\" \/>\n<meta property=\"og:type\" content=\"article\" \/>\n<meta property=\"og:title\" content=\"PURAGE DETOKS MASKA 1000ml - Flash\" \/>\n<meta property=\"og:description\" content=\"Purage umiruju\u0107a maska na bazi bijele gline. Idealna je za kosu koja se \u010desto prlja, ili je izlo\u017eena atmosferskom zaga\u0111enju. Zavr\u0161na faza detoks\u00a0 tretmana\" \/>\n<meta property=\"og:url\" content=\"https:\/\/hairbeauty-pro.com\/?product=purage-detoks-maska-1000ml\" \/>\n<meta property=\"og:site_name\" content=\"Flash\" \/>\n<meta property=\"article:modified_time\" content=\"2026-03-24T11:32:47+00:00\" \/>\n<meta property=\"og:image\" content=\"http:\/\/hairbeauty-pro.com\/wp-content\/uploads\/2023\/07\/20291-Maschera-Addolcente-1000ml.jpg\" \/>\n\t<meta property=\"og:image:width\" content=\"1474\" \/>\n\t<meta property=\"og:image:height\" content=\"1500\" \/>\n\t<meta property=\"og:image:type\" content=\"image\/jpeg\" \/>\n<meta name=\"twitter:card\" content=\"summary_large_image\" \/>\n<meta name=\"twitter:label1\" content=\"Est. reading time\" \/>\n\t<meta name=\"twitter:data1\" content=\"1 minuta\" \/>\n<script type=\"application\/ld+json\" class=\"yoast-schema-graph\">{\"@context\":\"https:\/\/schema.org\",\"@graph\":[{\"@type\":\"WebPage\",\"@id\":\"https:\/\/hairbeauty-pro.com\/?product=purage-detoks-maska-1000ml\",\"url\":\"https:\/\/hairbeauty-pro.com\/?product=purage-detoks-maska-1000ml\",\"name\":\"PURAGE DETOKS MASKA 1000ml - Flash\",\"isPartOf\":{\"@id\":\"https:\/\/hairbeauty-pro.com\/#website\"},\"datePublished\":\"2023-11-29T11:42:28+00:00\",\"dateModified\":\"2026-03-24T11:32:47+00:00\",\"description\":\"Purage umiruju\u0107a maska na bazi bijele gline. Idealna je za kosu koja se \u010desto prlja, ili je izlo\u017eena atmosferskom zaga\u0111enju. Zavr\u0161na faza detoks\u00a0 tretmana\",\"breadcrumb\":{\"@id\":\"https:\/\/hairbeauty-pro.com\/?product=purage-detoks-maska-1000ml#breadcrumb\"},\"inLanguage\":\"bs-BA\",\"potentialAction\":[{\"@type\":\"ReadAction\",\"target\":[\"https:\/\/hairbeauty-pro.com\/?product=purage-detoks-maska-1000ml\"]}]},{\"@type\":\"BreadcrumbList\",\"@id\":\"https:\/\/hairbeauty-pro.com\/?product=purage-detoks-maska-1000ml#breadcrumb\",\"itemListElement\":[{\"@type\":\"ListItem\",\"position\":1,\"name\":\"Home\",\"item\":\"https:\/\/hairbeauty-pro.com\/\"},{\"@type\":\"ListItem\",\"position\":2,\"name\":\"Shop\",\"item\":\"https:\/\/hairbeauty-pro.com\/?page_id=11\"},{\"@type\":\"ListItem\",\"position\":3,\"name\":\"PURAGE DETOKS MASKA 1000ml\"}]},{\"@type\":\"WebSite\",\"@id\":\"https:\/\/hairbeauty-pro.com\/#website\",\"url\":\"https:\/\/hairbeauty-pro.com\/\",\"name\":\"Flash\",\"description\":\"Va\u0161a ultimativna destinacja za njegu kose\",\"publisher\":{\"@id\":\"https:\/\/hairbeauty-pro.com\/#organization\"},\"potentialAction\":[{\"@type\":\"SearchAction\",\"target\":{\"@type\":\"EntryPoint\",\"urlTemplate\":\"https:\/\/hairbeauty-pro.com\/?s={search_term_string}\"},\"query-input\":\"required name=search_term_string\"}],\"inLanguage\":\"bs-BA\"},{\"@type\":\"Organization\",\"@id\":\"https:\/\/hairbeauty-pro.com\/#organization\",\"name\":\"Flash\",\"url\":\"https:\/\/hairbeauty-pro.com\/\",\"logo\":{\"@type\":\"ImageObject\",\"inLanguage\":\"bs-BA\",\"@id\":\"https:\/\/hairbeauty-pro.com\/#\/schema\/logo\/image\/\",\"url\":\"https:\/\/hairbeauty-pro.com\/wp-content\/uploads\/2023\/07\/cropped-FLASH-LOGO-png.png\",\"contentUrl\":\"https:\/\/hairbeauty-pro.com\/wp-content\/uploads\/2023\/07\/cropped-FLASH-LOGO-png.png\",\"width\":1316,\"height\":521,\"caption\":\"Flash\"},\"image\":{\"@id\":\"https:\/\/hairbeauty-pro.com\/#\/schema\/logo\/image\/\"}}]}<\/script>\n<!-- \/ Yoast SEO plugin. -->","yoast_head_json":{"title":"PURAGE DETOKS MASKA 1000ml - Flash","description":"Purage umiruju\u0107a maska na bazi bijele gline. Idealna je za kosu koja se \u010desto prlja, ili je izlo\u017eena atmosferskom zaga\u0111enju. Zavr\u0161na faza detoks\u00a0 tretmana","robots":{"index":"index","follow":"follow","max-snippet":"max-snippet:-1","max-image-preview":"max-image-preview:large","max-video-preview":"max-video-preview:-1"},"canonical":"https:\/\/hairbeauty-pro.com\/?product=purage-detoks-maska-1000ml","og_locale":"bs_BA","og_type":"article","og_title":"PURAGE DETOKS MASKA 1000ml - Flash","og_description":"Purage umiruju\u0107a maska na bazi bijele gline. Idealna je za kosu koja se \u010desto prlja, ili je izlo\u017eena atmosferskom zaga\u0111enju. Zavr\u0161na faza detoks\u00a0 tretmana","og_url":"https:\/\/hairbeauty-pro.com\/?product=purage-detoks-maska-1000ml","og_site_name":"Flash","article_modified_time":"2026-03-24T11:32:47+00:00","og_image":[{"width":1474,"height":1500,"url":"http:\/\/hairbeauty-pro.com\/wp-content\/uploads\/2023\/07\/20291-Maschera-Addolcente-1000ml.jpg","type":"image\/jpeg"}],"twitter_card":"summary_large_image","twitter_misc":{"Est. reading time":"1 minuta"},"schema":{"@context":"https:\/\/schema.org","@graph":[{"@type":"WebPage","@id":"https:\/\/hairbeauty-pro.com\/?product=purage-detoks-maska-1000ml","url":"https:\/\/hairbeauty-pro.com\/?product=purage-detoks-maska-1000ml","name":"PURAGE DETOKS MASKA 1000ml - Flash","isPartOf":{"@id":"https:\/\/hairbeauty-pro.com\/#website"},"datePublished":"2023-11-29T11:42:28+00:00","dateModified":"2026-03-24T11:32:47+00:00","description":"Purage umiruju\u0107a maska na bazi bijele gline. Idealna je za kosu koja se \u010desto prlja, ili je izlo\u017eena atmosferskom zaga\u0111enju. Zavr\u0161na faza detoks\u00a0 tretmana","breadcrumb":{"@id":"https:\/\/hairbeauty-pro.com\/?product=purage-detoks-maska-1000ml#breadcrumb"},"inLanguage":"bs-BA","potentialAction":[{"@type":"ReadAction","target":["https:\/\/hairbeauty-pro.com\/?product=purage-detoks-maska-1000ml"]}]},{"@type":"BreadcrumbList","@id":"https:\/\/hairbeauty-pro.com\/?product=purage-detoks-maska-1000ml#breadcrumb","itemListElement":[{"@type":"ListItem","position":1,"name":"Home","item":"https:\/\/hairbeauty-pro.com\/"},{"@type":"ListItem","position":2,"name":"Shop","item":"https:\/\/hairbeauty-pro.com\/?page_id=11"},{"@type":"ListItem","position":3,"name":"PURAGE DETOKS MASKA 1000ml"}]},{"@type":"WebSite","@id":"https:\/\/hairbeauty-pro.com\/#website","url":"https:\/\/hairbeauty-pro.com\/","name":"Flash","description":"Va\u0161a ultimativna destinacja za njegu kose","publisher":{"@id":"https:\/\/hairbeauty-pro.com\/#organization"},"potentialAction":[{"@type":"SearchAction","target":{"@type":"EntryPoint","urlTemplate":"https:\/\/hairbeauty-pro.com\/?s={search_term_string}"},"query-input":"required name=search_term_string"}],"inLanguage":"bs-BA"},{"@type":"Organization","@id":"https:\/\/hairbeauty-pro.com\/#organization","name":"Flash","url":"https:\/\/hairbeauty-pro.com\/","logo":{"@type":"ImageObject","inLanguage":"bs-BA","@id":"https:\/\/hairbeauty-pro.com\/#\/schema\/logo\/image\/","url":"https:\/\/hairbeauty-pro.com\/wp-content\/uploads\/2023\/07\/cropped-FLASH-LOGO-png.png","contentUrl":"https:\/\/hairbeauty-pro.com\/wp-content\/uploads\/2023\/07\/cropped-FLASH-LOGO-png.png","width":1316,"height":521,"caption":"Flash"},"image":{"@id":"https:\/\/hairbeauty-pro.com\/#\/schema\/logo\/image\/"}}]}},"_links":{"self":[{"href":"https:\/\/hairbeauty-pro.com\/index.php?rest_route=\/wp\/v2\/product\/6324"}],"collection":[{"href":"https:\/\/hairbeauty-pro.com\/index.php?rest_route=\/wp\/v2\/product"}],"about":[{"href":"https:\/\/hairbeauty-pro.com\/index.php?rest_route=\/wp\/v2\/types\/product"}],"replies":[{"embeddable":true,"href":"https:\/\/hairbeauty-pro.com\/index.php?rest_route=%2Fwp%2Fv2%2Fcomments&post=6324"}],"wp:featuredmedia":[{"embeddable":true,"href":"https:\/\/hairbeauty-pro.com\/index.php?rest_route=\/wp\/v2\/media\/2509"}],"wp:attachment":[{"href":"https:\/\/hairbeauty-pro.com\/index.php?rest_route=%2Fwp%2Fv2%2Fmedia&parent=6324"}],"wp:term":[{"taxonomy":"product_cat","embeddable":true,"href":"https:\/\/hairbeauty-pro.com\/index.php?rest_route=%2Fwp%2Fv2%2Fproduct_cat&post=6324"},{"taxonomy":"product_tag","embeddable":true,"href":"https:\/\/hairbeauty-pro.com\/index.php?rest_route=%2Fwp%2Fv2%2Fproduct_tag&post=6324"}],"curies":[{"name":"wp","href":"https:\/\/api.w.org\/{rel}","templated":true}]}}