{"id":6096,"date":"2023-11-23T10:59:13","date_gmt":"2023-11-23T10:59:13","guid":{"rendered":"https:\/\/hairbeauty-pro.com\/?product=brazilian-liss-set"},"modified":"2026-03-24T11:33:16","modified_gmt":"2026-03-24T11:33:16","slug":"brazilian-liss-set","status":"publish","type":"product","link":"https:\/\/hairbeauty-pro.com\/?product=brazilian-liss-set","title":{"rendered":"BRAZILIAN LISS SET"},"content":{"rendered":"<p>Brazilian Liss je dostupan i u setu.Komplet sadr\u017ee 3 proizvoda neophodna za<br \/>\nprofesionalnu uslugu ispravljanja kose.<br \/>\nO Brazilian Liss tretmanu:<br \/>\nKERATINSKI TRETMAN ZA DUGOTRAJNO ISPRAVLJANJE KOSE<br \/>\nUbrzani stil \u017eivota, \u010desto pranje kose, spolja\u0161nje zaga\u0111enje i sunce svakodnevno napadaju na\u0161u strukturu kose slabe\u0107i je i izla\u017eu\u0107i stresu. Oslabljena kosa postaje be\u017eivotna, mat I dehidrirana. Pomo\u0107u tehnike termi\u010dke rekonstrukcije i zahvaljuju\u0107i velikoj obnavljaju\u0107oj mo\u0107i 100% keratina, ovaj jedinstveni tretman u potpunosti obnavlja unutra\u0161nju strukturu dlake i oporavlja spolja\u0161nji omota\u010d dlake (kutikulu).<br \/>\nBRAZILIAN LISS SYSTEM JE TRENUTNO JEDAN OD NAJEFIKASNIJIH TRETMANA NA SVIJETU ZA OPORAVAK, ZDRAVLJE I LJEPOTU KOSE.<br \/>\nKORAK PO KORAK ZA SAVR\u0160ENO RAVNANJE KOSE<br \/>\n1 \u0160AMPON ZA ISPRAVLJANJE<br \/>\nNanesite \u0161ampon (korak 1) stvaraju\u0107i obilnu pIJenu i ponovite<br \/>\npostupak da biste temeljno o\u010distili kosu i olak\u0161ali prodiranje kreme<br \/>\nza ravnanje.<br \/>\nNakon pranja, kosu potpuno osu\u0161ite i podelite na 4 jednaka dijela,<br \/>\nobra\u0107aju\u0107i pa\u017enju na liniju kose. Preporu\u010dljivo je nanijeti proizvod na<br \/>\nliniju kose oko lica kao poslednji korak, vra\u0107aju\u0107i kosu unazad kako<br \/>\nbiste postigli odli\u010dne rezultate u ovoj oblasti.<br \/>\n2 TRETMAN ISPRAVLJANJA KERATINOM<br \/>\nPribli\u017eno dozirajte koli\u010dinu od 30 do 40 ml kreme za ravnanje<br \/>\n(korak 2) u plasti\u010dnu posudu (ne metalnu) i nosite rukavice tokom<br \/>\nnano\u0161enja.<br \/>\nPo\u010dnite sa nano\u0161enjem kreme za ravnanje \u010detkicom, izbijegavaju\u0107i<br \/>\nkontakt sa tijemenom. Nano\u0161enje mora po\u010deti od potiljka prema<br \/>\nliniji kose oko lica, uzimaju\u0107i pramenove debljine 4 cm. Uz pomo\u0107<br \/>\n\u010de\u0161lja rasporedite kremu kako ne biste ostavili vi\u0161ak proizvoda.<br \/>\nPonovite ovo na cijeloj kosi.<br \/>\nSa\u010dekajte 40 do 60 minuta.<br \/>\nPreporu\u010duje se da kosu brzo isperete vodom samo da biste<br \/>\nuklonili vi\u0161ak proizvoda, ne ispirati sav proizvod sa kose, samo<br \/>\nvi\u0161ak. Osu\u0161iti kosu potpuno (100%).<br \/>\nPonovo podijelite kosu tako \u0161to \u0107ete uzeti tanke pramenove<br \/>\ndebljine 1 cm, provucite peglu za kosu 10-15 puta od korijena do<br \/>\nkrajeva koriste\u0107i temperaturu odgovaraju\u0107u za va\u0161 tip kose:<br \/>\n\u2022 plava, blajhana i tanka kosa: 180\u00b0<br \/>\n\u2022 normalna, farbana i tretirana kosa, srednje debljine i zdrava: 200\u00b0<br \/>\n\u2022 gusta, crna i nikad tretirana kosa: 230\u00b0<br \/>\nPa\u017eljivo procijenite elasti\u010dnost i otpornost vlakana kose, kao i<br \/>\nodr\u017eavanje boje tokom procesa.<br \/>\n3 MASKA ZA ISPRAVLJANJE<br \/>\nKada prethodni korak bude gotov, sa\u010dekajte oko 2 ili 3 minuta da<br \/>\nse kosa vrati na normalnu temperaturu. Temeljno isperite sa puno<br \/>\nvode.<br \/>\nNanesite masku (korak 3) po cijeloj kosi, masirajte pramen po<br \/>\npramen od korijena do vrhova, ostavite da dijeluje 5-10 minuta i<br \/>\ntemeljito isperite.<br \/>\n24-48 sati provedite bez pranja ili vezivanja kose.<br \/>\nDa bi se odr\u017eao efekat ravnanja, preporu\u010duje<br \/>\nse upotreba proizvoda bez sodijuma i sulfata.<br \/>\nPakovanje Brazilian Liss \u0161ampon 150ml, Brazilian Liss krema 150ml, Brazilian Liss maska 150ml<\/p>\n","protected":false},"excerpt":{"rendered":"<p>Brazilian Liss je dostupan i u setu.Komplet sadr\u017ee 3 proizvoda neophodna za profesionalnu uslugu ispravljanja kose. O Brazilian Liss tretmanu: KERATINSKI TRETMAN ZA DUGOTRAJNO ISPRAVLJANJE KOSE Ubrzani stil \u017eivota, \u010desto pranje kose, spolja\u0161nje zaga\u0111enje i sunce svakodnevno napadaju na\u0161u strukturu kose slabe\u0107i je i izla\u017eu\u0107i stresu. Oslabljena kosa postaje be\u017eivotna, mat I dehidrirana. Pomo\u0107u tehnike [&hellip;]<\/p>\n","protected":false},"featured_media":6009,"comment_status":"open","ping_status":"closed","template":"","meta":{"site-sidebar-layout":"default","site-content-layout":"","ast-site-content-layout":"default","site-content-style":"default","site-sidebar-style":"default","ast-global-header-display":"","ast-banner-title-visibility":"","ast-main-header-display":"","ast-hfb-above-header-display":"","ast-hfb-below-header-display":"","ast-hfb-mobile-header-display":"","site-post-title":"","ast-breadcrumbs-content":"","ast-featured-img":"","footer-sml-layout":"","theme-transparent-header-meta":"default","adv-header-id-meta":"","stick-header-meta":"","header-above-stick-meta":"","header-main-stick-meta":"","header-below-stick-meta":"","astra-migrate-meta-layouts":"set","ast-page-background-enabled":"default","ast-page-background-meta":{"desktop":{"background-color":"","background-image":"","background-repeat":"repeat","background-position":"center center","background-size":"auto","background-attachment":"scroll","background-type":"","background-media":"","overlay-type":"","overlay-color":"","overlay-opacity":"","overlay-gradient":""},"tablet":{"background-color":"","background-image":"","background-repeat":"repeat","background-position":"center center","background-size":"auto","background-attachment":"scroll","background-type":"","background-media":"","overlay-type":"","overlay-color":"","overlay-opacity":"","overlay-gradient":""},"mobile":{"background-color":"","background-image":"","background-repeat":"repeat","background-position":"center center","background-size":"auto","background-attachment":"scroll","background-type":"","background-media":"","overlay-type":"","overlay-color":"","overlay-opacity":"","overlay-gradient":""}},"ast-content-background-meta":{"desktop":{"background-color":"var(--ast-global-color-5)","background-image":"","background-repeat":"repeat","background-position":"center center","background-size":"auto","background-attachment":"scroll","background-type":"","background-media":"","overlay-type":"","overlay-color":"","overlay-opacity":"","overlay-gradient":""},"tablet":{"background-color":"var(--ast-global-color-5)","background-image":"","background-repeat":"repeat","background-position":"center center","background-size":"auto","background-attachment":"scroll","background-type":"","background-media":"","overlay-type":"","overlay-color":"","overlay-opacity":"","overlay-gradient":""},"mobile":{"background-color":"var(--ast-global-color-5)","background-image":"","background-repeat":"repeat","background-position":"center center","background-size":"auto","background-attachment":"scroll","background-type":"","background-media":"","overlay-type":"","overlay-color":"","overlay-opacity":"","overlay-gradient":""}}},"product_cat":[44,225,269,176,90,247,178,105,60],"product_tag":[],"yoast_head":"<!-- This site is optimized with the Yoast SEO plugin v21.7 - https:\/\/yoast.com\/wordpress\/plugins\/seo\/ -->\n<title>BRAZILIAN LISS SET - Flash<\/title>\n<meta name=\"description\" content=\"Brazilian Liss je dostupan i u setu.Komplet sadr\u017ee 3 proizvoda neophodna za profesionalnu uslugu ispravljanja kose. O Brazilian Liss tretmanu: KERATINSKI\" \/>\n<meta name=\"robots\" content=\"index, follow, max-snippet:-1, max-image-preview:large, max-video-preview:-1\" \/>\n<link rel=\"canonical\" href=\"https:\/\/hairbeauty-pro.com\/?product=brazilian-liss-set\" \/>\n<meta property=\"og:locale\" content=\"bs_BA\" \/>\n<meta property=\"og:type\" content=\"article\" \/>\n<meta property=\"og:title\" content=\"BRAZILIAN LISS SET - Flash\" \/>\n<meta property=\"og:description\" content=\"Brazilian Liss je dostupan i u setu.Komplet sadr\u017ee 3 proizvoda neophodna za profesionalnu uslugu ispravljanja kose. O Brazilian Liss tretmanu: KERATINSKI\" \/>\n<meta property=\"og:url\" content=\"https:\/\/hairbeauty-pro.com\/?product=brazilian-liss-set\" \/>\n<meta property=\"og:site_name\" content=\"Flash\" \/>\n<meta property=\"article:modified_time\" content=\"2026-03-24T11:33:16+00:00\" \/>\n<meta property=\"og:image\" content=\"http:\/\/hairbeauty-pro.com\/wp-content\/uploads\/2023\/11\/B4-Brazilian-Liss-set.jpg\" \/>\n\t<meta property=\"og:image:width\" content=\"2016\" \/>\n\t<meta property=\"og:image:height\" content=\"1512\" \/>\n\t<meta property=\"og:image:type\" content=\"image\/jpeg\" \/>\n<meta name=\"twitter:card\" content=\"summary_large_image\" \/>\n<meta name=\"twitter:label1\" content=\"Est. reading time\" \/>\n\t<meta name=\"twitter:data1\" content=\"3 minute\" \/>\n<script type=\"application\/ld+json\" class=\"yoast-schema-graph\">{\"@context\":\"https:\/\/schema.org\",\"@graph\":[{\"@type\":\"WebPage\",\"@id\":\"https:\/\/hairbeauty-pro.com\/?product=brazilian-liss-set\",\"url\":\"https:\/\/hairbeauty-pro.com\/?product=brazilian-liss-set\",\"name\":\"BRAZILIAN LISS SET - Flash\",\"isPartOf\":{\"@id\":\"https:\/\/hairbeauty-pro.com\/#website\"},\"datePublished\":\"2023-11-23T10:59:13+00:00\",\"dateModified\":\"2026-03-24T11:33:16+00:00\",\"description\":\"Brazilian Liss je dostupan i u setu.Komplet sadr\u017ee 3 proizvoda neophodna za profesionalnu uslugu ispravljanja kose. O Brazilian Liss tretmanu: KERATINSKI\",\"breadcrumb\":{\"@id\":\"https:\/\/hairbeauty-pro.com\/?product=brazilian-liss-set#breadcrumb\"},\"inLanguage\":\"bs-BA\",\"potentialAction\":[{\"@type\":\"ReadAction\",\"target\":[\"https:\/\/hairbeauty-pro.com\/?product=brazilian-liss-set\"]}]},{\"@type\":\"BreadcrumbList\",\"@id\":\"https:\/\/hairbeauty-pro.com\/?product=brazilian-liss-set#breadcrumb\",\"itemListElement\":[{\"@type\":\"ListItem\",\"position\":1,\"name\":\"Home\",\"item\":\"https:\/\/hairbeauty-pro.com\/\"},{\"@type\":\"ListItem\",\"position\":2,\"name\":\"Shop\",\"item\":\"https:\/\/hairbeauty-pro.com\/?page_id=11\"},{\"@type\":\"ListItem\",\"position\":3,\"name\":\"BRAZILIAN LISS SET\"}]},{\"@type\":\"WebSite\",\"@id\":\"https:\/\/hairbeauty-pro.com\/#website\",\"url\":\"https:\/\/hairbeauty-pro.com\/\",\"name\":\"Flash\",\"description\":\"Va\u0161a ultimativna destinacja za njegu kose\",\"publisher\":{\"@id\":\"https:\/\/hairbeauty-pro.com\/#organization\"},\"potentialAction\":[{\"@type\":\"SearchAction\",\"target\":{\"@type\":\"EntryPoint\",\"urlTemplate\":\"https:\/\/hairbeauty-pro.com\/?s={search_term_string}\"},\"query-input\":\"required name=search_term_string\"}],\"inLanguage\":\"bs-BA\"},{\"@type\":\"Organization\",\"@id\":\"https:\/\/hairbeauty-pro.com\/#organization\",\"name\":\"Flash\",\"url\":\"https:\/\/hairbeauty-pro.com\/\",\"logo\":{\"@type\":\"ImageObject\",\"inLanguage\":\"bs-BA\",\"@id\":\"https:\/\/hairbeauty-pro.com\/#\/schema\/logo\/image\/\",\"url\":\"https:\/\/hairbeauty-pro.com\/wp-content\/uploads\/2023\/07\/cropped-FLASH-LOGO-png.png\",\"contentUrl\":\"https:\/\/hairbeauty-pro.com\/wp-content\/uploads\/2023\/07\/cropped-FLASH-LOGO-png.png\",\"width\":1316,\"height\":521,\"caption\":\"Flash\"},\"image\":{\"@id\":\"https:\/\/hairbeauty-pro.com\/#\/schema\/logo\/image\/\"}}]}<\/script>\n<!-- \/ Yoast SEO plugin. -->","yoast_head_json":{"title":"BRAZILIAN LISS SET - Flash","description":"Brazilian Liss je dostupan i u setu.Komplet sadr\u017ee 3 proizvoda neophodna za profesionalnu uslugu ispravljanja kose. O Brazilian Liss tretmanu: KERATINSKI","robots":{"index":"index","follow":"follow","max-snippet":"max-snippet:-1","max-image-preview":"max-image-preview:large","max-video-preview":"max-video-preview:-1"},"canonical":"https:\/\/hairbeauty-pro.com\/?product=brazilian-liss-set","og_locale":"bs_BA","og_type":"article","og_title":"BRAZILIAN LISS SET - Flash","og_description":"Brazilian Liss je dostupan i u setu.Komplet sadr\u017ee 3 proizvoda neophodna za profesionalnu uslugu ispravljanja kose. O Brazilian Liss tretmanu: KERATINSKI","og_url":"https:\/\/hairbeauty-pro.com\/?product=brazilian-liss-set","og_site_name":"Flash","article_modified_time":"2026-03-24T11:33:16+00:00","og_image":[{"width":2016,"height":1512,"url":"http:\/\/hairbeauty-pro.com\/wp-content\/uploads\/2023\/11\/B4-Brazilian-Liss-set.jpg","type":"image\/jpeg"}],"twitter_card":"summary_large_image","twitter_misc":{"Est. reading time":"3 minute"},"schema":{"@context":"https:\/\/schema.org","@graph":[{"@type":"WebPage","@id":"https:\/\/hairbeauty-pro.com\/?product=brazilian-liss-set","url":"https:\/\/hairbeauty-pro.com\/?product=brazilian-liss-set","name":"BRAZILIAN LISS SET - Flash","isPartOf":{"@id":"https:\/\/hairbeauty-pro.com\/#website"},"datePublished":"2023-11-23T10:59:13+00:00","dateModified":"2026-03-24T11:33:16+00:00","description":"Brazilian Liss je dostupan i u setu.Komplet sadr\u017ee 3 proizvoda neophodna za profesionalnu uslugu ispravljanja kose. O Brazilian Liss tretmanu: KERATINSKI","breadcrumb":{"@id":"https:\/\/hairbeauty-pro.com\/?product=brazilian-liss-set#breadcrumb"},"inLanguage":"bs-BA","potentialAction":[{"@type":"ReadAction","target":["https:\/\/hairbeauty-pro.com\/?product=brazilian-liss-set"]}]},{"@type":"BreadcrumbList","@id":"https:\/\/hairbeauty-pro.com\/?product=brazilian-liss-set#breadcrumb","itemListElement":[{"@type":"ListItem","position":1,"name":"Home","item":"https:\/\/hairbeauty-pro.com\/"},{"@type":"ListItem","position":2,"name":"Shop","item":"https:\/\/hairbeauty-pro.com\/?page_id=11"},{"@type":"ListItem","position":3,"name":"BRAZILIAN LISS SET"}]},{"@type":"WebSite","@id":"https:\/\/hairbeauty-pro.com\/#website","url":"https:\/\/hairbeauty-pro.com\/","name":"Flash","description":"Va\u0161a ultimativna destinacja za njegu kose","publisher":{"@id":"https:\/\/hairbeauty-pro.com\/#organization"},"potentialAction":[{"@type":"SearchAction","target":{"@type":"EntryPoint","urlTemplate":"https:\/\/hairbeauty-pro.com\/?s={search_term_string}"},"query-input":"required name=search_term_string"}],"inLanguage":"bs-BA"},{"@type":"Organization","@id":"https:\/\/hairbeauty-pro.com\/#organization","name":"Flash","url":"https:\/\/hairbeauty-pro.com\/","logo":{"@type":"ImageObject","inLanguage":"bs-BA","@id":"https:\/\/hairbeauty-pro.com\/#\/schema\/logo\/image\/","url":"https:\/\/hairbeauty-pro.com\/wp-content\/uploads\/2023\/07\/cropped-FLASH-LOGO-png.png","contentUrl":"https:\/\/hairbeauty-pro.com\/wp-content\/uploads\/2023\/07\/cropped-FLASH-LOGO-png.png","width":1316,"height":521,"caption":"Flash"},"image":{"@id":"https:\/\/hairbeauty-pro.com\/#\/schema\/logo\/image\/"}}]}},"_links":{"self":[{"href":"https:\/\/hairbeauty-pro.com\/index.php?rest_route=\/wp\/v2\/product\/6096"}],"collection":[{"href":"https:\/\/hairbeauty-pro.com\/index.php?rest_route=\/wp\/v2\/product"}],"about":[{"href":"https:\/\/hairbeauty-pro.com\/index.php?rest_route=\/wp\/v2\/types\/product"}],"replies":[{"embeddable":true,"href":"https:\/\/hairbeauty-pro.com\/index.php?rest_route=%2Fwp%2Fv2%2Fcomments&post=6096"}],"wp:featuredmedia":[{"embeddable":true,"href":"https:\/\/hairbeauty-pro.com\/index.php?rest_route=\/wp\/v2\/media\/6009"}],"wp:attachment":[{"href":"https:\/\/hairbeauty-pro.com\/index.php?rest_route=%2Fwp%2Fv2%2Fmedia&parent=6096"}],"wp:term":[{"taxonomy":"product_cat","embeddable":true,"href":"https:\/\/hairbeauty-pro.com\/index.php?rest_route=%2Fwp%2Fv2%2Fproduct_cat&post=6096"},{"taxonomy":"product_tag","embeddable":true,"href":"https:\/\/hairbeauty-pro.com\/index.php?rest_route=%2Fwp%2Fv2%2Fproduct_tag&post=6096"}],"curies":[{"name":"wp","href":"https:\/\/api.w.org\/{rel}","templated":true}]}}