{"id":6092,"date":"2023-11-23T10:59:11","date_gmt":"2023-11-23T10:59:11","guid":{"rendered":"https:\/\/hairbeauty-pro.com\/?product=pro-sleek-maska-2"},"modified":"2026-03-24T11:33:17","modified_gmt":"2026-03-24T11:33:17","slug":"pro-sleek-maska-2","status":"publish","type":"product","link":"https:\/\/hairbeauty-pro.com\/?product=pro-sleek-maska-2","title":{"rendered":"PRO SLEEK MASKA 500ml"},"content":{"rendered":"<p>Pro Sleek maska bez sodijuma, sulfata i parabena za upotrebu nakon Tecni-Sleek tretmana.<br \/>\nBlaga maska za ispravljenu i hemijski tretiranu kosu ekstra blage formule<br \/>\nbez sulfata. Njena formula oboga\u0107ena keratinom i kakaom, raspetljava,<br \/>\nhrani i hidratizira kosu sa u\u010dinkovitim antifriz efektom. Djeluje antistati\u010dki<br \/>\ni ne dozvoljava uticaj vlage na dlaku. Idealna za pobolj\u0161anje i odr\u017eavanje<br \/>\nglatke i ravne kose, dobijene hemijskim tretmanima ili presom za kosu.<br \/>\nUpotreba: Nakon \u0161amponiranja, lagano osu\u0161ite kosu pe\u0161kirom, nanesite<br \/>\nmasku na kosu i ra\u0161\u010de\u0161ljajte po du\u017eini i vrhovima. Pustite da djeluje 3-5<br \/>\nminuta i isperite.<br \/>\nPakovanje 500 ml<\/p>\n","protected":false},"excerpt":{"rendered":"<p>Pro Sleek maska bez sodijuma, sulfata i parabena za upotrebu nakon Tecni-Sleek tretmana. Blaga maska za ispravljenu i hemijski tretiranu kosu ekstra blage formule bez sulfata. Njena formula oboga\u0107ena keratinom i kakaom, raspetljava, hrani i hidratizira kosu sa u\u010dinkovitim antifriz efektom. Djeluje antistati\u010dki i ne dozvoljava uticaj vlage na dlaku. Idealna za pobolj\u0161anje i odr\u017eavanje [&hellip;]<\/p>\n","protected":false},"featured_media":6005,"comment_status":"open","ping_status":"closed","template":"","meta":{"site-sidebar-layout":"default","site-content-layout":"","ast-site-content-layout":"default","site-content-style":"default","site-sidebar-style":"default","ast-global-header-display":"","ast-banner-title-visibility":"","ast-main-header-display":"","ast-hfb-above-header-display":"","ast-hfb-below-header-display":"","ast-hfb-mobile-header-display":"","site-post-title":"","ast-breadcrumbs-content":"","ast-featured-img":"","footer-sml-layout":"","theme-transparent-header-meta":"default","adv-header-id-meta":"","stick-header-meta":"","header-above-stick-meta":"","header-main-stick-meta":"","header-below-stick-meta":"","astra-migrate-meta-layouts":"set","ast-page-background-enabled":"default","ast-page-background-meta":{"desktop":{"background-color":"","background-image":"","background-repeat":"repeat","background-position":"center center","background-size":"auto","background-attachment":"scroll","background-type":"","background-media":"","overlay-type":"","overlay-color":"","overlay-opacity":"","overlay-gradient":""},"tablet":{"background-color":"","background-image":"","background-repeat":"repeat","background-position":"center center","background-size":"auto","background-attachment":"scroll","background-type":"","background-media":"","overlay-type":"","overlay-color":"","overlay-opacity":"","overlay-gradient":""},"mobile":{"background-color":"","background-image":"","background-repeat":"repeat","background-position":"center center","background-size":"auto","background-attachment":"scroll","background-type":"","background-media":"","overlay-type":"","overlay-color":"","overlay-opacity":"","overlay-gradient":""}},"ast-content-background-meta":{"desktop":{"background-color":"var(--ast-global-color-5)","background-image":"","background-repeat":"repeat","background-position":"center center","background-size":"auto","background-attachment":"scroll","background-type":"","background-media":"","overlay-type":"","overlay-color":"","overlay-opacity":"","overlay-gradient":""},"tablet":{"background-color":"var(--ast-global-color-5)","background-image":"","background-repeat":"repeat","background-position":"center center","background-size":"auto","background-attachment":"scroll","background-type":"","background-media":"","overlay-type":"","overlay-color":"","overlay-opacity":"","overlay-gradient":""},"mobile":{"background-color":"var(--ast-global-color-5)","background-image":"","background-repeat":"repeat","background-position":"center center","background-size":"auto","background-attachment":"scroll","background-type":"","background-media":"","overlay-type":"","overlay-color":"","overlay-opacity":"","overlay-gradient":""}}},"product_cat":[44,225,269,176,90,247,178,105,60],"product_tag":[],"yoast_head":"<!-- This site is optimized with the Yoast SEO plugin v21.7 - https:\/\/yoast.com\/wordpress\/plugins\/seo\/ -->\n<title>PRO SLEEK MASKA 500ml - Flash<\/title>\n<meta name=\"description\" content=\"Pro Sleek maska bez sodijuma, sulfata i parabena za upotrebu nakon Tecni-Sleek tretmana. Blaga maska za ispravljenu i hemijski tretiranu kosu ekstra blage\" \/>\n<meta name=\"robots\" content=\"index, follow, max-snippet:-1, max-image-preview:large, max-video-preview:-1\" \/>\n<link rel=\"canonical\" href=\"https:\/\/hairbeauty-pro.com\/?product=pro-sleek-maska-2\" \/>\n<meta property=\"og:locale\" content=\"bs_BA\" \/>\n<meta property=\"og:type\" content=\"article\" \/>\n<meta property=\"og:title\" content=\"PRO SLEEK MASKA 500ml - Flash\" \/>\n<meta property=\"og:description\" content=\"Pro Sleek maska bez sodijuma, sulfata i parabena za upotrebu nakon Tecni-Sleek tretmana. Blaga maska za ispravljenu i hemijski tretiranu kosu ekstra blage\" \/>\n<meta property=\"og:url\" content=\"https:\/\/hairbeauty-pro.com\/?product=pro-sleek-maska-2\" \/>\n<meta property=\"og:site_name\" content=\"Flash\" \/>\n<meta property=\"article:modified_time\" content=\"2026-03-24T11:33:17+00:00\" \/>\n<meta property=\"og:image\" content=\"http:\/\/hairbeauty-pro.com\/wp-content\/uploads\/2023\/11\/19586_Pro-Sleek_Maschera-disciplinante_500ml.jpg\" \/>\n\t<meta property=\"og:image:width\" content=\"1000\" \/>\n\t<meta property=\"og:image:height\" content=\"904\" \/>\n\t<meta property=\"og:image:type\" content=\"image\/jpeg\" \/>\n<meta name=\"twitter:card\" content=\"summary_large_image\" \/>\n<meta name=\"twitter:label1\" content=\"Est. reading time\" \/>\n\t<meta name=\"twitter:data1\" content=\"1 minuta\" \/>\n<script type=\"application\/ld+json\" class=\"yoast-schema-graph\">{\"@context\":\"https:\/\/schema.org\",\"@graph\":[{\"@type\":\"WebPage\",\"@id\":\"https:\/\/hairbeauty-pro.com\/?product=pro-sleek-maska-2\",\"url\":\"https:\/\/hairbeauty-pro.com\/?product=pro-sleek-maska-2\",\"name\":\"PRO SLEEK MASKA 500ml - Flash\",\"isPartOf\":{\"@id\":\"https:\/\/hairbeauty-pro.com\/#website\"},\"datePublished\":\"2023-11-23T10:59:11+00:00\",\"dateModified\":\"2026-03-24T11:33:17+00:00\",\"description\":\"Pro Sleek maska bez sodijuma, sulfata i parabena za upotrebu nakon Tecni-Sleek tretmana. Blaga maska za ispravljenu i hemijski tretiranu kosu ekstra blage\",\"breadcrumb\":{\"@id\":\"https:\/\/hairbeauty-pro.com\/?product=pro-sleek-maska-2#breadcrumb\"},\"inLanguage\":\"bs-BA\",\"potentialAction\":[{\"@type\":\"ReadAction\",\"target\":[\"https:\/\/hairbeauty-pro.com\/?product=pro-sleek-maska-2\"]}]},{\"@type\":\"BreadcrumbList\",\"@id\":\"https:\/\/hairbeauty-pro.com\/?product=pro-sleek-maska-2#breadcrumb\",\"itemListElement\":[{\"@type\":\"ListItem\",\"position\":1,\"name\":\"Home\",\"item\":\"https:\/\/hairbeauty-pro.com\/\"},{\"@type\":\"ListItem\",\"position\":2,\"name\":\"Shop\",\"item\":\"https:\/\/hairbeauty-pro.com\/?page_id=11\"},{\"@type\":\"ListItem\",\"position\":3,\"name\":\"PRO SLEEK MASKA 500ml\"}]},{\"@type\":\"WebSite\",\"@id\":\"https:\/\/hairbeauty-pro.com\/#website\",\"url\":\"https:\/\/hairbeauty-pro.com\/\",\"name\":\"Flash\",\"description\":\"Va\u0161a ultimativna destinacja za njegu kose\",\"publisher\":{\"@id\":\"https:\/\/hairbeauty-pro.com\/#organization\"},\"potentialAction\":[{\"@type\":\"SearchAction\",\"target\":{\"@type\":\"EntryPoint\",\"urlTemplate\":\"https:\/\/hairbeauty-pro.com\/?s={search_term_string}\"},\"query-input\":\"required name=search_term_string\"}],\"inLanguage\":\"bs-BA\"},{\"@type\":\"Organization\",\"@id\":\"https:\/\/hairbeauty-pro.com\/#organization\",\"name\":\"Flash\",\"url\":\"https:\/\/hairbeauty-pro.com\/\",\"logo\":{\"@type\":\"ImageObject\",\"inLanguage\":\"bs-BA\",\"@id\":\"https:\/\/hairbeauty-pro.com\/#\/schema\/logo\/image\/\",\"url\":\"https:\/\/hairbeauty-pro.com\/wp-content\/uploads\/2023\/07\/cropped-FLASH-LOGO-png.png\",\"contentUrl\":\"https:\/\/hairbeauty-pro.com\/wp-content\/uploads\/2023\/07\/cropped-FLASH-LOGO-png.png\",\"width\":1316,\"height\":521,\"caption\":\"Flash\"},\"image\":{\"@id\":\"https:\/\/hairbeauty-pro.com\/#\/schema\/logo\/image\/\"}}]}<\/script>\n<!-- \/ Yoast SEO plugin. -->","yoast_head_json":{"title":"PRO SLEEK MASKA 500ml - Flash","description":"Pro Sleek maska bez sodijuma, sulfata i parabena za upotrebu nakon Tecni-Sleek tretmana. Blaga maska za ispravljenu i hemijski tretiranu kosu ekstra blage","robots":{"index":"index","follow":"follow","max-snippet":"max-snippet:-1","max-image-preview":"max-image-preview:large","max-video-preview":"max-video-preview:-1"},"canonical":"https:\/\/hairbeauty-pro.com\/?product=pro-sleek-maska-2","og_locale":"bs_BA","og_type":"article","og_title":"PRO SLEEK MASKA 500ml - Flash","og_description":"Pro Sleek maska bez sodijuma, sulfata i parabena za upotrebu nakon Tecni-Sleek tretmana. Blaga maska za ispravljenu i hemijski tretiranu kosu ekstra blage","og_url":"https:\/\/hairbeauty-pro.com\/?product=pro-sleek-maska-2","og_site_name":"Flash","article_modified_time":"2026-03-24T11:33:17+00:00","og_image":[{"width":1000,"height":904,"url":"http:\/\/hairbeauty-pro.com\/wp-content\/uploads\/2023\/11\/19586_Pro-Sleek_Maschera-disciplinante_500ml.jpg","type":"image\/jpeg"}],"twitter_card":"summary_large_image","twitter_misc":{"Est. reading time":"1 minuta"},"schema":{"@context":"https:\/\/schema.org","@graph":[{"@type":"WebPage","@id":"https:\/\/hairbeauty-pro.com\/?product=pro-sleek-maska-2","url":"https:\/\/hairbeauty-pro.com\/?product=pro-sleek-maska-2","name":"PRO SLEEK MASKA 500ml - Flash","isPartOf":{"@id":"https:\/\/hairbeauty-pro.com\/#website"},"datePublished":"2023-11-23T10:59:11+00:00","dateModified":"2026-03-24T11:33:17+00:00","description":"Pro Sleek maska bez sodijuma, sulfata i parabena za upotrebu nakon Tecni-Sleek tretmana. Blaga maska za ispravljenu i hemijski tretiranu kosu ekstra blage","breadcrumb":{"@id":"https:\/\/hairbeauty-pro.com\/?product=pro-sleek-maska-2#breadcrumb"},"inLanguage":"bs-BA","potentialAction":[{"@type":"ReadAction","target":["https:\/\/hairbeauty-pro.com\/?product=pro-sleek-maska-2"]}]},{"@type":"BreadcrumbList","@id":"https:\/\/hairbeauty-pro.com\/?product=pro-sleek-maska-2#breadcrumb","itemListElement":[{"@type":"ListItem","position":1,"name":"Home","item":"https:\/\/hairbeauty-pro.com\/"},{"@type":"ListItem","position":2,"name":"Shop","item":"https:\/\/hairbeauty-pro.com\/?page_id=11"},{"@type":"ListItem","position":3,"name":"PRO SLEEK MASKA 500ml"}]},{"@type":"WebSite","@id":"https:\/\/hairbeauty-pro.com\/#website","url":"https:\/\/hairbeauty-pro.com\/","name":"Flash","description":"Va\u0161a ultimativna destinacja za njegu kose","publisher":{"@id":"https:\/\/hairbeauty-pro.com\/#organization"},"potentialAction":[{"@type":"SearchAction","target":{"@type":"EntryPoint","urlTemplate":"https:\/\/hairbeauty-pro.com\/?s={search_term_string}"},"query-input":"required name=search_term_string"}],"inLanguage":"bs-BA"},{"@type":"Organization","@id":"https:\/\/hairbeauty-pro.com\/#organization","name":"Flash","url":"https:\/\/hairbeauty-pro.com\/","logo":{"@type":"ImageObject","inLanguage":"bs-BA","@id":"https:\/\/hairbeauty-pro.com\/#\/schema\/logo\/image\/","url":"https:\/\/hairbeauty-pro.com\/wp-content\/uploads\/2023\/07\/cropped-FLASH-LOGO-png.png","contentUrl":"https:\/\/hairbeauty-pro.com\/wp-content\/uploads\/2023\/07\/cropped-FLASH-LOGO-png.png","width":1316,"height":521,"caption":"Flash"},"image":{"@id":"https:\/\/hairbeauty-pro.com\/#\/schema\/logo\/image\/"}}]}},"_links":{"self":[{"href":"https:\/\/hairbeauty-pro.com\/index.php?rest_route=\/wp\/v2\/product\/6092"}],"collection":[{"href":"https:\/\/hairbeauty-pro.com\/index.php?rest_route=\/wp\/v2\/product"}],"about":[{"href":"https:\/\/hairbeauty-pro.com\/index.php?rest_route=\/wp\/v2\/types\/product"}],"replies":[{"embeddable":true,"href":"https:\/\/hairbeauty-pro.com\/index.php?rest_route=%2Fwp%2Fv2%2Fcomments&post=6092"}],"wp:featuredmedia":[{"embeddable":true,"href":"https:\/\/hairbeauty-pro.com\/index.php?rest_route=\/wp\/v2\/media\/6005"}],"wp:attachment":[{"href":"https:\/\/hairbeauty-pro.com\/index.php?rest_route=%2Fwp%2Fv2%2Fmedia&parent=6092"}],"wp:term":[{"taxonomy":"product_cat","embeddable":true,"href":"https:\/\/hairbeauty-pro.com\/index.php?rest_route=%2Fwp%2Fv2%2Fproduct_cat&post=6092"},{"taxonomy":"product_tag","embeddable":true,"href":"https:\/\/hairbeauty-pro.com\/index.php?rest_route=%2Fwp%2Fv2%2Fproduct_tag&post=6092"}],"curies":[{"name":"wp","href":"https:\/\/api.w.org\/{rel}","templated":true}]}}