{"id":6087,"date":"2023-11-23T10:59:07","date_gmt":"2023-11-23T10:59:07","guid":{"rendered":"https:\/\/hairbeauty-pro.com\/?product=tecni-sleek-krema-za-ispravljanje-kose"},"modified":"2026-03-24T11:33:21","modified_gmt":"2026-03-24T11:33:21","slug":"tecni-sleek-krema-za-ispravljanje-kose","status":"publish","type":"product","link":"https:\/\/hairbeauty-pro.com\/?product=tecni-sleek-krema-za-ispravljanje-kose","title":{"rendered":"TECNI-SLEEK KREMA ZA ISPRAVLJANJE KOSE 1000ml"},"content":{"rendered":"<p>Keratin krema za ispravljanje kose, bez formaldehida i amonijaka \u2013 faza 2.<br \/>\nSigurnost od zaga\u0111enja (emisije) vazduha je propra\u0107ena tokom cijelog postupka, jer ne sadr\u017ei formaldehide.<br \/>\nPogodan keratin za sve vrste kose, brz i siguran za apliciranje. Ispravlja kosu, elimini\u0161e frizz efekat, ja\u010da dlaku,<br \/>\nali ujedno nje\u017eno djeluje na nju.<br \/>\nUpotreba: Koristite za\u0161titne rukavice. Poslije pranja kose Tecni Sleek \u0161amponom, prosu\u0161ite kosu, podijelite kosu<br \/>\ni po\u010dnite aplikaciju od tjemena. Na svakom pramenu \u0161irine 1,50 cm \u010detkom nanesite keratin kremu cijelom<br \/>\ndu\u017einom pramena. Kada zavr\u0161ite sa aplikacijom, ostavite keratin kremu da djeluje 30 minuta, \u010de\u0161ljaju\u0107i kosu<br \/>\nravno*. Ponovo polaze\u0107i od tjemena svaki pramen debljine 1,50 cm pre\u0111ite presom za kosu 6-7 puta pod<br \/>\ntemperaturom od 220 \u00b0. Ostavite kosu da se ohladi nekoliko minuta. Isperite sa puno vode i pre\u0111ite na FAZU 3.<br \/>\n*nakon djelovanja keratin kreme, preporu\u010duje se dodatno su\u0161enje kose fenom ili feniranje kose.<br \/>\nO Tecni Sleek tretmanu<br \/>\nANTI-FRIZZ TEHNI\u010cKI TRETMAN ZA ISPRAVLJANJE KOSE<br \/>\nBaziran na glioksilnoj kiselini, bez formaldehida i amonijaka. Idealan za sve tipove kose, \u010dak i veoma tretirane. Traje nekoliko sedmica. Aktivira se uz pomo\u0107 toplote. Restruktuira, ja\u010da kosu, i djeluje na ispucale vrhove dlake.<br \/>\nPakovanje 1000 ml<br \/>\nCijena NA UPIT\/SAMO ZA SALONSKU UPOTREBU<\/p>\n","protected":false},"excerpt":{"rendered":"<p>Keratin krema za ispravljanje kose, bez formaldehida i amonijaka \u2013 faza 2. Sigurnost od zaga\u0111enja (emisije) vazduha je propra\u0107ena tokom cijelog postupka, jer ne sadr\u017ei formaldehide. Pogodan keratin za sve vrste kose, brz i siguran za apliciranje. Ispravlja kosu, elimini\u0161e frizz efekat, ja\u010da dlaku, ali ujedno nje\u017eno djeluje na nju. Upotreba: Koristite za\u0161titne rukavice. Poslije [&hellip;]<\/p>\n","protected":false},"featured_media":6000,"comment_status":"open","ping_status":"closed","template":"","meta":{"site-sidebar-layout":"default","site-content-layout":"","ast-site-content-layout":"default","site-content-style":"default","site-sidebar-style":"default","ast-global-header-display":"","ast-banner-title-visibility":"","ast-main-header-display":"","ast-hfb-above-header-display":"","ast-hfb-below-header-display":"","ast-hfb-mobile-header-display":"","site-post-title":"","ast-breadcrumbs-content":"","ast-featured-img":"","footer-sml-layout":"","theme-transparent-header-meta":"default","adv-header-id-meta":"","stick-header-meta":"","header-above-stick-meta":"","header-main-stick-meta":"","header-below-stick-meta":"","astra-migrate-meta-layouts":"set","ast-page-background-enabled":"default","ast-page-background-meta":{"desktop":{"background-color":"","background-image":"","background-repeat":"repeat","background-position":"center center","background-size":"auto","background-attachment":"scroll","background-type":"","background-media":"","overlay-type":"","overlay-color":"","overlay-opacity":"","overlay-gradient":""},"tablet":{"background-color":"","background-image":"","background-repeat":"repeat","background-position":"center center","background-size":"auto","background-attachment":"scroll","background-type":"","background-media":"","overlay-type":"","overlay-color":"","overlay-opacity":"","overlay-gradient":""},"mobile":{"background-color":"","background-image":"","background-repeat":"repeat","background-position":"center center","background-size":"auto","background-attachment":"scroll","background-type":"","background-media":"","overlay-type":"","overlay-color":"","overlay-opacity":"","overlay-gradient":""}},"ast-content-background-meta":{"desktop":{"background-color":"var(--ast-global-color-5)","background-image":"","background-repeat":"repeat","background-position":"center center","background-size":"auto","background-attachment":"scroll","background-type":"","background-media":"","overlay-type":"","overlay-color":"","overlay-opacity":"","overlay-gradient":""},"tablet":{"background-color":"var(--ast-global-color-5)","background-image":"","background-repeat":"repeat","background-position":"center center","background-size":"auto","background-attachment":"scroll","background-type":"","background-media":"","overlay-type":"","overlay-color":"","overlay-opacity":"","overlay-gradient":""},"mobile":{"background-color":"var(--ast-global-color-5)","background-image":"","background-repeat":"repeat","background-position":"center center","background-size":"auto","background-attachment":"scroll","background-type":"","background-media":"","overlay-type":"","overlay-color":"","overlay-opacity":"","overlay-gradient":""}}},"product_cat":[44,225,269,176,90,247,178,105,60],"product_tag":[],"yoast_head":"<!-- This site is optimized with the Yoast SEO plugin v21.7 - https:\/\/yoast.com\/wordpress\/plugins\/seo\/ -->\n<title>TECNI-SLEEK KREMA ZA ISPRAVLJANJE KOSE 1000ml - Flash<\/title>\n<meta name=\"description\" content=\"Keratin krema za ispravljanje kose, bez formaldehida i amonijaka \u2013 faza 2. Sigurnost od zaga\u0111enja (emisije) vazduha je propra\u0107ena tokom cijelog postupka,\" \/>\n<meta name=\"robots\" content=\"index, follow, max-snippet:-1, max-image-preview:large, max-video-preview:-1\" \/>\n<link rel=\"canonical\" href=\"https:\/\/hairbeauty-pro.com\/?product=tecni-sleek-krema-za-ispravljanje-kose\" \/>\n<meta property=\"og:locale\" content=\"bs_BA\" \/>\n<meta property=\"og:type\" content=\"article\" \/>\n<meta property=\"og:title\" content=\"TECNI-SLEEK KREMA ZA ISPRAVLJANJE KOSE 1000ml - Flash\" \/>\n<meta property=\"og:description\" content=\"Keratin krema za ispravljanje kose, bez formaldehida i amonijaka \u2013 faza 2. Sigurnost od zaga\u0111enja (emisije) vazduha je propra\u0107ena tokom cijelog postupka,\" \/>\n<meta property=\"og:url\" content=\"https:\/\/hairbeauty-pro.com\/?product=tecni-sleek-krema-za-ispravljanje-kose\" \/>\n<meta property=\"og:site_name\" content=\"Flash\" \/>\n<meta property=\"article:modified_time\" content=\"2026-03-24T11:33:21+00:00\" \/>\n<meta property=\"og:image\" content=\"http:\/\/hairbeauty-pro.com\/wp-content\/uploads\/2023\/11\/19581_Tecni-Sleek_Crema-stirante-Step-2_1000ml.jpg\" \/>\n\t<meta property=\"og:image:width\" content=\"356\" \/>\n\t<meta property=\"og:image:height\" content=\"1000\" \/>\n\t<meta property=\"og:image:type\" content=\"image\/jpeg\" \/>\n<meta name=\"twitter:card\" content=\"summary_large_image\" \/>\n<meta name=\"twitter:label1\" content=\"Est. reading time\" \/>\n\t<meta name=\"twitter:data1\" content=\"2 minute\" \/>\n<script type=\"application\/ld+json\" class=\"yoast-schema-graph\">{\"@context\":\"https:\/\/schema.org\",\"@graph\":[{\"@type\":\"WebPage\",\"@id\":\"https:\/\/hairbeauty-pro.com\/?product=tecni-sleek-krema-za-ispravljanje-kose\",\"url\":\"https:\/\/hairbeauty-pro.com\/?product=tecni-sleek-krema-za-ispravljanje-kose\",\"name\":\"TECNI-SLEEK KREMA ZA ISPRAVLJANJE KOSE 1000ml - Flash\",\"isPartOf\":{\"@id\":\"https:\/\/hairbeauty-pro.com\/#website\"},\"datePublished\":\"2023-11-23T10:59:07+00:00\",\"dateModified\":\"2026-03-24T11:33:21+00:00\",\"description\":\"Keratin krema za ispravljanje kose, bez formaldehida i amonijaka \u2013 faza 2. Sigurnost od zaga\u0111enja (emisije) vazduha je propra\u0107ena tokom cijelog postupka,\",\"breadcrumb\":{\"@id\":\"https:\/\/hairbeauty-pro.com\/?product=tecni-sleek-krema-za-ispravljanje-kose#breadcrumb\"},\"inLanguage\":\"bs-BA\",\"potentialAction\":[{\"@type\":\"ReadAction\",\"target\":[\"https:\/\/hairbeauty-pro.com\/?product=tecni-sleek-krema-za-ispravljanje-kose\"]}]},{\"@type\":\"BreadcrumbList\",\"@id\":\"https:\/\/hairbeauty-pro.com\/?product=tecni-sleek-krema-za-ispravljanje-kose#breadcrumb\",\"itemListElement\":[{\"@type\":\"ListItem\",\"position\":1,\"name\":\"Home\",\"item\":\"https:\/\/hairbeauty-pro.com\/\"},{\"@type\":\"ListItem\",\"position\":2,\"name\":\"Shop\",\"item\":\"https:\/\/hairbeauty-pro.com\/?page_id=11\"},{\"@type\":\"ListItem\",\"position\":3,\"name\":\"TECNI-SLEEK KREMA ZA ISPRAVLJANJE KOSE 1000ml\"}]},{\"@type\":\"WebSite\",\"@id\":\"https:\/\/hairbeauty-pro.com\/#website\",\"url\":\"https:\/\/hairbeauty-pro.com\/\",\"name\":\"Flash\",\"description\":\"Va\u0161a ultimativna destinacja za njegu kose\",\"publisher\":{\"@id\":\"https:\/\/hairbeauty-pro.com\/#organization\"},\"potentialAction\":[{\"@type\":\"SearchAction\",\"target\":{\"@type\":\"EntryPoint\",\"urlTemplate\":\"https:\/\/hairbeauty-pro.com\/?s={search_term_string}\"},\"query-input\":\"required name=search_term_string\"}],\"inLanguage\":\"bs-BA\"},{\"@type\":\"Organization\",\"@id\":\"https:\/\/hairbeauty-pro.com\/#organization\",\"name\":\"Flash\",\"url\":\"https:\/\/hairbeauty-pro.com\/\",\"logo\":{\"@type\":\"ImageObject\",\"inLanguage\":\"bs-BA\",\"@id\":\"https:\/\/hairbeauty-pro.com\/#\/schema\/logo\/image\/\",\"url\":\"https:\/\/hairbeauty-pro.com\/wp-content\/uploads\/2023\/07\/cropped-FLASH-LOGO-png.png\",\"contentUrl\":\"https:\/\/hairbeauty-pro.com\/wp-content\/uploads\/2023\/07\/cropped-FLASH-LOGO-png.png\",\"width\":1316,\"height\":521,\"caption\":\"Flash\"},\"image\":{\"@id\":\"https:\/\/hairbeauty-pro.com\/#\/schema\/logo\/image\/\"}}]}<\/script>\n<!-- \/ Yoast SEO plugin. -->","yoast_head_json":{"title":"TECNI-SLEEK KREMA ZA ISPRAVLJANJE KOSE 1000ml - Flash","description":"Keratin krema za ispravljanje kose, bez formaldehida i amonijaka \u2013 faza 2. Sigurnost od zaga\u0111enja (emisije) vazduha je propra\u0107ena tokom cijelog postupka,","robots":{"index":"index","follow":"follow","max-snippet":"max-snippet:-1","max-image-preview":"max-image-preview:large","max-video-preview":"max-video-preview:-1"},"canonical":"https:\/\/hairbeauty-pro.com\/?product=tecni-sleek-krema-za-ispravljanje-kose","og_locale":"bs_BA","og_type":"article","og_title":"TECNI-SLEEK KREMA ZA ISPRAVLJANJE KOSE 1000ml - Flash","og_description":"Keratin krema za ispravljanje kose, bez formaldehida i amonijaka \u2013 faza 2. Sigurnost od zaga\u0111enja (emisije) vazduha je propra\u0107ena tokom cijelog postupka,","og_url":"https:\/\/hairbeauty-pro.com\/?product=tecni-sleek-krema-za-ispravljanje-kose","og_site_name":"Flash","article_modified_time":"2026-03-24T11:33:21+00:00","og_image":[{"width":356,"height":1000,"url":"http:\/\/hairbeauty-pro.com\/wp-content\/uploads\/2023\/11\/19581_Tecni-Sleek_Crema-stirante-Step-2_1000ml.jpg","type":"image\/jpeg"}],"twitter_card":"summary_large_image","twitter_misc":{"Est. reading time":"2 minute"},"schema":{"@context":"https:\/\/schema.org","@graph":[{"@type":"WebPage","@id":"https:\/\/hairbeauty-pro.com\/?product=tecni-sleek-krema-za-ispravljanje-kose","url":"https:\/\/hairbeauty-pro.com\/?product=tecni-sleek-krema-za-ispravljanje-kose","name":"TECNI-SLEEK KREMA ZA ISPRAVLJANJE KOSE 1000ml - Flash","isPartOf":{"@id":"https:\/\/hairbeauty-pro.com\/#website"},"datePublished":"2023-11-23T10:59:07+00:00","dateModified":"2026-03-24T11:33:21+00:00","description":"Keratin krema za ispravljanje kose, bez formaldehida i amonijaka \u2013 faza 2. Sigurnost od zaga\u0111enja (emisije) vazduha je propra\u0107ena tokom cijelog postupka,","breadcrumb":{"@id":"https:\/\/hairbeauty-pro.com\/?product=tecni-sleek-krema-za-ispravljanje-kose#breadcrumb"},"inLanguage":"bs-BA","potentialAction":[{"@type":"ReadAction","target":["https:\/\/hairbeauty-pro.com\/?product=tecni-sleek-krema-za-ispravljanje-kose"]}]},{"@type":"BreadcrumbList","@id":"https:\/\/hairbeauty-pro.com\/?product=tecni-sleek-krema-za-ispravljanje-kose#breadcrumb","itemListElement":[{"@type":"ListItem","position":1,"name":"Home","item":"https:\/\/hairbeauty-pro.com\/"},{"@type":"ListItem","position":2,"name":"Shop","item":"https:\/\/hairbeauty-pro.com\/?page_id=11"},{"@type":"ListItem","position":3,"name":"TECNI-SLEEK KREMA ZA ISPRAVLJANJE KOSE 1000ml"}]},{"@type":"WebSite","@id":"https:\/\/hairbeauty-pro.com\/#website","url":"https:\/\/hairbeauty-pro.com\/","name":"Flash","description":"Va\u0161a ultimativna destinacja za njegu kose","publisher":{"@id":"https:\/\/hairbeauty-pro.com\/#organization"},"potentialAction":[{"@type":"SearchAction","target":{"@type":"EntryPoint","urlTemplate":"https:\/\/hairbeauty-pro.com\/?s={search_term_string}"},"query-input":"required name=search_term_string"}],"inLanguage":"bs-BA"},{"@type":"Organization","@id":"https:\/\/hairbeauty-pro.com\/#organization","name":"Flash","url":"https:\/\/hairbeauty-pro.com\/","logo":{"@type":"ImageObject","inLanguage":"bs-BA","@id":"https:\/\/hairbeauty-pro.com\/#\/schema\/logo\/image\/","url":"https:\/\/hairbeauty-pro.com\/wp-content\/uploads\/2023\/07\/cropped-FLASH-LOGO-png.png","contentUrl":"https:\/\/hairbeauty-pro.com\/wp-content\/uploads\/2023\/07\/cropped-FLASH-LOGO-png.png","width":1316,"height":521,"caption":"Flash"},"image":{"@id":"https:\/\/hairbeauty-pro.com\/#\/schema\/logo\/image\/"}}]}},"_links":{"self":[{"href":"https:\/\/hairbeauty-pro.com\/index.php?rest_route=\/wp\/v2\/product\/6087"}],"collection":[{"href":"https:\/\/hairbeauty-pro.com\/index.php?rest_route=\/wp\/v2\/product"}],"about":[{"href":"https:\/\/hairbeauty-pro.com\/index.php?rest_route=\/wp\/v2\/types\/product"}],"replies":[{"embeddable":true,"href":"https:\/\/hairbeauty-pro.com\/index.php?rest_route=%2Fwp%2Fv2%2Fcomments&post=6087"}],"wp:featuredmedia":[{"embeddable":true,"href":"https:\/\/hairbeauty-pro.com\/index.php?rest_route=\/wp\/v2\/media\/6000"}],"wp:attachment":[{"href":"https:\/\/hairbeauty-pro.com\/index.php?rest_route=%2Fwp%2Fv2%2Fmedia&parent=6087"}],"wp:term":[{"taxonomy":"product_cat","embeddable":true,"href":"https:\/\/hairbeauty-pro.com\/index.php?rest_route=%2Fwp%2Fv2%2Fproduct_cat&post=6087"},{"taxonomy":"product_tag","embeddable":true,"href":"https:\/\/hairbeauty-pro.com\/index.php?rest_route=%2Fwp%2Fv2%2Fproduct_tag&post=6087"}],"curies":[{"name":"wp","href":"https:\/\/api.w.org\/{rel}","templated":true}]}}