{"id":4402,"date":"2023-09-23T15:26:52","date_gmt":"2023-09-23T15:26:52","guid":{"rendered":"https:\/\/hairbeauty-pro.com\/?post_type=product&#038;p=4402"},"modified":"2026-03-24T11:33:29","modified_gmt":"2026-03-24T11:33:29","slug":"elchim-natures-touch-pegla-glacalo-za-kosu","status":"publish","type":"product","link":"https:\/\/hairbeauty-pro.com\/?product=elchim-natures-touch-pegla-glacalo-za-kosu","title":{"rendered":"ELCHIM NATURES TOUCH PEGLA  (GLA\u010cALO) ZA KOSU"},"content":{"rendered":"<p>Italijanski ure\u0111aj za oblikovanje kose koji po\u0161tuje njenu prirodnu ljepotu.<\/p>\n<p>&nbsp;<\/p>\n<p>Proizvedeno u Italiji<\/p>\n<p>&nbsp;<\/p>\n<ul>\n<li>11 postavki toplote (od 95<sup>O<\/sup>C do 235<sup>O<\/sup>C) sa LED zaslonom<\/li>\n<li>posebno dizajnirane postavke za \u010desto kori\u0161tenje<\/li>\n<li>savr\u0161ena kosa u jednom potezu (ravnanje ili uvijanje kose)<\/li>\n<li>kerami\u010dke i titanske oksidne plo\u010de<\/li>\n<li>HIT (Hight &amp; Instant Temperature) tehnologija osigurava neposrednu i stalnu topotu<\/li>\n<li>ne zapetljava kosu<\/li>\n<li>profesionalni 360<sup>O<\/sup> kabl za maksimalnu slobodu u kretanju<\/li>\n<li>dolazi sa za\u0161titnom plastikom<\/li>\n<li>automatsko isklju\u010divanje nakon 50 minuta nekori\u0161tenja<\/li>\n<li>ergonomski i lagan dizajn<\/li>\n<\/ul>\n","protected":false},"excerpt":{"rendered":"<p>Italijanski ure\u0111aj za oblikovanje kose koji po\u0161tuje njenu prirodnu ljepotu.<\/p>\n","protected":false},"featured_media":4403,"comment_status":"open","ping_status":"closed","template":"","meta":{"site-sidebar-layout":"default","site-content-layout":"","ast-site-content-layout":"default","site-content-style":"default","site-sidebar-style":"default","ast-global-header-display":"","ast-banner-title-visibility":"","ast-main-header-display":"","ast-hfb-above-header-display":"","ast-hfb-below-header-display":"","ast-hfb-mobile-header-display":"","site-post-title":"","ast-breadcrumbs-content":"","ast-featured-img":"","footer-sml-layout":"","theme-transparent-header-meta":"default","adv-header-id-meta":"","stick-header-meta":"","header-above-stick-meta":"","header-main-stick-meta":"","header-below-stick-meta":"","astra-migrate-meta-layouts":"set","ast-page-background-enabled":"default","ast-page-background-meta":{"desktop":{"background-color":"","background-image":"","background-repeat":"repeat","background-position":"center center","background-size":"auto","background-attachment":"scroll","background-type":"","background-media":"","overlay-type":"","overlay-color":"","overlay-opacity":"","overlay-gradient":""},"tablet":{"background-color":"","background-image":"","background-repeat":"repeat","background-position":"center center","background-size":"auto","background-attachment":"scroll","background-type":"","background-media":"","overlay-type":"","overlay-color":"","overlay-opacity":"","overlay-gradient":""},"mobile":{"background-color":"","background-image":"","background-repeat":"repeat","background-position":"center center","background-size":"auto","background-attachment":"scroll","background-type":"","background-media":"","overlay-type":"","overlay-color":"","overlay-opacity":"","overlay-gradient":""}},"ast-content-background-meta":{"desktop":{"background-color":"var(--ast-global-color-5)","background-image":"","background-repeat":"repeat","background-position":"center center","background-size":"auto","background-attachment":"scroll","background-type":"","background-media":"","overlay-type":"","overlay-color":"","overlay-opacity":"","overlay-gradient":""},"tablet":{"background-color":"var(--ast-global-color-5)","background-image":"","background-repeat":"repeat","background-position":"center center","background-size":"auto","background-attachment":"scroll","background-type":"","background-media":"","overlay-type":"","overlay-color":"","overlay-opacity":"","overlay-gradient":""},"mobile":{"background-color":"var(--ast-global-color-5)","background-image":"","background-repeat":"repeat","background-position":"center center","background-size":"auto","background-attachment":"scroll","background-type":"","background-media":"","overlay-type":"","overlay-color":"","overlay-opacity":"","overlay-gradient":""}}},"product_cat":[218,172,220],"product_tag":[],"yoast_head":"<!-- This site is optimized with the Yoast SEO plugin v21.7 - https:\/\/yoast.com\/wordpress\/plugins\/seo\/ -->\n<title>ELCHIM NATURES TOUCH PEGLA (GLA\u010cALO) ZA KOSU - Flash<\/title>\n<meta name=\"description\" content=\"Italijanski ure\u0111aj za oblikovanje kose koji po\u0161tuje njenu prirodnu ljepotu.\" \/>\n<meta name=\"robots\" content=\"index, follow, max-snippet:-1, max-image-preview:large, max-video-preview:-1\" \/>\n<link rel=\"canonical\" href=\"https:\/\/hairbeauty-pro.com\/?product=elchim-natures-touch-pegla-glacalo-za-kosu\" \/>\n<meta property=\"og:locale\" content=\"bs_BA\" \/>\n<meta property=\"og:type\" content=\"article\" \/>\n<meta property=\"og:title\" content=\"ELCHIM NATURES TOUCH PEGLA (GLA\u010cALO) ZA KOSU - Flash\" \/>\n<meta property=\"og:description\" content=\"Italijanski ure\u0111aj za oblikovanje kose koji po\u0161tuje njenu prirodnu ljepotu.\" \/>\n<meta property=\"og:url\" content=\"https:\/\/hairbeauty-pro.com\/?product=elchim-natures-touch-pegla-glacalo-za-kosu\" \/>\n<meta property=\"og:site_name\" content=\"Flash\" \/>\n<meta property=\"article:modified_time\" content=\"2026-03-24T11:33:29+00:00\" \/>\n<meta property=\"og:image\" content=\"http:\/\/hairbeauty-pro.com\/wp-content\/uploads\/2023\/09\/1-Natures-Touch_emotional-scaled.jpg\" \/>\n\t<meta property=\"og:image:width\" content=\"2560\" \/>\n\t<meta property=\"og:image:height\" content=\"1213\" \/>\n\t<meta property=\"og:image:type\" content=\"image\/jpeg\" \/>\n<meta name=\"twitter:card\" content=\"summary_large_image\" \/>\n<script type=\"application\/ld+json\" class=\"yoast-schema-graph\">{\"@context\":\"https:\/\/schema.org\",\"@graph\":[{\"@type\":\"WebPage\",\"@id\":\"https:\/\/hairbeauty-pro.com\/?product=elchim-natures-touch-pegla-glacalo-za-kosu\",\"url\":\"https:\/\/hairbeauty-pro.com\/?product=elchim-natures-touch-pegla-glacalo-za-kosu\",\"name\":\"ELCHIM NATURES TOUCH PEGLA (GLA\u010cALO) ZA KOSU - Flash\",\"isPartOf\":{\"@id\":\"https:\/\/hairbeauty-pro.com\/#website\"},\"datePublished\":\"2023-09-23T15:26:52+00:00\",\"dateModified\":\"2026-03-24T11:33:29+00:00\",\"description\":\"Italijanski ure\u0111aj za oblikovanje kose koji po\u0161tuje njenu prirodnu ljepotu.\",\"breadcrumb\":{\"@id\":\"https:\/\/hairbeauty-pro.com\/?product=elchim-natures-touch-pegla-glacalo-za-kosu#breadcrumb\"},\"inLanguage\":\"bs-BA\",\"potentialAction\":[{\"@type\":\"ReadAction\",\"target\":[\"https:\/\/hairbeauty-pro.com\/?product=elchim-natures-touch-pegla-glacalo-za-kosu\"]}]},{\"@type\":\"BreadcrumbList\",\"@id\":\"https:\/\/hairbeauty-pro.com\/?product=elchim-natures-touch-pegla-glacalo-za-kosu#breadcrumb\",\"itemListElement\":[{\"@type\":\"ListItem\",\"position\":1,\"name\":\"Home\",\"item\":\"https:\/\/hairbeauty-pro.com\/\"},{\"@type\":\"ListItem\",\"position\":2,\"name\":\"Shop\",\"item\":\"https:\/\/hairbeauty-pro.com\/?page_id=11\"},{\"@type\":\"ListItem\",\"position\":3,\"name\":\"ELCHIM NATURES TOUCH PEGLA (GLA\u010cALO) ZA KOSU\"}]},{\"@type\":\"WebSite\",\"@id\":\"https:\/\/hairbeauty-pro.com\/#website\",\"url\":\"https:\/\/hairbeauty-pro.com\/\",\"name\":\"Flash\",\"description\":\"Va\u0161a ultimativna destinacja za njegu kose\",\"publisher\":{\"@id\":\"https:\/\/hairbeauty-pro.com\/#organization\"},\"potentialAction\":[{\"@type\":\"SearchAction\",\"target\":{\"@type\":\"EntryPoint\",\"urlTemplate\":\"https:\/\/hairbeauty-pro.com\/?s={search_term_string}\"},\"query-input\":\"required name=search_term_string\"}],\"inLanguage\":\"bs-BA\"},{\"@type\":\"Organization\",\"@id\":\"https:\/\/hairbeauty-pro.com\/#organization\",\"name\":\"Flash\",\"url\":\"https:\/\/hairbeauty-pro.com\/\",\"logo\":{\"@type\":\"ImageObject\",\"inLanguage\":\"bs-BA\",\"@id\":\"https:\/\/hairbeauty-pro.com\/#\/schema\/logo\/image\/\",\"url\":\"https:\/\/hairbeauty-pro.com\/wp-content\/uploads\/2023\/07\/cropped-FLASH-LOGO-png.png\",\"contentUrl\":\"https:\/\/hairbeauty-pro.com\/wp-content\/uploads\/2023\/07\/cropped-FLASH-LOGO-png.png\",\"width\":1316,\"height\":521,\"caption\":\"Flash\"},\"image\":{\"@id\":\"https:\/\/hairbeauty-pro.com\/#\/schema\/logo\/image\/\"}}]}<\/script>\n<!-- \/ Yoast SEO plugin. -->","yoast_head_json":{"title":"ELCHIM NATURES TOUCH PEGLA (GLA\u010cALO) ZA KOSU - Flash","description":"Italijanski ure\u0111aj za oblikovanje kose koji po\u0161tuje njenu prirodnu ljepotu.","robots":{"index":"index","follow":"follow","max-snippet":"max-snippet:-1","max-image-preview":"max-image-preview:large","max-video-preview":"max-video-preview:-1"},"canonical":"https:\/\/hairbeauty-pro.com\/?product=elchim-natures-touch-pegla-glacalo-za-kosu","og_locale":"bs_BA","og_type":"article","og_title":"ELCHIM NATURES TOUCH PEGLA (GLA\u010cALO) ZA KOSU - Flash","og_description":"Italijanski ure\u0111aj za oblikovanje kose koji po\u0161tuje njenu prirodnu ljepotu.","og_url":"https:\/\/hairbeauty-pro.com\/?product=elchim-natures-touch-pegla-glacalo-za-kosu","og_site_name":"Flash","article_modified_time":"2026-03-24T11:33:29+00:00","og_image":[{"width":2560,"height":1213,"url":"http:\/\/hairbeauty-pro.com\/wp-content\/uploads\/2023\/09\/1-Natures-Touch_emotional-scaled.jpg","type":"image\/jpeg"}],"twitter_card":"summary_large_image","schema":{"@context":"https:\/\/schema.org","@graph":[{"@type":"WebPage","@id":"https:\/\/hairbeauty-pro.com\/?product=elchim-natures-touch-pegla-glacalo-za-kosu","url":"https:\/\/hairbeauty-pro.com\/?product=elchim-natures-touch-pegla-glacalo-za-kosu","name":"ELCHIM NATURES TOUCH PEGLA (GLA\u010cALO) ZA KOSU - Flash","isPartOf":{"@id":"https:\/\/hairbeauty-pro.com\/#website"},"datePublished":"2023-09-23T15:26:52+00:00","dateModified":"2026-03-24T11:33:29+00:00","description":"Italijanski ure\u0111aj za oblikovanje kose koji po\u0161tuje njenu prirodnu ljepotu.","breadcrumb":{"@id":"https:\/\/hairbeauty-pro.com\/?product=elchim-natures-touch-pegla-glacalo-za-kosu#breadcrumb"},"inLanguage":"bs-BA","potentialAction":[{"@type":"ReadAction","target":["https:\/\/hairbeauty-pro.com\/?product=elchim-natures-touch-pegla-glacalo-za-kosu"]}]},{"@type":"BreadcrumbList","@id":"https:\/\/hairbeauty-pro.com\/?product=elchim-natures-touch-pegla-glacalo-za-kosu#breadcrumb","itemListElement":[{"@type":"ListItem","position":1,"name":"Home","item":"https:\/\/hairbeauty-pro.com\/"},{"@type":"ListItem","position":2,"name":"Shop","item":"https:\/\/hairbeauty-pro.com\/?page_id=11"},{"@type":"ListItem","position":3,"name":"ELCHIM NATURES TOUCH PEGLA (GLA\u010cALO) ZA KOSU"}]},{"@type":"WebSite","@id":"https:\/\/hairbeauty-pro.com\/#website","url":"https:\/\/hairbeauty-pro.com\/","name":"Flash","description":"Va\u0161a ultimativna destinacja za njegu kose","publisher":{"@id":"https:\/\/hairbeauty-pro.com\/#organization"},"potentialAction":[{"@type":"SearchAction","target":{"@type":"EntryPoint","urlTemplate":"https:\/\/hairbeauty-pro.com\/?s={search_term_string}"},"query-input":"required name=search_term_string"}],"inLanguage":"bs-BA"},{"@type":"Organization","@id":"https:\/\/hairbeauty-pro.com\/#organization","name":"Flash","url":"https:\/\/hairbeauty-pro.com\/","logo":{"@type":"ImageObject","inLanguage":"bs-BA","@id":"https:\/\/hairbeauty-pro.com\/#\/schema\/logo\/image\/","url":"https:\/\/hairbeauty-pro.com\/wp-content\/uploads\/2023\/07\/cropped-FLASH-LOGO-png.png","contentUrl":"https:\/\/hairbeauty-pro.com\/wp-content\/uploads\/2023\/07\/cropped-FLASH-LOGO-png.png","width":1316,"height":521,"caption":"Flash"},"image":{"@id":"https:\/\/hairbeauty-pro.com\/#\/schema\/logo\/image\/"}}]}},"_links":{"self":[{"href":"https:\/\/hairbeauty-pro.com\/index.php?rest_route=\/wp\/v2\/product\/4402"}],"collection":[{"href":"https:\/\/hairbeauty-pro.com\/index.php?rest_route=\/wp\/v2\/product"}],"about":[{"href":"https:\/\/hairbeauty-pro.com\/index.php?rest_route=\/wp\/v2\/types\/product"}],"replies":[{"embeddable":true,"href":"https:\/\/hairbeauty-pro.com\/index.php?rest_route=%2Fwp%2Fv2%2Fcomments&post=4402"}],"wp:featuredmedia":[{"embeddable":true,"href":"https:\/\/hairbeauty-pro.com\/index.php?rest_route=\/wp\/v2\/media\/4403"}],"wp:attachment":[{"href":"https:\/\/hairbeauty-pro.com\/index.php?rest_route=%2Fwp%2Fv2%2Fmedia&parent=4402"}],"wp:term":[{"taxonomy":"product_cat","embeddable":true,"href":"https:\/\/hairbeauty-pro.com\/index.php?rest_route=%2Fwp%2Fv2%2Fproduct_cat&post=4402"},{"taxonomy":"product_tag","embeddable":true,"href":"https:\/\/hairbeauty-pro.com\/index.php?rest_route=%2Fwp%2Fv2%2Fproduct_tag&post=4402"}],"curies":[{"name":"wp","href":"https:\/\/api.w.org\/{rel}","templated":true}]}}