{"id":4398,"date":"2023-09-23T15:23:55","date_gmt":"2023-09-23T15:23:55","guid":{"rendered":"https:\/\/hairbeauty-pro.com\/?post_type=product&#038;p=4398"},"modified":"2026-03-24T11:33:30","modified_gmt":"2026-03-24T11:33:30","slug":"fen-za-kosu-elchim-8th-sense-run-black-silver","status":"publish","type":"product","link":"https:\/\/hairbeauty-pro.com\/?product=fen-za-kosu-elchim-8th-sense-run-black-silver","title":{"rendered":"Fen za kosu  ELCHIM 8th SENSE RUN BLACK &#038; SILVER"},"content":{"rendered":"<p>Profesionalni stilisti za kosu\u00a0 znaju koliko je bitan sna\u017ean, brz i lagan fen za kosu koja \u0161tedi vrijeme i savr\u0161eno perfektno zatvara kutikulu dlake \u010duvaju\u0107i integritet kose. 8th SENSE linija kompanije Elchim pru\u017ea dobrodo\u0161licu\u00a0 fenu nove generacije sa inovativnim, vrlo laganim i dugotrajnim digitalnim motorom bez \u010detkica (BLDC TECHNOLOGY) u potpunosti proizvedenim u Italiji.<\/p>\n<p>&nbsp;<\/p>\n<p>&#8211; Brzina: su\u0161enje i stilizovanje kose upola vremena<\/p>\n<p>&#8211; Ultra lagan: kao nikada do sada<\/p>\n<p>&#8211; \u201eSkoro bez kraja\u201c: preko 5000 radnih sati<\/p>\n<p>&nbsp;<\/p>\n<p>Proizvedeno u Italiji<\/p>\n<p>&nbsp;<\/p>\n<p>Karakteristike:<\/p>\n<ul>\n<li>snaga: 2400 W<\/li>\n<li>savr\u0161eni sistem za kontrolu toplote koji ovaj fen \u010dini pogodnim za bilo koji tip kose, od najdeblje do najdelikatnije.<\/li>\n<li>novi Elchim BLDC motor testiran je za preko 5000 sati kori\u0161tenja, izuzetno je lagan, te smanjuje rizik od karpalnog tunela i smanjuje vrijeme su\u0161enja \u010dak i veoma guste kose.<\/li>\n<li>novi Elchim BLDC motor nema karbonske \u010detkice. Izuzetno pobolj\u0161anje za Va\u0161u kosu i okolinu.<\/li>\n<li>jonski i kerami\u010dki sistem sprije\u010dava pregrijavanje kose, su\u0161i kosu iznutra ka spolja i pove\u0107ava njen prirodni sjaj<\/li>\n<li>laserski urezani filter dizajniran je za smanjenje prodora kose u fen i za pove\u0107anje volumena vazduha<\/li>\n<li>unutra\u0161nji motor je za\u0161ti\u0107en od upadanja dlaka. Ova tehnologija osigurava du\u017ei radni vijek motora.<\/li>\n<\/ul>\n","protected":false},"excerpt":{"rendered":"<p>Tehni\u010dke karakteristike:<\/p>\n<p>Snaga: 2000-2400 w<\/p>\n<p>Napon: 220-240 v<\/p>\n<p>50-60Hz<\/p>\n","protected":false},"featured_media":4399,"comment_status":"open","ping_status":"closed","template":"","meta":{"site-sidebar-layout":"default","site-content-layout":"","ast-site-content-layout":"default","site-content-style":"default","site-sidebar-style":"default","ast-global-header-display":"","ast-banner-title-visibility":"","ast-main-header-display":"","ast-hfb-above-header-display":"","ast-hfb-below-header-display":"","ast-hfb-mobile-header-display":"","site-post-title":"","ast-breadcrumbs-content":"","ast-featured-img":"","footer-sml-layout":"","theme-transparent-header-meta":"default","adv-header-id-meta":"","stick-header-meta":"","header-above-stick-meta":"","header-main-stick-meta":"","header-below-stick-meta":"","astra-migrate-meta-layouts":"set","ast-page-background-enabled":"default","ast-page-background-meta":{"desktop":{"background-color":"","background-image":"","background-repeat":"repeat","background-position":"center center","background-size":"auto","background-attachment":"scroll","background-type":"","background-media":"","overlay-type":"","overlay-color":"","overlay-opacity":"","overlay-gradient":""},"tablet":{"background-color":"","background-image":"","background-repeat":"repeat","background-position":"center center","background-size":"auto","background-attachment":"scroll","background-type":"","background-media":"","overlay-type":"","overlay-color":"","overlay-opacity":"","overlay-gradient":""},"mobile":{"background-color":"","background-image":"","background-repeat":"repeat","background-position":"center center","background-size":"auto","background-attachment":"scroll","background-type":"","background-media":"","overlay-type":"","overlay-color":"","overlay-opacity":"","overlay-gradient":""}},"ast-content-background-meta":{"desktop":{"background-color":"var(--ast-global-color-5)","background-image":"","background-repeat":"repeat","background-position":"center center","background-size":"auto","background-attachment":"scroll","background-type":"","background-media":"","overlay-type":"","overlay-color":"","overlay-opacity":"","overlay-gradient":""},"tablet":{"background-color":"var(--ast-global-color-5)","background-image":"","background-repeat":"repeat","background-position":"center center","background-size":"auto","background-attachment":"scroll","background-type":"","background-media":"","overlay-type":"","overlay-color":"","overlay-opacity":"","overlay-gradient":""},"mobile":{"background-color":"var(--ast-global-color-5)","background-image":"","background-repeat":"repeat","background-position":"center center","background-size":"auto","background-attachment":"scroll","background-type":"","background-media":"","overlay-type":"","overlay-color":"","overlay-opacity":"","overlay-gradient":""}}},"product_cat":[171,221,218],"product_tag":[],"yoast_head":"<!-- This site is optimized with the Yoast SEO plugin v21.7 - https:\/\/yoast.com\/wordpress\/plugins\/seo\/ -->\n<title>Fen za kosu ELCHIM 8th SENSE RUN BLACK &amp; SILVER - Flash<\/title>\n<meta name=\"description\" content=\"Tehni\u010dke karakteristike:  Snaga: 2000-2400 w  Napon: 220-240 v  50-60Hz\" \/>\n<meta name=\"robots\" content=\"index, follow, max-snippet:-1, max-image-preview:large, max-video-preview:-1\" \/>\n<link rel=\"canonical\" href=\"https:\/\/hairbeauty-pro.com\/?product=fen-za-kosu-elchim-8th-sense-run-black-silver\" \/>\n<meta property=\"og:locale\" content=\"bs_BA\" \/>\n<meta property=\"og:type\" content=\"article\" \/>\n<meta property=\"og:title\" content=\"Fen za kosu ELCHIM 8th SENSE RUN BLACK &amp; SILVER - Flash\" \/>\n<meta property=\"og:description\" content=\"Tehni\u010dke karakteristike:  Snaga: 2000-2400 w  Napon: 220-240 v  50-60Hz\" \/>\n<meta property=\"og:url\" content=\"https:\/\/hairbeauty-pro.com\/?product=fen-za-kosu-elchim-8th-sense-run-black-silver\" \/>\n<meta property=\"og:site_name\" content=\"Flash\" \/>\n<meta property=\"article:modified_time\" content=\"2026-03-24T11:33:30+00:00\" \/>\n<meta property=\"og:image\" content=\"http:\/\/hairbeauty-pro.com\/wp-content\/uploads\/2023\/09\/14-8th-Sense-Run_lateral.jpg\" \/>\n\t<meta property=\"og:image:width\" content=\"1200\" \/>\n\t<meta property=\"og:image:height\" content=\"1200\" \/>\n\t<meta property=\"og:image:type\" content=\"image\/jpeg\" \/>\n<meta name=\"twitter:card\" content=\"summary_large_image\" \/>\n<meta name=\"twitter:label1\" content=\"Est. reading time\" \/>\n\t<meta name=\"twitter:data1\" content=\"1 minuta\" \/>\n<script type=\"application\/ld+json\" class=\"yoast-schema-graph\">{\"@context\":\"https:\/\/schema.org\",\"@graph\":[{\"@type\":\"WebPage\",\"@id\":\"https:\/\/hairbeauty-pro.com\/?product=fen-za-kosu-elchim-8th-sense-run-black-silver\",\"url\":\"https:\/\/hairbeauty-pro.com\/?product=fen-za-kosu-elchim-8th-sense-run-black-silver\",\"name\":\"Fen za kosu ELCHIM 8th SENSE RUN BLACK & SILVER - Flash\",\"isPartOf\":{\"@id\":\"https:\/\/hairbeauty-pro.com\/#website\"},\"datePublished\":\"2023-09-23T15:23:55+00:00\",\"dateModified\":\"2026-03-24T11:33:30+00:00\",\"description\":\"Tehni\u010dke karakteristike: Snaga: 2000-2400 w Napon: 220-240 v 50-60Hz\",\"breadcrumb\":{\"@id\":\"https:\/\/hairbeauty-pro.com\/?product=fen-za-kosu-elchim-8th-sense-run-black-silver#breadcrumb\"},\"inLanguage\":\"bs-BA\",\"potentialAction\":[{\"@type\":\"ReadAction\",\"target\":[\"https:\/\/hairbeauty-pro.com\/?product=fen-za-kosu-elchim-8th-sense-run-black-silver\"]}]},{\"@type\":\"BreadcrumbList\",\"@id\":\"https:\/\/hairbeauty-pro.com\/?product=fen-za-kosu-elchim-8th-sense-run-black-silver#breadcrumb\",\"itemListElement\":[{\"@type\":\"ListItem\",\"position\":1,\"name\":\"Home\",\"item\":\"https:\/\/hairbeauty-pro.com\/\"},{\"@type\":\"ListItem\",\"position\":2,\"name\":\"Shop\",\"item\":\"https:\/\/hairbeauty-pro.com\/?page_id=11\"},{\"@type\":\"ListItem\",\"position\":3,\"name\":\"Fen za kosu ELCHIM 8th SENSE RUN BLACK &#038; SILVER\"}]},{\"@type\":\"WebSite\",\"@id\":\"https:\/\/hairbeauty-pro.com\/#website\",\"url\":\"https:\/\/hairbeauty-pro.com\/\",\"name\":\"Flash\",\"description\":\"Va\u0161a ultimativna destinacja za njegu kose\",\"publisher\":{\"@id\":\"https:\/\/hairbeauty-pro.com\/#organization\"},\"potentialAction\":[{\"@type\":\"SearchAction\",\"target\":{\"@type\":\"EntryPoint\",\"urlTemplate\":\"https:\/\/hairbeauty-pro.com\/?s={search_term_string}\"},\"query-input\":\"required name=search_term_string\"}],\"inLanguage\":\"bs-BA\"},{\"@type\":\"Organization\",\"@id\":\"https:\/\/hairbeauty-pro.com\/#organization\",\"name\":\"Flash\",\"url\":\"https:\/\/hairbeauty-pro.com\/\",\"logo\":{\"@type\":\"ImageObject\",\"inLanguage\":\"bs-BA\",\"@id\":\"https:\/\/hairbeauty-pro.com\/#\/schema\/logo\/image\/\",\"url\":\"https:\/\/hairbeauty-pro.com\/wp-content\/uploads\/2023\/07\/cropped-FLASH-LOGO-png.png\",\"contentUrl\":\"https:\/\/hairbeauty-pro.com\/wp-content\/uploads\/2023\/07\/cropped-FLASH-LOGO-png.png\",\"width\":1316,\"height\":521,\"caption\":\"Flash\"},\"image\":{\"@id\":\"https:\/\/hairbeauty-pro.com\/#\/schema\/logo\/image\/\"}}]}<\/script>\n<!-- \/ Yoast SEO plugin. -->","yoast_head_json":{"title":"Fen za kosu ELCHIM 8th SENSE RUN BLACK & SILVER - Flash","description":"Tehni\u010dke karakteristike:  Snaga: 2000-2400 w  Napon: 220-240 v  50-60Hz","robots":{"index":"index","follow":"follow","max-snippet":"max-snippet:-1","max-image-preview":"max-image-preview:large","max-video-preview":"max-video-preview:-1"},"canonical":"https:\/\/hairbeauty-pro.com\/?product=fen-za-kosu-elchim-8th-sense-run-black-silver","og_locale":"bs_BA","og_type":"article","og_title":"Fen za kosu ELCHIM 8th SENSE RUN BLACK & SILVER - Flash","og_description":"Tehni\u010dke karakteristike:  Snaga: 2000-2400 w  Napon: 220-240 v  50-60Hz","og_url":"https:\/\/hairbeauty-pro.com\/?product=fen-za-kosu-elchim-8th-sense-run-black-silver","og_site_name":"Flash","article_modified_time":"2026-03-24T11:33:30+00:00","og_image":[{"width":1200,"height":1200,"url":"http:\/\/hairbeauty-pro.com\/wp-content\/uploads\/2023\/09\/14-8th-Sense-Run_lateral.jpg","type":"image\/jpeg"}],"twitter_card":"summary_large_image","twitter_misc":{"Est. reading time":"1 minuta"},"schema":{"@context":"https:\/\/schema.org","@graph":[{"@type":"WebPage","@id":"https:\/\/hairbeauty-pro.com\/?product=fen-za-kosu-elchim-8th-sense-run-black-silver","url":"https:\/\/hairbeauty-pro.com\/?product=fen-za-kosu-elchim-8th-sense-run-black-silver","name":"Fen za kosu ELCHIM 8th SENSE RUN BLACK & SILVER - Flash","isPartOf":{"@id":"https:\/\/hairbeauty-pro.com\/#website"},"datePublished":"2023-09-23T15:23:55+00:00","dateModified":"2026-03-24T11:33:30+00:00","description":"Tehni\u010dke karakteristike: Snaga: 2000-2400 w Napon: 220-240 v 50-60Hz","breadcrumb":{"@id":"https:\/\/hairbeauty-pro.com\/?product=fen-za-kosu-elchim-8th-sense-run-black-silver#breadcrumb"},"inLanguage":"bs-BA","potentialAction":[{"@type":"ReadAction","target":["https:\/\/hairbeauty-pro.com\/?product=fen-za-kosu-elchim-8th-sense-run-black-silver"]}]},{"@type":"BreadcrumbList","@id":"https:\/\/hairbeauty-pro.com\/?product=fen-za-kosu-elchim-8th-sense-run-black-silver#breadcrumb","itemListElement":[{"@type":"ListItem","position":1,"name":"Home","item":"https:\/\/hairbeauty-pro.com\/"},{"@type":"ListItem","position":2,"name":"Shop","item":"https:\/\/hairbeauty-pro.com\/?page_id=11"},{"@type":"ListItem","position":3,"name":"Fen za kosu ELCHIM 8th SENSE RUN BLACK &#038; SILVER"}]},{"@type":"WebSite","@id":"https:\/\/hairbeauty-pro.com\/#website","url":"https:\/\/hairbeauty-pro.com\/","name":"Flash","description":"Va\u0161a ultimativna destinacja za njegu kose","publisher":{"@id":"https:\/\/hairbeauty-pro.com\/#organization"},"potentialAction":[{"@type":"SearchAction","target":{"@type":"EntryPoint","urlTemplate":"https:\/\/hairbeauty-pro.com\/?s={search_term_string}"},"query-input":"required name=search_term_string"}],"inLanguage":"bs-BA"},{"@type":"Organization","@id":"https:\/\/hairbeauty-pro.com\/#organization","name":"Flash","url":"https:\/\/hairbeauty-pro.com\/","logo":{"@type":"ImageObject","inLanguage":"bs-BA","@id":"https:\/\/hairbeauty-pro.com\/#\/schema\/logo\/image\/","url":"https:\/\/hairbeauty-pro.com\/wp-content\/uploads\/2023\/07\/cropped-FLASH-LOGO-png.png","contentUrl":"https:\/\/hairbeauty-pro.com\/wp-content\/uploads\/2023\/07\/cropped-FLASH-LOGO-png.png","width":1316,"height":521,"caption":"Flash"},"image":{"@id":"https:\/\/hairbeauty-pro.com\/#\/schema\/logo\/image\/"}}]}},"_links":{"self":[{"href":"https:\/\/hairbeauty-pro.com\/index.php?rest_route=\/wp\/v2\/product\/4398"}],"collection":[{"href":"https:\/\/hairbeauty-pro.com\/index.php?rest_route=\/wp\/v2\/product"}],"about":[{"href":"https:\/\/hairbeauty-pro.com\/index.php?rest_route=\/wp\/v2\/types\/product"}],"replies":[{"embeddable":true,"href":"https:\/\/hairbeauty-pro.com\/index.php?rest_route=%2Fwp%2Fv2%2Fcomments&post=4398"}],"wp:featuredmedia":[{"embeddable":true,"href":"https:\/\/hairbeauty-pro.com\/index.php?rest_route=\/wp\/v2\/media\/4399"}],"wp:attachment":[{"href":"https:\/\/hairbeauty-pro.com\/index.php?rest_route=%2Fwp%2Fv2%2Fmedia&parent=4398"}],"wp:term":[{"taxonomy":"product_cat","embeddable":true,"href":"https:\/\/hairbeauty-pro.com\/index.php?rest_route=%2Fwp%2Fv2%2Fproduct_cat&post=4398"},{"taxonomy":"product_tag","embeddable":true,"href":"https:\/\/hairbeauty-pro.com\/index.php?rest_route=%2Fwp%2Fv2%2Fproduct_tag&post=4398"}],"curies":[{"name":"wp","href":"https:\/\/api.w.org\/{rel}","templated":true}]}}