{"id":4388,"date":"2023-09-23T15:21:46","date_gmt":"2023-09-23T15:21:46","guid":{"rendered":"https:\/\/hairbeauty-pro.com\/?post_type=product&#038;p=4388"},"modified":"2026-03-24T11:33:31","modified_gmt":"2026-03-24T11:33:31","slug":"fen-za-kosu-elcim-3900-healthy-ioinic-yellow-daisy","status":"publish","type":"product","link":"https:\/\/hairbeauty-pro.com\/?product=fen-za-kosu-elcim-3900-healthy-ioinic-yellow-daisy","title":{"rendered":"Fen za kosu  ELCIM 3900 HEALTHY IOINIC YELLOW DAISY"},"content":{"rendered":"<p>Elchim 3900 trenutno najja\u010di profesionalni fen na tr\u017ei\u0161tu, tih, pouzdan i mo\u0107an. Dio je svjetski priznate Italijanske linije fenova za kosu marke Elchim, a zbog svojih karakteristika skra\u0107uje vrijeme su\u0161enja kose za 30%. Idealan za sve tipove kose, zatvara kutikulu dlake.<\/p>\n<p>&nbsp;<\/p>\n<p>Proizvedeno u Italiji<\/p>\n<p>&nbsp;<\/p>\n<p>Karakteristike:<\/p>\n<ul>\n<li>snaga: 2000-2400 W (30% br\u017ee su\u0161enje od ostalih fenova)<\/li>\n<li>najbolji u kategoriji zbog lako\u0107e, smanjene buke motora i ravnote\u017ee u upotrebi<\/li>\n<li>za\u0161titni sistem protiv elektromagnetskih polja (niski EMF)<\/li>\n<li>jonski i kerami\u010dki sistem hidrira kosu i pove\u0107ava njen sjaj, uklanjaju\u0107i stati\u010dki elektricitet<\/li>\n<li>2 integrisana nastavka sa brzim sistemom za zaklju\u010davanje, optimiziranim za visoke temperature<\/li>\n<li>filter s jednostavnim zaklju\u010davanjem i prakti\u010dnim bo\u010dnim naborima za br\u017ee skidanje i \u010di\u0161\u0107enje filtera<\/li>\n<li>\u0161iroke bo\u010dne za\u0161tite<\/li>\n<li>udobna ergonomski oblikovana dr\u0161ka za bolje prianjanje<\/li>\n<li>inovativan ergonomski dizajn: Te\u017eina je raspore\u0111ena preko nadlaktice<\/li>\n<li>dugme za hladan zrak sa kontrolom<\/li>\n<\/ul>\n<p>\u2022 dvije bo\u010dno integrisane tipke za dvostruko djelovanje<\/p>\n","protected":false},"excerpt":{"rendered":"<p>Tehni\u010dke karakteristike:<\/p>\n<p>Snaga: 2000-2400 w<\/p>\n<p>Napon: 220-240 v<\/p>\n<p>50-60Hz<\/p>\n","protected":false},"featured_media":4392,"comment_status":"open","ping_status":"closed","template":"","meta":{"site-sidebar-layout":"default","site-content-layout":"","ast-site-content-layout":"default","site-content-style":"default","site-sidebar-style":"default","ast-global-header-display":"","ast-banner-title-visibility":"","ast-main-header-display":"","ast-hfb-above-header-display":"","ast-hfb-below-header-display":"","ast-hfb-mobile-header-display":"","site-post-title":"","ast-breadcrumbs-content":"","ast-featured-img":"","footer-sml-layout":"","theme-transparent-header-meta":"default","adv-header-id-meta":"","stick-header-meta":"","header-above-stick-meta":"","header-main-stick-meta":"","header-below-stick-meta":"","astra-migrate-meta-layouts":"set","ast-page-background-enabled":"default","ast-page-background-meta":{"desktop":{"background-color":"","background-image":"","background-repeat":"repeat","background-position":"center center","background-size":"auto","background-attachment":"scroll","background-type":"","background-media":"","overlay-type":"","overlay-color":"","overlay-opacity":"","overlay-gradient":""},"tablet":{"background-color":"","background-image":"","background-repeat":"repeat","background-position":"center center","background-size":"auto","background-attachment":"scroll","background-type":"","background-media":"","overlay-type":"","overlay-color":"","overlay-opacity":"","overlay-gradient":""},"mobile":{"background-color":"","background-image":"","background-repeat":"repeat","background-position":"center center","background-size":"auto","background-attachment":"scroll","background-type":"","background-media":"","overlay-type":"","overlay-color":"","overlay-opacity":"","overlay-gradient":""}},"ast-content-background-meta":{"desktop":{"background-color":"var(--ast-global-color-5)","background-image":"","background-repeat":"repeat","background-position":"center center","background-size":"auto","background-attachment":"scroll","background-type":"","background-media":"","overlay-type":"","overlay-color":"","overlay-opacity":"","overlay-gradient":""},"tablet":{"background-color":"var(--ast-global-color-5)","background-image":"","background-repeat":"repeat","background-position":"center center","background-size":"auto","background-attachment":"scroll","background-type":"","background-media":"","overlay-type":"","overlay-color":"","overlay-opacity":"","overlay-gradient":""},"mobile":{"background-color":"var(--ast-global-color-5)","background-image":"","background-repeat":"repeat","background-position":"center center","background-size":"auto","background-attachment":"scroll","background-type":"","background-media":"","overlay-type":"","overlay-color":"","overlay-opacity":"","overlay-gradient":""}}},"product_cat":[171,221,218],"product_tag":[],"yoast_head":"<!-- This site is optimized with the Yoast SEO plugin v21.7 - https:\/\/yoast.com\/wordpress\/plugins\/seo\/ -->\n<title>Fen za kosu ELCIM 3900 HEALTHY IOINIC YELLOW DAISY - Flash<\/title>\n<meta name=\"description\" content=\"Tehni\u010dke karakteristike:  Snaga: 2000-2400 w  Napon: 220-240 v  50-60Hz\" \/>\n<meta name=\"robots\" content=\"index, follow, max-snippet:-1, max-image-preview:large, max-video-preview:-1\" \/>\n<link rel=\"canonical\" href=\"https:\/\/hairbeauty-pro.com\/?product=fen-za-kosu-elcim-3900-healthy-ioinic-yellow-daisy\" \/>\n<meta property=\"og:locale\" content=\"bs_BA\" \/>\n<meta property=\"og:type\" content=\"article\" \/>\n<meta property=\"og:title\" content=\"Fen za kosu ELCIM 3900 HEALTHY IOINIC YELLOW DAISY - Flash\" \/>\n<meta property=\"og:description\" content=\"Tehni\u010dke karakteristike:  Snaga: 2000-2400 w  Napon: 220-240 v  50-60Hz\" \/>\n<meta property=\"og:url\" content=\"https:\/\/hairbeauty-pro.com\/?product=fen-za-kosu-elcim-3900-healthy-ioinic-yellow-daisy\" \/>\n<meta property=\"og:site_name\" content=\"Flash\" \/>\n<meta property=\"article:modified_time\" content=\"2026-03-24T11:33:31+00:00\" \/>\n<meta property=\"og:image\" content=\"http:\/\/hairbeauty-pro.com\/wp-content\/uploads\/2023\/09\/6-3900-Yellow-Daisy_lateral.jpg\" \/>\n\t<meta property=\"og:image:width\" content=\"1500\" \/>\n\t<meta property=\"og:image:height\" content=\"1500\" \/>\n\t<meta property=\"og:image:type\" content=\"image\/jpeg\" \/>\n<meta name=\"twitter:card\" content=\"summary_large_image\" \/>\n<meta name=\"twitter:label1\" content=\"Est. reading time\" \/>\n\t<meta name=\"twitter:data1\" content=\"1 minuta\" \/>\n<script type=\"application\/ld+json\" class=\"yoast-schema-graph\">{\"@context\":\"https:\/\/schema.org\",\"@graph\":[{\"@type\":\"WebPage\",\"@id\":\"https:\/\/hairbeauty-pro.com\/?product=fen-za-kosu-elcim-3900-healthy-ioinic-yellow-daisy\",\"url\":\"https:\/\/hairbeauty-pro.com\/?product=fen-za-kosu-elcim-3900-healthy-ioinic-yellow-daisy\",\"name\":\"Fen za kosu ELCIM 3900 HEALTHY IOINIC YELLOW DAISY - Flash\",\"isPartOf\":{\"@id\":\"https:\/\/hairbeauty-pro.com\/#website\"},\"datePublished\":\"2023-09-23T15:21:46+00:00\",\"dateModified\":\"2026-03-24T11:33:31+00:00\",\"description\":\"Tehni\u010dke karakteristike: Snaga: 2000-2400 w Napon: 220-240 v 50-60Hz\",\"breadcrumb\":{\"@id\":\"https:\/\/hairbeauty-pro.com\/?product=fen-za-kosu-elcim-3900-healthy-ioinic-yellow-daisy#breadcrumb\"},\"inLanguage\":\"bs-BA\",\"potentialAction\":[{\"@type\":\"ReadAction\",\"target\":[\"https:\/\/hairbeauty-pro.com\/?product=fen-za-kosu-elcim-3900-healthy-ioinic-yellow-daisy\"]}]},{\"@type\":\"BreadcrumbList\",\"@id\":\"https:\/\/hairbeauty-pro.com\/?product=fen-za-kosu-elcim-3900-healthy-ioinic-yellow-daisy#breadcrumb\",\"itemListElement\":[{\"@type\":\"ListItem\",\"position\":1,\"name\":\"Home\",\"item\":\"https:\/\/hairbeauty-pro.com\/\"},{\"@type\":\"ListItem\",\"position\":2,\"name\":\"Shop\",\"item\":\"https:\/\/hairbeauty-pro.com\/?page_id=11\"},{\"@type\":\"ListItem\",\"position\":3,\"name\":\"Fen za kosu ELCIM 3900 HEALTHY IOINIC YELLOW DAISY\"}]},{\"@type\":\"WebSite\",\"@id\":\"https:\/\/hairbeauty-pro.com\/#website\",\"url\":\"https:\/\/hairbeauty-pro.com\/\",\"name\":\"Flash\",\"description\":\"Va\u0161a ultimativna destinacja za njegu kose\",\"publisher\":{\"@id\":\"https:\/\/hairbeauty-pro.com\/#organization\"},\"potentialAction\":[{\"@type\":\"SearchAction\",\"target\":{\"@type\":\"EntryPoint\",\"urlTemplate\":\"https:\/\/hairbeauty-pro.com\/?s={search_term_string}\"},\"query-input\":\"required name=search_term_string\"}],\"inLanguage\":\"bs-BA\"},{\"@type\":\"Organization\",\"@id\":\"https:\/\/hairbeauty-pro.com\/#organization\",\"name\":\"Flash\",\"url\":\"https:\/\/hairbeauty-pro.com\/\",\"logo\":{\"@type\":\"ImageObject\",\"inLanguage\":\"bs-BA\",\"@id\":\"https:\/\/hairbeauty-pro.com\/#\/schema\/logo\/image\/\",\"url\":\"https:\/\/hairbeauty-pro.com\/wp-content\/uploads\/2023\/07\/cropped-FLASH-LOGO-png.png\",\"contentUrl\":\"https:\/\/hairbeauty-pro.com\/wp-content\/uploads\/2023\/07\/cropped-FLASH-LOGO-png.png\",\"width\":1316,\"height\":521,\"caption\":\"Flash\"},\"image\":{\"@id\":\"https:\/\/hairbeauty-pro.com\/#\/schema\/logo\/image\/\"}}]}<\/script>\n<!-- \/ Yoast SEO plugin. -->","yoast_head_json":{"title":"Fen za kosu ELCIM 3900 HEALTHY IOINIC YELLOW DAISY - Flash","description":"Tehni\u010dke karakteristike:  Snaga: 2000-2400 w  Napon: 220-240 v  50-60Hz","robots":{"index":"index","follow":"follow","max-snippet":"max-snippet:-1","max-image-preview":"max-image-preview:large","max-video-preview":"max-video-preview:-1"},"canonical":"https:\/\/hairbeauty-pro.com\/?product=fen-za-kosu-elcim-3900-healthy-ioinic-yellow-daisy","og_locale":"bs_BA","og_type":"article","og_title":"Fen za kosu ELCIM 3900 HEALTHY IOINIC YELLOW DAISY - Flash","og_description":"Tehni\u010dke karakteristike:  Snaga: 2000-2400 w  Napon: 220-240 v  50-60Hz","og_url":"https:\/\/hairbeauty-pro.com\/?product=fen-za-kosu-elcim-3900-healthy-ioinic-yellow-daisy","og_site_name":"Flash","article_modified_time":"2026-03-24T11:33:31+00:00","og_image":[{"width":1500,"height":1500,"url":"http:\/\/hairbeauty-pro.com\/wp-content\/uploads\/2023\/09\/6-3900-Yellow-Daisy_lateral.jpg","type":"image\/jpeg"}],"twitter_card":"summary_large_image","twitter_misc":{"Est. reading time":"1 minuta"},"schema":{"@context":"https:\/\/schema.org","@graph":[{"@type":"WebPage","@id":"https:\/\/hairbeauty-pro.com\/?product=fen-za-kosu-elcim-3900-healthy-ioinic-yellow-daisy","url":"https:\/\/hairbeauty-pro.com\/?product=fen-za-kosu-elcim-3900-healthy-ioinic-yellow-daisy","name":"Fen za kosu ELCIM 3900 HEALTHY IOINIC YELLOW DAISY - Flash","isPartOf":{"@id":"https:\/\/hairbeauty-pro.com\/#website"},"datePublished":"2023-09-23T15:21:46+00:00","dateModified":"2026-03-24T11:33:31+00:00","description":"Tehni\u010dke karakteristike: Snaga: 2000-2400 w Napon: 220-240 v 50-60Hz","breadcrumb":{"@id":"https:\/\/hairbeauty-pro.com\/?product=fen-za-kosu-elcim-3900-healthy-ioinic-yellow-daisy#breadcrumb"},"inLanguage":"bs-BA","potentialAction":[{"@type":"ReadAction","target":["https:\/\/hairbeauty-pro.com\/?product=fen-za-kosu-elcim-3900-healthy-ioinic-yellow-daisy"]}]},{"@type":"BreadcrumbList","@id":"https:\/\/hairbeauty-pro.com\/?product=fen-za-kosu-elcim-3900-healthy-ioinic-yellow-daisy#breadcrumb","itemListElement":[{"@type":"ListItem","position":1,"name":"Home","item":"https:\/\/hairbeauty-pro.com\/"},{"@type":"ListItem","position":2,"name":"Shop","item":"https:\/\/hairbeauty-pro.com\/?page_id=11"},{"@type":"ListItem","position":3,"name":"Fen za kosu ELCIM 3900 HEALTHY IOINIC YELLOW DAISY"}]},{"@type":"WebSite","@id":"https:\/\/hairbeauty-pro.com\/#website","url":"https:\/\/hairbeauty-pro.com\/","name":"Flash","description":"Va\u0161a ultimativna destinacja za njegu kose","publisher":{"@id":"https:\/\/hairbeauty-pro.com\/#organization"},"potentialAction":[{"@type":"SearchAction","target":{"@type":"EntryPoint","urlTemplate":"https:\/\/hairbeauty-pro.com\/?s={search_term_string}"},"query-input":"required name=search_term_string"}],"inLanguage":"bs-BA"},{"@type":"Organization","@id":"https:\/\/hairbeauty-pro.com\/#organization","name":"Flash","url":"https:\/\/hairbeauty-pro.com\/","logo":{"@type":"ImageObject","inLanguage":"bs-BA","@id":"https:\/\/hairbeauty-pro.com\/#\/schema\/logo\/image\/","url":"https:\/\/hairbeauty-pro.com\/wp-content\/uploads\/2023\/07\/cropped-FLASH-LOGO-png.png","contentUrl":"https:\/\/hairbeauty-pro.com\/wp-content\/uploads\/2023\/07\/cropped-FLASH-LOGO-png.png","width":1316,"height":521,"caption":"Flash"},"image":{"@id":"https:\/\/hairbeauty-pro.com\/#\/schema\/logo\/image\/"}}]}},"_links":{"self":[{"href":"https:\/\/hairbeauty-pro.com\/index.php?rest_route=\/wp\/v2\/product\/4388"}],"collection":[{"href":"https:\/\/hairbeauty-pro.com\/index.php?rest_route=\/wp\/v2\/product"}],"about":[{"href":"https:\/\/hairbeauty-pro.com\/index.php?rest_route=\/wp\/v2\/types\/product"}],"replies":[{"embeddable":true,"href":"https:\/\/hairbeauty-pro.com\/index.php?rest_route=%2Fwp%2Fv2%2Fcomments&post=4388"}],"wp:featuredmedia":[{"embeddable":true,"href":"https:\/\/hairbeauty-pro.com\/index.php?rest_route=\/wp\/v2\/media\/4392"}],"wp:attachment":[{"href":"https:\/\/hairbeauty-pro.com\/index.php?rest_route=%2Fwp%2Fv2%2Fmedia&parent=4388"}],"wp:term":[{"taxonomy":"product_cat","embeddable":true,"href":"https:\/\/hairbeauty-pro.com\/index.php?rest_route=%2Fwp%2Fv2%2Fproduct_cat&post=4388"},{"taxonomy":"product_tag","embeddable":true,"href":"https:\/\/hairbeauty-pro.com\/index.php?rest_route=%2Fwp%2Fv2%2Fproduct_tag&post=4388"}],"curies":[{"name":"wp","href":"https:\/\/api.w.org\/{rel}","templated":true}]}}