{"id":4121,"date":"2023-09-22T07:12:12","date_gmt":"2023-09-22T07:12:12","guid":{"rendered":"https:\/\/hairbeauty-pro.com\/?post_type=product&#038;p=4121"},"modified":"2026-03-24T11:31:34","modified_gmt":"2026-03-24T11:31:34","slug":"t09-antistaticka-polucetka-za-feniranje-straight-air-styler-3","status":"publish","type":"product","link":"https:\/\/hairbeauty-pro.com\/?product=t09-antistaticka-polucetka-za-feniranje-straight-air-styler-3","title":{"rendered":"T09 Antistati\u010dka polu\u010detka za feniranje &#8211; STRAIGHT AIR STYLER SVIJETLO PLAVA"},"content":{"rendered":"<p>Posebni ventilacijski otvori ( 118 komada) uz zupce na ovoj \u010detki za\u0161titni su znak Y. S. Park proizvoda te omogu\u0107uju br\u017ee su\u0161enje kose i stvaranje vi\u0161e volumena. Ovih ventilacijski otvori ne akumuliraju toplotu, tako da je \u010detka veoma nje\u017ena prema kosi i kosa se brzo su\u0161i. Lagan antistati\u010dki materijal i ugodan ergonomski dizajn. Tako\u0111er, ventilacijski otvori nalaze se i na ru\u010dki kako bi omogu\u0107ili bolje prianjanje i da ruke ostanu suhe. Vrat dr\u0161ke dizajniran je da omogu\u0107i lak\u0161e i br\u017ee okretanje. Obzirom da zupci nisu zaobljeni, ova \u010detka je idealna za raspetljavanje i \u010de\u0161ljanje ekstenzija. Idealna za izradu postepenih bob frizura i ravno feniranje. Ova \u010detka tako\u0111e mo\u017ee stvoriti puno\u0107u i volumen dok fenirate kosu na ravno.<\/p>\n<p>&nbsp;<\/p>\n","protected":false},"excerpt":{"rendered":"<p>Du\u017eina: 222 mm<\/p>\n<p>\u0160irina: 41 mm<\/p>\n<p>Te\u017eina: 66gr<\/p>\n<p>Boje: karbon crna, jonsko plava, \u017euta, narand\u017easta, svijetlo plava<\/p>\n","protected":false},"featured_media":4122,"comment_status":"open","ping_status":"closed","template":"","meta":{"site-sidebar-layout":"default","site-content-layout":"","ast-site-content-layout":"default","site-content-style":"default","site-sidebar-style":"default","ast-global-header-display":"","ast-banner-title-visibility":"","ast-main-header-display":"","ast-hfb-above-header-display":"","ast-hfb-below-header-display":"","ast-hfb-mobile-header-display":"","site-post-title":"","ast-breadcrumbs-content":"","ast-featured-img":"","footer-sml-layout":"","theme-transparent-header-meta":"default","adv-header-id-meta":"","stick-header-meta":"","header-above-stick-meta":"","header-main-stick-meta":"","header-below-stick-meta":"","astra-migrate-meta-layouts":"set","ast-page-background-enabled":"default","ast-page-background-meta":{"desktop":{"background-color":"","background-image":"","background-repeat":"repeat","background-position":"center center","background-size":"auto","background-attachment":"scroll","background-type":"","background-media":"","overlay-type":"","overlay-color":"","overlay-opacity":"","overlay-gradient":""},"tablet":{"background-color":"","background-image":"","background-repeat":"repeat","background-position":"center center","background-size":"auto","background-attachment":"scroll","background-type":"","background-media":"","overlay-type":"","overlay-color":"","overlay-opacity":"","overlay-gradient":""},"mobile":{"background-color":"","background-image":"","background-repeat":"repeat","background-position":"center center","background-size":"auto","background-attachment":"scroll","background-type":"","background-media":"","overlay-type":"","overlay-color":"","overlay-opacity":"","overlay-gradient":""}},"ast-content-background-meta":{"desktop":{"background-color":"var(--ast-global-color-5)","background-image":"","background-repeat":"repeat","background-position":"center center","background-size":"auto","background-attachment":"scroll","background-type":"","background-media":"","overlay-type":"","overlay-color":"","overlay-opacity":"","overlay-gradient":""},"tablet":{"background-color":"var(--ast-global-color-5)","background-image":"","background-repeat":"repeat","background-position":"center center","background-size":"auto","background-attachment":"scroll","background-type":"","background-media":"","overlay-type":"","overlay-color":"","overlay-opacity":"","overlay-gradient":""},"mobile":{"background-color":"var(--ast-global-color-5)","background-image":"","background-repeat":"repeat","background-position":"center center","background-size":"auto","background-attachment":"scroll","background-type":"","background-media":"","overlay-type":"","overlay-color":"","overlay-opacity":"","overlay-gradient":""}}},"product_cat":[213,162,215,163,216,46],"product_tag":[],"yoast_head":"<!-- This site is optimized with the Yoast SEO plugin v21.7 - https:\/\/yoast.com\/wordpress\/plugins\/seo\/ -->\n<title>T09 Antistati\u010dka polu\u010detka za feniranje - STRAIGHT AIR STYLER SVIJETLO PLAVA - Flash<\/title>\n<meta name=\"description\" content=\"Du\u017eina: 222 mm  \u0160irina: 41 mm  Te\u017eina: 66gr  Boje: karbon crna, jonsko plava, \u017euta, narand\u017easta, svijetlo plava\" \/>\n<meta name=\"robots\" content=\"index, follow, max-snippet:-1, max-image-preview:large, max-video-preview:-1\" \/>\n<link rel=\"canonical\" href=\"https:\/\/hairbeauty-pro.com\/?product=t09-antistaticka-polucetka-za-feniranje-straight-air-styler-3\" \/>\n<meta property=\"og:locale\" content=\"bs_BA\" \/>\n<meta property=\"og:type\" content=\"article\" \/>\n<meta property=\"og:title\" content=\"T09 Antistati\u010dka polu\u010detka za feniranje - STRAIGHT AIR STYLER SVIJETLO PLAVA - Flash\" \/>\n<meta property=\"og:description\" content=\"Du\u017eina: 222 mm  \u0160irina: 41 mm  Te\u017eina: 66gr  Boje: karbon crna, jonsko plava, \u017euta, narand\u017easta, svijetlo plava\" \/>\n<meta property=\"og:url\" content=\"https:\/\/hairbeauty-pro.com\/?product=t09-antistaticka-polucetka-za-feniranje-straight-air-styler-3\" \/>\n<meta property=\"og:site_name\" content=\"Flash\" \/>\n<meta property=\"article:modified_time\" content=\"2026-03-24T11:31:34+00:00\" \/>\n<meta property=\"og:image\" content=\"http:\/\/hairbeauty-pro.com\/wp-content\/uploads\/2023\/09\/YS-T09_front_light-blue.png\" \/>\n\t<meta property=\"og:image:width\" content=\"289\" \/>\n\t<meta property=\"og:image:height\" content=\"1024\" \/>\n\t<meta property=\"og:image:type\" content=\"image\/png\" \/>\n<meta name=\"twitter:card\" content=\"summary_large_image\" \/>\n<meta name=\"twitter:label1\" content=\"Est. reading time\" \/>\n\t<meta name=\"twitter:data1\" content=\"1 minuta\" \/>\n<script type=\"application\/ld+json\" class=\"yoast-schema-graph\">{\"@context\":\"https:\/\/schema.org\",\"@graph\":[{\"@type\":\"WebPage\",\"@id\":\"https:\/\/hairbeauty-pro.com\/?product=t09-antistaticka-polucetka-za-feniranje-straight-air-styler-3\",\"url\":\"https:\/\/hairbeauty-pro.com\/?product=t09-antistaticka-polucetka-za-feniranje-straight-air-styler-3\",\"name\":\"T09 Antistati\u010dka polu\u010detka za feniranje - STRAIGHT AIR STYLER SVIJETLO PLAVA - Flash\",\"isPartOf\":{\"@id\":\"https:\/\/hairbeauty-pro.com\/#website\"},\"datePublished\":\"2023-09-22T07:12:12+00:00\",\"dateModified\":\"2026-03-24T11:31:34+00:00\",\"description\":\"Du\u017eina: 222 mm \u0160irina: 41 mm Te\u017eina: 66gr Boje: karbon crna, jonsko plava, \u017euta, narand\u017easta, svijetlo plava\",\"breadcrumb\":{\"@id\":\"https:\/\/hairbeauty-pro.com\/?product=t09-antistaticka-polucetka-za-feniranje-straight-air-styler-3#breadcrumb\"},\"inLanguage\":\"bs-BA\",\"potentialAction\":[{\"@type\":\"ReadAction\",\"target\":[\"https:\/\/hairbeauty-pro.com\/?product=t09-antistaticka-polucetka-za-feniranje-straight-air-styler-3\"]}]},{\"@type\":\"BreadcrumbList\",\"@id\":\"https:\/\/hairbeauty-pro.com\/?product=t09-antistaticka-polucetka-za-feniranje-straight-air-styler-3#breadcrumb\",\"itemListElement\":[{\"@type\":\"ListItem\",\"position\":1,\"name\":\"Home\",\"item\":\"https:\/\/hairbeauty-pro.com\/\"},{\"@type\":\"ListItem\",\"position\":2,\"name\":\"Shop\",\"item\":\"https:\/\/hairbeauty-pro.com\/?page_id=11\"},{\"@type\":\"ListItem\",\"position\":3,\"name\":\"T09 Antistati\u010dka polu\u010detka za feniranje &#8211; STRAIGHT AIR STYLER SVIJETLO PLAVA\"}]},{\"@type\":\"WebSite\",\"@id\":\"https:\/\/hairbeauty-pro.com\/#website\",\"url\":\"https:\/\/hairbeauty-pro.com\/\",\"name\":\"Flash\",\"description\":\"Va\u0161a ultimativna destinacja za njegu kose\",\"publisher\":{\"@id\":\"https:\/\/hairbeauty-pro.com\/#organization\"},\"potentialAction\":[{\"@type\":\"SearchAction\",\"target\":{\"@type\":\"EntryPoint\",\"urlTemplate\":\"https:\/\/hairbeauty-pro.com\/?s={search_term_string}\"},\"query-input\":\"required name=search_term_string\"}],\"inLanguage\":\"bs-BA\"},{\"@type\":\"Organization\",\"@id\":\"https:\/\/hairbeauty-pro.com\/#organization\",\"name\":\"Flash\",\"url\":\"https:\/\/hairbeauty-pro.com\/\",\"logo\":{\"@type\":\"ImageObject\",\"inLanguage\":\"bs-BA\",\"@id\":\"https:\/\/hairbeauty-pro.com\/#\/schema\/logo\/image\/\",\"url\":\"https:\/\/hairbeauty-pro.com\/wp-content\/uploads\/2023\/07\/cropped-FLASH-LOGO-png.png\",\"contentUrl\":\"https:\/\/hairbeauty-pro.com\/wp-content\/uploads\/2023\/07\/cropped-FLASH-LOGO-png.png\",\"width\":1316,\"height\":521,\"caption\":\"Flash\"},\"image\":{\"@id\":\"https:\/\/hairbeauty-pro.com\/#\/schema\/logo\/image\/\"}}]}<\/script>\n<!-- \/ Yoast SEO plugin. -->","yoast_head_json":{"title":"T09 Antistati\u010dka polu\u010detka za feniranje - STRAIGHT AIR STYLER SVIJETLO PLAVA - Flash","description":"Du\u017eina: 222 mm  \u0160irina: 41 mm  Te\u017eina: 66gr  Boje: karbon crna, jonsko plava, \u017euta, narand\u017easta, svijetlo plava","robots":{"index":"index","follow":"follow","max-snippet":"max-snippet:-1","max-image-preview":"max-image-preview:large","max-video-preview":"max-video-preview:-1"},"canonical":"https:\/\/hairbeauty-pro.com\/?product=t09-antistaticka-polucetka-za-feniranje-straight-air-styler-3","og_locale":"bs_BA","og_type":"article","og_title":"T09 Antistati\u010dka polu\u010detka za feniranje - STRAIGHT AIR STYLER SVIJETLO PLAVA - Flash","og_description":"Du\u017eina: 222 mm  \u0160irina: 41 mm  Te\u017eina: 66gr  Boje: karbon crna, jonsko plava, \u017euta, narand\u017easta, svijetlo plava","og_url":"https:\/\/hairbeauty-pro.com\/?product=t09-antistaticka-polucetka-za-feniranje-straight-air-styler-3","og_site_name":"Flash","article_modified_time":"2026-03-24T11:31:34+00:00","og_image":[{"url":"http:\/\/hairbeauty-pro.com\/wp-content\/uploads\/2023\/09\/YS-T09_front_light-blue.png","width":289,"height":1024,"type":"image\/png"}],"twitter_card":"summary_large_image","twitter_misc":{"Est. reading time":"1 minuta"},"schema":{"@context":"https:\/\/schema.org","@graph":[{"@type":"WebPage","@id":"https:\/\/hairbeauty-pro.com\/?product=t09-antistaticka-polucetka-za-feniranje-straight-air-styler-3","url":"https:\/\/hairbeauty-pro.com\/?product=t09-antistaticka-polucetka-za-feniranje-straight-air-styler-3","name":"T09 Antistati\u010dka polu\u010detka za feniranje - STRAIGHT AIR STYLER SVIJETLO PLAVA - Flash","isPartOf":{"@id":"https:\/\/hairbeauty-pro.com\/#website"},"datePublished":"2023-09-22T07:12:12+00:00","dateModified":"2026-03-24T11:31:34+00:00","description":"Du\u017eina: 222 mm \u0160irina: 41 mm Te\u017eina: 66gr Boje: karbon crna, jonsko plava, \u017euta, narand\u017easta, svijetlo plava","breadcrumb":{"@id":"https:\/\/hairbeauty-pro.com\/?product=t09-antistaticka-polucetka-za-feniranje-straight-air-styler-3#breadcrumb"},"inLanguage":"bs-BA","potentialAction":[{"@type":"ReadAction","target":["https:\/\/hairbeauty-pro.com\/?product=t09-antistaticka-polucetka-za-feniranje-straight-air-styler-3"]}]},{"@type":"BreadcrumbList","@id":"https:\/\/hairbeauty-pro.com\/?product=t09-antistaticka-polucetka-za-feniranje-straight-air-styler-3#breadcrumb","itemListElement":[{"@type":"ListItem","position":1,"name":"Home","item":"https:\/\/hairbeauty-pro.com\/"},{"@type":"ListItem","position":2,"name":"Shop","item":"https:\/\/hairbeauty-pro.com\/?page_id=11"},{"@type":"ListItem","position":3,"name":"T09 Antistati\u010dka polu\u010detka za feniranje &#8211; STRAIGHT AIR STYLER SVIJETLO PLAVA"}]},{"@type":"WebSite","@id":"https:\/\/hairbeauty-pro.com\/#website","url":"https:\/\/hairbeauty-pro.com\/","name":"Flash","description":"Va\u0161a ultimativna destinacja za njegu kose","publisher":{"@id":"https:\/\/hairbeauty-pro.com\/#organization"},"potentialAction":[{"@type":"SearchAction","target":{"@type":"EntryPoint","urlTemplate":"https:\/\/hairbeauty-pro.com\/?s={search_term_string}"},"query-input":"required name=search_term_string"}],"inLanguage":"bs-BA"},{"@type":"Organization","@id":"https:\/\/hairbeauty-pro.com\/#organization","name":"Flash","url":"https:\/\/hairbeauty-pro.com\/","logo":{"@type":"ImageObject","inLanguage":"bs-BA","@id":"https:\/\/hairbeauty-pro.com\/#\/schema\/logo\/image\/","url":"https:\/\/hairbeauty-pro.com\/wp-content\/uploads\/2023\/07\/cropped-FLASH-LOGO-png.png","contentUrl":"https:\/\/hairbeauty-pro.com\/wp-content\/uploads\/2023\/07\/cropped-FLASH-LOGO-png.png","width":1316,"height":521,"caption":"Flash"},"image":{"@id":"https:\/\/hairbeauty-pro.com\/#\/schema\/logo\/image\/"}}]}},"_links":{"self":[{"href":"https:\/\/hairbeauty-pro.com\/index.php?rest_route=\/wp\/v2\/product\/4121"}],"collection":[{"href":"https:\/\/hairbeauty-pro.com\/index.php?rest_route=\/wp\/v2\/product"}],"about":[{"href":"https:\/\/hairbeauty-pro.com\/index.php?rest_route=\/wp\/v2\/types\/product"}],"replies":[{"embeddable":true,"href":"https:\/\/hairbeauty-pro.com\/index.php?rest_route=%2Fwp%2Fv2%2Fcomments&post=4121"}],"wp:featuredmedia":[{"embeddable":true,"href":"https:\/\/hairbeauty-pro.com\/index.php?rest_route=\/wp\/v2\/media\/4122"}],"wp:attachment":[{"href":"https:\/\/hairbeauty-pro.com\/index.php?rest_route=%2Fwp%2Fv2%2Fmedia&parent=4121"}],"wp:term":[{"taxonomy":"product_cat","embeddable":true,"href":"https:\/\/hairbeauty-pro.com\/index.php?rest_route=%2Fwp%2Fv2%2Fproduct_cat&post=4121"},{"taxonomy":"product_tag","embeddable":true,"href":"https:\/\/hairbeauty-pro.com\/index.php?rest_route=%2Fwp%2Fv2%2Fproduct_tag&post=4121"}],"curies":[{"name":"wp","href":"https:\/\/api.w.org\/{rel}","templated":true}]}}