{"id":4044,"date":"2023-09-21T14:38:48","date_gmt":"2023-09-21T14:38:48","guid":{"rendered":"https:\/\/hairbeauty-pro.com\/?post_type=product&#038;p=4044"},"modified":"2026-03-24T11:31:51","modified_gmt":"2026-03-24T11:31:51","slug":"nayo-krem-aktivator-boje-40vol-12","status":"publish","type":"product","link":"https:\/\/hairbeauty-pro.com\/?product=nayo-krem-aktivator-boje-40vol-12","title":{"rendered":"NaYo krem aktivator boje 40vol (12%)"},"content":{"rendered":"<p>Razvija\u010d boje namijenjen za upotrebu sa NaYo bojama. NaYo Cream aktivator, pakovan u boci od 1000 ml uz pomo\u0107 NaYo Faststation-a, omogu\u0107ava trenutno doziranje proizvoda. Nosa\u010d aktivatora je osmi\u0161ljen da se mogu namjestiti 4 boce okrenute naopako kako bi se jednostavno i brzo dozirala koli\u010dinu, a baza nosa\u010da sadr\u017ei elektronsku vagu. Boca je okrenuta naopako da bi se olak\u0161alo istiskanje krem aktivatora. Indikator nivoa koli\u010dine pokazuje koli\u010dinu preostalog proizvoda na raspolaganju. Flip-flop \u010dep sa posebno osmi\u0161ljenim otvorom za savr\u0161eno istiskanje bez ne\u017eeljenog prolivanja proizvoda. Ergonomski dizajnirano pakovanje radi lak\u0161e upotrebe.<\/p>\n<p>SMJESA BOJE<\/p>\n<p>Za potpunu primjenu promije\u0161ati: 1 tubu od 50 ml NaYo boje + 75 ml Nayo krem aktivatora.<\/p>\n<p>Omjer je 1:1,5.<\/p>\n<p>Superlightening: promije\u0161ati 1 tubu od 50 ml NaYo boje + 100 ml Nayo krem aktivatora.. Omjer je 1:2.<\/p>\n<p>Mije\u0161ati dok ne dobijete kremu bogate i djelotvorne teksture.<\/p>\n<p>PRIMJENA I VRIJEME DR\u017dANJA<\/p>\n<p>-Za bojenje izrastka primijeniti samo na izrast i dr\u017eati 35 minuta.<\/p>\n<p>-Superlightening: vrijeme dr\u017eanja na kosi je 50 min.<\/p>\n<p>KAKO KORISTITI AKTIVATORE<\/p>\n<p>10 vol za potamnjivanje ili posvjetljivanje do 1 tonaliteta.<\/p>\n<p>20 vol za postizanje maksimalnog prekrivanja sijede kose i posvjetljivanje do 2 tonaliteta.<\/p>\n<p>30 vol za pokrivanje sijede kose i za posvjetljivanje do 3 tonaliteta.<\/p>\n<p>40 vol za posvjetljivanje do 4 tonaliteta, a u kombinaciji sa Superlighter bojama u omjeru 1:2 za postizanje maksimalnog posvjetljenja (4-5 tonaliteta)<\/p>\n","protected":false},"excerpt":{"rendered":"<p>1000 ML<\/p>\n<p>*Cijena na upit | Samo za salonsku upotrebu<\/p>\n","protected":false},"featured_media":5855,"comment_status":"open","ping_status":"closed","template":"","meta":{"site-sidebar-layout":"default","site-content-layout":"","ast-site-content-layout":"default","site-content-style":"default","site-sidebar-style":"default","ast-global-header-display":"","ast-banner-title-visibility":"","ast-main-header-display":"","ast-hfb-above-header-display":"","ast-hfb-below-header-display":"","ast-hfb-mobile-header-display":"","site-post-title":"","ast-breadcrumbs-content":"","ast-featured-img":"","footer-sml-layout":"","theme-transparent-header-meta":"default","adv-header-id-meta":"","stick-header-meta":"","header-above-stick-meta":"","header-main-stick-meta":"","header-below-stick-meta":"","astra-migrate-meta-layouts":"set","ast-page-background-enabled":"default","ast-page-background-meta":{"desktop":{"background-color":"","background-image":"","background-repeat":"repeat","background-position":"center center","background-size":"auto","background-attachment":"scroll","background-type":"","background-media":"","overlay-type":"","overlay-color":"","overlay-opacity":"","overlay-gradient":""},"tablet":{"background-color":"","background-image":"","background-repeat":"repeat","background-position":"center center","background-size":"auto","background-attachment":"scroll","background-type":"","background-media":"","overlay-type":"","overlay-color":"","overlay-opacity":"","overlay-gradient":""},"mobile":{"background-color":"","background-image":"","background-repeat":"repeat","background-position":"center center","background-size":"auto","background-attachment":"scroll","background-type":"","background-media":"","overlay-type":"","overlay-color":"","overlay-opacity":"","overlay-gradient":""}},"ast-content-background-meta":{"desktop":{"background-color":"var(--ast-global-color-5)","background-image":"","background-repeat":"repeat","background-position":"center center","background-size":"auto","background-attachment":"scroll","background-type":"","background-media":"","overlay-type":"","overlay-color":"","overlay-opacity":"","overlay-gradient":""},"tablet":{"background-color":"var(--ast-global-color-5)","background-image":"","background-repeat":"repeat","background-position":"center center","background-size":"auto","background-attachment":"scroll","background-type":"","background-media":"","overlay-type":"","overlay-color":"","overlay-opacity":"","overlay-gradient":""},"mobile":{"background-color":"var(--ast-global-color-5)","background-image":"","background-repeat":"repeat","background-position":"center center","background-size":"auto","background-attachment":"scroll","background-type":"","background-media":"","overlay-type":"","overlay-color":"","overlay-opacity":"","overlay-gradient":""}}},"product_cat":[197,158,122,191,264],"product_tag":[],"yoast_head":"<!-- This site is optimized with the Yoast SEO plugin v21.7 - https:\/\/yoast.com\/wordpress\/plugins\/seo\/ -->\n<title>NaYo krem aktivator boje 40vol (12%) - Flash<\/title>\n<meta name=\"description\" content=\"1000 ML  *Cijena na upit | Samo za salonsku upotrebu\" \/>\n<meta name=\"robots\" content=\"index, follow, max-snippet:-1, max-image-preview:large, max-video-preview:-1\" \/>\n<link rel=\"canonical\" href=\"https:\/\/hairbeauty-pro.com\/?product=nayo-krem-aktivator-boje-40vol-12\" \/>\n<meta property=\"og:locale\" content=\"bs_BA\" \/>\n<meta property=\"og:type\" content=\"article\" \/>\n<meta property=\"og:title\" content=\"NaYo krem aktivator boje 40vol (12%) - Flash\" \/>\n<meta property=\"og:description\" content=\"1000 ML  *Cijena na upit | Samo za salonsku upotrebu\" \/>\n<meta property=\"og:url\" content=\"https:\/\/hairbeauty-pro.com\/?product=nayo-krem-aktivator-boje-40vol-12\" \/>\n<meta property=\"og:site_name\" content=\"Flash\" \/>\n<meta property=\"article:modified_time\" content=\"2026-03-24T11:31:51+00:00\" \/>\n<meta property=\"og:image\" content=\"http:\/\/hairbeauty-pro.com\/wp-content\/uploads\/2023\/11\/NaYo-cream-activator-40-1000-ml-1-scaled-1.jpg\" \/>\n\t<meta property=\"og:image:width\" content=\"1280\" \/>\n\t<meta property=\"og:image:height\" content=\"2560\" \/>\n\t<meta property=\"og:image:type\" content=\"image\/jpeg\" \/>\n<meta name=\"twitter:card\" content=\"summary_large_image\" \/>\n<meta name=\"twitter:label1\" content=\"Est. reading time\" \/>\n\t<meta name=\"twitter:data1\" content=\"1 minuta\" \/>\n<script type=\"application\/ld+json\" class=\"yoast-schema-graph\">{\"@context\":\"https:\/\/schema.org\",\"@graph\":[{\"@type\":\"WebPage\",\"@id\":\"https:\/\/hairbeauty-pro.com\/?product=nayo-krem-aktivator-boje-40vol-12\",\"url\":\"https:\/\/hairbeauty-pro.com\/?product=nayo-krem-aktivator-boje-40vol-12\",\"name\":\"NaYo krem aktivator boje 40vol (12%) - Flash\",\"isPartOf\":{\"@id\":\"https:\/\/hairbeauty-pro.com\/#website\"},\"datePublished\":\"2023-09-21T14:38:48+00:00\",\"dateModified\":\"2026-03-24T11:31:51+00:00\",\"description\":\"1000 ML *Cijena na upit | Samo za salonsku upotrebu\",\"breadcrumb\":{\"@id\":\"https:\/\/hairbeauty-pro.com\/?product=nayo-krem-aktivator-boje-40vol-12#breadcrumb\"},\"inLanguage\":\"bs-BA\",\"potentialAction\":[{\"@type\":\"ReadAction\",\"target\":[\"https:\/\/hairbeauty-pro.com\/?product=nayo-krem-aktivator-boje-40vol-12\"]}]},{\"@type\":\"BreadcrumbList\",\"@id\":\"https:\/\/hairbeauty-pro.com\/?product=nayo-krem-aktivator-boje-40vol-12#breadcrumb\",\"itemListElement\":[{\"@type\":\"ListItem\",\"position\":1,\"name\":\"Home\",\"item\":\"https:\/\/hairbeauty-pro.com\/\"},{\"@type\":\"ListItem\",\"position\":2,\"name\":\"Shop\",\"item\":\"https:\/\/hairbeauty-pro.com\/?page_id=11\"},{\"@type\":\"ListItem\",\"position\":3,\"name\":\"NaYo krem aktivator boje 40vol (12%)\"}]},{\"@type\":\"WebSite\",\"@id\":\"https:\/\/hairbeauty-pro.com\/#website\",\"url\":\"https:\/\/hairbeauty-pro.com\/\",\"name\":\"Flash\",\"description\":\"Va\u0161a ultimativna destinacja za njegu kose\",\"publisher\":{\"@id\":\"https:\/\/hairbeauty-pro.com\/#organization\"},\"potentialAction\":[{\"@type\":\"SearchAction\",\"target\":{\"@type\":\"EntryPoint\",\"urlTemplate\":\"https:\/\/hairbeauty-pro.com\/?s={search_term_string}\"},\"query-input\":\"required name=search_term_string\"}],\"inLanguage\":\"bs-BA\"},{\"@type\":\"Organization\",\"@id\":\"https:\/\/hairbeauty-pro.com\/#organization\",\"name\":\"Flash\",\"url\":\"https:\/\/hairbeauty-pro.com\/\",\"logo\":{\"@type\":\"ImageObject\",\"inLanguage\":\"bs-BA\",\"@id\":\"https:\/\/hairbeauty-pro.com\/#\/schema\/logo\/image\/\",\"url\":\"https:\/\/hairbeauty-pro.com\/wp-content\/uploads\/2023\/07\/cropped-FLASH-LOGO-png.png\",\"contentUrl\":\"https:\/\/hairbeauty-pro.com\/wp-content\/uploads\/2023\/07\/cropped-FLASH-LOGO-png.png\",\"width\":1316,\"height\":521,\"caption\":\"Flash\"},\"image\":{\"@id\":\"https:\/\/hairbeauty-pro.com\/#\/schema\/logo\/image\/\"}}]}<\/script>\n<!-- \/ Yoast SEO plugin. -->","yoast_head_json":{"title":"NaYo krem aktivator boje 40vol (12%) - Flash","description":"1000 ML  *Cijena na upit | Samo za salonsku upotrebu","robots":{"index":"index","follow":"follow","max-snippet":"max-snippet:-1","max-image-preview":"max-image-preview:large","max-video-preview":"max-video-preview:-1"},"canonical":"https:\/\/hairbeauty-pro.com\/?product=nayo-krem-aktivator-boje-40vol-12","og_locale":"bs_BA","og_type":"article","og_title":"NaYo krem aktivator boje 40vol (12%) - Flash","og_description":"1000 ML  *Cijena na upit | Samo za salonsku upotrebu","og_url":"https:\/\/hairbeauty-pro.com\/?product=nayo-krem-aktivator-boje-40vol-12","og_site_name":"Flash","article_modified_time":"2026-03-24T11:31:51+00:00","og_image":[{"width":1280,"height":2560,"url":"http:\/\/hairbeauty-pro.com\/wp-content\/uploads\/2023\/11\/NaYo-cream-activator-40-1000-ml-1-scaled-1.jpg","type":"image\/jpeg"}],"twitter_card":"summary_large_image","twitter_misc":{"Est. reading time":"1 minuta"},"schema":{"@context":"https:\/\/schema.org","@graph":[{"@type":"WebPage","@id":"https:\/\/hairbeauty-pro.com\/?product=nayo-krem-aktivator-boje-40vol-12","url":"https:\/\/hairbeauty-pro.com\/?product=nayo-krem-aktivator-boje-40vol-12","name":"NaYo krem aktivator boje 40vol (12%) - Flash","isPartOf":{"@id":"https:\/\/hairbeauty-pro.com\/#website"},"datePublished":"2023-09-21T14:38:48+00:00","dateModified":"2026-03-24T11:31:51+00:00","description":"1000 ML *Cijena na upit | Samo za salonsku upotrebu","breadcrumb":{"@id":"https:\/\/hairbeauty-pro.com\/?product=nayo-krem-aktivator-boje-40vol-12#breadcrumb"},"inLanguage":"bs-BA","potentialAction":[{"@type":"ReadAction","target":["https:\/\/hairbeauty-pro.com\/?product=nayo-krem-aktivator-boje-40vol-12"]}]},{"@type":"BreadcrumbList","@id":"https:\/\/hairbeauty-pro.com\/?product=nayo-krem-aktivator-boje-40vol-12#breadcrumb","itemListElement":[{"@type":"ListItem","position":1,"name":"Home","item":"https:\/\/hairbeauty-pro.com\/"},{"@type":"ListItem","position":2,"name":"Shop","item":"https:\/\/hairbeauty-pro.com\/?page_id=11"},{"@type":"ListItem","position":3,"name":"NaYo krem aktivator boje 40vol (12%)"}]},{"@type":"WebSite","@id":"https:\/\/hairbeauty-pro.com\/#website","url":"https:\/\/hairbeauty-pro.com\/","name":"Flash","description":"Va\u0161a ultimativna destinacja za njegu kose","publisher":{"@id":"https:\/\/hairbeauty-pro.com\/#organization"},"potentialAction":[{"@type":"SearchAction","target":{"@type":"EntryPoint","urlTemplate":"https:\/\/hairbeauty-pro.com\/?s={search_term_string}"},"query-input":"required name=search_term_string"}],"inLanguage":"bs-BA"},{"@type":"Organization","@id":"https:\/\/hairbeauty-pro.com\/#organization","name":"Flash","url":"https:\/\/hairbeauty-pro.com\/","logo":{"@type":"ImageObject","inLanguage":"bs-BA","@id":"https:\/\/hairbeauty-pro.com\/#\/schema\/logo\/image\/","url":"https:\/\/hairbeauty-pro.com\/wp-content\/uploads\/2023\/07\/cropped-FLASH-LOGO-png.png","contentUrl":"https:\/\/hairbeauty-pro.com\/wp-content\/uploads\/2023\/07\/cropped-FLASH-LOGO-png.png","width":1316,"height":521,"caption":"Flash"},"image":{"@id":"https:\/\/hairbeauty-pro.com\/#\/schema\/logo\/image\/"}}]}},"_links":{"self":[{"href":"https:\/\/hairbeauty-pro.com\/index.php?rest_route=\/wp\/v2\/product\/4044"}],"collection":[{"href":"https:\/\/hairbeauty-pro.com\/index.php?rest_route=\/wp\/v2\/product"}],"about":[{"href":"https:\/\/hairbeauty-pro.com\/index.php?rest_route=\/wp\/v2\/types\/product"}],"replies":[{"embeddable":true,"href":"https:\/\/hairbeauty-pro.com\/index.php?rest_route=%2Fwp%2Fv2%2Fcomments&post=4044"}],"wp:featuredmedia":[{"embeddable":true,"href":"https:\/\/hairbeauty-pro.com\/index.php?rest_route=\/wp\/v2\/media\/5855"}],"wp:attachment":[{"href":"https:\/\/hairbeauty-pro.com\/index.php?rest_route=%2Fwp%2Fv2%2Fmedia&parent=4044"}],"wp:term":[{"taxonomy":"product_cat","embeddable":true,"href":"https:\/\/hairbeauty-pro.com\/index.php?rest_route=%2Fwp%2Fv2%2Fproduct_cat&post=4044"},{"taxonomy":"product_tag","embeddable":true,"href":"https:\/\/hairbeauty-pro.com\/index.php?rest_route=%2Fwp%2Fv2%2Fproduct_tag&post=4044"}],"curies":[{"name":"wp","href":"https:\/\/api.w.org\/{rel}","templated":true}]}}