{"id":4006,"date":"2023-09-21T13:48:10","date_gmt":"2023-09-21T13:48:10","guid":{"rendered":"https:\/\/hairbeauty-pro.com\/?post_type=product&#038;p=4006"},"modified":"2026-03-24T11:32:01","modified_gmt":"2026-03-24T11:32:01","slug":"yogreen-boja-za-kosu-nijansa-9-2","status":"publish","type":"product","link":"https:\/\/hairbeauty-pro.com\/?product=yogreen-boja-za-kosu-nijansa-9-2","title":{"rendered":"YoGreen boja za kosu nijansa 9.2"},"content":{"rendered":"<p>Boja ton na ton sa teksturom gel kreme i su\u0161tinskom neutralnom pH vrijednosti,<\/p>\n<p>u tubi od 60 ml. Obnavlja ton i refleks kozmeti\u010dki tretirane kose, pove\u0107avaju\u0107i postojanosti i sjaj<\/p>\n<p>rezultata zahvaljuju\u0107i nje\u017enom obnavljaju\u0107em djelovanju koje ne senzibilizira<\/p>\n<p>dodatno strukturu kose. Sadr\u017ei do 84% sastojaka prirodnog porijekla (vrijednost izra\u010dunata shodno<\/p>\n<p>standardu ISO 16128, koji se odnosi na smjesu za bojenje Yo Green sa Yo Green<\/p>\n<p>aktivatorom 6,5 vol).<\/p>\n<p>&nbsp;<\/p>\n<p>Rezultat:<\/p>\n<p>SAVR\u0160ENO TONIRANJE PLAVIH NIJANSI<\/p>\n<p>OBNAVLJA TON I REFLEKS<\/p>\n<p>MAKSIMALAN SJAJ<\/p>\n<p>ESENCIJALNO NEUTRALAN pH<\/p>\n<p>NJE\u017dNO DJELUJE BEZ SENZIBILIZIRANJA I MIJENJANJA STRUKTURE KOSE<\/p>\n<p>&nbsp;<\/p>\n<p>Karakteristike i sastojci:<\/p>\n<p>&nbsp;<\/p>\n<p>TEHNOLOGIJA<\/p>\n<p>Ekskluzivna Natural Green Technology na bazi ekstrakta jogurta i prirodnih sastojaka iz biolo\u0161kog uzgoja za boju blje\u0161tavog sjaja.<\/p>\n<p>&nbsp;<\/p>\n<p>SASTOJCI:<\/p>\n<ul>\n<li>Ekstrakt jogurta \u0161titi vlakna kose<\/li>\n<li>Ekstrakt Altea-e* ima lenitivni efekt i efekt omek\u0161avanja<\/li>\n<li>Ekstrakt meda* hidira, hrani i \u0161titi.<\/li>\n<li>Velian Complex: mje\u0161avina ekstrakata divizme, smilja, lana i \u017eute kamilice.<\/li>\n<\/ul>\n<p>&nbsp;<\/p>\n<p>SMJESA BOJE<\/p>\n<p>Za potpunu primjenu promije\u0161ati 60 ml (1 tuba) krem\/gel boje YoGreen sa 90 ml YoGreen aktivatora 6,5vol. Omjer 1:1,5. Omjer mo\u017ee biti i ni\u017ei. Mije\u0161ati dok ne dobijete djelotvornu teksturu kreme\/gela.<\/p>\n<p>&nbsp;<\/p>\n<p>PRIMJENA I VRIJEME DR\u017dANJA<\/p>\n<p>Primijeniti na suhu kosu\u00a0 i ostaviti od 5 do 20 minuta. Staviti emulziju, pomno pratiti boju i oprati posebnim \u0161amponom za nakon bojenja.<\/p>\n","protected":false},"excerpt":{"rendered":"<p>60 ML<br \/>\n*Cijena na upit | Samo za salonsku upotrebu<\/p>\n","protected":false},"featured_media":5837,"comment_status":"open","ping_status":"closed","template":"","meta":{"site-sidebar-layout":"default","site-content-layout":"","ast-site-content-layout":"default","site-content-style":"default","site-sidebar-style":"default","ast-global-header-display":"","ast-banner-title-visibility":"","ast-main-header-display":"","ast-hfb-above-header-display":"","ast-hfb-below-header-display":"","ast-hfb-mobile-header-display":"","site-post-title":"","ast-breadcrumbs-content":"","ast-featured-img":"","footer-sml-layout":"","theme-transparent-header-meta":"default","adv-header-id-meta":"","stick-header-meta":"","header-above-stick-meta":"","header-main-stick-meta":"","header-below-stick-meta":"","astra-migrate-meta-layouts":"set","ast-page-background-enabled":"default","ast-page-background-meta":{"desktop":{"background-color":"","background-image":"","background-repeat":"repeat","background-position":"center center","background-size":"auto","background-attachment":"scroll","background-type":"","background-media":"","overlay-type":"","overlay-color":"","overlay-opacity":"","overlay-gradient":""},"tablet":{"background-color":"","background-image":"","background-repeat":"repeat","background-position":"center center","background-size":"auto","background-attachment":"scroll","background-type":"","background-media":"","overlay-type":"","overlay-color":"","overlay-opacity":"","overlay-gradient":""},"mobile":{"background-color":"","background-image":"","background-repeat":"repeat","background-position":"center center","background-size":"auto","background-attachment":"scroll","background-type":"","background-media":"","overlay-type":"","overlay-color":"","overlay-opacity":"","overlay-gradient":""}},"ast-content-background-meta":{"desktop":{"background-color":"var(--ast-global-color-5)","background-image":"","background-repeat":"repeat","background-position":"center center","background-size":"auto","background-attachment":"scroll","background-type":"","background-media":"","overlay-type":"","overlay-color":"","overlay-opacity":"","overlay-gradient":""},"tablet":{"background-color":"var(--ast-global-color-5)","background-image":"","background-repeat":"repeat","background-position":"center center","background-size":"auto","background-attachment":"scroll","background-type":"","background-media":"","overlay-type":"","overlay-color":"","overlay-opacity":"","overlay-gradient":""},"mobile":{"background-color":"var(--ast-global-color-5)","background-image":"","background-repeat":"repeat","background-position":"center center","background-size":"auto","background-attachment":"scroll","background-type":"","background-media":"","overlay-type":"","overlay-color":"","overlay-opacity":"","overlay-gradient":""}}},"product_cat":[195,122,191,264,156],"product_tag":[],"yoast_head":"<!-- This site is optimized with the Yoast SEO plugin v21.7 - https:\/\/yoast.com\/wordpress\/plugins\/seo\/ -->\n<title>YoGreen boja za kosu nijansa 9.2 - Flash<\/title>\n<meta name=\"description\" content=\"60 ML *Cijena na upit | Samo za salonsku upotrebu\" \/>\n<meta name=\"robots\" content=\"index, follow, max-snippet:-1, max-image-preview:large, max-video-preview:-1\" \/>\n<link rel=\"canonical\" href=\"https:\/\/hairbeauty-pro.com\/?product=yogreen-boja-za-kosu-nijansa-9-2\" \/>\n<meta property=\"og:locale\" content=\"bs_BA\" \/>\n<meta property=\"og:type\" content=\"article\" \/>\n<meta property=\"og:title\" content=\"YoGreen boja za kosu nijansa 9.2 - Flash\" \/>\n<meta property=\"og:description\" content=\"60 ML *Cijena na upit | Samo za salonsku upotrebu\" \/>\n<meta property=\"og:url\" content=\"https:\/\/hairbeauty-pro.com\/?product=yogreen-boja-za-kosu-nijansa-9-2\" \/>\n<meta property=\"og:site_name\" content=\"Flash\" \/>\n<meta property=\"article:modified_time\" content=\"2026-03-24T11:32:01+00:00\" \/>\n<meta property=\"og:image\" content=\"http:\/\/hairbeauty-pro.com\/wp-content\/uploads\/2023\/11\/YoGreen-boja-za-kosu-nijansa-9.2-1-scaled-1.jpg\" \/>\n\t<meta property=\"og:image:width\" content=\"2560\" \/>\n\t<meta property=\"og:image:height\" content=\"2560\" \/>\n\t<meta property=\"og:image:type\" content=\"image\/jpeg\" \/>\n<meta name=\"twitter:card\" content=\"summary_large_image\" \/>\n<meta name=\"twitter:label1\" content=\"Est. reading time\" \/>\n\t<meta name=\"twitter:data1\" content=\"1 minuta\" \/>\n<script type=\"application\/ld+json\" class=\"yoast-schema-graph\">{\"@context\":\"https:\/\/schema.org\",\"@graph\":[{\"@type\":\"WebPage\",\"@id\":\"https:\/\/hairbeauty-pro.com\/?product=yogreen-boja-za-kosu-nijansa-9-2\",\"url\":\"https:\/\/hairbeauty-pro.com\/?product=yogreen-boja-za-kosu-nijansa-9-2\",\"name\":\"YoGreen boja za kosu nijansa 9.2 - Flash\",\"isPartOf\":{\"@id\":\"https:\/\/hairbeauty-pro.com\/#website\"},\"datePublished\":\"2023-09-21T13:48:10+00:00\",\"dateModified\":\"2026-03-24T11:32:01+00:00\",\"description\":\"60 ML *Cijena na upit | Samo za salonsku upotrebu\",\"breadcrumb\":{\"@id\":\"https:\/\/hairbeauty-pro.com\/?product=yogreen-boja-za-kosu-nijansa-9-2#breadcrumb\"},\"inLanguage\":\"bs-BA\",\"potentialAction\":[{\"@type\":\"ReadAction\",\"target\":[\"https:\/\/hairbeauty-pro.com\/?product=yogreen-boja-za-kosu-nijansa-9-2\"]}]},{\"@type\":\"BreadcrumbList\",\"@id\":\"https:\/\/hairbeauty-pro.com\/?product=yogreen-boja-za-kosu-nijansa-9-2#breadcrumb\",\"itemListElement\":[{\"@type\":\"ListItem\",\"position\":1,\"name\":\"Home\",\"item\":\"https:\/\/hairbeauty-pro.com\/\"},{\"@type\":\"ListItem\",\"position\":2,\"name\":\"Shop\",\"item\":\"https:\/\/hairbeauty-pro.com\/?page_id=11\"},{\"@type\":\"ListItem\",\"position\":3,\"name\":\"YoGreen boja za kosu nijansa 9.2\"}]},{\"@type\":\"WebSite\",\"@id\":\"https:\/\/hairbeauty-pro.com\/#website\",\"url\":\"https:\/\/hairbeauty-pro.com\/\",\"name\":\"Flash\",\"description\":\"Va\u0161a ultimativna destinacja za njegu kose\",\"publisher\":{\"@id\":\"https:\/\/hairbeauty-pro.com\/#organization\"},\"potentialAction\":[{\"@type\":\"SearchAction\",\"target\":{\"@type\":\"EntryPoint\",\"urlTemplate\":\"https:\/\/hairbeauty-pro.com\/?s={search_term_string}\"},\"query-input\":\"required name=search_term_string\"}],\"inLanguage\":\"bs-BA\"},{\"@type\":\"Organization\",\"@id\":\"https:\/\/hairbeauty-pro.com\/#organization\",\"name\":\"Flash\",\"url\":\"https:\/\/hairbeauty-pro.com\/\",\"logo\":{\"@type\":\"ImageObject\",\"inLanguage\":\"bs-BA\",\"@id\":\"https:\/\/hairbeauty-pro.com\/#\/schema\/logo\/image\/\",\"url\":\"https:\/\/hairbeauty-pro.com\/wp-content\/uploads\/2023\/07\/cropped-FLASH-LOGO-png.png\",\"contentUrl\":\"https:\/\/hairbeauty-pro.com\/wp-content\/uploads\/2023\/07\/cropped-FLASH-LOGO-png.png\",\"width\":1316,\"height\":521,\"caption\":\"Flash\"},\"image\":{\"@id\":\"https:\/\/hairbeauty-pro.com\/#\/schema\/logo\/image\/\"}}]}<\/script>\n<!-- \/ Yoast SEO plugin. -->","yoast_head_json":{"title":"YoGreen boja za kosu nijansa 9.2 - Flash","description":"60 ML *Cijena na upit | Samo za salonsku upotrebu","robots":{"index":"index","follow":"follow","max-snippet":"max-snippet:-1","max-image-preview":"max-image-preview:large","max-video-preview":"max-video-preview:-1"},"canonical":"https:\/\/hairbeauty-pro.com\/?product=yogreen-boja-za-kosu-nijansa-9-2","og_locale":"bs_BA","og_type":"article","og_title":"YoGreen boja za kosu nijansa 9.2 - Flash","og_description":"60 ML *Cijena na upit | Samo za salonsku upotrebu","og_url":"https:\/\/hairbeauty-pro.com\/?product=yogreen-boja-za-kosu-nijansa-9-2","og_site_name":"Flash","article_modified_time":"2026-03-24T11:32:01+00:00","og_image":[{"width":2560,"height":2560,"url":"http:\/\/hairbeauty-pro.com\/wp-content\/uploads\/2023\/11\/YoGreen-boja-za-kosu-nijansa-9.2-1-scaled-1.jpg","type":"image\/jpeg"}],"twitter_card":"summary_large_image","twitter_misc":{"Est. reading time":"1 minuta"},"schema":{"@context":"https:\/\/schema.org","@graph":[{"@type":"WebPage","@id":"https:\/\/hairbeauty-pro.com\/?product=yogreen-boja-za-kosu-nijansa-9-2","url":"https:\/\/hairbeauty-pro.com\/?product=yogreen-boja-za-kosu-nijansa-9-2","name":"YoGreen boja za kosu nijansa 9.2 - Flash","isPartOf":{"@id":"https:\/\/hairbeauty-pro.com\/#website"},"datePublished":"2023-09-21T13:48:10+00:00","dateModified":"2026-03-24T11:32:01+00:00","description":"60 ML *Cijena na upit | Samo za salonsku upotrebu","breadcrumb":{"@id":"https:\/\/hairbeauty-pro.com\/?product=yogreen-boja-za-kosu-nijansa-9-2#breadcrumb"},"inLanguage":"bs-BA","potentialAction":[{"@type":"ReadAction","target":["https:\/\/hairbeauty-pro.com\/?product=yogreen-boja-za-kosu-nijansa-9-2"]}]},{"@type":"BreadcrumbList","@id":"https:\/\/hairbeauty-pro.com\/?product=yogreen-boja-za-kosu-nijansa-9-2#breadcrumb","itemListElement":[{"@type":"ListItem","position":1,"name":"Home","item":"https:\/\/hairbeauty-pro.com\/"},{"@type":"ListItem","position":2,"name":"Shop","item":"https:\/\/hairbeauty-pro.com\/?page_id=11"},{"@type":"ListItem","position":3,"name":"YoGreen boja za kosu nijansa 9.2"}]},{"@type":"WebSite","@id":"https:\/\/hairbeauty-pro.com\/#website","url":"https:\/\/hairbeauty-pro.com\/","name":"Flash","description":"Va\u0161a ultimativna destinacja za njegu kose","publisher":{"@id":"https:\/\/hairbeauty-pro.com\/#organization"},"potentialAction":[{"@type":"SearchAction","target":{"@type":"EntryPoint","urlTemplate":"https:\/\/hairbeauty-pro.com\/?s={search_term_string}"},"query-input":"required name=search_term_string"}],"inLanguage":"bs-BA"},{"@type":"Organization","@id":"https:\/\/hairbeauty-pro.com\/#organization","name":"Flash","url":"https:\/\/hairbeauty-pro.com\/","logo":{"@type":"ImageObject","inLanguage":"bs-BA","@id":"https:\/\/hairbeauty-pro.com\/#\/schema\/logo\/image\/","url":"https:\/\/hairbeauty-pro.com\/wp-content\/uploads\/2023\/07\/cropped-FLASH-LOGO-png.png","contentUrl":"https:\/\/hairbeauty-pro.com\/wp-content\/uploads\/2023\/07\/cropped-FLASH-LOGO-png.png","width":1316,"height":521,"caption":"Flash"},"image":{"@id":"https:\/\/hairbeauty-pro.com\/#\/schema\/logo\/image\/"}}]}},"_links":{"self":[{"href":"https:\/\/hairbeauty-pro.com\/index.php?rest_route=\/wp\/v2\/product\/4006"}],"collection":[{"href":"https:\/\/hairbeauty-pro.com\/index.php?rest_route=\/wp\/v2\/product"}],"about":[{"href":"https:\/\/hairbeauty-pro.com\/index.php?rest_route=\/wp\/v2\/types\/product"}],"replies":[{"embeddable":true,"href":"https:\/\/hairbeauty-pro.com\/index.php?rest_route=%2Fwp%2Fv2%2Fcomments&post=4006"}],"wp:featuredmedia":[{"embeddable":true,"href":"https:\/\/hairbeauty-pro.com\/index.php?rest_route=\/wp\/v2\/media\/5837"}],"wp:attachment":[{"href":"https:\/\/hairbeauty-pro.com\/index.php?rest_route=%2Fwp%2Fv2%2Fmedia&parent=4006"}],"wp:term":[{"taxonomy":"product_cat","embeddable":true,"href":"https:\/\/hairbeauty-pro.com\/index.php?rest_route=%2Fwp%2Fv2%2Fproduct_cat&post=4006"},{"taxonomy":"product_tag","embeddable":true,"href":"https:\/\/hairbeauty-pro.com\/index.php?rest_route=%2Fwp%2Fv2%2Fproduct_tag&post=4006"}],"curies":[{"name":"wp","href":"https:\/\/api.w.org\/{rel}","templated":true}]}}