{"id":3947,"date":"2023-09-21T13:01:14","date_gmt":"2023-09-21T13:01:14","guid":{"rendered":"https:\/\/hairbeauty-pro.com\/?post_type=product&#038;p=3947"},"modified":"2026-01-27T16:26:13","modified_gmt":"2026-01-27T16:26:13","slug":"cramer-ton-na-ton-boja-za-kosu-nijansa-10-427","status":"publish","type":"product","link":"https:\/\/hairbeauty-pro.com\/?product=cramer-ton-na-ton-boja-za-kosu-nijansa-10-427","title":{"rendered":"Cramer TON NA TON BOJA ZA KOSU nijansa 10.427"},"content":{"rendered":"<p>Ton na ton boja bez boje amonijaka, kremaste teksture, za udobnu inje\u017enu uslugu koja po\u0161tuje strukturu kose. Kosu ostavlja blistavom i laganom za ra\u0161\u010de\u0161ljavanje. Pakovanje 100 ml u tubi.<\/p>\n<p>Sastoji se od 51 nijasnse koje se mogu me\u0111usobno mije\u0161ati podijeljenih u 16 serija boja.<\/p>\n<p>Proizvod omogu\u0107ava postizanje delikatnih tonova uz minimiziranje efekta izrastka, a sve nijanse djeluju direktnim prekrivanjem. Kao alternativa, kombinovanjem trajne boje za kosu Cramer Color mo\u017eete<\/p>\n<p>posti\u0107i bogate i \u017eivopisne rezultate njihovim sinergijskim djelovanjem.<\/p>\n<p>&nbsp;<\/p>\n<p>Rezultat:<\/p>\n<p>DVA AKTIVATORA ZA POSTIZANJE DVA RAZLI\u010cNA REZULTATA<\/p>\n<p>&nbsp;<\/p>\n<p>6-VOLUME UNI.COLOR OXI ZA:<\/p>\n<p>DELIKATNO TONIRANJE<\/p>\n<p>BOJE KOJE UBLA\u017dAVAJU IZRASTAK<\/p>\n<p>ZAMASKIRAVANJE SIJEDIH DO 30%<\/p>\n<p>POSEBNE NIJANSE NAMIJENJENE MU\u0160KARCIMA<\/p>\n<p>NEVJEROVATAN SJAJ SA SERIJOM ILLUMINATING BOJA<\/p>\n<p>&nbsp;<\/p>\n<p>16-VOLUME UNI.COLOR OXI ZA:<\/p>\n<p>NAGLA\u0160ENU PROMJENU TONA<\/p>\n<p>POSVJETLJIVANJE DO 1 NIVOA<\/p>\n<p>PREKRIVENOST SIJEDIH DO 70%<\/p>\n<p>POSEBNE NIJANSE ZA MU\u0160KARCE SA MAKSIMALNOM PREKRIVENO\u0160\u0106U<\/p>\n<p>&nbsp;<\/p>\n<p>Karakteristike i sastojci:<\/p>\n<p>-Inovativna Shield tehnologija djeluje na osnovu posebnih za\u0161titnih<\/p>\n<p>intermedijara sadr\u017eanih u krem boji. Time se sprije\u010dava da me\u0111uprodukti boje prerano oksidiraju.<\/p>\n<p>-KOKOSOVO ULJE ZA FLUIDNU TEKSTURU I MAKSIMALNU PREKRIVENOST<\/p>\n<p>-PATENTIRAN VELIAN KOMPLEKS: DODIR ZA\u0160TITE KOSE I SKALPA<\/p>\n<p>&nbsp;<\/p>\n<p>OMJER MIJE\u0160ANJA:<\/p>\n<p>Sa 6vol ili 16 vol Uni Color Oxi<\/p>\n<p>Omjer mje\u0161anja: 1:1,5<\/p>\n<p>Vrijeme djelovanja: od 5 do 25 minuta, u zavisnosti od usluge.<\/p>\n","protected":false},"excerpt":{"rendered":"<p>100 ML<br \/>\n*Cijena na upit | Samo za salonsku upotrebu<\/p>\n","protected":false},"featured_media":5807,"comment_status":"open","ping_status":"closed","template":"","meta":{"site-sidebar-layout":"default","site-content-layout":"","ast-site-content-layout":"default","site-content-style":"default","site-sidebar-style":"default","ast-global-header-display":"","ast-banner-title-visibility":"","ast-main-header-display":"","ast-hfb-above-header-display":"","ast-hfb-below-header-display":"","ast-hfb-mobile-header-display":"","site-post-title":"","ast-breadcrumbs-content":"","ast-featured-img":"","footer-sml-layout":"","theme-transparent-header-meta":"default","adv-header-id-meta":"","stick-header-meta":"","header-above-stick-meta":"","header-main-stick-meta":"","header-below-stick-meta":"","astra-migrate-meta-layouts":"set","ast-page-background-enabled":"default","ast-page-background-meta":{"desktop":{"background-color":"","background-image":"","background-repeat":"repeat","background-position":"center center","background-size":"auto","background-attachment":"scroll","background-type":"","background-media":"","overlay-type":"","overlay-color":"","overlay-opacity":"","overlay-gradient":""},"tablet":{"background-color":"","background-image":"","background-repeat":"repeat","background-position":"center center","background-size":"auto","background-attachment":"scroll","background-type":"","background-media":"","overlay-type":"","overlay-color":"","overlay-opacity":"","overlay-gradient":""},"mobile":{"background-color":"","background-image":"","background-repeat":"repeat","background-position":"center center","background-size":"auto","background-attachment":"scroll","background-type":"","background-media":"","overlay-type":"","overlay-color":"","overlay-opacity":"","overlay-gradient":""}},"ast-content-background-meta":{"desktop":{"background-color":"var(--ast-global-color-5)","background-image":"","background-repeat":"repeat","background-position":"center center","background-size":"auto","background-attachment":"scroll","background-type":"","background-media":"","overlay-type":"","overlay-color":"","overlay-opacity":"","overlay-gradient":""},"tablet":{"background-color":"var(--ast-global-color-5)","background-image":"","background-repeat":"repeat","background-position":"center center","background-size":"auto","background-attachment":"scroll","background-type":"","background-media":"","overlay-type":"","overlay-color":"","overlay-opacity":"","overlay-gradient":""},"mobile":{"background-color":"var(--ast-global-color-5)","background-image":"","background-repeat":"repeat","background-position":"center center","background-size":"auto","background-attachment":"scroll","background-type":"","background-media":"","overlay-type":"","overlay-color":"","overlay-opacity":"","overlay-gradient":""}}},"product_cat":[34,237,195,263,235,191,122,42],"product_tag":[],"yoast_head":"<!-- This site is optimized with the Yoast SEO plugin v21.7 - https:\/\/yoast.com\/wordpress\/plugins\/seo\/ -->\n<title>Cramer TON NA TON BOJA ZA KOSU nijansa 10.427 - Flash<\/title>\n<meta name=\"description\" content=\"100 ML *Cijena na upit | Samo za salonsku upotrebu\" \/>\n<meta name=\"robots\" content=\"index, follow, max-snippet:-1, max-image-preview:large, max-video-preview:-1\" \/>\n<link rel=\"canonical\" href=\"https:\/\/hairbeauty-pro.com\/?product=cramer-ton-na-ton-boja-za-kosu-nijansa-10-427\" \/>\n<meta property=\"og:locale\" content=\"bs_BA\" \/>\n<meta property=\"og:type\" content=\"article\" \/>\n<meta property=\"og:title\" content=\"Cramer TON NA TON BOJA ZA KOSU nijansa 10.427 - Flash\" \/>\n<meta property=\"og:description\" content=\"100 ML *Cijena na upit | Samo za salonsku upotrebu\" \/>\n<meta property=\"og:url\" content=\"https:\/\/hairbeauty-pro.com\/?product=cramer-ton-na-ton-boja-za-kosu-nijansa-10-427\" \/>\n<meta property=\"og:site_name\" content=\"Flash\" \/>\n<meta property=\"article:modified_time\" content=\"2026-01-27T16:26:13+00:00\" \/>\n<meta property=\"og:image\" content=\"http:\/\/hairbeauty-pro.com\/wp-content\/uploads\/2023\/11\/Cramer-ton-na-ton-boja-za-kosu-nijansa-10.427.jpg\" \/>\n\t<meta property=\"og:image:width\" content=\"540\" \/>\n\t<meta property=\"og:image:height\" content=\"540\" \/>\n\t<meta property=\"og:image:type\" content=\"image\/jpeg\" \/>\n<meta name=\"twitter:card\" content=\"summary_large_image\" \/>\n<meta name=\"twitter:label1\" content=\"Est. reading time\" \/>\n\t<meta name=\"twitter:data1\" content=\"1 minuta\" \/>\n<script type=\"application\/ld+json\" class=\"yoast-schema-graph\">{\"@context\":\"https:\/\/schema.org\",\"@graph\":[{\"@type\":\"WebPage\",\"@id\":\"https:\/\/hairbeauty-pro.com\/?product=cramer-ton-na-ton-boja-za-kosu-nijansa-10-427\",\"url\":\"https:\/\/hairbeauty-pro.com\/?product=cramer-ton-na-ton-boja-za-kosu-nijansa-10-427\",\"name\":\"Cramer TON NA TON BOJA ZA KOSU nijansa 10.427 - Flash\",\"isPartOf\":{\"@id\":\"https:\/\/hairbeauty-pro.com\/#website\"},\"datePublished\":\"2023-09-21T13:01:14+00:00\",\"dateModified\":\"2026-01-27T16:26:13+00:00\",\"description\":\"100 ML *Cijena na upit | Samo za salonsku upotrebu\",\"breadcrumb\":{\"@id\":\"https:\/\/hairbeauty-pro.com\/?product=cramer-ton-na-ton-boja-za-kosu-nijansa-10-427#breadcrumb\"},\"inLanguage\":\"bs-BA\",\"potentialAction\":[{\"@type\":\"ReadAction\",\"target\":[\"https:\/\/hairbeauty-pro.com\/?product=cramer-ton-na-ton-boja-za-kosu-nijansa-10-427\"]}]},{\"@type\":\"BreadcrumbList\",\"@id\":\"https:\/\/hairbeauty-pro.com\/?product=cramer-ton-na-ton-boja-za-kosu-nijansa-10-427#breadcrumb\",\"itemListElement\":[{\"@type\":\"ListItem\",\"position\":1,\"name\":\"Home\",\"item\":\"https:\/\/hairbeauty-pro.com\/\"},{\"@type\":\"ListItem\",\"position\":2,\"name\":\"Shop\",\"item\":\"https:\/\/hairbeauty-pro.com\/?page_id=11\"},{\"@type\":\"ListItem\",\"position\":3,\"name\":\"Cramer TON NA TON BOJA ZA KOSU nijansa 10.427\"}]},{\"@type\":\"WebSite\",\"@id\":\"https:\/\/hairbeauty-pro.com\/#website\",\"url\":\"https:\/\/hairbeauty-pro.com\/\",\"name\":\"Flash\",\"description\":\"Va\u0161a ultimativna destinacja za njegu kose\",\"publisher\":{\"@id\":\"https:\/\/hairbeauty-pro.com\/#organization\"},\"potentialAction\":[{\"@type\":\"SearchAction\",\"target\":{\"@type\":\"EntryPoint\",\"urlTemplate\":\"https:\/\/hairbeauty-pro.com\/?s={search_term_string}\"},\"query-input\":\"required name=search_term_string\"}],\"inLanguage\":\"bs-BA\"},{\"@type\":\"Organization\",\"@id\":\"https:\/\/hairbeauty-pro.com\/#organization\",\"name\":\"Flash\",\"url\":\"https:\/\/hairbeauty-pro.com\/\",\"logo\":{\"@type\":\"ImageObject\",\"inLanguage\":\"bs-BA\",\"@id\":\"https:\/\/hairbeauty-pro.com\/#\/schema\/logo\/image\/\",\"url\":\"https:\/\/hairbeauty-pro.com\/wp-content\/uploads\/2023\/07\/cropped-FLASH-LOGO-png.png\",\"contentUrl\":\"https:\/\/hairbeauty-pro.com\/wp-content\/uploads\/2023\/07\/cropped-FLASH-LOGO-png.png\",\"width\":1316,\"height\":521,\"caption\":\"Flash\"},\"image\":{\"@id\":\"https:\/\/hairbeauty-pro.com\/#\/schema\/logo\/image\/\"}}]}<\/script>\n<!-- \/ Yoast SEO plugin. -->","yoast_head_json":{"title":"Cramer TON NA TON BOJA ZA KOSU nijansa 10.427 - Flash","description":"100 ML *Cijena na upit | Samo za salonsku upotrebu","robots":{"index":"index","follow":"follow","max-snippet":"max-snippet:-1","max-image-preview":"max-image-preview:large","max-video-preview":"max-video-preview:-1"},"canonical":"https:\/\/hairbeauty-pro.com\/?product=cramer-ton-na-ton-boja-za-kosu-nijansa-10-427","og_locale":"bs_BA","og_type":"article","og_title":"Cramer TON NA TON BOJA ZA KOSU nijansa 10.427 - Flash","og_description":"100 ML *Cijena na upit | Samo za salonsku upotrebu","og_url":"https:\/\/hairbeauty-pro.com\/?product=cramer-ton-na-ton-boja-za-kosu-nijansa-10-427","og_site_name":"Flash","article_modified_time":"2026-01-27T16:26:13+00:00","og_image":[{"width":540,"height":540,"url":"http:\/\/hairbeauty-pro.com\/wp-content\/uploads\/2023\/11\/Cramer-ton-na-ton-boja-za-kosu-nijansa-10.427.jpg","type":"image\/jpeg"}],"twitter_card":"summary_large_image","twitter_misc":{"Est. reading time":"1 minuta"},"schema":{"@context":"https:\/\/schema.org","@graph":[{"@type":"WebPage","@id":"https:\/\/hairbeauty-pro.com\/?product=cramer-ton-na-ton-boja-za-kosu-nijansa-10-427","url":"https:\/\/hairbeauty-pro.com\/?product=cramer-ton-na-ton-boja-za-kosu-nijansa-10-427","name":"Cramer TON NA TON BOJA ZA KOSU nijansa 10.427 - Flash","isPartOf":{"@id":"https:\/\/hairbeauty-pro.com\/#website"},"datePublished":"2023-09-21T13:01:14+00:00","dateModified":"2026-01-27T16:26:13+00:00","description":"100 ML *Cijena na upit | Samo za salonsku upotrebu","breadcrumb":{"@id":"https:\/\/hairbeauty-pro.com\/?product=cramer-ton-na-ton-boja-za-kosu-nijansa-10-427#breadcrumb"},"inLanguage":"bs-BA","potentialAction":[{"@type":"ReadAction","target":["https:\/\/hairbeauty-pro.com\/?product=cramer-ton-na-ton-boja-za-kosu-nijansa-10-427"]}]},{"@type":"BreadcrumbList","@id":"https:\/\/hairbeauty-pro.com\/?product=cramer-ton-na-ton-boja-za-kosu-nijansa-10-427#breadcrumb","itemListElement":[{"@type":"ListItem","position":1,"name":"Home","item":"https:\/\/hairbeauty-pro.com\/"},{"@type":"ListItem","position":2,"name":"Shop","item":"https:\/\/hairbeauty-pro.com\/?page_id=11"},{"@type":"ListItem","position":3,"name":"Cramer TON NA TON BOJA ZA KOSU nijansa 10.427"}]},{"@type":"WebSite","@id":"https:\/\/hairbeauty-pro.com\/#website","url":"https:\/\/hairbeauty-pro.com\/","name":"Flash","description":"Va\u0161a ultimativna destinacja za njegu kose","publisher":{"@id":"https:\/\/hairbeauty-pro.com\/#organization"},"potentialAction":[{"@type":"SearchAction","target":{"@type":"EntryPoint","urlTemplate":"https:\/\/hairbeauty-pro.com\/?s={search_term_string}"},"query-input":"required name=search_term_string"}],"inLanguage":"bs-BA"},{"@type":"Organization","@id":"https:\/\/hairbeauty-pro.com\/#organization","name":"Flash","url":"https:\/\/hairbeauty-pro.com\/","logo":{"@type":"ImageObject","inLanguage":"bs-BA","@id":"https:\/\/hairbeauty-pro.com\/#\/schema\/logo\/image\/","url":"https:\/\/hairbeauty-pro.com\/wp-content\/uploads\/2023\/07\/cropped-FLASH-LOGO-png.png","contentUrl":"https:\/\/hairbeauty-pro.com\/wp-content\/uploads\/2023\/07\/cropped-FLASH-LOGO-png.png","width":1316,"height":521,"caption":"Flash"},"image":{"@id":"https:\/\/hairbeauty-pro.com\/#\/schema\/logo\/image\/"}}]}},"_links":{"self":[{"href":"https:\/\/hairbeauty-pro.com\/index.php?rest_route=\/wp\/v2\/product\/3947"}],"collection":[{"href":"https:\/\/hairbeauty-pro.com\/index.php?rest_route=\/wp\/v2\/product"}],"about":[{"href":"https:\/\/hairbeauty-pro.com\/index.php?rest_route=\/wp\/v2\/types\/product"}],"replies":[{"embeddable":true,"href":"https:\/\/hairbeauty-pro.com\/index.php?rest_route=%2Fwp%2Fv2%2Fcomments&post=3947"}],"wp:featuredmedia":[{"embeddable":true,"href":"https:\/\/hairbeauty-pro.com\/index.php?rest_route=\/wp\/v2\/media\/5807"}],"wp:attachment":[{"href":"https:\/\/hairbeauty-pro.com\/index.php?rest_route=%2Fwp%2Fv2%2Fmedia&parent=3947"}],"wp:term":[{"taxonomy":"product_cat","embeddable":true,"href":"https:\/\/hairbeauty-pro.com\/index.php?rest_route=%2Fwp%2Fv2%2Fproduct_cat&post=3947"},{"taxonomy":"product_tag","embeddable":true,"href":"https:\/\/hairbeauty-pro.com\/index.php?rest_route=%2Fwp%2Fv2%2Fproduct_tag&post=3947"}],"curies":[{"name":"wp","href":"https:\/\/api.w.org\/{rel}","templated":true}]}}