{"id":3578,"date":"2023-09-13T10:50:12","date_gmt":"2023-09-13T10:50:12","guid":{"rendered":"https:\/\/hairbeauty-pro.com\/?post_type=product&#038;p=3578"},"modified":"2023-12-18T09:28:01","modified_gmt":"2023-12-18T09:28:01","slug":"ys-345-cesalj-za-sisanje-2","status":"publish","type":"product","link":"https:\/\/hairbeauty-pro.com\/?product=ys-345-cesalj-za-sisanje-2","title":{"rendered":"YS-345 \u010ce\u0161alj za \u0161i\u0161anje bijeli"},"content":{"rendered":"<p>Berberi obo\u017eavaju ovaj \u010de\u0161alj. Zupci i dr\u0161ka su dizajnirani za lak\u0161e razdvajanje kose. Oba\u00a0 zaobljena kraja \u010de\u0161lja su prilago\u0111ena obliku glave, tako da \u010de\u0161alj prijanja pod uglom od 90o. Odli\u010dan proizvod za po\u010detnike i edukacije kada se provjerava \u0161i\u0161anje.<\/p>\n<p>&nbsp;<\/p>\n","protected":false},"excerpt":{"rendered":"<p>Du\u017eina: 220 mm<\/p>\n<p>Te\u017eina: 16gr<\/p>\n<p>Boje: bijela, karbon<\/p>\n<p>Otpornost na toplotu:\u00a0 220oC, karbon 150oC<\/p>\n","protected":false},"featured_media":3579,"comment_status":"open","ping_status":"closed","template":"","meta":{"site-sidebar-layout":"default","site-content-layout":"","ast-site-content-layout":"default","site-content-style":"default","site-sidebar-style":"default","ast-global-header-display":"","ast-banner-title-visibility":"","ast-main-header-display":"","ast-hfb-above-header-display":"","ast-hfb-below-header-display":"","ast-hfb-mobile-header-display":"","site-post-title":"","ast-breadcrumbs-content":"","ast-featured-img":"","footer-sml-layout":"","theme-transparent-header-meta":"default","adv-header-id-meta":"","stick-header-meta":"","header-above-stick-meta":"","header-main-stick-meta":"","header-below-stick-meta":"","astra-migrate-meta-layouts":"set","ast-page-background-enabled":"default","ast-page-background-meta":{"desktop":{"background-color":"","background-image":"","background-repeat":"repeat","background-position":"center center","background-size":"auto","background-attachment":"scroll","background-type":"","background-media":"","overlay-type":"","overlay-color":"","overlay-opacity":"","overlay-gradient":""},"tablet":{"background-color":"","background-image":"","background-repeat":"repeat","background-position":"center center","background-size":"auto","background-attachment":"scroll","background-type":"","background-media":"","overlay-type":"","overlay-color":"","overlay-opacity":"","overlay-gradient":""},"mobile":{"background-color":"","background-image":"","background-repeat":"repeat","background-position":"center center","background-size":"auto","background-attachment":"scroll","background-type":"","background-media":"","overlay-type":"","overlay-color":"","overlay-opacity":"","overlay-gradient":""}},"ast-content-background-meta":{"desktop":{"background-color":"var(--ast-global-color-5)","background-image":"","background-repeat":"repeat","background-position":"center center","background-size":"auto","background-attachment":"scroll","background-type":"","background-media":"","overlay-type":"","overlay-color":"","overlay-opacity":"","overlay-gradient":""},"tablet":{"background-color":"var(--ast-global-color-5)","background-image":"","background-repeat":"repeat","background-position":"center center","background-size":"auto","background-attachment":"scroll","background-type":"","background-media":"","overlay-type":"","overlay-color":"","overlay-opacity":"","overlay-gradient":""},"mobile":{"background-color":"var(--ast-global-color-5)","background-image":"","background-repeat":"repeat","background-position":"center center","background-size":"auto","background-attachment":"scroll","background-type":"","background-media":"","overlay-type":"","overlay-color":"","overlay-opacity":"","overlay-gradient":""}}},"product_cat":[208,148,245,210,243,209,149,46],"product_tag":[],"yoast_head":"<!-- This site is optimized with the Yoast SEO plugin v21.7 - https:\/\/yoast.com\/wordpress\/plugins\/seo\/ -->\n<title>YS-345 \u010ce\u0161alj za \u0161i\u0161anje bijeli - Flash<\/title>\n<meta name=\"description\" content=\"Du\u017eina: 220 mm  Te\u017eina: 16gr  Boje: bijela, karbon  Otpornost na toplotu:\u00a0 220oC, karbon 150oC\" \/>\n<meta name=\"robots\" content=\"index, follow, max-snippet:-1, max-image-preview:large, max-video-preview:-1\" \/>\n<link rel=\"canonical\" href=\"https:\/\/hairbeauty-pro.com\/?product=ys-345-cesalj-za-sisanje-2\" \/>\n<meta property=\"og:locale\" content=\"bs_BA\" \/>\n<meta property=\"og:type\" content=\"article\" \/>\n<meta property=\"og:title\" content=\"YS-345 \u010ce\u0161alj za \u0161i\u0161anje bijeli - Flash\" \/>\n<meta property=\"og:description\" content=\"Du\u017eina: 220 mm  Te\u017eina: 16gr  Boje: bijela, karbon  Otpornost na toplotu:\u00a0 220oC, karbon 150oC\" \/>\n<meta property=\"og:url\" content=\"https:\/\/hairbeauty-pro.com\/?product=ys-345-cesalj-za-sisanje-2\" \/>\n<meta property=\"og:site_name\" content=\"Flash\" \/>\n<meta property=\"article:modified_time\" content=\"2023-12-18T09:28:01+00:00\" \/>\n<meta property=\"og:image\" content=\"http:\/\/hairbeauty-pro.com\/wp-content\/uploads\/2023\/09\/339_white-1.png\" \/>\n\t<meta property=\"og:image:width\" content=\"425\" \/>\n\t<meta property=\"og:image:height\" content=\"2533\" \/>\n\t<meta property=\"og:image:type\" content=\"image\/png\" \/>\n<meta name=\"twitter:card\" content=\"summary_large_image\" \/>\n<script type=\"application\/ld+json\" class=\"yoast-schema-graph\">{\"@context\":\"https:\/\/schema.org\",\"@graph\":[{\"@type\":\"WebPage\",\"@id\":\"https:\/\/hairbeauty-pro.com\/?product=ys-345-cesalj-za-sisanje-2\",\"url\":\"https:\/\/hairbeauty-pro.com\/?product=ys-345-cesalj-za-sisanje-2\",\"name\":\"YS-345 \u010ce\u0161alj za \u0161i\u0161anje bijeli - Flash\",\"isPartOf\":{\"@id\":\"https:\/\/hairbeauty-pro.com\/#website\"},\"datePublished\":\"2023-09-13T10:50:12+00:00\",\"dateModified\":\"2023-12-18T09:28:01+00:00\",\"description\":\"Du\u017eina: 220 mm Te\u017eina: 16gr Boje: bijela, karbon Otpornost na toplotu:\u00a0 220oC, karbon 150oC\",\"breadcrumb\":{\"@id\":\"https:\/\/hairbeauty-pro.com\/?product=ys-345-cesalj-za-sisanje-2#breadcrumb\"},\"inLanguage\":\"bs-BA\",\"potentialAction\":[{\"@type\":\"ReadAction\",\"target\":[\"https:\/\/hairbeauty-pro.com\/?product=ys-345-cesalj-za-sisanje-2\"]}]},{\"@type\":\"BreadcrumbList\",\"@id\":\"https:\/\/hairbeauty-pro.com\/?product=ys-345-cesalj-za-sisanje-2#breadcrumb\",\"itemListElement\":[{\"@type\":\"ListItem\",\"position\":1,\"name\":\"Home\",\"item\":\"https:\/\/hairbeauty-pro.com\/\"},{\"@type\":\"ListItem\",\"position\":2,\"name\":\"Shop\",\"item\":\"https:\/\/hairbeauty-pro.com\/?page_id=11\"},{\"@type\":\"ListItem\",\"position\":3,\"name\":\"YS-345 \u010ce\u0161alj za \u0161i\u0161anje bijeli\"}]},{\"@type\":\"WebSite\",\"@id\":\"https:\/\/hairbeauty-pro.com\/#website\",\"url\":\"https:\/\/hairbeauty-pro.com\/\",\"name\":\"Flash\",\"description\":\"Va\u0161a ultimativna destinacja za njegu kose\",\"publisher\":{\"@id\":\"https:\/\/hairbeauty-pro.com\/#organization\"},\"potentialAction\":[{\"@type\":\"SearchAction\",\"target\":{\"@type\":\"EntryPoint\",\"urlTemplate\":\"https:\/\/hairbeauty-pro.com\/?s={search_term_string}\"},\"query-input\":\"required name=search_term_string\"}],\"inLanguage\":\"bs-BA\"},{\"@type\":\"Organization\",\"@id\":\"https:\/\/hairbeauty-pro.com\/#organization\",\"name\":\"Flash\",\"url\":\"https:\/\/hairbeauty-pro.com\/\",\"logo\":{\"@type\":\"ImageObject\",\"inLanguage\":\"bs-BA\",\"@id\":\"https:\/\/hairbeauty-pro.com\/#\/schema\/logo\/image\/\",\"url\":\"https:\/\/hairbeauty-pro.com\/wp-content\/uploads\/2023\/07\/cropped-FLASH-LOGO-png.png\",\"contentUrl\":\"https:\/\/hairbeauty-pro.com\/wp-content\/uploads\/2023\/07\/cropped-FLASH-LOGO-png.png\",\"width\":1316,\"height\":521,\"caption\":\"Flash\"},\"image\":{\"@id\":\"https:\/\/hairbeauty-pro.com\/#\/schema\/logo\/image\/\"}}]}<\/script>\n<!-- \/ Yoast SEO plugin. -->","yoast_head_json":{"title":"YS-345 \u010ce\u0161alj za \u0161i\u0161anje bijeli - Flash","description":"Du\u017eina: 220 mm  Te\u017eina: 16gr  Boje: bijela, karbon  Otpornost na toplotu:\u00a0 220oC, karbon 150oC","robots":{"index":"index","follow":"follow","max-snippet":"max-snippet:-1","max-image-preview":"max-image-preview:large","max-video-preview":"max-video-preview:-1"},"canonical":"https:\/\/hairbeauty-pro.com\/?product=ys-345-cesalj-za-sisanje-2","og_locale":"bs_BA","og_type":"article","og_title":"YS-345 \u010ce\u0161alj za \u0161i\u0161anje bijeli - Flash","og_description":"Du\u017eina: 220 mm  Te\u017eina: 16gr  Boje: bijela, karbon  Otpornost na toplotu:\u00a0 220oC, karbon 150oC","og_url":"https:\/\/hairbeauty-pro.com\/?product=ys-345-cesalj-za-sisanje-2","og_site_name":"Flash","article_modified_time":"2023-12-18T09:28:01+00:00","og_image":[{"width":425,"height":2533,"url":"http:\/\/hairbeauty-pro.com\/wp-content\/uploads\/2023\/09\/339_white-1.png","type":"image\/png"}],"twitter_card":"summary_large_image","schema":{"@context":"https:\/\/schema.org","@graph":[{"@type":"WebPage","@id":"https:\/\/hairbeauty-pro.com\/?product=ys-345-cesalj-za-sisanje-2","url":"https:\/\/hairbeauty-pro.com\/?product=ys-345-cesalj-za-sisanje-2","name":"YS-345 \u010ce\u0161alj za \u0161i\u0161anje bijeli - Flash","isPartOf":{"@id":"https:\/\/hairbeauty-pro.com\/#website"},"datePublished":"2023-09-13T10:50:12+00:00","dateModified":"2023-12-18T09:28:01+00:00","description":"Du\u017eina: 220 mm Te\u017eina: 16gr Boje: bijela, karbon Otpornost na toplotu:\u00a0 220oC, karbon 150oC","breadcrumb":{"@id":"https:\/\/hairbeauty-pro.com\/?product=ys-345-cesalj-za-sisanje-2#breadcrumb"},"inLanguage":"bs-BA","potentialAction":[{"@type":"ReadAction","target":["https:\/\/hairbeauty-pro.com\/?product=ys-345-cesalj-za-sisanje-2"]}]},{"@type":"BreadcrumbList","@id":"https:\/\/hairbeauty-pro.com\/?product=ys-345-cesalj-za-sisanje-2#breadcrumb","itemListElement":[{"@type":"ListItem","position":1,"name":"Home","item":"https:\/\/hairbeauty-pro.com\/"},{"@type":"ListItem","position":2,"name":"Shop","item":"https:\/\/hairbeauty-pro.com\/?page_id=11"},{"@type":"ListItem","position":3,"name":"YS-345 \u010ce\u0161alj za \u0161i\u0161anje bijeli"}]},{"@type":"WebSite","@id":"https:\/\/hairbeauty-pro.com\/#website","url":"https:\/\/hairbeauty-pro.com\/","name":"Flash","description":"Va\u0161a ultimativna destinacja za njegu kose","publisher":{"@id":"https:\/\/hairbeauty-pro.com\/#organization"},"potentialAction":[{"@type":"SearchAction","target":{"@type":"EntryPoint","urlTemplate":"https:\/\/hairbeauty-pro.com\/?s={search_term_string}"},"query-input":"required name=search_term_string"}],"inLanguage":"bs-BA"},{"@type":"Organization","@id":"https:\/\/hairbeauty-pro.com\/#organization","name":"Flash","url":"https:\/\/hairbeauty-pro.com\/","logo":{"@type":"ImageObject","inLanguage":"bs-BA","@id":"https:\/\/hairbeauty-pro.com\/#\/schema\/logo\/image\/","url":"https:\/\/hairbeauty-pro.com\/wp-content\/uploads\/2023\/07\/cropped-FLASH-LOGO-png.png","contentUrl":"https:\/\/hairbeauty-pro.com\/wp-content\/uploads\/2023\/07\/cropped-FLASH-LOGO-png.png","width":1316,"height":521,"caption":"Flash"},"image":{"@id":"https:\/\/hairbeauty-pro.com\/#\/schema\/logo\/image\/"}}]}},"_links":{"self":[{"href":"https:\/\/hairbeauty-pro.com\/index.php?rest_route=\/wp\/v2\/product\/3578"}],"collection":[{"href":"https:\/\/hairbeauty-pro.com\/index.php?rest_route=\/wp\/v2\/product"}],"about":[{"href":"https:\/\/hairbeauty-pro.com\/index.php?rest_route=\/wp\/v2\/types\/product"}],"replies":[{"embeddable":true,"href":"https:\/\/hairbeauty-pro.com\/index.php?rest_route=%2Fwp%2Fv2%2Fcomments&post=3578"}],"wp:featuredmedia":[{"embeddable":true,"href":"https:\/\/hairbeauty-pro.com\/index.php?rest_route=\/wp\/v2\/media\/3579"}],"wp:attachment":[{"href":"https:\/\/hairbeauty-pro.com\/index.php?rest_route=%2Fwp%2Fv2%2Fmedia&parent=3578"}],"wp:term":[{"taxonomy":"product_cat","embeddable":true,"href":"https:\/\/hairbeauty-pro.com\/index.php?rest_route=%2Fwp%2Fv2%2Fproduct_cat&post=3578"},{"taxonomy":"product_tag","embeddable":true,"href":"https:\/\/hairbeauty-pro.com\/index.php?rest_route=%2Fwp%2Fv2%2Fproduct_tag&post=3578"}],"curies":[{"name":"wp","href":"https:\/\/api.w.org\/{rel}","templated":true}]}}