{"id":3499,"date":"2023-09-13T09:15:08","date_gmt":"2023-09-13T09:15:08","guid":{"rendered":"https:\/\/hairbeauty-pro.com\/?post_type=product&#038;p=3499"},"modified":"2026-02-19T17:50:46","modified_gmt":"2026-02-19T17:50:46","slug":"oxeye-boja-za-trepavice-i-obrve-1-pure-black-crna","status":"publish","type":"product","link":"https:\/\/hairbeauty-pro.com\/?product=oxeye-boja-za-trepavice-i-obrve-1-pure-black-crna","title":{"rendered":"OXEYE BOJA ZA TREPAVICE I OBRVE 1 PURE BLACK &#8211; CRNA"},"content":{"rendered":"<p>Oxeye kremasta boja za trepavice i obrve je vrlo ugodna za upotrebu.\u00a0 Veoma je nje\u017ena za osjetljivu ko\u017eu oko o\u010diju i lica. Ne uzrokuje iritaciju, crvenilo i alergije. Cjelokupni izgled sa istaknutim o\u010dima je svje\u017eiji i izra\u017eajan. Za najbolje rezultate koristite aktivator Oxeye. Nijanse se mogu mije\u0161ati kako bi se dobio \u0161iri raspon nijansi.<\/p>\n<p>Bojenje obrva defin\u0161e njihov oblik i definiciju, sa bojom se popunjavaju eventualni nedostatci gusto\u0107e obrva.Oyeye boja za trepavice obrve i vizaulno nagla\u0161ava trepavice, \u010dini pogled izra\u017eajnijim i dubljim, izbjegavaju se mrlje, grudvice i posti\u017ee prirodni volumen. Boja se sa obrva i trepavica skida vrlo postepeno i prirodno, bez naglih promjena u izgledu, a u zavisnosti o Va\u0161oj kozmeti\u010dkoj rutini, vidljiva je 4 do 6 sedmica.<\/p>\n<p>Na\u010din upotrebe:<\/p>\n<ol>\n<li>Obrve o\u010distite od \u0161minke i masno\u0107e. Nanesite za\u0161titnu kremu na ko\u017eu oko obrva. Pazite da krema ne do\u0111e na mjesto gdje planirate nanijeti boju ina\u010de se proces bojenja ne\u0107e dogoditi.<\/li>\n<li>U maloj posudi pomije\u0161ajte pomo\u0107u aplikatora boju sa oksidiraju\u0107om emulzijom (u omjeru 1:1) dok ne dobijete homogenu kremastu konzistenciju.<\/li>\n<li>Gotovu smjesu nanesite na suhe obrve pomo\u0107u aplikatora. Ostavite da djeluje 5-10 minuta (u zavisnosti od \u017eeljenog intenziteta). Ukoliko ste ve\u0107 koristili ovaj preparat, vrijeme djelovanja smanjuje se za 1-5 minuta.<\/li>\n<li>Uklonite proizvod suhim pamu\u010dnim tuferom, a zatim ukolikoje potrebno o\u010distite mjesto bojenja i mokrim tuferom.<\/li>\n<\/ol>\n<p>Dostupne nijanse:<\/p>\n<p>4 tamnokestenjasta (Dark Chesnut), 4.56 svijetlo kestenjasta (Warm Chesnut), 6 tamno plava (Dark Blonde).<\/p>\n<p>-Pakovanje za\u00a0 44 aplikacija-<\/p>\n","protected":false},"excerpt":{"rendered":"<p>Pakovanje za\u00a0 44 aplikacija<\/p>\n<p>22ML<\/p>\n","protected":false},"featured_media":5666,"comment_status":"open","ping_status":"closed","template":"","meta":{"site-sidebar-layout":"default","site-content-layout":"","ast-site-content-layout":"default","site-content-style":"default","site-sidebar-style":"default","ast-global-header-display":"","ast-banner-title-visibility":"","ast-main-header-display":"","ast-hfb-above-header-display":"","ast-hfb-below-header-display":"","ast-hfb-mobile-header-display":"","site-post-title":"","ast-breadcrumbs-content":"","ast-featured-img":"","footer-sml-layout":"","theme-transparent-header-meta":"default","adv-header-id-meta":"","stick-header-meta":"","header-above-stick-meta":"","header-main-stick-meta":"","header-below-stick-meta":"","astra-migrate-meta-layouts":"set","ast-page-background-enabled":"default","ast-page-background-meta":{"desktop":{"background-color":"","background-image":"","background-repeat":"repeat","background-position":"center center","background-size":"auto","background-attachment":"scroll","background-type":"","background-media":"","overlay-type":"","overlay-color":"","overlay-opacity":"","overlay-gradient":""},"tablet":{"background-color":"","background-image":"","background-repeat":"repeat","background-position":"center center","background-size":"auto","background-attachment":"scroll","background-type":"","background-media":"","overlay-type":"","overlay-color":"","overlay-opacity":"","overlay-gradient":""},"mobile":{"background-color":"","background-image":"","background-repeat":"repeat","background-position":"center center","background-size":"auto","background-attachment":"scroll","background-type":"","background-media":"","overlay-type":"","overlay-color":"","overlay-opacity":"","overlay-gradient":""}},"ast-content-background-meta":{"desktop":{"background-color":"var(--ast-global-color-5)","background-image":"","background-repeat":"repeat","background-position":"center center","background-size":"auto","background-attachment":"scroll","background-type":"","background-media":"","overlay-type":"","overlay-color":"","overlay-opacity":"","overlay-gradient":""},"tablet":{"background-color":"var(--ast-global-color-5)","background-image":"","background-repeat":"repeat","background-position":"center center","background-size":"auto","background-attachment":"scroll","background-type":"","background-media":"","overlay-type":"","overlay-color":"","overlay-opacity":"","overlay-gradient":""},"mobile":{"background-color":"var(--ast-global-color-5)","background-image":"","background-repeat":"repeat","background-position":"center center","background-size":"auto","background-attachment":"scroll","background-type":"","background-media":"","overlay-type":"","overlay-color":"","overlay-opacity":"","overlay-gradient":""}}},"product_cat":[191,81,200,147,44,229],"product_tag":[],"yoast_head":"<!-- This site is optimized with the Yoast SEO plugin v21.7 - https:\/\/yoast.com\/wordpress\/plugins\/seo\/ -->\n<title>OXEYE BOJA ZA TREPAVICE I OBRVE 1 PURE BLACK - CRNA - Flash<\/title>\n<meta name=\"description\" content=\"Pakovanje za\u00a0 44 aplikacija  22ML\" \/>\n<meta name=\"robots\" content=\"index, follow, max-snippet:-1, max-image-preview:large, max-video-preview:-1\" \/>\n<link rel=\"canonical\" href=\"https:\/\/hairbeauty-pro.com\/?product=oxeye-boja-za-trepavice-i-obrve-1-pure-black-crna\" \/>\n<meta property=\"og:locale\" content=\"bs_BA\" \/>\n<meta property=\"og:type\" content=\"article\" \/>\n<meta property=\"og:title\" content=\"OXEYE BOJA ZA TREPAVICE I OBRVE 1 PURE BLACK - CRNA - Flash\" \/>\n<meta property=\"og:description\" content=\"Pakovanje za\u00a0 44 aplikacija  22ML\" \/>\n<meta property=\"og:url\" content=\"https:\/\/hairbeauty-pro.com\/?product=oxeye-boja-za-trepavice-i-obrve-1-pure-black-crna\" \/>\n<meta property=\"og:site_name\" content=\"Flash\" \/>\n<meta property=\"article:modified_time\" content=\"2026-02-19T17:50:46+00:00\" \/>\n<meta property=\"og:image\" content=\"http:\/\/hairbeauty-pro.com\/wp-content\/uploads\/2023\/11\/20860_Pure-Black-1-scaled-1.jpg\" \/>\n\t<meta property=\"og:image:width\" content=\"2560\" \/>\n\t<meta property=\"og:image:height\" content=\"1707\" \/>\n\t<meta property=\"og:image:type\" content=\"image\/jpeg\" \/>\n<meta name=\"twitter:card\" content=\"summary_large_image\" \/>\n<meta name=\"twitter:label1\" content=\"Est. reading time\" \/>\n\t<meta name=\"twitter:data1\" content=\"1 minuta\" \/>\n<script type=\"application\/ld+json\" class=\"yoast-schema-graph\">{\"@context\":\"https:\/\/schema.org\",\"@graph\":[{\"@type\":\"WebPage\",\"@id\":\"https:\/\/hairbeauty-pro.com\/?product=oxeye-boja-za-trepavice-i-obrve-1-pure-black-crna\",\"url\":\"https:\/\/hairbeauty-pro.com\/?product=oxeye-boja-za-trepavice-i-obrve-1-pure-black-crna\",\"name\":\"OXEYE BOJA ZA TREPAVICE I OBRVE 1 PURE BLACK - CRNA - Flash\",\"isPartOf\":{\"@id\":\"https:\/\/hairbeauty-pro.com\/#website\"},\"datePublished\":\"2023-09-13T09:15:08+00:00\",\"dateModified\":\"2026-02-19T17:50:46+00:00\",\"description\":\"Pakovanje za\u00a0 44 aplikacija 22ML\",\"breadcrumb\":{\"@id\":\"https:\/\/hairbeauty-pro.com\/?product=oxeye-boja-za-trepavice-i-obrve-1-pure-black-crna#breadcrumb\"},\"inLanguage\":\"bs-BA\",\"potentialAction\":[{\"@type\":\"ReadAction\",\"target\":[\"https:\/\/hairbeauty-pro.com\/?product=oxeye-boja-za-trepavice-i-obrve-1-pure-black-crna\"]}]},{\"@type\":\"BreadcrumbList\",\"@id\":\"https:\/\/hairbeauty-pro.com\/?product=oxeye-boja-za-trepavice-i-obrve-1-pure-black-crna#breadcrumb\",\"itemListElement\":[{\"@type\":\"ListItem\",\"position\":1,\"name\":\"Home\",\"item\":\"https:\/\/hairbeauty-pro.com\/\"},{\"@type\":\"ListItem\",\"position\":2,\"name\":\"Shop\",\"item\":\"https:\/\/hairbeauty-pro.com\/?page_id=11\"},{\"@type\":\"ListItem\",\"position\":3,\"name\":\"OXEYE BOJA ZA TREPAVICE I OBRVE 1 PURE BLACK &#8211; CRNA\"}]},{\"@type\":\"WebSite\",\"@id\":\"https:\/\/hairbeauty-pro.com\/#website\",\"url\":\"https:\/\/hairbeauty-pro.com\/\",\"name\":\"Flash\",\"description\":\"Va\u0161a ultimativna destinacja za njegu kose\",\"publisher\":{\"@id\":\"https:\/\/hairbeauty-pro.com\/#organization\"},\"potentialAction\":[{\"@type\":\"SearchAction\",\"target\":{\"@type\":\"EntryPoint\",\"urlTemplate\":\"https:\/\/hairbeauty-pro.com\/?s={search_term_string}\"},\"query-input\":\"required name=search_term_string\"}],\"inLanguage\":\"bs-BA\"},{\"@type\":\"Organization\",\"@id\":\"https:\/\/hairbeauty-pro.com\/#organization\",\"name\":\"Flash\",\"url\":\"https:\/\/hairbeauty-pro.com\/\",\"logo\":{\"@type\":\"ImageObject\",\"inLanguage\":\"bs-BA\",\"@id\":\"https:\/\/hairbeauty-pro.com\/#\/schema\/logo\/image\/\",\"url\":\"https:\/\/hairbeauty-pro.com\/wp-content\/uploads\/2023\/07\/cropped-FLASH-LOGO-png.png\",\"contentUrl\":\"https:\/\/hairbeauty-pro.com\/wp-content\/uploads\/2023\/07\/cropped-FLASH-LOGO-png.png\",\"width\":1316,\"height\":521,\"caption\":\"Flash\"},\"image\":{\"@id\":\"https:\/\/hairbeauty-pro.com\/#\/schema\/logo\/image\/\"}}]}<\/script>\n<!-- \/ Yoast SEO plugin. -->","yoast_head_json":{"title":"OXEYE BOJA ZA TREPAVICE I OBRVE 1 PURE BLACK - CRNA - Flash","description":"Pakovanje za\u00a0 44 aplikacija  22ML","robots":{"index":"index","follow":"follow","max-snippet":"max-snippet:-1","max-image-preview":"max-image-preview:large","max-video-preview":"max-video-preview:-1"},"canonical":"https:\/\/hairbeauty-pro.com\/?product=oxeye-boja-za-trepavice-i-obrve-1-pure-black-crna","og_locale":"bs_BA","og_type":"article","og_title":"OXEYE BOJA ZA TREPAVICE I OBRVE 1 PURE BLACK - CRNA - Flash","og_description":"Pakovanje za\u00a0 44 aplikacija  22ML","og_url":"https:\/\/hairbeauty-pro.com\/?product=oxeye-boja-za-trepavice-i-obrve-1-pure-black-crna","og_site_name":"Flash","article_modified_time":"2026-02-19T17:50:46+00:00","og_image":[{"width":2560,"height":1707,"url":"http:\/\/hairbeauty-pro.com\/wp-content\/uploads\/2023\/11\/20860_Pure-Black-1-scaled-1.jpg","type":"image\/jpeg"}],"twitter_card":"summary_large_image","twitter_misc":{"Est. reading time":"1 minuta"},"schema":{"@context":"https:\/\/schema.org","@graph":[{"@type":"WebPage","@id":"https:\/\/hairbeauty-pro.com\/?product=oxeye-boja-za-trepavice-i-obrve-1-pure-black-crna","url":"https:\/\/hairbeauty-pro.com\/?product=oxeye-boja-za-trepavice-i-obrve-1-pure-black-crna","name":"OXEYE BOJA ZA TREPAVICE I OBRVE 1 PURE BLACK - CRNA - Flash","isPartOf":{"@id":"https:\/\/hairbeauty-pro.com\/#website"},"datePublished":"2023-09-13T09:15:08+00:00","dateModified":"2026-02-19T17:50:46+00:00","description":"Pakovanje za\u00a0 44 aplikacija 22ML","breadcrumb":{"@id":"https:\/\/hairbeauty-pro.com\/?product=oxeye-boja-za-trepavice-i-obrve-1-pure-black-crna#breadcrumb"},"inLanguage":"bs-BA","potentialAction":[{"@type":"ReadAction","target":["https:\/\/hairbeauty-pro.com\/?product=oxeye-boja-za-trepavice-i-obrve-1-pure-black-crna"]}]},{"@type":"BreadcrumbList","@id":"https:\/\/hairbeauty-pro.com\/?product=oxeye-boja-za-trepavice-i-obrve-1-pure-black-crna#breadcrumb","itemListElement":[{"@type":"ListItem","position":1,"name":"Home","item":"https:\/\/hairbeauty-pro.com\/"},{"@type":"ListItem","position":2,"name":"Shop","item":"https:\/\/hairbeauty-pro.com\/?page_id=11"},{"@type":"ListItem","position":3,"name":"OXEYE BOJA ZA TREPAVICE I OBRVE 1 PURE BLACK &#8211; CRNA"}]},{"@type":"WebSite","@id":"https:\/\/hairbeauty-pro.com\/#website","url":"https:\/\/hairbeauty-pro.com\/","name":"Flash","description":"Va\u0161a ultimativna destinacja za njegu kose","publisher":{"@id":"https:\/\/hairbeauty-pro.com\/#organization"},"potentialAction":[{"@type":"SearchAction","target":{"@type":"EntryPoint","urlTemplate":"https:\/\/hairbeauty-pro.com\/?s={search_term_string}"},"query-input":"required name=search_term_string"}],"inLanguage":"bs-BA"},{"@type":"Organization","@id":"https:\/\/hairbeauty-pro.com\/#organization","name":"Flash","url":"https:\/\/hairbeauty-pro.com\/","logo":{"@type":"ImageObject","inLanguage":"bs-BA","@id":"https:\/\/hairbeauty-pro.com\/#\/schema\/logo\/image\/","url":"https:\/\/hairbeauty-pro.com\/wp-content\/uploads\/2023\/07\/cropped-FLASH-LOGO-png.png","contentUrl":"https:\/\/hairbeauty-pro.com\/wp-content\/uploads\/2023\/07\/cropped-FLASH-LOGO-png.png","width":1316,"height":521,"caption":"Flash"},"image":{"@id":"https:\/\/hairbeauty-pro.com\/#\/schema\/logo\/image\/"}}]}},"_links":{"self":[{"href":"https:\/\/hairbeauty-pro.com\/index.php?rest_route=\/wp\/v2\/product\/3499"}],"collection":[{"href":"https:\/\/hairbeauty-pro.com\/index.php?rest_route=\/wp\/v2\/product"}],"about":[{"href":"https:\/\/hairbeauty-pro.com\/index.php?rest_route=\/wp\/v2\/types\/product"}],"replies":[{"embeddable":true,"href":"https:\/\/hairbeauty-pro.com\/index.php?rest_route=%2Fwp%2Fv2%2Fcomments&post=3499"}],"wp:featuredmedia":[{"embeddable":true,"href":"https:\/\/hairbeauty-pro.com\/index.php?rest_route=\/wp\/v2\/media\/5666"}],"wp:attachment":[{"href":"https:\/\/hairbeauty-pro.com\/index.php?rest_route=%2Fwp%2Fv2%2Fmedia&parent=3499"}],"wp:term":[{"taxonomy":"product_cat","embeddable":true,"href":"https:\/\/hairbeauty-pro.com\/index.php?rest_route=%2Fwp%2Fv2%2Fproduct_cat&post=3499"},{"taxonomy":"product_tag","embeddable":true,"href":"https:\/\/hairbeauty-pro.com\/index.php?rest_route=%2Fwp%2Fv2%2Fproduct_tag&post=3499"}],"curies":[{"name":"wp","href":"https:\/\/api.w.org\/{rel}","templated":true}]}}