{"id":3494,"date":"2023-09-13T09:07:04","date_gmt":"2023-09-13T09:07:04","guid":{"rendered":"https:\/\/hairbeauty-pro.com\/?post_type=product&#038;p=3494"},"modified":"2026-03-10T23:10:51","modified_gmt":"2026-03-10T23:10:51","slug":"toning-carbon-maska-2","status":"publish","type":"product","link":"https:\/\/hairbeauty-pro.com\/?product=toning-carbon-maska-2","title":{"rendered":"TONING CARBON MASKA 350ml"},"content":{"rendered":"<p>Toniraju\u0107a maska crne boje za neutralizaciju refleksije \u017eute boje nagla\u0161ava\u00a0 ljepotu plave\/dekolorisane\/ sijede kose. Aktivni sastojci prodiru u dlaku i rekonstrui\u0161u je iz osnova. Nova formula sa vitaminima, mineralima i antioksidantima ja\u010da kosu. Vegan friendly formula, bez parabena, silikona i sulfata.<\/p>\n<p><strong>Na\u010din upotrebe<\/strong>: nakon pranja kose sa Black Carbon \u0161amponom, prosu\u0161ite kosu pe\u0161kirom.\u00a0 Stavite za\u0161titne jednokratne rukavice i nanesite masku na cijelu du\u017einu i krajeve kose. Ostaviti da djeluje na 3-5 minuta. Potom isprati.<\/p>\n","protected":false},"excerpt":{"rendered":"<p>350ML<\/p>\n","protected":false},"featured_media":3495,"comment_status":"open","ping_status":"closed","template":"","meta":{"site-sidebar-layout":"default","site-content-layout":"","ast-site-content-layout":"default","site-content-style":"default","site-sidebar-style":"default","ast-global-header-display":"","ast-banner-title-visibility":"","ast-main-header-display":"","ast-hfb-above-header-display":"","ast-hfb-below-header-display":"","ast-hfb-mobile-header-display":"","site-post-title":"","ast-breadcrumbs-content":"","ast-featured-img":"","footer-sml-layout":"","theme-transparent-header-meta":"default","adv-header-id-meta":"","stick-header-meta":"","header-above-stick-meta":"","header-main-stick-meta":"","header-below-stick-meta":"","astra-migrate-meta-layouts":"set","ast-page-background-enabled":"default","ast-page-background-meta":{"desktop":{"background-color":"","background-image":"","background-repeat":"repeat","background-position":"center center","background-size":"auto","background-attachment":"scroll","background-type":"","background-media":"","overlay-type":"","overlay-color":"","overlay-opacity":"","overlay-gradient":""},"tablet":{"background-color":"","background-image":"","background-repeat":"repeat","background-position":"center center","background-size":"auto","background-attachment":"scroll","background-type":"","background-media":"","overlay-type":"","overlay-color":"","overlay-opacity":"","overlay-gradient":""},"mobile":{"background-color":"","background-image":"","background-repeat":"repeat","background-position":"center center","background-size":"auto","background-attachment":"scroll","background-type":"","background-media":"","overlay-type":"","overlay-color":"","overlay-opacity":"","overlay-gradient":""}},"ast-content-background-meta":{"desktop":{"background-color":"var(--ast-global-color-5)","background-image":"","background-repeat":"repeat","background-position":"center center","background-size":"auto","background-attachment":"scroll","background-type":"","background-media":"","overlay-type":"","overlay-color":"","overlay-opacity":"","overlay-gradient":""},"tablet":{"background-color":"var(--ast-global-color-5)","background-image":"","background-repeat":"repeat","background-position":"center center","background-size":"auto","background-attachment":"scroll","background-type":"","background-media":"","overlay-type":"","overlay-color":"","overlay-opacity":"","overlay-gradient":""},"mobile":{"background-color":"var(--ast-global-color-5)","background-image":"","background-repeat":"repeat","background-position":"center center","background-size":"auto","background-attachment":"scroll","background-type":"","background-media":"","overlay-type":"","overlay-color":"","overlay-opacity":"","overlay-gradient":""}}},"product_cat":[191,81,44,269,90,176,184,66,110,199,145],"product_tag":[],"yoast_head":"<!-- This site is optimized with the Yoast SEO plugin v21.7 - https:\/\/yoast.com\/wordpress\/plugins\/seo\/ -->\n<title>TONING CARBON MASKA 350ml - Flash<\/title>\n<meta name=\"description\" content=\"350ML\" \/>\n<meta name=\"robots\" content=\"index, follow, max-snippet:-1, max-image-preview:large, max-video-preview:-1\" \/>\n<link rel=\"canonical\" href=\"https:\/\/hairbeauty-pro.com\/?product=toning-carbon-maska-2\" \/>\n<meta property=\"og:locale\" content=\"bs_BA\" \/>\n<meta property=\"og:type\" content=\"article\" \/>\n<meta property=\"og:title\" content=\"TONING CARBON MASKA 350ml - Flash\" \/>\n<meta property=\"og:description\" content=\"350ML\" \/>\n<meta property=\"og:url\" content=\"https:\/\/hairbeauty-pro.com\/?product=toning-carbon-maska-2\" \/>\n<meta property=\"og:site_name\" content=\"Flash\" \/>\n<meta property=\"article:modified_time\" content=\"2026-03-10T23:10:51+00:00\" \/>\n<meta property=\"og:image\" content=\"http:\/\/hairbeauty-pro.com\/wp-content\/uploads\/2023\/09\/22317-Toning-carbon-mask-350-ml.jpg\" \/>\n\t<meta property=\"og:image:width\" content=\"504\" \/>\n\t<meta property=\"og:image:height\" content=\"1397\" \/>\n\t<meta property=\"og:image:type\" content=\"image\/jpeg\" \/>\n<meta name=\"twitter:card\" content=\"summary_large_image\" \/>\n<script type=\"application\/ld+json\" class=\"yoast-schema-graph\">{\"@context\":\"https:\/\/schema.org\",\"@graph\":[{\"@type\":\"WebPage\",\"@id\":\"https:\/\/hairbeauty-pro.com\/?product=toning-carbon-maska-2\",\"url\":\"https:\/\/hairbeauty-pro.com\/?product=toning-carbon-maska-2\",\"name\":\"TONING CARBON MASKA 350ml - Flash\",\"isPartOf\":{\"@id\":\"https:\/\/hairbeauty-pro.com\/#website\"},\"datePublished\":\"2023-09-13T09:07:04+00:00\",\"dateModified\":\"2026-03-10T23:10:51+00:00\",\"description\":\"350ML\",\"breadcrumb\":{\"@id\":\"https:\/\/hairbeauty-pro.com\/?product=toning-carbon-maska-2#breadcrumb\"},\"inLanguage\":\"bs-BA\",\"potentialAction\":[{\"@type\":\"ReadAction\",\"target\":[\"https:\/\/hairbeauty-pro.com\/?product=toning-carbon-maska-2\"]}]},{\"@type\":\"BreadcrumbList\",\"@id\":\"https:\/\/hairbeauty-pro.com\/?product=toning-carbon-maska-2#breadcrumb\",\"itemListElement\":[{\"@type\":\"ListItem\",\"position\":1,\"name\":\"Home\",\"item\":\"https:\/\/hairbeauty-pro.com\/\"},{\"@type\":\"ListItem\",\"position\":2,\"name\":\"Shop\",\"item\":\"https:\/\/hairbeauty-pro.com\/?page_id=11\"},{\"@type\":\"ListItem\",\"position\":3,\"name\":\"TONING CARBON MASKA 350ml\"}]},{\"@type\":\"WebSite\",\"@id\":\"https:\/\/hairbeauty-pro.com\/#website\",\"url\":\"https:\/\/hairbeauty-pro.com\/\",\"name\":\"Flash\",\"description\":\"Va\u0161a ultimativna destinacja za njegu kose\",\"publisher\":{\"@id\":\"https:\/\/hairbeauty-pro.com\/#organization\"},\"potentialAction\":[{\"@type\":\"SearchAction\",\"target\":{\"@type\":\"EntryPoint\",\"urlTemplate\":\"https:\/\/hairbeauty-pro.com\/?s={search_term_string}\"},\"query-input\":\"required name=search_term_string\"}],\"inLanguage\":\"bs-BA\"},{\"@type\":\"Organization\",\"@id\":\"https:\/\/hairbeauty-pro.com\/#organization\",\"name\":\"Flash\",\"url\":\"https:\/\/hairbeauty-pro.com\/\",\"logo\":{\"@type\":\"ImageObject\",\"inLanguage\":\"bs-BA\",\"@id\":\"https:\/\/hairbeauty-pro.com\/#\/schema\/logo\/image\/\",\"url\":\"https:\/\/hairbeauty-pro.com\/wp-content\/uploads\/2023\/07\/cropped-FLASH-LOGO-png.png\",\"contentUrl\":\"https:\/\/hairbeauty-pro.com\/wp-content\/uploads\/2023\/07\/cropped-FLASH-LOGO-png.png\",\"width\":1316,\"height\":521,\"caption\":\"Flash\"},\"image\":{\"@id\":\"https:\/\/hairbeauty-pro.com\/#\/schema\/logo\/image\/\"}}]}<\/script>\n<!-- \/ Yoast SEO plugin. -->","yoast_head_json":{"title":"TONING CARBON MASKA 350ml - Flash","description":"350ML","robots":{"index":"index","follow":"follow","max-snippet":"max-snippet:-1","max-image-preview":"max-image-preview:large","max-video-preview":"max-video-preview:-1"},"canonical":"https:\/\/hairbeauty-pro.com\/?product=toning-carbon-maska-2","og_locale":"bs_BA","og_type":"article","og_title":"TONING CARBON MASKA 350ml - Flash","og_description":"350ML","og_url":"https:\/\/hairbeauty-pro.com\/?product=toning-carbon-maska-2","og_site_name":"Flash","article_modified_time":"2026-03-10T23:10:51+00:00","og_image":[{"width":504,"height":1397,"url":"http:\/\/hairbeauty-pro.com\/wp-content\/uploads\/2023\/09\/22317-Toning-carbon-mask-350-ml.jpg","type":"image\/jpeg"}],"twitter_card":"summary_large_image","schema":{"@context":"https:\/\/schema.org","@graph":[{"@type":"WebPage","@id":"https:\/\/hairbeauty-pro.com\/?product=toning-carbon-maska-2","url":"https:\/\/hairbeauty-pro.com\/?product=toning-carbon-maska-2","name":"TONING CARBON MASKA 350ml - Flash","isPartOf":{"@id":"https:\/\/hairbeauty-pro.com\/#website"},"datePublished":"2023-09-13T09:07:04+00:00","dateModified":"2026-03-10T23:10:51+00:00","description":"350ML","breadcrumb":{"@id":"https:\/\/hairbeauty-pro.com\/?product=toning-carbon-maska-2#breadcrumb"},"inLanguage":"bs-BA","potentialAction":[{"@type":"ReadAction","target":["https:\/\/hairbeauty-pro.com\/?product=toning-carbon-maska-2"]}]},{"@type":"BreadcrumbList","@id":"https:\/\/hairbeauty-pro.com\/?product=toning-carbon-maska-2#breadcrumb","itemListElement":[{"@type":"ListItem","position":1,"name":"Home","item":"https:\/\/hairbeauty-pro.com\/"},{"@type":"ListItem","position":2,"name":"Shop","item":"https:\/\/hairbeauty-pro.com\/?page_id=11"},{"@type":"ListItem","position":3,"name":"TONING CARBON MASKA 350ml"}]},{"@type":"WebSite","@id":"https:\/\/hairbeauty-pro.com\/#website","url":"https:\/\/hairbeauty-pro.com\/","name":"Flash","description":"Va\u0161a ultimativna destinacja za njegu kose","publisher":{"@id":"https:\/\/hairbeauty-pro.com\/#organization"},"potentialAction":[{"@type":"SearchAction","target":{"@type":"EntryPoint","urlTemplate":"https:\/\/hairbeauty-pro.com\/?s={search_term_string}"},"query-input":"required name=search_term_string"}],"inLanguage":"bs-BA"},{"@type":"Organization","@id":"https:\/\/hairbeauty-pro.com\/#organization","name":"Flash","url":"https:\/\/hairbeauty-pro.com\/","logo":{"@type":"ImageObject","inLanguage":"bs-BA","@id":"https:\/\/hairbeauty-pro.com\/#\/schema\/logo\/image\/","url":"https:\/\/hairbeauty-pro.com\/wp-content\/uploads\/2023\/07\/cropped-FLASH-LOGO-png.png","contentUrl":"https:\/\/hairbeauty-pro.com\/wp-content\/uploads\/2023\/07\/cropped-FLASH-LOGO-png.png","width":1316,"height":521,"caption":"Flash"},"image":{"@id":"https:\/\/hairbeauty-pro.com\/#\/schema\/logo\/image\/"}}]}},"_links":{"self":[{"href":"https:\/\/hairbeauty-pro.com\/index.php?rest_route=\/wp\/v2\/product\/3494"}],"collection":[{"href":"https:\/\/hairbeauty-pro.com\/index.php?rest_route=\/wp\/v2\/product"}],"about":[{"href":"https:\/\/hairbeauty-pro.com\/index.php?rest_route=\/wp\/v2\/types\/product"}],"replies":[{"embeddable":true,"href":"https:\/\/hairbeauty-pro.com\/index.php?rest_route=%2Fwp%2Fv2%2Fcomments&post=3494"}],"wp:featuredmedia":[{"embeddable":true,"href":"https:\/\/hairbeauty-pro.com\/index.php?rest_route=\/wp\/v2\/media\/3495"}],"wp:attachment":[{"href":"https:\/\/hairbeauty-pro.com\/index.php?rest_route=%2Fwp%2Fv2%2Fmedia&parent=3494"}],"wp:term":[{"taxonomy":"product_cat","embeddable":true,"href":"https:\/\/hairbeauty-pro.com\/index.php?rest_route=%2Fwp%2Fv2%2Fproduct_cat&post=3494"},{"taxonomy":"product_tag","embeddable":true,"href":"https:\/\/hairbeauty-pro.com\/index.php?rest_route=%2Fwp%2Fv2%2Fproduct_tag&post=3494"}],"curies":[{"name":"wp","href":"https:\/\/api.w.org\/{rel}","templated":true}]}}