{"id":3474,"date":"2023-09-13T08:50:20","date_gmt":"2023-09-13T08:50:20","guid":{"rendered":"https:\/\/hairbeauty-pro.com\/?post_type=product&#038;p=3474"},"modified":"2023-12-07T12:36:32","modified_gmt":"2023-12-07T12:36:32","slug":"kay-pro-dekolor-blans-black-to-white-92-tonova","status":"publish","type":"product","link":"https:\/\/hairbeauty-pro.com\/?product=kay-pro-dekolor-blans-black-to-white-92-tonova","title":{"rendered":"KAY PRO DEKOLOR (BLAN\u0160)  BLACK TO WHITE 9+2 tonova"},"content":{"rendered":"<p>BLACK TO WHITE 9+2 dekolor\u00a0 sa bambusovim biljnim karbonom u prahu je formulisan za postizanje maksimalnog posvijetljenja uz maksimalnu za\u0161titu kose kako bi se neutralizovali ne\u017eeljeni \u017euti\/narand\u017easti tonovi.<\/p>\n<p>KARAKTERISTIKE PROIZVODA:<\/p>\n<ul>\n<li>MAKSIMALNO POSVIJETLJENJE<\/li>\n<li>MAKSIMALNA ZA\u0160TITA KOSE<\/li>\n<li>NAKON TRETMANA IZBJELJIVANJA KOSA JE BLISTAVA I SJAJNA SA HLADNIM REFLEKSIMA PLAVE NIJANSE<\/li>\n<li>SAVR\u0160EN ZA SVE TEHNIKE I SVE TIPOVE KOSE<\/li>\n<li>11 NIVOA POSVIJETLJENJA<\/li>\n<li>IZVANREDNI REZULTATI \u010cAK I SA 20vol\/30vol RAZVIJA\u010cEM, 9 NIVOA POSVIJETLJENJA (ELIMINACIJA MELANINA ILI ZAOSTALIH HEMIJSKIH POLIMERA) , 2 NIVOA PONI\u0160TAVAJU HROMATSKI ZBIR NEESTETSKIH \u017dUTO-NARANDD\u017dASTIH REFLEKSA<\/li>\n<li>NE STVARI PRUGE NA KOSI<\/li>\n<\/ul>\n<p>Upotreba:<\/p>\n<ul>\n<li>Za postizanje najboljih rezultata, tehnika nano\u0161enja uklju\u010duje omjer mije\u0161anja 1:2 sa 20vol (6%) oksidiraju\u0107e kreme, sa vremenom djelovanja 25-30 minuta na bazi 6 (tamno plava).<\/li>\n<li>Na tamnijim podlogama vrijeme djelovanja mo\u017ee varirati od 30 do 45 minuta (\u010dak i sa 30vol ili 40vol u zavisnosti od po\u010detne baze).<\/li>\n<li>Kod primjene na korijenu preporu\u010duje se upotreba razvija\u010da 20 vol.<\/li>\n<li>Preporu\u010duje se primjena umjerene toplote na kosu do tjelesne temperature od 37\u00b0C, a ne sobne temperature od 22\u00b0C.<\/li>\n<li>Preporu\u010duje se stalna vizuelna provjera sve dok se ne postigne \u017eeljeni nivo posvjetljenja.<\/li>\n<\/ul>\n<p>SAVJETI ZA PRIMJENU:<\/p>\n<ul>\n<li>Za pramenove se preporu\u010duje upotreba sinteti\u010dkih folija, jer alu folija (metal) nije kompatibilna sa oksidiraju\u0107im proizvodima.<\/li>\n<li>Za tretmane potpunog posvjetljenja ne preporu\u010duje se upotreba oksidiraju\u0107e emulzije 40 vol<\/li>\n<li>Nakon dekolora i prije nano\u0161enja bilo koje vrste tonera, po\u017eeljno je lagano \u0161amponiranje kose<\/li>\n<li>Za potpuno posvjetljenje kose predla\u017ee se rad blizu izrastka, po\u010dev\u0161i od potiljka sa niskim procentom razvija\u010da (10 vol\/3% i 20 vol\/ 6%) i pove\u0107anje procenta razvija\u010da za prednji dio glave (maksimalno 30 vol\/9%)<\/li>\n<\/ul>\n<p><u>Prirodna kosa srednje\/jake strukture baza 4 \u2013 5:<\/u><\/p>\n<p>Pramenovi\/rad sa folijama: oksidiraju\u0107a emulzija od 20\/30\/40 vol. \u2013 3\/9\/12%<\/p>\n<p>Srednje vrijeme djelovanja 30 do 50 minuta.<\/p>\n<p>Preporu\u010duje se stalna vizuelna provjera sve dok se ne postigne \u017eeljeni nivo posvjetljenja.<\/p>\n<p><u>Prirodna kosa srednje\/nje\u017ene strukture baza 6 \u2013 9:<\/u><\/p>\n<p>Pramenovi\/rad sa folijama: oksidiraju\u0107a emulzija od 10\/20\/30 vol. \u2013 3\/6\/9%<\/p>\n<p>Srednje vrijeme djelovanja 20\/30 minuta.<\/p>\n<p>Preporu\u010duje se stalna vizuelna provjera sve dok se ne postigne \u017eeljeni nivo posvjetljenja.<\/p>\n<p>Ja\u010dina oksidiraju\u0107e emulzije na farbanoj se isto primjenjuje kao \u0161to je iznad navedeno, varijabilnost refleksije zavisi od po\u010detne baze i ostacima crveno-narand\u017easte boje.<\/p>\n<p>Preporu\u010duje se stalna vizuelna provjera sve dok se ne postigne \u017eeljeni nivo posvjetljenja.<\/p>\n","protected":false},"excerpt":{"rendered":"<p>Cijena na upit &#8211; samo za salonsku upotrebu<\/p>\n<p>500ML<\/p>\n","protected":false},"featured_media":3475,"comment_status":"open","ping_status":"closed","template":"","meta":{"site-sidebar-layout":"default","site-content-layout":"","ast-site-content-layout":"default","site-content-style":"default","site-sidebar-style":"default","ast-global-header-display":"","ast-banner-title-visibility":"","ast-main-header-display":"","ast-hfb-above-header-display":"","ast-hfb-below-header-display":"","ast-hfb-mobile-header-display":"","site-post-title":"","ast-breadcrumbs-content":"","ast-featured-img":"","footer-sml-layout":"","theme-transparent-header-meta":"default","adv-header-id-meta":"","stick-header-meta":"","header-above-stick-meta":"","header-main-stick-meta":"","header-below-stick-meta":"","astra-migrate-meta-layouts":"set","ast-page-background-enabled":"default","ast-page-background-meta":{"desktop":{"background-color":"","background-image":"","background-repeat":"repeat","background-position":"center center","background-size":"auto","background-attachment":"scroll","background-type":"","background-media":"","overlay-type":"","overlay-color":"","overlay-opacity":"","overlay-gradient":""},"tablet":{"background-color":"","background-image":"","background-repeat":"repeat","background-position":"center center","background-size":"auto","background-attachment":"scroll","background-type":"","background-media":"","overlay-type":"","overlay-color":"","overlay-opacity":"","overlay-gradient":""},"mobile":{"background-color":"","background-image":"","background-repeat":"repeat","background-position":"center center","background-size":"auto","background-attachment":"scroll","background-type":"","background-media":"","overlay-type":"","overlay-color":"","overlay-opacity":"","overlay-gradient":""}},"ast-content-background-meta":{"desktop":{"background-color":"var(--ast-global-color-5)","background-image":"","background-repeat":"repeat","background-position":"center center","background-size":"auto","background-attachment":"scroll","background-type":"","background-media":"","overlay-type":"","overlay-color":"","overlay-opacity":"","overlay-gradient":""},"tablet":{"background-color":"var(--ast-global-color-5)","background-image":"","background-repeat":"repeat","background-position":"center center","background-size":"auto","background-attachment":"scroll","background-type":"","background-media":"","overlay-type":"","overlay-color":"","overlay-opacity":"","overlay-gradient":""},"mobile":{"background-color":"var(--ast-global-color-5)","background-image":"","background-repeat":"repeat","background-position":"center center","background-size":"auto","background-attachment":"scroll","background-type":"","background-media":"","overlay-type":"","overlay-color":"","overlay-opacity":"","overlay-gradient":""}}},"product_cat":[198,144,191,81,44,269],"product_tag":[],"yoast_head":"<!-- This site is optimized with the Yoast SEO plugin v21.7 - https:\/\/yoast.com\/wordpress\/plugins\/seo\/ -->\n<title>KAY PRO DEKOLOR (BLAN\u0160) BLACK TO WHITE 9+2 tonova - Flash<\/title>\n<meta name=\"description\" content=\"Cijena na upit - samo za salonsku upotrebu  500ML\" \/>\n<meta name=\"robots\" content=\"index, follow, max-snippet:-1, max-image-preview:large, max-video-preview:-1\" \/>\n<link rel=\"canonical\" href=\"https:\/\/hairbeauty-pro.com\/?product=kay-pro-dekolor-blans-black-to-white-92-tonova\" \/>\n<meta property=\"og:locale\" content=\"bs_BA\" \/>\n<meta property=\"og:type\" content=\"article\" \/>\n<meta property=\"og:title\" content=\"KAY PRO DEKOLOR (BLAN\u0160) BLACK TO WHITE 9+2 tonova - Flash\" \/>\n<meta property=\"og:description\" content=\"Cijena na upit - samo za salonsku upotrebu  500ML\" \/>\n<meta property=\"og:url\" content=\"https:\/\/hairbeauty-pro.com\/?product=kay-pro-dekolor-blans-black-to-white-92-tonova\" \/>\n<meta property=\"og:site_name\" content=\"Flash\" \/>\n<meta property=\"article:modified_time\" content=\"2023-12-07T12:36:32+00:00\" \/>\n<meta property=\"og:image\" content=\"https:\/\/hairbeauty-pro.com\/wp-content\/uploads\/2023\/09\/20461-scaled.jpg\" \/>\n\t<meta property=\"og:image:width\" content=\"2560\" \/>\n\t<meta property=\"og:image:height\" content=\"2505\" \/>\n\t<meta property=\"og:image:type\" content=\"image\/jpeg\" \/>\n<meta name=\"twitter:card\" content=\"summary_large_image\" \/>\n<meta name=\"twitter:label1\" content=\"Est. reading time\" \/>\n\t<meta name=\"twitter:data1\" content=\"2 minute\" \/>\n<script type=\"application\/ld+json\" class=\"yoast-schema-graph\">{\"@context\":\"https:\/\/schema.org\",\"@graph\":[{\"@type\":\"WebPage\",\"@id\":\"https:\/\/hairbeauty-pro.com\/?product=kay-pro-dekolor-blans-black-to-white-92-tonova\",\"url\":\"https:\/\/hairbeauty-pro.com\/?product=kay-pro-dekolor-blans-black-to-white-92-tonova\",\"name\":\"KAY PRO DEKOLOR (BLAN\u0160) BLACK TO WHITE 9+2 tonova - Flash\",\"isPartOf\":{\"@id\":\"https:\/\/hairbeauty-pro.com\/#website\"},\"datePublished\":\"2023-09-13T08:50:20+00:00\",\"dateModified\":\"2023-12-07T12:36:32+00:00\",\"description\":\"Cijena na upit - samo za salonsku upotrebu 500ML\",\"breadcrumb\":{\"@id\":\"https:\/\/hairbeauty-pro.com\/?product=kay-pro-dekolor-blans-black-to-white-92-tonova#breadcrumb\"},\"inLanguage\":\"bs-BA\",\"potentialAction\":[{\"@type\":\"ReadAction\",\"target\":[\"https:\/\/hairbeauty-pro.com\/?product=kay-pro-dekolor-blans-black-to-white-92-tonova\"]}]},{\"@type\":\"BreadcrumbList\",\"@id\":\"https:\/\/hairbeauty-pro.com\/?product=kay-pro-dekolor-blans-black-to-white-92-tonova#breadcrumb\",\"itemListElement\":[{\"@type\":\"ListItem\",\"position\":1,\"name\":\"Home\",\"item\":\"https:\/\/hairbeauty-pro.com\/\"},{\"@type\":\"ListItem\",\"position\":2,\"name\":\"Shop\",\"item\":\"https:\/\/hairbeauty-pro.com\/?page_id=11\"},{\"@type\":\"ListItem\",\"position\":3,\"name\":\"KAY PRO DEKOLOR (BLAN\u0160) BLACK TO WHITE 9+2 tonova\"}]},{\"@type\":\"WebSite\",\"@id\":\"https:\/\/hairbeauty-pro.com\/#website\",\"url\":\"https:\/\/hairbeauty-pro.com\/\",\"name\":\"Flash\",\"description\":\"Va\u0161a ultimativna destinacja za njegu kose\",\"publisher\":{\"@id\":\"https:\/\/hairbeauty-pro.com\/#organization\"},\"potentialAction\":[{\"@type\":\"SearchAction\",\"target\":{\"@type\":\"EntryPoint\",\"urlTemplate\":\"https:\/\/hairbeauty-pro.com\/?s={search_term_string}\"},\"query-input\":\"required name=search_term_string\"}],\"inLanguage\":\"bs-BA\"},{\"@type\":\"Organization\",\"@id\":\"https:\/\/hairbeauty-pro.com\/#organization\",\"name\":\"Flash\",\"url\":\"https:\/\/hairbeauty-pro.com\/\",\"logo\":{\"@type\":\"ImageObject\",\"inLanguage\":\"bs-BA\",\"@id\":\"https:\/\/hairbeauty-pro.com\/#\/schema\/logo\/image\/\",\"url\":\"https:\/\/hairbeauty-pro.com\/wp-content\/uploads\/2023\/07\/cropped-FLASH-LOGO-png.png\",\"contentUrl\":\"https:\/\/hairbeauty-pro.com\/wp-content\/uploads\/2023\/07\/cropped-FLASH-LOGO-png.png\",\"width\":1316,\"height\":521,\"caption\":\"Flash\"},\"image\":{\"@id\":\"https:\/\/hairbeauty-pro.com\/#\/schema\/logo\/image\/\"}}]}<\/script>\n<!-- \/ Yoast SEO plugin. -->","yoast_head_json":{"title":"KAY PRO DEKOLOR (BLAN\u0160) BLACK TO WHITE 9+2 tonova - Flash","description":"Cijena na upit - samo za salonsku upotrebu  500ML","robots":{"index":"index","follow":"follow","max-snippet":"max-snippet:-1","max-image-preview":"max-image-preview:large","max-video-preview":"max-video-preview:-1"},"canonical":"https:\/\/hairbeauty-pro.com\/?product=kay-pro-dekolor-blans-black-to-white-92-tonova","og_locale":"bs_BA","og_type":"article","og_title":"KAY PRO DEKOLOR (BLAN\u0160) BLACK TO WHITE 9+2 tonova - Flash","og_description":"Cijena na upit - samo za salonsku upotrebu  500ML","og_url":"https:\/\/hairbeauty-pro.com\/?product=kay-pro-dekolor-blans-black-to-white-92-tonova","og_site_name":"Flash","article_modified_time":"2023-12-07T12:36:32+00:00","og_image":[{"width":2560,"height":2505,"url":"https:\/\/hairbeauty-pro.com\/wp-content\/uploads\/2023\/09\/20461-scaled.jpg","type":"image\/jpeg"}],"twitter_card":"summary_large_image","twitter_misc":{"Est. reading time":"2 minute"},"schema":{"@context":"https:\/\/schema.org","@graph":[{"@type":"WebPage","@id":"https:\/\/hairbeauty-pro.com\/?product=kay-pro-dekolor-blans-black-to-white-92-tonova","url":"https:\/\/hairbeauty-pro.com\/?product=kay-pro-dekolor-blans-black-to-white-92-tonova","name":"KAY PRO DEKOLOR (BLAN\u0160) BLACK TO WHITE 9+2 tonova - Flash","isPartOf":{"@id":"https:\/\/hairbeauty-pro.com\/#website"},"datePublished":"2023-09-13T08:50:20+00:00","dateModified":"2023-12-07T12:36:32+00:00","description":"Cijena na upit - samo za salonsku upotrebu 500ML","breadcrumb":{"@id":"https:\/\/hairbeauty-pro.com\/?product=kay-pro-dekolor-blans-black-to-white-92-tonova#breadcrumb"},"inLanguage":"bs-BA","potentialAction":[{"@type":"ReadAction","target":["https:\/\/hairbeauty-pro.com\/?product=kay-pro-dekolor-blans-black-to-white-92-tonova"]}]},{"@type":"BreadcrumbList","@id":"https:\/\/hairbeauty-pro.com\/?product=kay-pro-dekolor-blans-black-to-white-92-tonova#breadcrumb","itemListElement":[{"@type":"ListItem","position":1,"name":"Home","item":"https:\/\/hairbeauty-pro.com\/"},{"@type":"ListItem","position":2,"name":"Shop","item":"https:\/\/hairbeauty-pro.com\/?page_id=11"},{"@type":"ListItem","position":3,"name":"KAY PRO DEKOLOR (BLAN\u0160) BLACK TO WHITE 9+2 tonova"}]},{"@type":"WebSite","@id":"https:\/\/hairbeauty-pro.com\/#website","url":"https:\/\/hairbeauty-pro.com\/","name":"Flash","description":"Va\u0161a ultimativna destinacja za njegu kose","publisher":{"@id":"https:\/\/hairbeauty-pro.com\/#organization"},"potentialAction":[{"@type":"SearchAction","target":{"@type":"EntryPoint","urlTemplate":"https:\/\/hairbeauty-pro.com\/?s={search_term_string}"},"query-input":"required name=search_term_string"}],"inLanguage":"bs-BA"},{"@type":"Organization","@id":"https:\/\/hairbeauty-pro.com\/#organization","name":"Flash","url":"https:\/\/hairbeauty-pro.com\/","logo":{"@type":"ImageObject","inLanguage":"bs-BA","@id":"https:\/\/hairbeauty-pro.com\/#\/schema\/logo\/image\/","url":"https:\/\/hairbeauty-pro.com\/wp-content\/uploads\/2023\/07\/cropped-FLASH-LOGO-png.png","contentUrl":"https:\/\/hairbeauty-pro.com\/wp-content\/uploads\/2023\/07\/cropped-FLASH-LOGO-png.png","width":1316,"height":521,"caption":"Flash"},"image":{"@id":"https:\/\/hairbeauty-pro.com\/#\/schema\/logo\/image\/"}}]}},"_links":{"self":[{"href":"https:\/\/hairbeauty-pro.com\/index.php?rest_route=\/wp\/v2\/product\/3474"}],"collection":[{"href":"https:\/\/hairbeauty-pro.com\/index.php?rest_route=\/wp\/v2\/product"}],"about":[{"href":"https:\/\/hairbeauty-pro.com\/index.php?rest_route=\/wp\/v2\/types\/product"}],"replies":[{"embeddable":true,"href":"https:\/\/hairbeauty-pro.com\/index.php?rest_route=%2Fwp%2Fv2%2Fcomments&post=3474"}],"wp:featuredmedia":[{"embeddable":true,"href":"https:\/\/hairbeauty-pro.com\/index.php?rest_route=\/wp\/v2\/media\/3475"}],"wp:attachment":[{"href":"https:\/\/hairbeauty-pro.com\/index.php?rest_route=%2Fwp%2Fv2%2Fmedia&parent=3474"}],"wp:term":[{"taxonomy":"product_cat","embeddable":true,"href":"https:\/\/hairbeauty-pro.com\/index.php?rest_route=%2Fwp%2Fv2%2Fproduct_cat&post=3474"},{"taxonomy":"product_tag","embeddable":true,"href":"https:\/\/hairbeauty-pro.com\/index.php?rest_route=%2Fwp%2Fv2%2Fproduct_tag&post=3474"}],"curies":[{"name":"wp","href":"https:\/\/api.w.org\/{rel}","templated":true}]}}