{"id":3472,"date":"2023-09-13T08:48:44","date_gmt":"2023-09-13T08:48:44","guid":{"rendered":"https:\/\/hairbeauty-pro.com\/?post_type=product&#038;p=3472"},"modified":"2023-12-07T12:36:32","modified_gmt":"2023-12-07T12:36:32","slug":"ultra-bleach-dekolor-blans-no-yellow","status":"publish","type":"product","link":"https:\/\/hairbeauty-pro.com\/?product=ultra-bleach-dekolor-blans-no-yellow","title":{"rendered":"ULTRA BLEACH DEKOLOR (BLAN\u0160)  NO YELLOW"},"content":{"rendered":"<p>Maksimalno oosvjetljenje &#8211; maksimalna za\u0161tita . Bez\u00a0 ne\u017eeljenog efekta \u201e\u017eutila\u201c.\u00a0 Neagresivni blan\u0161 za kosu u prahu koji sadr\u017ei oligosaharidnu beta-fruktozu, sastojak koji osigurava visok stepen za\u0161tite kose tokom procesa, obezbje\u0111uje lak\u0161e izbjeljivanje kose do 10 nijansi. Blan\u0161 za kosu ULTRA BLEACH omogu\u0107ava\u00a0 maksimalno posvjetljivanje kose, bez naru\u0161avanja sjaja i integriteta dlake. Pogodan je za upotrebu\u00a0 u svim tehnikama bijeljenja kose.<\/p>\n<p>Upotreba:<\/p>\n<p>Omjer mije\u0161anja\u00a0 1: 2\u00a0 sa oksidantom 10 vol. (3%) \/ 20 vol.\u00a0 (6%) \/ 30 vol. (9%) \/ 40 vol. (12%).<\/p>\n<ol>\n<li>a) Sa po\u010detnom tonskim nivoom 4:<\/li>\n<\/ol>\n<p>&#8211; posvjetljivanje do 5-6 tonova\u00a0 sa vremenom djelovanja 45 minuta<\/p>\n<p>&#8211; posvjetljivanje do 8-9 tonova sa vremenom djelovanja 90 minuta na sobnoj temperaturi od 20\u00b0C<\/p>\n<p>&#8211; posvjetljivanje do 10 tonova sa vremenom djelovanja od 90 minuta primjenom umjerene topote\u00a0 od 37-39\u00b0C (tjelesna temperatura).<\/p>\n<ol>\n<li>b) Sa po\u010detnom tonskim nivoom ni\u017eim od 4 ili kosom koja je otpornija \/ te\u017ee prima blan\u0161:<\/li>\n<\/ol>\n<p>&#8211; smjesa se uklanja nakon 90 minuta (temperatura izlaganja 37-39\u00b0C) i mijenja, bez ispiranja, novom svje\u017eom smjesom blan\u0161a koja se ostavlja da djeluje jo\u0161 20 minuta.<\/p>\n<p>Mjere opreza:<\/p>\n<p>Savjetujemo da se tokom procesa izbjeljivanja kose obavlja vizualna provjera dok se ne dostigne \u017eeljeni ton. Isperite obilnim koli\u010dinom mlake vode nakon izbjeljivanja.<\/p>\n","protected":false},"excerpt":{"rendered":"<p>Cijena na upit &#8211; samo za frizersku upotrebu<\/p>\n<p>500ML<\/p>\n","protected":false},"featured_media":3473,"comment_status":"open","ping_status":"closed","template":"","meta":{"site-sidebar-layout":"default","site-content-layout":"","ast-site-content-layout":"default","site-content-style":"default","site-sidebar-style":"default","ast-global-header-display":"","ast-banner-title-visibility":"","ast-main-header-display":"","ast-hfb-above-header-display":"","ast-hfb-below-header-display":"","ast-hfb-mobile-header-display":"","site-post-title":"","ast-breadcrumbs-content":"","ast-featured-img":"","footer-sml-layout":"","theme-transparent-header-meta":"default","adv-header-id-meta":"","stick-header-meta":"","header-above-stick-meta":"","header-main-stick-meta":"","header-below-stick-meta":"","astra-migrate-meta-layouts":"set","ast-page-background-enabled":"default","ast-page-background-meta":{"desktop":{"background-color":"","background-image":"","background-repeat":"repeat","background-position":"center center","background-size":"auto","background-attachment":"scroll","background-type":"","background-media":"","overlay-type":"","overlay-color":"","overlay-opacity":"","overlay-gradient":""},"tablet":{"background-color":"","background-image":"","background-repeat":"repeat","background-position":"center center","background-size":"auto","background-attachment":"scroll","background-type":"","background-media":"","overlay-type":"","overlay-color":"","overlay-opacity":"","overlay-gradient":""},"mobile":{"background-color":"","background-image":"","background-repeat":"repeat","background-position":"center center","background-size":"auto","background-attachment":"scroll","background-type":"","background-media":"","overlay-type":"","overlay-color":"","overlay-opacity":"","overlay-gradient":""}},"ast-content-background-meta":{"desktop":{"background-color":"var(--ast-global-color-5)","background-image":"","background-repeat":"repeat","background-position":"center center","background-size":"auto","background-attachment":"scroll","background-type":"","background-media":"","overlay-type":"","overlay-color":"","overlay-opacity":"","overlay-gradient":""},"tablet":{"background-color":"var(--ast-global-color-5)","background-image":"","background-repeat":"repeat","background-position":"center center","background-size":"auto","background-attachment":"scroll","background-type":"","background-media":"","overlay-type":"","overlay-color":"","overlay-opacity":"","overlay-gradient":""},"mobile":{"background-color":"var(--ast-global-color-5)","background-image":"","background-repeat":"repeat","background-position":"center center","background-size":"auto","background-attachment":"scroll","background-type":"","background-media":"","overlay-type":"","overlay-color":"","overlay-opacity":"","overlay-gradient":""}}},"product_cat":[198,144,191,81,44,269],"product_tag":[],"yoast_head":"<!-- This site is optimized with the Yoast SEO plugin v21.7 - https:\/\/yoast.com\/wordpress\/plugins\/seo\/ -->\n<title>ULTRA BLEACH DEKOLOR (BLAN\u0160) NO YELLOW - Flash<\/title>\n<meta name=\"description\" content=\"Cijena na upit - samo za frizersku upotrebu  500ML\" \/>\n<meta name=\"robots\" content=\"index, follow, max-snippet:-1, max-image-preview:large, max-video-preview:-1\" \/>\n<link rel=\"canonical\" href=\"https:\/\/hairbeauty-pro.com\/?product=ultra-bleach-dekolor-blans-no-yellow\" \/>\n<meta property=\"og:locale\" content=\"bs_BA\" \/>\n<meta property=\"og:type\" content=\"article\" \/>\n<meta property=\"og:title\" content=\"ULTRA BLEACH DEKOLOR (BLAN\u0160) NO YELLOW - Flash\" \/>\n<meta property=\"og:description\" content=\"Cijena na upit - samo za frizersku upotrebu  500ML\" \/>\n<meta property=\"og:url\" content=\"https:\/\/hairbeauty-pro.com\/?product=ultra-bleach-dekolor-blans-no-yellow\" \/>\n<meta property=\"og:site_name\" content=\"Flash\" \/>\n<meta property=\"article:modified_time\" content=\"2023-12-07T12:36:32+00:00\" \/>\n<meta property=\"og:image\" content=\"https:\/\/hairbeauty-pro.com\/wp-content\/uploads\/2023\/09\/20459_Ultrableach-pack.jpg\" \/>\n\t<meta property=\"og:image:width\" content=\"1800\" \/>\n\t<meta property=\"og:image:height\" content=\"1555\" \/>\n\t<meta property=\"og:image:type\" content=\"image\/jpeg\" \/>\n<meta name=\"twitter:card\" content=\"summary_large_image\" \/>\n<meta name=\"twitter:label1\" content=\"Est. reading time\" \/>\n\t<meta name=\"twitter:data1\" content=\"1 minuta\" \/>\n<script type=\"application\/ld+json\" class=\"yoast-schema-graph\">{\"@context\":\"https:\/\/schema.org\",\"@graph\":[{\"@type\":\"WebPage\",\"@id\":\"https:\/\/hairbeauty-pro.com\/?product=ultra-bleach-dekolor-blans-no-yellow\",\"url\":\"https:\/\/hairbeauty-pro.com\/?product=ultra-bleach-dekolor-blans-no-yellow\",\"name\":\"ULTRA BLEACH DEKOLOR (BLAN\u0160) NO YELLOW - Flash\",\"isPartOf\":{\"@id\":\"https:\/\/hairbeauty-pro.com\/#website\"},\"datePublished\":\"2023-09-13T08:48:44+00:00\",\"dateModified\":\"2023-12-07T12:36:32+00:00\",\"description\":\"Cijena na upit - samo za frizersku upotrebu 500ML\",\"breadcrumb\":{\"@id\":\"https:\/\/hairbeauty-pro.com\/?product=ultra-bleach-dekolor-blans-no-yellow#breadcrumb\"},\"inLanguage\":\"bs-BA\",\"potentialAction\":[{\"@type\":\"ReadAction\",\"target\":[\"https:\/\/hairbeauty-pro.com\/?product=ultra-bleach-dekolor-blans-no-yellow\"]}]},{\"@type\":\"BreadcrumbList\",\"@id\":\"https:\/\/hairbeauty-pro.com\/?product=ultra-bleach-dekolor-blans-no-yellow#breadcrumb\",\"itemListElement\":[{\"@type\":\"ListItem\",\"position\":1,\"name\":\"Home\",\"item\":\"https:\/\/hairbeauty-pro.com\/\"},{\"@type\":\"ListItem\",\"position\":2,\"name\":\"Shop\",\"item\":\"https:\/\/hairbeauty-pro.com\/?page_id=11\"},{\"@type\":\"ListItem\",\"position\":3,\"name\":\"ULTRA BLEACH DEKOLOR (BLAN\u0160) NO YELLOW\"}]},{\"@type\":\"WebSite\",\"@id\":\"https:\/\/hairbeauty-pro.com\/#website\",\"url\":\"https:\/\/hairbeauty-pro.com\/\",\"name\":\"Flash\",\"description\":\"Va\u0161a ultimativna destinacja za njegu kose\",\"publisher\":{\"@id\":\"https:\/\/hairbeauty-pro.com\/#organization\"},\"potentialAction\":[{\"@type\":\"SearchAction\",\"target\":{\"@type\":\"EntryPoint\",\"urlTemplate\":\"https:\/\/hairbeauty-pro.com\/?s={search_term_string}\"},\"query-input\":\"required name=search_term_string\"}],\"inLanguage\":\"bs-BA\"},{\"@type\":\"Organization\",\"@id\":\"https:\/\/hairbeauty-pro.com\/#organization\",\"name\":\"Flash\",\"url\":\"https:\/\/hairbeauty-pro.com\/\",\"logo\":{\"@type\":\"ImageObject\",\"inLanguage\":\"bs-BA\",\"@id\":\"https:\/\/hairbeauty-pro.com\/#\/schema\/logo\/image\/\",\"url\":\"https:\/\/hairbeauty-pro.com\/wp-content\/uploads\/2023\/07\/cropped-FLASH-LOGO-png.png\",\"contentUrl\":\"https:\/\/hairbeauty-pro.com\/wp-content\/uploads\/2023\/07\/cropped-FLASH-LOGO-png.png\",\"width\":1316,\"height\":521,\"caption\":\"Flash\"},\"image\":{\"@id\":\"https:\/\/hairbeauty-pro.com\/#\/schema\/logo\/image\/\"}}]}<\/script>\n<!-- \/ Yoast SEO plugin. -->","yoast_head_json":{"title":"ULTRA BLEACH DEKOLOR (BLAN\u0160) NO YELLOW - Flash","description":"Cijena na upit - samo za frizersku upotrebu  500ML","robots":{"index":"index","follow":"follow","max-snippet":"max-snippet:-1","max-image-preview":"max-image-preview:large","max-video-preview":"max-video-preview:-1"},"canonical":"https:\/\/hairbeauty-pro.com\/?product=ultra-bleach-dekolor-blans-no-yellow","og_locale":"bs_BA","og_type":"article","og_title":"ULTRA BLEACH DEKOLOR (BLAN\u0160) NO YELLOW - Flash","og_description":"Cijena na upit - samo za frizersku upotrebu  500ML","og_url":"https:\/\/hairbeauty-pro.com\/?product=ultra-bleach-dekolor-blans-no-yellow","og_site_name":"Flash","article_modified_time":"2023-12-07T12:36:32+00:00","og_image":[{"width":1800,"height":1555,"url":"https:\/\/hairbeauty-pro.com\/wp-content\/uploads\/2023\/09\/20459_Ultrableach-pack.jpg","type":"image\/jpeg"}],"twitter_card":"summary_large_image","twitter_misc":{"Est. reading time":"1 minuta"},"schema":{"@context":"https:\/\/schema.org","@graph":[{"@type":"WebPage","@id":"https:\/\/hairbeauty-pro.com\/?product=ultra-bleach-dekolor-blans-no-yellow","url":"https:\/\/hairbeauty-pro.com\/?product=ultra-bleach-dekolor-blans-no-yellow","name":"ULTRA BLEACH DEKOLOR (BLAN\u0160) NO YELLOW - Flash","isPartOf":{"@id":"https:\/\/hairbeauty-pro.com\/#website"},"datePublished":"2023-09-13T08:48:44+00:00","dateModified":"2023-12-07T12:36:32+00:00","description":"Cijena na upit - samo za frizersku upotrebu 500ML","breadcrumb":{"@id":"https:\/\/hairbeauty-pro.com\/?product=ultra-bleach-dekolor-blans-no-yellow#breadcrumb"},"inLanguage":"bs-BA","potentialAction":[{"@type":"ReadAction","target":["https:\/\/hairbeauty-pro.com\/?product=ultra-bleach-dekolor-blans-no-yellow"]}]},{"@type":"BreadcrumbList","@id":"https:\/\/hairbeauty-pro.com\/?product=ultra-bleach-dekolor-blans-no-yellow#breadcrumb","itemListElement":[{"@type":"ListItem","position":1,"name":"Home","item":"https:\/\/hairbeauty-pro.com\/"},{"@type":"ListItem","position":2,"name":"Shop","item":"https:\/\/hairbeauty-pro.com\/?page_id=11"},{"@type":"ListItem","position":3,"name":"ULTRA BLEACH DEKOLOR (BLAN\u0160) NO YELLOW"}]},{"@type":"WebSite","@id":"https:\/\/hairbeauty-pro.com\/#website","url":"https:\/\/hairbeauty-pro.com\/","name":"Flash","description":"Va\u0161a ultimativna destinacja za njegu kose","publisher":{"@id":"https:\/\/hairbeauty-pro.com\/#organization"},"potentialAction":[{"@type":"SearchAction","target":{"@type":"EntryPoint","urlTemplate":"https:\/\/hairbeauty-pro.com\/?s={search_term_string}"},"query-input":"required name=search_term_string"}],"inLanguage":"bs-BA"},{"@type":"Organization","@id":"https:\/\/hairbeauty-pro.com\/#organization","name":"Flash","url":"https:\/\/hairbeauty-pro.com\/","logo":{"@type":"ImageObject","inLanguage":"bs-BA","@id":"https:\/\/hairbeauty-pro.com\/#\/schema\/logo\/image\/","url":"https:\/\/hairbeauty-pro.com\/wp-content\/uploads\/2023\/07\/cropped-FLASH-LOGO-png.png","contentUrl":"https:\/\/hairbeauty-pro.com\/wp-content\/uploads\/2023\/07\/cropped-FLASH-LOGO-png.png","width":1316,"height":521,"caption":"Flash"},"image":{"@id":"https:\/\/hairbeauty-pro.com\/#\/schema\/logo\/image\/"}}]}},"_links":{"self":[{"href":"https:\/\/hairbeauty-pro.com\/index.php?rest_route=\/wp\/v2\/product\/3472"}],"collection":[{"href":"https:\/\/hairbeauty-pro.com\/index.php?rest_route=\/wp\/v2\/product"}],"about":[{"href":"https:\/\/hairbeauty-pro.com\/index.php?rest_route=\/wp\/v2\/types\/product"}],"replies":[{"embeddable":true,"href":"https:\/\/hairbeauty-pro.com\/index.php?rest_route=%2Fwp%2Fv2%2Fcomments&post=3472"}],"wp:featuredmedia":[{"embeddable":true,"href":"https:\/\/hairbeauty-pro.com\/index.php?rest_route=\/wp\/v2\/media\/3473"}],"wp:attachment":[{"href":"https:\/\/hairbeauty-pro.com\/index.php?rest_route=%2Fwp%2Fv2%2Fmedia&parent=3472"}],"wp:term":[{"taxonomy":"product_cat","embeddable":true,"href":"https:\/\/hairbeauty-pro.com\/index.php?rest_route=%2Fwp%2Fv2%2Fproduct_cat&post=3472"},{"taxonomy":"product_tag","embeddable":true,"href":"https:\/\/hairbeauty-pro.com\/index.php?rest_route=%2Fwp%2Fv2%2Fproduct_tag&post=3472"}],"curies":[{"name":"wp","href":"https:\/\/api.w.org\/{rel}","templated":true}]}}