{"id":3445,"date":"2023-09-11T17:07:43","date_gmt":"2023-09-11T17:07:43","guid":{"rendered":"https:\/\/hairbeauty-pro.com\/?post_type=product&#038;p=3445"},"modified":"2023-11-27T17:04:36","modified_gmt":"2023-11-27T17:04:36","slug":"matte-full-pasta-za-kosu","status":"publish","type":"product","link":"https:\/\/hairbeauty-pro.com\/?product=matte-full-pasta-za-kosu","title":{"rendered":"MATTE FULL &#8211; PASTA ZA KOSU"},"content":{"rendered":"<p style=\"font-weight: 400;\">\u0160ta je i \u010demu slu\u017ei:<\/p>\n<p style=\"font-weight: 400;\">Pasta za modeliranje u posudici od 100 ml. Pru\u017ea mat efekt uz sna\u017eno, ali fleksibilno u\u010dvr\u0161\u0107ivanje. Idealan za nepravilne stilove i remodeliranje frizure.<\/p>\n<p style=\"font-weight: 400;\">Kako se koristi:<\/p>\n<p style=\"font-weight: 400;\">Zagrijati malu koli\u010dinu proizvoda me\u0111u dlanovima i nanijeti na osu\u0161enu kosu.<\/p>\n<p style=\"font-weight: 400;\">Savjeti stilista:<\/p>\n<p style=\"font-weight: 400;\">Kona\u010dni efekt zavisi o koli\u010dini upotrijebljenog proizvoda. Za srednje sna\u017eno definsanje, koristiti malu koli\u010dinu proizvoda, dok ve\u0107a koli\u010dina proizvoda pove\u0107ava dugotrajnost i u\u010dvr\u0161\u0107ivanje frizure.<\/p>\n","protected":false},"excerpt":{"rendered":"<p>100 ML<\/p>\n<div><em><span lang=\"DE-AT\">Nivo ja\u010dine<\/span><\/em><\/div>\n<div><img decoding=\"async\" class=\"alignnone  wp-image-3365\" src=\"http:\/\/hairbeauty-pro.com\/wp-content\/uploads\/2023\/09\/Untitled-design-10.png\" alt=\"\" width=\"109\" height=\"28\" srcset=\"https:\/\/hairbeauty-pro.com\/wp-content\/uploads\/2023\/09\/Untitled-design-10.png 2661w, https:\/\/hairbeauty-pro.com\/wp-content\/uploads\/2023\/09\/Untitled-design-10-64x16.png 64w, https:\/\/hairbeauty-pro.com\/wp-content\/uploads\/2023\/09\/Untitled-design-10-600x154.png 600w\" sizes=\"(max-width: 109px) 100vw, 109px\" \/><\/div>\n<div><em>Sjaj<\/em><\/div>\n<div><img decoding=\"async\" class=\"alignnone  wp-image-3365\" src=\"http:\/\/hairbeauty-pro.com\/wp-content\/uploads\/2023\/09\/Untitled-design-10.png\" alt=\"\" width=\"109\" height=\"28\" srcset=\"https:\/\/hairbeauty-pro.com\/wp-content\/uploads\/2023\/09\/Untitled-design-10.png 2661w, https:\/\/hairbeauty-pro.com\/wp-content\/uploads\/2023\/09\/Untitled-design-10-64x16.png 64w, https:\/\/hairbeauty-pro.com\/wp-content\/uploads\/2023\/09\/Untitled-design-10-600x154.png 600w\" sizes=\"(max-width: 109px) 100vw, 109px\" \/><\/div>\n","protected":false},"featured_media":5657,"comment_status":"open","ping_status":"closed","template":"","meta":{"site-sidebar-layout":"default","site-content-layout":"","ast-site-content-layout":"default","site-content-style":"default","site-sidebar-style":"default","ast-global-header-display":"","ast-banner-title-visibility":"","ast-main-header-display":"","ast-hfb-above-header-display":"","ast-hfb-below-header-display":"","ast-hfb-mobile-header-display":"","site-post-title":"","ast-breadcrumbs-content":"","ast-featured-img":"","footer-sml-layout":"","theme-transparent-header-meta":"default","adv-header-id-meta":"","stick-header-meta":"","header-above-stick-meta":"","header-main-stick-meta":"","header-below-stick-meta":"","astra-migrate-meta-layouts":"set","ast-page-background-enabled":"default","ast-page-background-meta":{"desktop":{"background-color":"","background-image":"","background-repeat":"repeat","background-position":"center center","background-size":"auto","background-attachment":"scroll","background-type":"","background-media":"","overlay-type":"","overlay-color":"","overlay-opacity":"","overlay-gradient":""},"tablet":{"background-color":"","background-image":"","background-repeat":"repeat","background-position":"center center","background-size":"auto","background-attachment":"scroll","background-type":"","background-media":"","overlay-type":"","overlay-color":"","overlay-opacity":"","overlay-gradient":""},"mobile":{"background-color":"","background-image":"","background-repeat":"repeat","background-position":"center center","background-size":"auto","background-attachment":"scroll","background-type":"","background-media":"","overlay-type":"","overlay-color":"","overlay-opacity":"","overlay-gradient":""}},"ast-content-background-meta":{"desktop":{"background-color":"var(--ast-global-color-5)","background-image":"","background-repeat":"repeat","background-position":"center center","background-size":"auto","background-attachment":"scroll","background-type":"","background-media":"","overlay-type":"","overlay-color":"","overlay-opacity":"","overlay-gradient":""},"tablet":{"background-color":"var(--ast-global-color-5)","background-image":"","background-repeat":"repeat","background-position":"center center","background-size":"auto","background-attachment":"scroll","background-type":"","background-media":"","overlay-type":"","overlay-color":"","overlay-opacity":"","overlay-gradient":""},"mobile":{"background-color":"var(--ast-global-color-5)","background-image":"","background-repeat":"repeat","background-position":"center center","background-size":"auto","background-attachment":"scroll","background-type":"","background-media":"","overlay-type":"","overlay-color":"","overlay-opacity":"","overlay-gradient":""}}},"product_cat":[267,42,201,130,206,142],"product_tag":[],"yoast_head":"<!-- This site is optimized with the Yoast SEO plugin v21.7 - https:\/\/yoast.com\/wordpress\/plugins\/seo\/ -->\n<title>MATTE FULL - PASTA ZA KOSU - Flash<\/title>\n<meta name=\"description\" content=\"100 ML Nivo ja\u010dine  Sjaj\" \/>\n<meta name=\"robots\" content=\"index, follow, max-snippet:-1, max-image-preview:large, max-video-preview:-1\" \/>\n<link rel=\"canonical\" href=\"https:\/\/hairbeauty-pro.com\/?product=matte-full-pasta-za-kosu\" \/>\n<meta property=\"og:locale\" content=\"bs_BA\" \/>\n<meta property=\"og:type\" content=\"article\" \/>\n<meta property=\"og:title\" content=\"MATTE FULL - PASTA ZA KOSU - Flash\" \/>\n<meta property=\"og:description\" content=\"100 ML Nivo ja\u010dine  Sjaj\" \/>\n<meta property=\"og:url\" content=\"https:\/\/hairbeauty-pro.com\/?product=matte-full-pasta-za-kosu\" \/>\n<meta property=\"og:site_name\" content=\"Flash\" \/>\n<meta property=\"article:modified_time\" content=\"2023-11-27T17:04:36+00:00\" \/>\n<meta property=\"og:image\" content=\"https:\/\/hairbeauty-pro.com\/wp-content\/uploads\/2023\/11\/Manya-matte-full-100-ml.jpg\" \/>\n\t<meta property=\"og:image:width\" content=\"1181\" \/>\n\t<meta property=\"og:image:height\" content=\"1772\" \/>\n\t<meta property=\"og:image:type\" content=\"image\/jpeg\" \/>\n<meta name=\"twitter:card\" content=\"summary_large_image\" \/>\n<script type=\"application\/ld+json\" class=\"yoast-schema-graph\">{\"@context\":\"https:\/\/schema.org\",\"@graph\":[{\"@type\":\"WebPage\",\"@id\":\"https:\/\/hairbeauty-pro.com\/?product=matte-full-pasta-za-kosu\",\"url\":\"https:\/\/hairbeauty-pro.com\/?product=matte-full-pasta-za-kosu\",\"name\":\"MATTE FULL - PASTA ZA KOSU - Flash\",\"isPartOf\":{\"@id\":\"https:\/\/hairbeauty-pro.com\/#website\"},\"datePublished\":\"2023-09-11T17:07:43+00:00\",\"dateModified\":\"2023-11-27T17:04:36+00:00\",\"description\":\"100 ML Nivo ja\u010dine Sjaj\",\"breadcrumb\":{\"@id\":\"https:\/\/hairbeauty-pro.com\/?product=matte-full-pasta-za-kosu#breadcrumb\"},\"inLanguage\":\"bs-BA\",\"potentialAction\":[{\"@type\":\"ReadAction\",\"target\":[\"https:\/\/hairbeauty-pro.com\/?product=matte-full-pasta-za-kosu\"]}]},{\"@type\":\"BreadcrumbList\",\"@id\":\"https:\/\/hairbeauty-pro.com\/?product=matte-full-pasta-za-kosu#breadcrumb\",\"itemListElement\":[{\"@type\":\"ListItem\",\"position\":1,\"name\":\"Home\",\"item\":\"https:\/\/hairbeauty-pro.com\/\"},{\"@type\":\"ListItem\",\"position\":2,\"name\":\"Shop\",\"item\":\"https:\/\/hairbeauty-pro.com\/?page_id=11\"},{\"@type\":\"ListItem\",\"position\":3,\"name\":\"MATTE FULL &#8211; PASTA ZA KOSU\"}]},{\"@type\":\"WebSite\",\"@id\":\"https:\/\/hairbeauty-pro.com\/#website\",\"url\":\"https:\/\/hairbeauty-pro.com\/\",\"name\":\"Flash\",\"description\":\"Va\u0161a ultimativna destinacja za njegu kose\",\"publisher\":{\"@id\":\"https:\/\/hairbeauty-pro.com\/#organization\"},\"potentialAction\":[{\"@type\":\"SearchAction\",\"target\":{\"@type\":\"EntryPoint\",\"urlTemplate\":\"https:\/\/hairbeauty-pro.com\/?s={search_term_string}\"},\"query-input\":\"required name=search_term_string\"}],\"inLanguage\":\"bs-BA\"},{\"@type\":\"Organization\",\"@id\":\"https:\/\/hairbeauty-pro.com\/#organization\",\"name\":\"Flash\",\"url\":\"https:\/\/hairbeauty-pro.com\/\",\"logo\":{\"@type\":\"ImageObject\",\"inLanguage\":\"bs-BA\",\"@id\":\"https:\/\/hairbeauty-pro.com\/#\/schema\/logo\/image\/\",\"url\":\"https:\/\/hairbeauty-pro.com\/wp-content\/uploads\/2023\/07\/cropped-FLASH-LOGO-png.png\",\"contentUrl\":\"https:\/\/hairbeauty-pro.com\/wp-content\/uploads\/2023\/07\/cropped-FLASH-LOGO-png.png\",\"width\":1316,\"height\":521,\"caption\":\"Flash\"},\"image\":{\"@id\":\"https:\/\/hairbeauty-pro.com\/#\/schema\/logo\/image\/\"}}]}<\/script>\n<!-- \/ Yoast SEO plugin. -->","yoast_head_json":{"title":"MATTE FULL - PASTA ZA KOSU - Flash","description":"100 ML Nivo ja\u010dine  Sjaj","robots":{"index":"index","follow":"follow","max-snippet":"max-snippet:-1","max-image-preview":"max-image-preview:large","max-video-preview":"max-video-preview:-1"},"canonical":"https:\/\/hairbeauty-pro.com\/?product=matte-full-pasta-za-kosu","og_locale":"bs_BA","og_type":"article","og_title":"MATTE FULL - PASTA ZA KOSU - Flash","og_description":"100 ML Nivo ja\u010dine  Sjaj","og_url":"https:\/\/hairbeauty-pro.com\/?product=matte-full-pasta-za-kosu","og_site_name":"Flash","article_modified_time":"2023-11-27T17:04:36+00:00","og_image":[{"width":1181,"height":1772,"url":"https:\/\/hairbeauty-pro.com\/wp-content\/uploads\/2023\/11\/Manya-matte-full-100-ml.jpg","type":"image\/jpeg"}],"twitter_card":"summary_large_image","schema":{"@context":"https:\/\/schema.org","@graph":[{"@type":"WebPage","@id":"https:\/\/hairbeauty-pro.com\/?product=matte-full-pasta-za-kosu","url":"https:\/\/hairbeauty-pro.com\/?product=matte-full-pasta-za-kosu","name":"MATTE FULL - PASTA ZA KOSU - Flash","isPartOf":{"@id":"https:\/\/hairbeauty-pro.com\/#website"},"datePublished":"2023-09-11T17:07:43+00:00","dateModified":"2023-11-27T17:04:36+00:00","description":"100 ML Nivo ja\u010dine Sjaj","breadcrumb":{"@id":"https:\/\/hairbeauty-pro.com\/?product=matte-full-pasta-za-kosu#breadcrumb"},"inLanguage":"bs-BA","potentialAction":[{"@type":"ReadAction","target":["https:\/\/hairbeauty-pro.com\/?product=matte-full-pasta-za-kosu"]}]},{"@type":"BreadcrumbList","@id":"https:\/\/hairbeauty-pro.com\/?product=matte-full-pasta-za-kosu#breadcrumb","itemListElement":[{"@type":"ListItem","position":1,"name":"Home","item":"https:\/\/hairbeauty-pro.com\/"},{"@type":"ListItem","position":2,"name":"Shop","item":"https:\/\/hairbeauty-pro.com\/?page_id=11"},{"@type":"ListItem","position":3,"name":"MATTE FULL &#8211; PASTA ZA KOSU"}]},{"@type":"WebSite","@id":"https:\/\/hairbeauty-pro.com\/#website","url":"https:\/\/hairbeauty-pro.com\/","name":"Flash","description":"Va\u0161a ultimativna destinacja za njegu kose","publisher":{"@id":"https:\/\/hairbeauty-pro.com\/#organization"},"potentialAction":[{"@type":"SearchAction","target":{"@type":"EntryPoint","urlTemplate":"https:\/\/hairbeauty-pro.com\/?s={search_term_string}"},"query-input":"required name=search_term_string"}],"inLanguage":"bs-BA"},{"@type":"Organization","@id":"https:\/\/hairbeauty-pro.com\/#organization","name":"Flash","url":"https:\/\/hairbeauty-pro.com\/","logo":{"@type":"ImageObject","inLanguage":"bs-BA","@id":"https:\/\/hairbeauty-pro.com\/#\/schema\/logo\/image\/","url":"https:\/\/hairbeauty-pro.com\/wp-content\/uploads\/2023\/07\/cropped-FLASH-LOGO-png.png","contentUrl":"https:\/\/hairbeauty-pro.com\/wp-content\/uploads\/2023\/07\/cropped-FLASH-LOGO-png.png","width":1316,"height":521,"caption":"Flash"},"image":{"@id":"https:\/\/hairbeauty-pro.com\/#\/schema\/logo\/image\/"}}]}},"_links":{"self":[{"href":"https:\/\/hairbeauty-pro.com\/index.php?rest_route=\/wp\/v2\/product\/3445"}],"collection":[{"href":"https:\/\/hairbeauty-pro.com\/index.php?rest_route=\/wp\/v2\/product"}],"about":[{"href":"https:\/\/hairbeauty-pro.com\/index.php?rest_route=\/wp\/v2\/types\/product"}],"replies":[{"embeddable":true,"href":"https:\/\/hairbeauty-pro.com\/index.php?rest_route=%2Fwp%2Fv2%2Fcomments&post=3445"}],"wp:featuredmedia":[{"embeddable":true,"href":"https:\/\/hairbeauty-pro.com\/index.php?rest_route=\/wp\/v2\/media\/5657"}],"wp:attachment":[{"href":"https:\/\/hairbeauty-pro.com\/index.php?rest_route=%2Fwp%2Fv2%2Fmedia&parent=3445"}],"wp:term":[{"taxonomy":"product_cat","embeddable":true,"href":"https:\/\/hairbeauty-pro.com\/index.php?rest_route=%2Fwp%2Fv2%2Fproduct_cat&post=3445"},{"taxonomy":"product_tag","embeddable":true,"href":"https:\/\/hairbeauty-pro.com\/index.php?rest_route=%2Fwp%2Fv2%2Fproduct_tag&post=3445"}],"curies":[{"name":"wp","href":"https:\/\/api.w.org\/{rel}","templated":true}]}}