{"id":3429,"date":"2023-09-11T16:44:55","date_gmt":"2023-09-11T16:44:55","guid":{"rendered":"https:\/\/hairbeauty-pro.com\/?post_type=product&#038;p=3429"},"modified":"2025-12-13T12:27:17","modified_gmt":"2025-12-13T12:27:17","slug":"bellessere-ulje-3","status":"publish","type":"product","link":"https:\/\/hairbeauty-pro.com\/?product=bellessere-ulje-3","title":{"rendered":"Bellessere ULJE 50ml"},"content":{"rendered":"<p style=\"font-weight: 400;\">87% PRIRODNOG PORIJEKLA IZUZEV PROPELANTA<\/p>\n<p style=\"font-weight: 400;\">Idealan za sve tipove ko\u017ee i kose.<\/p>\n<p style=\"font-weight: 400;\">Potreba: Istaknuti ljepotu i sa\u010duvati prirodnu harmoniju kose i ko\u017ee svakodnevnim ritalima ljepote I wellnessa.<\/p>\n<p style=\"font-weight: 400;\">Nektar za ljepotu svih tipova kose. \u0160titi dlaku izuzetno laganom presvlakom koja pru\u017ea svilenkastost, meko\u0107u i anti-frizz u\u010dinak bez ote\u017eavanja kose. Omogu\u0107ava osmi\u0161ljavanje personaliziranih rituala i na taj na\u010din upotpunjuje i dodatno isti\u010de svaki Actyva tretman u salonu.<\/p>\n<p style=\"font-weight: 400;\">Upotreba:<\/p>\n<p style=\"font-weight: 400;\">Maska prije \u0161amponiranja na suhu ili blago vla\u017enu kosu:<\/p>\n<p style=\"font-weight: 400;\">O\u010de\u0161ljajte kosu i nanesite na svaki pramen posebno. Jednom raspr\u0161ite na svaki pramen i nanesite\u00a0neposredno na vrhove; masiranjem rasporedite po \u010ditavoj du\u017eini kose te po\u010de\u0161ljajte. Nakon nano\u0161enja\u00a0ostavite da djeluje 15-20 minuta. U me\u0111uvremenu uradite masa\u017eu vrata, ramena i ruku, kao \u0161to je opisano\u00a0u priru\u010dniku pokreta, poglavlje Masa\u017ea za dobrodo\u0161licu. Zatim bri\u017eljivo operite ko\u017eu i kosu, a potom nastavite sa tretmanom koji najvi\u0161e odgovara klijentu.<\/p>\n<p style=\"font-weight: 400;\">Styling na suhoj i dobro osu\u0161enoj kosi:<\/p>\n<p style=\"font-weight: 400;\">Rapr\u0161ite 1-4-puta na dlan i ravnomjerno nanesite na kosu po\u010dev\u0161i od vrhova, izbjegavaju\u0107i korijen.<\/p>\n<p style=\"font-weight: 400;\">Rasporedite \u010de\u0161ljanjem i nastavite sa kreiranjem frizure.<\/p>\n<p style=\"font-weight: 400;\">Prije upotrebe pegle za ravnanje ili kovrd\u017eanje kose, na suhoj kosi:<\/p>\n<p style=\"font-weight: 400;\">Rapr\u0161ite proizvod 1-2 puta na dlan i ravnoomjerno nanesite na kosu po\u010dev\u0161i od vrhova, izbjegavaju\u0107i\u00a0korijen. Nastavite sa uobi\u010dajenom upotrebom pegle za kosu.<\/p>\n<p style=\"font-weight: 400;\">Zavr\u0161etak frizure ili svakodnevna upotreba, na suhoj kosi:<\/p>\n<p style=\"font-weight: 400;\">Raspr\u0161ite 1-3-puta na dlan I ravnomjerno nanesite na kosu po\u010dev\u0161i od vrhova, izbjegavaju\u0107i korijen.<\/p>\n<p style=\"font-weight: 400;\">PA\u017dNJA: Optimalna koli\u010dina proizvoda zavisi od du\u017eine, debljine i stepenu isu\u0161enosti ili osjetljivosti kose.<\/p>\n","protected":false},"excerpt":{"rendered":"<p>50 ML<\/p>\n","protected":false},"featured_media":3431,"comment_status":"open","ping_status":"closed","template":"","meta":{"site-sidebar-layout":"default","site-content-layout":"","ast-site-content-layout":"default","site-content-style":"default","site-sidebar-style":"default","ast-global-header-display":"","ast-banner-title-visibility":"","ast-main-header-display":"","ast-hfb-above-header-display":"","ast-hfb-below-header-display":"","ast-hfb-mobile-header-display":"","site-post-title":"","ast-breadcrumbs-content":"","ast-featured-img":"","footer-sml-layout":"","theme-transparent-header-meta":"default","adv-header-id-meta":"","stick-header-meta":"","header-above-stick-meta":"","header-main-stick-meta":"","header-below-stick-meta":"","astra-migrate-meta-layouts":"set","ast-page-background-enabled":"default","ast-page-background-meta":{"desktop":{"background-color":"","background-image":"","background-repeat":"repeat","background-position":"center center","background-size":"auto","background-attachment":"scroll","background-type":"","background-media":"","overlay-type":"","overlay-color":"","overlay-opacity":"","overlay-gradient":""},"tablet":{"background-color":"","background-image":"","background-repeat":"repeat","background-position":"center center","background-size":"auto","background-attachment":"scroll","background-type":"","background-media":"","overlay-type":"","overlay-color":"","overlay-opacity":"","overlay-gradient":""},"mobile":{"background-color":"","background-image":"","background-repeat":"repeat","background-position":"center center","background-size":"auto","background-attachment":"scroll","background-type":"","background-media":"","overlay-type":"","overlay-color":"","overlay-opacity":"","overlay-gradient":""}},"ast-content-background-meta":{"desktop":{"background-color":"var(--ast-global-color-5)","background-image":"","background-repeat":"repeat","background-position":"center center","background-size":"auto","background-attachment":"scroll","background-type":"","background-media":"","overlay-type":"","overlay-color":"","overlay-opacity":"","overlay-gradient":""},"tablet":{"background-color":"var(--ast-global-color-5)","background-image":"","background-repeat":"repeat","background-position":"center center","background-size":"auto","background-attachment":"scroll","background-type":"","background-media":"","overlay-type":"","overlay-color":"","overlay-opacity":"","overlay-gradient":""},"mobile":{"background-color":"var(--ast-global-color-5)","background-image":"","background-repeat":"repeat","background-position":"center center","background-size":"auto","background-attachment":"scroll","background-type":"","background-media":"","overlay-type":"","overlay-color":"","overlay-opacity":"","overlay-gradient":""}}},"product_cat":[262,42,205,138,201,130],"product_tag":[],"yoast_head":"<!-- This site is optimized with the Yoast SEO plugin v21.7 - https:\/\/yoast.com\/wordpress\/plugins\/seo\/ -->\n<title>Bellessere ULJE 50ml - Flash<\/title>\n<meta name=\"description\" content=\"50 ML\" \/>\n<meta name=\"robots\" content=\"index, follow, max-snippet:-1, max-image-preview:large, max-video-preview:-1\" \/>\n<link rel=\"canonical\" href=\"https:\/\/hairbeauty-pro.com\/?product=bellessere-ulje-3\" \/>\n<meta property=\"og:locale\" content=\"bs_BA\" \/>\n<meta property=\"og:type\" content=\"article\" \/>\n<meta property=\"og:title\" content=\"Bellessere ULJE 50ml - Flash\" \/>\n<meta property=\"og:description\" content=\"50 ML\" \/>\n<meta property=\"og:url\" content=\"https:\/\/hairbeauty-pro.com\/?product=bellessere-ulje-3\" \/>\n<meta property=\"og:site_name\" content=\"Flash\" \/>\n<meta property=\"article:modified_time\" content=\"2025-12-13T12:27:17+00:00\" \/>\n<meta property=\"og:image\" content=\"http:\/\/hairbeauty-pro.com\/wp-content\/uploads\/2023\/09\/8-Actyva-bellessere-oil-50-ml-bolli-fronte-2.png\" \/>\n\t<meta property=\"og:image:width\" content=\"683\" \/>\n\t<meta property=\"og:image:height\" content=\"1024\" \/>\n\t<meta property=\"og:image:type\" content=\"image\/png\" \/>\n<meta name=\"twitter:card\" content=\"summary_large_image\" \/>\n<meta name=\"twitter:label1\" content=\"Est. reading time\" \/>\n\t<meta name=\"twitter:data1\" content=\"2 minute\" \/>\n<script type=\"application\/ld+json\" class=\"yoast-schema-graph\">{\"@context\":\"https:\/\/schema.org\",\"@graph\":[{\"@type\":\"WebPage\",\"@id\":\"https:\/\/hairbeauty-pro.com\/?product=bellessere-ulje-3\",\"url\":\"https:\/\/hairbeauty-pro.com\/?product=bellessere-ulje-3\",\"name\":\"Bellessere ULJE 50ml - Flash\",\"isPartOf\":{\"@id\":\"https:\/\/hairbeauty-pro.com\/#website\"},\"datePublished\":\"2023-09-11T16:44:55+00:00\",\"dateModified\":\"2025-12-13T12:27:17+00:00\",\"description\":\"50 ML\",\"breadcrumb\":{\"@id\":\"https:\/\/hairbeauty-pro.com\/?product=bellessere-ulje-3#breadcrumb\"},\"inLanguage\":\"bs-BA\",\"potentialAction\":[{\"@type\":\"ReadAction\",\"target\":[\"https:\/\/hairbeauty-pro.com\/?product=bellessere-ulje-3\"]}]},{\"@type\":\"BreadcrumbList\",\"@id\":\"https:\/\/hairbeauty-pro.com\/?product=bellessere-ulje-3#breadcrumb\",\"itemListElement\":[{\"@type\":\"ListItem\",\"position\":1,\"name\":\"Home\",\"item\":\"https:\/\/hairbeauty-pro.com\/\"},{\"@type\":\"ListItem\",\"position\":2,\"name\":\"Shop\",\"item\":\"https:\/\/hairbeauty-pro.com\/?page_id=11\"},{\"@type\":\"ListItem\",\"position\":3,\"name\":\"Bellessere ULJE 50ml\"}]},{\"@type\":\"WebSite\",\"@id\":\"https:\/\/hairbeauty-pro.com\/#website\",\"url\":\"https:\/\/hairbeauty-pro.com\/\",\"name\":\"Flash\",\"description\":\"Va\u0161a ultimativna destinacja za njegu kose\",\"publisher\":{\"@id\":\"https:\/\/hairbeauty-pro.com\/#organization\"},\"potentialAction\":[{\"@type\":\"SearchAction\",\"target\":{\"@type\":\"EntryPoint\",\"urlTemplate\":\"https:\/\/hairbeauty-pro.com\/?s={search_term_string}\"},\"query-input\":\"required name=search_term_string\"}],\"inLanguage\":\"bs-BA\"},{\"@type\":\"Organization\",\"@id\":\"https:\/\/hairbeauty-pro.com\/#organization\",\"name\":\"Flash\",\"url\":\"https:\/\/hairbeauty-pro.com\/\",\"logo\":{\"@type\":\"ImageObject\",\"inLanguage\":\"bs-BA\",\"@id\":\"https:\/\/hairbeauty-pro.com\/#\/schema\/logo\/image\/\",\"url\":\"https:\/\/hairbeauty-pro.com\/wp-content\/uploads\/2023\/07\/cropped-FLASH-LOGO-png.png\",\"contentUrl\":\"https:\/\/hairbeauty-pro.com\/wp-content\/uploads\/2023\/07\/cropped-FLASH-LOGO-png.png\",\"width\":1316,\"height\":521,\"caption\":\"Flash\"},\"image\":{\"@id\":\"https:\/\/hairbeauty-pro.com\/#\/schema\/logo\/image\/\"}}]}<\/script>\n<!-- \/ Yoast SEO plugin. -->","yoast_head_json":{"title":"Bellessere ULJE 50ml - Flash","description":"50 ML","robots":{"index":"index","follow":"follow","max-snippet":"max-snippet:-1","max-image-preview":"max-image-preview:large","max-video-preview":"max-video-preview:-1"},"canonical":"https:\/\/hairbeauty-pro.com\/?product=bellessere-ulje-3","og_locale":"bs_BA","og_type":"article","og_title":"Bellessere ULJE 50ml - Flash","og_description":"50 ML","og_url":"https:\/\/hairbeauty-pro.com\/?product=bellessere-ulje-3","og_site_name":"Flash","article_modified_time":"2025-12-13T12:27:17+00:00","og_image":[{"url":"http:\/\/hairbeauty-pro.com\/wp-content\/uploads\/2023\/09\/8-Actyva-bellessere-oil-50-ml-bolli-fronte-2.png","width":683,"height":1024,"type":"image\/png"}],"twitter_card":"summary_large_image","twitter_misc":{"Est. reading time":"2 minute"},"schema":{"@context":"https:\/\/schema.org","@graph":[{"@type":"WebPage","@id":"https:\/\/hairbeauty-pro.com\/?product=bellessere-ulje-3","url":"https:\/\/hairbeauty-pro.com\/?product=bellessere-ulje-3","name":"Bellessere ULJE 50ml - Flash","isPartOf":{"@id":"https:\/\/hairbeauty-pro.com\/#website"},"datePublished":"2023-09-11T16:44:55+00:00","dateModified":"2025-12-13T12:27:17+00:00","description":"50 ML","breadcrumb":{"@id":"https:\/\/hairbeauty-pro.com\/?product=bellessere-ulje-3#breadcrumb"},"inLanguage":"bs-BA","potentialAction":[{"@type":"ReadAction","target":["https:\/\/hairbeauty-pro.com\/?product=bellessere-ulje-3"]}]},{"@type":"BreadcrumbList","@id":"https:\/\/hairbeauty-pro.com\/?product=bellessere-ulje-3#breadcrumb","itemListElement":[{"@type":"ListItem","position":1,"name":"Home","item":"https:\/\/hairbeauty-pro.com\/"},{"@type":"ListItem","position":2,"name":"Shop","item":"https:\/\/hairbeauty-pro.com\/?page_id=11"},{"@type":"ListItem","position":3,"name":"Bellessere ULJE 50ml"}]},{"@type":"WebSite","@id":"https:\/\/hairbeauty-pro.com\/#website","url":"https:\/\/hairbeauty-pro.com\/","name":"Flash","description":"Va\u0161a ultimativna destinacja za njegu kose","publisher":{"@id":"https:\/\/hairbeauty-pro.com\/#organization"},"potentialAction":[{"@type":"SearchAction","target":{"@type":"EntryPoint","urlTemplate":"https:\/\/hairbeauty-pro.com\/?s={search_term_string}"},"query-input":"required name=search_term_string"}],"inLanguage":"bs-BA"},{"@type":"Organization","@id":"https:\/\/hairbeauty-pro.com\/#organization","name":"Flash","url":"https:\/\/hairbeauty-pro.com\/","logo":{"@type":"ImageObject","inLanguage":"bs-BA","@id":"https:\/\/hairbeauty-pro.com\/#\/schema\/logo\/image\/","url":"https:\/\/hairbeauty-pro.com\/wp-content\/uploads\/2023\/07\/cropped-FLASH-LOGO-png.png","contentUrl":"https:\/\/hairbeauty-pro.com\/wp-content\/uploads\/2023\/07\/cropped-FLASH-LOGO-png.png","width":1316,"height":521,"caption":"Flash"},"image":{"@id":"https:\/\/hairbeauty-pro.com\/#\/schema\/logo\/image\/"}}]}},"_links":{"self":[{"href":"https:\/\/hairbeauty-pro.com\/index.php?rest_route=\/wp\/v2\/product\/3429"}],"collection":[{"href":"https:\/\/hairbeauty-pro.com\/index.php?rest_route=\/wp\/v2\/product"}],"about":[{"href":"https:\/\/hairbeauty-pro.com\/index.php?rest_route=\/wp\/v2\/types\/product"}],"replies":[{"embeddable":true,"href":"https:\/\/hairbeauty-pro.com\/index.php?rest_route=%2Fwp%2Fv2%2Fcomments&post=3429"}],"wp:featuredmedia":[{"embeddable":true,"href":"https:\/\/hairbeauty-pro.com\/index.php?rest_route=\/wp\/v2\/media\/3431"}],"wp:attachment":[{"href":"https:\/\/hairbeauty-pro.com\/index.php?rest_route=%2Fwp%2Fv2%2Fmedia&parent=3429"}],"wp:term":[{"taxonomy":"product_cat","embeddable":true,"href":"https:\/\/hairbeauty-pro.com\/index.php?rest_route=%2Fwp%2Fv2%2Fproduct_cat&post=3429"},{"taxonomy":"product_tag","embeddable":true,"href":"https:\/\/hairbeauty-pro.com\/index.php?rest_route=%2Fwp%2Fv2%2Fproduct_tag&post=3429"}],"curies":[{"name":"wp","href":"https:\/\/api.w.org\/{rel}","templated":true}]}}