{"id":3396,"date":"2023-09-11T16:02:27","date_gmt":"2023-09-11T16:02:27","guid":{"rendered":"https:\/\/hairbeauty-pro.com\/?post_type=product&#038;p=3396"},"modified":"2025-12-13T12:29:21","modified_gmt":"2025-12-13T12:29:21","slug":"macro-sprej-za-volumen-kose","status":"publish","type":"product","link":"https:\/\/hairbeauty-pro.com\/?product=macro-sprej-za-volumen-kose","title":{"rendered":"MACRO &#8211; SPREJ ZA VOLUMEN KOSE"},"content":{"rendered":"<p style=\"font-weight: 400;\">\u0160ta je i \u010demu slu\u017ei:<\/p>\n<p style=\"font-weight: 400;\">Sprej za volumen u bo\u010dici od 200 ml.<\/p>\n<p style=\"font-weight: 400;\">Idealan za ra\u0161\u010de\u0161ljavanje i pripremu kose prije \u0161i\u0161anja ili feniranja.<\/p>\n<p style=\"font-weight: 400;\">Olak\u0161ava i ubrzava stilizovanje kose.<\/p>\n<p style=\"font-weight: 400;\">Kako se koristi:<\/p>\n<p style=\"font-weight: 400;\">Poprskati\u00a0 ravnomjerno na vla\u017enu kosu te ra\u0161\u010de\u0161ljati radi ravnomjernog raspore\u0111ivanja.<\/p>\n<p style=\"font-weight: 400;\">Nastaviti sa su\u0161enjem.<\/p>\n<p style=\"font-weight: 400;\">Savjeti stilista:<\/p>\n<p style=\"font-weight: 400;\">Idealan kao proizvod prije \u0161i\u0161anja tanke kose. Olak\u0161ava feniranje.<\/p>\n","protected":false},"excerpt":{"rendered":"<p>200 ML<\/p>\n<p>Ja\u010dina<\/p>\n<p><img decoding=\"async\" class=\"alignnone wp-image-3385\" src=\"http:\/\/hairbeauty-pro.com\/wp-content\/uploads\/2023\/09\/Untitled-design-13.png\" alt=\"\" width=\"114\" height=\"26\" srcset=\"https:\/\/hairbeauty-pro.com\/wp-content\/uploads\/2023\/09\/Untitled-design-13.png 2636w, https:\/\/hairbeauty-pro.com\/wp-content\/uploads\/2023\/09\/Untitled-design-13-64x15.png 64w, https:\/\/hairbeauty-pro.com\/wp-content\/uploads\/2023\/09\/Untitled-design-13-600x137.png 600w\" sizes=\"(max-width: 114px) 100vw, 114px\" \/><\/p>\n<p>Sjaj<\/p>\n<p><img decoding=\"async\" class=\"alignnone wp-image-3366\" src=\"http:\/\/hairbeauty-pro.com\/wp-content\/uploads\/2023\/09\/Untitled-design-11.png\" alt=\"\" width=\"111\" height=\"26\" srcset=\"https:\/\/hairbeauty-pro.com\/wp-content\/uploads\/2023\/09\/Untitled-design-11.png 2556w, https:\/\/hairbeauty-pro.com\/wp-content\/uploads\/2023\/09\/Untitled-design-11-64x15.png 64w, https:\/\/hairbeauty-pro.com\/wp-content\/uploads\/2023\/09\/Untitled-design-11-600x140.png 600w\" sizes=\"(max-width: 111px) 100vw, 111px\" \/><\/p>\n","protected":false},"featured_media":4179,"comment_status":"open","ping_status":"closed","template":"","meta":{"site-sidebar-layout":"default","site-content-layout":"","ast-site-content-layout":"default","site-content-style":"default","site-sidebar-style":"default","ast-global-header-display":"","ast-banner-title-visibility":"","ast-main-header-display":"","ast-hfb-above-header-display":"","ast-hfb-below-header-display":"","ast-hfb-mobile-header-display":"","site-post-title":"","ast-breadcrumbs-content":"","ast-featured-img":"","footer-sml-layout":"","theme-transparent-header-meta":"default","adv-header-id-meta":"","stick-header-meta":"","header-above-stick-meta":"","header-main-stick-meta":"","header-below-stick-meta":"","astra-migrate-meta-layouts":"set","ast-page-background-enabled":"default","ast-page-background-meta":{"desktop":{"background-color":"","background-image":"","background-repeat":"repeat","background-position":"center center","background-size":"auto","background-attachment":"scroll","background-type":"","background-media":"","overlay-type":"","overlay-color":"","overlay-opacity":"","overlay-gradient":""},"tablet":{"background-color":"","background-image":"","background-repeat":"repeat","background-position":"center center","background-size":"auto","background-attachment":"scroll","background-type":"","background-media":"","overlay-type":"","overlay-color":"","overlay-opacity":"","overlay-gradient":""},"mobile":{"background-color":"","background-image":"","background-repeat":"repeat","background-position":"center center","background-size":"auto","background-attachment":"scroll","background-type":"","background-media":"","overlay-type":"","overlay-color":"","overlay-opacity":"","overlay-gradient":""}},"ast-content-background-meta":{"desktop":{"background-color":"var(--ast-global-color-5)","background-image":"","background-repeat":"repeat","background-position":"center center","background-size":"auto","background-attachment":"scroll","background-type":"","background-media":"","overlay-type":"","overlay-color":"","overlay-opacity":"","overlay-gradient":""},"tablet":{"background-color":"var(--ast-global-color-5)","background-image":"","background-repeat":"repeat","background-position":"center center","background-size":"auto","background-attachment":"scroll","background-type":"","background-media":"","overlay-type":"","overlay-color":"","overlay-opacity":"","overlay-gradient":""},"mobile":{"background-color":"var(--ast-global-color-5)","background-image":"","background-repeat":"repeat","background-position":"center center","background-size":"auto","background-attachment":"scroll","background-type":"","background-media":"","overlay-type":"","overlay-color":"","overlay-opacity":"","overlay-gradient":""}}},"product_cat":[267,42,204,135,201,130],"product_tag":[],"yoast_head":"<!-- This site is optimized with the Yoast SEO plugin v21.7 - https:\/\/yoast.com\/wordpress\/plugins\/seo\/ -->\n<title>MACRO - SPREJ ZA VOLUMEN KOSE - Flash<\/title>\n<meta name=\"description\" content=\"200 ML  Ja\u010dina    Sjaj\" \/>\n<meta name=\"robots\" content=\"index, follow, max-snippet:-1, max-image-preview:large, max-video-preview:-1\" \/>\n<link rel=\"canonical\" href=\"https:\/\/hairbeauty-pro.com\/?product=macro-sprej-za-volumen-kose\" \/>\n<meta property=\"og:locale\" content=\"bs_BA\" \/>\n<meta property=\"og:type\" content=\"article\" \/>\n<meta property=\"og:title\" content=\"MACRO - SPREJ ZA VOLUMEN KOSE - Flash\" \/>\n<meta property=\"og:description\" content=\"200 ML  Ja\u010dina    Sjaj\" \/>\n<meta property=\"og:url\" content=\"https:\/\/hairbeauty-pro.com\/?product=macro-sprej-za-volumen-kose\" \/>\n<meta property=\"og:site_name\" content=\"Flash\" \/>\n<meta property=\"article:modified_time\" content=\"2025-12-13T12:29:21+00:00\" \/>\n<meta property=\"og:image\" content=\"http:\/\/hairbeauty-pro.com\/wp-content\/uploads\/2023\/09\/Manya-Macro-200-ml-1-scaled.jpg\" \/>\n\t<meta property=\"og:image:width\" content=\"1280\" \/>\n\t<meta property=\"og:image:height\" content=\"2560\" \/>\n\t<meta property=\"og:image:type\" content=\"image\/jpeg\" \/>\n<meta name=\"twitter:card\" content=\"summary_large_image\" \/>\n<meta name=\"twitter:label1\" content=\"Est. reading time\" \/>\n\t<meta name=\"twitter:data1\" content=\"1 minuta\" \/>\n<script type=\"application\/ld+json\" class=\"yoast-schema-graph\">{\"@context\":\"https:\/\/schema.org\",\"@graph\":[{\"@type\":\"WebPage\",\"@id\":\"https:\/\/hairbeauty-pro.com\/?product=macro-sprej-za-volumen-kose\",\"url\":\"https:\/\/hairbeauty-pro.com\/?product=macro-sprej-za-volumen-kose\",\"name\":\"MACRO - SPREJ ZA VOLUMEN KOSE - Flash\",\"isPartOf\":{\"@id\":\"https:\/\/hairbeauty-pro.com\/#website\"},\"datePublished\":\"2023-09-11T16:02:27+00:00\",\"dateModified\":\"2025-12-13T12:29:21+00:00\",\"description\":\"200 ML Ja\u010dina Sjaj\",\"breadcrumb\":{\"@id\":\"https:\/\/hairbeauty-pro.com\/?product=macro-sprej-za-volumen-kose#breadcrumb\"},\"inLanguage\":\"bs-BA\",\"potentialAction\":[{\"@type\":\"ReadAction\",\"target\":[\"https:\/\/hairbeauty-pro.com\/?product=macro-sprej-za-volumen-kose\"]}]},{\"@type\":\"BreadcrumbList\",\"@id\":\"https:\/\/hairbeauty-pro.com\/?product=macro-sprej-za-volumen-kose#breadcrumb\",\"itemListElement\":[{\"@type\":\"ListItem\",\"position\":1,\"name\":\"Home\",\"item\":\"https:\/\/hairbeauty-pro.com\/\"},{\"@type\":\"ListItem\",\"position\":2,\"name\":\"Shop\",\"item\":\"https:\/\/hairbeauty-pro.com\/?page_id=11\"},{\"@type\":\"ListItem\",\"position\":3,\"name\":\"MACRO &#8211; SPREJ ZA VOLUMEN KOSE\"}]},{\"@type\":\"WebSite\",\"@id\":\"https:\/\/hairbeauty-pro.com\/#website\",\"url\":\"https:\/\/hairbeauty-pro.com\/\",\"name\":\"Flash\",\"description\":\"Va\u0161a ultimativna destinacja za njegu kose\",\"publisher\":{\"@id\":\"https:\/\/hairbeauty-pro.com\/#organization\"},\"potentialAction\":[{\"@type\":\"SearchAction\",\"target\":{\"@type\":\"EntryPoint\",\"urlTemplate\":\"https:\/\/hairbeauty-pro.com\/?s={search_term_string}\"},\"query-input\":\"required name=search_term_string\"}],\"inLanguage\":\"bs-BA\"},{\"@type\":\"Organization\",\"@id\":\"https:\/\/hairbeauty-pro.com\/#organization\",\"name\":\"Flash\",\"url\":\"https:\/\/hairbeauty-pro.com\/\",\"logo\":{\"@type\":\"ImageObject\",\"inLanguage\":\"bs-BA\",\"@id\":\"https:\/\/hairbeauty-pro.com\/#\/schema\/logo\/image\/\",\"url\":\"https:\/\/hairbeauty-pro.com\/wp-content\/uploads\/2023\/07\/cropped-FLASH-LOGO-png.png\",\"contentUrl\":\"https:\/\/hairbeauty-pro.com\/wp-content\/uploads\/2023\/07\/cropped-FLASH-LOGO-png.png\",\"width\":1316,\"height\":521,\"caption\":\"Flash\"},\"image\":{\"@id\":\"https:\/\/hairbeauty-pro.com\/#\/schema\/logo\/image\/\"}}]}<\/script>\n<!-- \/ Yoast SEO plugin. -->","yoast_head_json":{"title":"MACRO - SPREJ ZA VOLUMEN KOSE - Flash","description":"200 ML  Ja\u010dina    Sjaj","robots":{"index":"index","follow":"follow","max-snippet":"max-snippet:-1","max-image-preview":"max-image-preview:large","max-video-preview":"max-video-preview:-1"},"canonical":"https:\/\/hairbeauty-pro.com\/?product=macro-sprej-za-volumen-kose","og_locale":"bs_BA","og_type":"article","og_title":"MACRO - SPREJ ZA VOLUMEN KOSE - Flash","og_description":"200 ML  Ja\u010dina    Sjaj","og_url":"https:\/\/hairbeauty-pro.com\/?product=macro-sprej-za-volumen-kose","og_site_name":"Flash","article_modified_time":"2025-12-13T12:29:21+00:00","og_image":[{"width":1280,"height":2560,"url":"http:\/\/hairbeauty-pro.com\/wp-content\/uploads\/2023\/09\/Manya-Macro-200-ml-1-scaled.jpg","type":"image\/jpeg"}],"twitter_card":"summary_large_image","twitter_misc":{"Est. reading time":"1 minuta"},"schema":{"@context":"https:\/\/schema.org","@graph":[{"@type":"WebPage","@id":"https:\/\/hairbeauty-pro.com\/?product=macro-sprej-za-volumen-kose","url":"https:\/\/hairbeauty-pro.com\/?product=macro-sprej-za-volumen-kose","name":"MACRO - SPREJ ZA VOLUMEN KOSE - Flash","isPartOf":{"@id":"https:\/\/hairbeauty-pro.com\/#website"},"datePublished":"2023-09-11T16:02:27+00:00","dateModified":"2025-12-13T12:29:21+00:00","description":"200 ML Ja\u010dina Sjaj","breadcrumb":{"@id":"https:\/\/hairbeauty-pro.com\/?product=macro-sprej-za-volumen-kose#breadcrumb"},"inLanguage":"bs-BA","potentialAction":[{"@type":"ReadAction","target":["https:\/\/hairbeauty-pro.com\/?product=macro-sprej-za-volumen-kose"]}]},{"@type":"BreadcrumbList","@id":"https:\/\/hairbeauty-pro.com\/?product=macro-sprej-za-volumen-kose#breadcrumb","itemListElement":[{"@type":"ListItem","position":1,"name":"Home","item":"https:\/\/hairbeauty-pro.com\/"},{"@type":"ListItem","position":2,"name":"Shop","item":"https:\/\/hairbeauty-pro.com\/?page_id=11"},{"@type":"ListItem","position":3,"name":"MACRO &#8211; SPREJ ZA VOLUMEN KOSE"}]},{"@type":"WebSite","@id":"https:\/\/hairbeauty-pro.com\/#website","url":"https:\/\/hairbeauty-pro.com\/","name":"Flash","description":"Va\u0161a ultimativna destinacja za njegu kose","publisher":{"@id":"https:\/\/hairbeauty-pro.com\/#organization"},"potentialAction":[{"@type":"SearchAction","target":{"@type":"EntryPoint","urlTemplate":"https:\/\/hairbeauty-pro.com\/?s={search_term_string}"},"query-input":"required name=search_term_string"}],"inLanguage":"bs-BA"},{"@type":"Organization","@id":"https:\/\/hairbeauty-pro.com\/#organization","name":"Flash","url":"https:\/\/hairbeauty-pro.com\/","logo":{"@type":"ImageObject","inLanguage":"bs-BA","@id":"https:\/\/hairbeauty-pro.com\/#\/schema\/logo\/image\/","url":"https:\/\/hairbeauty-pro.com\/wp-content\/uploads\/2023\/07\/cropped-FLASH-LOGO-png.png","contentUrl":"https:\/\/hairbeauty-pro.com\/wp-content\/uploads\/2023\/07\/cropped-FLASH-LOGO-png.png","width":1316,"height":521,"caption":"Flash"},"image":{"@id":"https:\/\/hairbeauty-pro.com\/#\/schema\/logo\/image\/"}}]}},"_links":{"self":[{"href":"https:\/\/hairbeauty-pro.com\/index.php?rest_route=\/wp\/v2\/product\/3396"}],"collection":[{"href":"https:\/\/hairbeauty-pro.com\/index.php?rest_route=\/wp\/v2\/product"}],"about":[{"href":"https:\/\/hairbeauty-pro.com\/index.php?rest_route=\/wp\/v2\/types\/product"}],"replies":[{"embeddable":true,"href":"https:\/\/hairbeauty-pro.com\/index.php?rest_route=%2Fwp%2Fv2%2Fcomments&post=3396"}],"wp:featuredmedia":[{"embeddable":true,"href":"https:\/\/hairbeauty-pro.com\/index.php?rest_route=\/wp\/v2\/media\/4179"}],"wp:attachment":[{"href":"https:\/\/hairbeauty-pro.com\/index.php?rest_route=%2Fwp%2Fv2%2Fmedia&parent=3396"}],"wp:term":[{"taxonomy":"product_cat","embeddable":true,"href":"https:\/\/hairbeauty-pro.com\/index.php?rest_route=%2Fwp%2Fv2%2Fproduct_cat&post=3396"},{"taxonomy":"product_tag","embeddable":true,"href":"https:\/\/hairbeauty-pro.com\/index.php?rest_route=%2Fwp%2Fv2%2Fproduct_tag&post=3396"}],"curies":[{"name":"wp","href":"https:\/\/api.w.org\/{rel}","templated":true}]}}