{"id":3368,"date":"2023-09-10T21:32:20","date_gmt":"2023-09-10T21:32:20","guid":{"rendered":"https:\/\/hairbeauty-pro.com\/?post_type=product&#038;p=3368"},"modified":"2023-12-07T12:11:07","modified_gmt":"2023-12-07T12:11:07","slug":"dreamfix-plus-lak-za-kosu","status":"publish","type":"product","link":"https:\/\/hairbeauty-pro.com\/?product=dreamfix-plus-lak-za-kosu","title":{"rendered":"DREAMFIX PLUS &#8211; LAK ZA KOSU"},"content":{"rendered":"<p style=\"font-weight: 400;\">\u0160ta je i \u010demu slu\u017ei:<\/p>\n<p style=\"font-weight: 400;\">Profesionalni lak za kosu i bo\u010dici od 300 ml. Daje ekstra \u010dvrsto\u0107a i brzo se su\u0161i pru\u017eaju\u0107i \u010dvrst i dugotrajan oblik svim tipovima kose.<\/p>\n<p style=\"font-weight: 400;\">Kako se koristi:<\/p>\n<p style=\"font-weight: 400;\">Raspr\u0161ite ravnomjerno na suhu kosu sa udaljenosti cca 30 cm.<\/p>\n<p style=\"font-weight: 400;\">Savjeti stilista:<\/p>\n<p style=\"font-weight: 400;\">Savr\u0161en kao zavr\u0161ni dodir kako bi se osigurala dugotrajna kontrola nad stilizovanom\u00a0 frizurom.<\/p>\n","protected":false},"excerpt":{"rendered":"<div><span lang=\"DE-AT\">300 ML<\/span><\/div>\n<div><em><span lang=\"DE-AT\">Ja\u010dina<\/span><\/em><\/div>\n<div><img decoding=\"async\" class=\"alignnone wp-image-3359\" src=\"http:\/\/hairbeauty-pro.com\/wp-content\/uploads\/2023\/09\/Untitled-design-8.png\" alt=\"\" width=\"124\" height=\"30\" srcset=\"https:\/\/hairbeauty-pro.com\/wp-content\/uploads\/2023\/09\/Untitled-design-8.png 2744w, https:\/\/hairbeauty-pro.com\/wp-content\/uploads\/2023\/09\/Untitled-design-8-64x15.png 64w, https:\/\/hairbeauty-pro.com\/wp-content\/uploads\/2023\/09\/Untitled-design-8-600x145.png 600w\" sizes=\"(max-width: 124px) 100vw, 124px\" \/><\/div>\n<div><em>Sjaj<\/em><\/div>\n<div><img decoding=\"async\" class=\"alignnone wp-image-3369\" src=\"http:\/\/hairbeauty-pro.com\/wp-content\/uploads\/2023\/09\/Untitled-design-12.png\" alt=\"\" width=\"125\" height=\"30\" srcset=\"https:\/\/hairbeauty-pro.com\/wp-content\/uploads\/2023\/09\/Untitled-design-12.png 2621w, https:\/\/hairbeauty-pro.com\/wp-content\/uploads\/2023\/09\/Untitled-design-12-64x15.png 64w, https:\/\/hairbeauty-pro.com\/wp-content\/uploads\/2023\/09\/Untitled-design-12-600x145.png 600w\" sizes=\"(max-width: 125px) 100vw, 125px\" \/><\/div>\n","protected":false},"featured_media":5640,"comment_status":"open","ping_status":"closed","template":"","meta":{"site-sidebar-layout":"default","site-content-layout":"","ast-site-content-layout":"default","site-content-style":"default","site-sidebar-style":"default","ast-global-header-display":"","ast-banner-title-visibility":"","ast-main-header-display":"","ast-hfb-above-header-display":"","ast-hfb-below-header-display":"","ast-hfb-mobile-header-display":"","site-post-title":"","ast-breadcrumbs-content":"","ast-featured-img":"","footer-sml-layout":"","theme-transparent-header-meta":"default","adv-header-id-meta":"","stick-header-meta":"","header-above-stick-meta":"","header-main-stick-meta":"","header-below-stick-meta":"","astra-migrate-meta-layouts":"set","ast-page-background-enabled":"default","ast-page-background-meta":{"desktop":{"background-color":"","background-image":"","background-repeat":"repeat","background-position":"center center","background-size":"auto","background-attachment":"scroll","background-type":"","background-media":"","overlay-type":"","overlay-color":"","overlay-opacity":"","overlay-gradient":""},"tablet":{"background-color":"","background-image":"","background-repeat":"repeat","background-position":"center center","background-size":"auto","background-attachment":"scroll","background-type":"","background-media":"","overlay-type":"","overlay-color":"","overlay-opacity":"","overlay-gradient":""},"mobile":{"background-color":"","background-image":"","background-repeat":"repeat","background-position":"center center","background-size":"auto","background-attachment":"scroll","background-type":"","background-media":"","overlay-type":"","overlay-color":"","overlay-opacity":"","overlay-gradient":""}},"ast-content-background-meta":{"desktop":{"background-color":"var(--ast-global-color-5)","background-image":"","background-repeat":"repeat","background-position":"center center","background-size":"auto","background-attachment":"scroll","background-type":"","background-media":"","overlay-type":"","overlay-color":"","overlay-opacity":"","overlay-gradient":""},"tablet":{"background-color":"var(--ast-global-color-5)","background-image":"","background-repeat":"repeat","background-position":"center center","background-size":"auto","background-attachment":"scroll","background-type":"","background-media":"","overlay-type":"","overlay-color":"","overlay-opacity":"","overlay-gradient":""},"mobile":{"background-color":"var(--ast-global-color-5)","background-image":"","background-repeat":"repeat","background-position":"center center","background-size":"auto","background-attachment":"scroll","background-type":"","background-media":"","overlay-type":"","overlay-color":"","overlay-opacity":"","overlay-gradient":""}}},"product_cat":[116,267,42,202,131,201,130],"product_tag":[],"yoast_head":"<!-- This site is optimized with the Yoast SEO plugin v21.7 - https:\/\/yoast.com\/wordpress\/plugins\/seo\/ -->\n<title>DREAMFIX PLUS - LAK ZA KOSU - Flash<\/title>\n<meta name=\"description\" content=\"300 ML Ja\u010dina  Sjaj\" \/>\n<meta name=\"robots\" content=\"index, follow, max-snippet:-1, max-image-preview:large, max-video-preview:-1\" \/>\n<link rel=\"canonical\" href=\"https:\/\/hairbeauty-pro.com\/?product=dreamfix-plus-lak-za-kosu\" \/>\n<meta property=\"og:locale\" content=\"bs_BA\" \/>\n<meta property=\"og:type\" content=\"article\" \/>\n<meta property=\"og:title\" content=\"DREAMFIX PLUS - LAK ZA KOSU - Flash\" \/>\n<meta property=\"og:description\" content=\"300 ML Ja\u010dina  Sjaj\" \/>\n<meta property=\"og:url\" content=\"https:\/\/hairbeauty-pro.com\/?product=dreamfix-plus-lak-za-kosu\" \/>\n<meta property=\"og:site_name\" content=\"Flash\" \/>\n<meta property=\"article:modified_time\" content=\"2023-12-07T12:11:07+00:00\" \/>\n<meta property=\"og:image\" content=\"https:\/\/hairbeauty-pro.com\/wp-content\/uploads\/2023\/11\/Manya-Dreamfix-Plus-300-ml-1-scaled-1.jpg\" \/>\n\t<meta property=\"og:image:width\" content=\"1280\" \/>\n\t<meta property=\"og:image:height\" content=\"2560\" \/>\n\t<meta property=\"og:image:type\" content=\"image\/jpeg\" \/>\n<meta name=\"twitter:card\" content=\"summary_large_image\" \/>\n<script type=\"application\/ld+json\" class=\"yoast-schema-graph\">{\"@context\":\"https:\/\/schema.org\",\"@graph\":[{\"@type\":\"WebPage\",\"@id\":\"https:\/\/hairbeauty-pro.com\/?product=dreamfix-plus-lak-za-kosu\",\"url\":\"https:\/\/hairbeauty-pro.com\/?product=dreamfix-plus-lak-za-kosu\",\"name\":\"DREAMFIX PLUS - LAK ZA KOSU - Flash\",\"isPartOf\":{\"@id\":\"https:\/\/hairbeauty-pro.com\/#website\"},\"datePublished\":\"2023-09-10T21:32:20+00:00\",\"dateModified\":\"2023-12-07T12:11:07+00:00\",\"description\":\"300 ML Ja\u010dina Sjaj\",\"breadcrumb\":{\"@id\":\"https:\/\/hairbeauty-pro.com\/?product=dreamfix-plus-lak-za-kosu#breadcrumb\"},\"inLanguage\":\"bs-BA\",\"potentialAction\":[{\"@type\":\"ReadAction\",\"target\":[\"https:\/\/hairbeauty-pro.com\/?product=dreamfix-plus-lak-za-kosu\"]}]},{\"@type\":\"BreadcrumbList\",\"@id\":\"https:\/\/hairbeauty-pro.com\/?product=dreamfix-plus-lak-za-kosu#breadcrumb\",\"itemListElement\":[{\"@type\":\"ListItem\",\"position\":1,\"name\":\"Home\",\"item\":\"https:\/\/hairbeauty-pro.com\/\"},{\"@type\":\"ListItem\",\"position\":2,\"name\":\"Shop\",\"item\":\"https:\/\/hairbeauty-pro.com\/?page_id=11\"},{\"@type\":\"ListItem\",\"position\":3,\"name\":\"DREAMFIX PLUS &#8211; LAK ZA KOSU\"}]},{\"@type\":\"WebSite\",\"@id\":\"https:\/\/hairbeauty-pro.com\/#website\",\"url\":\"https:\/\/hairbeauty-pro.com\/\",\"name\":\"Flash\",\"description\":\"Va\u0161a ultimativna destinacja za njegu kose\",\"publisher\":{\"@id\":\"https:\/\/hairbeauty-pro.com\/#organization\"},\"potentialAction\":[{\"@type\":\"SearchAction\",\"target\":{\"@type\":\"EntryPoint\",\"urlTemplate\":\"https:\/\/hairbeauty-pro.com\/?s={search_term_string}\"},\"query-input\":\"required name=search_term_string\"}],\"inLanguage\":\"bs-BA\"},{\"@type\":\"Organization\",\"@id\":\"https:\/\/hairbeauty-pro.com\/#organization\",\"name\":\"Flash\",\"url\":\"https:\/\/hairbeauty-pro.com\/\",\"logo\":{\"@type\":\"ImageObject\",\"inLanguage\":\"bs-BA\",\"@id\":\"https:\/\/hairbeauty-pro.com\/#\/schema\/logo\/image\/\",\"url\":\"https:\/\/hairbeauty-pro.com\/wp-content\/uploads\/2023\/07\/cropped-FLASH-LOGO-png.png\",\"contentUrl\":\"https:\/\/hairbeauty-pro.com\/wp-content\/uploads\/2023\/07\/cropped-FLASH-LOGO-png.png\",\"width\":1316,\"height\":521,\"caption\":\"Flash\"},\"image\":{\"@id\":\"https:\/\/hairbeauty-pro.com\/#\/schema\/logo\/image\/\"}}]}<\/script>\n<!-- \/ Yoast SEO plugin. -->","yoast_head_json":{"title":"DREAMFIX PLUS - LAK ZA KOSU - Flash","description":"300 ML Ja\u010dina  Sjaj","robots":{"index":"index","follow":"follow","max-snippet":"max-snippet:-1","max-image-preview":"max-image-preview:large","max-video-preview":"max-video-preview:-1"},"canonical":"https:\/\/hairbeauty-pro.com\/?product=dreamfix-plus-lak-za-kosu","og_locale":"bs_BA","og_type":"article","og_title":"DREAMFIX PLUS - LAK ZA KOSU - Flash","og_description":"300 ML Ja\u010dina  Sjaj","og_url":"https:\/\/hairbeauty-pro.com\/?product=dreamfix-plus-lak-za-kosu","og_site_name":"Flash","article_modified_time":"2023-12-07T12:11:07+00:00","og_image":[{"width":1280,"height":2560,"url":"https:\/\/hairbeauty-pro.com\/wp-content\/uploads\/2023\/11\/Manya-Dreamfix-Plus-300-ml-1-scaled-1.jpg","type":"image\/jpeg"}],"twitter_card":"summary_large_image","schema":{"@context":"https:\/\/schema.org","@graph":[{"@type":"WebPage","@id":"https:\/\/hairbeauty-pro.com\/?product=dreamfix-plus-lak-za-kosu","url":"https:\/\/hairbeauty-pro.com\/?product=dreamfix-plus-lak-za-kosu","name":"DREAMFIX PLUS - LAK ZA KOSU - Flash","isPartOf":{"@id":"https:\/\/hairbeauty-pro.com\/#website"},"datePublished":"2023-09-10T21:32:20+00:00","dateModified":"2023-12-07T12:11:07+00:00","description":"300 ML Ja\u010dina Sjaj","breadcrumb":{"@id":"https:\/\/hairbeauty-pro.com\/?product=dreamfix-plus-lak-za-kosu#breadcrumb"},"inLanguage":"bs-BA","potentialAction":[{"@type":"ReadAction","target":["https:\/\/hairbeauty-pro.com\/?product=dreamfix-plus-lak-za-kosu"]}]},{"@type":"BreadcrumbList","@id":"https:\/\/hairbeauty-pro.com\/?product=dreamfix-plus-lak-za-kosu#breadcrumb","itemListElement":[{"@type":"ListItem","position":1,"name":"Home","item":"https:\/\/hairbeauty-pro.com\/"},{"@type":"ListItem","position":2,"name":"Shop","item":"https:\/\/hairbeauty-pro.com\/?page_id=11"},{"@type":"ListItem","position":3,"name":"DREAMFIX PLUS &#8211; LAK ZA KOSU"}]},{"@type":"WebSite","@id":"https:\/\/hairbeauty-pro.com\/#website","url":"https:\/\/hairbeauty-pro.com\/","name":"Flash","description":"Va\u0161a ultimativna destinacja za njegu kose","publisher":{"@id":"https:\/\/hairbeauty-pro.com\/#organization"},"potentialAction":[{"@type":"SearchAction","target":{"@type":"EntryPoint","urlTemplate":"https:\/\/hairbeauty-pro.com\/?s={search_term_string}"},"query-input":"required name=search_term_string"}],"inLanguage":"bs-BA"},{"@type":"Organization","@id":"https:\/\/hairbeauty-pro.com\/#organization","name":"Flash","url":"https:\/\/hairbeauty-pro.com\/","logo":{"@type":"ImageObject","inLanguage":"bs-BA","@id":"https:\/\/hairbeauty-pro.com\/#\/schema\/logo\/image\/","url":"https:\/\/hairbeauty-pro.com\/wp-content\/uploads\/2023\/07\/cropped-FLASH-LOGO-png.png","contentUrl":"https:\/\/hairbeauty-pro.com\/wp-content\/uploads\/2023\/07\/cropped-FLASH-LOGO-png.png","width":1316,"height":521,"caption":"Flash"},"image":{"@id":"https:\/\/hairbeauty-pro.com\/#\/schema\/logo\/image\/"}}]}},"_links":{"self":[{"href":"https:\/\/hairbeauty-pro.com\/index.php?rest_route=\/wp\/v2\/product\/3368"}],"collection":[{"href":"https:\/\/hairbeauty-pro.com\/index.php?rest_route=\/wp\/v2\/product"}],"about":[{"href":"https:\/\/hairbeauty-pro.com\/index.php?rest_route=\/wp\/v2\/types\/product"}],"replies":[{"embeddable":true,"href":"https:\/\/hairbeauty-pro.com\/index.php?rest_route=%2Fwp%2Fv2%2Fcomments&post=3368"}],"wp:featuredmedia":[{"embeddable":true,"href":"https:\/\/hairbeauty-pro.com\/index.php?rest_route=\/wp\/v2\/media\/5640"}],"wp:attachment":[{"href":"https:\/\/hairbeauty-pro.com\/index.php?rest_route=%2Fwp%2Fv2%2Fmedia&parent=3368"}],"wp:term":[{"taxonomy":"product_cat","embeddable":true,"href":"https:\/\/hairbeauty-pro.com\/index.php?rest_route=%2Fwp%2Fv2%2Fproduct_cat&post=3368"},{"taxonomy":"product_tag","embeddable":true,"href":"https:\/\/hairbeauty-pro.com\/index.php?rest_route=%2Fwp%2Fv2%2Fproduct_tag&post=3368"}],"curies":[{"name":"wp","href":"https:\/\/api.w.org\/{rel}","templated":true}]}}