{"id":3352,"date":"2023-09-10T20:37:29","date_gmt":"2023-09-10T20:37:29","guid":{"rendered":"https:\/\/hairbeauty-pro.com\/?post_type=product&#038;p=3352"},"modified":"2026-03-10T23:11:47","modified_gmt":"2026-03-10T23:11:47","slug":"lunex-ultra-puder-deklor-blans-u-prahu","status":"publish","type":"product","link":"https:\/\/hairbeauty-pro.com\/?product=lunex-ultra-puder-deklor-blans-u-prahu","title":{"rendered":"LUNEX ULTRA PUDER DEKLOR (BLAN\u0160) U PRAHU"},"content":{"rendered":"<p style=\"font-weight: 400;\">\u0160TA JE<\/p>\n<p style=\"font-weight: 400;\">Kompaktan izbjeljiva\u010d za kosu u prahu\u00a0koji pru\u017ea sna\u017eno posvetljenje i za\u0161titu.<\/p>\n<p style=\"font-weight: 400;\">Njegovo djelovanje posvjetljivanja je\u00a0progresivno (postepeno) bez pika u prvoj\u00a0fazi, obezbje\u0111uje nje\u017enije posvjetljivanje i\u00a0neutraliziranje toplih tonova.<\/p>\n<p style=\"font-weight: 400;\">Idealan za ultra jasno nagla\u0161avanje i\u00a0posvjetljivanje do 9 tonova pomo\u0107u folije\u00a0ili drugih alata. Intenzivno uklanja boju.<\/p>\n<p style=\"font-weight: 400;\">KARATKERISTIKE:<\/p>\n<ul>\n<li style=\"font-weight: 400;\">NEAGRESIVAN, NE BUBRI I NE KAPLJE<\/li>\n<li style=\"font-weight: 400;\"><span style=\"font-size: 16px;\">VISOKA MO\u0106 POSVJETLJIVANJA DO 9 NIVOA<\/span><\/li>\n<li style=\"font-weight: 400;\"><span style=\"font-size: 16px;\">SNA\u017dNO ELIMINISANJE \u017dUTOG REFLEKSA<\/span><\/li>\n<li style=\"font-weight: 400;\"><span style=\"font-size: 16px;\">VISOKA ZA\u0160TITA DLAKE<\/span><\/li>\n<li style=\"font-weight: 400;\"><span style=\"font-size: 16px;\">OMOGU\u0106AVA SAVR\u0160ENO PRIJANJANJE KOSE ZA POVR\u0160INU FOLIJE<\/span><\/li>\n<li style=\"font-weight: 400;\"><span style=\"font-size: 16px;\">IDEALAN ZA SKIDANJE BOJE<\/span><\/li>\n<\/ul>\n<p style=\"font-weight: 400;\">UPOTREBA I USLUGE:<\/p>\n<p style=\"font-weight: 400;\">Mije\u0161anje:<\/p>\n<p style=\"font-weight: 400;\">Lunex Ultra puder se priprema mije\u0161anjem:<\/p>\n<p style=\"font-weight: 400;\">30 g Lunex Ultra Pudera sa 45-60 ml 10- do 40-vol. Uni.Color Oxi razvija\u010dem.<\/p>\n<p style=\"font-weight: 400;\">Maksimalno vrijeme dr\u017eanja: 60 minuta.<\/p>\n<p style=\"font-weight: 400;\">Posvjetljivanje kose se odvija postepeno.<\/p>\n<p style=\"font-weight: 400;\">Pakovanje: jedno pakovanje sadr\u017ei<\/p>\n","protected":false},"excerpt":{"rendered":"<p style=\"font-weight: 400;\">Dvije vre\u0107ice od 400g<\/p>\n<p>*Cijena na upit | Samo za salonsku upotrebu<\/p>\n","protected":false},"featured_media":3353,"comment_status":"open","ping_status":"closed","template":"","meta":{"site-sidebar-layout":"default","site-content-layout":"","ast-site-content-layout":"default","site-content-style":"default","site-sidebar-style":"default","ast-global-header-display":"","ast-banner-title-visibility":"","ast-main-header-display":"","ast-hfb-above-header-display":"","ast-hfb-below-header-display":"","ast-hfb-mobile-header-display":"","site-post-title":"","ast-breadcrumbs-content":"","ast-featured-img":"","footer-sml-layout":"","theme-transparent-header-meta":"default","adv-header-id-meta":"","stick-header-meta":"","header-above-stick-meta":"","header-main-stick-meta":"","header-below-stick-meta":"","astra-migrate-meta-layouts":"set","ast-page-background-enabled":"default","ast-page-background-meta":{"desktop":{"background-color":"","background-image":"","background-repeat":"repeat","background-position":"center center","background-size":"auto","background-attachment":"scroll","background-type":"","background-media":"","overlay-type":"","overlay-color":"","overlay-opacity":"","overlay-gradient":""},"tablet":{"background-color":"","background-image":"","background-repeat":"repeat","background-position":"center center","background-size":"auto","background-attachment":"scroll","background-type":"","background-media":"","overlay-type":"","overlay-color":"","overlay-opacity":"","overlay-gradient":""},"mobile":{"background-color":"","background-image":"","background-repeat":"repeat","background-position":"center center","background-size":"auto","background-attachment":"scroll","background-type":"","background-media":"","overlay-type":"","overlay-color":"","overlay-opacity":"","overlay-gradient":""}},"ast-content-background-meta":{"desktop":{"background-color":"var(--ast-global-color-5)","background-image":"","background-repeat":"repeat","background-position":"center center","background-size":"auto","background-attachment":"scroll","background-type":"","background-media":"","overlay-type":"","overlay-color":"","overlay-opacity":"","overlay-gradient":""},"tablet":{"background-color":"var(--ast-global-color-5)","background-image":"","background-repeat":"repeat","background-position":"center center","background-size":"auto","background-attachment":"scroll","background-type":"","background-media":"","overlay-type":"","overlay-color":"","overlay-opacity":"","overlay-gradient":""},"mobile":{"background-color":"var(--ast-global-color-5)","background-image":"","background-repeat":"repeat","background-position":"center center","background-size":"auto","background-attachment":"scroll","background-type":"","background-media":"","overlay-type":"","overlay-color":"","overlay-opacity":"","overlay-gradient":""}}},"product_cat":[198,125,191,122,42,265],"product_tag":[],"yoast_head":"<!-- This site is optimized with the Yoast SEO plugin v21.7 - https:\/\/yoast.com\/wordpress\/plugins\/seo\/ -->\n<title>LUNEX ULTRA PUDER DEKLOR (BLAN\u0160) U PRAHU - Flash<\/title>\n<meta name=\"description\" content=\"Dvije vre\u0107ice od 400g *Cijena na upit | Samo za salonsku upotrebu\" \/>\n<meta name=\"robots\" content=\"index, follow, max-snippet:-1, max-image-preview:large, max-video-preview:-1\" \/>\n<link rel=\"canonical\" href=\"https:\/\/hairbeauty-pro.com\/?product=lunex-ultra-puder-deklor-blans-u-prahu\" \/>\n<meta property=\"og:locale\" content=\"bs_BA\" \/>\n<meta property=\"og:type\" content=\"article\" \/>\n<meta property=\"og:title\" content=\"LUNEX ULTRA PUDER DEKLOR (BLAN\u0160) U PRAHU - Flash\" \/>\n<meta property=\"og:description\" content=\"Dvije vre\u0107ice od 400g *Cijena na upit | Samo za salonsku upotrebu\" \/>\n<meta property=\"og:url\" content=\"https:\/\/hairbeauty-pro.com\/?product=lunex-ultra-puder-deklor-blans-u-prahu\" \/>\n<meta property=\"og:site_name\" content=\"Flash\" \/>\n<meta property=\"article:modified_time\" content=\"2026-03-10T23:11:47+00:00\" \/>\n<meta property=\"og:image\" content=\"http:\/\/hairbeauty-pro.com\/wp-content\/uploads\/2023\/09\/Lunex-Ultra-Powder-400-g-Velian-1-scaled.jpg\" \/>\n\t<meta property=\"og:image:width\" content=\"2560\" \/>\n\t<meta property=\"og:image:height\" content=\"1707\" \/>\n\t<meta property=\"og:image:type\" content=\"image\/jpeg\" \/>\n<meta name=\"twitter:card\" content=\"summary_large_image\" \/>\n<meta name=\"twitter:label1\" content=\"Est. reading time\" \/>\n\t<meta name=\"twitter:data1\" content=\"1 minuta\" \/>\n<script type=\"application\/ld+json\" class=\"yoast-schema-graph\">{\"@context\":\"https:\/\/schema.org\",\"@graph\":[{\"@type\":\"WebPage\",\"@id\":\"https:\/\/hairbeauty-pro.com\/?product=lunex-ultra-puder-deklor-blans-u-prahu\",\"url\":\"https:\/\/hairbeauty-pro.com\/?product=lunex-ultra-puder-deklor-blans-u-prahu\",\"name\":\"LUNEX ULTRA PUDER DEKLOR (BLAN\u0160) U PRAHU - Flash\",\"isPartOf\":{\"@id\":\"https:\/\/hairbeauty-pro.com\/#website\"},\"datePublished\":\"2023-09-10T20:37:29+00:00\",\"dateModified\":\"2026-03-10T23:11:47+00:00\",\"description\":\"Dvije vre\u0107ice od 400g *Cijena na upit | Samo za salonsku upotrebu\",\"breadcrumb\":{\"@id\":\"https:\/\/hairbeauty-pro.com\/?product=lunex-ultra-puder-deklor-blans-u-prahu#breadcrumb\"},\"inLanguage\":\"bs-BA\",\"potentialAction\":[{\"@type\":\"ReadAction\",\"target\":[\"https:\/\/hairbeauty-pro.com\/?product=lunex-ultra-puder-deklor-blans-u-prahu\"]}]},{\"@type\":\"BreadcrumbList\",\"@id\":\"https:\/\/hairbeauty-pro.com\/?product=lunex-ultra-puder-deklor-blans-u-prahu#breadcrumb\",\"itemListElement\":[{\"@type\":\"ListItem\",\"position\":1,\"name\":\"Home\",\"item\":\"https:\/\/hairbeauty-pro.com\/\"},{\"@type\":\"ListItem\",\"position\":2,\"name\":\"Shop\",\"item\":\"https:\/\/hairbeauty-pro.com\/?page_id=11\"},{\"@type\":\"ListItem\",\"position\":3,\"name\":\"LUNEX ULTRA PUDER DEKLOR (BLAN\u0160) U PRAHU\"}]},{\"@type\":\"WebSite\",\"@id\":\"https:\/\/hairbeauty-pro.com\/#website\",\"url\":\"https:\/\/hairbeauty-pro.com\/\",\"name\":\"Flash\",\"description\":\"Va\u0161a ultimativna destinacja za njegu kose\",\"publisher\":{\"@id\":\"https:\/\/hairbeauty-pro.com\/#organization\"},\"potentialAction\":[{\"@type\":\"SearchAction\",\"target\":{\"@type\":\"EntryPoint\",\"urlTemplate\":\"https:\/\/hairbeauty-pro.com\/?s={search_term_string}\"},\"query-input\":\"required name=search_term_string\"}],\"inLanguage\":\"bs-BA\"},{\"@type\":\"Organization\",\"@id\":\"https:\/\/hairbeauty-pro.com\/#organization\",\"name\":\"Flash\",\"url\":\"https:\/\/hairbeauty-pro.com\/\",\"logo\":{\"@type\":\"ImageObject\",\"inLanguage\":\"bs-BA\",\"@id\":\"https:\/\/hairbeauty-pro.com\/#\/schema\/logo\/image\/\",\"url\":\"https:\/\/hairbeauty-pro.com\/wp-content\/uploads\/2023\/07\/cropped-FLASH-LOGO-png.png\",\"contentUrl\":\"https:\/\/hairbeauty-pro.com\/wp-content\/uploads\/2023\/07\/cropped-FLASH-LOGO-png.png\",\"width\":1316,\"height\":521,\"caption\":\"Flash\"},\"image\":{\"@id\":\"https:\/\/hairbeauty-pro.com\/#\/schema\/logo\/image\/\"}}]}<\/script>\n<!-- \/ Yoast SEO plugin. -->","yoast_head_json":{"title":"LUNEX ULTRA PUDER DEKLOR (BLAN\u0160) U PRAHU - Flash","description":"Dvije vre\u0107ice od 400g *Cijena na upit | Samo za salonsku upotrebu","robots":{"index":"index","follow":"follow","max-snippet":"max-snippet:-1","max-image-preview":"max-image-preview:large","max-video-preview":"max-video-preview:-1"},"canonical":"https:\/\/hairbeauty-pro.com\/?product=lunex-ultra-puder-deklor-blans-u-prahu","og_locale":"bs_BA","og_type":"article","og_title":"LUNEX ULTRA PUDER DEKLOR (BLAN\u0160) U PRAHU - Flash","og_description":"Dvije vre\u0107ice od 400g *Cijena na upit | Samo za salonsku upotrebu","og_url":"https:\/\/hairbeauty-pro.com\/?product=lunex-ultra-puder-deklor-blans-u-prahu","og_site_name":"Flash","article_modified_time":"2026-03-10T23:11:47+00:00","og_image":[{"width":2560,"height":1707,"url":"http:\/\/hairbeauty-pro.com\/wp-content\/uploads\/2023\/09\/Lunex-Ultra-Powder-400-g-Velian-1-scaled.jpg","type":"image\/jpeg"}],"twitter_card":"summary_large_image","twitter_misc":{"Est. reading time":"1 minuta"},"schema":{"@context":"https:\/\/schema.org","@graph":[{"@type":"WebPage","@id":"https:\/\/hairbeauty-pro.com\/?product=lunex-ultra-puder-deklor-blans-u-prahu","url":"https:\/\/hairbeauty-pro.com\/?product=lunex-ultra-puder-deklor-blans-u-prahu","name":"LUNEX ULTRA PUDER DEKLOR (BLAN\u0160) U PRAHU - Flash","isPartOf":{"@id":"https:\/\/hairbeauty-pro.com\/#website"},"datePublished":"2023-09-10T20:37:29+00:00","dateModified":"2026-03-10T23:11:47+00:00","description":"Dvije vre\u0107ice od 400g *Cijena na upit | Samo za salonsku upotrebu","breadcrumb":{"@id":"https:\/\/hairbeauty-pro.com\/?product=lunex-ultra-puder-deklor-blans-u-prahu#breadcrumb"},"inLanguage":"bs-BA","potentialAction":[{"@type":"ReadAction","target":["https:\/\/hairbeauty-pro.com\/?product=lunex-ultra-puder-deklor-blans-u-prahu"]}]},{"@type":"BreadcrumbList","@id":"https:\/\/hairbeauty-pro.com\/?product=lunex-ultra-puder-deklor-blans-u-prahu#breadcrumb","itemListElement":[{"@type":"ListItem","position":1,"name":"Home","item":"https:\/\/hairbeauty-pro.com\/"},{"@type":"ListItem","position":2,"name":"Shop","item":"https:\/\/hairbeauty-pro.com\/?page_id=11"},{"@type":"ListItem","position":3,"name":"LUNEX ULTRA PUDER DEKLOR (BLAN\u0160) U PRAHU"}]},{"@type":"WebSite","@id":"https:\/\/hairbeauty-pro.com\/#website","url":"https:\/\/hairbeauty-pro.com\/","name":"Flash","description":"Va\u0161a ultimativna destinacja za njegu kose","publisher":{"@id":"https:\/\/hairbeauty-pro.com\/#organization"},"potentialAction":[{"@type":"SearchAction","target":{"@type":"EntryPoint","urlTemplate":"https:\/\/hairbeauty-pro.com\/?s={search_term_string}"},"query-input":"required name=search_term_string"}],"inLanguage":"bs-BA"},{"@type":"Organization","@id":"https:\/\/hairbeauty-pro.com\/#organization","name":"Flash","url":"https:\/\/hairbeauty-pro.com\/","logo":{"@type":"ImageObject","inLanguage":"bs-BA","@id":"https:\/\/hairbeauty-pro.com\/#\/schema\/logo\/image\/","url":"https:\/\/hairbeauty-pro.com\/wp-content\/uploads\/2023\/07\/cropped-FLASH-LOGO-png.png","contentUrl":"https:\/\/hairbeauty-pro.com\/wp-content\/uploads\/2023\/07\/cropped-FLASH-LOGO-png.png","width":1316,"height":521,"caption":"Flash"},"image":{"@id":"https:\/\/hairbeauty-pro.com\/#\/schema\/logo\/image\/"}}]}},"_links":{"self":[{"href":"https:\/\/hairbeauty-pro.com\/index.php?rest_route=\/wp\/v2\/product\/3352"}],"collection":[{"href":"https:\/\/hairbeauty-pro.com\/index.php?rest_route=\/wp\/v2\/product"}],"about":[{"href":"https:\/\/hairbeauty-pro.com\/index.php?rest_route=\/wp\/v2\/types\/product"}],"replies":[{"embeddable":true,"href":"https:\/\/hairbeauty-pro.com\/index.php?rest_route=%2Fwp%2Fv2%2Fcomments&post=3352"}],"wp:featuredmedia":[{"embeddable":true,"href":"https:\/\/hairbeauty-pro.com\/index.php?rest_route=\/wp\/v2\/media\/3353"}],"wp:attachment":[{"href":"https:\/\/hairbeauty-pro.com\/index.php?rest_route=%2Fwp%2Fv2%2Fmedia&parent=3352"}],"wp:term":[{"taxonomy":"product_cat","embeddable":true,"href":"https:\/\/hairbeauty-pro.com\/index.php?rest_route=%2Fwp%2Fv2%2Fproduct_cat&post=3352"},{"taxonomy":"product_tag","embeddable":true,"href":"https:\/\/hairbeauty-pro.com\/index.php?rest_route=%2Fwp%2Fv2%2Fproduct_tag&post=3352"}],"curies":[{"name":"wp","href":"https:\/\/api.w.org\/{rel}","templated":true}]}}