{"id":3348,"date":"2023-09-10T20:34:06","date_gmt":"2023-09-10T20:34:06","guid":{"rendered":"https:\/\/hairbeauty-pro.com\/?post_type=product&#038;p=3348"},"modified":"2023-12-07T12:16:13","modified_gmt":"2023-12-07T12:16:13","slug":"lunex-ultra-cream-dekolor-u-kremi","status":"publish","type":"product","link":"https:\/\/hairbeauty-pro.com\/?product=lunex-ultra-cream-dekolor-u-kremi","title":{"rendered":"LUNEX ULTRA CREAM \u2013 DEKOLOR U KREMI"},"content":{"rendered":"<p style=\"font-weight: 400;\">\u0160ta je:<\/p>\n<p style=\"font-weight: 400;\">Kozmeti\u010dki dekolor\u00a0 u kremi postepenog djelovanja koji posvjetljuje preko 7 tonova i mo\u017ee se koristiti i za dekolorisanje tjemena.<\/p>\n<p style=\"font-weight: 400;\">KLJU\u010cNI SASTOJCI:<\/p>\n<p style=\"font-weight: 400;\">Ekstrakt kamilice<\/p>\n<p style=\"font-weight: 400;\">Umiruje i \u0161titi.<\/p>\n<p style=\"font-weight: 400;\">Hidrolizat keratina<\/p>\n<p style=\"font-weight: 400;\">Osigurava\u00a0 ravnomjerno\u00a0 posvjetljivanjeod korijena, po du\u017eini i vrhovima sa rezultatom posvjetljivanja bez ne\u017eeljenih \u017euto\/narand\u017eastih refleksa!<\/p>\n<p style=\"font-weight: 400;\">Karakteristike:<\/p>\n<ul>\n<li style=\"font-weight: 400;\">BRZO I JEDNOSTAVNO MIJE\u0160ANJE<\/li>\n<li style=\"font-weight: 400;\"><span style=\"font-size: 16px;\">NANO\u0160ENJE NA PRIRODNU I OBOJENU KOSU<\/span><\/li>\n<li style=\"font-weight: 400;\"><span style=\"font-size: 16px;\">VISOKA MO\u0106 POSVJETLJIVANJA BEZ \u017dUTOG REFLEKSA<\/span><\/li>\n<li style=\"font-weight: 400;\"><span style=\"font-size: 16px;\">UJEDNA\u010cENOST POSVJETLJIVANJA<\/span><\/li>\n<li style=\"font-weight: 400;\"><span style=\"font-size: 16px;\">MAKSIMALNA ESTETI\u010cNOST REZULTATA<\/span><\/li>\n<li style=\"font-weight: 400;\"><span style=\"font-size: 16px;\">IDEALAN ZA DEKOLORIRANJE VLASI\u0160TA<\/span><\/li>\n<li style=\"font-weight: 400;\"><span style=\"font-size: 16px;\">PRIKLADAN ZA SVE TEHNIKE POSVJETLJIVANJA<\/span><\/li>\n<li style=\"font-weight: 400;\"><span style=\"font-size: 16px;\">MAKSIMALNA NJE\u017dNOST<\/span><\/li>\n<\/ul>\n<p style=\"font-weight: 400;\">UPOTREBA I USLUGE:<\/p>\n<p style=\"font-weight: 400;\">Mije\u0161anje:<\/p>\n<p style=\"font-weight: 400;\">Lunex Ultra Cream se priprema mije\u0161anjem:<\/p>\n<p style=\"font-weight: 400;\">1 : 1 Lunex Ultra Cream sa Uni.Color Oxi od 10 ili 40 vol.<\/p>\n<p style=\"font-weight: 400;\">Dodati vi\u0161e oksidanta kako bi se promijenila konzistencija mje\u0161avine do maksimalnog odnosa od 1 : 1,5.<\/p>\n<p style=\"font-weight: 400;\">Posvjetljivanje i vrijeme dr\u017eanja:<\/p>\n<p style=\"font-weight: 400;\">Tabela u nastavku prikazuje visinu posvjetljivanja na prirodnoj bazi i vrijeme dr\u017eanja shodno kori\u0161tenom Uni.Color Oxi.<\/p>\n<p style=\"font-weight: 400;\">Usluge na prirodnoj i farbanoj kosi<\/p>\n<p style=\"font-weight: 400;\">Za pramenove s kontrastom posvjetljivanja preko 7 tonova\u00a0 (Extreme Blond M\u00e8ches)<\/p>\n<p style=\"font-weight: 400;\">Posebna kremasta tekstura ovog proizvoda prilago\u0111ena je svim tehnikama pramenova (npr. slobodnom rukom, aluminijskom folijom\u00a0 itd.) i omogu\u0107ava ekstremno posvjetljivanje \u010dak i sa niskim volumenima oksidanata, bez ne\u017eeljenih \u017eutih refleksa.<\/p>\n<p style=\"font-weight: 400;\">Nanijeti mje\u0161avinu na zone koje \u017eelite posvjetliti koriste\u0107i odabranu tehniku i dr\u017eati koliko je potrebno za postizanje \u017eeljenog rezultata (vidi tabelu u poglavlju \u201ePosvjetljivanje i vrijeme dr\u017eanja\u201c).<\/p>\n<p style=\"font-weight: 400;\">Za posvjetljivanje sa prirodnim prijelazima koriste\u0107i tehniku slobodne ruke na du\u017eini i vrhovima (California\u00a0Sun)<\/p>\n<p style=\"font-weight: 400;\">Pripremiti kosu \u017eeljenom tehnikom (npr. tapiranjem) i nanijeti proizvod rukama ili \u010detkicom.<\/p>\n<p style=\"font-weight: 400;\">Dr\u017eati koliko je potrebno za postizanje \u017eeljenog rezultata (vidi tabelu u poglavlju \u201ePosvjetljivanje i vrijeme dr\u017eanja\u201c).<\/p>\n<p>&nbsp;<\/p>\n<p style=\"font-weight: 400;\">Usluge na prirodnoj kosi<\/p>\n<p style=\"font-weight: 400;\">Idealan za dekoloriranje tjemena i postizanje platinasto plavih tonova sa visokim sjajem i nje\u017eno\u0161\u0107u (Skin Deco)<\/p>\n<p style=\"font-weight: 400;\">Mije\u0161ati proizvod isklju\u010divo s aUni.Color Oxi od 10 ili 20 vol.<\/p>\n<p style=\"font-weight: 400;\">Nanijeti mje\u0161avinu na izrastak i dr\u017eati koliko je potrebno za postizanje \u017eeljenog rezultata (vidi tabelu u poglavlju \u201ePosvjetljivanje i vrijeme dr\u017eanja\u201c).<\/p>\n","protected":false},"excerpt":{"rendered":"<p style=\"font-weight: 400;\">Pakovanje: tuba od 300g<\/p>\n<p>*Cijena na upit | Samo za salonsku upotrebu<\/p>\n","protected":false},"featured_media":5635,"comment_status":"open","ping_status":"closed","template":"","meta":{"site-sidebar-layout":"default","site-content-layout":"","ast-site-content-layout":"default","site-content-style":"default","site-sidebar-style":"default","ast-global-header-display":"","ast-banner-title-visibility":"","ast-main-header-display":"","ast-hfb-above-header-display":"","ast-hfb-below-header-display":"","ast-hfb-mobile-header-display":"","site-post-title":"","ast-breadcrumbs-content":"","ast-featured-img":"","footer-sml-layout":"","theme-transparent-header-meta":"default","adv-header-id-meta":"","stick-header-meta":"","header-above-stick-meta":"","header-main-stick-meta":"","header-below-stick-meta":"","astra-migrate-meta-layouts":"set","ast-page-background-enabled":"default","ast-page-background-meta":{"desktop":{"background-color":"","background-image":"","background-repeat":"repeat","background-position":"center center","background-size":"auto","background-attachment":"scroll","background-type":"","background-media":"","overlay-type":"","overlay-color":"","overlay-opacity":"","overlay-gradient":""},"tablet":{"background-color":"","background-image":"","background-repeat":"repeat","background-position":"center center","background-size":"auto","background-attachment":"scroll","background-type":"","background-media":"","overlay-type":"","overlay-color":"","overlay-opacity":"","overlay-gradient":""},"mobile":{"background-color":"","background-image":"","background-repeat":"repeat","background-position":"center center","background-size":"auto","background-attachment":"scroll","background-type":"","background-media":"","overlay-type":"","overlay-color":"","overlay-opacity":"","overlay-gradient":""}},"ast-content-background-meta":{"desktop":{"background-color":"var(--ast-global-color-5)","background-image":"","background-repeat":"repeat","background-position":"center center","background-size":"auto","background-attachment":"scroll","background-type":"","background-media":"","overlay-type":"","overlay-color":"","overlay-opacity":"","overlay-gradient":""},"tablet":{"background-color":"var(--ast-global-color-5)","background-image":"","background-repeat":"repeat","background-position":"center center","background-size":"auto","background-attachment":"scroll","background-type":"","background-media":"","overlay-type":"","overlay-color":"","overlay-opacity":"","overlay-gradient":""},"mobile":{"background-color":"var(--ast-global-color-5)","background-image":"","background-repeat":"repeat","background-position":"center center","background-size":"auto","background-attachment":"scroll","background-type":"","background-media":"","overlay-type":"","overlay-color":"","overlay-opacity":"","overlay-gradient":""}}},"product_cat":[198,125,122,191,42,265,175],"product_tag":[],"yoast_head":"<!-- This site is optimized with the Yoast SEO plugin v21.7 - https:\/\/yoast.com\/wordpress\/plugins\/seo\/ -->\n<title>LUNEX ULTRA CREAM \u2013 DEKOLOR U KREMI - Flash<\/title>\n<meta name=\"description\" content=\"Pakovanje: tuba od 300g *Cijena na upit | Samo za salonsku upotrebu\" \/>\n<meta name=\"robots\" content=\"index, follow, max-snippet:-1, max-image-preview:large, max-video-preview:-1\" \/>\n<link rel=\"canonical\" href=\"https:\/\/hairbeauty-pro.com\/?product=lunex-ultra-cream-dekolor-u-kremi\" \/>\n<meta property=\"og:locale\" content=\"bs_BA\" \/>\n<meta property=\"og:type\" content=\"article\" \/>\n<meta property=\"og:title\" content=\"LUNEX ULTRA CREAM \u2013 DEKOLOR U KREMI - Flash\" \/>\n<meta property=\"og:description\" content=\"Pakovanje: tuba od 300g *Cijena na upit | Samo za salonsku upotrebu\" \/>\n<meta property=\"og:url\" content=\"https:\/\/hairbeauty-pro.com\/?product=lunex-ultra-cream-dekolor-u-kremi\" \/>\n<meta property=\"og:site_name\" content=\"Flash\" \/>\n<meta property=\"article:modified_time\" content=\"2023-12-07T12:16:13+00:00\" \/>\n<meta property=\"og:image\" content=\"https:\/\/hairbeauty-pro.com\/wp-content\/uploads\/2023\/11\/Lunex-Ultra-Cream-300-g-Velian-1-scaled-1.jpg\" \/>\n\t<meta property=\"og:image:width\" content=\"1024\" \/>\n\t<meta property=\"og:image:height\" content=\"2560\" \/>\n\t<meta property=\"og:image:type\" content=\"image\/jpeg\" \/>\n<meta name=\"twitter:card\" content=\"summary_large_image\" \/>\n<meta name=\"twitter:label1\" content=\"Est. reading time\" \/>\n\t<meta name=\"twitter:data1\" content=\"2 minute\" \/>\n<script type=\"application\/ld+json\" class=\"yoast-schema-graph\">{\"@context\":\"https:\/\/schema.org\",\"@graph\":[{\"@type\":\"WebPage\",\"@id\":\"https:\/\/hairbeauty-pro.com\/?product=lunex-ultra-cream-dekolor-u-kremi\",\"url\":\"https:\/\/hairbeauty-pro.com\/?product=lunex-ultra-cream-dekolor-u-kremi\",\"name\":\"LUNEX ULTRA CREAM \u2013 DEKOLOR U KREMI - Flash\",\"isPartOf\":{\"@id\":\"https:\/\/hairbeauty-pro.com\/#website\"},\"datePublished\":\"2023-09-10T20:34:06+00:00\",\"dateModified\":\"2023-12-07T12:16:13+00:00\",\"description\":\"Pakovanje: tuba od 300g *Cijena na upit | Samo za salonsku upotrebu\",\"breadcrumb\":{\"@id\":\"https:\/\/hairbeauty-pro.com\/?product=lunex-ultra-cream-dekolor-u-kremi#breadcrumb\"},\"inLanguage\":\"bs-BA\",\"potentialAction\":[{\"@type\":\"ReadAction\",\"target\":[\"https:\/\/hairbeauty-pro.com\/?product=lunex-ultra-cream-dekolor-u-kremi\"]}]},{\"@type\":\"BreadcrumbList\",\"@id\":\"https:\/\/hairbeauty-pro.com\/?product=lunex-ultra-cream-dekolor-u-kremi#breadcrumb\",\"itemListElement\":[{\"@type\":\"ListItem\",\"position\":1,\"name\":\"Home\",\"item\":\"https:\/\/hairbeauty-pro.com\/\"},{\"@type\":\"ListItem\",\"position\":2,\"name\":\"Shop\",\"item\":\"https:\/\/hairbeauty-pro.com\/?page_id=11\"},{\"@type\":\"ListItem\",\"position\":3,\"name\":\"LUNEX ULTRA CREAM \u2013 DEKOLOR U KREMI\"}]},{\"@type\":\"WebSite\",\"@id\":\"https:\/\/hairbeauty-pro.com\/#website\",\"url\":\"https:\/\/hairbeauty-pro.com\/\",\"name\":\"Flash\",\"description\":\"Va\u0161a ultimativna destinacja za njegu kose\",\"publisher\":{\"@id\":\"https:\/\/hairbeauty-pro.com\/#organization\"},\"potentialAction\":[{\"@type\":\"SearchAction\",\"target\":{\"@type\":\"EntryPoint\",\"urlTemplate\":\"https:\/\/hairbeauty-pro.com\/?s={search_term_string}\"},\"query-input\":\"required name=search_term_string\"}],\"inLanguage\":\"bs-BA\"},{\"@type\":\"Organization\",\"@id\":\"https:\/\/hairbeauty-pro.com\/#organization\",\"name\":\"Flash\",\"url\":\"https:\/\/hairbeauty-pro.com\/\",\"logo\":{\"@type\":\"ImageObject\",\"inLanguage\":\"bs-BA\",\"@id\":\"https:\/\/hairbeauty-pro.com\/#\/schema\/logo\/image\/\",\"url\":\"https:\/\/hairbeauty-pro.com\/wp-content\/uploads\/2023\/07\/cropped-FLASH-LOGO-png.png\",\"contentUrl\":\"https:\/\/hairbeauty-pro.com\/wp-content\/uploads\/2023\/07\/cropped-FLASH-LOGO-png.png\",\"width\":1316,\"height\":521,\"caption\":\"Flash\"},\"image\":{\"@id\":\"https:\/\/hairbeauty-pro.com\/#\/schema\/logo\/image\/\"}}]}<\/script>\n<!-- \/ Yoast SEO plugin. -->","yoast_head_json":{"title":"LUNEX ULTRA CREAM \u2013 DEKOLOR U KREMI - Flash","description":"Pakovanje: tuba od 300g *Cijena na upit | Samo za salonsku upotrebu","robots":{"index":"index","follow":"follow","max-snippet":"max-snippet:-1","max-image-preview":"max-image-preview:large","max-video-preview":"max-video-preview:-1"},"canonical":"https:\/\/hairbeauty-pro.com\/?product=lunex-ultra-cream-dekolor-u-kremi","og_locale":"bs_BA","og_type":"article","og_title":"LUNEX ULTRA CREAM \u2013 DEKOLOR U KREMI - Flash","og_description":"Pakovanje: tuba od 300g *Cijena na upit | Samo za salonsku upotrebu","og_url":"https:\/\/hairbeauty-pro.com\/?product=lunex-ultra-cream-dekolor-u-kremi","og_site_name":"Flash","article_modified_time":"2023-12-07T12:16:13+00:00","og_image":[{"width":1024,"height":2560,"url":"https:\/\/hairbeauty-pro.com\/wp-content\/uploads\/2023\/11\/Lunex-Ultra-Cream-300-g-Velian-1-scaled-1.jpg","type":"image\/jpeg"}],"twitter_card":"summary_large_image","twitter_misc":{"Est. reading time":"2 minute"},"schema":{"@context":"https:\/\/schema.org","@graph":[{"@type":"WebPage","@id":"https:\/\/hairbeauty-pro.com\/?product=lunex-ultra-cream-dekolor-u-kremi","url":"https:\/\/hairbeauty-pro.com\/?product=lunex-ultra-cream-dekolor-u-kremi","name":"LUNEX ULTRA CREAM \u2013 DEKOLOR U KREMI - Flash","isPartOf":{"@id":"https:\/\/hairbeauty-pro.com\/#website"},"datePublished":"2023-09-10T20:34:06+00:00","dateModified":"2023-12-07T12:16:13+00:00","description":"Pakovanje: tuba od 300g *Cijena na upit | Samo za salonsku upotrebu","breadcrumb":{"@id":"https:\/\/hairbeauty-pro.com\/?product=lunex-ultra-cream-dekolor-u-kremi#breadcrumb"},"inLanguage":"bs-BA","potentialAction":[{"@type":"ReadAction","target":["https:\/\/hairbeauty-pro.com\/?product=lunex-ultra-cream-dekolor-u-kremi"]}]},{"@type":"BreadcrumbList","@id":"https:\/\/hairbeauty-pro.com\/?product=lunex-ultra-cream-dekolor-u-kremi#breadcrumb","itemListElement":[{"@type":"ListItem","position":1,"name":"Home","item":"https:\/\/hairbeauty-pro.com\/"},{"@type":"ListItem","position":2,"name":"Shop","item":"https:\/\/hairbeauty-pro.com\/?page_id=11"},{"@type":"ListItem","position":3,"name":"LUNEX ULTRA CREAM \u2013 DEKOLOR U KREMI"}]},{"@type":"WebSite","@id":"https:\/\/hairbeauty-pro.com\/#website","url":"https:\/\/hairbeauty-pro.com\/","name":"Flash","description":"Va\u0161a ultimativna destinacja za njegu kose","publisher":{"@id":"https:\/\/hairbeauty-pro.com\/#organization"},"potentialAction":[{"@type":"SearchAction","target":{"@type":"EntryPoint","urlTemplate":"https:\/\/hairbeauty-pro.com\/?s={search_term_string}"},"query-input":"required name=search_term_string"}],"inLanguage":"bs-BA"},{"@type":"Organization","@id":"https:\/\/hairbeauty-pro.com\/#organization","name":"Flash","url":"https:\/\/hairbeauty-pro.com\/","logo":{"@type":"ImageObject","inLanguage":"bs-BA","@id":"https:\/\/hairbeauty-pro.com\/#\/schema\/logo\/image\/","url":"https:\/\/hairbeauty-pro.com\/wp-content\/uploads\/2023\/07\/cropped-FLASH-LOGO-png.png","contentUrl":"https:\/\/hairbeauty-pro.com\/wp-content\/uploads\/2023\/07\/cropped-FLASH-LOGO-png.png","width":1316,"height":521,"caption":"Flash"},"image":{"@id":"https:\/\/hairbeauty-pro.com\/#\/schema\/logo\/image\/"}}]}},"_links":{"self":[{"href":"https:\/\/hairbeauty-pro.com\/index.php?rest_route=\/wp\/v2\/product\/3348"}],"collection":[{"href":"https:\/\/hairbeauty-pro.com\/index.php?rest_route=\/wp\/v2\/product"}],"about":[{"href":"https:\/\/hairbeauty-pro.com\/index.php?rest_route=\/wp\/v2\/types\/product"}],"replies":[{"embeddable":true,"href":"https:\/\/hairbeauty-pro.com\/index.php?rest_route=%2Fwp%2Fv2%2Fcomments&post=3348"}],"wp:featuredmedia":[{"embeddable":true,"href":"https:\/\/hairbeauty-pro.com\/index.php?rest_route=\/wp\/v2\/media\/5635"}],"wp:attachment":[{"href":"https:\/\/hairbeauty-pro.com\/index.php?rest_route=%2Fwp%2Fv2%2Fmedia&parent=3348"}],"wp:term":[{"taxonomy":"product_cat","embeddable":true,"href":"https:\/\/hairbeauty-pro.com\/index.php?rest_route=%2Fwp%2Fv2%2Fproduct_cat&post=3348"},{"taxonomy":"product_tag","embeddable":true,"href":"https:\/\/hairbeauty-pro.com\/index.php?rest_route=%2Fwp%2Fv2%2Fproduct_tag&post=3348"}],"curies":[{"name":"wp","href":"https:\/\/api.w.org\/{rel}","templated":true}]}}