{"id":3346,"date":"2023-09-10T20:27:27","date_gmt":"2023-09-10T20:27:27","guid":{"rendered":"https:\/\/hairbeauty-pro.com\/?post_type=product&#038;p=3346"},"modified":"2023-12-07T12:16:07","modified_gmt":"2023-12-07T12:16:07","slug":"lunex-restore","status":"publish","type":"product","link":"https:\/\/hairbeauty-pro.com\/?product=lunex-restore","title":{"rendered":"LUNEX RESTORE"},"content":{"rendered":"<p style=\"font-weight: 400;\">\u0160ta je:<\/p>\n<p style=\"font-weight: 400;\">Dodatak za izbjeljivanje u obliku micelarnog rastvora\u00a0 sa funkcijom obnavljanja i za\u0161tite kose. Posebno je osmi\u0161ljen kako bi djelovao u sinergiji sa proizvodima iz Lunex Sistema za dekoloriranje. Dodavanje Lunex Restore proizvoda u mje\u0161avinu dekoloranta poma\u017ee u za\u0161titi kose i o\u010duvanju kompaktnosti kapilarnih vlakana dlake tokom dekoloracije. Na taj na\u010din kosu \u010dini ja\u010dom i otpornijom na lomljenje i o\u0161te\u0107enje, te joj pru\u017ea ve\u0107i sjaj i njegu. Ne uti\u010de na snagu posvjetljivanja smjese u koju se dodaje.<\/p>\n<p style=\"font-weight: 400;\">Karakteristike:<\/p>\n<ul>\n<li style=\"font-weight: 400;\">JEDNOSTAVNO I BRZO MIJE\u0160ANJE<\/li>\n<li style=\"font-weight: 400;\"><span style=\"font-size: 16px;\">VE\u0106A HOMOGENOST TEKSTURE I U\u010cINKOVITIJE DJELOVANJE MJE\u0160AVINE<\/span><\/li>\n<li style=\"font-weight: 400;\"><span style=\"font-size: 16px;\">MAKSIMALNA ZA\u0160TITA KOSE TOKOM DEKOLORIRANJA<\/span><\/li>\n<li style=\"font-weight: 400;\"><span style=\"font-size: 16px;\">NE MIJENJA MO\u0106 POSVJETLJIVANJA, NITI VRIJEME DR\u017dANJA DEKOLORANTA<\/span><\/li>\n<li style=\"font-weight: 400;\"><span style=\"font-size: 16px;\">EKSTREMNA POSVJETLJIVANJA UZ MAKSIMALNU ZA\u0160TITU I LJEPOTU KOSE<\/span><\/li>\n<li style=\"font-weight: 400;\"><span style=\"font-size: 16px;\">RESTRUKTURIRANJE KOSE KOJE JU \u010cINI MEK\u0160OM, SJAJNIJOM I PUNIJOM, SNA\u017dNIJOM, TE OTPORNIJOM NA LOMLJENJE<\/span><\/li>\n<li style=\"font-weight: 400;\"><span style=\"font-size: 16px;\">UJEDNA\u010cENOST POSVJETLJIVANJA<\/span><\/li>\n<li style=\"font-weight: 400;\"><span style=\"font-size: 16px;\">UPOTREBA UZ SVE VRSTE DEKOLORANTA (U PRAHU ILI U KREMI)<\/span><\/li>\n<li style=\"font-weight: 400;\"><span style=\"font-size: 16px;\">UPOTREBA UZ SVE TEHNIKE POSVJETLJIVANJA<\/span><\/li>\n<li><span style=\"font-size: 16px;\">KLJU\u010cNI SASTOJCI<\/span><\/li>\n<\/ul>\n<p style=\"font-weight: 400;\">Bond Creator Complex<\/p>\n<p style=\"font-weight: 400;\">Ekskluzivni Bond Creator Complex (BCC) je kompleks molekula prisutnih u prirodi koji obnavljaju disulfidne veze unutar kose. Njegova funkcija obnavljanja i za\u0161tite kose tokom procesa posvjetljavanja kose smanjuje nuspojave dekolorisanja.<\/p>\n<p style=\"font-weight: 400;\">Interni testovi koje su sprovele istra\u017eiva\u010dke i razvojne Kemon laboratorije\u00a0 pokazali su da kada je usluga izbjeljivanja obavljena uz Lunex Restore smanjuje lomljenje kose 50 puta u odnosu na uobi\u010dajene usluge izbjeljivanja uklanjanje boje* .<\/p>\n<p style=\"font-weight: 400;\">UPOTEBA I USLUGE:<\/p>\n<p style=\"font-weight: 400;\">Mije\u0161anje:<\/p>\n<p style=\"font-weight: 400;\">Odvrnite poklopac bo\u010dice Lunex Restore i uvrnite dozator. Provjerite da li je dobro zavrnut u bo\u010dicu. Stisnite bocu da biste napunili ure\u0111aj za doziranje potrebnom koli\u010dinom Lunex Restore. Koli\u010dina Lunex Restore izra\u010dunava se na osnovu koli\u010dine sredstva za uklanjanje boje i bez obzira na koli\u010dinu smjese.<\/p>\n<p style=\"font-weight: 400;\">Slijedite upute ispod da biste izra\u010dunali ta\u010dan iznos Lunex Restor-a na temelju kori\u0161tenog proizvoda:<\/p>\n<p style=\"font-weight: 400;\">TIP DEKOLORA<\/p>\n<p style=\"font-weight: 400;\"><em>PUDER<\/em><\/p>\n<p style=\"font-weight: 400;\">Lunex Decap Super<\/p>\n<p style=\"font-weight: 400;\"><span style=\"font-weight: 400;\">Lunex Ultra puder<\/span><\/p>\n<p style=\"font-weight: 400;\">KOLI\u010cINA DEKOLORA: 20 g<\/p>\n<p style=\"font-weight: 400;\">KOLI\u010cINA LUNEX RESTORE: 5 ml<\/p>\n<p style=\"font-weight: 400;\"><em>PASTA<\/em><\/p>\n<p style=\"font-weight: 400;\">Lunex Ultra Cream<\/p>\n<p style=\"font-weight: 400;\">KOLI\u010cINA DEKOLORA: 40 g<\/p>\n<p style=\"font-weight: 400;\">KOLI\u010cINA LUNEX RESTORE: 5 ml<\/p>\n<p style=\"font-weight: 400;\">\n","protected":false},"excerpt":{"rendered":"<p>Pakovanje: bo\u010dica od 500 ml sa graduiranim dozatorom<\/p>\n<p>*Cijena na upit | Samo za salonsku upotrebu<\/p>\n","protected":false},"featured_media":5634,"comment_status":"open","ping_status":"closed","template":"","meta":{"site-sidebar-layout":"default","site-content-layout":"","ast-site-content-layout":"default","site-content-style":"default","site-sidebar-style":"default","ast-global-header-display":"","ast-banner-title-visibility":"","ast-main-header-display":"","ast-hfb-above-header-display":"","ast-hfb-below-header-display":"","ast-hfb-mobile-header-display":"","site-post-title":"","ast-breadcrumbs-content":"","ast-featured-img":"","footer-sml-layout":"","theme-transparent-header-meta":"default","adv-header-id-meta":"","stick-header-meta":"","header-above-stick-meta":"","header-main-stick-meta":"","header-below-stick-meta":"","astra-migrate-meta-layouts":"set","ast-page-background-enabled":"default","ast-page-background-meta":{"desktop":{"background-color":"","background-image":"","background-repeat":"repeat","background-position":"center center","background-size":"auto","background-attachment":"scroll","background-type":"","background-media":"","overlay-type":"","overlay-color":"","overlay-opacity":"","overlay-gradient":""},"tablet":{"background-color":"","background-image":"","background-repeat":"repeat","background-position":"center center","background-size":"auto","background-attachment":"scroll","background-type":"","background-media":"","overlay-type":"","overlay-color":"","overlay-opacity":"","overlay-gradient":""},"mobile":{"background-color":"","background-image":"","background-repeat":"repeat","background-position":"center center","background-size":"auto","background-attachment":"scroll","background-type":"","background-media":"","overlay-type":"","overlay-color":"","overlay-opacity":"","overlay-gradient":""}},"ast-content-background-meta":{"desktop":{"background-color":"var(--ast-global-color-5)","background-image":"","background-repeat":"repeat","background-position":"center center","background-size":"auto","background-attachment":"scroll","background-type":"","background-media":"","overlay-type":"","overlay-color":"","overlay-opacity":"","overlay-gradient":""},"tablet":{"background-color":"var(--ast-global-color-5)","background-image":"","background-repeat":"repeat","background-position":"center center","background-size":"auto","background-attachment":"scroll","background-type":"","background-media":"","overlay-type":"","overlay-color":"","overlay-opacity":"","overlay-gradient":""},"mobile":{"background-color":"var(--ast-global-color-5)","background-image":"","background-repeat":"repeat","background-position":"center center","background-size":"auto","background-attachment":"scroll","background-type":"","background-media":"","overlay-type":"","overlay-color":"","overlay-opacity":"","overlay-gradient":""}}},"product_cat":[198,125,191,122,42,265],"product_tag":[],"yoast_head":"<!-- This site is optimized with the Yoast SEO plugin v21.7 - https:\/\/yoast.com\/wordpress\/plugins\/seo\/ -->\n<title>LUNEX RESTORE - Flash<\/title>\n<meta name=\"description\" content=\"Pakovanje: bo\u010dica od 500 ml sa graduiranim dozatorom  *Cijena na upit | Samo za salonsku upotrebu\" \/>\n<meta name=\"robots\" content=\"index, follow, max-snippet:-1, max-image-preview:large, max-video-preview:-1\" \/>\n<link rel=\"canonical\" href=\"https:\/\/hairbeauty-pro.com\/?product=lunex-restore\" \/>\n<meta property=\"og:locale\" content=\"bs_BA\" \/>\n<meta property=\"og:type\" content=\"article\" \/>\n<meta property=\"og:title\" content=\"LUNEX RESTORE - Flash\" \/>\n<meta property=\"og:description\" content=\"Pakovanje: bo\u010dica od 500 ml sa graduiranim dozatorom  *Cijena na upit | Samo za salonsku upotrebu\" \/>\n<meta property=\"og:url\" content=\"https:\/\/hairbeauty-pro.com\/?product=lunex-restore\" \/>\n<meta property=\"og:site_name\" content=\"Flash\" \/>\n<meta property=\"article:modified_time\" content=\"2023-12-07T12:16:07+00:00\" \/>\n<meta property=\"og:image\" content=\"https:\/\/hairbeauty-pro.com\/wp-content\/uploads\/2023\/11\/Lunex-Restore-con-dosatore-500-ml-Velian-1-scaled-1.jpg\" \/>\n\t<meta property=\"og:image:width\" content=\"1280\" \/>\n\t<meta property=\"og:image:height\" content=\"2560\" \/>\n\t<meta property=\"og:image:type\" content=\"image\/jpeg\" \/>\n<meta name=\"twitter:card\" content=\"summary_large_image\" \/>\n<meta name=\"twitter:label1\" content=\"Est. reading time\" \/>\n\t<meta name=\"twitter:data1\" content=\"2 minute\" \/>\n<script type=\"application\/ld+json\" class=\"yoast-schema-graph\">{\"@context\":\"https:\/\/schema.org\",\"@graph\":[{\"@type\":\"WebPage\",\"@id\":\"https:\/\/hairbeauty-pro.com\/?product=lunex-restore\",\"url\":\"https:\/\/hairbeauty-pro.com\/?product=lunex-restore\",\"name\":\"LUNEX RESTORE - Flash\",\"isPartOf\":{\"@id\":\"https:\/\/hairbeauty-pro.com\/#website\"},\"datePublished\":\"2023-09-10T20:27:27+00:00\",\"dateModified\":\"2023-12-07T12:16:07+00:00\",\"description\":\"Pakovanje: bo\u010dica od 500 ml sa graduiranim dozatorom *Cijena na upit | Samo za salonsku upotrebu\",\"breadcrumb\":{\"@id\":\"https:\/\/hairbeauty-pro.com\/?product=lunex-restore#breadcrumb\"},\"inLanguage\":\"bs-BA\",\"potentialAction\":[{\"@type\":\"ReadAction\",\"target\":[\"https:\/\/hairbeauty-pro.com\/?product=lunex-restore\"]}]},{\"@type\":\"BreadcrumbList\",\"@id\":\"https:\/\/hairbeauty-pro.com\/?product=lunex-restore#breadcrumb\",\"itemListElement\":[{\"@type\":\"ListItem\",\"position\":1,\"name\":\"Home\",\"item\":\"https:\/\/hairbeauty-pro.com\/\"},{\"@type\":\"ListItem\",\"position\":2,\"name\":\"Shop\",\"item\":\"https:\/\/hairbeauty-pro.com\/?page_id=11\"},{\"@type\":\"ListItem\",\"position\":3,\"name\":\"LUNEX RESTORE\"}]},{\"@type\":\"WebSite\",\"@id\":\"https:\/\/hairbeauty-pro.com\/#website\",\"url\":\"https:\/\/hairbeauty-pro.com\/\",\"name\":\"Flash\",\"description\":\"Va\u0161a ultimativna destinacja za njegu kose\",\"publisher\":{\"@id\":\"https:\/\/hairbeauty-pro.com\/#organization\"},\"potentialAction\":[{\"@type\":\"SearchAction\",\"target\":{\"@type\":\"EntryPoint\",\"urlTemplate\":\"https:\/\/hairbeauty-pro.com\/?s={search_term_string}\"},\"query-input\":\"required name=search_term_string\"}],\"inLanguage\":\"bs-BA\"},{\"@type\":\"Organization\",\"@id\":\"https:\/\/hairbeauty-pro.com\/#organization\",\"name\":\"Flash\",\"url\":\"https:\/\/hairbeauty-pro.com\/\",\"logo\":{\"@type\":\"ImageObject\",\"inLanguage\":\"bs-BA\",\"@id\":\"https:\/\/hairbeauty-pro.com\/#\/schema\/logo\/image\/\",\"url\":\"https:\/\/hairbeauty-pro.com\/wp-content\/uploads\/2023\/07\/cropped-FLASH-LOGO-png.png\",\"contentUrl\":\"https:\/\/hairbeauty-pro.com\/wp-content\/uploads\/2023\/07\/cropped-FLASH-LOGO-png.png\",\"width\":1316,\"height\":521,\"caption\":\"Flash\"},\"image\":{\"@id\":\"https:\/\/hairbeauty-pro.com\/#\/schema\/logo\/image\/\"}}]}<\/script>\n<!-- \/ Yoast SEO plugin. -->","yoast_head_json":{"title":"LUNEX RESTORE - Flash","description":"Pakovanje: bo\u010dica od 500 ml sa graduiranim dozatorom  *Cijena na upit | Samo za salonsku upotrebu","robots":{"index":"index","follow":"follow","max-snippet":"max-snippet:-1","max-image-preview":"max-image-preview:large","max-video-preview":"max-video-preview:-1"},"canonical":"https:\/\/hairbeauty-pro.com\/?product=lunex-restore","og_locale":"bs_BA","og_type":"article","og_title":"LUNEX RESTORE - Flash","og_description":"Pakovanje: bo\u010dica od 500 ml sa graduiranim dozatorom  *Cijena na upit | Samo za salonsku upotrebu","og_url":"https:\/\/hairbeauty-pro.com\/?product=lunex-restore","og_site_name":"Flash","article_modified_time":"2023-12-07T12:16:07+00:00","og_image":[{"width":1280,"height":2560,"url":"https:\/\/hairbeauty-pro.com\/wp-content\/uploads\/2023\/11\/Lunex-Restore-con-dosatore-500-ml-Velian-1-scaled-1.jpg","type":"image\/jpeg"}],"twitter_card":"summary_large_image","twitter_misc":{"Est. reading time":"2 minute"},"schema":{"@context":"https:\/\/schema.org","@graph":[{"@type":"WebPage","@id":"https:\/\/hairbeauty-pro.com\/?product=lunex-restore","url":"https:\/\/hairbeauty-pro.com\/?product=lunex-restore","name":"LUNEX RESTORE - Flash","isPartOf":{"@id":"https:\/\/hairbeauty-pro.com\/#website"},"datePublished":"2023-09-10T20:27:27+00:00","dateModified":"2023-12-07T12:16:07+00:00","description":"Pakovanje: bo\u010dica od 500 ml sa graduiranim dozatorom *Cijena na upit | Samo za salonsku upotrebu","breadcrumb":{"@id":"https:\/\/hairbeauty-pro.com\/?product=lunex-restore#breadcrumb"},"inLanguage":"bs-BA","potentialAction":[{"@type":"ReadAction","target":["https:\/\/hairbeauty-pro.com\/?product=lunex-restore"]}]},{"@type":"BreadcrumbList","@id":"https:\/\/hairbeauty-pro.com\/?product=lunex-restore#breadcrumb","itemListElement":[{"@type":"ListItem","position":1,"name":"Home","item":"https:\/\/hairbeauty-pro.com\/"},{"@type":"ListItem","position":2,"name":"Shop","item":"https:\/\/hairbeauty-pro.com\/?page_id=11"},{"@type":"ListItem","position":3,"name":"LUNEX RESTORE"}]},{"@type":"WebSite","@id":"https:\/\/hairbeauty-pro.com\/#website","url":"https:\/\/hairbeauty-pro.com\/","name":"Flash","description":"Va\u0161a ultimativna destinacja za njegu kose","publisher":{"@id":"https:\/\/hairbeauty-pro.com\/#organization"},"potentialAction":[{"@type":"SearchAction","target":{"@type":"EntryPoint","urlTemplate":"https:\/\/hairbeauty-pro.com\/?s={search_term_string}"},"query-input":"required name=search_term_string"}],"inLanguage":"bs-BA"},{"@type":"Organization","@id":"https:\/\/hairbeauty-pro.com\/#organization","name":"Flash","url":"https:\/\/hairbeauty-pro.com\/","logo":{"@type":"ImageObject","inLanguage":"bs-BA","@id":"https:\/\/hairbeauty-pro.com\/#\/schema\/logo\/image\/","url":"https:\/\/hairbeauty-pro.com\/wp-content\/uploads\/2023\/07\/cropped-FLASH-LOGO-png.png","contentUrl":"https:\/\/hairbeauty-pro.com\/wp-content\/uploads\/2023\/07\/cropped-FLASH-LOGO-png.png","width":1316,"height":521,"caption":"Flash"},"image":{"@id":"https:\/\/hairbeauty-pro.com\/#\/schema\/logo\/image\/"}}]}},"_links":{"self":[{"href":"https:\/\/hairbeauty-pro.com\/index.php?rest_route=\/wp\/v2\/product\/3346"}],"collection":[{"href":"https:\/\/hairbeauty-pro.com\/index.php?rest_route=\/wp\/v2\/product"}],"about":[{"href":"https:\/\/hairbeauty-pro.com\/index.php?rest_route=\/wp\/v2\/types\/product"}],"replies":[{"embeddable":true,"href":"https:\/\/hairbeauty-pro.com\/index.php?rest_route=%2Fwp%2Fv2%2Fcomments&post=3346"}],"wp:featuredmedia":[{"embeddable":true,"href":"https:\/\/hairbeauty-pro.com\/index.php?rest_route=\/wp\/v2\/media\/5634"}],"wp:attachment":[{"href":"https:\/\/hairbeauty-pro.com\/index.php?rest_route=%2Fwp%2Fv2%2Fmedia&parent=3346"}],"wp:term":[{"taxonomy":"product_cat","embeddable":true,"href":"https:\/\/hairbeauty-pro.com\/index.php?rest_route=%2Fwp%2Fv2%2Fproduct_cat&post=3346"},{"taxonomy":"product_tag","embeddable":true,"href":"https:\/\/hairbeauty-pro.com\/index.php?rest_route=%2Fwp%2Fv2%2Fproduct_tag&post=3346"}],"curies":[{"name":"wp","href":"https:\/\/api.w.org\/{rel}","templated":true}]}}