{"id":3344,"date":"2023-09-07T18:49:54","date_gmt":"2023-09-07T18:49:54","guid":{"rendered":"https:\/\/hairbeauty-pro.com\/?post_type=product&#038;p=3344"},"modified":"2023-12-07T12:16:02","modified_gmt":"2023-12-07T12:16:02","slug":"lunex-light-dekolor-u-gelu","status":"publish","type":"product","link":"https:\/\/hairbeauty-pro.com\/?product=lunex-light-dekolor-u-gelu","title":{"rendered":"LUNEX LIGHT DEKOLOR U GELU"},"content":{"rendered":"<p style=\"font-weight: 400;\">\u0160TA JE<\/p>\n<p style=\"font-weight: 400;\">Kozmeti\u010dki tretman za posvjetljivanje u obliku gela koji omogu\u0107ava lagano<\/p>\n<p style=\"font-weight: 400;\">posvjetljivanje do dva tona, igranje svjetlom i prirodni efekat.<\/p>\n<p style=\"font-weight: 400;\">Tako\u0111e omogu\u0107ava lagano posvjetljivanje prezasi\u0107ene kozmeti\u010dke boje,<\/p>\n<p style=\"font-weight: 400;\">isti\u010du\u017ei intenzivnost originalnog refleksa.<\/p>\n<p style=\"font-weight: 400;\">Karakteristike:<\/p>\n<ul>\n<li style=\"font-weight: 400;\">BRZO I JEDNOSTAVNO MIJE\u0160ANJE<\/li>\n<li style=\"font-weight: 400;\"><span style=\"font-size: 16px;\">NIJE PREPREKA ZA NAKNADNI KOLOR<\/span><\/li>\n<li style=\"font-weight: 400;\"><span style=\"font-size: 16px;\">NANO\u0160ENJE NA PRIRODNU ILI OBEJANU KOSU<\/span><\/li>\n<li style=\"font-weight: 400;\"><span style=\"font-size: 16px;\">PROGRESIVNO I AUTOBLOKIRAJU\u0106E POSVJETLJIVANJE<\/span><\/li>\n<li style=\"font-weight: 400;\"><span style=\"font-size: 16px;\">UKLANJA PRIJELAZE I VRA\u0106A UNIFORMNOST BOJI<\/span><\/li>\n<li style=\"font-weight: 400;\"><span style=\"font-size: 16px;\">LAGANO POSVJETLJUJE PREZASI\u0106ENOST KOZMETI\u010cKE BOJE PO DU\u017dINI I\u00a0<\/span><span style=\"font-size: 16px;\">VRHOVIMA<\/span><\/li>\n<li style=\"font-weight: 400;\"><span style=\"font-size: 16px;\">KOSA JE SJAJNA, MEKANA I LAKO SE RA\u0160\u010cE\u0160LJAVA<\/span><\/li>\n<\/ul>\n<p style=\"font-weight: 400;\">Mije\u0161anje:<\/p>\n<p style=\"font-weight: 400;\">Lunex Light se priprema mije\u0161anjem:<\/p>\n<p style=\"font-weight: 400;\">1 : 2 (u ml) Lunex Light 1 s Lunex Light 2, dok smjesa ne postane homogena.<\/p>\n<p style=\"font-weight: 400;\">Nakon toga se nastavlja s nano\u0161enjem proizvoda shodno odabranoj tehnici.<\/p>\n<p style=\"font-weight: 400;\">Posvjetljivanje i vrijeme dr\u017eanja<\/p>\n<p style=\"font-weight: 400;\">Posvjetljivanje na prirodnoj bazi<\/p>\n<p style=\"font-weight: 400;\">Kako biste posvjetlili prirodnu bazu za jedan ton vrijeme dr\u017eanja je 10 minuta;\u00a0za posvijetljivanje 2 tona, vrijeme dr\u017eanja je 20 minuta.<\/p>\n<p style=\"font-weight: 400;\">Posvjetljivanje na bojenoj bazi:<\/p>\n<p style=\"font-weight: 400;\">Kako biste posvjetlili 0,5 tona kolorisanu bazu, vrijeme dr\u017eanja je 10 minuta; za\u00a0posvijetljivanje 1 tona, vrijeme dr\u017eanja je 20 minuta.<\/p>\n<p style=\"font-weight: 400;\">Za udvostru\u010denje mo\u0107i posvjetljivanja na prirodnoj bazi do 4 tona i na obojenoj\u00a0bazi do 2 tona: pomije\u0161ati 1 : 2 Lunex Light 1 s Lunex Light 2, dodaju\u0107i 10g.<\/p>\n<p style=\"font-weight: 400;\">Lunex Decap Super na svakih 90 ml smjese. Vrijeme dr\u017eanja je 20 minuta.<\/p>\n<p style=\"font-weight: 400;\">Posvjetljivanje na kolorisanoj bazi mo\u017ee biti ograni\u010deno zavisno od vrste refleksa i\u00a0apliciranom kolorantu.<\/p>\n<p style=\"font-weight: 400;\">Za trodimenzionalni balayage efekt:<\/p>\n<p style=\"font-weight: 400;\">Izraditi pramenove sa proizvodom i odabranom metodom (npr. aluminijske folije\u00a0ili Sticky Meches). Po isteku vremena dr\u017eanja kosu temeljno isprati i prosu\u0161iti\u00a0pe\u0161kirom. Nanijeti mje\u0161avinu Lunex Light po cijeloj glavi direktno na glavoperu.<\/p>\n<p style=\"font-weight: 400;\">Pustiti da odstoji 5 do 20 minuta, zavisno o \u017eeljenom nivou posvjetljivanju. Temeljno\u00a0isprati kosu, jednom na\u0161amponirati i nastaviti sa feniranjem.<\/p>\n<p style=\"font-weight: 400;\">Kao priprema za prvo posvjetljivanje kose ili kolor nijansama za super\u00a0posvjetljivanje:<\/p>\n<p style=\"font-weight: 400;\">Nanijeti proizvod na du\u017einu i vrhove kose. Dr\u017eati 20 minuta. Ukloniti vi\u0161ak<\/p>\n<p style=\"font-weight: 400;\">proizvoda \u010de\u0161ljem uskih zubaca. Nanijeti boju ili nijanse za super posvjetljivanje\u00a0na korijen, du\u017einu i vrhove. Dr\u017eati shodno preporu\u010denom vremenu i nastaviti sa\u00a0ispiranjem . Ostavite da djeluje preporu\u010deno vrijeme, a zatim isperite.<\/p>\n<p style=\"font-weight: 400;\">Prije bojenja za uklanjanje mrlja i demarkacijskih linija<\/p>\n<p style=\"font-weight: 400;\">Nanijeti mje\u0161avinu na osu\u0161enu kosu, na zone na kojima postoje mrlje, crte ili\u00a0prezasi\u0107en o s t bojom.<\/p>\n<p style=\"font-weight: 400;\">Dr\u017eati 15 do 20 minuta.<\/p>\n<p style=\"font-weight: 400;\">Ukloniti vi\u0161ak proizvoda \u010de\u0161ljem uskih zubaca. Bez ispiranja nastaviti sa<\/p>\n<p style=\"font-weight: 400;\">nano\u0161enjem odabrane boje, skladno uobi\u010dajenoj temperaturi i preporu\u010denom\u00a0vremenu dr\u017eanja.<\/p>\n<p style=\"font-weight: 400;\">Za nagla\u0161avanje sjaja i refleksa toplih boja (crvenih, bakarnih, zlatnih)<\/p>\n<p style=\"font-weight: 400;\">Nanijeti mje\u0161avinu na osu\u0161enu kosu ravnomjerno cijelom du\u017einom.<\/p>\n<p style=\"font-weight: 400;\">Dr\u017eati 15 do 20 minuta.<\/p>\n<p style=\"font-weight: 400;\">Nje\u017eno umasirati. Ukloniti vi\u0161ak proizvoda \u010de\u0161ljem uskih zubac a. Bez ispiranja\u00a0nastaviti sa nano\u0161enjem odabrane boje, skladno uobi\u010dajenoj temperaturi i\u00a0preporu\u010denom vremenu dr\u017eanja.<\/p>\n","protected":false},"excerpt":{"rendered":"<p style=\"font-weight: 400;\">Pakovanje:<\/p>\n<p style=\"font-weight: 400;\"><span style=\"font-weight: 400;\">Lunex Light 1 kozmeti\u010dki tretman za posvjetljivanje<\/span><\/p>\n<p>*Cijena na upit | Samo za salonsku upotrebu<\/p>\n","protected":false},"featured_media":5633,"comment_status":"open","ping_status":"closed","template":"","meta":{"site-sidebar-layout":"default","site-content-layout":"","ast-site-content-layout":"default","site-content-style":"default","site-sidebar-style":"default","ast-global-header-display":"","ast-banner-title-visibility":"","ast-main-header-display":"","ast-hfb-above-header-display":"","ast-hfb-below-header-display":"","ast-hfb-mobile-header-display":"","site-post-title":"","ast-breadcrumbs-content":"","ast-featured-img":"","footer-sml-layout":"","theme-transparent-header-meta":"default","adv-header-id-meta":"","stick-header-meta":"","header-above-stick-meta":"","header-main-stick-meta":"","header-below-stick-meta":"","astra-migrate-meta-layouts":"set","ast-page-background-enabled":"default","ast-page-background-meta":{"desktop":{"background-color":"","background-image":"","background-repeat":"repeat","background-position":"center center","background-size":"auto","background-attachment":"scroll","background-type":"","background-media":"","overlay-type":"","overlay-color":"","overlay-opacity":"","overlay-gradient":""},"tablet":{"background-color":"","background-image":"","background-repeat":"repeat","background-position":"center center","background-size":"auto","background-attachment":"scroll","background-type":"","background-media":"","overlay-type":"","overlay-color":"","overlay-opacity":"","overlay-gradient":""},"mobile":{"background-color":"","background-image":"","background-repeat":"repeat","background-position":"center center","background-size":"auto","background-attachment":"scroll","background-type":"","background-media":"","overlay-type":"","overlay-color":"","overlay-opacity":"","overlay-gradient":""}},"ast-content-background-meta":{"desktop":{"background-color":"var(--ast-global-color-5)","background-image":"","background-repeat":"repeat","background-position":"center center","background-size":"auto","background-attachment":"scroll","background-type":"","background-media":"","overlay-type":"","overlay-color":"","overlay-opacity":"","overlay-gradient":""},"tablet":{"background-color":"var(--ast-global-color-5)","background-image":"","background-repeat":"repeat","background-position":"center center","background-size":"auto","background-attachment":"scroll","background-type":"","background-media":"","overlay-type":"","overlay-color":"","overlay-opacity":"","overlay-gradient":""},"mobile":{"background-color":"var(--ast-global-color-5)","background-image":"","background-repeat":"repeat","background-position":"center center","background-size":"auto","background-attachment":"scroll","background-type":"","background-media":"","overlay-type":"","overlay-color":"","overlay-opacity":"","overlay-gradient":""}}},"product_cat":[125,191,122,42,265],"product_tag":[],"yoast_head":"<!-- This site is optimized with the Yoast SEO plugin v21.7 - https:\/\/yoast.com\/wordpress\/plugins\/seo\/ -->\n<title>LUNEX LIGHT DEKOLOR U GELU - Flash<\/title>\n<meta name=\"description\" content=\"Pakovanje: Lunex Light 1 kozmeti\u010dki tretman za posvjetljivanje *Cijena na upit | Samo za salonsku upotrebu\" \/>\n<meta name=\"robots\" content=\"index, follow, max-snippet:-1, max-image-preview:large, max-video-preview:-1\" \/>\n<link rel=\"canonical\" href=\"https:\/\/hairbeauty-pro.com\/?product=lunex-light-dekolor-u-gelu\" \/>\n<meta property=\"og:locale\" content=\"bs_BA\" \/>\n<meta property=\"og:type\" content=\"article\" \/>\n<meta property=\"og:title\" content=\"LUNEX LIGHT DEKOLOR U GELU - Flash\" \/>\n<meta property=\"og:description\" content=\"Pakovanje: Lunex Light 1 kozmeti\u010dki tretman za posvjetljivanje *Cijena na upit | Samo za salonsku upotrebu\" \/>\n<meta property=\"og:url\" content=\"https:\/\/hairbeauty-pro.com\/?product=lunex-light-dekolor-u-gelu\" \/>\n<meta property=\"og:site_name\" content=\"Flash\" \/>\n<meta property=\"article:modified_time\" content=\"2023-12-07T12:16:02+00:00\" \/>\n<meta property=\"og:image\" content=\"https:\/\/hairbeauty-pro.com\/wp-content\/uploads\/2023\/11\/Lunex-Light-scatola-Velian-1-scaled-1.jpg\" \/>\n\t<meta property=\"og:image:width\" content=\"1536\" \/>\n\t<meta property=\"og:image:height\" content=\"2560\" \/>\n\t<meta property=\"og:image:type\" content=\"image\/jpeg\" \/>\n<meta name=\"twitter:card\" content=\"summary_large_image\" \/>\n<meta name=\"twitter:label1\" content=\"Est. reading time\" \/>\n\t<meta name=\"twitter:data1\" content=\"2 minute\" \/>\n<script type=\"application\/ld+json\" class=\"yoast-schema-graph\">{\"@context\":\"https:\/\/schema.org\",\"@graph\":[{\"@type\":\"WebPage\",\"@id\":\"https:\/\/hairbeauty-pro.com\/?product=lunex-light-dekolor-u-gelu\",\"url\":\"https:\/\/hairbeauty-pro.com\/?product=lunex-light-dekolor-u-gelu\",\"name\":\"LUNEX LIGHT DEKOLOR U GELU - Flash\",\"isPartOf\":{\"@id\":\"https:\/\/hairbeauty-pro.com\/#website\"},\"datePublished\":\"2023-09-07T18:49:54+00:00\",\"dateModified\":\"2023-12-07T12:16:02+00:00\",\"description\":\"Pakovanje: Lunex Light 1 kozmeti\u010dki tretman za posvjetljivanje *Cijena na upit | Samo za salonsku upotrebu\",\"breadcrumb\":{\"@id\":\"https:\/\/hairbeauty-pro.com\/?product=lunex-light-dekolor-u-gelu#breadcrumb\"},\"inLanguage\":\"bs-BA\",\"potentialAction\":[{\"@type\":\"ReadAction\",\"target\":[\"https:\/\/hairbeauty-pro.com\/?product=lunex-light-dekolor-u-gelu\"]}]},{\"@type\":\"BreadcrumbList\",\"@id\":\"https:\/\/hairbeauty-pro.com\/?product=lunex-light-dekolor-u-gelu#breadcrumb\",\"itemListElement\":[{\"@type\":\"ListItem\",\"position\":1,\"name\":\"Home\",\"item\":\"https:\/\/hairbeauty-pro.com\/\"},{\"@type\":\"ListItem\",\"position\":2,\"name\":\"Shop\",\"item\":\"https:\/\/hairbeauty-pro.com\/?page_id=11\"},{\"@type\":\"ListItem\",\"position\":3,\"name\":\"LUNEX LIGHT DEKOLOR U GELU\"}]},{\"@type\":\"WebSite\",\"@id\":\"https:\/\/hairbeauty-pro.com\/#website\",\"url\":\"https:\/\/hairbeauty-pro.com\/\",\"name\":\"Flash\",\"description\":\"Va\u0161a ultimativna destinacja za njegu kose\",\"publisher\":{\"@id\":\"https:\/\/hairbeauty-pro.com\/#organization\"},\"potentialAction\":[{\"@type\":\"SearchAction\",\"target\":{\"@type\":\"EntryPoint\",\"urlTemplate\":\"https:\/\/hairbeauty-pro.com\/?s={search_term_string}\"},\"query-input\":\"required name=search_term_string\"}],\"inLanguage\":\"bs-BA\"},{\"@type\":\"Organization\",\"@id\":\"https:\/\/hairbeauty-pro.com\/#organization\",\"name\":\"Flash\",\"url\":\"https:\/\/hairbeauty-pro.com\/\",\"logo\":{\"@type\":\"ImageObject\",\"inLanguage\":\"bs-BA\",\"@id\":\"https:\/\/hairbeauty-pro.com\/#\/schema\/logo\/image\/\",\"url\":\"https:\/\/hairbeauty-pro.com\/wp-content\/uploads\/2023\/07\/cropped-FLASH-LOGO-png.png\",\"contentUrl\":\"https:\/\/hairbeauty-pro.com\/wp-content\/uploads\/2023\/07\/cropped-FLASH-LOGO-png.png\",\"width\":1316,\"height\":521,\"caption\":\"Flash\"},\"image\":{\"@id\":\"https:\/\/hairbeauty-pro.com\/#\/schema\/logo\/image\/\"}}]}<\/script>\n<!-- \/ Yoast SEO plugin. -->","yoast_head_json":{"title":"LUNEX LIGHT DEKOLOR U GELU - Flash","description":"Pakovanje: Lunex Light 1 kozmeti\u010dki tretman za posvjetljivanje *Cijena na upit | Samo za salonsku upotrebu","robots":{"index":"index","follow":"follow","max-snippet":"max-snippet:-1","max-image-preview":"max-image-preview:large","max-video-preview":"max-video-preview:-1"},"canonical":"https:\/\/hairbeauty-pro.com\/?product=lunex-light-dekolor-u-gelu","og_locale":"bs_BA","og_type":"article","og_title":"LUNEX LIGHT DEKOLOR U GELU - Flash","og_description":"Pakovanje: Lunex Light 1 kozmeti\u010dki tretman za posvjetljivanje *Cijena na upit | Samo za salonsku upotrebu","og_url":"https:\/\/hairbeauty-pro.com\/?product=lunex-light-dekolor-u-gelu","og_site_name":"Flash","article_modified_time":"2023-12-07T12:16:02+00:00","og_image":[{"width":1536,"height":2560,"url":"https:\/\/hairbeauty-pro.com\/wp-content\/uploads\/2023\/11\/Lunex-Light-scatola-Velian-1-scaled-1.jpg","type":"image\/jpeg"}],"twitter_card":"summary_large_image","twitter_misc":{"Est. reading time":"2 minute"},"schema":{"@context":"https:\/\/schema.org","@graph":[{"@type":"WebPage","@id":"https:\/\/hairbeauty-pro.com\/?product=lunex-light-dekolor-u-gelu","url":"https:\/\/hairbeauty-pro.com\/?product=lunex-light-dekolor-u-gelu","name":"LUNEX LIGHT DEKOLOR U GELU - Flash","isPartOf":{"@id":"https:\/\/hairbeauty-pro.com\/#website"},"datePublished":"2023-09-07T18:49:54+00:00","dateModified":"2023-12-07T12:16:02+00:00","description":"Pakovanje: Lunex Light 1 kozmeti\u010dki tretman za posvjetljivanje *Cijena na upit | Samo za salonsku upotrebu","breadcrumb":{"@id":"https:\/\/hairbeauty-pro.com\/?product=lunex-light-dekolor-u-gelu#breadcrumb"},"inLanguage":"bs-BA","potentialAction":[{"@type":"ReadAction","target":["https:\/\/hairbeauty-pro.com\/?product=lunex-light-dekolor-u-gelu"]}]},{"@type":"BreadcrumbList","@id":"https:\/\/hairbeauty-pro.com\/?product=lunex-light-dekolor-u-gelu#breadcrumb","itemListElement":[{"@type":"ListItem","position":1,"name":"Home","item":"https:\/\/hairbeauty-pro.com\/"},{"@type":"ListItem","position":2,"name":"Shop","item":"https:\/\/hairbeauty-pro.com\/?page_id=11"},{"@type":"ListItem","position":3,"name":"LUNEX LIGHT DEKOLOR U GELU"}]},{"@type":"WebSite","@id":"https:\/\/hairbeauty-pro.com\/#website","url":"https:\/\/hairbeauty-pro.com\/","name":"Flash","description":"Va\u0161a ultimativna destinacja za njegu kose","publisher":{"@id":"https:\/\/hairbeauty-pro.com\/#organization"},"potentialAction":[{"@type":"SearchAction","target":{"@type":"EntryPoint","urlTemplate":"https:\/\/hairbeauty-pro.com\/?s={search_term_string}"},"query-input":"required name=search_term_string"}],"inLanguage":"bs-BA"},{"@type":"Organization","@id":"https:\/\/hairbeauty-pro.com\/#organization","name":"Flash","url":"https:\/\/hairbeauty-pro.com\/","logo":{"@type":"ImageObject","inLanguage":"bs-BA","@id":"https:\/\/hairbeauty-pro.com\/#\/schema\/logo\/image\/","url":"https:\/\/hairbeauty-pro.com\/wp-content\/uploads\/2023\/07\/cropped-FLASH-LOGO-png.png","contentUrl":"https:\/\/hairbeauty-pro.com\/wp-content\/uploads\/2023\/07\/cropped-FLASH-LOGO-png.png","width":1316,"height":521,"caption":"Flash"},"image":{"@id":"https:\/\/hairbeauty-pro.com\/#\/schema\/logo\/image\/"}}]}},"_links":{"self":[{"href":"https:\/\/hairbeauty-pro.com\/index.php?rest_route=\/wp\/v2\/product\/3344"}],"collection":[{"href":"https:\/\/hairbeauty-pro.com\/index.php?rest_route=\/wp\/v2\/product"}],"about":[{"href":"https:\/\/hairbeauty-pro.com\/index.php?rest_route=\/wp\/v2\/types\/product"}],"replies":[{"embeddable":true,"href":"https:\/\/hairbeauty-pro.com\/index.php?rest_route=%2Fwp%2Fv2%2Fcomments&post=3344"}],"wp:featuredmedia":[{"embeddable":true,"href":"https:\/\/hairbeauty-pro.com\/index.php?rest_route=\/wp\/v2\/media\/5633"}],"wp:attachment":[{"href":"https:\/\/hairbeauty-pro.com\/index.php?rest_route=%2Fwp%2Fv2%2Fmedia&parent=3344"}],"wp:term":[{"taxonomy":"product_cat","embeddable":true,"href":"https:\/\/hairbeauty-pro.com\/index.php?rest_route=%2Fwp%2Fv2%2Fproduct_cat&post=3344"},{"taxonomy":"product_tag","embeddable":true,"href":"https:\/\/hairbeauty-pro.com\/index.php?rest_route=%2Fwp%2Fv2%2Fproduct_tag&post=3344"}],"curies":[{"name":"wp","href":"https:\/\/api.w.org\/{rel}","templated":true}]}}