{"id":3339,"date":"2023-09-07T18:40:07","date_gmt":"2023-09-07T18:40:07","guid":{"rendered":"https:\/\/hairbeauty-pro.com\/?post_type=product&#038;p=3339"},"modified":"2023-12-07T12:24:04","modified_gmt":"2023-12-07T12:24:04","slug":"yo-cond-maska-u-boji-silver-srebrna","status":"publish","type":"product","link":"https:\/\/hairbeauty-pro.com\/?product=yo-cond-maska-u-boji-silver-srebrna","title":{"rendered":"YO COND  MASKA U BOJI  SILVER  (srebrna)"},"content":{"rendered":"<p style=\"font-weight: 400;\">YO COND<\/p>\n<p style=\"font-weight: 400;\">Bojenje koje hrani i boja u jednoj primjeni. Pakovanje: 250ml (clear) \/ 150ml (ostale nijanse).<\/p>\n<p style=\"font-weight: 400;\">TEHNOLOGIJA<\/p>\n<p style=\"font-weight: 400;\">Ekskluzivna CNE (Color Nourishing Enhancer) tehnologija koja, zahvaljuju\u0107i svojim funkcionalnim na\u010delima, daruje kosi ekstremni sjaj, intenzitet odraza, za\u0161titu boje za privremene rezultate bojenja.<\/p>\n<ul style=\"font-weight: 400;\">\n<li>Ekstrakt jogurta \u0161titi vlakna kose<\/li>\n<li>Ekstrakt bambusa hidrira i tonificira<\/li>\n<li>Proteini p\u0161enice restrukturiraju i popravljaju<\/li>\n<li>Pantenol hidrira i hrani<\/li>\n<li>Vitamin E \u0161titi i ima efekt antioksidansa<\/li>\n<li>Filteri za sunce stvaraju film na kosi i \u0161tite je<\/li>\n<li>Velian Complex: mje\u0161avina ekstrakata divizme, smilja, lana i \u017eute kamilice.<\/li>\n<\/ul>\n<p style=\"font-weight: 400;\">PRIMJENA I VRIJEME DR\u017dANJA<\/p>\n<p style=\"font-weight: 400;\">Ravnomjerno rasporediti na opranu i pe\u0161kirom prosu\u0161enu kosu. Dr\u017eati na kosi 3 minuta i detaljno isprati.<\/p>\n<p style=\"font-weight: 400;\">NAKON PRIMJENE<\/p>\n<p style=\"font-weight: 400;\">Upotrijebite Yo Cond kako biste pobolj\u0161ali standardni rezultat i dobili sjajnu i intenzivnu boju.<\/p>\n<p style=\"font-weight: 400;\">ZA O\u017dIVLJAVANJE BOJE IZME\u0110U DVA BOJENJA<\/p>\n<p style=\"font-weight: 400;\">Upotrijebite Yo Color kako biste kosi vratili odsjaj, nadoknadili sjaj i za\u0161titu boje i istovremeno dubinski hidrirali kosu.<\/p>\n<p style=\"font-weight: 400;\">ZA O\u017dIVLJAVANJE BOJE PRI SVAKOM PRANJU<\/p>\n<p style=\"font-weight: 400;\">Yo Cond se u kombinaciji sa Yo Condo Clear-om pretvara u tretman koji \u0107e, pri svakom pranju, stvoriti sjajan i nje\u017eno obojen film koji vra\u0107a svje\u017einu boji i daje kosi sjaj i svilenkasti osje\u0107aj.<\/p>\n<p style=\"font-weight: 400;\">PROTIV NEESTETSKIH \u017dUTIH ODSJAJA<\/p>\n<p style=\"font-weight: 400;\">Yo Cond Argento daje kosi trenutan sjaj i uklanja neestetski \u017euti odsjaj, zavisno o vremenu dr\u017eanja i broju primjena.<\/p>\n<p style=\"font-weight: 400;\">ZA POTAMNJIVANJE KOSE SA SIVIM ODSJAJEM<\/p>\n<p style=\"font-weight: 400;\">Nijansa Nero stvara neutralni sivi odsjaj, postupno tamne\u0107i sijedu kosu, zavisno o vremenu dr\u017eanja i broju primjena.<\/p>\n<p style=\"font-weight: 400;\">YO COND LIGHT ZA SJAJAN I NJE\u017dAN ODRAZ<\/p>\n<p style=\"font-weight: 400;\">U posebnom dozatoru dobro promije\u0161ati 80 ml Yo Cond Cleara i 20 ml \u017eeljene Yo Cond nijanse. Primijeniti nakon svakog pranja kao normalan regenerator i ostaviti 3 minute, potom dobro isprati vodom. Rezultat je sjajan i lagan odsjaj koji se mo\u017ee posti\u0107i pri svakom pranju kose. Svakih 3\/5 pranja mo\u017ee se primijeniti umjesto toga Yo Cond s intenzivnim sjajem.<\/p>\n","protected":false},"excerpt":{"rendered":"<p>150 ML<\/p>\n","protected":false},"featured_media":3340,"comment_status":"open","ping_status":"closed","template":"","meta":{"site-sidebar-layout":"default","site-content-layout":"","ast-site-content-layout":"default","site-content-style":"default","site-sidebar-style":"default","ast-global-header-display":"","ast-banner-title-visibility":"","ast-main-header-display":"","ast-hfb-above-header-display":"","ast-hfb-below-header-display":"","ast-hfb-mobile-header-display":"","site-post-title":"","ast-breadcrumbs-content":"","ast-featured-img":"","footer-sml-layout":"","theme-transparent-header-meta":"default","adv-header-id-meta":"","stick-header-meta":"","header-above-stick-meta":"","header-main-stick-meta":"","header-below-stick-meta":"","astra-migrate-meta-layouts":"set","ast-page-background-enabled":"default","ast-page-background-meta":{"desktop":{"background-color":"","background-image":"","background-repeat":"repeat","background-position":"center center","background-size":"auto","background-attachment":"scroll","background-type":"","background-media":"","overlay-type":"","overlay-color":"","overlay-opacity":"","overlay-gradient":""},"tablet":{"background-color":"","background-image":"","background-repeat":"repeat","background-position":"center center","background-size":"auto","background-attachment":"scroll","background-type":"","background-media":"","overlay-type":"","overlay-color":"","overlay-opacity":"","overlay-gradient":""},"mobile":{"background-color":"","background-image":"","background-repeat":"repeat","background-position":"center center","background-size":"auto","background-attachment":"scroll","background-type":"","background-media":"","overlay-type":"","overlay-color":"","overlay-opacity":"","overlay-gradient":""}},"ast-content-background-meta":{"desktop":{"background-color":"var(--ast-global-color-5)","background-image":"","background-repeat":"repeat","background-position":"center center","background-size":"auto","background-attachment":"scroll","background-type":"","background-media":"","overlay-type":"","overlay-color":"","overlay-opacity":"","overlay-gradient":""},"tablet":{"background-color":"var(--ast-global-color-5)","background-image":"","background-repeat":"repeat","background-position":"center center","background-size":"auto","background-attachment":"scroll","background-type":"","background-media":"","overlay-type":"","overlay-color":"","overlay-opacity":"","overlay-gradient":""},"mobile":{"background-color":"var(--ast-global-color-5)","background-image":"","background-repeat":"repeat","background-position":"center center","background-size":"auto","background-attachment":"scroll","background-type":"","background-media":"","overlay-type":"","overlay-color":"","overlay-opacity":"","overlay-gradient":""}}},"product_cat":[122,191,42,196,123,124,254,264],"product_tag":[],"yoast_head":"<!-- This site is optimized with the Yoast SEO plugin v21.7 - https:\/\/yoast.com\/wordpress\/plugins\/seo\/ -->\n<title>YO COND MASKA U BOJI SILVER (srebrna) - Flash<\/title>\n<meta name=\"description\" content=\"150 ML\" \/>\n<meta name=\"robots\" content=\"index, follow, max-snippet:-1, max-image-preview:large, max-video-preview:-1\" \/>\n<link rel=\"canonical\" href=\"https:\/\/hairbeauty-pro.com\/?product=yo-cond-maska-u-boji-silver-srebrna\" \/>\n<meta property=\"og:locale\" content=\"bs_BA\" \/>\n<meta property=\"og:type\" content=\"article\" \/>\n<meta property=\"og:title\" content=\"YO COND MASKA U BOJI SILVER (srebrna) - Flash\" \/>\n<meta property=\"og:description\" content=\"150 ML\" \/>\n<meta property=\"og:url\" content=\"https:\/\/hairbeauty-pro.com\/?product=yo-cond-maska-u-boji-silver-srebrna\" \/>\n<meta property=\"og:site_name\" content=\"Flash\" \/>\n<meta property=\"article:modified_time\" content=\"2023-12-07T12:24:04+00:00\" \/>\n<meta property=\"og:image\" content=\"https:\/\/hairbeauty-pro.com\/wp-content\/uploads\/2023\/09\/silver.jpg\" \/>\n\t<meta property=\"og:image:width\" content=\"401\" \/>\n\t<meta property=\"og:image:height\" content=\"760\" \/>\n\t<meta property=\"og:image:type\" content=\"image\/jpeg\" \/>\n<meta name=\"twitter:card\" content=\"summary_large_image\" \/>\n<meta name=\"twitter:label1\" content=\"Est. reading time\" \/>\n\t<meta name=\"twitter:data1\" content=\"2 minute\" \/>\n<script type=\"application\/ld+json\" class=\"yoast-schema-graph\">{\"@context\":\"https:\/\/schema.org\",\"@graph\":[{\"@type\":\"WebPage\",\"@id\":\"https:\/\/hairbeauty-pro.com\/?product=yo-cond-maska-u-boji-silver-srebrna\",\"url\":\"https:\/\/hairbeauty-pro.com\/?product=yo-cond-maska-u-boji-silver-srebrna\",\"name\":\"YO COND MASKA U BOJI SILVER (srebrna) - Flash\",\"isPartOf\":{\"@id\":\"https:\/\/hairbeauty-pro.com\/#website\"},\"datePublished\":\"2023-09-07T18:40:07+00:00\",\"dateModified\":\"2023-12-07T12:24:04+00:00\",\"description\":\"150 ML\",\"breadcrumb\":{\"@id\":\"https:\/\/hairbeauty-pro.com\/?product=yo-cond-maska-u-boji-silver-srebrna#breadcrumb\"},\"inLanguage\":\"bs-BA\",\"potentialAction\":[{\"@type\":\"ReadAction\",\"target\":[\"https:\/\/hairbeauty-pro.com\/?product=yo-cond-maska-u-boji-silver-srebrna\"]}]},{\"@type\":\"BreadcrumbList\",\"@id\":\"https:\/\/hairbeauty-pro.com\/?product=yo-cond-maska-u-boji-silver-srebrna#breadcrumb\",\"itemListElement\":[{\"@type\":\"ListItem\",\"position\":1,\"name\":\"Home\",\"item\":\"https:\/\/hairbeauty-pro.com\/\"},{\"@type\":\"ListItem\",\"position\":2,\"name\":\"Shop\",\"item\":\"https:\/\/hairbeauty-pro.com\/?page_id=11\"},{\"@type\":\"ListItem\",\"position\":3,\"name\":\"YO COND MASKA U BOJI SILVER (srebrna)\"}]},{\"@type\":\"WebSite\",\"@id\":\"https:\/\/hairbeauty-pro.com\/#website\",\"url\":\"https:\/\/hairbeauty-pro.com\/\",\"name\":\"Flash\",\"description\":\"Va\u0161a ultimativna destinacja za njegu kose\",\"publisher\":{\"@id\":\"https:\/\/hairbeauty-pro.com\/#organization\"},\"potentialAction\":[{\"@type\":\"SearchAction\",\"target\":{\"@type\":\"EntryPoint\",\"urlTemplate\":\"https:\/\/hairbeauty-pro.com\/?s={search_term_string}\"},\"query-input\":\"required name=search_term_string\"}],\"inLanguage\":\"bs-BA\"},{\"@type\":\"Organization\",\"@id\":\"https:\/\/hairbeauty-pro.com\/#organization\",\"name\":\"Flash\",\"url\":\"https:\/\/hairbeauty-pro.com\/\",\"logo\":{\"@type\":\"ImageObject\",\"inLanguage\":\"bs-BA\",\"@id\":\"https:\/\/hairbeauty-pro.com\/#\/schema\/logo\/image\/\",\"url\":\"https:\/\/hairbeauty-pro.com\/wp-content\/uploads\/2023\/07\/cropped-FLASH-LOGO-png.png\",\"contentUrl\":\"https:\/\/hairbeauty-pro.com\/wp-content\/uploads\/2023\/07\/cropped-FLASH-LOGO-png.png\",\"width\":1316,\"height\":521,\"caption\":\"Flash\"},\"image\":{\"@id\":\"https:\/\/hairbeauty-pro.com\/#\/schema\/logo\/image\/\"}}]}<\/script>\n<!-- \/ Yoast SEO plugin. -->","yoast_head_json":{"title":"YO COND MASKA U BOJI SILVER (srebrna) - Flash","description":"150 ML","robots":{"index":"index","follow":"follow","max-snippet":"max-snippet:-1","max-image-preview":"max-image-preview:large","max-video-preview":"max-video-preview:-1"},"canonical":"https:\/\/hairbeauty-pro.com\/?product=yo-cond-maska-u-boji-silver-srebrna","og_locale":"bs_BA","og_type":"article","og_title":"YO COND MASKA U BOJI SILVER (srebrna) - Flash","og_description":"150 ML","og_url":"https:\/\/hairbeauty-pro.com\/?product=yo-cond-maska-u-boji-silver-srebrna","og_site_name":"Flash","article_modified_time":"2023-12-07T12:24:04+00:00","og_image":[{"width":401,"height":760,"url":"https:\/\/hairbeauty-pro.com\/wp-content\/uploads\/2023\/09\/silver.jpg","type":"image\/jpeg"}],"twitter_card":"summary_large_image","twitter_misc":{"Est. reading time":"2 minute"},"schema":{"@context":"https:\/\/schema.org","@graph":[{"@type":"WebPage","@id":"https:\/\/hairbeauty-pro.com\/?product=yo-cond-maska-u-boji-silver-srebrna","url":"https:\/\/hairbeauty-pro.com\/?product=yo-cond-maska-u-boji-silver-srebrna","name":"YO COND MASKA U BOJI SILVER (srebrna) - Flash","isPartOf":{"@id":"https:\/\/hairbeauty-pro.com\/#website"},"datePublished":"2023-09-07T18:40:07+00:00","dateModified":"2023-12-07T12:24:04+00:00","description":"150 ML","breadcrumb":{"@id":"https:\/\/hairbeauty-pro.com\/?product=yo-cond-maska-u-boji-silver-srebrna#breadcrumb"},"inLanguage":"bs-BA","potentialAction":[{"@type":"ReadAction","target":["https:\/\/hairbeauty-pro.com\/?product=yo-cond-maska-u-boji-silver-srebrna"]}]},{"@type":"BreadcrumbList","@id":"https:\/\/hairbeauty-pro.com\/?product=yo-cond-maska-u-boji-silver-srebrna#breadcrumb","itemListElement":[{"@type":"ListItem","position":1,"name":"Home","item":"https:\/\/hairbeauty-pro.com\/"},{"@type":"ListItem","position":2,"name":"Shop","item":"https:\/\/hairbeauty-pro.com\/?page_id=11"},{"@type":"ListItem","position":3,"name":"YO COND MASKA U BOJI SILVER (srebrna)"}]},{"@type":"WebSite","@id":"https:\/\/hairbeauty-pro.com\/#website","url":"https:\/\/hairbeauty-pro.com\/","name":"Flash","description":"Va\u0161a ultimativna destinacja za njegu kose","publisher":{"@id":"https:\/\/hairbeauty-pro.com\/#organization"},"potentialAction":[{"@type":"SearchAction","target":{"@type":"EntryPoint","urlTemplate":"https:\/\/hairbeauty-pro.com\/?s={search_term_string}"},"query-input":"required name=search_term_string"}],"inLanguage":"bs-BA"},{"@type":"Organization","@id":"https:\/\/hairbeauty-pro.com\/#organization","name":"Flash","url":"https:\/\/hairbeauty-pro.com\/","logo":{"@type":"ImageObject","inLanguage":"bs-BA","@id":"https:\/\/hairbeauty-pro.com\/#\/schema\/logo\/image\/","url":"https:\/\/hairbeauty-pro.com\/wp-content\/uploads\/2023\/07\/cropped-FLASH-LOGO-png.png","contentUrl":"https:\/\/hairbeauty-pro.com\/wp-content\/uploads\/2023\/07\/cropped-FLASH-LOGO-png.png","width":1316,"height":521,"caption":"Flash"},"image":{"@id":"https:\/\/hairbeauty-pro.com\/#\/schema\/logo\/image\/"}}]}},"_links":{"self":[{"href":"https:\/\/hairbeauty-pro.com\/index.php?rest_route=\/wp\/v2\/product\/3339"}],"collection":[{"href":"https:\/\/hairbeauty-pro.com\/index.php?rest_route=\/wp\/v2\/product"}],"about":[{"href":"https:\/\/hairbeauty-pro.com\/index.php?rest_route=\/wp\/v2\/types\/product"}],"replies":[{"embeddable":true,"href":"https:\/\/hairbeauty-pro.com\/index.php?rest_route=%2Fwp%2Fv2%2Fcomments&post=3339"}],"wp:featuredmedia":[{"embeddable":true,"href":"https:\/\/hairbeauty-pro.com\/index.php?rest_route=\/wp\/v2\/media\/3340"}],"wp:attachment":[{"href":"https:\/\/hairbeauty-pro.com\/index.php?rest_route=%2Fwp%2Fv2%2Fmedia&parent=3339"}],"wp:term":[{"taxonomy":"product_cat","embeddable":true,"href":"https:\/\/hairbeauty-pro.com\/index.php?rest_route=%2Fwp%2Fv2%2Fproduct_cat&post=3339"},{"taxonomy":"product_tag","embeddable":true,"href":"https:\/\/hairbeauty-pro.com\/index.php?rest_route=%2Fwp%2Fv2%2Fproduct_tag&post=3339"}],"curies":[{"name":"wp","href":"https:\/\/api.w.org\/{rel}","templated":true}]}}