{"id":3306,"date":"2023-09-07T18:12:39","date_gmt":"2023-09-07T18:12:39","guid":{"rendered":"https:\/\/hairbeauty-pro.com\/?post_type=product&#038;p=3306"},"modified":"2023-11-27T14:38:27","modified_gmt":"2023-11-27T14:38:27","slug":"lunex-colorful-boja-tamno-plava","status":"publish","type":"product","link":"https:\/\/hairbeauty-pro.com\/?product=lunex-colorful-boja-tamno-plava","title":{"rendered":"Lunex Colorful boja \u2013 Tamno plava"},"content":{"rendered":"<p style=\"font-weight: 400;\">\u0160ta je?<\/p>\n<p style=\"font-weight: 400;\">Direktni pigment u kremi, kisele pH vrijednosti, koji njeguje kosu i pru\u017ea joj sjaj.<\/p>\n<p style=\"font-weight: 400;\">Idealan za toniranje pramenova ili kompletno bojenje dekolorisane ili ve\u0107\u00a0bojene kose. Paleta boja sastoji se od 12 nijansi od kojih je 8 intenzivnih nijansi,\u00a03 pastelne i 1 neutralna baza koja omogu\u0107ava mijenjanje i ubla\u017eavanje intenziteta\u00a0pojedinih nijansi.<\/p>\n<p style=\"font-weight: 400;\">KLJU\u010cNI SASTOJCI:<\/p>\n<p style=\"font-weight: 400;\">Ekstrakt kamilice -Ubla\u017euje i umiruje.<\/p>\n<p style=\"font-weight: 400;\">Hidrolizat keratina &#8211; \u0160titi kosu i \u010dini je sna\u017enijom i sjajnijom.<\/p>\n<p style=\"font-weight: 400;\">Tehnologija Lunex Colorful, zahvaljuju\u0107i u\u010dinkovitosti direktnih pigmenata, osigurava\u00a0postojane, sjajne, intenzivne i dugotrajne boje.<\/p>\n<p style=\"font-weight: 400;\">PERFORMANSE:<\/p>\n<ul style=\"font-weight: 400;\">\n<li>NJE\u017dNA I REVOLUCIONARNA FORMULA<\/li>\n<li>IZVANREDNA POSTOJANOST I DUGOTRAJNOST<\/li>\n<li>BRZA USLUGA<\/li>\n<li>SMJESA SPREMNA ZA UPOTREBU<\/li>\n<li>SJAJNE I INTENZIVNE BOJE<\/li>\n<li>SIGURNOST REZULTATA<\/li>\n<li>ZAHVALJUJU\u0106I KREMASTOJ STRUKTURI BOJA NE KAPA<\/li>\n<li>DJELUJE U SINERGIJI SA PROIZVODIMA IZ LUNEX SISTEMA<\/li>\n<li>MAKSIMALNA IZRA\u017dENOST I DUGOTRAJNOST BOJE<\/li>\n<li>NA DEKOLORISANOJ PODLOZI<\/li>\n<li>MOGU\u0106NOST POSTIZANJA VI\u0160ESTRUKIH EFEKATA<\/li>\n<li>PERSONALIZACIJA USLUGE ME\u0110USOBNIM MIJE\u0160ANJEM NIJANSI<\/li>\n<li>BOJA SMJESE JE UPRAVO ONA KOJA \u0106E BITI NA KOSI<\/li>\n<\/ul>\n<p style=\"font-weight: 400;\">UPOTREBA I USLUGE:<\/p>\n<p style=\"font-weight: 400;\">Potrebna koli\u010dina proizvod zavisi\u0107e od du\u017eine i gusto\u0107e kose. Koristiti za\u0161titne\u00a0rukavice i nanijeti proizvod direktno na opranu i osu\u0161enu kosu. Ravnomjerno\u00a0rasporediti boju uz pomo\u0107 \u010de\u0161lja i umasirati u kosu kako bi boja bila nanijeta\u00a0homogeno i kako bi se izbjeglo akumuliranje boje koje bi stvorilo intenzivnije\u00a0reflekse na tim dijelovima.<\/p>\n<p style=\"font-weight: 400;\">Vrijeme dr\u017eanja: 15 minuta<\/p>\n<p><span style=\"font-weight: 400;\">Ispiranje: temeljno isprati bez \u0161amponiranja.<\/span><\/p>\n","protected":false},"excerpt":{"rendered":"<p>125 ML<\/p>\n","protected":false},"featured_media":5622,"comment_status":"open","ping_status":"closed","template":"","meta":{"site-sidebar-layout":"default","site-content-layout":"","ast-site-content-layout":"default","site-content-style":"default","site-sidebar-style":"default","ast-global-header-display":"","ast-banner-title-visibility":"","ast-main-header-display":"","ast-hfb-above-header-display":"","ast-hfb-below-header-display":"","ast-hfb-mobile-header-display":"","site-post-title":"","ast-breadcrumbs-content":"","ast-featured-img":"","footer-sml-layout":"","theme-transparent-header-meta":"default","adv-header-id-meta":"","stick-header-meta":"","header-above-stick-meta":"","header-main-stick-meta":"","header-below-stick-meta":"","astra-migrate-meta-layouts":"set","ast-page-background-enabled":"default","ast-page-background-meta":{"desktop":{"background-color":"","background-image":"","background-repeat":"repeat","background-position":"center center","background-size":"auto","background-attachment":"scroll","background-type":"","background-media":"","overlay-type":"","overlay-color":"","overlay-opacity":"","overlay-gradient":""},"tablet":{"background-color":"","background-image":"","background-repeat":"repeat","background-position":"center center","background-size":"auto","background-attachment":"scroll","background-type":"","background-media":"","overlay-type":"","overlay-color":"","overlay-opacity":"","overlay-gradient":""},"mobile":{"background-color":"","background-image":"","background-repeat":"repeat","background-position":"center center","background-size":"auto","background-attachment":"scroll","background-type":"","background-media":"","overlay-type":"","overlay-color":"","overlay-opacity":"","overlay-gradient":""}},"ast-content-background-meta":{"desktop":{"background-color":"var(--ast-global-color-5)","background-image":"","background-repeat":"repeat","background-position":"center center","background-size":"auto","background-attachment":"scroll","background-type":"","background-media":"","overlay-type":"","overlay-color":"","overlay-opacity":"","overlay-gradient":""},"tablet":{"background-color":"var(--ast-global-color-5)","background-image":"","background-repeat":"repeat","background-position":"center center","background-size":"auto","background-attachment":"scroll","background-type":"","background-media":"","overlay-type":"","overlay-color":"","overlay-opacity":"","overlay-gradient":""},"mobile":{"background-color":"var(--ast-global-color-5)","background-image":"","background-repeat":"repeat","background-position":"center center","background-size":"auto","background-attachment":"scroll","background-type":"","background-media":"","overlay-type":"","overlay-color":"","overlay-opacity":"","overlay-gradient":""}}},"product_cat":[194,191,265,120],"product_tag":[],"yoast_head":"<!-- This site is optimized with the Yoast SEO plugin v21.7 - https:\/\/yoast.com\/wordpress\/plugins\/seo\/ -->\n<title>Lunex Colorful boja \u2013 Tamno plava - Flash<\/title>\n<meta name=\"description\" content=\"125 ML\" \/>\n<meta name=\"robots\" content=\"index, follow, max-snippet:-1, max-image-preview:large, max-video-preview:-1\" \/>\n<link rel=\"canonical\" href=\"https:\/\/hairbeauty-pro.com\/?product=lunex-colorful-boja-tamno-plava\" \/>\n<meta property=\"og:locale\" content=\"bs_BA\" \/>\n<meta property=\"og:type\" content=\"article\" \/>\n<meta property=\"og:title\" content=\"Lunex Colorful boja \u2013 Tamno plava - Flash\" \/>\n<meta property=\"og:description\" content=\"125 ML\" \/>\n<meta property=\"og:url\" content=\"https:\/\/hairbeauty-pro.com\/?product=lunex-colorful-boja-tamno-plava\" \/>\n<meta property=\"og:site_name\" content=\"Flash\" \/>\n<meta property=\"article:modified_time\" content=\"2023-11-27T14:38:27+00:00\" \/>\n<meta property=\"og:image\" content=\"https:\/\/hairbeauty-pro.com\/wp-content\/uploads\/2023\/11\/Lunex-colorful-blu-125-ml-scatola-1-scaled-1.jpg\" \/>\n\t<meta property=\"og:image:width\" content=\"1024\" \/>\n\t<meta property=\"og:image:height\" content=\"2560\" \/>\n\t<meta property=\"og:image:type\" content=\"image\/jpeg\" \/>\n<meta name=\"twitter:card\" content=\"summary_large_image\" \/>\n<meta name=\"twitter:label1\" content=\"Est. reading time\" \/>\n\t<meta name=\"twitter:data1\" content=\"1 minuta\" \/>\n<script type=\"application\/ld+json\" class=\"yoast-schema-graph\">{\"@context\":\"https:\/\/schema.org\",\"@graph\":[{\"@type\":\"WebPage\",\"@id\":\"https:\/\/hairbeauty-pro.com\/?product=lunex-colorful-boja-tamno-plava\",\"url\":\"https:\/\/hairbeauty-pro.com\/?product=lunex-colorful-boja-tamno-plava\",\"name\":\"Lunex Colorful boja \u2013 Tamno plava - Flash\",\"isPartOf\":{\"@id\":\"https:\/\/hairbeauty-pro.com\/#website\"},\"datePublished\":\"2023-09-07T18:12:39+00:00\",\"dateModified\":\"2023-11-27T14:38:27+00:00\",\"description\":\"125 ML\",\"breadcrumb\":{\"@id\":\"https:\/\/hairbeauty-pro.com\/?product=lunex-colorful-boja-tamno-plava#breadcrumb\"},\"inLanguage\":\"bs-BA\",\"potentialAction\":[{\"@type\":\"ReadAction\",\"target\":[\"https:\/\/hairbeauty-pro.com\/?product=lunex-colorful-boja-tamno-plava\"]}]},{\"@type\":\"BreadcrumbList\",\"@id\":\"https:\/\/hairbeauty-pro.com\/?product=lunex-colorful-boja-tamno-plava#breadcrumb\",\"itemListElement\":[{\"@type\":\"ListItem\",\"position\":1,\"name\":\"Home\",\"item\":\"https:\/\/hairbeauty-pro.com\/\"},{\"@type\":\"ListItem\",\"position\":2,\"name\":\"Shop\",\"item\":\"https:\/\/hairbeauty-pro.com\/?page_id=11\"},{\"@type\":\"ListItem\",\"position\":3,\"name\":\"Lunex Colorful boja \u2013 Tamno plava\"}]},{\"@type\":\"WebSite\",\"@id\":\"https:\/\/hairbeauty-pro.com\/#website\",\"url\":\"https:\/\/hairbeauty-pro.com\/\",\"name\":\"Flash\",\"description\":\"Va\u0161a ultimativna destinacja za njegu kose\",\"publisher\":{\"@id\":\"https:\/\/hairbeauty-pro.com\/#organization\"},\"potentialAction\":[{\"@type\":\"SearchAction\",\"target\":{\"@type\":\"EntryPoint\",\"urlTemplate\":\"https:\/\/hairbeauty-pro.com\/?s={search_term_string}\"},\"query-input\":\"required name=search_term_string\"}],\"inLanguage\":\"bs-BA\"},{\"@type\":\"Organization\",\"@id\":\"https:\/\/hairbeauty-pro.com\/#organization\",\"name\":\"Flash\",\"url\":\"https:\/\/hairbeauty-pro.com\/\",\"logo\":{\"@type\":\"ImageObject\",\"inLanguage\":\"bs-BA\",\"@id\":\"https:\/\/hairbeauty-pro.com\/#\/schema\/logo\/image\/\",\"url\":\"https:\/\/hairbeauty-pro.com\/wp-content\/uploads\/2023\/07\/cropped-FLASH-LOGO-png.png\",\"contentUrl\":\"https:\/\/hairbeauty-pro.com\/wp-content\/uploads\/2023\/07\/cropped-FLASH-LOGO-png.png\",\"width\":1316,\"height\":521,\"caption\":\"Flash\"},\"image\":{\"@id\":\"https:\/\/hairbeauty-pro.com\/#\/schema\/logo\/image\/\"}}]}<\/script>\n<!-- \/ Yoast SEO plugin. -->","yoast_head_json":{"title":"Lunex Colorful boja \u2013 Tamno plava - Flash","description":"125 ML","robots":{"index":"index","follow":"follow","max-snippet":"max-snippet:-1","max-image-preview":"max-image-preview:large","max-video-preview":"max-video-preview:-1"},"canonical":"https:\/\/hairbeauty-pro.com\/?product=lunex-colorful-boja-tamno-plava","og_locale":"bs_BA","og_type":"article","og_title":"Lunex Colorful boja \u2013 Tamno plava - Flash","og_description":"125 ML","og_url":"https:\/\/hairbeauty-pro.com\/?product=lunex-colorful-boja-tamno-plava","og_site_name":"Flash","article_modified_time":"2023-11-27T14:38:27+00:00","og_image":[{"width":1024,"height":2560,"url":"https:\/\/hairbeauty-pro.com\/wp-content\/uploads\/2023\/11\/Lunex-colorful-blu-125-ml-scatola-1-scaled-1.jpg","type":"image\/jpeg"}],"twitter_card":"summary_large_image","twitter_misc":{"Est. reading time":"1 minuta"},"schema":{"@context":"https:\/\/schema.org","@graph":[{"@type":"WebPage","@id":"https:\/\/hairbeauty-pro.com\/?product=lunex-colorful-boja-tamno-plava","url":"https:\/\/hairbeauty-pro.com\/?product=lunex-colorful-boja-tamno-plava","name":"Lunex Colorful boja \u2013 Tamno plava - Flash","isPartOf":{"@id":"https:\/\/hairbeauty-pro.com\/#website"},"datePublished":"2023-09-07T18:12:39+00:00","dateModified":"2023-11-27T14:38:27+00:00","description":"125 ML","breadcrumb":{"@id":"https:\/\/hairbeauty-pro.com\/?product=lunex-colorful-boja-tamno-plava#breadcrumb"},"inLanguage":"bs-BA","potentialAction":[{"@type":"ReadAction","target":["https:\/\/hairbeauty-pro.com\/?product=lunex-colorful-boja-tamno-plava"]}]},{"@type":"BreadcrumbList","@id":"https:\/\/hairbeauty-pro.com\/?product=lunex-colorful-boja-tamno-plava#breadcrumb","itemListElement":[{"@type":"ListItem","position":1,"name":"Home","item":"https:\/\/hairbeauty-pro.com\/"},{"@type":"ListItem","position":2,"name":"Shop","item":"https:\/\/hairbeauty-pro.com\/?page_id=11"},{"@type":"ListItem","position":3,"name":"Lunex Colorful boja \u2013 Tamno plava"}]},{"@type":"WebSite","@id":"https:\/\/hairbeauty-pro.com\/#website","url":"https:\/\/hairbeauty-pro.com\/","name":"Flash","description":"Va\u0161a ultimativna destinacja za njegu kose","publisher":{"@id":"https:\/\/hairbeauty-pro.com\/#organization"},"potentialAction":[{"@type":"SearchAction","target":{"@type":"EntryPoint","urlTemplate":"https:\/\/hairbeauty-pro.com\/?s={search_term_string}"},"query-input":"required name=search_term_string"}],"inLanguage":"bs-BA"},{"@type":"Organization","@id":"https:\/\/hairbeauty-pro.com\/#organization","name":"Flash","url":"https:\/\/hairbeauty-pro.com\/","logo":{"@type":"ImageObject","inLanguage":"bs-BA","@id":"https:\/\/hairbeauty-pro.com\/#\/schema\/logo\/image\/","url":"https:\/\/hairbeauty-pro.com\/wp-content\/uploads\/2023\/07\/cropped-FLASH-LOGO-png.png","contentUrl":"https:\/\/hairbeauty-pro.com\/wp-content\/uploads\/2023\/07\/cropped-FLASH-LOGO-png.png","width":1316,"height":521,"caption":"Flash"},"image":{"@id":"https:\/\/hairbeauty-pro.com\/#\/schema\/logo\/image\/"}}]}},"_links":{"self":[{"href":"https:\/\/hairbeauty-pro.com\/index.php?rest_route=\/wp\/v2\/product\/3306"}],"collection":[{"href":"https:\/\/hairbeauty-pro.com\/index.php?rest_route=\/wp\/v2\/product"}],"about":[{"href":"https:\/\/hairbeauty-pro.com\/index.php?rest_route=\/wp\/v2\/types\/product"}],"replies":[{"embeddable":true,"href":"https:\/\/hairbeauty-pro.com\/index.php?rest_route=%2Fwp%2Fv2%2Fcomments&post=3306"}],"wp:featuredmedia":[{"embeddable":true,"href":"https:\/\/hairbeauty-pro.com\/index.php?rest_route=\/wp\/v2\/media\/5622"}],"wp:attachment":[{"href":"https:\/\/hairbeauty-pro.com\/index.php?rest_route=%2Fwp%2Fv2%2Fmedia&parent=3306"}],"wp:term":[{"taxonomy":"product_cat","embeddable":true,"href":"https:\/\/hairbeauty-pro.com\/index.php?rest_route=%2Fwp%2Fv2%2Fproduct_cat&post=3306"},{"taxonomy":"product_tag","embeddable":true,"href":"https:\/\/hairbeauty-pro.com\/index.php?rest_route=%2Fwp%2Fv2%2Fproduct_tag&post=3306"}],"curies":[{"name":"wp","href":"https:\/\/api.w.org\/{rel}","templated":true}]}}