{"id":3281,"date":"2023-09-05T19:35:46","date_gmt":"2023-09-05T19:35:46","guid":{"rendered":"https:\/\/hairbeauty-pro.com\/?post_type=product&#038;p=3281"},"modified":"2023-12-18T10:40:57","modified_gmt":"2023-12-18T10:40:57","slug":"bellessere-sampon-za-kosu-i-tijelo-2","status":"publish","type":"product","link":"https:\/\/hairbeauty-pro.com\/?product=bellessere-sampon-za-kosu-i-tijelo-2","title":{"rendered":"Bellessere \u0161ampon za kosu i tijelo 1000ml"},"content":{"rendered":"<p style=\"font-weight: 400;\">82% PRIRODNOG PORIJEKLA<\/p>\n<p style=\"font-weight: 400;\">Idealan za sve tipove ko\u017ee i kose.<\/p>\n<p style=\"font-weight: 400;\">Potreba: Istaknuti ljepotu i sa\u010duvati prirodnu harmoniju kose i ko\u017ee svakodnevnim ritalima ljepote i wellnessa.<\/p>\n<p style=\"font-weight: 400;\">Bar\u0161unasti gel za tu\u0161iranje za tijelo i kosu sa arganovim i uljem lana. Stvara kompaktnu kremastu pjenu za lak\u0161e \u010de\u0161ljanje i ostavlja nje\u017ean osje\u0107aj na ko\u017ei. \u010cini kosu laganom i punom. a ko\u017eu mekanom, nje\u017enom i miri\u0161ljavom.<\/p>\n<p style=\"font-weight: 400;\">Upotreba:<\/p>\n<p style=\"font-weight: 400;\">Kosa: ravnomjerno rasporedite po mokroj kosi, umasirajte i isperite. Po potrebi ponovite.<\/p>\n<p style=\"font-weight: 400;\">Tijelo: koristite kao obi\u010dan gel za tu\u0161iranje.<\/p>\n","protected":false},"excerpt":{"rendered":"<p>1000 ML<\/p>\n<p>*Cijena na upit | Samo za salonsku upotrebu<\/p>\n","protected":false},"featured_media":3282,"comment_status":"open","ping_status":"closed","template":"","meta":{"site-sidebar-layout":"default","site-content-layout":"","ast-site-content-layout":"default","site-content-style":"default","site-sidebar-style":"default","ast-global-header-display":"","ast-banner-title-visibility":"","ast-main-header-display":"","ast-hfb-above-header-display":"","ast-hfb-below-header-display":"","ast-hfb-mobile-header-display":"","site-post-title":"","ast-breadcrumbs-content":"","ast-featured-img":"","footer-sml-layout":"","theme-transparent-header-meta":"default","adv-header-id-meta":"","stick-header-meta":"","header-above-stick-meta":"","header-main-stick-meta":"","header-below-stick-meta":"","astra-migrate-meta-layouts":"set","ast-page-background-enabled":"default","ast-page-background-meta":{"desktop":{"background-color":"","background-image":"","background-repeat":"repeat","background-position":"center center","background-size":"auto","background-attachment":"scroll","background-type":"","background-media":"","overlay-type":"","overlay-color":"","overlay-opacity":"","overlay-gradient":""},"tablet":{"background-color":"","background-image":"","background-repeat":"repeat","background-position":"center center","background-size":"auto","background-attachment":"scroll","background-type":"","background-media":"","overlay-type":"","overlay-color":"","overlay-opacity":"","overlay-gradient":""},"mobile":{"background-color":"","background-image":"","background-repeat":"repeat","background-position":"center center","background-size":"auto","background-attachment":"scroll","background-type":"","background-media":"","overlay-type":"","overlay-color":"","overlay-opacity":"","overlay-gradient":""}},"ast-content-background-meta":{"desktop":{"background-color":"var(--ast-global-color-5)","background-image":"","background-repeat":"repeat","background-position":"center center","background-size":"auto","background-attachment":"scroll","background-type":"","background-media":"","overlay-type":"","overlay-color":"","overlay-opacity":"","overlay-gradient":""},"tablet":{"background-color":"var(--ast-global-color-5)","background-image":"","background-repeat":"repeat","background-position":"center center","background-size":"auto","background-attachment":"scroll","background-type":"","background-media":"","overlay-type":"","overlay-color":"","overlay-opacity":"","overlay-gradient":""},"mobile":{"background-color":"var(--ast-global-color-5)","background-image":"","background-repeat":"repeat","background-position":"center center","background-size":"auto","background-attachment":"scroll","background-type":"","background-media":"","overlay-type":"","overlay-color":"","overlay-opacity":"","overlay-gradient":""}}},"product_cat":[262,115,190,176],"product_tag":[],"yoast_head":"<!-- This site is optimized with the Yoast SEO plugin v21.7 - https:\/\/yoast.com\/wordpress\/plugins\/seo\/ -->\n<title>Bellessere \u0161ampon za kosu i tijelo 1000ml - Flash<\/title>\n<meta name=\"description\" content=\"1000 ML  *Cijena na upit | Samo za salonsku upotrebu\" \/>\n<meta name=\"robots\" content=\"index, follow, max-snippet:-1, max-image-preview:large, max-video-preview:-1\" \/>\n<link rel=\"canonical\" href=\"https:\/\/hairbeauty-pro.com\/?product=bellessere-sampon-za-kosu-i-tijelo-2\" \/>\n<meta property=\"og:locale\" content=\"bs_BA\" \/>\n<meta property=\"og:type\" content=\"article\" \/>\n<meta property=\"og:title\" content=\"Bellessere \u0161ampon za kosu i tijelo 1000ml - Flash\" \/>\n<meta property=\"og:description\" content=\"1000 ML  *Cijena na upit | Samo za salonsku upotrebu\" \/>\n<meta property=\"og:url\" content=\"https:\/\/hairbeauty-pro.com\/?product=bellessere-sampon-za-kosu-i-tijelo-2\" \/>\n<meta property=\"og:site_name\" content=\"Flash\" \/>\n<meta property=\"article:modified_time\" content=\"2023-12-18T10:40:57+00:00\" \/>\n<meta property=\"og:image\" content=\"http:\/\/hairbeauty-pro.com\/wp-content\/uploads\/2023\/09\/2-Actyva-bellessere-shampoo-1000-ml-bolli-fronte.png\" \/>\n\t<meta property=\"og:image:width\" content=\"604\" \/>\n\t<meta property=\"og:image:height\" content=\"1024\" \/>\n\t<meta property=\"og:image:type\" content=\"image\/png\" \/>\n<meta name=\"twitter:card\" content=\"summary_large_image\" \/>\n<script type=\"application\/ld+json\" class=\"yoast-schema-graph\">{\"@context\":\"https:\/\/schema.org\",\"@graph\":[{\"@type\":\"WebPage\",\"@id\":\"https:\/\/hairbeauty-pro.com\/?product=bellessere-sampon-za-kosu-i-tijelo-2\",\"url\":\"https:\/\/hairbeauty-pro.com\/?product=bellessere-sampon-za-kosu-i-tijelo-2\",\"name\":\"Bellessere \u0161ampon za kosu i tijelo 1000ml - Flash\",\"isPartOf\":{\"@id\":\"https:\/\/hairbeauty-pro.com\/#website\"},\"datePublished\":\"2023-09-05T19:35:46+00:00\",\"dateModified\":\"2023-12-18T10:40:57+00:00\",\"description\":\"1000 ML *Cijena na upit | Samo za salonsku upotrebu\",\"breadcrumb\":{\"@id\":\"https:\/\/hairbeauty-pro.com\/?product=bellessere-sampon-za-kosu-i-tijelo-2#breadcrumb\"},\"inLanguage\":\"bs-BA\",\"potentialAction\":[{\"@type\":\"ReadAction\",\"target\":[\"https:\/\/hairbeauty-pro.com\/?product=bellessere-sampon-za-kosu-i-tijelo-2\"]}]},{\"@type\":\"BreadcrumbList\",\"@id\":\"https:\/\/hairbeauty-pro.com\/?product=bellessere-sampon-za-kosu-i-tijelo-2#breadcrumb\",\"itemListElement\":[{\"@type\":\"ListItem\",\"position\":1,\"name\":\"Home\",\"item\":\"https:\/\/hairbeauty-pro.com\/\"},{\"@type\":\"ListItem\",\"position\":2,\"name\":\"Shop\",\"item\":\"https:\/\/hairbeauty-pro.com\/?page_id=11\"},{\"@type\":\"ListItem\",\"position\":3,\"name\":\"Bellessere \u0161ampon za kosu i tijelo 1000ml\"}]},{\"@type\":\"WebSite\",\"@id\":\"https:\/\/hairbeauty-pro.com\/#website\",\"url\":\"https:\/\/hairbeauty-pro.com\/\",\"name\":\"Flash\",\"description\":\"Va\u0161a ultimativna destinacja za njegu kose\",\"publisher\":{\"@id\":\"https:\/\/hairbeauty-pro.com\/#organization\"},\"potentialAction\":[{\"@type\":\"SearchAction\",\"target\":{\"@type\":\"EntryPoint\",\"urlTemplate\":\"https:\/\/hairbeauty-pro.com\/?s={search_term_string}\"},\"query-input\":\"required name=search_term_string\"}],\"inLanguage\":\"bs-BA\"},{\"@type\":\"Organization\",\"@id\":\"https:\/\/hairbeauty-pro.com\/#organization\",\"name\":\"Flash\",\"url\":\"https:\/\/hairbeauty-pro.com\/\",\"logo\":{\"@type\":\"ImageObject\",\"inLanguage\":\"bs-BA\",\"@id\":\"https:\/\/hairbeauty-pro.com\/#\/schema\/logo\/image\/\",\"url\":\"https:\/\/hairbeauty-pro.com\/wp-content\/uploads\/2023\/07\/cropped-FLASH-LOGO-png.png\",\"contentUrl\":\"https:\/\/hairbeauty-pro.com\/wp-content\/uploads\/2023\/07\/cropped-FLASH-LOGO-png.png\",\"width\":1316,\"height\":521,\"caption\":\"Flash\"},\"image\":{\"@id\":\"https:\/\/hairbeauty-pro.com\/#\/schema\/logo\/image\/\"}}]}<\/script>\n<!-- \/ Yoast SEO plugin. -->","yoast_head_json":{"title":"Bellessere \u0161ampon za kosu i tijelo 1000ml - Flash","description":"1000 ML  *Cijena na upit | Samo za salonsku upotrebu","robots":{"index":"index","follow":"follow","max-snippet":"max-snippet:-1","max-image-preview":"max-image-preview:large","max-video-preview":"max-video-preview:-1"},"canonical":"https:\/\/hairbeauty-pro.com\/?product=bellessere-sampon-za-kosu-i-tijelo-2","og_locale":"bs_BA","og_type":"article","og_title":"Bellessere \u0161ampon za kosu i tijelo 1000ml - Flash","og_description":"1000 ML  *Cijena na upit | Samo za salonsku upotrebu","og_url":"https:\/\/hairbeauty-pro.com\/?product=bellessere-sampon-za-kosu-i-tijelo-2","og_site_name":"Flash","article_modified_time":"2023-12-18T10:40:57+00:00","og_image":[{"url":"http:\/\/hairbeauty-pro.com\/wp-content\/uploads\/2023\/09\/2-Actyva-bellessere-shampoo-1000-ml-bolli-fronte.png","width":604,"height":1024,"type":"image\/png"}],"twitter_card":"summary_large_image","schema":{"@context":"https:\/\/schema.org","@graph":[{"@type":"WebPage","@id":"https:\/\/hairbeauty-pro.com\/?product=bellessere-sampon-za-kosu-i-tijelo-2","url":"https:\/\/hairbeauty-pro.com\/?product=bellessere-sampon-za-kosu-i-tijelo-2","name":"Bellessere \u0161ampon za kosu i tijelo 1000ml - Flash","isPartOf":{"@id":"https:\/\/hairbeauty-pro.com\/#website"},"datePublished":"2023-09-05T19:35:46+00:00","dateModified":"2023-12-18T10:40:57+00:00","description":"1000 ML *Cijena na upit | Samo za salonsku upotrebu","breadcrumb":{"@id":"https:\/\/hairbeauty-pro.com\/?product=bellessere-sampon-za-kosu-i-tijelo-2#breadcrumb"},"inLanguage":"bs-BA","potentialAction":[{"@type":"ReadAction","target":["https:\/\/hairbeauty-pro.com\/?product=bellessere-sampon-za-kosu-i-tijelo-2"]}]},{"@type":"BreadcrumbList","@id":"https:\/\/hairbeauty-pro.com\/?product=bellessere-sampon-za-kosu-i-tijelo-2#breadcrumb","itemListElement":[{"@type":"ListItem","position":1,"name":"Home","item":"https:\/\/hairbeauty-pro.com\/"},{"@type":"ListItem","position":2,"name":"Shop","item":"https:\/\/hairbeauty-pro.com\/?page_id=11"},{"@type":"ListItem","position":3,"name":"Bellessere \u0161ampon za kosu i tijelo 1000ml"}]},{"@type":"WebSite","@id":"https:\/\/hairbeauty-pro.com\/#website","url":"https:\/\/hairbeauty-pro.com\/","name":"Flash","description":"Va\u0161a ultimativna destinacja za njegu kose","publisher":{"@id":"https:\/\/hairbeauty-pro.com\/#organization"},"potentialAction":[{"@type":"SearchAction","target":{"@type":"EntryPoint","urlTemplate":"https:\/\/hairbeauty-pro.com\/?s={search_term_string}"},"query-input":"required name=search_term_string"}],"inLanguage":"bs-BA"},{"@type":"Organization","@id":"https:\/\/hairbeauty-pro.com\/#organization","name":"Flash","url":"https:\/\/hairbeauty-pro.com\/","logo":{"@type":"ImageObject","inLanguage":"bs-BA","@id":"https:\/\/hairbeauty-pro.com\/#\/schema\/logo\/image\/","url":"https:\/\/hairbeauty-pro.com\/wp-content\/uploads\/2023\/07\/cropped-FLASH-LOGO-png.png","contentUrl":"https:\/\/hairbeauty-pro.com\/wp-content\/uploads\/2023\/07\/cropped-FLASH-LOGO-png.png","width":1316,"height":521,"caption":"Flash"},"image":{"@id":"https:\/\/hairbeauty-pro.com\/#\/schema\/logo\/image\/"}}]}},"_links":{"self":[{"href":"https:\/\/hairbeauty-pro.com\/index.php?rest_route=\/wp\/v2\/product\/3281"}],"collection":[{"href":"https:\/\/hairbeauty-pro.com\/index.php?rest_route=\/wp\/v2\/product"}],"about":[{"href":"https:\/\/hairbeauty-pro.com\/index.php?rest_route=\/wp\/v2\/types\/product"}],"replies":[{"embeddable":true,"href":"https:\/\/hairbeauty-pro.com\/index.php?rest_route=%2Fwp%2Fv2%2Fcomments&post=3281"}],"wp:featuredmedia":[{"embeddable":true,"href":"https:\/\/hairbeauty-pro.com\/index.php?rest_route=\/wp\/v2\/media\/3282"}],"wp:attachment":[{"href":"https:\/\/hairbeauty-pro.com\/index.php?rest_route=%2Fwp%2Fv2%2Fmedia&parent=3281"}],"wp:term":[{"taxonomy":"product_cat","embeddable":true,"href":"https:\/\/hairbeauty-pro.com\/index.php?rest_route=%2Fwp%2Fv2%2Fproduct_cat&post=3281"},{"taxonomy":"product_tag","embeddable":true,"href":"https:\/\/hairbeauty-pro.com\/index.php?rest_route=%2Fwp%2Fv2%2Fproduct_tag&post=3281"}],"curies":[{"name":"wp","href":"https:\/\/api.w.org\/{rel}","templated":true}]}}