{"id":3271,"date":"2023-09-01T15:54:03","date_gmt":"2023-09-01T15:54:03","guid":{"rendered":"https:\/\/hairbeauty-pro.com\/?post_type=product&#038;p=3271"},"modified":"2025-12-13T12:19:29","modified_gmt":"2025-12-13T12:19:29","slug":"linfa-solare-balsam-za-tijelo-nakon-suncanja","status":"publish","type":"product","link":"https:\/\/hairbeauty-pro.com\/?product=linfa-solare-balsam-za-tijelo-nakon-suncanja","title":{"rendered":"Linfa solare balsam za tijelo nakon sun\u010danja 150ml"},"content":{"rendered":"<p style=\"font-weight: 400;\">89% PRIRODNOG PORIJEKLA<\/p>\n<p style=\"font-weight: 400;\">Namjena:\u00a0 Za\u0161tititi, njegovati i nahraniti ko\u017eu i kosu izlo\u017eenu uticajima koji\u00a0 pove\u0107avaju osjetljivost i karakteristi\u010dni su za ljetno doba.<\/p>\n<p style=\"font-weight: 400;\">Balzam za tijelo koji nakon\u00a0sun\u010danja ko\u017eu hidrarira i\u00a0umiruje. Te\u010dna tekstura se brzo upija. Miris je primjeren i za mu\u0161karce i \u017eene, svje\u017e .<\/p>\n<p style=\"font-weight: 400;\">Ne masti odje\u0107u i hladi ko\u017eu.<\/p>\n<p style=\"font-weight: 400;\">Ko\u017ei koja je nakon sun\u010danja\u00a0crvena pru\u017ea osje\u0107aj olak\u0161anja.<\/p>\n<p style=\"font-weight: 400;\">Vra\u0107a prirodnu hidrataciju i poma\u017ee u odr\u017eavanju preplanuog\u00a0 tena.<\/p>\n<p style=\"font-weight: 400;\">Upotreba:<\/p>\n<p style=\"font-weight: 400;\">Nakon izlaganja suncu: nanesite na \u010distu i suhu ko\u017eu blagom masa\u017eom do potpune apsorpcije.<\/p>\n","protected":false},"excerpt":{"rendered":"<p>150 ML<\/p>\n<p>&nbsp;<\/p>\n","protected":false},"featured_media":5609,"comment_status":"open","ping_status":"closed","template":"","meta":{"site-sidebar-layout":"default","site-content-layout":"","ast-site-content-layout":"default","site-content-style":"default","site-sidebar-style":"default","ast-global-header-display":"","ast-banner-title-visibility":"","ast-main-header-display":"","ast-hfb-above-header-display":"","ast-hfb-below-header-display":"","ast-hfb-mobile-header-display":"","site-post-title":"","ast-breadcrumbs-content":"","ast-featured-img":"","footer-sml-layout":"","theme-transparent-header-meta":"default","adv-header-id-meta":"","stick-header-meta":"","header-above-stick-meta":"","header-main-stick-meta":"","header-below-stick-meta":"","astra-migrate-meta-layouts":"set","ast-page-background-enabled":"default","ast-page-background-meta":{"desktop":{"background-color":"","background-image":"","background-repeat":"repeat","background-position":"center center","background-size":"auto","background-attachment":"scroll","background-type":"","background-media":"","overlay-type":"","overlay-color":"","overlay-opacity":"","overlay-gradient":""},"tablet":{"background-color":"","background-image":"","background-repeat":"repeat","background-position":"center center","background-size":"auto","background-attachment":"scroll","background-type":"","background-media":"","overlay-type":"","overlay-color":"","overlay-opacity":"","overlay-gradient":""},"mobile":{"background-color":"","background-image":"","background-repeat":"repeat","background-position":"center center","background-size":"auto","background-attachment":"scroll","background-type":"","background-media":"","overlay-type":"","overlay-color":"","overlay-opacity":"","overlay-gradient":""}},"ast-content-background-meta":{"desktop":{"background-color":"var(--ast-global-color-5)","background-image":"","background-repeat":"repeat","background-position":"center center","background-size":"auto","background-attachment":"scroll","background-type":"","background-media":"","overlay-type":"","overlay-color":"","overlay-opacity":"","overlay-gradient":""},"tablet":{"background-color":"var(--ast-global-color-5)","background-image":"","background-repeat":"repeat","background-position":"center center","background-size":"auto","background-attachment":"scroll","background-type":"","background-media":"","overlay-type":"","overlay-color":"","overlay-opacity":"","overlay-gradient":""},"mobile":{"background-color":"var(--ast-global-color-5)","background-image":"","background-repeat":"repeat","background-position":"center center","background-size":"auto","background-attachment":"scroll","background-type":"","background-media":"","overlay-type":"","overlay-color":"","overlay-opacity":"","overlay-gradient":""}}},"product_cat":[262,115,190,176],"product_tag":[],"yoast_head":"<!-- This site is optimized with the Yoast SEO plugin v21.7 - https:\/\/yoast.com\/wordpress\/plugins\/seo\/ -->\n<title>Linfa solare balsam za tijelo nakon sun\u010danja 150ml - Flash<\/title>\n<meta name=\"description\" content=\"150 ML  &nbsp;\" \/>\n<meta name=\"robots\" content=\"index, follow, max-snippet:-1, max-image-preview:large, max-video-preview:-1\" \/>\n<link rel=\"canonical\" href=\"https:\/\/hairbeauty-pro.com\/?product=linfa-solare-balsam-za-tijelo-nakon-suncanja\" \/>\n<meta property=\"og:locale\" content=\"bs_BA\" \/>\n<meta property=\"og:type\" content=\"article\" \/>\n<meta property=\"og:title\" content=\"Linfa solare balsam za tijelo nakon sun\u010danja 150ml - Flash\" \/>\n<meta property=\"og:description\" content=\"150 ML  &nbsp;\" \/>\n<meta property=\"og:url\" content=\"https:\/\/hairbeauty-pro.com\/?product=linfa-solare-balsam-za-tijelo-nakon-suncanja\" \/>\n<meta property=\"og:site_name\" content=\"Flash\" \/>\n<meta property=\"article:modified_time\" content=\"2025-12-13T12:19:29+00:00\" \/>\n<meta property=\"og:image\" content=\"http:\/\/hairbeauty-pro.com\/wp-content\/uploads\/2023\/11\/3-Actyva-linfa-solare-after-sun-150-ml-bolli-fronte-1-scaled-1.jpg\" \/>\n\t<meta property=\"og:image:width\" content=\"1707\" \/>\n\t<meta property=\"og:image:height\" content=\"2560\" \/>\n\t<meta property=\"og:image:type\" content=\"image\/jpeg\" \/>\n<meta name=\"twitter:card\" content=\"summary_large_image\" \/>\n<meta name=\"twitter:label1\" content=\"Est. reading time\" \/>\n\t<meta name=\"twitter:data1\" content=\"1 minuta\" \/>\n<script type=\"application\/ld+json\" class=\"yoast-schema-graph\">{\"@context\":\"https:\/\/schema.org\",\"@graph\":[{\"@type\":\"WebPage\",\"@id\":\"https:\/\/hairbeauty-pro.com\/?product=linfa-solare-balsam-za-tijelo-nakon-suncanja\",\"url\":\"https:\/\/hairbeauty-pro.com\/?product=linfa-solare-balsam-za-tijelo-nakon-suncanja\",\"name\":\"Linfa solare balsam za tijelo nakon sun\u010danja 150ml - Flash\",\"isPartOf\":{\"@id\":\"https:\/\/hairbeauty-pro.com\/#website\"},\"datePublished\":\"2023-09-01T15:54:03+00:00\",\"dateModified\":\"2025-12-13T12:19:29+00:00\",\"description\":\"150 ML &nbsp;\",\"breadcrumb\":{\"@id\":\"https:\/\/hairbeauty-pro.com\/?product=linfa-solare-balsam-za-tijelo-nakon-suncanja#breadcrumb\"},\"inLanguage\":\"bs-BA\",\"potentialAction\":[{\"@type\":\"ReadAction\",\"target\":[\"https:\/\/hairbeauty-pro.com\/?product=linfa-solare-balsam-za-tijelo-nakon-suncanja\"]}]},{\"@type\":\"BreadcrumbList\",\"@id\":\"https:\/\/hairbeauty-pro.com\/?product=linfa-solare-balsam-za-tijelo-nakon-suncanja#breadcrumb\",\"itemListElement\":[{\"@type\":\"ListItem\",\"position\":1,\"name\":\"Home\",\"item\":\"https:\/\/hairbeauty-pro.com\/\"},{\"@type\":\"ListItem\",\"position\":2,\"name\":\"Shop\",\"item\":\"https:\/\/hairbeauty-pro.com\/?page_id=11\"},{\"@type\":\"ListItem\",\"position\":3,\"name\":\"Linfa solare balsam za tijelo nakon sun\u010danja 150ml\"}]},{\"@type\":\"WebSite\",\"@id\":\"https:\/\/hairbeauty-pro.com\/#website\",\"url\":\"https:\/\/hairbeauty-pro.com\/\",\"name\":\"Flash\",\"description\":\"Va\u0161a ultimativna destinacja za njegu kose\",\"publisher\":{\"@id\":\"https:\/\/hairbeauty-pro.com\/#organization\"},\"potentialAction\":[{\"@type\":\"SearchAction\",\"target\":{\"@type\":\"EntryPoint\",\"urlTemplate\":\"https:\/\/hairbeauty-pro.com\/?s={search_term_string}\"},\"query-input\":\"required name=search_term_string\"}],\"inLanguage\":\"bs-BA\"},{\"@type\":\"Organization\",\"@id\":\"https:\/\/hairbeauty-pro.com\/#organization\",\"name\":\"Flash\",\"url\":\"https:\/\/hairbeauty-pro.com\/\",\"logo\":{\"@type\":\"ImageObject\",\"inLanguage\":\"bs-BA\",\"@id\":\"https:\/\/hairbeauty-pro.com\/#\/schema\/logo\/image\/\",\"url\":\"https:\/\/hairbeauty-pro.com\/wp-content\/uploads\/2023\/07\/cropped-FLASH-LOGO-png.png\",\"contentUrl\":\"https:\/\/hairbeauty-pro.com\/wp-content\/uploads\/2023\/07\/cropped-FLASH-LOGO-png.png\",\"width\":1316,\"height\":521,\"caption\":\"Flash\"},\"image\":{\"@id\":\"https:\/\/hairbeauty-pro.com\/#\/schema\/logo\/image\/\"}}]}<\/script>\n<!-- \/ Yoast SEO plugin. -->","yoast_head_json":{"title":"Linfa solare balsam za tijelo nakon sun\u010danja 150ml - Flash","description":"150 ML  &nbsp;","robots":{"index":"index","follow":"follow","max-snippet":"max-snippet:-1","max-image-preview":"max-image-preview:large","max-video-preview":"max-video-preview:-1"},"canonical":"https:\/\/hairbeauty-pro.com\/?product=linfa-solare-balsam-za-tijelo-nakon-suncanja","og_locale":"bs_BA","og_type":"article","og_title":"Linfa solare balsam za tijelo nakon sun\u010danja 150ml - Flash","og_description":"150 ML  &nbsp;","og_url":"https:\/\/hairbeauty-pro.com\/?product=linfa-solare-balsam-za-tijelo-nakon-suncanja","og_site_name":"Flash","article_modified_time":"2025-12-13T12:19:29+00:00","og_image":[{"width":1707,"height":2560,"url":"http:\/\/hairbeauty-pro.com\/wp-content\/uploads\/2023\/11\/3-Actyva-linfa-solare-after-sun-150-ml-bolli-fronte-1-scaled-1.jpg","type":"image\/jpeg"}],"twitter_card":"summary_large_image","twitter_misc":{"Est. reading time":"1 minuta"},"schema":{"@context":"https:\/\/schema.org","@graph":[{"@type":"WebPage","@id":"https:\/\/hairbeauty-pro.com\/?product=linfa-solare-balsam-za-tijelo-nakon-suncanja","url":"https:\/\/hairbeauty-pro.com\/?product=linfa-solare-balsam-za-tijelo-nakon-suncanja","name":"Linfa solare balsam za tijelo nakon sun\u010danja 150ml - Flash","isPartOf":{"@id":"https:\/\/hairbeauty-pro.com\/#website"},"datePublished":"2023-09-01T15:54:03+00:00","dateModified":"2025-12-13T12:19:29+00:00","description":"150 ML &nbsp;","breadcrumb":{"@id":"https:\/\/hairbeauty-pro.com\/?product=linfa-solare-balsam-za-tijelo-nakon-suncanja#breadcrumb"},"inLanguage":"bs-BA","potentialAction":[{"@type":"ReadAction","target":["https:\/\/hairbeauty-pro.com\/?product=linfa-solare-balsam-za-tijelo-nakon-suncanja"]}]},{"@type":"BreadcrumbList","@id":"https:\/\/hairbeauty-pro.com\/?product=linfa-solare-balsam-za-tijelo-nakon-suncanja#breadcrumb","itemListElement":[{"@type":"ListItem","position":1,"name":"Home","item":"https:\/\/hairbeauty-pro.com\/"},{"@type":"ListItem","position":2,"name":"Shop","item":"https:\/\/hairbeauty-pro.com\/?page_id=11"},{"@type":"ListItem","position":3,"name":"Linfa solare balsam za tijelo nakon sun\u010danja 150ml"}]},{"@type":"WebSite","@id":"https:\/\/hairbeauty-pro.com\/#website","url":"https:\/\/hairbeauty-pro.com\/","name":"Flash","description":"Va\u0161a ultimativna destinacja za njegu kose","publisher":{"@id":"https:\/\/hairbeauty-pro.com\/#organization"},"potentialAction":[{"@type":"SearchAction","target":{"@type":"EntryPoint","urlTemplate":"https:\/\/hairbeauty-pro.com\/?s={search_term_string}"},"query-input":"required name=search_term_string"}],"inLanguage":"bs-BA"},{"@type":"Organization","@id":"https:\/\/hairbeauty-pro.com\/#organization","name":"Flash","url":"https:\/\/hairbeauty-pro.com\/","logo":{"@type":"ImageObject","inLanguage":"bs-BA","@id":"https:\/\/hairbeauty-pro.com\/#\/schema\/logo\/image\/","url":"https:\/\/hairbeauty-pro.com\/wp-content\/uploads\/2023\/07\/cropped-FLASH-LOGO-png.png","contentUrl":"https:\/\/hairbeauty-pro.com\/wp-content\/uploads\/2023\/07\/cropped-FLASH-LOGO-png.png","width":1316,"height":521,"caption":"Flash"},"image":{"@id":"https:\/\/hairbeauty-pro.com\/#\/schema\/logo\/image\/"}}]}},"_links":{"self":[{"href":"https:\/\/hairbeauty-pro.com\/index.php?rest_route=\/wp\/v2\/product\/3271"}],"collection":[{"href":"https:\/\/hairbeauty-pro.com\/index.php?rest_route=\/wp\/v2\/product"}],"about":[{"href":"https:\/\/hairbeauty-pro.com\/index.php?rest_route=\/wp\/v2\/types\/product"}],"replies":[{"embeddable":true,"href":"https:\/\/hairbeauty-pro.com\/index.php?rest_route=%2Fwp%2Fv2%2Fcomments&post=3271"}],"wp:featuredmedia":[{"embeddable":true,"href":"https:\/\/hairbeauty-pro.com\/index.php?rest_route=\/wp\/v2\/media\/5609"}],"wp:attachment":[{"href":"https:\/\/hairbeauty-pro.com\/index.php?rest_route=%2Fwp%2Fv2%2Fmedia&parent=3271"}],"wp:term":[{"taxonomy":"product_cat","embeddable":true,"href":"https:\/\/hairbeauty-pro.com\/index.php?rest_route=%2Fwp%2Fv2%2Fproduct_cat&post=3271"},{"taxonomy":"product_tag","embeddable":true,"href":"https:\/\/hairbeauty-pro.com\/index.php?rest_route=%2Fwp%2Fv2%2Fproduct_tag&post=3271"}],"curies":[{"name":"wp","href":"https:\/\/api.w.org\/{rel}","templated":true}]}}