{"id":3241,"date":"2023-09-01T15:15:07","date_gmt":"2023-09-01T15:15:07","guid":{"rendered":"https:\/\/hairbeauty-pro.com\/?post_type=product&#038;p=3241"},"modified":"2023-12-18T10:52:57","modified_gmt":"2023-12-18T10:52:57","slug":"equilibrio-koncentrat","status":"publish","type":"product","link":"https:\/\/hairbeauty-pro.com\/?product=equilibrio-koncentrat","title":{"rendered":"Equilibrio Koncentrat 50ml"},"content":{"rendered":"<p style=\"font-weight: 400;\">95% PRIRODNOG PORIJEKLA<\/p>\n<p style=\"font-weight: 400;\">Rebalansirajuc\u0301i koncentrat za masno tjeme.<\/p>\n<p style=\"font-weight: 400;\">Formula je obogac\u0301ena ekstraktom lotosovog cveta, novim funkcionalnim sastojkom u kozmetici koji smanjuje prekomjerno lu\u010denje sebuma. Redovnom upotrebom, poma\u017ee u ubla\u017eavanju tegoba povezanih sa lo\u0161im stanjem ko\u017ee tjemana i \u00a0vra\u0107anju ravnote\u017ee hidrolipidnog sloja.<\/p>\n<p style=\"font-weight: 400;\">Upotreba:<\/p>\n<p style=\"font-weight: 400;\">Nakon \u0161amponiranja pome\u0161ajte 1,5 ml koncentrata sa 30 ml Gel baze. Nanesite na tjeme, dio po dio.<\/p>\n<p style=\"font-weight: 400;\">Masirajte i ostavite da djeluje 5 minuta, a zatim isperite. Za upotrebu sa koncentratorom kiseonika, pogledajte priru\u010dnika o ritualima.<\/p>\n<p style=\"font-weight: 400;\">Profesionalni proizvod.<\/p>\n<p style=\"font-weight: 400;\">*Ako su osim prekomjernog lu\u010denja sebuma prisutni i sekundarni problemi na tjemenu, Equilibrio koncentrat mo\u017ee se mije\u0161ati sa ostalim koncentratima koji su dostupni u Specifici liniji za njegu ko\u017ee tjemena, sve dok se ne dostigne ukupna koli\u010dina smjese od 1,5 ml:<\/p>\n<ul>\n<li style=\"font-weight: 400;\">pomije\u0161ati sa Purezza koncentratom za poja\u010davanje pre\u010di\u0161c\u0301avajuc\u0301e moc\u0301i tretmana;<\/li>\n<li style=\"font-weight: 400;\">pomije\u0161ajte sa Benessere koncentratom za poja\u010davanje umirujuc\u0301e i dekongestirajuc\u0301e moc\u0301i tretmana.<\/li>\n<\/ul>\n","protected":false},"excerpt":{"rendered":"<p>50 ML<\/p>\n<p>*Cijena na upit | Samo za salonsku upotrebu<\/p>\n<p>&nbsp;<\/p>\n","protected":false},"featured_media":5602,"comment_status":"open","ping_status":"closed","template":"","meta":{"site-sidebar-layout":"default","site-content-layout":"","ast-site-content-layout":"default","site-content-style":"default","site-sidebar-style":"default","ast-global-header-display":"","ast-banner-title-visibility":"","ast-main-header-display":"","ast-hfb-above-header-display":"","ast-hfb-below-header-display":"","ast-hfb-mobile-header-display":"","site-post-title":"","ast-breadcrumbs-content":"","ast-featured-img":"","footer-sml-layout":"","theme-transparent-header-meta":"default","adv-header-id-meta":"","stick-header-meta":"","header-above-stick-meta":"","header-main-stick-meta":"","header-below-stick-meta":"","astra-migrate-meta-layouts":"set","ast-page-background-enabled":"default","ast-page-background-meta":{"desktop":{"background-color":"","background-image":"","background-repeat":"repeat","background-position":"center center","background-size":"auto","background-attachment":"scroll","background-type":"","background-media":"","overlay-type":"","overlay-color":"","overlay-opacity":"","overlay-gradient":""},"tablet":{"background-color":"","background-image":"","background-repeat":"repeat","background-position":"center center","background-size":"auto","background-attachment":"scroll","background-type":"","background-media":"","overlay-type":"","overlay-color":"","overlay-opacity":"","overlay-gradient":""},"mobile":{"background-color":"","background-image":"","background-repeat":"repeat","background-position":"center center","background-size":"auto","background-attachment":"scroll","background-type":"","background-media":"","overlay-type":"","overlay-color":"","overlay-opacity":"","overlay-gradient":""}},"ast-content-background-meta":{"desktop":{"background-color":"var(--ast-global-color-5)","background-image":"","background-repeat":"repeat","background-position":"center center","background-size":"auto","background-attachment":"scroll","background-type":"","background-media":"","overlay-type":"","overlay-color":"","overlay-opacity":"","overlay-gradient":""},"tablet":{"background-color":"var(--ast-global-color-5)","background-image":"","background-repeat":"repeat","background-position":"center center","background-size":"auto","background-attachment":"scroll","background-type":"","background-media":"","overlay-type":"","overlay-color":"","overlay-opacity":"","overlay-gradient":""},"mobile":{"background-color":"var(--ast-global-color-5)","background-image":"","background-repeat":"repeat","background-position":"center center","background-size":"auto","background-attachment":"scroll","background-type":"","background-media":"","overlay-type":"","overlay-color":"","overlay-opacity":"","overlay-gradient":""}}},"product_cat":[262,112,186,176],"product_tag":[],"yoast_head":"<!-- This site is optimized with the Yoast SEO plugin v21.7 - https:\/\/yoast.com\/wordpress\/plugins\/seo\/ -->\n<title>Equilibrio Koncentrat 50ml - Flash<\/title>\n<meta name=\"description\" content=\"50 ML  *Cijena na upit | Samo za salonsku upotrebu  &nbsp;\" \/>\n<meta name=\"robots\" content=\"index, follow, max-snippet:-1, max-image-preview:large, max-video-preview:-1\" \/>\n<link rel=\"canonical\" href=\"https:\/\/hairbeauty-pro.com\/?product=equilibrio-koncentrat\" \/>\n<meta property=\"og:locale\" content=\"bs_BA\" \/>\n<meta property=\"og:type\" content=\"article\" \/>\n<meta property=\"og:title\" content=\"Equilibrio Koncentrat 50ml - Flash\" \/>\n<meta property=\"og:description\" content=\"50 ML  *Cijena na upit | Samo za salonsku upotrebu  &nbsp;\" \/>\n<meta property=\"og:url\" content=\"https:\/\/hairbeauty-pro.com\/?product=equilibrio-koncentrat\" \/>\n<meta property=\"og:site_name\" content=\"Flash\" \/>\n<meta property=\"article:modified_time\" content=\"2023-12-18T10:52:57+00:00\" \/>\n<meta property=\"og:image\" content=\"http:\/\/hairbeauty-pro.com\/wp-content\/uploads\/2023\/11\/4-Actyva-equilibrio-concentrate-50-ml-bolli-fronte-1-scaled-1.jpg\" \/>\n\t<meta property=\"og:image:width\" content=\"2560\" \/>\n\t<meta property=\"og:image:height\" content=\"1707\" \/>\n\t<meta property=\"og:image:type\" content=\"image\/jpeg\" \/>\n<meta name=\"twitter:card\" content=\"summary_large_image\" \/>\n<meta name=\"twitter:label1\" content=\"Est. reading time\" \/>\n\t<meta name=\"twitter:data1\" content=\"1 minuta\" \/>\n<script type=\"application\/ld+json\" class=\"yoast-schema-graph\">{\"@context\":\"https:\/\/schema.org\",\"@graph\":[{\"@type\":\"WebPage\",\"@id\":\"https:\/\/hairbeauty-pro.com\/?product=equilibrio-koncentrat\",\"url\":\"https:\/\/hairbeauty-pro.com\/?product=equilibrio-koncentrat\",\"name\":\"Equilibrio Koncentrat 50ml - Flash\",\"isPartOf\":{\"@id\":\"https:\/\/hairbeauty-pro.com\/#website\"},\"datePublished\":\"2023-09-01T15:15:07+00:00\",\"dateModified\":\"2023-12-18T10:52:57+00:00\",\"description\":\"50 ML *Cijena na upit | Samo za salonsku upotrebu &nbsp;\",\"breadcrumb\":{\"@id\":\"https:\/\/hairbeauty-pro.com\/?product=equilibrio-koncentrat#breadcrumb\"},\"inLanguage\":\"bs-BA\",\"potentialAction\":[{\"@type\":\"ReadAction\",\"target\":[\"https:\/\/hairbeauty-pro.com\/?product=equilibrio-koncentrat\"]}]},{\"@type\":\"BreadcrumbList\",\"@id\":\"https:\/\/hairbeauty-pro.com\/?product=equilibrio-koncentrat#breadcrumb\",\"itemListElement\":[{\"@type\":\"ListItem\",\"position\":1,\"name\":\"Home\",\"item\":\"https:\/\/hairbeauty-pro.com\/\"},{\"@type\":\"ListItem\",\"position\":2,\"name\":\"Shop\",\"item\":\"https:\/\/hairbeauty-pro.com\/?page_id=11\"},{\"@type\":\"ListItem\",\"position\":3,\"name\":\"Equilibrio Koncentrat 50ml\"}]},{\"@type\":\"WebSite\",\"@id\":\"https:\/\/hairbeauty-pro.com\/#website\",\"url\":\"https:\/\/hairbeauty-pro.com\/\",\"name\":\"Flash\",\"description\":\"Va\u0161a ultimativna destinacja za njegu kose\",\"publisher\":{\"@id\":\"https:\/\/hairbeauty-pro.com\/#organization\"},\"potentialAction\":[{\"@type\":\"SearchAction\",\"target\":{\"@type\":\"EntryPoint\",\"urlTemplate\":\"https:\/\/hairbeauty-pro.com\/?s={search_term_string}\"},\"query-input\":\"required name=search_term_string\"}],\"inLanguage\":\"bs-BA\"},{\"@type\":\"Organization\",\"@id\":\"https:\/\/hairbeauty-pro.com\/#organization\",\"name\":\"Flash\",\"url\":\"https:\/\/hairbeauty-pro.com\/\",\"logo\":{\"@type\":\"ImageObject\",\"inLanguage\":\"bs-BA\",\"@id\":\"https:\/\/hairbeauty-pro.com\/#\/schema\/logo\/image\/\",\"url\":\"https:\/\/hairbeauty-pro.com\/wp-content\/uploads\/2023\/07\/cropped-FLASH-LOGO-png.png\",\"contentUrl\":\"https:\/\/hairbeauty-pro.com\/wp-content\/uploads\/2023\/07\/cropped-FLASH-LOGO-png.png\",\"width\":1316,\"height\":521,\"caption\":\"Flash\"},\"image\":{\"@id\":\"https:\/\/hairbeauty-pro.com\/#\/schema\/logo\/image\/\"}}]}<\/script>\n<!-- \/ Yoast SEO plugin. -->","yoast_head_json":{"title":"Equilibrio Koncentrat 50ml - Flash","description":"50 ML  *Cijena na upit | Samo za salonsku upotrebu  &nbsp;","robots":{"index":"index","follow":"follow","max-snippet":"max-snippet:-1","max-image-preview":"max-image-preview:large","max-video-preview":"max-video-preview:-1"},"canonical":"https:\/\/hairbeauty-pro.com\/?product=equilibrio-koncentrat","og_locale":"bs_BA","og_type":"article","og_title":"Equilibrio Koncentrat 50ml - Flash","og_description":"50 ML  *Cijena na upit | Samo za salonsku upotrebu  &nbsp;","og_url":"https:\/\/hairbeauty-pro.com\/?product=equilibrio-koncentrat","og_site_name":"Flash","article_modified_time":"2023-12-18T10:52:57+00:00","og_image":[{"width":2560,"height":1707,"url":"http:\/\/hairbeauty-pro.com\/wp-content\/uploads\/2023\/11\/4-Actyva-equilibrio-concentrate-50-ml-bolli-fronte-1-scaled-1.jpg","type":"image\/jpeg"}],"twitter_card":"summary_large_image","twitter_misc":{"Est. reading time":"1 minuta"},"schema":{"@context":"https:\/\/schema.org","@graph":[{"@type":"WebPage","@id":"https:\/\/hairbeauty-pro.com\/?product=equilibrio-koncentrat","url":"https:\/\/hairbeauty-pro.com\/?product=equilibrio-koncentrat","name":"Equilibrio Koncentrat 50ml - Flash","isPartOf":{"@id":"https:\/\/hairbeauty-pro.com\/#website"},"datePublished":"2023-09-01T15:15:07+00:00","dateModified":"2023-12-18T10:52:57+00:00","description":"50 ML *Cijena na upit | Samo za salonsku upotrebu &nbsp;","breadcrumb":{"@id":"https:\/\/hairbeauty-pro.com\/?product=equilibrio-koncentrat#breadcrumb"},"inLanguage":"bs-BA","potentialAction":[{"@type":"ReadAction","target":["https:\/\/hairbeauty-pro.com\/?product=equilibrio-koncentrat"]}]},{"@type":"BreadcrumbList","@id":"https:\/\/hairbeauty-pro.com\/?product=equilibrio-koncentrat#breadcrumb","itemListElement":[{"@type":"ListItem","position":1,"name":"Home","item":"https:\/\/hairbeauty-pro.com\/"},{"@type":"ListItem","position":2,"name":"Shop","item":"https:\/\/hairbeauty-pro.com\/?page_id=11"},{"@type":"ListItem","position":3,"name":"Equilibrio Koncentrat 50ml"}]},{"@type":"WebSite","@id":"https:\/\/hairbeauty-pro.com\/#website","url":"https:\/\/hairbeauty-pro.com\/","name":"Flash","description":"Va\u0161a ultimativna destinacja za njegu kose","publisher":{"@id":"https:\/\/hairbeauty-pro.com\/#organization"},"potentialAction":[{"@type":"SearchAction","target":{"@type":"EntryPoint","urlTemplate":"https:\/\/hairbeauty-pro.com\/?s={search_term_string}"},"query-input":"required name=search_term_string"}],"inLanguage":"bs-BA"},{"@type":"Organization","@id":"https:\/\/hairbeauty-pro.com\/#organization","name":"Flash","url":"https:\/\/hairbeauty-pro.com\/","logo":{"@type":"ImageObject","inLanguage":"bs-BA","@id":"https:\/\/hairbeauty-pro.com\/#\/schema\/logo\/image\/","url":"https:\/\/hairbeauty-pro.com\/wp-content\/uploads\/2023\/07\/cropped-FLASH-LOGO-png.png","contentUrl":"https:\/\/hairbeauty-pro.com\/wp-content\/uploads\/2023\/07\/cropped-FLASH-LOGO-png.png","width":1316,"height":521,"caption":"Flash"},"image":{"@id":"https:\/\/hairbeauty-pro.com\/#\/schema\/logo\/image\/"}}]}},"_links":{"self":[{"href":"https:\/\/hairbeauty-pro.com\/index.php?rest_route=\/wp\/v2\/product\/3241"}],"collection":[{"href":"https:\/\/hairbeauty-pro.com\/index.php?rest_route=\/wp\/v2\/product"}],"about":[{"href":"https:\/\/hairbeauty-pro.com\/index.php?rest_route=\/wp\/v2\/types\/product"}],"replies":[{"embeddable":true,"href":"https:\/\/hairbeauty-pro.com\/index.php?rest_route=%2Fwp%2Fv2%2Fcomments&post=3241"}],"wp:featuredmedia":[{"embeddable":true,"href":"https:\/\/hairbeauty-pro.com\/index.php?rest_route=\/wp\/v2\/media\/5602"}],"wp:attachment":[{"href":"https:\/\/hairbeauty-pro.com\/index.php?rest_route=%2Fwp%2Fv2%2Fmedia&parent=3241"}],"wp:term":[{"taxonomy":"product_cat","embeddable":true,"href":"https:\/\/hairbeauty-pro.com\/index.php?rest_route=%2Fwp%2Fv2%2Fproduct_cat&post=3241"},{"taxonomy":"product_tag","embeddable":true,"href":"https:\/\/hairbeauty-pro.com\/index.php?rest_route=%2Fwp%2Fv2%2Fproduct_tag&post=3241"}],"curies":[{"name":"wp","href":"https:\/\/api.w.org\/{rel}","templated":true}]}}