{"id":3176,"date":"2023-08-29T19:50:20","date_gmt":"2023-08-29T19:50:20","guid":{"rendered":"https:\/\/hairbeauty-pro.com\/?post_type=product&#038;p=3176"},"modified":"2023-12-18T10:44:04","modified_gmt":"2023-12-18T10:44:04","slug":"nutrizione-ricca-maska-2","status":"publish","type":"product","link":"https:\/\/hairbeauty-pro.com\/?product=nutrizione-ricca-maska-2","title":{"rendered":"NUTRIZIONE RICCA Maska 1000ml"},"content":{"rendered":"<p style=\"font-weight: 400;\">Bogata njega kose<\/p>\n<p style=\"font-weight: 400;\">92% PRIRODNOG PORIJEKLA<\/p>\n<p style=\"font-weight: 400;\">Tip kose: suha ili veoma suha kosa- potpuno bez sjaja, veoma tvrda i hrapava na dodir, te\u0161ko se ra\u0161\u010de\u0161ljava i ne dr\u017ei frizuru.<\/p>\n<p style=\"font-weight: 400;\">Njega za intenzivno hranjenje.<\/p>\n<p style=\"font-weight: 400;\">Pru\u017ea pravi stepen hranjenja veoma isu\u0161enoj ili osjetljivoj kosi.<\/p>\n<p style=\"font-weight: 400;\">Vidljivo olak\u0161ava ra\u0161\u010de\u0161ljavanje i \u010de\u0161ljanje te kosu \u010dinu gipkom.<\/p>\n<p style=\"font-weight: 400;\">Daje sjaj, potpunu meko\u0107u i omogu\u0107ava\u00a0 kontrolu volumena.<\/p>\n<p style=\"font-weight: 400;\">Upotreba:<\/p>\n<p style=\"font-weight: 400;\">Nanesite na vrhove i kosu koju ste ve\u0107 isprali i dobro obrisali te pritom masirajte pramen po pramen. Rasporedite \u010de\u0161ljanjem. Ostavite da djeluje od 5 do 10 minuta. Emulgujte i temeljno isperite.<\/p>\n","protected":false},"excerpt":{"rendered":"<p>1000 ML<\/p>\n<p>*Cijena na upit | Samo za salonsku upotrebu<\/p>\n","protected":false},"featured_media":3177,"comment_status":"open","ping_status":"closed","template":"","meta":{"site-sidebar-layout":"default","site-content-layout":"","ast-site-content-layout":"default","site-content-style":"default","site-sidebar-style":"default","ast-global-header-display":"","ast-banner-title-visibility":"","ast-main-header-display":"","ast-hfb-above-header-display":"","ast-hfb-below-header-display":"","ast-hfb-mobile-header-display":"","site-post-title":"","ast-breadcrumbs-content":"","ast-featured-img":"","footer-sml-layout":"","theme-transparent-header-meta":"default","adv-header-id-meta":"","stick-header-meta":"","header-above-stick-meta":"","header-main-stick-meta":"","header-below-stick-meta":"","astra-migrate-meta-layouts":"set","ast-page-background-enabled":"default","ast-page-background-meta":{"desktop":{"background-color":"","background-image":"","background-repeat":"repeat","background-position":"center center","background-size":"auto","background-attachment":"scroll","background-type":"","background-media":"","overlay-type":"","overlay-color":"","overlay-opacity":"","overlay-gradient":""},"tablet":{"background-color":"","background-image":"","background-repeat":"repeat","background-position":"center center","background-size":"auto","background-attachment":"scroll","background-type":"","background-media":"","overlay-type":"","overlay-color":"","overlay-opacity":"","overlay-gradient":""},"mobile":{"background-color":"","background-image":"","background-repeat":"repeat","background-position":"center center","background-size":"auto","background-attachment":"scroll","background-type":"","background-media":"","overlay-type":"","overlay-color":"","overlay-opacity":"","overlay-gradient":""}},"ast-content-background-meta":{"desktop":{"background-color":"var(--ast-global-color-5)","background-image":"","background-repeat":"repeat","background-position":"center center","background-size":"auto","background-attachment":"scroll","background-type":"","background-media":"","overlay-type":"","overlay-color":"","overlay-opacity":"","overlay-gradient":""},"tablet":{"background-color":"var(--ast-global-color-5)","background-image":"","background-repeat":"repeat","background-position":"center center","background-size":"auto","background-attachment":"scroll","background-type":"","background-media":"","overlay-type":"","overlay-color":"","overlay-opacity":"","overlay-gradient":""},"mobile":{"background-color":"var(--ast-global-color-5)","background-image":"","background-repeat":"repeat","background-position":"center center","background-size":"auto","background-attachment":"scroll","background-type":"","background-media":"","overlay-type":"","overlay-color":"","overlay-opacity":"","overlay-gradient":""}}},"product_cat":[262,176,108,182],"product_tag":[],"yoast_head":"<!-- This site is optimized with the Yoast SEO plugin v21.7 - https:\/\/yoast.com\/wordpress\/plugins\/seo\/ -->\n<title>NUTRIZIONE RICCA Maska 1000ml - Flash<\/title>\n<meta name=\"description\" content=\"1000 ML  *Cijena na upit | Samo za salonsku upotrebu\" \/>\n<meta name=\"robots\" content=\"index, follow, max-snippet:-1, max-image-preview:large, max-video-preview:-1\" \/>\n<link rel=\"canonical\" href=\"https:\/\/hairbeauty-pro.com\/?product=nutrizione-ricca-maska-2\" \/>\n<meta property=\"og:locale\" content=\"bs_BA\" \/>\n<meta property=\"og:type\" content=\"article\" \/>\n<meta property=\"og:title\" content=\"NUTRIZIONE RICCA Maska 1000ml - Flash\" \/>\n<meta property=\"og:description\" content=\"1000 ML  *Cijena na upit | Samo za salonsku upotrebu\" \/>\n<meta property=\"og:url\" content=\"https:\/\/hairbeauty-pro.com\/?product=nutrizione-ricca-maska-2\" \/>\n<meta property=\"og:site_name\" content=\"Flash\" \/>\n<meta property=\"article:modified_time\" content=\"2023-12-18T10:44:04+00:00\" \/>\n<meta property=\"og:image\" content=\"http:\/\/hairbeauty-pro.com\/wp-content\/uploads\/2023\/08\/4-Actyva-volume-e-corpositO-cond-1000-ml-bolli-fronte-1.png\" \/>\n\t<meta property=\"og:image:width\" content=\"683\" \/>\n\t<meta property=\"og:image:height\" content=\"1024\" \/>\n\t<meta property=\"og:image:type\" content=\"image\/png\" \/>\n<meta name=\"twitter:card\" content=\"summary_large_image\" \/>\n<meta name=\"twitter:label1\" content=\"Est. reading time\" \/>\n\t<meta name=\"twitter:data1\" content=\"1 minuta\" \/>\n<script type=\"application\/ld+json\" class=\"yoast-schema-graph\">{\"@context\":\"https:\/\/schema.org\",\"@graph\":[{\"@type\":\"WebPage\",\"@id\":\"https:\/\/hairbeauty-pro.com\/?product=nutrizione-ricca-maska-2\",\"url\":\"https:\/\/hairbeauty-pro.com\/?product=nutrizione-ricca-maska-2\",\"name\":\"NUTRIZIONE RICCA Maska 1000ml - Flash\",\"isPartOf\":{\"@id\":\"https:\/\/hairbeauty-pro.com\/#website\"},\"datePublished\":\"2023-08-29T19:50:20+00:00\",\"dateModified\":\"2023-12-18T10:44:04+00:00\",\"description\":\"1000 ML *Cijena na upit | Samo za salonsku upotrebu\",\"breadcrumb\":{\"@id\":\"https:\/\/hairbeauty-pro.com\/?product=nutrizione-ricca-maska-2#breadcrumb\"},\"inLanguage\":\"bs-BA\",\"potentialAction\":[{\"@type\":\"ReadAction\",\"target\":[\"https:\/\/hairbeauty-pro.com\/?product=nutrizione-ricca-maska-2\"]}]},{\"@type\":\"BreadcrumbList\",\"@id\":\"https:\/\/hairbeauty-pro.com\/?product=nutrizione-ricca-maska-2#breadcrumb\",\"itemListElement\":[{\"@type\":\"ListItem\",\"position\":1,\"name\":\"Home\",\"item\":\"https:\/\/hairbeauty-pro.com\/\"},{\"@type\":\"ListItem\",\"position\":2,\"name\":\"Shop\",\"item\":\"https:\/\/hairbeauty-pro.com\/?page_id=11\"},{\"@type\":\"ListItem\",\"position\":3,\"name\":\"NUTRIZIONE RICCA Maska 1000ml\"}]},{\"@type\":\"WebSite\",\"@id\":\"https:\/\/hairbeauty-pro.com\/#website\",\"url\":\"https:\/\/hairbeauty-pro.com\/\",\"name\":\"Flash\",\"description\":\"Va\u0161a ultimativna destinacja za njegu kose\",\"publisher\":{\"@id\":\"https:\/\/hairbeauty-pro.com\/#organization\"},\"potentialAction\":[{\"@type\":\"SearchAction\",\"target\":{\"@type\":\"EntryPoint\",\"urlTemplate\":\"https:\/\/hairbeauty-pro.com\/?s={search_term_string}\"},\"query-input\":\"required name=search_term_string\"}],\"inLanguage\":\"bs-BA\"},{\"@type\":\"Organization\",\"@id\":\"https:\/\/hairbeauty-pro.com\/#organization\",\"name\":\"Flash\",\"url\":\"https:\/\/hairbeauty-pro.com\/\",\"logo\":{\"@type\":\"ImageObject\",\"inLanguage\":\"bs-BA\",\"@id\":\"https:\/\/hairbeauty-pro.com\/#\/schema\/logo\/image\/\",\"url\":\"https:\/\/hairbeauty-pro.com\/wp-content\/uploads\/2023\/07\/cropped-FLASH-LOGO-png.png\",\"contentUrl\":\"https:\/\/hairbeauty-pro.com\/wp-content\/uploads\/2023\/07\/cropped-FLASH-LOGO-png.png\",\"width\":1316,\"height\":521,\"caption\":\"Flash\"},\"image\":{\"@id\":\"https:\/\/hairbeauty-pro.com\/#\/schema\/logo\/image\/\"}}]}<\/script>\n<!-- \/ Yoast SEO plugin. -->","yoast_head_json":{"title":"NUTRIZIONE RICCA Maska 1000ml - Flash","description":"1000 ML  *Cijena na upit | Samo za salonsku upotrebu","robots":{"index":"index","follow":"follow","max-snippet":"max-snippet:-1","max-image-preview":"max-image-preview:large","max-video-preview":"max-video-preview:-1"},"canonical":"https:\/\/hairbeauty-pro.com\/?product=nutrizione-ricca-maska-2","og_locale":"bs_BA","og_type":"article","og_title":"NUTRIZIONE RICCA Maska 1000ml - Flash","og_description":"1000 ML  *Cijena na upit | Samo za salonsku upotrebu","og_url":"https:\/\/hairbeauty-pro.com\/?product=nutrizione-ricca-maska-2","og_site_name":"Flash","article_modified_time":"2023-12-18T10:44:04+00:00","og_image":[{"url":"http:\/\/hairbeauty-pro.com\/wp-content\/uploads\/2023\/08\/4-Actyva-volume-e-corpositO-cond-1000-ml-bolli-fronte-1.png","width":683,"height":1024,"type":"image\/png"}],"twitter_card":"summary_large_image","twitter_misc":{"Est. reading time":"1 minuta"},"schema":{"@context":"https:\/\/schema.org","@graph":[{"@type":"WebPage","@id":"https:\/\/hairbeauty-pro.com\/?product=nutrizione-ricca-maska-2","url":"https:\/\/hairbeauty-pro.com\/?product=nutrizione-ricca-maska-2","name":"NUTRIZIONE RICCA Maska 1000ml - Flash","isPartOf":{"@id":"https:\/\/hairbeauty-pro.com\/#website"},"datePublished":"2023-08-29T19:50:20+00:00","dateModified":"2023-12-18T10:44:04+00:00","description":"1000 ML *Cijena na upit | Samo za salonsku upotrebu","breadcrumb":{"@id":"https:\/\/hairbeauty-pro.com\/?product=nutrizione-ricca-maska-2#breadcrumb"},"inLanguage":"bs-BA","potentialAction":[{"@type":"ReadAction","target":["https:\/\/hairbeauty-pro.com\/?product=nutrizione-ricca-maska-2"]}]},{"@type":"BreadcrumbList","@id":"https:\/\/hairbeauty-pro.com\/?product=nutrizione-ricca-maska-2#breadcrumb","itemListElement":[{"@type":"ListItem","position":1,"name":"Home","item":"https:\/\/hairbeauty-pro.com\/"},{"@type":"ListItem","position":2,"name":"Shop","item":"https:\/\/hairbeauty-pro.com\/?page_id=11"},{"@type":"ListItem","position":3,"name":"NUTRIZIONE RICCA Maska 1000ml"}]},{"@type":"WebSite","@id":"https:\/\/hairbeauty-pro.com\/#website","url":"https:\/\/hairbeauty-pro.com\/","name":"Flash","description":"Va\u0161a ultimativna destinacja za njegu kose","publisher":{"@id":"https:\/\/hairbeauty-pro.com\/#organization"},"potentialAction":[{"@type":"SearchAction","target":{"@type":"EntryPoint","urlTemplate":"https:\/\/hairbeauty-pro.com\/?s={search_term_string}"},"query-input":"required name=search_term_string"}],"inLanguage":"bs-BA"},{"@type":"Organization","@id":"https:\/\/hairbeauty-pro.com\/#organization","name":"Flash","url":"https:\/\/hairbeauty-pro.com\/","logo":{"@type":"ImageObject","inLanguage":"bs-BA","@id":"https:\/\/hairbeauty-pro.com\/#\/schema\/logo\/image\/","url":"https:\/\/hairbeauty-pro.com\/wp-content\/uploads\/2023\/07\/cropped-FLASH-LOGO-png.png","contentUrl":"https:\/\/hairbeauty-pro.com\/wp-content\/uploads\/2023\/07\/cropped-FLASH-LOGO-png.png","width":1316,"height":521,"caption":"Flash"},"image":{"@id":"https:\/\/hairbeauty-pro.com\/#\/schema\/logo\/image\/"}}]}},"_links":{"self":[{"href":"https:\/\/hairbeauty-pro.com\/index.php?rest_route=\/wp\/v2\/product\/3176"}],"collection":[{"href":"https:\/\/hairbeauty-pro.com\/index.php?rest_route=\/wp\/v2\/product"}],"about":[{"href":"https:\/\/hairbeauty-pro.com\/index.php?rest_route=\/wp\/v2\/types\/product"}],"replies":[{"embeddable":true,"href":"https:\/\/hairbeauty-pro.com\/index.php?rest_route=%2Fwp%2Fv2%2Fcomments&post=3176"}],"wp:featuredmedia":[{"embeddable":true,"href":"https:\/\/hairbeauty-pro.com\/index.php?rest_route=\/wp\/v2\/media\/3177"}],"wp:attachment":[{"href":"https:\/\/hairbeauty-pro.com\/index.php?rest_route=%2Fwp%2Fv2%2Fmedia&parent=3176"}],"wp:term":[{"taxonomy":"product_cat","embeddable":true,"href":"https:\/\/hairbeauty-pro.com\/index.php?rest_route=%2Fwp%2Fv2%2Fproduct_cat&post=3176"},{"taxonomy":"product_tag","embeddable":true,"href":"https:\/\/hairbeauty-pro.com\/index.php?rest_route=%2Fwp%2Fv2%2Fproduct_tag&post=3176"}],"curies":[{"name":"wp","href":"https:\/\/api.w.org\/{rel}","templated":true}]}}