{"id":2972,"date":"2023-08-16T14:00:43","date_gmt":"2023-08-16T14:00:43","guid":{"rendered":"https:\/\/hairbeauty-pro.com\/?post_type=product&#038;p=2972"},"modified":"2023-11-27T14:13:08","modified_gmt":"2023-11-27T14:13:08","slug":"super-kay-boja-6-666-ekstra-intenzivno-crveno-tamno-plava","status":"publish","type":"product","link":"https:\/\/hairbeauty-pro.com\/?product=super-kay-boja-6-666-ekstra-intenzivno-crveno-tamno-plava","title":{"rendered":"Super Kay boja 6.666 \u2013 Ekstra intenzivno crveno tamno plava"},"content":{"rendered":"<p>Super Kay krem boja za kosu ima specijalno balansiranu formulu oboga\u0107enu molekulima Ultraphlexa, ekskluzivnim kompleksom organskih materija za poja\u010dano dejstvo keratina prije, za vrijeme i poslije agresivnih hemijskih tretiranja kose. \u0160titi i ja\u010da kosu, smanjuju\u0107i o\u0161te\u0107enja i lomljenje kose. Rezultat je zdrava, mekana i sjajna kosa.<\/p>\n<p>&nbsp;<\/p>\n<p><strong>Prednosti Superk Kay boje:<\/strong><\/p>\n<p>-10 SUPER PRIRODNIH NIJANSI SA POJA\u010cANIM PIGMENTOM<\/p>\n<p>10 baznih boja od nijanse 1 do nijanse 10<\/p>\n<p>-69 SUPER NIJANSI KOJE SE MOGU KOMBINOVATI<\/p>\n<p>69 modernih boja<\/p>\n<p>-SUPER MILILITRA\u017dA 180ML, OMJER 1:2<\/p>\n<p>Boja za kosu 180 ml + Hidrogen 360 ml = 540 ml smjese za farbanje.<\/p>\n<p>-SUPER U\u010cINAK ULTRAPHLEXA<\/p>\n<p>Oboga\u0107ena specijalnim molekulima koji omek\u0161avaju i ja\u010daju kosu, \u010dine boju blistavom.<\/p>\n<p>-SUPER BALANS<\/p>\n<p>Specijalno balansirana formula koja rezultira zdravom kosom.<\/p>\n<p>-SUPER NOV\u010cANA KORIST<\/p>\n<p>Od 5 do 7 aplikacija od jednog pakovanja 180 ml.<\/p>\n<p>&nbsp;<\/p>\n<p><strong>PRIPREMA: <\/strong><\/p>\n<p>Pomije\u0161ajte krem boju u zdjeli koja nije metalna\u00a0 sa odgovaraju\u0107im krem\u00a0 hidrogenom u omjeru 1: 2. Kada koristite nijanse iz Superlift serije, pomije\u0161ajte krem boju u sa krem hidrogenom u omjeru 1: 3.<\/p>\n<p>&nbsp;<\/p>\n<p><strong>IZBOR ODGOVARAJU\u0106E KREM EMULZIJE:<\/strong><\/p>\n<p>10 vol (3%) &#8211; za tamnjenje kose za\u00a0 jedan ton ili farbanje blajhane\u00a0 kose.<\/p>\n<p>20 vol (6%) &#8211; za farbanje kose ton na ton, kod pokrivanja sijedih ili posvjetljivanja kose za jedan ton.<\/p>\n<p>30 vol (9%) &#8211; za srednje posvjetljivanje (2 do 3 tona).<\/p>\n<p>40 vol (12%) &#8211; za ja\u010de posvjetljivanje (3 do 4 tona). Ako je potrebno posvjetliti kosu vi\u0161e od 4 tona, koristite\u00a0 nijanse iz Superlift serije.<\/p>\n<p>&nbsp;<\/p>\n<p><strong>PRIMJENA: <\/strong><\/p>\n<p>Ravnomjerno nanesite pripremljenu smjesu za farbanje \u00a0na suhu\u00a0 i neopranu kosu i ostaviti da djeluje oko 30 minuta; kada je vrijeme djelovanja (izlaganja)\u00a0 zavr\u0161eno,\u00a0 isperite kosu nje\u017eno sa toplom vodom, na\u0161amponirajte 2 puta, isperite i nakon toga nanesite masku ili kondicioner za obojenu kosu (pH 4,5).<\/p>\n","protected":false},"excerpt":{"rendered":"<p>180ML<\/p>\n","protected":false},"featured_media":5556,"comment_status":"open","ping_status":"closed","template":"","meta":{"site-sidebar-layout":"default","site-content-layout":"","ast-site-content-layout":"default","site-content-style":"default","site-sidebar-style":"default","ast-global-header-display":"","ast-banner-title-visibility":"","ast-main-header-display":"","ast-hfb-above-header-display":"","ast-hfb-below-header-display":"","ast-hfb-mobile-header-display":"","site-post-title":"","ast-breadcrumbs-content":"","ast-featured-img":"","footer-sml-layout":"","theme-transparent-header-meta":"default","adv-header-id-meta":"","stick-header-meta":"","header-above-stick-meta":"","header-main-stick-meta":"","header-below-stick-meta":"","astra-migrate-meta-layouts":"set","ast-page-background-enabled":"default","ast-page-background-meta":{"desktop":{"background-color":"","background-image":"","background-repeat":"repeat","background-position":"center center","background-size":"auto","background-attachment":"scroll","background-type":"","background-media":"","overlay-type":"","overlay-color":"","overlay-opacity":"","overlay-gradient":""},"tablet":{"background-color":"","background-image":"","background-repeat":"repeat","background-position":"center center","background-size":"auto","background-attachment":"scroll","background-type":"","background-media":"","overlay-type":"","overlay-color":"","overlay-opacity":"","overlay-gradient":""},"mobile":{"background-color":"","background-image":"","background-repeat":"repeat","background-position":"center center","background-size":"auto","background-attachment":"scroll","background-type":"","background-media":"","overlay-type":"","overlay-color":"","overlay-opacity":"","overlay-gradient":""}},"ast-content-background-meta":{"desktop":{"background-color":"var(--ast-global-color-5)","background-image":"","background-repeat":"repeat","background-position":"center center","background-size":"auto","background-attachment":"scroll","background-type":"","background-media":"","overlay-type":"","overlay-color":"","overlay-opacity":"","overlay-gradient":""},"tablet":{"background-color":"var(--ast-global-color-5)","background-image":"","background-repeat":"repeat","background-position":"center center","background-size":"auto","background-attachment":"scroll","background-type":"","background-media":"","overlay-type":"","overlay-color":"","overlay-opacity":"","overlay-gradient":""},"mobile":{"background-color":"var(--ast-global-color-5)","background-image":"","background-repeat":"repeat","background-position":"center center","background-size":"auto","background-attachment":"scroll","background-type":"","background-media":"","overlay-type":"","overlay-color":"","overlay-opacity":"","overlay-gradient":""}}},"product_cat":[192,92,81,191,44,256,102],"product_tag":[],"yoast_head":"<!-- This site is optimized with the Yoast SEO plugin v21.7 - https:\/\/yoast.com\/wordpress\/plugins\/seo\/ -->\n<title>Super Kay boja 6.666 \u2013 Ekstra intenzivno crveno tamno plava - Flash<\/title>\n<meta name=\"description\" content=\"180ML\" \/>\n<meta name=\"robots\" content=\"index, follow, max-snippet:-1, max-image-preview:large, max-video-preview:-1\" \/>\n<link rel=\"canonical\" href=\"https:\/\/hairbeauty-pro.com\/?product=super-kay-boja-6-666-ekstra-intenzivno-crveno-tamno-plava\" \/>\n<meta property=\"og:locale\" content=\"bs_BA\" \/>\n<meta property=\"og:type\" content=\"article\" \/>\n<meta property=\"og:title\" content=\"Super Kay boja 6.666 \u2013 Ekstra intenzivno crveno tamno plava - Flash\" \/>\n<meta property=\"og:description\" content=\"180ML\" \/>\n<meta property=\"og:url\" content=\"https:\/\/hairbeauty-pro.com\/?product=super-kay-boja-6-666-ekstra-intenzivno-crveno-tamno-plava\" \/>\n<meta property=\"og:site_name\" content=\"Flash\" \/>\n<meta property=\"article:modified_time\" content=\"2023-11-27T14:13:08+00:00\" \/>\n<meta property=\"og:image\" content=\"https:\/\/hairbeauty-pro.com\/wp-content\/uploads\/2023\/11\/SK-6.666.jpg\" \/>\n\t<meta property=\"og:image:width\" content=\"278\" \/>\n\t<meta property=\"og:image:height\" content=\"347\" \/>\n\t<meta property=\"og:image:type\" content=\"image\/jpeg\" \/>\n<meta name=\"twitter:card\" content=\"summary_large_image\" \/>\n<meta name=\"twitter:label1\" content=\"Est. reading time\" \/>\n\t<meta name=\"twitter:data1\" content=\"1 minuta\" \/>\n<script type=\"application\/ld+json\" class=\"yoast-schema-graph\">{\"@context\":\"https:\/\/schema.org\",\"@graph\":[{\"@type\":\"WebPage\",\"@id\":\"https:\/\/hairbeauty-pro.com\/?product=super-kay-boja-6-666-ekstra-intenzivno-crveno-tamno-plava\",\"url\":\"https:\/\/hairbeauty-pro.com\/?product=super-kay-boja-6-666-ekstra-intenzivno-crveno-tamno-plava\",\"name\":\"Super Kay boja 6.666 \u2013 Ekstra intenzivno crveno tamno plava - Flash\",\"isPartOf\":{\"@id\":\"https:\/\/hairbeauty-pro.com\/#website\"},\"datePublished\":\"2023-08-16T14:00:43+00:00\",\"dateModified\":\"2023-11-27T14:13:08+00:00\",\"description\":\"180ML\",\"breadcrumb\":{\"@id\":\"https:\/\/hairbeauty-pro.com\/?product=super-kay-boja-6-666-ekstra-intenzivno-crveno-tamno-plava#breadcrumb\"},\"inLanguage\":\"bs-BA\",\"potentialAction\":[{\"@type\":\"ReadAction\",\"target\":[\"https:\/\/hairbeauty-pro.com\/?product=super-kay-boja-6-666-ekstra-intenzivno-crveno-tamno-plava\"]}]},{\"@type\":\"BreadcrumbList\",\"@id\":\"https:\/\/hairbeauty-pro.com\/?product=super-kay-boja-6-666-ekstra-intenzivno-crveno-tamno-plava#breadcrumb\",\"itemListElement\":[{\"@type\":\"ListItem\",\"position\":1,\"name\":\"Home\",\"item\":\"https:\/\/hairbeauty-pro.com\/\"},{\"@type\":\"ListItem\",\"position\":2,\"name\":\"Shop\",\"item\":\"https:\/\/hairbeauty-pro.com\/?page_id=11\"},{\"@type\":\"ListItem\",\"position\":3,\"name\":\"Super Kay boja 6.666 \u2013 Ekstra intenzivno crveno tamno plava\"}]},{\"@type\":\"WebSite\",\"@id\":\"https:\/\/hairbeauty-pro.com\/#website\",\"url\":\"https:\/\/hairbeauty-pro.com\/\",\"name\":\"Flash\",\"description\":\"Va\u0161a ultimativna destinacja za njegu kose\",\"publisher\":{\"@id\":\"https:\/\/hairbeauty-pro.com\/#organization\"},\"potentialAction\":[{\"@type\":\"SearchAction\",\"target\":{\"@type\":\"EntryPoint\",\"urlTemplate\":\"https:\/\/hairbeauty-pro.com\/?s={search_term_string}\"},\"query-input\":\"required name=search_term_string\"}],\"inLanguage\":\"bs-BA\"},{\"@type\":\"Organization\",\"@id\":\"https:\/\/hairbeauty-pro.com\/#organization\",\"name\":\"Flash\",\"url\":\"https:\/\/hairbeauty-pro.com\/\",\"logo\":{\"@type\":\"ImageObject\",\"inLanguage\":\"bs-BA\",\"@id\":\"https:\/\/hairbeauty-pro.com\/#\/schema\/logo\/image\/\",\"url\":\"https:\/\/hairbeauty-pro.com\/wp-content\/uploads\/2023\/07\/cropped-FLASH-LOGO-png.png\",\"contentUrl\":\"https:\/\/hairbeauty-pro.com\/wp-content\/uploads\/2023\/07\/cropped-FLASH-LOGO-png.png\",\"width\":1316,\"height\":521,\"caption\":\"Flash\"},\"image\":{\"@id\":\"https:\/\/hairbeauty-pro.com\/#\/schema\/logo\/image\/\"}}]}<\/script>\n<!-- \/ Yoast SEO plugin. -->","yoast_head_json":{"title":"Super Kay boja 6.666 \u2013 Ekstra intenzivno crveno tamno plava - Flash","description":"180ML","robots":{"index":"index","follow":"follow","max-snippet":"max-snippet:-1","max-image-preview":"max-image-preview:large","max-video-preview":"max-video-preview:-1"},"canonical":"https:\/\/hairbeauty-pro.com\/?product=super-kay-boja-6-666-ekstra-intenzivno-crveno-tamno-plava","og_locale":"bs_BA","og_type":"article","og_title":"Super Kay boja 6.666 \u2013 Ekstra intenzivno crveno tamno plava - Flash","og_description":"180ML","og_url":"https:\/\/hairbeauty-pro.com\/?product=super-kay-boja-6-666-ekstra-intenzivno-crveno-tamno-plava","og_site_name":"Flash","article_modified_time":"2023-11-27T14:13:08+00:00","og_image":[{"width":278,"height":347,"url":"https:\/\/hairbeauty-pro.com\/wp-content\/uploads\/2023\/11\/SK-6.666.jpg","type":"image\/jpeg"}],"twitter_card":"summary_large_image","twitter_misc":{"Est. reading time":"1 minuta"},"schema":{"@context":"https:\/\/schema.org","@graph":[{"@type":"WebPage","@id":"https:\/\/hairbeauty-pro.com\/?product=super-kay-boja-6-666-ekstra-intenzivno-crveno-tamno-plava","url":"https:\/\/hairbeauty-pro.com\/?product=super-kay-boja-6-666-ekstra-intenzivno-crveno-tamno-plava","name":"Super Kay boja 6.666 \u2013 Ekstra intenzivno crveno tamno plava - Flash","isPartOf":{"@id":"https:\/\/hairbeauty-pro.com\/#website"},"datePublished":"2023-08-16T14:00:43+00:00","dateModified":"2023-11-27T14:13:08+00:00","description":"180ML","breadcrumb":{"@id":"https:\/\/hairbeauty-pro.com\/?product=super-kay-boja-6-666-ekstra-intenzivno-crveno-tamno-plava#breadcrumb"},"inLanguage":"bs-BA","potentialAction":[{"@type":"ReadAction","target":["https:\/\/hairbeauty-pro.com\/?product=super-kay-boja-6-666-ekstra-intenzivno-crveno-tamno-plava"]}]},{"@type":"BreadcrumbList","@id":"https:\/\/hairbeauty-pro.com\/?product=super-kay-boja-6-666-ekstra-intenzivno-crveno-tamno-plava#breadcrumb","itemListElement":[{"@type":"ListItem","position":1,"name":"Home","item":"https:\/\/hairbeauty-pro.com\/"},{"@type":"ListItem","position":2,"name":"Shop","item":"https:\/\/hairbeauty-pro.com\/?page_id=11"},{"@type":"ListItem","position":3,"name":"Super Kay boja 6.666 \u2013 Ekstra intenzivno crveno tamno plava"}]},{"@type":"WebSite","@id":"https:\/\/hairbeauty-pro.com\/#website","url":"https:\/\/hairbeauty-pro.com\/","name":"Flash","description":"Va\u0161a ultimativna destinacja za njegu kose","publisher":{"@id":"https:\/\/hairbeauty-pro.com\/#organization"},"potentialAction":[{"@type":"SearchAction","target":{"@type":"EntryPoint","urlTemplate":"https:\/\/hairbeauty-pro.com\/?s={search_term_string}"},"query-input":"required name=search_term_string"}],"inLanguage":"bs-BA"},{"@type":"Organization","@id":"https:\/\/hairbeauty-pro.com\/#organization","name":"Flash","url":"https:\/\/hairbeauty-pro.com\/","logo":{"@type":"ImageObject","inLanguage":"bs-BA","@id":"https:\/\/hairbeauty-pro.com\/#\/schema\/logo\/image\/","url":"https:\/\/hairbeauty-pro.com\/wp-content\/uploads\/2023\/07\/cropped-FLASH-LOGO-png.png","contentUrl":"https:\/\/hairbeauty-pro.com\/wp-content\/uploads\/2023\/07\/cropped-FLASH-LOGO-png.png","width":1316,"height":521,"caption":"Flash"},"image":{"@id":"https:\/\/hairbeauty-pro.com\/#\/schema\/logo\/image\/"}}]}},"_links":{"self":[{"href":"https:\/\/hairbeauty-pro.com\/index.php?rest_route=\/wp\/v2\/product\/2972"}],"collection":[{"href":"https:\/\/hairbeauty-pro.com\/index.php?rest_route=\/wp\/v2\/product"}],"about":[{"href":"https:\/\/hairbeauty-pro.com\/index.php?rest_route=\/wp\/v2\/types\/product"}],"replies":[{"embeddable":true,"href":"https:\/\/hairbeauty-pro.com\/index.php?rest_route=%2Fwp%2Fv2%2Fcomments&post=2972"}],"wp:featuredmedia":[{"embeddable":true,"href":"https:\/\/hairbeauty-pro.com\/index.php?rest_route=\/wp\/v2\/media\/5556"}],"wp:attachment":[{"href":"https:\/\/hairbeauty-pro.com\/index.php?rest_route=%2Fwp%2Fv2%2Fmedia&parent=2972"}],"wp:term":[{"taxonomy":"product_cat","embeddable":true,"href":"https:\/\/hairbeauty-pro.com\/index.php?rest_route=%2Fwp%2Fv2%2Fproduct_cat&post=2972"},{"taxonomy":"product_tag","embeddable":true,"href":"https:\/\/hairbeauty-pro.com\/index.php?rest_route=%2Fwp%2Fv2%2Fproduct_tag&post=2972"}],"curies":[{"name":"wp","href":"https:\/\/api.w.org\/{rel}","templated":true}]}}