{"id":2872,"date":"2023-08-14T18:14:43","date_gmt":"2023-08-14T18:14:43","guid":{"rendered":"https:\/\/hairbeauty-pro.com\/?post_type=product&#038;p=2872"},"modified":"2024-10-23T08:42:59","modified_gmt":"2024-10-23T08:42:59","slug":"curl-set-5-u-1-za-uvijanje-kose","status":"publish","type":"product","link":"https:\/\/hairbeauty-pro.com\/?product=curl-set-5-u-1-za-uvijanje-kose","title":{"rendered":"CURL SET 5 U 1 ZA UVIJANJE KOSE"},"content":{"rendered":"<p style=\"font-weight: 400;\">Modularni uvija\u010d kose za brzo i jednostavno mijenjanje izgleda uz samo jedan ure\u0111aj. Precious Style Curl set sastoji se od jedne baze i 5 razli\u010ditih dodataka napravljenih od KERAMIKE i TURMALINA kako biste mogli da kreirate frizuru koju \u017eelite shodno Va\u0161im potrebama.<\/p>\n<p style=\"font-weight: 400;\">Pet dodataka:<\/p>\n<p style=\"font-weight: 400;\">&#8211; Konusni uvija\u010d od 13 do 25 mm,<\/p>\n<p style=\"font-weight: 400;\">&#8211; Konusni uvija\u010d od 19 do 32 mm,<\/p>\n<p style=\"font-weight: 400;\">&#8211; Uvija\u010d promjera 19 mm,<\/p>\n<p style=\"font-weight: 400;\">&#8211; Uvija\u010d promjera 25 mm,<\/p>\n<p style=\"font-weight: 400;\">&#8211; Uvija\u010d promjera 32 mm.<\/p>\n<p>Karakteristike:<\/p>\n<p style=\"font-weight: 400;\">&#8211; Brzo i jednostavno zaklju\u010davanje\/otklju\u010davanje dodataka za uvijanje kose.<\/p>\n<p style=\"font-weight: 400;\">&#8211; Digitalna regulacija temperature od 80\u00b0C do 210\u00b0C.<\/p>\n<p style=\"font-weight: 400;\">&#8211; Du\u017eina kabla 2,4 m.<\/p>\n<p><span style=\"font-weight: 400;\">&#8211; Snaga: \u00a045 W.<\/span><\/p>\n","protected":false},"excerpt":{"rendered":"<p>Modularni uvija\u010d kose za brzo i jednostavno mijenjanje izgleda uz samo jedan ure\u0111aj. Precious Style Curl set sastoji se od jedne baze i 5 razli\u010ditih dodataka napravljenih od KERAMIKE i TURMALINA kako biste mogli da kreirate frizuru koju \u017eelite shodno Va\u0161im potrebama. Pet dodataka: &#8211; Konusni uvija\u010d od 13 do 25 mm, &#8211; Konusni uvija\u010d [&hellip;]<\/p>\n","protected":false},"featured_media":5517,"comment_status":"open","ping_status":"closed","template":"","meta":{"site-sidebar-layout":"default","site-content-layout":"default","ast-site-content-layout":"default","site-content-style":"default","site-sidebar-style":"default","ast-global-header-display":"","ast-banner-title-visibility":"","ast-main-header-display":"","ast-hfb-above-header-display":"","ast-hfb-below-header-display":"","ast-hfb-mobile-header-display":"","site-post-title":"","ast-breadcrumbs-content":"","ast-featured-img":"","footer-sml-layout":"","theme-transparent-header-meta":"default","adv-header-id-meta":"","stick-header-meta":"","header-above-stick-meta":"","header-main-stick-meta":"","header-below-stick-meta":"","astra-migrate-meta-layouts":"set","ast-page-background-enabled":"default","ast-page-background-meta":{"desktop":{"background-color":"","background-image":"","background-repeat":"repeat","background-position":"center center","background-size":"auto","background-attachment":"scroll","background-type":"","background-media":"","overlay-type":"","overlay-color":"","overlay-opacity":"","overlay-gradient":""},"tablet":{"background-color":"","background-image":"","background-repeat":"repeat","background-position":"center center","background-size":"auto","background-attachment":"scroll","background-type":"","background-media":"","overlay-type":"","overlay-color":"","overlay-opacity":"","overlay-gradient":""},"mobile":{"background-color":"","background-image":"","background-repeat":"repeat","background-position":"center center","background-size":"auto","background-attachment":"scroll","background-type":"","background-media":"","overlay-type":"","overlay-color":"","overlay-opacity":"","overlay-gradient":""}},"ast-content-background-meta":{"desktop":{"background-color":"var(--ast-global-color-5)","background-image":"","background-repeat":"repeat","background-position":"center center","background-size":"auto","background-attachment":"scroll","background-type":"","background-media":"","overlay-type":"","overlay-color":"","overlay-opacity":"","overlay-gradient":""},"tablet":{"background-color":"var(--ast-global-color-5)","background-image":"","background-repeat":"repeat","background-position":"center center","background-size":"auto","background-attachment":"scroll","background-type":"","background-media":"","overlay-type":"","overlay-color":"","overlay-opacity":"","overlay-gradient":""},"mobile":{"background-color":"var(--ast-global-color-5)","background-image":"","background-repeat":"repeat","background-position":"center center","background-size":"auto","background-attachment":"scroll","background-type":"","background-media":"","overlay-type":"","overlay-color":"","overlay-opacity":"","overlay-gradient":""}}},"product_cat":[218,53,44,225,269,220,54],"product_tag":[],"yoast_head":"<!-- This site is optimized with the Yoast SEO plugin v21.7 - https:\/\/yoast.com\/wordpress\/plugins\/seo\/ -->\n<title>CURL SET 5 U 1 ZA UVIJANJE KOSE - Flash<\/title>\n<meta name=\"description\" content=\"Modularni uvija\u010d kose za brzo i jednostavno mijenjanje izgleda uz samo jedan ure\u0111aj. Precious Style Curl set sastoji se od jedne baze i 5 razli\u010ditih\" \/>\n<meta name=\"robots\" content=\"index, follow, max-snippet:-1, max-image-preview:large, max-video-preview:-1\" \/>\n<link rel=\"canonical\" href=\"https:\/\/hairbeauty-pro.com\/?product=curl-set-5-u-1-za-uvijanje-kose\" \/>\n<meta property=\"og:locale\" content=\"bs_BA\" \/>\n<meta property=\"og:type\" content=\"article\" \/>\n<meta property=\"og:title\" content=\"CURL SET 5 U 1 ZA UVIJANJE KOSE - Flash\" \/>\n<meta property=\"og:description\" content=\"Modularni uvija\u010d kose za brzo i jednostavno mijenjanje izgleda uz samo jedan ure\u0111aj. Precious Style Curl set sastoji se od jedne baze i 5 razli\u010ditih\" \/>\n<meta property=\"og:url\" content=\"https:\/\/hairbeauty-pro.com\/?product=curl-set-5-u-1-za-uvijanje-kose\" \/>\n<meta property=\"og:site_name\" content=\"Flash\" \/>\n<meta property=\"article:modified_time\" content=\"2024-10-23T08:42:59+00:00\" \/>\n<meta property=\"og:image\" content=\"http:\/\/hairbeauty-pro.com\/wp-content\/uploads\/2023\/11\/curl-set-precious-style-1.jpg\" \/>\n\t<meta property=\"og:image:width\" content=\"900\" \/>\n\t<meta property=\"og:image:height\" content=\"900\" \/>\n\t<meta property=\"og:image:type\" content=\"image\/jpeg\" \/>\n<meta name=\"twitter:card\" content=\"summary_large_image\" \/>\n<meta name=\"twitter:label1\" content=\"Est. reading time\" \/>\n\t<meta name=\"twitter:data1\" content=\"1 minuta\" \/>\n<script type=\"application\/ld+json\" class=\"yoast-schema-graph\">{\"@context\":\"https:\/\/schema.org\",\"@graph\":[{\"@type\":\"WebPage\",\"@id\":\"https:\/\/hairbeauty-pro.com\/?product=curl-set-5-u-1-za-uvijanje-kose\",\"url\":\"https:\/\/hairbeauty-pro.com\/?product=curl-set-5-u-1-za-uvijanje-kose\",\"name\":\"CURL SET 5 U 1 ZA UVIJANJE KOSE - Flash\",\"isPartOf\":{\"@id\":\"https:\/\/hairbeauty-pro.com\/#website\"},\"datePublished\":\"2023-08-14T18:14:43+00:00\",\"dateModified\":\"2024-10-23T08:42:59+00:00\",\"description\":\"Modularni uvija\u010d kose za brzo i jednostavno mijenjanje izgleda uz samo jedan ure\u0111aj. Precious Style Curl set sastoji se od jedne baze i 5 razli\u010ditih\",\"breadcrumb\":{\"@id\":\"https:\/\/hairbeauty-pro.com\/?product=curl-set-5-u-1-za-uvijanje-kose#breadcrumb\"},\"inLanguage\":\"bs-BA\",\"potentialAction\":[{\"@type\":\"ReadAction\",\"target\":[\"https:\/\/hairbeauty-pro.com\/?product=curl-set-5-u-1-za-uvijanje-kose\"]}]},{\"@type\":\"BreadcrumbList\",\"@id\":\"https:\/\/hairbeauty-pro.com\/?product=curl-set-5-u-1-za-uvijanje-kose#breadcrumb\",\"itemListElement\":[{\"@type\":\"ListItem\",\"position\":1,\"name\":\"Home\",\"item\":\"https:\/\/hairbeauty-pro.com\/\"},{\"@type\":\"ListItem\",\"position\":2,\"name\":\"Shop\",\"item\":\"https:\/\/hairbeauty-pro.com\/?page_id=11\"},{\"@type\":\"ListItem\",\"position\":3,\"name\":\"CURL SET 5 U 1 ZA UVIJANJE KOSE\"}]},{\"@type\":\"WebSite\",\"@id\":\"https:\/\/hairbeauty-pro.com\/#website\",\"url\":\"https:\/\/hairbeauty-pro.com\/\",\"name\":\"Flash\",\"description\":\"Va\u0161a ultimativna destinacja za njegu kose\",\"publisher\":{\"@id\":\"https:\/\/hairbeauty-pro.com\/#organization\"},\"potentialAction\":[{\"@type\":\"SearchAction\",\"target\":{\"@type\":\"EntryPoint\",\"urlTemplate\":\"https:\/\/hairbeauty-pro.com\/?s={search_term_string}\"},\"query-input\":\"required name=search_term_string\"}],\"inLanguage\":\"bs-BA\"},{\"@type\":\"Organization\",\"@id\":\"https:\/\/hairbeauty-pro.com\/#organization\",\"name\":\"Flash\",\"url\":\"https:\/\/hairbeauty-pro.com\/\",\"logo\":{\"@type\":\"ImageObject\",\"inLanguage\":\"bs-BA\",\"@id\":\"https:\/\/hairbeauty-pro.com\/#\/schema\/logo\/image\/\",\"url\":\"https:\/\/hairbeauty-pro.com\/wp-content\/uploads\/2023\/07\/cropped-FLASH-LOGO-png.png\",\"contentUrl\":\"https:\/\/hairbeauty-pro.com\/wp-content\/uploads\/2023\/07\/cropped-FLASH-LOGO-png.png\",\"width\":1316,\"height\":521,\"caption\":\"Flash\"},\"image\":{\"@id\":\"https:\/\/hairbeauty-pro.com\/#\/schema\/logo\/image\/\"}}]}<\/script>\n<!-- \/ Yoast SEO plugin. -->","yoast_head_json":{"title":"CURL SET 5 U 1 ZA UVIJANJE KOSE - Flash","description":"Modularni uvija\u010d kose za brzo i jednostavno mijenjanje izgleda uz samo jedan ure\u0111aj. Precious Style Curl set sastoji se od jedne baze i 5 razli\u010ditih","robots":{"index":"index","follow":"follow","max-snippet":"max-snippet:-1","max-image-preview":"max-image-preview:large","max-video-preview":"max-video-preview:-1"},"canonical":"https:\/\/hairbeauty-pro.com\/?product=curl-set-5-u-1-za-uvijanje-kose","og_locale":"bs_BA","og_type":"article","og_title":"CURL SET 5 U 1 ZA UVIJANJE KOSE - Flash","og_description":"Modularni uvija\u010d kose za brzo i jednostavno mijenjanje izgleda uz samo jedan ure\u0111aj. Precious Style Curl set sastoji se od jedne baze i 5 razli\u010ditih","og_url":"https:\/\/hairbeauty-pro.com\/?product=curl-set-5-u-1-za-uvijanje-kose","og_site_name":"Flash","article_modified_time":"2024-10-23T08:42:59+00:00","og_image":[{"width":900,"height":900,"url":"http:\/\/hairbeauty-pro.com\/wp-content\/uploads\/2023\/11\/curl-set-precious-style-1.jpg","type":"image\/jpeg"}],"twitter_card":"summary_large_image","twitter_misc":{"Est. reading time":"1 minuta"},"schema":{"@context":"https:\/\/schema.org","@graph":[{"@type":"WebPage","@id":"https:\/\/hairbeauty-pro.com\/?product=curl-set-5-u-1-za-uvijanje-kose","url":"https:\/\/hairbeauty-pro.com\/?product=curl-set-5-u-1-za-uvijanje-kose","name":"CURL SET 5 U 1 ZA UVIJANJE KOSE - Flash","isPartOf":{"@id":"https:\/\/hairbeauty-pro.com\/#website"},"datePublished":"2023-08-14T18:14:43+00:00","dateModified":"2024-10-23T08:42:59+00:00","description":"Modularni uvija\u010d kose za brzo i jednostavno mijenjanje izgleda uz samo jedan ure\u0111aj. Precious Style Curl set sastoji se od jedne baze i 5 razli\u010ditih","breadcrumb":{"@id":"https:\/\/hairbeauty-pro.com\/?product=curl-set-5-u-1-za-uvijanje-kose#breadcrumb"},"inLanguage":"bs-BA","potentialAction":[{"@type":"ReadAction","target":["https:\/\/hairbeauty-pro.com\/?product=curl-set-5-u-1-za-uvijanje-kose"]}]},{"@type":"BreadcrumbList","@id":"https:\/\/hairbeauty-pro.com\/?product=curl-set-5-u-1-za-uvijanje-kose#breadcrumb","itemListElement":[{"@type":"ListItem","position":1,"name":"Home","item":"https:\/\/hairbeauty-pro.com\/"},{"@type":"ListItem","position":2,"name":"Shop","item":"https:\/\/hairbeauty-pro.com\/?page_id=11"},{"@type":"ListItem","position":3,"name":"CURL SET 5 U 1 ZA UVIJANJE KOSE"}]},{"@type":"WebSite","@id":"https:\/\/hairbeauty-pro.com\/#website","url":"https:\/\/hairbeauty-pro.com\/","name":"Flash","description":"Va\u0161a ultimativna destinacja za njegu kose","publisher":{"@id":"https:\/\/hairbeauty-pro.com\/#organization"},"potentialAction":[{"@type":"SearchAction","target":{"@type":"EntryPoint","urlTemplate":"https:\/\/hairbeauty-pro.com\/?s={search_term_string}"},"query-input":"required name=search_term_string"}],"inLanguage":"bs-BA"},{"@type":"Organization","@id":"https:\/\/hairbeauty-pro.com\/#organization","name":"Flash","url":"https:\/\/hairbeauty-pro.com\/","logo":{"@type":"ImageObject","inLanguage":"bs-BA","@id":"https:\/\/hairbeauty-pro.com\/#\/schema\/logo\/image\/","url":"https:\/\/hairbeauty-pro.com\/wp-content\/uploads\/2023\/07\/cropped-FLASH-LOGO-png.png","contentUrl":"https:\/\/hairbeauty-pro.com\/wp-content\/uploads\/2023\/07\/cropped-FLASH-LOGO-png.png","width":1316,"height":521,"caption":"Flash"},"image":{"@id":"https:\/\/hairbeauty-pro.com\/#\/schema\/logo\/image\/"}}]}},"_links":{"self":[{"href":"https:\/\/hairbeauty-pro.com\/index.php?rest_route=\/wp\/v2\/product\/2872"}],"collection":[{"href":"https:\/\/hairbeauty-pro.com\/index.php?rest_route=\/wp\/v2\/product"}],"about":[{"href":"https:\/\/hairbeauty-pro.com\/index.php?rest_route=\/wp\/v2\/types\/product"}],"replies":[{"embeddable":true,"href":"https:\/\/hairbeauty-pro.com\/index.php?rest_route=%2Fwp%2Fv2%2Fcomments&post=2872"}],"wp:featuredmedia":[{"embeddable":true,"href":"https:\/\/hairbeauty-pro.com\/index.php?rest_route=\/wp\/v2\/media\/5517"}],"wp:attachment":[{"href":"https:\/\/hairbeauty-pro.com\/index.php?rest_route=%2Fwp%2Fv2%2Fmedia&parent=2872"}],"wp:term":[{"taxonomy":"product_cat","embeddable":true,"href":"https:\/\/hairbeauty-pro.com\/index.php?rest_route=%2Fwp%2Fv2%2Fproduct_cat&post=2872"},{"taxonomy":"product_tag","embeddable":true,"href":"https:\/\/hairbeauty-pro.com\/index.php?rest_route=%2Fwp%2Fv2%2Fproduct_tag&post=2872"}],"curies":[{"name":"wp","href":"https:\/\/api.w.org\/{rel}","templated":true}]}}