{"id":2869,"date":"2023-08-14T18:10:42","date_gmt":"2023-08-14T18:10:42","guid":{"rendered":"https:\/\/hairbeauty-pro.com\/?post_type=product&#038;p=2869"},"modified":"2025-12-13T12:28:17","modified_gmt":"2025-12-13T12:28:17","slug":"brazilian-liss-pegla-za-kosu","status":"publish","type":"product","link":"https:\/\/hairbeauty-pro.com\/?product=brazilian-liss-pegla-za-kosu","title":{"rendered":"BRAZILIAN LISS PEGLA ZA KOSU"},"content":{"rendered":"<p style=\"font-weight: 400;\">\u010cestice turmalina koje su dodate kerami\u010dkoj oblozi pegle, stvaraju tok negativnih jona tokom procesa zagrijevanja koji smanjuje stati\u010dki elektricitet na kosi, ostavljaju\u0107i je svilenkastom, glatkom i sjajnom. Osim toga, toplota se ravnomjerno \u0161iri po povr\u0161ini i odr\u017eava integritet kose.<\/p>\n<p style=\"font-weight: 400;\">&#8211; Materijal:\u00a0 keramika i turmalin<\/p>\n<p style=\"font-weight: 400;\">&#8211; Podesiva temperatura: 120-230\u00b0C<\/p>\n<p style=\"font-weight: 400;\">&#8211; Brzo zagrijavanje i jednaka\u00a0 distribucija toplote<\/p>\n<p style=\"font-weight: 400;\">&#8211; Dimenzije plo\u010da: 23&#215;110 mm<\/p>\n<p style=\"font-weight: 400;\">&#8211; Rotiraju\u0107i kabl 360\u00b0C du\u017eine 2,7 metara<\/p>\n","protected":false},"excerpt":{"rendered":"<p>\u010cestice turmalina koje su dodate kerami\u010dkoj oblozi pegle, stvaraju tok negativnih jona tokom procesa zagrijevanja koji smanjuje stati\u010dki elektricitet na kosi, ostavljaju\u0107i je svilenkastom, glatkom i sjajnom. Osim toga, toplota se ravnomjerno \u0161iri po povr\u0161ini i odr\u017eava integritet kose. &#8211; Materijal:\u00a0 keramika i turmalin &#8211; Podesiva temperatura: 120-230\u00b0C &#8211; Brzo zagrijavanje i jednaka\u00a0 distribucija toplote [&hellip;]<\/p>\n","protected":false},"featured_media":2870,"comment_status":"open","ping_status":"closed","template":"","meta":{"site-sidebar-layout":"default","site-content-layout":"default","ast-site-content-layout":"default","site-content-style":"default","site-sidebar-style":"default","ast-global-header-display":"","ast-banner-title-visibility":"","ast-main-header-display":"","ast-hfb-above-header-display":"","ast-hfb-below-header-display":"","ast-hfb-mobile-header-display":"","site-post-title":"","ast-breadcrumbs-content":"","ast-featured-img":"","footer-sml-layout":"","theme-transparent-header-meta":"default","adv-header-id-meta":"","stick-header-meta":"","header-above-stick-meta":"","header-main-stick-meta":"","header-below-stick-meta":"","astra-migrate-meta-layouts":"set","ast-page-background-enabled":"default","ast-page-background-meta":{"desktop":{"background-color":"","background-image":"","background-repeat":"repeat","background-position":"center center","background-size":"auto","background-attachment":"scroll","background-type":"","background-media":"","overlay-type":"","overlay-color":"","overlay-opacity":"","overlay-gradient":""},"tablet":{"background-color":"","background-image":"","background-repeat":"repeat","background-position":"center center","background-size":"auto","background-attachment":"scroll","background-type":"","background-media":"","overlay-type":"","overlay-color":"","overlay-opacity":"","overlay-gradient":""},"mobile":{"background-color":"","background-image":"","background-repeat":"repeat","background-position":"center center","background-size":"auto","background-attachment":"scroll","background-type":"","background-media":"","overlay-type":"","overlay-color":"","overlay-opacity":"","overlay-gradient":""}},"ast-content-background-meta":{"desktop":{"background-color":"var(--ast-global-color-5)","background-image":"","background-repeat":"repeat","background-position":"center center","background-size":"auto","background-attachment":"scroll","background-type":"","background-media":"","overlay-type":"","overlay-color":"","overlay-opacity":"","overlay-gradient":""},"tablet":{"background-color":"var(--ast-global-color-5)","background-image":"","background-repeat":"repeat","background-position":"center center","background-size":"auto","background-attachment":"scroll","background-type":"","background-media":"","overlay-type":"","overlay-color":"","overlay-opacity":"","overlay-gradient":""},"mobile":{"background-color":"var(--ast-global-color-5)","background-image":"","background-repeat":"repeat","background-position":"center center","background-size":"auto","background-attachment":"scroll","background-type":"","background-media":"","overlay-type":"","overlay-color":"","overlay-opacity":"","overlay-gradient":""}}},"product_cat":[53,218,44,225,269,175,220,54],"product_tag":[],"yoast_head":"<!-- This site is optimized with the Yoast SEO plugin v21.7 - https:\/\/yoast.com\/wordpress\/plugins\/seo\/ -->\n<title>BRAZILIAN LISS PEGLA ZA KOSU - Flash<\/title>\n<meta name=\"description\" content=\"\u010cestice turmalina koje su dodate kerami\u010dkoj oblozi pegle, stvaraju tok negativnih jona tokom procesa zagrijevanja koji smanjuje stati\u010dki elektricitet na\" \/>\n<meta name=\"robots\" content=\"index, follow, max-snippet:-1, max-image-preview:large, max-video-preview:-1\" \/>\n<link rel=\"canonical\" href=\"https:\/\/hairbeauty-pro.com\/?product=brazilian-liss-pegla-za-kosu\" \/>\n<meta property=\"og:locale\" content=\"bs_BA\" \/>\n<meta property=\"og:type\" content=\"article\" \/>\n<meta property=\"og:title\" content=\"BRAZILIAN LISS PEGLA ZA KOSU - Flash\" \/>\n<meta property=\"og:description\" content=\"\u010cestice turmalina koje su dodate kerami\u010dkoj oblozi pegle, stvaraju tok negativnih jona tokom procesa zagrijevanja koji smanjuje stati\u010dki elektricitet na\" \/>\n<meta property=\"og:url\" content=\"https:\/\/hairbeauty-pro.com\/?product=brazilian-liss-pegla-za-kosu\" \/>\n<meta property=\"og:site_name\" content=\"Flash\" \/>\n<meta property=\"article:modified_time\" content=\"2025-12-13T12:28:17+00:00\" \/>\n<meta property=\"og:image\" content=\"http:\/\/hairbeauty-pro.com\/wp-content\/uploads\/2023\/08\/Brazilian-Liss-iron-1.jpg\" \/>\n\t<meta property=\"og:image:width\" content=\"1800\" \/>\n\t<meta property=\"og:image:height\" content=\"1350\" \/>\n\t<meta property=\"og:image:type\" content=\"image\/jpeg\" \/>\n<meta name=\"twitter:card\" content=\"summary_large_image\" \/>\n<meta name=\"twitter:label1\" content=\"Est. reading time\" \/>\n\t<meta name=\"twitter:data1\" content=\"1 minuta\" \/>\n<script type=\"application\/ld+json\" class=\"yoast-schema-graph\">{\"@context\":\"https:\/\/schema.org\",\"@graph\":[{\"@type\":\"WebPage\",\"@id\":\"https:\/\/hairbeauty-pro.com\/?product=brazilian-liss-pegla-za-kosu\",\"url\":\"https:\/\/hairbeauty-pro.com\/?product=brazilian-liss-pegla-za-kosu\",\"name\":\"BRAZILIAN LISS PEGLA ZA KOSU - Flash\",\"isPartOf\":{\"@id\":\"https:\/\/hairbeauty-pro.com\/#website\"},\"datePublished\":\"2023-08-14T18:10:42+00:00\",\"dateModified\":\"2025-12-13T12:28:17+00:00\",\"description\":\"\u010cestice turmalina koje su dodate kerami\u010dkoj oblozi pegle, stvaraju tok negativnih jona tokom procesa zagrijevanja koji smanjuje stati\u010dki elektricitet na\",\"breadcrumb\":{\"@id\":\"https:\/\/hairbeauty-pro.com\/?product=brazilian-liss-pegla-za-kosu#breadcrumb\"},\"inLanguage\":\"bs-BA\",\"potentialAction\":[{\"@type\":\"ReadAction\",\"target\":[\"https:\/\/hairbeauty-pro.com\/?product=brazilian-liss-pegla-za-kosu\"]}]},{\"@type\":\"BreadcrumbList\",\"@id\":\"https:\/\/hairbeauty-pro.com\/?product=brazilian-liss-pegla-za-kosu#breadcrumb\",\"itemListElement\":[{\"@type\":\"ListItem\",\"position\":1,\"name\":\"Home\",\"item\":\"https:\/\/hairbeauty-pro.com\/\"},{\"@type\":\"ListItem\",\"position\":2,\"name\":\"Shop\",\"item\":\"https:\/\/hairbeauty-pro.com\/?page_id=11\"},{\"@type\":\"ListItem\",\"position\":3,\"name\":\"BRAZILIAN LISS PEGLA ZA KOSU\"}]},{\"@type\":\"WebSite\",\"@id\":\"https:\/\/hairbeauty-pro.com\/#website\",\"url\":\"https:\/\/hairbeauty-pro.com\/\",\"name\":\"Flash\",\"description\":\"Va\u0161a ultimativna destinacja za njegu kose\",\"publisher\":{\"@id\":\"https:\/\/hairbeauty-pro.com\/#organization\"},\"potentialAction\":[{\"@type\":\"SearchAction\",\"target\":{\"@type\":\"EntryPoint\",\"urlTemplate\":\"https:\/\/hairbeauty-pro.com\/?s={search_term_string}\"},\"query-input\":\"required name=search_term_string\"}],\"inLanguage\":\"bs-BA\"},{\"@type\":\"Organization\",\"@id\":\"https:\/\/hairbeauty-pro.com\/#organization\",\"name\":\"Flash\",\"url\":\"https:\/\/hairbeauty-pro.com\/\",\"logo\":{\"@type\":\"ImageObject\",\"inLanguage\":\"bs-BA\",\"@id\":\"https:\/\/hairbeauty-pro.com\/#\/schema\/logo\/image\/\",\"url\":\"https:\/\/hairbeauty-pro.com\/wp-content\/uploads\/2023\/07\/cropped-FLASH-LOGO-png.png\",\"contentUrl\":\"https:\/\/hairbeauty-pro.com\/wp-content\/uploads\/2023\/07\/cropped-FLASH-LOGO-png.png\",\"width\":1316,\"height\":521,\"caption\":\"Flash\"},\"image\":{\"@id\":\"https:\/\/hairbeauty-pro.com\/#\/schema\/logo\/image\/\"}}]}<\/script>\n<!-- \/ Yoast SEO plugin. -->","yoast_head_json":{"title":"BRAZILIAN LISS PEGLA ZA KOSU - Flash","description":"\u010cestice turmalina koje su dodate kerami\u010dkoj oblozi pegle, stvaraju tok negativnih jona tokom procesa zagrijevanja koji smanjuje stati\u010dki elektricitet na","robots":{"index":"index","follow":"follow","max-snippet":"max-snippet:-1","max-image-preview":"max-image-preview:large","max-video-preview":"max-video-preview:-1"},"canonical":"https:\/\/hairbeauty-pro.com\/?product=brazilian-liss-pegla-za-kosu","og_locale":"bs_BA","og_type":"article","og_title":"BRAZILIAN LISS PEGLA ZA KOSU - Flash","og_description":"\u010cestice turmalina koje su dodate kerami\u010dkoj oblozi pegle, stvaraju tok negativnih jona tokom procesa zagrijevanja koji smanjuje stati\u010dki elektricitet na","og_url":"https:\/\/hairbeauty-pro.com\/?product=brazilian-liss-pegla-za-kosu","og_site_name":"Flash","article_modified_time":"2025-12-13T12:28:17+00:00","og_image":[{"width":1800,"height":1350,"url":"http:\/\/hairbeauty-pro.com\/wp-content\/uploads\/2023\/08\/Brazilian-Liss-iron-1.jpg","type":"image\/jpeg"}],"twitter_card":"summary_large_image","twitter_misc":{"Est. reading time":"1 minuta"},"schema":{"@context":"https:\/\/schema.org","@graph":[{"@type":"WebPage","@id":"https:\/\/hairbeauty-pro.com\/?product=brazilian-liss-pegla-za-kosu","url":"https:\/\/hairbeauty-pro.com\/?product=brazilian-liss-pegla-za-kosu","name":"BRAZILIAN LISS PEGLA ZA KOSU - Flash","isPartOf":{"@id":"https:\/\/hairbeauty-pro.com\/#website"},"datePublished":"2023-08-14T18:10:42+00:00","dateModified":"2025-12-13T12:28:17+00:00","description":"\u010cestice turmalina koje su dodate kerami\u010dkoj oblozi pegle, stvaraju tok negativnih jona tokom procesa zagrijevanja koji smanjuje stati\u010dki elektricitet na","breadcrumb":{"@id":"https:\/\/hairbeauty-pro.com\/?product=brazilian-liss-pegla-za-kosu#breadcrumb"},"inLanguage":"bs-BA","potentialAction":[{"@type":"ReadAction","target":["https:\/\/hairbeauty-pro.com\/?product=brazilian-liss-pegla-za-kosu"]}]},{"@type":"BreadcrumbList","@id":"https:\/\/hairbeauty-pro.com\/?product=brazilian-liss-pegla-za-kosu#breadcrumb","itemListElement":[{"@type":"ListItem","position":1,"name":"Home","item":"https:\/\/hairbeauty-pro.com\/"},{"@type":"ListItem","position":2,"name":"Shop","item":"https:\/\/hairbeauty-pro.com\/?page_id=11"},{"@type":"ListItem","position":3,"name":"BRAZILIAN LISS PEGLA ZA KOSU"}]},{"@type":"WebSite","@id":"https:\/\/hairbeauty-pro.com\/#website","url":"https:\/\/hairbeauty-pro.com\/","name":"Flash","description":"Va\u0161a ultimativna destinacja za njegu kose","publisher":{"@id":"https:\/\/hairbeauty-pro.com\/#organization"},"potentialAction":[{"@type":"SearchAction","target":{"@type":"EntryPoint","urlTemplate":"https:\/\/hairbeauty-pro.com\/?s={search_term_string}"},"query-input":"required name=search_term_string"}],"inLanguage":"bs-BA"},{"@type":"Organization","@id":"https:\/\/hairbeauty-pro.com\/#organization","name":"Flash","url":"https:\/\/hairbeauty-pro.com\/","logo":{"@type":"ImageObject","inLanguage":"bs-BA","@id":"https:\/\/hairbeauty-pro.com\/#\/schema\/logo\/image\/","url":"https:\/\/hairbeauty-pro.com\/wp-content\/uploads\/2023\/07\/cropped-FLASH-LOGO-png.png","contentUrl":"https:\/\/hairbeauty-pro.com\/wp-content\/uploads\/2023\/07\/cropped-FLASH-LOGO-png.png","width":1316,"height":521,"caption":"Flash"},"image":{"@id":"https:\/\/hairbeauty-pro.com\/#\/schema\/logo\/image\/"}}]}},"_links":{"self":[{"href":"https:\/\/hairbeauty-pro.com\/index.php?rest_route=\/wp\/v2\/product\/2869"}],"collection":[{"href":"https:\/\/hairbeauty-pro.com\/index.php?rest_route=\/wp\/v2\/product"}],"about":[{"href":"https:\/\/hairbeauty-pro.com\/index.php?rest_route=\/wp\/v2\/types\/product"}],"replies":[{"embeddable":true,"href":"https:\/\/hairbeauty-pro.com\/index.php?rest_route=%2Fwp%2Fv2%2Fcomments&post=2869"}],"wp:featuredmedia":[{"embeddable":true,"href":"https:\/\/hairbeauty-pro.com\/index.php?rest_route=\/wp\/v2\/media\/2870"}],"wp:attachment":[{"href":"https:\/\/hairbeauty-pro.com\/index.php?rest_route=%2Fwp%2Fv2%2Fmedia&parent=2869"}],"wp:term":[{"taxonomy":"product_cat","embeddable":true,"href":"https:\/\/hairbeauty-pro.com\/index.php?rest_route=%2Fwp%2Fv2%2Fproduct_cat&post=2869"},{"taxonomy":"product_tag","embeddable":true,"href":"https:\/\/hairbeauty-pro.com\/index.php?rest_route=%2Fwp%2Fv2%2Fproduct_tag&post=2869"}],"curies":[{"name":"wp","href":"https:\/\/api.w.org\/{rel}","templated":true}]}}