{"id":2560,"date":"2023-07-23T13:17:29","date_gmt":"2023-07-23T13:17:29","guid":{"rendered":"https:\/\/hairbeauty-pro.com\/?post_type=product&#038;p=2560"},"modified":"2023-12-11T10:53:17","modified_gmt":"2023-12-11T10:53:17","slug":"kay-direct-pastel-coral-pastelno-koralna","status":"publish","type":"product","link":"https:\/\/hairbeauty-pro.com\/?product=kay-direct-pastel-coral-pastelno-koralna","title":{"rendered":"Kay Direct Pastel coral \u2013 Pastelno koralna"},"content":{"rendered":"<p>Kay Direct je profesionalna direktna periva boja za kosu koja se postepeno ispira. Kosi daje duboki intenzitet i bogat sjaj. Nanosi se na suhu i \u010distu kosu, blajhanu ili vrlo svijetlu. Postojana je do 10 pranja, otporna na sun\u010deve zrake, pokriva sijede i \u010duva strukturu kose od o\u0161te\u0107enja. Nakon aplikacije, kosa dobija visoki sjaj koji traje, a kremasta tekstura omogu\u0107ava lagano nano\u0161enje. Mo\u017ee se koristiti kao boja za pramenove, hromatske slojeve ili za cijelu kosu.<\/p>\n<p><strong>UPUTSTVO ZA UPOTREBU<\/strong>: Kay Direct se primjenjuje na suhu kosu. Nije potrebno dodati vodu ili hidrogen. U slu\u010daju da trebate dobiti vi\u0161e briljantne i \u017eivopisne boje, potrebno je izbjeljiti kosu pomo\u0107u KAYPRO NO YELLOW DUST FREE blan\u0161a za izbjeljivanje do preporu\u010denog nivoa.<\/p>\n<p><strong>PRIMJENA:<\/strong> Operite kosu \u0161amponom i potpuno je osu\u0161ite. Podijelite kosu i natopite svaku sekciju kose bojom Kay Direct. Nakon\u00a0 preporu\u010denog vrijemena djelovanja (20 do 40 minuta &#8211; zavisno o brzini prodiranja proizvoda u dlaku), temeljno isperite toplom vodom. Nemojte koristiti bilo kakav \u0161ampon. Nastaviti stilizovanje kose pomo\u0107u stajling proizvoda KayPro. Preporu\u010daje se izbjegavanje upotrebe vru\u0107ih alata poput prese za kosu, figara i sli\u010dno neposredno nakon primjene Kay Direct boje, kako bi se obezbjedilo djelovanje boje.<\/p>\n<p><strong>UPOZORENJE:<\/strong> Boja mo\u017ee izazvati alergijsku\u00a0 reakciju. Pro\u010ditajte i slijedite uputstvo za upotrebu. Proizvod nije namjenjen osobama\u00a0 mla\u0111im od 16 godina. Privremene\u00a0 tetova\u017ee od kane mogu pove\u010dati rizik od alergija. Kosu nemojte bojiti ako imate osip ili osjetljivu ko\u017eu lica, iritirano ili o\u0161te\u0107eno tjeme, ako ste ranije imali alergijske reakcije na boje za kosu ili na privremene tetova\u017ee od crne kane. Ne smije se koristiti za bojenje obrva i trepavica. Nanositi samo sa rukavicama. Izbjegavati kontakt s o\u010dima. Ako proizvod do\u0111e u kontakt sa o\u010diima, odmah isprati vodom! Nakon aplikacije boje dobro isprati kosu. Ne koristiti u slu\u010daju alergije na bilokoji sastojak. Dr\u017eati dalje od djece. Boje su bez amonijaka i bez peroksida.<\/p>\n","protected":false},"excerpt":{"rendered":"<p>Boja: Pastel coral \u2013 Pastelno koralna<\/p>\n<p>100 ML<\/p>\n","protected":false},"featured_media":5419,"comment_status":"open","ping_status":"closed","template":"","meta":{"site-sidebar-layout":"default","site-content-layout":"default","ast-site-content-layout":"default","site-content-style":"default","site-sidebar-style":"default","ast-global-header-display":"","ast-banner-title-visibility":"","ast-main-header-display":"","ast-hfb-above-header-display":"","ast-hfb-below-header-display":"","ast-hfb-mobile-header-display":"","site-post-title":"","ast-breadcrumbs-content":"","ast-featured-img":"","footer-sml-layout":"","theme-transparent-header-meta":"default","adv-header-id-meta":"","stick-header-meta":"","header-above-stick-meta":"","header-main-stick-meta":"","header-below-stick-meta":"","astra-migrate-meta-layouts":"set","ast-page-background-enabled":"default","ast-page-background-meta":{"desktop":{"background-color":"","background-image":"","background-repeat":"repeat","background-position":"center center","background-size":"auto","background-attachment":"scroll","background-type":"","background-media":"","overlay-type":"","overlay-color":"","overlay-opacity":"","overlay-gradient":""},"tablet":{"background-color":"","background-image":"","background-repeat":"repeat","background-position":"center center","background-size":"auto","background-attachment":"scroll","background-type":"","background-media":"","overlay-type":"","overlay-color":"","overlay-opacity":"","overlay-gradient":""},"mobile":{"background-color":"","background-image":"","background-repeat":"repeat","background-position":"center center","background-size":"auto","background-attachment":"scroll","background-type":"","background-media":"","overlay-type":"","overlay-color":"","overlay-opacity":"","overlay-gradient":""}},"ast-content-background-meta":{"desktop":{"background-color":"var(--ast-global-color-5)","background-image":"","background-repeat":"repeat","background-position":"center center","background-size":"auto","background-attachment":"scroll","background-type":"","background-media":"","overlay-type":"","overlay-color":"","overlay-opacity":"","overlay-gradient":""},"tablet":{"background-color":"var(--ast-global-color-5)","background-image":"","background-repeat":"repeat","background-position":"center center","background-size":"auto","background-attachment":"scroll","background-type":"","background-media":"","overlay-type":"","overlay-color":"","overlay-opacity":"","overlay-gradient":""},"mobile":{"background-color":"var(--ast-global-color-5)","background-image":"","background-repeat":"repeat","background-position":"center center","background-size":"auto","background-attachment":"scroll","background-type":"","background-media":"","overlay-type":"","overlay-color":"","overlay-opacity":"","overlay-gradient":""}}},"product_cat":[194,85,81,191,259,44,86],"product_tag":[],"yoast_head":"<!-- This site is optimized with the Yoast SEO plugin v21.7 - https:\/\/yoast.com\/wordpress\/plugins\/seo\/ -->\n<title>Kay Direct Pastel coral \u2013 Pastelno koralna - Flash<\/title>\n<meta name=\"description\" content=\"Boja: Pastel coral \u2013 Pastelno koralna  100 ML\" \/>\n<meta name=\"robots\" content=\"index, follow, max-snippet:-1, max-image-preview:large, max-video-preview:-1\" \/>\n<link rel=\"canonical\" href=\"https:\/\/hairbeauty-pro.com\/?product=kay-direct-pastel-coral-pastelno-koralna\" \/>\n<meta property=\"og:locale\" content=\"bs_BA\" \/>\n<meta property=\"og:type\" content=\"article\" \/>\n<meta property=\"og:title\" content=\"Kay Direct Pastel coral \u2013 Pastelno koralna - Flash\" \/>\n<meta property=\"og:description\" content=\"Boja: Pastel coral \u2013 Pastelno koralna  100 ML\" \/>\n<meta property=\"og:url\" content=\"https:\/\/hairbeauty-pro.com\/?product=kay-direct-pastel-coral-pastelno-koralna\" \/>\n<meta property=\"og:site_name\" content=\"Flash\" \/>\n<meta property=\"article:modified_time\" content=\"2023-12-11T10:53:17+00:00\" \/>\n<meta property=\"og:image\" content=\"https:\/\/hairbeauty-pro.com\/wp-content\/uploads\/2023\/11\/19354_PASTEL-CORAL.jpg\" \/>\n\t<meta property=\"og:image:width\" content=\"414\" \/>\n\t<meta property=\"og:image:height\" content=\"1162\" \/>\n\t<meta property=\"og:image:type\" content=\"image\/jpeg\" \/>\n<meta name=\"twitter:card\" content=\"summary_large_image\" \/>\n<meta name=\"twitter:label1\" content=\"Est. reading time\" \/>\n\t<meta name=\"twitter:data1\" content=\"2 minute\" \/>\n<script type=\"application\/ld+json\" class=\"yoast-schema-graph\">{\"@context\":\"https:\/\/schema.org\",\"@graph\":[{\"@type\":\"WebPage\",\"@id\":\"https:\/\/hairbeauty-pro.com\/?product=kay-direct-pastel-coral-pastelno-koralna\",\"url\":\"https:\/\/hairbeauty-pro.com\/?product=kay-direct-pastel-coral-pastelno-koralna\",\"name\":\"Kay Direct Pastel coral \u2013 Pastelno koralna - Flash\",\"isPartOf\":{\"@id\":\"https:\/\/hairbeauty-pro.com\/#website\"},\"datePublished\":\"2023-07-23T13:17:29+00:00\",\"dateModified\":\"2023-12-11T10:53:17+00:00\",\"description\":\"Boja: Pastel coral \u2013 Pastelno koralna 100 ML\",\"breadcrumb\":{\"@id\":\"https:\/\/hairbeauty-pro.com\/?product=kay-direct-pastel-coral-pastelno-koralna#breadcrumb\"},\"inLanguage\":\"bs-BA\",\"potentialAction\":[{\"@type\":\"ReadAction\",\"target\":[\"https:\/\/hairbeauty-pro.com\/?product=kay-direct-pastel-coral-pastelno-koralna\"]}]},{\"@type\":\"BreadcrumbList\",\"@id\":\"https:\/\/hairbeauty-pro.com\/?product=kay-direct-pastel-coral-pastelno-koralna#breadcrumb\",\"itemListElement\":[{\"@type\":\"ListItem\",\"position\":1,\"name\":\"Home\",\"item\":\"https:\/\/hairbeauty-pro.com\/\"},{\"@type\":\"ListItem\",\"position\":2,\"name\":\"Shop\",\"item\":\"https:\/\/hairbeauty-pro.com\/?page_id=11\"},{\"@type\":\"ListItem\",\"position\":3,\"name\":\"Kay Direct Pastel coral \u2013 Pastelno koralna\"}]},{\"@type\":\"WebSite\",\"@id\":\"https:\/\/hairbeauty-pro.com\/#website\",\"url\":\"https:\/\/hairbeauty-pro.com\/\",\"name\":\"Flash\",\"description\":\"Va\u0161a ultimativna destinacja za njegu kose\",\"publisher\":{\"@id\":\"https:\/\/hairbeauty-pro.com\/#organization\"},\"potentialAction\":[{\"@type\":\"SearchAction\",\"target\":{\"@type\":\"EntryPoint\",\"urlTemplate\":\"https:\/\/hairbeauty-pro.com\/?s={search_term_string}\"},\"query-input\":\"required name=search_term_string\"}],\"inLanguage\":\"bs-BA\"},{\"@type\":\"Organization\",\"@id\":\"https:\/\/hairbeauty-pro.com\/#organization\",\"name\":\"Flash\",\"url\":\"https:\/\/hairbeauty-pro.com\/\",\"logo\":{\"@type\":\"ImageObject\",\"inLanguage\":\"bs-BA\",\"@id\":\"https:\/\/hairbeauty-pro.com\/#\/schema\/logo\/image\/\",\"url\":\"https:\/\/hairbeauty-pro.com\/wp-content\/uploads\/2023\/07\/cropped-FLASH-LOGO-png.png\",\"contentUrl\":\"https:\/\/hairbeauty-pro.com\/wp-content\/uploads\/2023\/07\/cropped-FLASH-LOGO-png.png\",\"width\":1316,\"height\":521,\"caption\":\"Flash\"},\"image\":{\"@id\":\"https:\/\/hairbeauty-pro.com\/#\/schema\/logo\/image\/\"}}]}<\/script>\n<!-- \/ Yoast SEO plugin. -->","yoast_head_json":{"title":"Kay Direct Pastel coral \u2013 Pastelno koralna - Flash","description":"Boja: Pastel coral \u2013 Pastelno koralna  100 ML","robots":{"index":"index","follow":"follow","max-snippet":"max-snippet:-1","max-image-preview":"max-image-preview:large","max-video-preview":"max-video-preview:-1"},"canonical":"https:\/\/hairbeauty-pro.com\/?product=kay-direct-pastel-coral-pastelno-koralna","og_locale":"bs_BA","og_type":"article","og_title":"Kay Direct Pastel coral \u2013 Pastelno koralna - Flash","og_description":"Boja: Pastel coral \u2013 Pastelno koralna  100 ML","og_url":"https:\/\/hairbeauty-pro.com\/?product=kay-direct-pastel-coral-pastelno-koralna","og_site_name":"Flash","article_modified_time":"2023-12-11T10:53:17+00:00","og_image":[{"width":414,"height":1162,"url":"https:\/\/hairbeauty-pro.com\/wp-content\/uploads\/2023\/11\/19354_PASTEL-CORAL.jpg","type":"image\/jpeg"}],"twitter_card":"summary_large_image","twitter_misc":{"Est. reading time":"2 minute"},"schema":{"@context":"https:\/\/schema.org","@graph":[{"@type":"WebPage","@id":"https:\/\/hairbeauty-pro.com\/?product=kay-direct-pastel-coral-pastelno-koralna","url":"https:\/\/hairbeauty-pro.com\/?product=kay-direct-pastel-coral-pastelno-koralna","name":"Kay Direct Pastel coral \u2013 Pastelno koralna - Flash","isPartOf":{"@id":"https:\/\/hairbeauty-pro.com\/#website"},"datePublished":"2023-07-23T13:17:29+00:00","dateModified":"2023-12-11T10:53:17+00:00","description":"Boja: Pastel coral \u2013 Pastelno koralna 100 ML","breadcrumb":{"@id":"https:\/\/hairbeauty-pro.com\/?product=kay-direct-pastel-coral-pastelno-koralna#breadcrumb"},"inLanguage":"bs-BA","potentialAction":[{"@type":"ReadAction","target":["https:\/\/hairbeauty-pro.com\/?product=kay-direct-pastel-coral-pastelno-koralna"]}]},{"@type":"BreadcrumbList","@id":"https:\/\/hairbeauty-pro.com\/?product=kay-direct-pastel-coral-pastelno-koralna#breadcrumb","itemListElement":[{"@type":"ListItem","position":1,"name":"Home","item":"https:\/\/hairbeauty-pro.com\/"},{"@type":"ListItem","position":2,"name":"Shop","item":"https:\/\/hairbeauty-pro.com\/?page_id=11"},{"@type":"ListItem","position":3,"name":"Kay Direct Pastel coral \u2013 Pastelno koralna"}]},{"@type":"WebSite","@id":"https:\/\/hairbeauty-pro.com\/#website","url":"https:\/\/hairbeauty-pro.com\/","name":"Flash","description":"Va\u0161a ultimativna destinacja za njegu kose","publisher":{"@id":"https:\/\/hairbeauty-pro.com\/#organization"},"potentialAction":[{"@type":"SearchAction","target":{"@type":"EntryPoint","urlTemplate":"https:\/\/hairbeauty-pro.com\/?s={search_term_string}"},"query-input":"required name=search_term_string"}],"inLanguage":"bs-BA"},{"@type":"Organization","@id":"https:\/\/hairbeauty-pro.com\/#organization","name":"Flash","url":"https:\/\/hairbeauty-pro.com\/","logo":{"@type":"ImageObject","inLanguage":"bs-BA","@id":"https:\/\/hairbeauty-pro.com\/#\/schema\/logo\/image\/","url":"https:\/\/hairbeauty-pro.com\/wp-content\/uploads\/2023\/07\/cropped-FLASH-LOGO-png.png","contentUrl":"https:\/\/hairbeauty-pro.com\/wp-content\/uploads\/2023\/07\/cropped-FLASH-LOGO-png.png","width":1316,"height":521,"caption":"Flash"},"image":{"@id":"https:\/\/hairbeauty-pro.com\/#\/schema\/logo\/image\/"}}]}},"_links":{"self":[{"href":"https:\/\/hairbeauty-pro.com\/index.php?rest_route=\/wp\/v2\/product\/2560"}],"collection":[{"href":"https:\/\/hairbeauty-pro.com\/index.php?rest_route=\/wp\/v2\/product"}],"about":[{"href":"https:\/\/hairbeauty-pro.com\/index.php?rest_route=\/wp\/v2\/types\/product"}],"replies":[{"embeddable":true,"href":"https:\/\/hairbeauty-pro.com\/index.php?rest_route=%2Fwp%2Fv2%2Fcomments&post=2560"}],"wp:featuredmedia":[{"embeddable":true,"href":"https:\/\/hairbeauty-pro.com\/index.php?rest_route=\/wp\/v2\/media\/5419"}],"wp:attachment":[{"href":"https:\/\/hairbeauty-pro.com\/index.php?rest_route=%2Fwp%2Fv2%2Fmedia&parent=2560"}],"wp:term":[{"taxonomy":"product_cat","embeddable":true,"href":"https:\/\/hairbeauty-pro.com\/index.php?rest_route=%2Fwp%2Fv2%2Fproduct_cat&post=2560"},{"taxonomy":"product_tag","embeddable":true,"href":"https:\/\/hairbeauty-pro.com\/index.php?rest_route=%2Fwp%2Fv2%2Fproduct_tag&post=2560"}],"curies":[{"name":"wp","href":"https:\/\/api.w.org\/{rel}","templated":true}]}}