{"id":2545,"date":"2023-07-23T12:57:35","date_gmt":"2023-07-23T12:57:35","guid":{"rendered":"https:\/\/hairbeauty-pro.com\/?post_type=product&#038;p=2545"},"modified":"2023-11-27T14:14:33","modified_gmt":"2023-11-27T14:14:33","slug":"caviar-supreme-10-1","status":"publish","type":"product","link":"https:\/\/hairbeauty-pro.com\/?product=caviar-supreme-10-1","title":{"rendered":"Caviar Supreme boja 10.1 &#8211; Platinasto pepeljasta plava"},"content":{"rendered":"<p>CAVIAR SUPREME Kaypro Professional je krem boja za kosu kose poslednje generacije bez amonijaka i bez PPD-a (paraphenylendiamine), koji osigurava potpuno pokrivanje sijede kose i postizanje\u00a0 intenzivne, svijetle i postojane boje.Posebna kombinacija prirodnih sastojaka u\u00a0 CAVIAR SUPREME\u00a0 farbama pru\u017ea bogatu, kremastu, gel\u00a0 teksturu visokih performansi. Specijalna formula garantuje maksimalne rezultate uz minimalno kori\u0161\u0107enje alkalnih komponenti, pobolj\u0161ava sjaj i intenzitet boje i garantuje pokrivanje sijede kose, bez \u0161tetnog djelovanja na ko\u017eu glave.<\/p>\n<p>Oboga\u0107ena je:<\/p>\n<ul>\n<li>kavijarom &#8211; koji ima hidrantna i za\u0161titna svojstva (hrani i zagla\u0111uje kosu, istovremeno obnavlja o\u0161te\u0107ene vlasi, pa kosa izgleda zdravo, njegovano i sjajno), i<\/li>\n<li>keratinom &#8211; koji vr\u0161i poja\u010danje u\u010dinka i restrukturiranje dlake.<\/li>\n<\/ul>\n<p>Rezultat:<\/p>\n<ul>\n<li>CAVIAR SUPREME boja kosi vra\u0107a svoju prirodnu meko\u0107u, kosa je zdrava sa fantasti\u010dnim ishodom nijanse.<\/li>\n<\/ul>\n<p>Za maksimalne rezultate postizanja boje, preporu\u010duje se mije\u0161anje CAVIAR SUPREME krem boje za kosu sa SUPREME,\u00a0 hidrogen kremom visokog stabilizacionog djelovanja koji omogu\u0107ava mekanu, delikatanu,\u00a0 kremastu, glatku i laku aplikaciju. Ova\u00a0 mje\u0161avina osigurava klijentu profesionalnost i najbolje rezultate sa najvi\u0161im stepenom\u00a0 sigurnosti.<\/p>\n<p>Priprema: Pomije\u0161ajte 50 gr Caviar Supreme krem boje sa\u00a0 75 ml Supreme aktivatorom\u00a0 (za super posvetljenje 50 gr Caviar Supreme krem boje sa\u00a0 100 ml\u00a0 Supreme aktivatorom )u zdjeli koja nije metalna.<\/p>\n<p>Vrijeme djelovanja:<\/p>\n<table>\n<tbody>\n<tr>\n<td width=\"155\"><strong><em>Dizanje tonova<\/em><\/strong><\/td>\n<td width=\"155\"><strong><em>Hidrogen peroksid<\/em><\/strong><\/td>\n<td width=\"155\"><strong><em>Vrijeme djelovanja<\/em><\/strong><\/td>\n<td width=\"155\"><strong><em>Omjer<\/em><\/strong><\/td>\n<\/tr>\n<tr>\n<td width=\"155\">0 \u2013 1<\/td>\n<td width=\"155\">10 vol.<\/td>\n<td width=\"155\">20 min.<\/td>\n<td width=\"155\">1 \u2013 1,5<\/td>\n<\/tr>\n<tr>\n<td width=\"155\">1 &#8211; 2<\/td>\n<td width=\"155\">20 vol.<\/td>\n<td width=\"155\">30 min.<\/td>\n<td width=\"155\">1 \u2013 1,5<\/td>\n<\/tr>\n<tr>\n<td width=\"155\">2 &#8211; 3<\/td>\n<td width=\"155\">30 vol.<\/td>\n<td width=\"155\">40 min.<\/td>\n<td width=\"155\">1 \u2013 1,5<\/td>\n<\/tr>\n<tr>\n<td width=\"155\">4+<\/td>\n<td width=\"155\">40 vol.<\/td>\n<td width=\"155\">50 min.<\/td>\n<td width=\"155\">1 \u2013 2<\/td>\n<\/tr>\n<\/tbody>\n<\/table>\n<p>&nbsp;<\/p>\n<p>Aplikacija:\u00a0 nanijeti\u00a0 mje\u0161avinu ravnomjerno na suhu, neopranu kosu.<\/p>\n<p>Ispiranje: Kada je vrijeme djelovanja (izlaganja)\u00a0 zavr\u0161eno, emulgujte pa\u017eljivo, zatim isperite kosu temeljno sve dok voda ne bude \u010dista.<\/p>\n","protected":false},"excerpt":{"rendered":"<p>Caviar Supreme boja 10.1<\/p>\n<p>Platinasto pepeljasta plava<\/p>\n<p>100 ML<\/p>\n","protected":false},"featured_media":5412,"comment_status":"open","ping_status":"closed","template":"","meta":{"site-sidebar-layout":"default","site-content-layout":"default","ast-site-content-layout":"default","site-content-style":"default","site-sidebar-style":"default","ast-global-header-display":"","ast-banner-title-visibility":"","ast-main-header-display":"","ast-hfb-above-header-display":"","ast-hfb-below-header-display":"","ast-hfb-mobile-header-display":"","site-post-title":"","ast-breadcrumbs-content":"","ast-featured-img":"","footer-sml-layout":"","theme-transparent-header-meta":"default","adv-header-id-meta":"","stick-header-meta":"","header-above-stick-meta":"","header-main-stick-meta":"","header-below-stick-meta":"","astra-migrate-meta-layouts":"default","ast-page-background-enabled":"default","ast-page-background-meta":{"desktop":{"background-color":"","background-image":"","background-repeat":"repeat","background-position":"center center","background-size":"auto","background-attachment":"scroll","background-type":"","background-media":"","overlay-type":"","overlay-color":"","overlay-opacity":"","overlay-gradient":""},"tablet":{"background-color":"","background-image":"","background-repeat":"repeat","background-position":"center center","background-size":"auto","background-attachment":"scroll","background-type":"","background-media":"","overlay-type":"","overlay-color":"","overlay-opacity":"","overlay-gradient":""},"mobile":{"background-color":"","background-image":"","background-repeat":"repeat","background-position":"center center","background-size":"auto","background-attachment":"scroll","background-type":"","background-media":"","overlay-type":"","overlay-color":"","overlay-opacity":"","overlay-gradient":""}},"ast-content-background-meta":{"desktop":{"background-color":"var(--ast-global-color-5)","background-image":"","background-repeat":"repeat","background-position":"center center","background-size":"auto","background-attachment":"scroll","background-type":"","background-media":"","overlay-type":"","overlay-color":"","overlay-opacity":"","overlay-gradient":""},"tablet":{"background-color":"var(--ast-global-color-5)","background-image":"","background-repeat":"repeat","background-position":"center center","background-size":"auto","background-attachment":"scroll","background-type":"","background-media":"","overlay-type":"","overlay-color":"","overlay-opacity":"","overlay-gradient":""},"mobile":{"background-color":"var(--ast-global-color-5)","background-image":"","background-repeat":"repeat","background-position":"center center","background-size":"auto","background-attachment":"scroll","background-type":"","background-media":"","overlay-type":"","overlay-color":"","overlay-opacity":"","overlay-gradient":""}}},"product_cat":[193,82,84,257,81,191,44,256],"product_tag":[],"yoast_head":"<!-- This site is optimized with the Yoast SEO plugin v21.7 - https:\/\/yoast.com\/wordpress\/plugins\/seo\/ -->\n<title>Caviar Supreme boja 10.1 - Platinasto pepeljasta plava - Flash<\/title>\n<meta name=\"description\" content=\"Caviar Supreme boja 10.1  Platinasto pepeljasta plava  100 ML\" \/>\n<meta name=\"robots\" content=\"index, follow, max-snippet:-1, max-image-preview:large, max-video-preview:-1\" \/>\n<link rel=\"canonical\" href=\"https:\/\/hairbeauty-pro.com\/?product=caviar-supreme-10-1\" \/>\n<meta property=\"og:locale\" content=\"bs_BA\" \/>\n<meta property=\"og:type\" content=\"article\" \/>\n<meta property=\"og:title\" content=\"Caviar Supreme boja 10.1 - Platinasto pepeljasta plava - Flash\" \/>\n<meta property=\"og:description\" content=\"Caviar Supreme boja 10.1  Platinasto pepeljasta plava  100 ML\" \/>\n<meta property=\"og:url\" content=\"https:\/\/hairbeauty-pro.com\/?product=caviar-supreme-10-1\" \/>\n<meta property=\"og:site_name\" content=\"Flash\" \/>\n<meta property=\"article:modified_time\" content=\"2023-11-27T14:14:33+00:00\" \/>\n<meta property=\"og:image\" content=\"https:\/\/hairbeauty-pro.com\/wp-content\/uploads\/2023\/11\/Caviar-Supreme-10.1.jpg\" \/>\n\t<meta property=\"og:image:width\" content=\"433\" \/>\n\t<meta property=\"og:image:height\" content=\"433\" \/>\n\t<meta property=\"og:image:type\" content=\"image\/jpeg\" \/>\n<meta name=\"twitter:card\" content=\"summary_large_image\" \/>\n<meta name=\"twitter:label1\" content=\"Est. reading time\" \/>\n\t<meta name=\"twitter:data1\" content=\"1 minuta\" \/>\n<script type=\"application\/ld+json\" class=\"yoast-schema-graph\">{\"@context\":\"https:\/\/schema.org\",\"@graph\":[{\"@type\":\"WebPage\",\"@id\":\"https:\/\/hairbeauty-pro.com\/?product=caviar-supreme-10-1\",\"url\":\"https:\/\/hairbeauty-pro.com\/?product=caviar-supreme-10-1\",\"name\":\"Caviar Supreme boja 10.1 - Platinasto pepeljasta plava - Flash\",\"isPartOf\":{\"@id\":\"https:\/\/hairbeauty-pro.com\/#website\"},\"datePublished\":\"2023-07-23T12:57:35+00:00\",\"dateModified\":\"2023-11-27T14:14:33+00:00\",\"description\":\"Caviar Supreme boja 10.1 Platinasto pepeljasta plava 100 ML\",\"breadcrumb\":{\"@id\":\"https:\/\/hairbeauty-pro.com\/?product=caviar-supreme-10-1#breadcrumb\"},\"inLanguage\":\"bs-BA\",\"potentialAction\":[{\"@type\":\"ReadAction\",\"target\":[\"https:\/\/hairbeauty-pro.com\/?product=caviar-supreme-10-1\"]}]},{\"@type\":\"BreadcrumbList\",\"@id\":\"https:\/\/hairbeauty-pro.com\/?product=caviar-supreme-10-1#breadcrumb\",\"itemListElement\":[{\"@type\":\"ListItem\",\"position\":1,\"name\":\"Home\",\"item\":\"https:\/\/hairbeauty-pro.com\/\"},{\"@type\":\"ListItem\",\"position\":2,\"name\":\"Shop\",\"item\":\"https:\/\/hairbeauty-pro.com\/?page_id=11\"},{\"@type\":\"ListItem\",\"position\":3,\"name\":\"Caviar Supreme boja 10.1 &#8211; Platinasto pepeljasta plava\"}]},{\"@type\":\"WebSite\",\"@id\":\"https:\/\/hairbeauty-pro.com\/#website\",\"url\":\"https:\/\/hairbeauty-pro.com\/\",\"name\":\"Flash\",\"description\":\"Va\u0161a ultimativna destinacja za njegu kose\",\"publisher\":{\"@id\":\"https:\/\/hairbeauty-pro.com\/#organization\"},\"potentialAction\":[{\"@type\":\"SearchAction\",\"target\":{\"@type\":\"EntryPoint\",\"urlTemplate\":\"https:\/\/hairbeauty-pro.com\/?s={search_term_string}\"},\"query-input\":\"required name=search_term_string\"}],\"inLanguage\":\"bs-BA\"},{\"@type\":\"Organization\",\"@id\":\"https:\/\/hairbeauty-pro.com\/#organization\",\"name\":\"Flash\",\"url\":\"https:\/\/hairbeauty-pro.com\/\",\"logo\":{\"@type\":\"ImageObject\",\"inLanguage\":\"bs-BA\",\"@id\":\"https:\/\/hairbeauty-pro.com\/#\/schema\/logo\/image\/\",\"url\":\"https:\/\/hairbeauty-pro.com\/wp-content\/uploads\/2023\/07\/cropped-FLASH-LOGO-png.png\",\"contentUrl\":\"https:\/\/hairbeauty-pro.com\/wp-content\/uploads\/2023\/07\/cropped-FLASH-LOGO-png.png\",\"width\":1316,\"height\":521,\"caption\":\"Flash\"},\"image\":{\"@id\":\"https:\/\/hairbeauty-pro.com\/#\/schema\/logo\/image\/\"}}]}<\/script>\n<!-- \/ Yoast SEO plugin. -->","yoast_head_json":{"title":"Caviar Supreme boja 10.1 - Platinasto pepeljasta plava - Flash","description":"Caviar Supreme boja 10.1  Platinasto pepeljasta plava  100 ML","robots":{"index":"index","follow":"follow","max-snippet":"max-snippet:-1","max-image-preview":"max-image-preview:large","max-video-preview":"max-video-preview:-1"},"canonical":"https:\/\/hairbeauty-pro.com\/?product=caviar-supreme-10-1","og_locale":"bs_BA","og_type":"article","og_title":"Caviar Supreme boja 10.1 - Platinasto pepeljasta plava - Flash","og_description":"Caviar Supreme boja 10.1  Platinasto pepeljasta plava  100 ML","og_url":"https:\/\/hairbeauty-pro.com\/?product=caviar-supreme-10-1","og_site_name":"Flash","article_modified_time":"2023-11-27T14:14:33+00:00","og_image":[{"width":433,"height":433,"url":"https:\/\/hairbeauty-pro.com\/wp-content\/uploads\/2023\/11\/Caviar-Supreme-10.1.jpg","type":"image\/jpeg"}],"twitter_card":"summary_large_image","twitter_misc":{"Est. reading time":"1 minuta"},"schema":{"@context":"https:\/\/schema.org","@graph":[{"@type":"WebPage","@id":"https:\/\/hairbeauty-pro.com\/?product=caviar-supreme-10-1","url":"https:\/\/hairbeauty-pro.com\/?product=caviar-supreme-10-1","name":"Caviar Supreme boja 10.1 - Platinasto pepeljasta plava - Flash","isPartOf":{"@id":"https:\/\/hairbeauty-pro.com\/#website"},"datePublished":"2023-07-23T12:57:35+00:00","dateModified":"2023-11-27T14:14:33+00:00","description":"Caviar Supreme boja 10.1 Platinasto pepeljasta plava 100 ML","breadcrumb":{"@id":"https:\/\/hairbeauty-pro.com\/?product=caviar-supreme-10-1#breadcrumb"},"inLanguage":"bs-BA","potentialAction":[{"@type":"ReadAction","target":["https:\/\/hairbeauty-pro.com\/?product=caviar-supreme-10-1"]}]},{"@type":"BreadcrumbList","@id":"https:\/\/hairbeauty-pro.com\/?product=caviar-supreme-10-1#breadcrumb","itemListElement":[{"@type":"ListItem","position":1,"name":"Home","item":"https:\/\/hairbeauty-pro.com\/"},{"@type":"ListItem","position":2,"name":"Shop","item":"https:\/\/hairbeauty-pro.com\/?page_id=11"},{"@type":"ListItem","position":3,"name":"Caviar Supreme boja 10.1 &#8211; Platinasto pepeljasta plava"}]},{"@type":"WebSite","@id":"https:\/\/hairbeauty-pro.com\/#website","url":"https:\/\/hairbeauty-pro.com\/","name":"Flash","description":"Va\u0161a ultimativna destinacja za njegu kose","publisher":{"@id":"https:\/\/hairbeauty-pro.com\/#organization"},"potentialAction":[{"@type":"SearchAction","target":{"@type":"EntryPoint","urlTemplate":"https:\/\/hairbeauty-pro.com\/?s={search_term_string}"},"query-input":"required name=search_term_string"}],"inLanguage":"bs-BA"},{"@type":"Organization","@id":"https:\/\/hairbeauty-pro.com\/#organization","name":"Flash","url":"https:\/\/hairbeauty-pro.com\/","logo":{"@type":"ImageObject","inLanguage":"bs-BA","@id":"https:\/\/hairbeauty-pro.com\/#\/schema\/logo\/image\/","url":"https:\/\/hairbeauty-pro.com\/wp-content\/uploads\/2023\/07\/cropped-FLASH-LOGO-png.png","contentUrl":"https:\/\/hairbeauty-pro.com\/wp-content\/uploads\/2023\/07\/cropped-FLASH-LOGO-png.png","width":1316,"height":521,"caption":"Flash"},"image":{"@id":"https:\/\/hairbeauty-pro.com\/#\/schema\/logo\/image\/"}}]}},"_links":{"self":[{"href":"https:\/\/hairbeauty-pro.com\/index.php?rest_route=\/wp\/v2\/product\/2545"}],"collection":[{"href":"https:\/\/hairbeauty-pro.com\/index.php?rest_route=\/wp\/v2\/product"}],"about":[{"href":"https:\/\/hairbeauty-pro.com\/index.php?rest_route=\/wp\/v2\/types\/product"}],"replies":[{"embeddable":true,"href":"https:\/\/hairbeauty-pro.com\/index.php?rest_route=%2Fwp%2Fv2%2Fcomments&post=2545"}],"wp:featuredmedia":[{"embeddable":true,"href":"https:\/\/hairbeauty-pro.com\/index.php?rest_route=\/wp\/v2\/media\/5412"}],"wp:attachment":[{"href":"https:\/\/hairbeauty-pro.com\/index.php?rest_route=%2Fwp%2Fv2%2Fmedia&parent=2545"}],"wp:term":[{"taxonomy":"product_cat","embeddable":true,"href":"https:\/\/hairbeauty-pro.com\/index.php?rest_route=%2Fwp%2Fv2%2Fproduct_cat&post=2545"},{"taxonomy":"product_tag","embeddable":true,"href":"https:\/\/hairbeauty-pro.com\/index.php?rest_route=%2Fwp%2Fv2%2Fproduct_tag&post=2545"}],"curies":[{"name":"wp","href":"https:\/\/api.w.org\/{rel}","templated":true}]}}