{"id":2535,"date":"2023-07-23T12:38:41","date_gmt":"2023-07-23T12:38:41","guid":{"rendered":"https:\/\/hairbeauty-pro.com\/?post_type=product&#038;p=2535"},"modified":"2023-12-12T11:47:59","modified_gmt":"2023-12-12T11:47:59","slug":"bc-silver","status":"publish","type":"product","link":"https:\/\/hairbeauty-pro.com\/?product=bc-silver","title":{"rendered":"BEARD CLUB GEL BOJA ZA KOSU Silver"},"content":{"rendered":"<ul>\n<li>BEARD CLUB boja je formula bez amonijaka, trajna gel boja, specijalno formulisana za mu\u0161ku dlaku.<\/li>\n<li>Oboga\u0107ena je crnim taurinom*.<\/li>\n<li>Ultra brz kolor tretman koji prekriva sjedu kosu i umanjuje i kontroli\u0161e ne\u017eeljene tonove u samo par minuta.<\/li>\n<li>Umanjenje boje je postepeno i kontrolisano, nakon svakog pranja kose, potpuno prirodnog izgleda bez promjene nijanse ili pojave izrastka.<\/li>\n<\/ul>\n<p><strong>TEHNOLOGIJA:<\/strong><\/p>\n<p>Osnova gel boje je formulisana sa inovativnim polimerima i bez masnih supstanci, tako da pigmenti boje temeljnije prodiru i ostaju vjerni prirodanoj nijansi kose. Tehnologija ove gel boje nudi veliki broj razli\u010ditih tonova i nijansi sive boje u samo 4 nijanse, povec\u0301ava sjaj i ja\u010da dlaku nakon nano\u0161enja.<\/p>\n<p><strong>REZULTAT:<\/strong><\/p>\n<p>Kosa je obnovljena, dobija svje\u017eiji, mladala\u010dki izgled. Rezultat je veoma diskretan, potpuno prirodan.<\/p>\n<p><strong>TRAJANJE:<\/strong><\/p>\n<p>Efekat traje do 4 sedmica, u zavisnosti od toga koliko se \u010desto kosa pere.<\/p>\n<p><strong>UPOTREBA:<\/strong><\/p>\n<p>Ne farbati kosu ukoliko postoji bilo kakva vrsta iritacije na ko\u017ei lica ili glave, ukoliko je nekada do\u0161lo do alergijske reakcije nakon farbanja kose ili privremenog tetoviranja crnom kanom. Prilikom farbanja koristiti za\u0161titne rukavice. Ne koristiti proizvod za farbanje obrva i trepavica.<\/p>\n<p>Napomena: Vrijeme djelovanja boje\u00a0 je 5-10 minuta u zavisnosti od intenziteta boje i od prirodne boje kose. Zbog ovoga preporu\u010dujemo konstantno provjeravanje razvijanja boje u toku vremena dr\u017eanja. Farba se mo\u017ee isklju\u010divo nanositi na suhu kosu. Ukoliko je kosa prljava, potrebno ju je oprati i osu\u0161iti prije farbanja.<\/p>\n<p><strong>PRIPREMA:<\/strong><\/p>\n<p>BEARD CLUB\u00a0 farbu za kosu\u00a0 pomije\u0161ati sa BEARD CLUB\u00a0 aktivatorom u omjeru\u00a0\u00a0 1:1,5.<\/p>\n<p>Aplikacija: nakon pripreme, mje\u0161avinu ravnomjerno nanijeti na suhu kosu.<\/p>\n<p>Ispiranje: nakon isteka potrebnog vremena za razvijanje boje, temeljno isprati kosu vodom, dok voda ne bude \u010dista. Oprati kosu osvje\u017eavaju\u0107im \u0161amponom i nanijeti masku ili kondicioner. Nakon 5 minuta temeljno isperite kosu.<\/p>\n","protected":false},"excerpt":{"rendered":"<p>BEARD CLUB GEL BOJA ZA KOSU<\/p>\n<p>Silver<\/p>\n<p>60 ML<\/p>\n","protected":false},"featured_media":5407,"comment_status":"open","ping_status":"closed","template":"","meta":{"site-sidebar-layout":"default","site-content-layout":"default","ast-site-content-layout":"default","site-content-style":"default","site-sidebar-style":"default","ast-global-header-display":"","ast-banner-title-visibility":"","ast-main-header-display":"","ast-hfb-above-header-display":"","ast-hfb-below-header-display":"","ast-hfb-mobile-header-display":"","site-post-title":"","ast-breadcrumbs-content":"","ast-featured-img":"","footer-sml-layout":"","theme-transparent-header-meta":"default","adv-header-id-meta":"","stick-header-meta":"","header-above-stick-meta":"","header-main-stick-meta":"","header-below-stick-meta":"","astra-migrate-meta-layouts":"default","ast-page-background-enabled":"default","ast-page-background-meta":{"desktop":{"background-color":"","background-image":"","background-repeat":"repeat","background-position":"center center","background-size":"auto","background-attachment":"scroll","background-type":"","background-media":"","overlay-type":"","overlay-color":"","overlay-opacity":"","overlay-gradient":""},"tablet":{"background-color":"","background-image":"","background-repeat":"repeat","background-position":"center center","background-size":"auto","background-attachment":"scroll","background-type":"","background-media":"","overlay-type":"","overlay-color":"","overlay-opacity":"","overlay-gradient":""},"mobile":{"background-color":"","background-image":"","background-repeat":"repeat","background-position":"center center","background-size":"auto","background-attachment":"scroll","background-type":"","background-media":"","overlay-type":"","overlay-color":"","overlay-opacity":"","overlay-gradient":""}},"ast-content-background-meta":{"desktop":{"background-color":"var(--ast-global-color-5)","background-image":"","background-repeat":"repeat","background-position":"center center","background-size":"auto","background-attachment":"scroll","background-type":"","background-media":"","overlay-type":"","overlay-color":"","overlay-opacity":"","overlay-gradient":""},"tablet":{"background-color":"var(--ast-global-color-5)","background-image":"","background-repeat":"repeat","background-position":"center center","background-size":"auto","background-attachment":"scroll","background-type":"","background-media":"","overlay-type":"","overlay-color":"","overlay-opacity":"","overlay-gradient":""},"mobile":{"background-color":"var(--ast-global-color-5)","background-image":"","background-repeat":"repeat","background-position":"center center","background-size":"auto","background-attachment":"scroll","background-type":"","background-media":"","overlay-type":"","overlay-color":"","overlay-opacity":"","overlay-gradient":""}}},"product_cat":[83,260,193,82,81,191,44],"product_tag":[],"yoast_head":"<!-- This site is optimized with the Yoast SEO plugin v21.7 - https:\/\/yoast.com\/wordpress\/plugins\/seo\/ -->\n<title>BEARD CLUB GEL BOJA ZA KOSU Silver - Flash<\/title>\n<meta name=\"description\" content=\"BEARD CLUB GEL BOJA ZA KOSU  Silver  60 ML\" \/>\n<meta name=\"robots\" content=\"index, follow, max-snippet:-1, max-image-preview:large, max-video-preview:-1\" \/>\n<link rel=\"canonical\" href=\"https:\/\/hairbeauty-pro.com\/?product=bc-silver\" \/>\n<meta property=\"og:locale\" content=\"bs_BA\" \/>\n<meta property=\"og:type\" content=\"article\" \/>\n<meta property=\"og:title\" content=\"BEARD CLUB GEL BOJA ZA KOSU Silver - Flash\" \/>\n<meta property=\"og:description\" content=\"BEARD CLUB GEL BOJA ZA KOSU  Silver  60 ML\" \/>\n<meta property=\"og:url\" content=\"https:\/\/hairbeauty-pro.com\/?product=bc-silver\" \/>\n<meta property=\"og:site_name\" content=\"Flash\" \/>\n<meta property=\"article:modified_time\" content=\"2023-12-12T11:47:59+00:00\" \/>\n<meta property=\"og:image\" content=\"https:\/\/hairbeauty-pro.com\/wp-content\/uploads\/2023\/11\/BC-Silver.jpg\" \/>\n\t<meta property=\"og:image:width\" content=\"393\" \/>\n\t<meta property=\"og:image:height\" content=\"393\" \/>\n\t<meta property=\"og:image:type\" content=\"image\/jpeg\" \/>\n<meta name=\"twitter:card\" content=\"summary_large_image\" \/>\n<meta name=\"twitter:label1\" content=\"Est. reading time\" \/>\n\t<meta name=\"twitter:data1\" content=\"1 minuta\" \/>\n<script type=\"application\/ld+json\" class=\"yoast-schema-graph\">{\"@context\":\"https:\/\/schema.org\",\"@graph\":[{\"@type\":\"WebPage\",\"@id\":\"https:\/\/hairbeauty-pro.com\/?product=bc-silver\",\"url\":\"https:\/\/hairbeauty-pro.com\/?product=bc-silver\",\"name\":\"BEARD CLUB GEL BOJA ZA KOSU Silver - Flash\",\"isPartOf\":{\"@id\":\"https:\/\/hairbeauty-pro.com\/#website\"},\"datePublished\":\"2023-07-23T12:38:41+00:00\",\"dateModified\":\"2023-12-12T11:47:59+00:00\",\"description\":\"BEARD CLUB GEL BOJA ZA KOSU Silver 60 ML\",\"breadcrumb\":{\"@id\":\"https:\/\/hairbeauty-pro.com\/?product=bc-silver#breadcrumb\"},\"inLanguage\":\"bs-BA\",\"potentialAction\":[{\"@type\":\"ReadAction\",\"target\":[\"https:\/\/hairbeauty-pro.com\/?product=bc-silver\"]}]},{\"@type\":\"BreadcrumbList\",\"@id\":\"https:\/\/hairbeauty-pro.com\/?product=bc-silver#breadcrumb\",\"itemListElement\":[{\"@type\":\"ListItem\",\"position\":1,\"name\":\"Home\",\"item\":\"https:\/\/hairbeauty-pro.com\/\"},{\"@type\":\"ListItem\",\"position\":2,\"name\":\"Shop\",\"item\":\"https:\/\/hairbeauty-pro.com\/?page_id=11\"},{\"@type\":\"ListItem\",\"position\":3,\"name\":\"BEARD CLUB GEL BOJA ZA KOSU Silver\"}]},{\"@type\":\"WebSite\",\"@id\":\"https:\/\/hairbeauty-pro.com\/#website\",\"url\":\"https:\/\/hairbeauty-pro.com\/\",\"name\":\"Flash\",\"description\":\"Va\u0161a ultimativna destinacja za njegu kose\",\"publisher\":{\"@id\":\"https:\/\/hairbeauty-pro.com\/#organization\"},\"potentialAction\":[{\"@type\":\"SearchAction\",\"target\":{\"@type\":\"EntryPoint\",\"urlTemplate\":\"https:\/\/hairbeauty-pro.com\/?s={search_term_string}\"},\"query-input\":\"required name=search_term_string\"}],\"inLanguage\":\"bs-BA\"},{\"@type\":\"Organization\",\"@id\":\"https:\/\/hairbeauty-pro.com\/#organization\",\"name\":\"Flash\",\"url\":\"https:\/\/hairbeauty-pro.com\/\",\"logo\":{\"@type\":\"ImageObject\",\"inLanguage\":\"bs-BA\",\"@id\":\"https:\/\/hairbeauty-pro.com\/#\/schema\/logo\/image\/\",\"url\":\"https:\/\/hairbeauty-pro.com\/wp-content\/uploads\/2023\/07\/cropped-FLASH-LOGO-png.png\",\"contentUrl\":\"https:\/\/hairbeauty-pro.com\/wp-content\/uploads\/2023\/07\/cropped-FLASH-LOGO-png.png\",\"width\":1316,\"height\":521,\"caption\":\"Flash\"},\"image\":{\"@id\":\"https:\/\/hairbeauty-pro.com\/#\/schema\/logo\/image\/\"}}]}<\/script>\n<!-- \/ Yoast SEO plugin. -->","yoast_head_json":{"title":"BEARD CLUB GEL BOJA ZA KOSU Silver - Flash","description":"BEARD CLUB GEL BOJA ZA KOSU  Silver  60 ML","robots":{"index":"index","follow":"follow","max-snippet":"max-snippet:-1","max-image-preview":"max-image-preview:large","max-video-preview":"max-video-preview:-1"},"canonical":"https:\/\/hairbeauty-pro.com\/?product=bc-silver","og_locale":"bs_BA","og_type":"article","og_title":"BEARD CLUB GEL BOJA ZA KOSU Silver - Flash","og_description":"BEARD CLUB GEL BOJA ZA KOSU  Silver  60 ML","og_url":"https:\/\/hairbeauty-pro.com\/?product=bc-silver","og_site_name":"Flash","article_modified_time":"2023-12-12T11:47:59+00:00","og_image":[{"width":393,"height":393,"url":"https:\/\/hairbeauty-pro.com\/wp-content\/uploads\/2023\/11\/BC-Silver.jpg","type":"image\/jpeg"}],"twitter_card":"summary_large_image","twitter_misc":{"Est. reading time":"1 minuta"},"schema":{"@context":"https:\/\/schema.org","@graph":[{"@type":"WebPage","@id":"https:\/\/hairbeauty-pro.com\/?product=bc-silver","url":"https:\/\/hairbeauty-pro.com\/?product=bc-silver","name":"BEARD CLUB GEL BOJA ZA KOSU Silver - Flash","isPartOf":{"@id":"https:\/\/hairbeauty-pro.com\/#website"},"datePublished":"2023-07-23T12:38:41+00:00","dateModified":"2023-12-12T11:47:59+00:00","description":"BEARD CLUB GEL BOJA ZA KOSU Silver 60 ML","breadcrumb":{"@id":"https:\/\/hairbeauty-pro.com\/?product=bc-silver#breadcrumb"},"inLanguage":"bs-BA","potentialAction":[{"@type":"ReadAction","target":["https:\/\/hairbeauty-pro.com\/?product=bc-silver"]}]},{"@type":"BreadcrumbList","@id":"https:\/\/hairbeauty-pro.com\/?product=bc-silver#breadcrumb","itemListElement":[{"@type":"ListItem","position":1,"name":"Home","item":"https:\/\/hairbeauty-pro.com\/"},{"@type":"ListItem","position":2,"name":"Shop","item":"https:\/\/hairbeauty-pro.com\/?page_id=11"},{"@type":"ListItem","position":3,"name":"BEARD CLUB GEL BOJA ZA KOSU Silver"}]},{"@type":"WebSite","@id":"https:\/\/hairbeauty-pro.com\/#website","url":"https:\/\/hairbeauty-pro.com\/","name":"Flash","description":"Va\u0161a ultimativna destinacja za njegu kose","publisher":{"@id":"https:\/\/hairbeauty-pro.com\/#organization"},"potentialAction":[{"@type":"SearchAction","target":{"@type":"EntryPoint","urlTemplate":"https:\/\/hairbeauty-pro.com\/?s={search_term_string}"},"query-input":"required name=search_term_string"}],"inLanguage":"bs-BA"},{"@type":"Organization","@id":"https:\/\/hairbeauty-pro.com\/#organization","name":"Flash","url":"https:\/\/hairbeauty-pro.com\/","logo":{"@type":"ImageObject","inLanguage":"bs-BA","@id":"https:\/\/hairbeauty-pro.com\/#\/schema\/logo\/image\/","url":"https:\/\/hairbeauty-pro.com\/wp-content\/uploads\/2023\/07\/cropped-FLASH-LOGO-png.png","contentUrl":"https:\/\/hairbeauty-pro.com\/wp-content\/uploads\/2023\/07\/cropped-FLASH-LOGO-png.png","width":1316,"height":521,"caption":"Flash"},"image":{"@id":"https:\/\/hairbeauty-pro.com\/#\/schema\/logo\/image\/"}}]}},"_links":{"self":[{"href":"https:\/\/hairbeauty-pro.com\/index.php?rest_route=\/wp\/v2\/product\/2535"}],"collection":[{"href":"https:\/\/hairbeauty-pro.com\/index.php?rest_route=\/wp\/v2\/product"}],"about":[{"href":"https:\/\/hairbeauty-pro.com\/index.php?rest_route=\/wp\/v2\/types\/product"}],"replies":[{"embeddable":true,"href":"https:\/\/hairbeauty-pro.com\/index.php?rest_route=%2Fwp%2Fv2%2Fcomments&post=2535"}],"wp:featuredmedia":[{"embeddable":true,"href":"https:\/\/hairbeauty-pro.com\/index.php?rest_route=\/wp\/v2\/media\/5407"}],"wp:attachment":[{"href":"https:\/\/hairbeauty-pro.com\/index.php?rest_route=%2Fwp%2Fv2%2Fmedia&parent=2535"}],"wp:term":[{"taxonomy":"product_cat","embeddable":true,"href":"https:\/\/hairbeauty-pro.com\/index.php?rest_route=%2Fwp%2Fv2%2Fproduct_cat&post=2535"},{"taxonomy":"product_tag","embeddable":true,"href":"https:\/\/hairbeauty-pro.com\/index.php?rest_route=%2Fwp%2Fv2%2Fproduct_tag&post=2535"}],"curies":[{"name":"wp","href":"https:\/\/api.w.org\/{rel}","templated":true}]}}