{"id":2473,"date":"2023-07-16T11:35:12","date_gmt":"2023-07-16T11:35:12","guid":{"rendered":"https:\/\/hairbeauty-pro.com\/?post_type=product&#038;p=2473"},"modified":"2026-02-19T17:40:52","modified_gmt":"2026-02-19T17:40:52","slug":"super-strong-pjena-za-kosu","status":"publish","type":"product","link":"https:\/\/hairbeauty-pro.com\/?product=super-strong-pjena-za-kosu","title":{"rendered":"SUPER STRONG PJENA ZA KOSU"},"content":{"rendered":"<p>Ekstra jaka pjena za kosu sa marula uljem i ekolo\u0161ki sertificiranom organskom destiliranom vodom iz narand\u017ee. Daje puno\u0107u dlaci i ekstremnu kontrolu frizure, poja\u010dava definiciju kovrd\u017ea. Odli\u010dan antifriz efekat obezbje\u0111uje disciplinu kose i dugotrajnu postojanost frizure.<\/p>\n<p>&nbsp;<\/p>\n<p><strong>UPOTREBA:<\/strong><\/p>\n<p>Nanijeti prstima 3-4 kapi pjene na suhu kosu.<\/p>\n<p>Nivo ja\u010dine 5 od 5<\/p>\n","protected":false},"excerpt":{"rendered":"<p>Nivo ja\u010dine<\/p>\n<p><img decoding=\"async\" class=\"wp-image-2475 alignleft\" src=\"http:\/\/hairbeauty-pro.com\/wp-content\/uploads\/2023\/07\/Untitled-design-18-e1689506966258.png\" alt=\"\" width=\"192\" height=\"60\" srcset=\"https:\/\/hairbeauty-pro.com\/wp-content\/uploads\/2023\/07\/Untitled-design-18-e1689506966258.png 1485w, https:\/\/hairbeauty-pro.com\/wp-content\/uploads\/2023\/07\/Untitled-design-18-e1689506966258-64x20.png 64w, https:\/\/hairbeauty-pro.com\/wp-content\/uploads\/2023\/07\/Untitled-design-18-e1689506966258-300x94.png 300w, https:\/\/hairbeauty-pro.com\/wp-content\/uploads\/2023\/07\/Untitled-design-18-e1689506966258-768x240.png 768w, https:\/\/hairbeauty-pro.com\/wp-content\/uploads\/2023\/07\/Untitled-design-18-e1689506966258-1024x320.png 1024w, https:\/\/hairbeauty-pro.com\/wp-content\/uploads\/2023\/07\/Untitled-design-18-e1689506966258-600x187.png 600w\" sizes=\"(max-width: 192px) 100vw, 192px\" \/><\/p>\n<p>&nbsp;<\/p>\n","protected":false},"featured_media":6022,"comment_status":"open","ping_status":"closed","template":"","meta":{"site-sidebar-layout":"default","site-content-layout":"default","ast-site-content-layout":"default","site-content-style":"default","site-sidebar-style":"default","ast-global-header-display":"","ast-banner-title-visibility":"","ast-main-header-display":"","ast-hfb-above-header-display":"","ast-hfb-below-header-display":"","ast-hfb-mobile-header-display":"","site-post-title":"","ast-breadcrumbs-content":"","ast-featured-img":"","footer-sml-layout":"","theme-transparent-header-meta":"default","adv-header-id-meta":"","stick-header-meta":"","header-above-stick-meta":"","header-main-stick-meta":"","header-below-stick-meta":"","astra-migrate-meta-layouts":"set","ast-page-background-enabled":"default","ast-page-background-meta":{"desktop":{"background-color":"","background-image":"","background-repeat":"repeat","background-position":"center center","background-size":"auto","background-attachment":"scroll","background-type":"","background-media":"","overlay-type":"","overlay-color":"","overlay-opacity":"","overlay-gradient":""},"tablet":{"background-color":"","background-image":"","background-repeat":"repeat","background-position":"center center","background-size":"auto","background-attachment":"scroll","background-type":"","background-media":"","overlay-type":"","overlay-color":"","overlay-opacity":"","overlay-gradient":""},"mobile":{"background-color":"","background-image":"","background-repeat":"repeat","background-position":"center center","background-size":"auto","background-attachment":"scroll","background-type":"","background-media":"","overlay-type":"","overlay-color":"","overlay-opacity":"","overlay-gradient":""}},"ast-content-background-meta":{"desktop":{"background-color":"var(--ast-global-color-5)","background-image":"","background-repeat":"repeat","background-position":"center center","background-size":"auto","background-attachment":"scroll","background-type":"","background-media":"","overlay-type":"","overlay-color":"","overlay-opacity":"","overlay-gradient":""},"tablet":{"background-color":"var(--ast-global-color-5)","background-image":"","background-repeat":"repeat","background-position":"center center","background-size":"auto","background-attachment":"scroll","background-type":"","background-media":"","overlay-type":"","overlay-color":"","overlay-opacity":"","overlay-gradient":""},"mobile":{"background-color":"var(--ast-global-color-5)","background-image":"","background-repeat":"repeat","background-position":"center center","background-size":"auto","background-attachment":"scroll","background-type":"","background-media":"","overlay-type":"","overlay-color":"","overlay-opacity":"","overlay-gradient":""}}},"product_cat":[44,202,73,75,203,231,232,261,72,201],"product_tag":[76],"yoast_head":"<!-- This site is optimized with the Yoast SEO plugin v21.7 - https:\/\/yoast.com\/wordpress\/plugins\/seo\/ -->\n<title>SUPER STRONG PJENA ZA KOSU - Flash<\/title>\n<meta name=\"description\" content=\"Nivo ja\u010dine    &nbsp;\" \/>\n<meta name=\"robots\" content=\"index, follow, max-snippet:-1, max-image-preview:large, max-video-preview:-1\" \/>\n<link rel=\"canonical\" href=\"https:\/\/hairbeauty-pro.com\/?product=super-strong-pjena-za-kosu\" \/>\n<meta property=\"og:locale\" content=\"bs_BA\" \/>\n<meta property=\"og:type\" content=\"article\" \/>\n<meta property=\"og:title\" content=\"SUPER STRONG PJENA ZA KOSU - Flash\" \/>\n<meta property=\"og:description\" content=\"Nivo ja\u010dine    &nbsp;\" \/>\n<meta property=\"og:url\" content=\"https:\/\/hairbeauty-pro.com\/?product=super-strong-pjena-za-kosu\" \/>\n<meta property=\"og:site_name\" content=\"Flash\" \/>\n<meta property=\"article:modified_time\" content=\"2026-02-19T17:40:52+00:00\" \/>\n<meta property=\"og:image\" content=\"http:\/\/hairbeauty-pro.com\/wp-content\/uploads\/2023\/07\/21300_SUPER-STRONG-MOUSSE-Extra-Strong-Mousse-2.jpg\" \/>\n\t<meta property=\"og:image:width\" content=\"410\" \/>\n\t<meta property=\"og:image:height\" content=\"1000\" \/>\n\t<meta property=\"og:image:type\" content=\"image\/jpeg\" \/>\n<meta name=\"twitter:card\" content=\"summary_large_image\" \/>\n<script type=\"application\/ld+json\" class=\"yoast-schema-graph\">{\"@context\":\"https:\/\/schema.org\",\"@graph\":[{\"@type\":\"WebPage\",\"@id\":\"https:\/\/hairbeauty-pro.com\/?product=super-strong-pjena-za-kosu\",\"url\":\"https:\/\/hairbeauty-pro.com\/?product=super-strong-pjena-za-kosu\",\"name\":\"SUPER STRONG PJENA ZA KOSU - Flash\",\"isPartOf\":{\"@id\":\"https:\/\/hairbeauty-pro.com\/#website\"},\"datePublished\":\"2023-07-16T11:35:12+00:00\",\"dateModified\":\"2026-02-19T17:40:52+00:00\",\"description\":\"Nivo ja\u010dine &nbsp;\",\"breadcrumb\":{\"@id\":\"https:\/\/hairbeauty-pro.com\/?product=super-strong-pjena-za-kosu#breadcrumb\"},\"inLanguage\":\"bs-BA\",\"potentialAction\":[{\"@type\":\"ReadAction\",\"target\":[\"https:\/\/hairbeauty-pro.com\/?product=super-strong-pjena-za-kosu\"]}]},{\"@type\":\"BreadcrumbList\",\"@id\":\"https:\/\/hairbeauty-pro.com\/?product=super-strong-pjena-za-kosu#breadcrumb\",\"itemListElement\":[{\"@type\":\"ListItem\",\"position\":1,\"name\":\"Home\",\"item\":\"https:\/\/hairbeauty-pro.com\/\"},{\"@type\":\"ListItem\",\"position\":2,\"name\":\"Shop\",\"item\":\"https:\/\/hairbeauty-pro.com\/?page_id=11\"},{\"@type\":\"ListItem\",\"position\":3,\"name\":\"SUPER STRONG PJENA ZA KOSU\"}]},{\"@type\":\"WebSite\",\"@id\":\"https:\/\/hairbeauty-pro.com\/#website\",\"url\":\"https:\/\/hairbeauty-pro.com\/\",\"name\":\"Flash\",\"description\":\"Va\u0161a ultimativna destinacja za njegu kose\",\"publisher\":{\"@id\":\"https:\/\/hairbeauty-pro.com\/#organization\"},\"potentialAction\":[{\"@type\":\"SearchAction\",\"target\":{\"@type\":\"EntryPoint\",\"urlTemplate\":\"https:\/\/hairbeauty-pro.com\/?s={search_term_string}\"},\"query-input\":\"required name=search_term_string\"}],\"inLanguage\":\"bs-BA\"},{\"@type\":\"Organization\",\"@id\":\"https:\/\/hairbeauty-pro.com\/#organization\",\"name\":\"Flash\",\"url\":\"https:\/\/hairbeauty-pro.com\/\",\"logo\":{\"@type\":\"ImageObject\",\"inLanguage\":\"bs-BA\",\"@id\":\"https:\/\/hairbeauty-pro.com\/#\/schema\/logo\/image\/\",\"url\":\"https:\/\/hairbeauty-pro.com\/wp-content\/uploads\/2023\/07\/cropped-FLASH-LOGO-png.png\",\"contentUrl\":\"https:\/\/hairbeauty-pro.com\/wp-content\/uploads\/2023\/07\/cropped-FLASH-LOGO-png.png\",\"width\":1316,\"height\":521,\"caption\":\"Flash\"},\"image\":{\"@id\":\"https:\/\/hairbeauty-pro.com\/#\/schema\/logo\/image\/\"}}]}<\/script>\n<!-- \/ Yoast SEO plugin. -->","yoast_head_json":{"title":"SUPER STRONG PJENA ZA KOSU - Flash","description":"Nivo ja\u010dine    &nbsp;","robots":{"index":"index","follow":"follow","max-snippet":"max-snippet:-1","max-image-preview":"max-image-preview:large","max-video-preview":"max-video-preview:-1"},"canonical":"https:\/\/hairbeauty-pro.com\/?product=super-strong-pjena-za-kosu","og_locale":"bs_BA","og_type":"article","og_title":"SUPER STRONG PJENA ZA KOSU - Flash","og_description":"Nivo ja\u010dine    &nbsp;","og_url":"https:\/\/hairbeauty-pro.com\/?product=super-strong-pjena-za-kosu","og_site_name":"Flash","article_modified_time":"2026-02-19T17:40:52+00:00","og_image":[{"width":410,"height":1000,"url":"http:\/\/hairbeauty-pro.com\/wp-content\/uploads\/2023\/07\/21300_SUPER-STRONG-MOUSSE-Extra-Strong-Mousse-2.jpg","type":"image\/jpeg"}],"twitter_card":"summary_large_image","schema":{"@context":"https:\/\/schema.org","@graph":[{"@type":"WebPage","@id":"https:\/\/hairbeauty-pro.com\/?product=super-strong-pjena-za-kosu","url":"https:\/\/hairbeauty-pro.com\/?product=super-strong-pjena-za-kosu","name":"SUPER STRONG PJENA ZA KOSU - Flash","isPartOf":{"@id":"https:\/\/hairbeauty-pro.com\/#website"},"datePublished":"2023-07-16T11:35:12+00:00","dateModified":"2026-02-19T17:40:52+00:00","description":"Nivo ja\u010dine &nbsp;","breadcrumb":{"@id":"https:\/\/hairbeauty-pro.com\/?product=super-strong-pjena-za-kosu#breadcrumb"},"inLanguage":"bs-BA","potentialAction":[{"@type":"ReadAction","target":["https:\/\/hairbeauty-pro.com\/?product=super-strong-pjena-za-kosu"]}]},{"@type":"BreadcrumbList","@id":"https:\/\/hairbeauty-pro.com\/?product=super-strong-pjena-za-kosu#breadcrumb","itemListElement":[{"@type":"ListItem","position":1,"name":"Home","item":"https:\/\/hairbeauty-pro.com\/"},{"@type":"ListItem","position":2,"name":"Shop","item":"https:\/\/hairbeauty-pro.com\/?page_id=11"},{"@type":"ListItem","position":3,"name":"SUPER STRONG PJENA ZA KOSU"}]},{"@type":"WebSite","@id":"https:\/\/hairbeauty-pro.com\/#website","url":"https:\/\/hairbeauty-pro.com\/","name":"Flash","description":"Va\u0161a ultimativna destinacja za njegu kose","publisher":{"@id":"https:\/\/hairbeauty-pro.com\/#organization"},"potentialAction":[{"@type":"SearchAction","target":{"@type":"EntryPoint","urlTemplate":"https:\/\/hairbeauty-pro.com\/?s={search_term_string}"},"query-input":"required name=search_term_string"}],"inLanguage":"bs-BA"},{"@type":"Organization","@id":"https:\/\/hairbeauty-pro.com\/#organization","name":"Flash","url":"https:\/\/hairbeauty-pro.com\/","logo":{"@type":"ImageObject","inLanguage":"bs-BA","@id":"https:\/\/hairbeauty-pro.com\/#\/schema\/logo\/image\/","url":"https:\/\/hairbeauty-pro.com\/wp-content\/uploads\/2023\/07\/cropped-FLASH-LOGO-png.png","contentUrl":"https:\/\/hairbeauty-pro.com\/wp-content\/uploads\/2023\/07\/cropped-FLASH-LOGO-png.png","width":1316,"height":521,"caption":"Flash"},"image":{"@id":"https:\/\/hairbeauty-pro.com\/#\/schema\/logo\/image\/"}}]}},"_links":{"self":[{"href":"https:\/\/hairbeauty-pro.com\/index.php?rest_route=\/wp\/v2\/product\/2473"}],"collection":[{"href":"https:\/\/hairbeauty-pro.com\/index.php?rest_route=\/wp\/v2\/product"}],"about":[{"href":"https:\/\/hairbeauty-pro.com\/index.php?rest_route=\/wp\/v2\/types\/product"}],"replies":[{"embeddable":true,"href":"https:\/\/hairbeauty-pro.com\/index.php?rest_route=%2Fwp%2Fv2%2Fcomments&post=2473"}],"wp:featuredmedia":[{"embeddable":true,"href":"https:\/\/hairbeauty-pro.com\/index.php?rest_route=\/wp\/v2\/media\/6022"}],"wp:attachment":[{"href":"https:\/\/hairbeauty-pro.com\/index.php?rest_route=%2Fwp%2Fv2%2Fmedia&parent=2473"}],"wp:term":[{"taxonomy":"product_cat","embeddable":true,"href":"https:\/\/hairbeauty-pro.com\/index.php?rest_route=%2Fwp%2Fv2%2Fproduct_cat&post=2473"},{"taxonomy":"product_tag","embeddable":true,"href":"https:\/\/hairbeauty-pro.com\/index.php?rest_route=%2Fwp%2Fv2%2Fproduct_tag&post=2473"}],"curies":[{"name":"wp","href":"https:\/\/api.w.org\/{rel}","templated":true}]}}