{"id":2461,"date":"2023-07-16T11:01:26","date_gmt":"2023-07-16T11:01:26","guid":{"rendered":"https:\/\/hairbeauty-pro.com\/?post_type=product&#038;p=2461"},"modified":"2026-02-19T17:45:11","modified_gmt":"2026-02-19T17:45:11","slug":"voluptuous-volume-lak-za-kosu","status":"publish","type":"product","link":"https:\/\/hairbeauty-pro.com\/?product=voluptuous-volume-lak-za-kosu","title":{"rendered":"VOLUPTUOUS VOLUME LAK ZA KOSU"},"content":{"rendered":"<p>Lak za kosu sa srednjim stepenom u\u010dvr\u0161\u0107ivanja. Idealan za stilizovanje kose kako bi se za\u0161titila od vla\u017enosti.<\/p>\n<p>Ne ote\u017eava kreiranu frizuru, odr\u017eavaju\u0107i je laganom i fleksibilnom dug period.<\/p>\n<p>&nbsp;<\/p>\n<p>UPOTREBA:<\/p>\n<p>Raspr\u0161iti po suhoj kosi sa udaljenosti od 30 centimetara.<\/p>\n<p>Nivo ja\u010dine 3 od 5<\/p>\n","protected":false},"excerpt":{"rendered":"<p><span style=\"color: #000000;\">Nivo ja\u010dine:<\/span><\/p>\n<p><span style=\"color: #000000;\"><img decoding=\"async\" class=\"wp-image-2463 alignleft\" src=\"http:\/\/hairbeauty-pro.com\/wp-content\/uploads\/2023\/07\/Untitled-design-16-e1689505997901.png\" alt=\"\" width=\"161\" height=\"55\" srcset=\"https:\/\/hairbeauty-pro.com\/wp-content\/uploads\/2023\/07\/Untitled-design-16-e1689505997901.png 2025w, https:\/\/hairbeauty-pro.com\/wp-content\/uploads\/2023\/07\/Untitled-design-16-e1689505997901-64x22.png 64w, https:\/\/hairbeauty-pro.com\/wp-content\/uploads\/2023\/07\/Untitled-design-16-e1689505997901-300x103.png 300w, https:\/\/hairbeauty-pro.com\/wp-content\/uploads\/2023\/07\/Untitled-design-16-e1689505997901-768x263.png 768w, https:\/\/hairbeauty-pro.com\/wp-content\/uploads\/2023\/07\/Untitled-design-16-e1689505997901-1024x350.png 1024w, https:\/\/hairbeauty-pro.com\/wp-content\/uploads\/2023\/07\/Untitled-design-16-e1689505997901-1536x526.png 1536w, https:\/\/hairbeauty-pro.com\/wp-content\/uploads\/2023\/07\/Untitled-design-16-e1689505997901-600x205.png 600w\" sizes=\"(max-width: 161px) 100vw, 161px\" \/><\/span><\/p>\n<p>&nbsp;<\/p>\n","protected":false},"featured_media":6020,"comment_status":"open","ping_status":"closed","template":"","meta":{"site-sidebar-layout":"default","site-content-layout":"default","ast-site-content-layout":"default","site-content-style":"default","site-sidebar-style":"default","ast-global-header-display":"","ast-banner-title-visibility":"","ast-main-header-display":"","ast-hfb-above-header-display":"","ast-hfb-below-header-display":"","ast-hfb-mobile-header-display":"","site-post-title":"","ast-breadcrumbs-content":"","ast-featured-img":"","footer-sml-layout":"","theme-transparent-header-meta":"default","adv-header-id-meta":"","stick-header-meta":"","header-above-stick-meta":"","header-main-stick-meta":"","header-below-stick-meta":"","astra-migrate-meta-layouts":"set","ast-page-background-enabled":"default","ast-page-background-meta":{"desktop":{"background-color":"","background-image":"","background-repeat":"repeat","background-position":"center center","background-size":"auto","background-attachment":"scroll","background-type":"","background-media":"","overlay-type":"","overlay-color":"","overlay-opacity":"","overlay-gradient":""},"tablet":{"background-color":"","background-image":"","background-repeat":"repeat","background-position":"center center","background-size":"auto","background-attachment":"scroll","background-type":"","background-media":"","overlay-type":"","overlay-color":"","overlay-opacity":"","overlay-gradient":""},"mobile":{"background-color":"","background-image":"","background-repeat":"repeat","background-position":"center center","background-size":"auto","background-attachment":"scroll","background-type":"","background-media":"","overlay-type":"","overlay-color":"","overlay-opacity":"","overlay-gradient":""}},"ast-content-background-meta":{"desktop":{"background-color":"var(--ast-global-color-5)","background-image":"","background-repeat":"repeat","background-position":"center center","background-size":"auto","background-attachment":"scroll","background-type":"","background-media":"","overlay-type":"","overlay-color":"","overlay-opacity":"","overlay-gradient":""},"tablet":{"background-color":"var(--ast-global-color-5)","background-image":"","background-repeat":"repeat","background-position":"center center","background-size":"auto","background-attachment":"scroll","background-type":"","background-media":"","overlay-type":"","overlay-color":"","overlay-opacity":"","overlay-gradient":""},"mobile":{"background-color":"var(--ast-global-color-5)","background-image":"","background-repeat":"repeat","background-position":"center center","background-size":"auto","background-attachment":"scroll","background-type":"","background-media":"","overlay-type":"","overlay-color":"","overlay-opacity":"","overlay-gradient":""}}},"product_cat":[44,202,131,73,175,232,261,130,72,201],"product_tag":[],"yoast_head":"<!-- This site is optimized with the Yoast SEO plugin v21.7 - https:\/\/yoast.com\/wordpress\/plugins\/seo\/ -->\n<title>VOLUPTUOUS VOLUME LAK ZA KOSU - Flash<\/title>\n<meta name=\"description\" content=\"Nivo ja\u010dine:    &nbsp;\" \/>\n<meta name=\"robots\" content=\"index, follow, max-snippet:-1, max-image-preview:large, max-video-preview:-1\" \/>\n<link rel=\"canonical\" href=\"https:\/\/hairbeauty-pro.com\/?product=voluptuous-volume-lak-za-kosu\" \/>\n<meta property=\"og:locale\" content=\"bs_BA\" \/>\n<meta property=\"og:type\" content=\"article\" \/>\n<meta property=\"og:title\" content=\"VOLUPTUOUS VOLUME LAK ZA KOSU - Flash\" \/>\n<meta property=\"og:description\" content=\"Nivo ja\u010dine:    &nbsp;\" \/>\n<meta property=\"og:url\" content=\"https:\/\/hairbeauty-pro.com\/?product=voluptuous-volume-lak-za-kosu\" \/>\n<meta property=\"og:site_name\" content=\"Flash\" \/>\n<meta property=\"article:modified_time\" content=\"2026-02-19T17:45:11+00:00\" \/>\n<meta property=\"og:image\" content=\"http:\/\/hairbeauty-pro.com\/wp-content\/uploads\/2023\/07\/21311_VOLUPTUOUS-VOLUME-Volume-Hair-Spray-1.jpg\" \/>\n\t<meta property=\"og:image:width\" content=\"424\" \/>\n\t<meta property=\"og:image:height\" content=\"1000\" \/>\n\t<meta property=\"og:image:type\" content=\"image\/jpeg\" \/>\n<meta name=\"twitter:card\" content=\"summary_large_image\" \/>\n<meta name=\"twitter:label1\" content=\"Est. reading time\" \/>\n\t<meta name=\"twitter:data1\" content=\"1 minuta\" \/>\n<script type=\"application\/ld+json\" class=\"yoast-schema-graph\">{\"@context\":\"https:\/\/schema.org\",\"@graph\":[{\"@type\":\"WebPage\",\"@id\":\"https:\/\/hairbeauty-pro.com\/?product=voluptuous-volume-lak-za-kosu\",\"url\":\"https:\/\/hairbeauty-pro.com\/?product=voluptuous-volume-lak-za-kosu\",\"name\":\"VOLUPTUOUS VOLUME LAK ZA KOSU - Flash\",\"isPartOf\":{\"@id\":\"https:\/\/hairbeauty-pro.com\/#website\"},\"datePublished\":\"2023-07-16T11:01:26+00:00\",\"dateModified\":\"2026-02-19T17:45:11+00:00\",\"description\":\"Nivo ja\u010dine: &nbsp;\",\"breadcrumb\":{\"@id\":\"https:\/\/hairbeauty-pro.com\/?product=voluptuous-volume-lak-za-kosu#breadcrumb\"},\"inLanguage\":\"bs-BA\",\"potentialAction\":[{\"@type\":\"ReadAction\",\"target\":[\"https:\/\/hairbeauty-pro.com\/?product=voluptuous-volume-lak-za-kosu\"]}]},{\"@type\":\"BreadcrumbList\",\"@id\":\"https:\/\/hairbeauty-pro.com\/?product=voluptuous-volume-lak-za-kosu#breadcrumb\",\"itemListElement\":[{\"@type\":\"ListItem\",\"position\":1,\"name\":\"Home\",\"item\":\"https:\/\/hairbeauty-pro.com\/\"},{\"@type\":\"ListItem\",\"position\":2,\"name\":\"Shop\",\"item\":\"https:\/\/hairbeauty-pro.com\/?page_id=11\"},{\"@type\":\"ListItem\",\"position\":3,\"name\":\"VOLUPTUOUS VOLUME LAK ZA KOSU\"}]},{\"@type\":\"WebSite\",\"@id\":\"https:\/\/hairbeauty-pro.com\/#website\",\"url\":\"https:\/\/hairbeauty-pro.com\/\",\"name\":\"Flash\",\"description\":\"Va\u0161a ultimativna destinacja za njegu kose\",\"publisher\":{\"@id\":\"https:\/\/hairbeauty-pro.com\/#organization\"},\"potentialAction\":[{\"@type\":\"SearchAction\",\"target\":{\"@type\":\"EntryPoint\",\"urlTemplate\":\"https:\/\/hairbeauty-pro.com\/?s={search_term_string}\"},\"query-input\":\"required name=search_term_string\"}],\"inLanguage\":\"bs-BA\"},{\"@type\":\"Organization\",\"@id\":\"https:\/\/hairbeauty-pro.com\/#organization\",\"name\":\"Flash\",\"url\":\"https:\/\/hairbeauty-pro.com\/\",\"logo\":{\"@type\":\"ImageObject\",\"inLanguage\":\"bs-BA\",\"@id\":\"https:\/\/hairbeauty-pro.com\/#\/schema\/logo\/image\/\",\"url\":\"https:\/\/hairbeauty-pro.com\/wp-content\/uploads\/2023\/07\/cropped-FLASH-LOGO-png.png\",\"contentUrl\":\"https:\/\/hairbeauty-pro.com\/wp-content\/uploads\/2023\/07\/cropped-FLASH-LOGO-png.png\",\"width\":1316,\"height\":521,\"caption\":\"Flash\"},\"image\":{\"@id\":\"https:\/\/hairbeauty-pro.com\/#\/schema\/logo\/image\/\"}}]}<\/script>\n<!-- \/ Yoast SEO plugin. -->","yoast_head_json":{"title":"VOLUPTUOUS VOLUME LAK ZA KOSU - Flash","description":"Nivo ja\u010dine:    &nbsp;","robots":{"index":"index","follow":"follow","max-snippet":"max-snippet:-1","max-image-preview":"max-image-preview:large","max-video-preview":"max-video-preview:-1"},"canonical":"https:\/\/hairbeauty-pro.com\/?product=voluptuous-volume-lak-za-kosu","og_locale":"bs_BA","og_type":"article","og_title":"VOLUPTUOUS VOLUME LAK ZA KOSU - Flash","og_description":"Nivo ja\u010dine:    &nbsp;","og_url":"https:\/\/hairbeauty-pro.com\/?product=voluptuous-volume-lak-za-kosu","og_site_name":"Flash","article_modified_time":"2026-02-19T17:45:11+00:00","og_image":[{"width":424,"height":1000,"url":"http:\/\/hairbeauty-pro.com\/wp-content\/uploads\/2023\/07\/21311_VOLUPTUOUS-VOLUME-Volume-Hair-Spray-1.jpg","type":"image\/jpeg"}],"twitter_card":"summary_large_image","twitter_misc":{"Est. reading time":"1 minuta"},"schema":{"@context":"https:\/\/schema.org","@graph":[{"@type":"WebPage","@id":"https:\/\/hairbeauty-pro.com\/?product=voluptuous-volume-lak-za-kosu","url":"https:\/\/hairbeauty-pro.com\/?product=voluptuous-volume-lak-za-kosu","name":"VOLUPTUOUS VOLUME LAK ZA KOSU - Flash","isPartOf":{"@id":"https:\/\/hairbeauty-pro.com\/#website"},"datePublished":"2023-07-16T11:01:26+00:00","dateModified":"2026-02-19T17:45:11+00:00","description":"Nivo ja\u010dine: &nbsp;","breadcrumb":{"@id":"https:\/\/hairbeauty-pro.com\/?product=voluptuous-volume-lak-za-kosu#breadcrumb"},"inLanguage":"bs-BA","potentialAction":[{"@type":"ReadAction","target":["https:\/\/hairbeauty-pro.com\/?product=voluptuous-volume-lak-za-kosu"]}]},{"@type":"BreadcrumbList","@id":"https:\/\/hairbeauty-pro.com\/?product=voluptuous-volume-lak-za-kosu#breadcrumb","itemListElement":[{"@type":"ListItem","position":1,"name":"Home","item":"https:\/\/hairbeauty-pro.com\/"},{"@type":"ListItem","position":2,"name":"Shop","item":"https:\/\/hairbeauty-pro.com\/?page_id=11"},{"@type":"ListItem","position":3,"name":"VOLUPTUOUS VOLUME LAK ZA KOSU"}]},{"@type":"WebSite","@id":"https:\/\/hairbeauty-pro.com\/#website","url":"https:\/\/hairbeauty-pro.com\/","name":"Flash","description":"Va\u0161a ultimativna destinacja za njegu kose","publisher":{"@id":"https:\/\/hairbeauty-pro.com\/#organization"},"potentialAction":[{"@type":"SearchAction","target":{"@type":"EntryPoint","urlTemplate":"https:\/\/hairbeauty-pro.com\/?s={search_term_string}"},"query-input":"required name=search_term_string"}],"inLanguage":"bs-BA"},{"@type":"Organization","@id":"https:\/\/hairbeauty-pro.com\/#organization","name":"Flash","url":"https:\/\/hairbeauty-pro.com\/","logo":{"@type":"ImageObject","inLanguage":"bs-BA","@id":"https:\/\/hairbeauty-pro.com\/#\/schema\/logo\/image\/","url":"https:\/\/hairbeauty-pro.com\/wp-content\/uploads\/2023\/07\/cropped-FLASH-LOGO-png.png","contentUrl":"https:\/\/hairbeauty-pro.com\/wp-content\/uploads\/2023\/07\/cropped-FLASH-LOGO-png.png","width":1316,"height":521,"caption":"Flash"},"image":{"@id":"https:\/\/hairbeauty-pro.com\/#\/schema\/logo\/image\/"}}]}},"_links":{"self":[{"href":"https:\/\/hairbeauty-pro.com\/index.php?rest_route=\/wp\/v2\/product\/2461"}],"collection":[{"href":"https:\/\/hairbeauty-pro.com\/index.php?rest_route=\/wp\/v2\/product"}],"about":[{"href":"https:\/\/hairbeauty-pro.com\/index.php?rest_route=\/wp\/v2\/types\/product"}],"replies":[{"embeddable":true,"href":"https:\/\/hairbeauty-pro.com\/index.php?rest_route=%2Fwp%2Fv2%2Fcomments&post=2461"}],"wp:featuredmedia":[{"embeddable":true,"href":"https:\/\/hairbeauty-pro.com\/index.php?rest_route=\/wp\/v2\/media\/6020"}],"wp:attachment":[{"href":"https:\/\/hairbeauty-pro.com\/index.php?rest_route=%2Fwp%2Fv2%2Fmedia&parent=2461"}],"wp:term":[{"taxonomy":"product_cat","embeddable":true,"href":"https:\/\/hairbeauty-pro.com\/index.php?rest_route=%2Fwp%2Fv2%2Fproduct_cat&post=2461"},{"taxonomy":"product_tag","embeddable":true,"href":"https:\/\/hairbeauty-pro.com\/index.php?rest_route=%2Fwp%2Fv2%2Fproduct_tag&post=2461"}],"curies":[{"name":"wp","href":"https:\/\/api.w.org\/{rel}","templated":true}]}}