{"id":2450,"date":"2023-07-14T13:15:15","date_gmt":"2023-07-14T13:15:15","guid":{"rendered":"https:\/\/hairbeauty-pro.com\/?post_type=product&#038;p=2450"},"modified":"2023-12-14T10:26:02","modified_gmt":"2023-12-14T10:26:02","slug":"energy-losion-u-ampulama","status":"publish","type":"product","link":"https:\/\/hairbeauty-pro.com\/?product=energy-losion-u-ampulama","title":{"rendered":"ENERGY LOSION U AMPULAMA"},"content":{"rendered":"<p style=\"font-weight: 400;\">Energiziraju\u0107i losion protiv opadanja kose, namijenjen tankoj\u00a0 i slaboj kosi.\u00a0Tonira i hrani tjeme, zahvaljuju\u0107i elementima u tragovima\u00a0(*Trace elements), stimuli\u0161e rast nove kose i energizira tjeme.\u00a0Sadr\u017ei ekstrakt koprive i ruzmarina, sa rebalansiraju\u0107im svojstvima.\u00a0Mo\u017ee uzrokovati crvenilo ko\u017ee.<\/p>\n<p>&nbsp;<\/p>\n<p style=\"font-weight: 400;\">UPOTREBA:<\/p>\n<p style=\"font-weight: 400;\">Nakon\u00a0 pranja kose Energy \u0161amponom, kosu prosu\u0161ite\u00a0pe\u0161kirom, nanesite losion na tjeme i umasirajte. Ne ispirati.<\/p>\n<p style=\"font-weight: 400;\">*Na\u0161em je organizmu za pravilno funkcionisanje potrebno oko trideset razli\u010ditih\u00a0mineralnih materija, od kojih je 16 esencijalno, odnosno neophodno za \u017eivot.\u00a0\u0160est od njih, takozvani makroelementi, u na\u0161em se tijelu nalaze u koli\u010dinama ve\u0107im\u00a0od 50 mg. Tu je rije\u010d o kalcijumu, kalijuju, magnezijumu, natrijumu, fosforu i hloru.\u00a0Preostalih deset nazivamo elementi u tragovima (mikroelementi), jer ih u ljudskom\u00a0organizmu ima u manjim koncetracijama.<\/p>\n","protected":false},"excerpt":{"rendered":"<p>Energiziraju\u0107i losion protiv opadanja kose, namijenjen tankoj\u00a0 i slaboj kosi.\u00a0Tonira i hrani tjeme, zahvaljuju\u0107i elementima u tragovima\u00a0(*Trace elements), stimuli\u0161e rast nove kose i energizira tjeme.\u00a0Sadr\u017ei ekstrakt koprive i ruzmarina, sa rebalansiraju\u0107im svojstvima.\u00a0Mo\u017ee uzrokovati crvenilo ko\u017ee. &nbsp; UPOTREBA: Nakon\u00a0 pranja kose Energy \u0161amponom, kosu prosu\u0161ite\u00a0pe\u0161kirom, nanesite losion na tjeme i umasirajte. Ne ispirati. *Na\u0161em je organizmu [&hellip;]<\/p>\n","protected":false},"featured_media":5394,"comment_status":"open","ping_status":"closed","template":"","meta":{"site-sidebar-layout":"default","site-content-layout":"default","ast-site-content-layout":"default","site-content-style":"default","site-sidebar-style":"default","ast-global-header-display":"","ast-banner-title-visibility":"","ast-main-header-display":"","ast-hfb-above-header-display":"","ast-hfb-below-header-display":"","ast-hfb-mobile-header-display":"","site-post-title":"","ast-breadcrumbs-content":"","ast-featured-img":"","footer-sml-layout":"","theme-transparent-header-meta":"default","adv-header-id-meta":"","stick-header-meta":"","header-above-stick-meta":"","header-main-stick-meta":"","header-below-stick-meta":"","astra-migrate-meta-layouts":"set","ast-page-background-enabled":"default","ast-page-background-meta":{"desktop":{"background-color":"","background-image":"","background-repeat":"repeat","background-position":"center center","background-size":"auto","background-attachment":"scroll","background-type":"","background-media":"","overlay-type":"","overlay-color":"","overlay-opacity":"","overlay-gradient":""},"tablet":{"background-color":"","background-image":"","background-repeat":"repeat","background-position":"center center","background-size":"auto","background-attachment":"scroll","background-type":"","background-media":"","overlay-type":"","overlay-color":"","overlay-opacity":"","overlay-gradient":""},"mobile":{"background-color":"","background-image":"","background-repeat":"repeat","background-position":"center center","background-size":"auto","background-attachment":"scroll","background-type":"","background-media":"","overlay-type":"","overlay-color":"","overlay-opacity":"","overlay-gradient":""}},"ast-content-background-meta":{"desktop":{"background-color":"var(--ast-global-color-5)","background-image":"","background-repeat":"repeat","background-position":"center center","background-size":"auto","background-attachment":"scroll","background-type":"","background-media":"","overlay-type":"","overlay-color":"","overlay-opacity":"","overlay-gradient":""},"tablet":{"background-color":"var(--ast-global-color-5)","background-image":"","background-repeat":"repeat","background-position":"center center","background-size":"auto","background-attachment":"scroll","background-type":"","background-media":"","overlay-type":"","overlay-color":"","overlay-opacity":"","overlay-gradient":""},"mobile":{"background-color":"var(--ast-global-color-5)","background-image":"","background-repeat":"repeat","background-position":"center center","background-size":"auto","background-attachment":"scroll","background-type":"","background-media":"","overlay-type":"","overlay-color":"","overlay-opacity":"","overlay-gradient":""}}},"product_cat":[44,269,186,68,112,176,58,185,67],"product_tag":[],"yoast_head":"<!-- This site is optimized with the Yoast SEO plugin v21.7 - https:\/\/yoast.com\/wordpress\/plugins\/seo\/ -->\n<title>ENERGY LOSION U AMPULAMA - Flash<\/title>\n<meta name=\"description\" content=\"Energiziraju\u0107i losion protiv opadanja kose, namijenjen tankoj\u00a0 i slaboj kosi.\u00a0Tonira i hrani tjeme, zahvaljuju\u0107i elementima u tragovima\u00a0(*Trace elements),\" \/>\n<meta name=\"robots\" content=\"index, follow, max-snippet:-1, max-image-preview:large, max-video-preview:-1\" \/>\n<link rel=\"canonical\" href=\"https:\/\/hairbeauty-pro.com\/?product=energy-losion-u-ampulama\" \/>\n<meta property=\"og:locale\" content=\"bs_BA\" \/>\n<meta property=\"og:type\" content=\"article\" \/>\n<meta property=\"og:title\" content=\"ENERGY LOSION U AMPULAMA - Flash\" \/>\n<meta property=\"og:description\" content=\"Energiziraju\u0107i losion protiv opadanja kose, namijenjen tankoj\u00a0 i slaboj kosi.\u00a0Tonira i hrani tjeme, zahvaljuju\u0107i elementima u tragovima\u00a0(*Trace elements),\" \/>\n<meta property=\"og:url\" content=\"https:\/\/hairbeauty-pro.com\/?product=energy-losion-u-ampulama\" \/>\n<meta property=\"og:site_name\" content=\"Flash\" \/>\n<meta property=\"article:modified_time\" content=\"2023-12-14T10:26:02+00:00\" \/>\n<meta property=\"og:image\" content=\"https:\/\/hairbeauty-pro.com\/wp-content\/uploads\/2023\/11\/19026_ENERGY-LOTION_12X10ml.jpg\" \/>\n\t<meta property=\"og:image:width\" content=\"1464\" \/>\n\t<meta property=\"og:image:height\" content=\"862\" \/>\n\t<meta property=\"og:image:type\" content=\"image\/jpeg\" \/>\n<meta name=\"twitter:card\" content=\"summary_large_image\" \/>\n<meta name=\"twitter:label1\" content=\"Est. reading time\" \/>\n\t<meta name=\"twitter:data1\" content=\"1 minuta\" \/>\n<script type=\"application\/ld+json\" class=\"yoast-schema-graph\">{\"@context\":\"https:\/\/schema.org\",\"@graph\":[{\"@type\":\"WebPage\",\"@id\":\"https:\/\/hairbeauty-pro.com\/?product=energy-losion-u-ampulama\",\"url\":\"https:\/\/hairbeauty-pro.com\/?product=energy-losion-u-ampulama\",\"name\":\"ENERGY LOSION U AMPULAMA - Flash\",\"isPartOf\":{\"@id\":\"https:\/\/hairbeauty-pro.com\/#website\"},\"datePublished\":\"2023-07-14T13:15:15+00:00\",\"dateModified\":\"2023-12-14T10:26:02+00:00\",\"description\":\"Energiziraju\u0107i losion protiv opadanja kose, namijenjen tankoj\u00a0 i slaboj kosi.\u00a0Tonira i hrani tjeme, zahvaljuju\u0107i elementima u tragovima\u00a0(*Trace elements),\",\"breadcrumb\":{\"@id\":\"https:\/\/hairbeauty-pro.com\/?product=energy-losion-u-ampulama#breadcrumb\"},\"inLanguage\":\"bs-BA\",\"potentialAction\":[{\"@type\":\"ReadAction\",\"target\":[\"https:\/\/hairbeauty-pro.com\/?product=energy-losion-u-ampulama\"]}]},{\"@type\":\"BreadcrumbList\",\"@id\":\"https:\/\/hairbeauty-pro.com\/?product=energy-losion-u-ampulama#breadcrumb\",\"itemListElement\":[{\"@type\":\"ListItem\",\"position\":1,\"name\":\"Home\",\"item\":\"https:\/\/hairbeauty-pro.com\/\"},{\"@type\":\"ListItem\",\"position\":2,\"name\":\"Shop\",\"item\":\"https:\/\/hairbeauty-pro.com\/?page_id=11\"},{\"@type\":\"ListItem\",\"position\":3,\"name\":\"ENERGY LOSION U AMPULAMA\"}]},{\"@type\":\"WebSite\",\"@id\":\"https:\/\/hairbeauty-pro.com\/#website\",\"url\":\"https:\/\/hairbeauty-pro.com\/\",\"name\":\"Flash\",\"description\":\"Va\u0161a ultimativna destinacja za njegu kose\",\"publisher\":{\"@id\":\"https:\/\/hairbeauty-pro.com\/#organization\"},\"potentialAction\":[{\"@type\":\"SearchAction\",\"target\":{\"@type\":\"EntryPoint\",\"urlTemplate\":\"https:\/\/hairbeauty-pro.com\/?s={search_term_string}\"},\"query-input\":\"required name=search_term_string\"}],\"inLanguage\":\"bs-BA\"},{\"@type\":\"Organization\",\"@id\":\"https:\/\/hairbeauty-pro.com\/#organization\",\"name\":\"Flash\",\"url\":\"https:\/\/hairbeauty-pro.com\/\",\"logo\":{\"@type\":\"ImageObject\",\"inLanguage\":\"bs-BA\",\"@id\":\"https:\/\/hairbeauty-pro.com\/#\/schema\/logo\/image\/\",\"url\":\"https:\/\/hairbeauty-pro.com\/wp-content\/uploads\/2023\/07\/cropped-FLASH-LOGO-png.png\",\"contentUrl\":\"https:\/\/hairbeauty-pro.com\/wp-content\/uploads\/2023\/07\/cropped-FLASH-LOGO-png.png\",\"width\":1316,\"height\":521,\"caption\":\"Flash\"},\"image\":{\"@id\":\"https:\/\/hairbeauty-pro.com\/#\/schema\/logo\/image\/\"}}]}<\/script>\n<!-- \/ Yoast SEO plugin. -->","yoast_head_json":{"title":"ENERGY LOSION U AMPULAMA - Flash","description":"Energiziraju\u0107i losion protiv opadanja kose, namijenjen tankoj\u00a0 i slaboj kosi.\u00a0Tonira i hrani tjeme, zahvaljuju\u0107i elementima u tragovima\u00a0(*Trace elements),","robots":{"index":"index","follow":"follow","max-snippet":"max-snippet:-1","max-image-preview":"max-image-preview:large","max-video-preview":"max-video-preview:-1"},"canonical":"https:\/\/hairbeauty-pro.com\/?product=energy-losion-u-ampulama","og_locale":"bs_BA","og_type":"article","og_title":"ENERGY LOSION U AMPULAMA - Flash","og_description":"Energiziraju\u0107i losion protiv opadanja kose, namijenjen tankoj\u00a0 i slaboj kosi.\u00a0Tonira i hrani tjeme, zahvaljuju\u0107i elementima u tragovima\u00a0(*Trace elements),","og_url":"https:\/\/hairbeauty-pro.com\/?product=energy-losion-u-ampulama","og_site_name":"Flash","article_modified_time":"2023-12-14T10:26:02+00:00","og_image":[{"width":1464,"height":862,"url":"https:\/\/hairbeauty-pro.com\/wp-content\/uploads\/2023\/11\/19026_ENERGY-LOTION_12X10ml.jpg","type":"image\/jpeg"}],"twitter_card":"summary_large_image","twitter_misc":{"Est. reading time":"1 minuta"},"schema":{"@context":"https:\/\/schema.org","@graph":[{"@type":"WebPage","@id":"https:\/\/hairbeauty-pro.com\/?product=energy-losion-u-ampulama","url":"https:\/\/hairbeauty-pro.com\/?product=energy-losion-u-ampulama","name":"ENERGY LOSION U AMPULAMA - Flash","isPartOf":{"@id":"https:\/\/hairbeauty-pro.com\/#website"},"datePublished":"2023-07-14T13:15:15+00:00","dateModified":"2023-12-14T10:26:02+00:00","description":"Energiziraju\u0107i losion protiv opadanja kose, namijenjen tankoj\u00a0 i slaboj kosi.\u00a0Tonira i hrani tjeme, zahvaljuju\u0107i elementima u tragovima\u00a0(*Trace elements),","breadcrumb":{"@id":"https:\/\/hairbeauty-pro.com\/?product=energy-losion-u-ampulama#breadcrumb"},"inLanguage":"bs-BA","potentialAction":[{"@type":"ReadAction","target":["https:\/\/hairbeauty-pro.com\/?product=energy-losion-u-ampulama"]}]},{"@type":"BreadcrumbList","@id":"https:\/\/hairbeauty-pro.com\/?product=energy-losion-u-ampulama#breadcrumb","itemListElement":[{"@type":"ListItem","position":1,"name":"Home","item":"https:\/\/hairbeauty-pro.com\/"},{"@type":"ListItem","position":2,"name":"Shop","item":"https:\/\/hairbeauty-pro.com\/?page_id=11"},{"@type":"ListItem","position":3,"name":"ENERGY LOSION U AMPULAMA"}]},{"@type":"WebSite","@id":"https:\/\/hairbeauty-pro.com\/#website","url":"https:\/\/hairbeauty-pro.com\/","name":"Flash","description":"Va\u0161a ultimativna destinacja za njegu kose","publisher":{"@id":"https:\/\/hairbeauty-pro.com\/#organization"},"potentialAction":[{"@type":"SearchAction","target":{"@type":"EntryPoint","urlTemplate":"https:\/\/hairbeauty-pro.com\/?s={search_term_string}"},"query-input":"required name=search_term_string"}],"inLanguage":"bs-BA"},{"@type":"Organization","@id":"https:\/\/hairbeauty-pro.com\/#organization","name":"Flash","url":"https:\/\/hairbeauty-pro.com\/","logo":{"@type":"ImageObject","inLanguage":"bs-BA","@id":"https:\/\/hairbeauty-pro.com\/#\/schema\/logo\/image\/","url":"https:\/\/hairbeauty-pro.com\/wp-content\/uploads\/2023\/07\/cropped-FLASH-LOGO-png.png","contentUrl":"https:\/\/hairbeauty-pro.com\/wp-content\/uploads\/2023\/07\/cropped-FLASH-LOGO-png.png","width":1316,"height":521,"caption":"Flash"},"image":{"@id":"https:\/\/hairbeauty-pro.com\/#\/schema\/logo\/image\/"}}]}},"_links":{"self":[{"href":"https:\/\/hairbeauty-pro.com\/index.php?rest_route=\/wp\/v2\/product\/2450"}],"collection":[{"href":"https:\/\/hairbeauty-pro.com\/index.php?rest_route=\/wp\/v2\/product"}],"about":[{"href":"https:\/\/hairbeauty-pro.com\/index.php?rest_route=\/wp\/v2\/types\/product"}],"replies":[{"embeddable":true,"href":"https:\/\/hairbeauty-pro.com\/index.php?rest_route=%2Fwp%2Fv2%2Fcomments&post=2450"}],"wp:featuredmedia":[{"embeddable":true,"href":"https:\/\/hairbeauty-pro.com\/index.php?rest_route=\/wp\/v2\/media\/5394"}],"wp:attachment":[{"href":"https:\/\/hairbeauty-pro.com\/index.php?rest_route=%2Fwp%2Fv2%2Fmedia&parent=2450"}],"wp:term":[{"taxonomy":"product_cat","embeddable":true,"href":"https:\/\/hairbeauty-pro.com\/index.php?rest_route=%2Fwp%2Fv2%2Fproduct_cat&post=2450"},{"taxonomy":"product_tag","embeddable":true,"href":"https:\/\/hairbeauty-pro.com\/index.php?rest_route=%2Fwp%2Fv2%2Fproduct_tag&post=2450"}],"curies":[{"name":"wp","href":"https:\/\/api.w.org\/{rel}","templated":true}]}}