{"id":2444,"date":"2023-07-14T13:08:33","date_gmt":"2023-07-14T13:08:33","guid":{"rendered":"https:\/\/hairbeauty-pro.com\/?post_type=product&#038;p=2444"},"modified":"2023-12-14T10:26:34","modified_gmt":"2023-12-14T10:26:34","slug":"energy-sampon","status":"publish","type":"product","link":"https:\/\/hairbeauty-pro.com\/?product=energy-sampon","title":{"rendered":"ENERGY \u0160AMPON 350ml"},"content":{"rendered":"<p style=\"font-weight: 400;\">Energiziraju\u0107i \u0161ampon protiv opadanja kose , namijenjen tankoj i slaboj kosi.\u00a0Formulira sa ekstraktom Chili papri\u010dice i elementima u tragovima (*Trace elements), koja pro\u010di\u0161\u0107ava i revitalizira tjeme,\u00a0 ima energiziraju\u0107e i tonificiraju\u0107e dejstvo kojim\u00a0se zaustavlja opadanje i stimuli\u0161e rast nove kose.<\/p>\n<p>&nbsp;<\/p>\n<p style=\"font-weight: 400;\">UPOTREBA:<\/p>\n<p style=\"font-weight: 400;\">Nanesite na mokru kosu masa\u017enim pokretima, a potom temeljno isperite.<\/p>\n<p style=\"font-weight: 400;\">*Na\u0161em je organizmu za pravilno funkcionisanje potrebno oko trideset razli\u010ditih\u00a0mineralnih materija, od kojih je 16 esencijalno, odnosno neophodno za \u017eivot.\u00a0\u0160est od njih, takozvani makroelementi, u na\u0161em se tijelu nalaze u koli\u010dinama ve\u0107im\u00a0od 50 mg. Tu je rije\u010d o kalcijumu, kalijuju, magnezijumu, natrijumu, fosforu i hloru.\u00a0Preostalih deset nazivamo elementi u tragovima (mikroelementi), jer ih u ljudskom\u00a0organizmu ima u manjim koncetracijama.<\/p>\n","protected":false},"excerpt":{"rendered":"<p>Energiziraju\u0107i \u0161ampon protiv opadanja kose , namijenjen tankoj i slaboj kosi.\u00a0Formulira sa ekstraktom Chili papri\u010dice i elementima u tragovima (*Trace elements), koja pro\u010di\u0161\u0107ava i revitalizira tjeme,\u00a0 ima energiziraju\u0107e i tonificiraju\u0107e dejstvo kojim\u00a0se zaustavlja opadanje i stimuli\u0161e rast nove kose. &nbsp; UPOTREBA: Nanesite na mokru kosu masa\u017enim pokretima, a potom temeljno isperite. *Na\u0161em je organizmu za [&hellip;]<\/p>\n","protected":false},"featured_media":5393,"comment_status":"open","ping_status":"closed","template":"","meta":{"site-sidebar-layout":"default","site-content-layout":"default","ast-site-content-layout":"default","site-content-style":"default","site-sidebar-style":"default","ast-global-header-display":"","ast-banner-title-visibility":"","ast-main-header-display":"","ast-hfb-above-header-display":"","ast-hfb-below-header-display":"","ast-hfb-mobile-header-display":"","site-post-title":"","ast-breadcrumbs-content":"","ast-featured-img":"","footer-sml-layout":"","theme-transparent-header-meta":"default","adv-header-id-meta":"","stick-header-meta":"","header-above-stick-meta":"","header-main-stick-meta":"","header-below-stick-meta":"","astra-migrate-meta-layouts":"set","ast-page-background-enabled":"default","ast-page-background-meta":{"desktop":{"background-color":"","background-image":"","background-repeat":"repeat","background-position":"center center","background-size":"auto","background-attachment":"scroll","background-type":"","background-media":"","overlay-type":"","overlay-color":"","overlay-opacity":"","overlay-gradient":""},"tablet":{"background-color":"","background-image":"","background-repeat":"repeat","background-position":"center center","background-size":"auto","background-attachment":"scroll","background-type":"","background-media":"","overlay-type":"","overlay-color":"","overlay-opacity":"","overlay-gradient":""},"mobile":{"background-color":"","background-image":"","background-repeat":"repeat","background-position":"center center","background-size":"auto","background-attachment":"scroll","background-type":"","background-media":"","overlay-type":"","overlay-color":"","overlay-opacity":"","overlay-gradient":""}},"ast-content-background-meta":{"desktop":{"background-color":"var(--ast-global-color-5)","background-image":"","background-repeat":"repeat","background-position":"center center","background-size":"auto","background-attachment":"scroll","background-type":"","background-media":"","overlay-type":"","overlay-color":"","overlay-opacity":"","overlay-gradient":""},"tablet":{"background-color":"var(--ast-global-color-5)","background-image":"","background-repeat":"repeat","background-position":"center center","background-size":"auto","background-attachment":"scroll","background-type":"","background-media":"","overlay-type":"","overlay-color":"","overlay-opacity":"","overlay-gradient":""},"mobile":{"background-color":"var(--ast-global-color-5)","background-image":"","background-repeat":"repeat","background-position":"center center","background-size":"auto","background-attachment":"scroll","background-type":"","background-media":"","overlay-type":"","overlay-color":"","overlay-opacity":"","overlay-gradient":""}}},"product_cat":[44,269,68,186,176,58,185,67],"product_tag":[],"yoast_head":"<!-- This site is optimized with the Yoast SEO plugin v21.7 - https:\/\/yoast.com\/wordpress\/plugins\/seo\/ -->\n<title>ENERGY \u0160AMPON 350ml - Flash<\/title>\n<meta name=\"description\" content=\"Energiziraju\u0107i \u0161ampon protiv opadanja kose , namijenjen tankoj i slaboj kosi.\u00a0Formulira sa ekstraktom Chili papri\u010dice i elementima u tragovima (*Trace\" \/>\n<meta name=\"robots\" content=\"index, follow, max-snippet:-1, max-image-preview:large, max-video-preview:-1\" \/>\n<link rel=\"canonical\" href=\"https:\/\/hairbeauty-pro.com\/?product=energy-sampon\" \/>\n<meta property=\"og:locale\" content=\"bs_BA\" \/>\n<meta property=\"og:type\" content=\"article\" \/>\n<meta property=\"og:title\" content=\"ENERGY \u0160AMPON 350ml - Flash\" \/>\n<meta property=\"og:description\" content=\"Energiziraju\u0107i \u0161ampon protiv opadanja kose , namijenjen tankoj i slaboj kosi.\u00a0Formulira sa ekstraktom Chili papri\u010dice i elementima u tragovima (*Trace\" \/>\n<meta property=\"og:url\" content=\"https:\/\/hairbeauty-pro.com\/?product=energy-sampon\" \/>\n<meta property=\"og:site_name\" content=\"Flash\" \/>\n<meta property=\"article:modified_time\" content=\"2023-12-14T10:26:34+00:00\" \/>\n<meta property=\"og:image\" content=\"https:\/\/hairbeauty-pro.com\/wp-content\/uploads\/2023\/11\/19025_ENERGY-SHAMPOO-350ml.jpg\" \/>\n\t<meta property=\"og:image:width\" content=\"545\" \/>\n\t<meta property=\"og:image:height\" content=\"1316\" \/>\n\t<meta property=\"og:image:type\" content=\"image\/jpeg\" \/>\n<meta name=\"twitter:card\" content=\"summary_large_image\" \/>\n<meta name=\"twitter:label1\" content=\"Est. reading time\" \/>\n\t<meta name=\"twitter:data1\" content=\"1 minuta\" \/>\n<script type=\"application\/ld+json\" class=\"yoast-schema-graph\">{\"@context\":\"https:\/\/schema.org\",\"@graph\":[{\"@type\":\"WebPage\",\"@id\":\"https:\/\/hairbeauty-pro.com\/?product=energy-sampon\",\"url\":\"https:\/\/hairbeauty-pro.com\/?product=energy-sampon\",\"name\":\"ENERGY \u0160AMPON 350ml - Flash\",\"isPartOf\":{\"@id\":\"https:\/\/hairbeauty-pro.com\/#website\"},\"datePublished\":\"2023-07-14T13:08:33+00:00\",\"dateModified\":\"2023-12-14T10:26:34+00:00\",\"description\":\"Energiziraju\u0107i \u0161ampon protiv opadanja kose , namijenjen tankoj i slaboj kosi.\u00a0Formulira sa ekstraktom Chili papri\u010dice i elementima u tragovima (*Trace\",\"breadcrumb\":{\"@id\":\"https:\/\/hairbeauty-pro.com\/?product=energy-sampon#breadcrumb\"},\"inLanguage\":\"bs-BA\",\"potentialAction\":[{\"@type\":\"ReadAction\",\"target\":[\"https:\/\/hairbeauty-pro.com\/?product=energy-sampon\"]}]},{\"@type\":\"BreadcrumbList\",\"@id\":\"https:\/\/hairbeauty-pro.com\/?product=energy-sampon#breadcrumb\",\"itemListElement\":[{\"@type\":\"ListItem\",\"position\":1,\"name\":\"Home\",\"item\":\"https:\/\/hairbeauty-pro.com\/\"},{\"@type\":\"ListItem\",\"position\":2,\"name\":\"Shop\",\"item\":\"https:\/\/hairbeauty-pro.com\/?page_id=11\"},{\"@type\":\"ListItem\",\"position\":3,\"name\":\"ENERGY \u0160AMPON 350ml\"}]},{\"@type\":\"WebSite\",\"@id\":\"https:\/\/hairbeauty-pro.com\/#website\",\"url\":\"https:\/\/hairbeauty-pro.com\/\",\"name\":\"Flash\",\"description\":\"Va\u0161a ultimativna destinacja za njegu kose\",\"publisher\":{\"@id\":\"https:\/\/hairbeauty-pro.com\/#organization\"},\"potentialAction\":[{\"@type\":\"SearchAction\",\"target\":{\"@type\":\"EntryPoint\",\"urlTemplate\":\"https:\/\/hairbeauty-pro.com\/?s={search_term_string}\"},\"query-input\":\"required name=search_term_string\"}],\"inLanguage\":\"bs-BA\"},{\"@type\":\"Organization\",\"@id\":\"https:\/\/hairbeauty-pro.com\/#organization\",\"name\":\"Flash\",\"url\":\"https:\/\/hairbeauty-pro.com\/\",\"logo\":{\"@type\":\"ImageObject\",\"inLanguage\":\"bs-BA\",\"@id\":\"https:\/\/hairbeauty-pro.com\/#\/schema\/logo\/image\/\",\"url\":\"https:\/\/hairbeauty-pro.com\/wp-content\/uploads\/2023\/07\/cropped-FLASH-LOGO-png.png\",\"contentUrl\":\"https:\/\/hairbeauty-pro.com\/wp-content\/uploads\/2023\/07\/cropped-FLASH-LOGO-png.png\",\"width\":1316,\"height\":521,\"caption\":\"Flash\"},\"image\":{\"@id\":\"https:\/\/hairbeauty-pro.com\/#\/schema\/logo\/image\/\"}}]}<\/script>\n<!-- \/ Yoast SEO plugin. -->","yoast_head_json":{"title":"ENERGY \u0160AMPON 350ml - Flash","description":"Energiziraju\u0107i \u0161ampon protiv opadanja kose , namijenjen tankoj i slaboj kosi.\u00a0Formulira sa ekstraktom Chili papri\u010dice i elementima u tragovima (*Trace","robots":{"index":"index","follow":"follow","max-snippet":"max-snippet:-1","max-image-preview":"max-image-preview:large","max-video-preview":"max-video-preview:-1"},"canonical":"https:\/\/hairbeauty-pro.com\/?product=energy-sampon","og_locale":"bs_BA","og_type":"article","og_title":"ENERGY \u0160AMPON 350ml - Flash","og_description":"Energiziraju\u0107i \u0161ampon protiv opadanja kose , namijenjen tankoj i slaboj kosi.\u00a0Formulira sa ekstraktom Chili papri\u010dice i elementima u tragovima (*Trace","og_url":"https:\/\/hairbeauty-pro.com\/?product=energy-sampon","og_site_name":"Flash","article_modified_time":"2023-12-14T10:26:34+00:00","og_image":[{"width":545,"height":1316,"url":"https:\/\/hairbeauty-pro.com\/wp-content\/uploads\/2023\/11\/19025_ENERGY-SHAMPOO-350ml.jpg","type":"image\/jpeg"}],"twitter_card":"summary_large_image","twitter_misc":{"Est. reading time":"1 minuta"},"schema":{"@context":"https:\/\/schema.org","@graph":[{"@type":"WebPage","@id":"https:\/\/hairbeauty-pro.com\/?product=energy-sampon","url":"https:\/\/hairbeauty-pro.com\/?product=energy-sampon","name":"ENERGY \u0160AMPON 350ml - Flash","isPartOf":{"@id":"https:\/\/hairbeauty-pro.com\/#website"},"datePublished":"2023-07-14T13:08:33+00:00","dateModified":"2023-12-14T10:26:34+00:00","description":"Energiziraju\u0107i \u0161ampon protiv opadanja kose , namijenjen tankoj i slaboj kosi.\u00a0Formulira sa ekstraktom Chili papri\u010dice i elementima u tragovima (*Trace","breadcrumb":{"@id":"https:\/\/hairbeauty-pro.com\/?product=energy-sampon#breadcrumb"},"inLanguage":"bs-BA","potentialAction":[{"@type":"ReadAction","target":["https:\/\/hairbeauty-pro.com\/?product=energy-sampon"]}]},{"@type":"BreadcrumbList","@id":"https:\/\/hairbeauty-pro.com\/?product=energy-sampon#breadcrumb","itemListElement":[{"@type":"ListItem","position":1,"name":"Home","item":"https:\/\/hairbeauty-pro.com\/"},{"@type":"ListItem","position":2,"name":"Shop","item":"https:\/\/hairbeauty-pro.com\/?page_id=11"},{"@type":"ListItem","position":3,"name":"ENERGY \u0160AMPON 350ml"}]},{"@type":"WebSite","@id":"https:\/\/hairbeauty-pro.com\/#website","url":"https:\/\/hairbeauty-pro.com\/","name":"Flash","description":"Va\u0161a ultimativna destinacja za njegu kose","publisher":{"@id":"https:\/\/hairbeauty-pro.com\/#organization"},"potentialAction":[{"@type":"SearchAction","target":{"@type":"EntryPoint","urlTemplate":"https:\/\/hairbeauty-pro.com\/?s={search_term_string}"},"query-input":"required name=search_term_string"}],"inLanguage":"bs-BA"},{"@type":"Organization","@id":"https:\/\/hairbeauty-pro.com\/#organization","name":"Flash","url":"https:\/\/hairbeauty-pro.com\/","logo":{"@type":"ImageObject","inLanguage":"bs-BA","@id":"https:\/\/hairbeauty-pro.com\/#\/schema\/logo\/image\/","url":"https:\/\/hairbeauty-pro.com\/wp-content\/uploads\/2023\/07\/cropped-FLASH-LOGO-png.png","contentUrl":"https:\/\/hairbeauty-pro.com\/wp-content\/uploads\/2023\/07\/cropped-FLASH-LOGO-png.png","width":1316,"height":521,"caption":"Flash"},"image":{"@id":"https:\/\/hairbeauty-pro.com\/#\/schema\/logo\/image\/"}}]}},"_links":{"self":[{"href":"https:\/\/hairbeauty-pro.com\/index.php?rest_route=\/wp\/v2\/product\/2444"}],"collection":[{"href":"https:\/\/hairbeauty-pro.com\/index.php?rest_route=\/wp\/v2\/product"}],"about":[{"href":"https:\/\/hairbeauty-pro.com\/index.php?rest_route=\/wp\/v2\/types\/product"}],"replies":[{"embeddable":true,"href":"https:\/\/hairbeauty-pro.com\/index.php?rest_route=%2Fwp%2Fv2%2Fcomments&post=2444"}],"wp:featuredmedia":[{"embeddable":true,"href":"https:\/\/hairbeauty-pro.com\/index.php?rest_route=\/wp\/v2\/media\/5393"}],"wp:attachment":[{"href":"https:\/\/hairbeauty-pro.com\/index.php?rest_route=%2Fwp%2Fv2%2Fmedia&parent=2444"}],"wp:term":[{"taxonomy":"product_cat","embeddable":true,"href":"https:\/\/hairbeauty-pro.com\/index.php?rest_route=%2Fwp%2Fv2%2Fproduct_cat&post=2444"},{"taxonomy":"product_tag","embeddable":true,"href":"https:\/\/hairbeauty-pro.com\/index.php?rest_route=%2Fwp%2Fv2%2Fproduct_tag&post=2444"}],"curies":[{"name":"wp","href":"https:\/\/api.w.org\/{rel}","templated":true}]}}