{"id":2427,"date":"2023-07-14T09:44:14","date_gmt":"2023-07-14T09:44:14","guid":{"rendered":"https:\/\/hairbeauty-pro.com\/?post_type=product&#038;p=2427"},"modified":"2026-02-19T17:30:11","modified_gmt":"2026-02-19T17:30:11","slug":"anti-yellow-pjena","status":"publish","type":"product","link":"https:\/\/hairbeauty-pro.com\/?product=anti-yellow-pjena","title":{"rendered":"ANTI-YELLOW PJENA"},"content":{"rendered":"<p style=\"font-weight: 400;\">Anti yellow pjena za plavu, blan\u0161iranu ili sijedu kosu.\u00a0Nje\u017ena pjena\u00a0 formulisana sa intenzivnim ljubi\u010dastim pigmentom koji neutralizi\u0161e ne\u017eeljene \u017eute reflekse. Njegova bogata formula sa omek\u0161avaju\u0107im dejstvom posebno je pogodna za nje\u017enu i tanku kosu.<\/p>\n<p>&nbsp;<\/p>\n<p style=\"font-weight: 400;\">UPOTREBA:<\/p>\n<p style=\"font-weight: 400;\">Nakon \u0161amponiranja nanesite ravnomjerno na vla\u017enu kosu po du\u017einama i krajevima, ostavite da djeluje 3 do 5 minuta. Potom isperite.<\/p>\n","protected":false},"excerpt":{"rendered":"<p>Anti yellow pjena za plavu, blan\u0161iranu ili sijedu kosu.\u00a0Nje\u017ena pjena\u00a0 formulisana sa intenzivnim ljubi\u010dastim pigmentom koji neutralizi\u0161e ne\u017eeljene \u017eute reflekse. Njegova bogata formula sa omek\u0161avaju\u0107im dejstvom posebno je pogodna za nje\u017enu i tanku kosu. &nbsp; UPOTREBA: Nakon \u0161amponiranja nanesite ravnomjerno na vla\u017enu kosu po du\u017einama i krajevima, ostavite da djeluje 3 do 5 minuta. Potom [&hellip;]<\/p>\n","protected":false},"featured_media":5386,"comment_status":"open","ping_status":"closed","template":"","meta":{"site-sidebar-layout":"default","site-content-layout":"default","ast-site-content-layout":"default","site-content-style":"default","site-sidebar-style":"default","ast-global-header-display":"","ast-banner-title-visibility":"","ast-main-header-display":"","ast-hfb-above-header-display":"","ast-hfb-below-header-display":"","ast-hfb-mobile-header-display":"","site-post-title":"","ast-breadcrumbs-content":"","ast-featured-img":"","footer-sml-layout":"","theme-transparent-header-meta":"default","adv-header-id-meta":"","stick-header-meta":"","header-above-stick-meta":"","header-main-stick-meta":"","header-below-stick-meta":"","astra-migrate-meta-layouts":"set","ast-page-background-enabled":"default","ast-page-background-meta":{"desktop":{"background-color":"","background-image":"","background-repeat":"repeat","background-position":"center center","background-size":"auto","background-attachment":"scroll","background-type":"","background-media":"","overlay-type":"","overlay-color":"","overlay-opacity":"","overlay-gradient":""},"tablet":{"background-color":"","background-image":"","background-repeat":"repeat","background-position":"center center","background-size":"auto","background-attachment":"scroll","background-type":"","background-media":"","overlay-type":"","overlay-color":"","overlay-opacity":"","overlay-gradient":""},"mobile":{"background-color":"","background-image":"","background-repeat":"repeat","background-position":"center center","background-size":"auto","background-attachment":"scroll","background-type":"","background-media":"","overlay-type":"","overlay-color":"","overlay-opacity":"","overlay-gradient":""}},"ast-content-background-meta":{"desktop":{"background-color":"var(--ast-global-color-5)","background-image":"","background-repeat":"repeat","background-position":"center center","background-size":"auto","background-attachment":"scroll","background-type":"","background-media":"","overlay-type":"","overlay-color":"","overlay-opacity":"","overlay-gradient":""},"tablet":{"background-color":"var(--ast-global-color-5)","background-image":"","background-repeat":"repeat","background-position":"center center","background-size":"auto","background-attachment":"scroll","background-type":"","background-media":"","overlay-type":"","overlay-color":"","overlay-opacity":"","overlay-gradient":""},"mobile":{"background-color":"var(--ast-global-color-5)","background-image":"","background-repeat":"repeat","background-position":"center center","background-size":"auto","background-attachment":"scroll","background-type":"","background-media":"","overlay-type":"","overlay-color":"","overlay-opacity":"","overlay-gradient":""}}},"product_cat":[44,269,176,58,184,66],"product_tag":[],"yoast_head":"<!-- This site is optimized with the Yoast SEO plugin v21.7 - https:\/\/yoast.com\/wordpress\/plugins\/seo\/ -->\n<title>ANTI-YELLOW PJENA - Flash<\/title>\n<meta name=\"description\" content=\"Anti yellow pjena za plavu, blan\u0161iranu ili sijedu kosu.\u00a0Nje\u017ena pjena\u00a0 formulisana sa intenzivnim ljubi\u010dastim pigmentom koji neutralizi\u0161e ne\u017eeljene \u017eute\" \/>\n<meta name=\"robots\" content=\"index, follow, max-snippet:-1, max-image-preview:large, max-video-preview:-1\" \/>\n<link rel=\"canonical\" href=\"https:\/\/hairbeauty-pro.com\/?product=anti-yellow-pjena\" \/>\n<meta property=\"og:locale\" content=\"bs_BA\" \/>\n<meta property=\"og:type\" content=\"article\" \/>\n<meta property=\"og:title\" content=\"ANTI-YELLOW PJENA - Flash\" \/>\n<meta property=\"og:description\" content=\"Anti yellow pjena za plavu, blan\u0161iranu ili sijedu kosu.\u00a0Nje\u017ena pjena\u00a0 formulisana sa intenzivnim ljubi\u010dastim pigmentom koji neutralizi\u0161e ne\u017eeljene \u017eute\" \/>\n<meta property=\"og:url\" content=\"https:\/\/hairbeauty-pro.com\/?product=anti-yellow-pjena\" \/>\n<meta property=\"og:site_name\" content=\"Flash\" \/>\n<meta property=\"article:modified_time\" content=\"2026-02-19T17:30:11+00:00\" \/>\n<meta property=\"og:image\" content=\"http:\/\/hairbeauty-pro.com\/wp-content\/uploads\/2023\/11\/21670_mousse-antigiallo-250-ml.jpg\" \/>\n\t<meta property=\"og:image:width\" content=\"1512\" \/>\n\t<meta property=\"og:image:height\" content=\"2016\" \/>\n\t<meta property=\"og:image:type\" content=\"image\/jpeg\" \/>\n<meta name=\"twitter:card\" content=\"summary_large_image\" \/>\n<meta name=\"twitter:label1\" content=\"Est. reading time\" \/>\n\t<meta name=\"twitter:data1\" content=\"1 minuta\" \/>\n<script type=\"application\/ld+json\" class=\"yoast-schema-graph\">{\"@context\":\"https:\/\/schema.org\",\"@graph\":[{\"@type\":\"WebPage\",\"@id\":\"https:\/\/hairbeauty-pro.com\/?product=anti-yellow-pjena\",\"url\":\"https:\/\/hairbeauty-pro.com\/?product=anti-yellow-pjena\",\"name\":\"ANTI-YELLOW PJENA - Flash\",\"isPartOf\":{\"@id\":\"https:\/\/hairbeauty-pro.com\/#website\"},\"datePublished\":\"2023-07-14T09:44:14+00:00\",\"dateModified\":\"2026-02-19T17:30:11+00:00\",\"description\":\"Anti yellow pjena za plavu, blan\u0161iranu ili sijedu kosu.\u00a0Nje\u017ena pjena\u00a0 formulisana sa intenzivnim ljubi\u010dastim pigmentom koji neutralizi\u0161e ne\u017eeljene \u017eute\",\"breadcrumb\":{\"@id\":\"https:\/\/hairbeauty-pro.com\/?product=anti-yellow-pjena#breadcrumb\"},\"inLanguage\":\"bs-BA\",\"potentialAction\":[{\"@type\":\"ReadAction\",\"target\":[\"https:\/\/hairbeauty-pro.com\/?product=anti-yellow-pjena\"]}]},{\"@type\":\"BreadcrumbList\",\"@id\":\"https:\/\/hairbeauty-pro.com\/?product=anti-yellow-pjena#breadcrumb\",\"itemListElement\":[{\"@type\":\"ListItem\",\"position\":1,\"name\":\"Home\",\"item\":\"https:\/\/hairbeauty-pro.com\/\"},{\"@type\":\"ListItem\",\"position\":2,\"name\":\"Shop\",\"item\":\"https:\/\/hairbeauty-pro.com\/?page_id=11\"},{\"@type\":\"ListItem\",\"position\":3,\"name\":\"ANTI-YELLOW PJENA\"}]},{\"@type\":\"WebSite\",\"@id\":\"https:\/\/hairbeauty-pro.com\/#website\",\"url\":\"https:\/\/hairbeauty-pro.com\/\",\"name\":\"Flash\",\"description\":\"Va\u0161a ultimativna destinacja za njegu kose\",\"publisher\":{\"@id\":\"https:\/\/hairbeauty-pro.com\/#organization\"},\"potentialAction\":[{\"@type\":\"SearchAction\",\"target\":{\"@type\":\"EntryPoint\",\"urlTemplate\":\"https:\/\/hairbeauty-pro.com\/?s={search_term_string}\"},\"query-input\":\"required name=search_term_string\"}],\"inLanguage\":\"bs-BA\"},{\"@type\":\"Organization\",\"@id\":\"https:\/\/hairbeauty-pro.com\/#organization\",\"name\":\"Flash\",\"url\":\"https:\/\/hairbeauty-pro.com\/\",\"logo\":{\"@type\":\"ImageObject\",\"inLanguage\":\"bs-BA\",\"@id\":\"https:\/\/hairbeauty-pro.com\/#\/schema\/logo\/image\/\",\"url\":\"https:\/\/hairbeauty-pro.com\/wp-content\/uploads\/2023\/07\/cropped-FLASH-LOGO-png.png\",\"contentUrl\":\"https:\/\/hairbeauty-pro.com\/wp-content\/uploads\/2023\/07\/cropped-FLASH-LOGO-png.png\",\"width\":1316,\"height\":521,\"caption\":\"Flash\"},\"image\":{\"@id\":\"https:\/\/hairbeauty-pro.com\/#\/schema\/logo\/image\/\"}}]}<\/script>\n<!-- \/ Yoast SEO plugin. -->","yoast_head_json":{"title":"ANTI-YELLOW PJENA - Flash","description":"Anti yellow pjena za plavu, blan\u0161iranu ili sijedu kosu.\u00a0Nje\u017ena pjena\u00a0 formulisana sa intenzivnim ljubi\u010dastim pigmentom koji neutralizi\u0161e ne\u017eeljene \u017eute","robots":{"index":"index","follow":"follow","max-snippet":"max-snippet:-1","max-image-preview":"max-image-preview:large","max-video-preview":"max-video-preview:-1"},"canonical":"https:\/\/hairbeauty-pro.com\/?product=anti-yellow-pjena","og_locale":"bs_BA","og_type":"article","og_title":"ANTI-YELLOW PJENA - Flash","og_description":"Anti yellow pjena za plavu, blan\u0161iranu ili sijedu kosu.\u00a0Nje\u017ena pjena\u00a0 formulisana sa intenzivnim ljubi\u010dastim pigmentom koji neutralizi\u0161e ne\u017eeljene \u017eute","og_url":"https:\/\/hairbeauty-pro.com\/?product=anti-yellow-pjena","og_site_name":"Flash","article_modified_time":"2026-02-19T17:30:11+00:00","og_image":[{"width":1512,"height":2016,"url":"http:\/\/hairbeauty-pro.com\/wp-content\/uploads\/2023\/11\/21670_mousse-antigiallo-250-ml.jpg","type":"image\/jpeg"}],"twitter_card":"summary_large_image","twitter_misc":{"Est. reading time":"1 minuta"},"schema":{"@context":"https:\/\/schema.org","@graph":[{"@type":"WebPage","@id":"https:\/\/hairbeauty-pro.com\/?product=anti-yellow-pjena","url":"https:\/\/hairbeauty-pro.com\/?product=anti-yellow-pjena","name":"ANTI-YELLOW PJENA - Flash","isPartOf":{"@id":"https:\/\/hairbeauty-pro.com\/#website"},"datePublished":"2023-07-14T09:44:14+00:00","dateModified":"2026-02-19T17:30:11+00:00","description":"Anti yellow pjena za plavu, blan\u0161iranu ili sijedu kosu.\u00a0Nje\u017ena pjena\u00a0 formulisana sa intenzivnim ljubi\u010dastim pigmentom koji neutralizi\u0161e ne\u017eeljene \u017eute","breadcrumb":{"@id":"https:\/\/hairbeauty-pro.com\/?product=anti-yellow-pjena#breadcrumb"},"inLanguage":"bs-BA","potentialAction":[{"@type":"ReadAction","target":["https:\/\/hairbeauty-pro.com\/?product=anti-yellow-pjena"]}]},{"@type":"BreadcrumbList","@id":"https:\/\/hairbeauty-pro.com\/?product=anti-yellow-pjena#breadcrumb","itemListElement":[{"@type":"ListItem","position":1,"name":"Home","item":"https:\/\/hairbeauty-pro.com\/"},{"@type":"ListItem","position":2,"name":"Shop","item":"https:\/\/hairbeauty-pro.com\/?page_id=11"},{"@type":"ListItem","position":3,"name":"ANTI-YELLOW PJENA"}]},{"@type":"WebSite","@id":"https:\/\/hairbeauty-pro.com\/#website","url":"https:\/\/hairbeauty-pro.com\/","name":"Flash","description":"Va\u0161a ultimativna destinacja za njegu kose","publisher":{"@id":"https:\/\/hairbeauty-pro.com\/#organization"},"potentialAction":[{"@type":"SearchAction","target":{"@type":"EntryPoint","urlTemplate":"https:\/\/hairbeauty-pro.com\/?s={search_term_string}"},"query-input":"required name=search_term_string"}],"inLanguage":"bs-BA"},{"@type":"Organization","@id":"https:\/\/hairbeauty-pro.com\/#organization","name":"Flash","url":"https:\/\/hairbeauty-pro.com\/","logo":{"@type":"ImageObject","inLanguage":"bs-BA","@id":"https:\/\/hairbeauty-pro.com\/#\/schema\/logo\/image\/","url":"https:\/\/hairbeauty-pro.com\/wp-content\/uploads\/2023\/07\/cropped-FLASH-LOGO-png.png","contentUrl":"https:\/\/hairbeauty-pro.com\/wp-content\/uploads\/2023\/07\/cropped-FLASH-LOGO-png.png","width":1316,"height":521,"caption":"Flash"},"image":{"@id":"https:\/\/hairbeauty-pro.com\/#\/schema\/logo\/image\/"}}]}},"_links":{"self":[{"href":"https:\/\/hairbeauty-pro.com\/index.php?rest_route=\/wp\/v2\/product\/2427"}],"collection":[{"href":"https:\/\/hairbeauty-pro.com\/index.php?rest_route=\/wp\/v2\/product"}],"about":[{"href":"https:\/\/hairbeauty-pro.com\/index.php?rest_route=\/wp\/v2\/types\/product"}],"replies":[{"embeddable":true,"href":"https:\/\/hairbeauty-pro.com\/index.php?rest_route=%2Fwp%2Fv2%2Fcomments&post=2427"}],"wp:featuredmedia":[{"embeddable":true,"href":"https:\/\/hairbeauty-pro.com\/index.php?rest_route=\/wp\/v2\/media\/5386"}],"wp:attachment":[{"href":"https:\/\/hairbeauty-pro.com\/index.php?rest_route=%2Fwp%2Fv2%2Fmedia&parent=2427"}],"wp:term":[{"taxonomy":"product_cat","embeddable":true,"href":"https:\/\/hairbeauty-pro.com\/index.php?rest_route=%2Fwp%2Fv2%2Fproduct_cat&post=2427"},{"taxonomy":"product_tag","embeddable":true,"href":"https:\/\/hairbeauty-pro.com\/index.php?rest_route=%2Fwp%2Fv2%2Fproduct_tag&post=2427"}],"curies":[{"name":"wp","href":"https:\/\/api.w.org\/{rel}","templated":true}]}}