{"id":2377,"date":"2023-07-13T12:38:23","date_gmt":"2023-07-13T12:38:23","guid":{"rendered":"https:\/\/hairbeauty-pro.com\/?post_type=product&#038;p=2377"},"modified":"2026-02-16T16:16:52","modified_gmt":"2026-02-16T16:16:52","slug":"argan-10-u-1-regenerator-u-spreju","status":"publish","type":"product","link":"https:\/\/hairbeauty-pro.com\/?product=argan-10-u-1-regenerator-u-spreju","title":{"rendered":"ARGAN 10 U 1 REGENERATOR U SPREJU"},"content":{"rendered":"<p style=\"font-weight: 400;\">10 u 1 njeguju\u0107i regenerator sa arganovim\u00a0uljem za suhu, be\u017eivotnu kosu bez sjaja.<\/p>\n<p style=\"font-weight: 400;\">Daje 10 rezultata:<\/p>\n<ol>\n<li style=\"font-weight: 400;\">hrani i hidrira kosu,<\/li>\n<li style=\"font-weight: 400;\">razmr\u0161ava i omek\u0161ava kosu,<\/li>\n<li style=\"font-weight: 400;\">dodaje tijelo dlaci i volumen kosi,<\/li>\n<li style=\"font-weight: 400;\">bori se protiv starenja \u0107elija dlake,<\/li>\n<li style=\"font-weight: 400;\">elimini\u0161e kovrd\u017eanje kose,<\/li>\n<li style=\"font-weight: 400;\">u\u010dinkovito se bori protiv stati\u010dkog\u00a0<span style=\"font-size: 16px;\">elektriciteta,<\/span><\/li>\n<li style=\"font-weight: 400;\">\u0161titi od toplote, vlage i UV zraka,<\/li>\n<li style=\"font-weight: 400;\">poja\u010dava intenzitet farbe za kosu i<span style=\"font-size: 16px;\">\u00a0\u0161titi postojanost boje,<\/span><\/li>\n<li style=\"font-weight: 400;\">elimini\u0161e i sprije\u010dava pucanje<span style=\"font-size: 16px;\">\u00a0krajeva dlake,<\/span><\/li>\n<li style=\"font-weight: 400;\">ostavlja kosu sjajnom.<\/li>\n<\/ol>\n<p style=\"font-weight: 400;\">UPOTREBA:<\/p>\n<p style=\"font-weight: 400;\">Naprskati na vla\u017enu kosu,\u00a0ras\u010de\u0161aljati i stilizovati kosu. Ne ispirati.<\/p>\n","protected":false},"excerpt":{"rendered":"<p>10 u 1 njeguju\u0107i regenerator sa arganovim\u00a0uljem za suhu, be\u017eivotnu kosu bez sjaja. Daje 10 rezultata: hrani i hidrira kosu, razmr\u0161ava i omek\u0161ava kosu, dodaje tijelo dlaci i volumen kosi, bori se protiv starenja \u0107elija dlake, elimini\u0161e kovrd\u017eanje kose, u\u010dinkovito se bori protiv stati\u010dkog\u00a0elektriciteta, \u0161titi od toplote, vlage i UV zraka, poja\u010dava intenzitet farbe za [&hellip;]<\/p>\n","protected":false},"featured_media":6018,"comment_status":"open","ping_status":"closed","template":"","meta":{"site-sidebar-layout":"default","site-content-layout":"default","ast-site-content-layout":"default","site-content-style":"default","site-sidebar-style":"default","ast-global-header-display":"","ast-banner-title-visibility":"","ast-main-header-display":"","ast-hfb-above-header-display":"","ast-hfb-below-header-display":"","ast-hfb-mobile-header-display":"","site-post-title":"","ast-breadcrumbs-content":"","ast-featured-img":"","footer-sml-layout":"","theme-transparent-header-meta":"default","adv-header-id-meta":"","stick-header-meta":"","header-above-stick-meta":"","header-main-stick-meta":"","header-below-stick-meta":"","astra-migrate-meta-layouts":"set","ast-page-background-enabled":"default","ast-page-background-meta":{"desktop":{"background-color":"","background-image":"","background-repeat":"repeat","background-position":"center center","background-size":"auto","background-attachment":"scroll","background-type":"","background-media":"","overlay-type":"","overlay-color":"","overlay-opacity":"","overlay-gradient":""},"tablet":{"background-color":"","background-image":"","background-repeat":"repeat","background-position":"center center","background-size":"auto","background-attachment":"scroll","background-type":"","background-media":"","overlay-type":"","overlay-color":"","overlay-opacity":"","overlay-gradient":""},"mobile":{"background-color":"","background-image":"","background-repeat":"repeat","background-position":"center center","background-size":"auto","background-attachment":"scroll","background-type":"","background-media":"","overlay-type":"","overlay-color":"","overlay-opacity":"","overlay-gradient":""}},"ast-content-background-meta":{"desktop":{"background-color":"var(--ast-global-color-5)","background-image":"","background-repeat":"repeat","background-position":"center center","background-size":"auto","background-attachment":"scroll","background-type":"","background-media":"","overlay-type":"","overlay-color":"","overlay-opacity":"","overlay-gradient":""},"tablet":{"background-color":"var(--ast-global-color-5)","background-image":"","background-repeat":"repeat","background-position":"center center","background-size":"auto","background-attachment":"scroll","background-type":"","background-media":"","overlay-type":"","overlay-color":"","overlay-opacity":"","overlay-gradient":""},"mobile":{"background-color":"var(--ast-global-color-5)","background-image":"","background-repeat":"repeat","background-position":"center center","background-size":"auto","background-attachment":"scroll","background-type":"","background-media":"","overlay-type":"","overlay-color":"","overlay-opacity":"","overlay-gradient":""}}},"product_cat":[44,269,176,58,182,64],"product_tag":[],"yoast_head":"<!-- This site is optimized with the Yoast SEO plugin v21.7 - https:\/\/yoast.com\/wordpress\/plugins\/seo\/ -->\n<title>ARGAN 10 U 1 REGENERATOR U SPREJU - Flash<\/title>\n<meta name=\"description\" content=\"10 u 1 njeguju\u0107i regenerator sa arganovim\u00a0uljem za suhu, be\u017eivotnu kosu bez sjaja. Daje 10 rezultata: hrani i hidrira kosu, razmr\u0161ava i omek\u0161ava kosu,\" \/>\n<meta name=\"robots\" content=\"index, follow, max-snippet:-1, max-image-preview:large, max-video-preview:-1\" \/>\n<link rel=\"canonical\" href=\"https:\/\/hairbeauty-pro.com\/?product=argan-10-u-1-regenerator-u-spreju\" \/>\n<meta property=\"og:locale\" content=\"bs_BA\" \/>\n<meta property=\"og:type\" content=\"article\" \/>\n<meta property=\"og:title\" content=\"ARGAN 10 U 1 REGENERATOR U SPREJU - Flash\" \/>\n<meta property=\"og:description\" content=\"10 u 1 njeguju\u0107i regenerator sa arganovim\u00a0uljem za suhu, be\u017eivotnu kosu bez sjaja. Daje 10 rezultata: hrani i hidrira kosu, razmr\u0161ava i omek\u0161ava kosu,\" \/>\n<meta property=\"og:url\" content=\"https:\/\/hairbeauty-pro.com\/?product=argan-10-u-1-regenerator-u-spreju\" \/>\n<meta property=\"og:site_name\" content=\"Flash\" \/>\n<meta property=\"article:modified_time\" content=\"2026-02-16T16:16:52+00:00\" \/>\n<meta property=\"og:image\" content=\"http:\/\/hairbeauty-pro.com\/wp-content\/uploads\/2023\/07\/19035-2.jpg\" \/>\n\t<meta property=\"og:image:width\" content=\"1106\" \/>\n\t<meta property=\"og:image:height\" content=\"1604\" \/>\n\t<meta property=\"og:image:type\" content=\"image\/jpeg\" \/>\n<meta name=\"twitter:card\" content=\"summary_large_image\" \/>\n<meta name=\"twitter:label1\" content=\"Est. reading time\" \/>\n\t<meta name=\"twitter:data1\" content=\"1 minuta\" \/>\n<script type=\"application\/ld+json\" class=\"yoast-schema-graph\">{\"@context\":\"https:\/\/schema.org\",\"@graph\":[{\"@type\":\"WebPage\",\"@id\":\"https:\/\/hairbeauty-pro.com\/?product=argan-10-u-1-regenerator-u-spreju\",\"url\":\"https:\/\/hairbeauty-pro.com\/?product=argan-10-u-1-regenerator-u-spreju\",\"name\":\"ARGAN 10 U 1 REGENERATOR U SPREJU - Flash\",\"isPartOf\":{\"@id\":\"https:\/\/hairbeauty-pro.com\/#website\"},\"datePublished\":\"2023-07-13T12:38:23+00:00\",\"dateModified\":\"2026-02-16T16:16:52+00:00\",\"description\":\"10 u 1 njeguju\u0107i regenerator sa arganovim\u00a0uljem za suhu, be\u017eivotnu kosu bez sjaja. Daje 10 rezultata: hrani i hidrira kosu, razmr\u0161ava i omek\u0161ava kosu,\",\"breadcrumb\":{\"@id\":\"https:\/\/hairbeauty-pro.com\/?product=argan-10-u-1-regenerator-u-spreju#breadcrumb\"},\"inLanguage\":\"bs-BA\",\"potentialAction\":[{\"@type\":\"ReadAction\",\"target\":[\"https:\/\/hairbeauty-pro.com\/?product=argan-10-u-1-regenerator-u-spreju\"]}]},{\"@type\":\"BreadcrumbList\",\"@id\":\"https:\/\/hairbeauty-pro.com\/?product=argan-10-u-1-regenerator-u-spreju#breadcrumb\",\"itemListElement\":[{\"@type\":\"ListItem\",\"position\":1,\"name\":\"Home\",\"item\":\"https:\/\/hairbeauty-pro.com\/\"},{\"@type\":\"ListItem\",\"position\":2,\"name\":\"Shop\",\"item\":\"https:\/\/hairbeauty-pro.com\/?page_id=11\"},{\"@type\":\"ListItem\",\"position\":3,\"name\":\"ARGAN 10 U 1 REGENERATOR U SPREJU\"}]},{\"@type\":\"WebSite\",\"@id\":\"https:\/\/hairbeauty-pro.com\/#website\",\"url\":\"https:\/\/hairbeauty-pro.com\/\",\"name\":\"Flash\",\"description\":\"Va\u0161a ultimativna destinacja za njegu kose\",\"publisher\":{\"@id\":\"https:\/\/hairbeauty-pro.com\/#organization\"},\"potentialAction\":[{\"@type\":\"SearchAction\",\"target\":{\"@type\":\"EntryPoint\",\"urlTemplate\":\"https:\/\/hairbeauty-pro.com\/?s={search_term_string}\"},\"query-input\":\"required name=search_term_string\"}],\"inLanguage\":\"bs-BA\"},{\"@type\":\"Organization\",\"@id\":\"https:\/\/hairbeauty-pro.com\/#organization\",\"name\":\"Flash\",\"url\":\"https:\/\/hairbeauty-pro.com\/\",\"logo\":{\"@type\":\"ImageObject\",\"inLanguage\":\"bs-BA\",\"@id\":\"https:\/\/hairbeauty-pro.com\/#\/schema\/logo\/image\/\",\"url\":\"https:\/\/hairbeauty-pro.com\/wp-content\/uploads\/2023\/07\/cropped-FLASH-LOGO-png.png\",\"contentUrl\":\"https:\/\/hairbeauty-pro.com\/wp-content\/uploads\/2023\/07\/cropped-FLASH-LOGO-png.png\",\"width\":1316,\"height\":521,\"caption\":\"Flash\"},\"image\":{\"@id\":\"https:\/\/hairbeauty-pro.com\/#\/schema\/logo\/image\/\"}}]}<\/script>\n<!-- \/ Yoast SEO plugin. -->","yoast_head_json":{"title":"ARGAN 10 U 1 REGENERATOR U SPREJU - Flash","description":"10 u 1 njeguju\u0107i regenerator sa arganovim\u00a0uljem za suhu, be\u017eivotnu kosu bez sjaja. Daje 10 rezultata: hrani i hidrira kosu, razmr\u0161ava i omek\u0161ava kosu,","robots":{"index":"index","follow":"follow","max-snippet":"max-snippet:-1","max-image-preview":"max-image-preview:large","max-video-preview":"max-video-preview:-1"},"canonical":"https:\/\/hairbeauty-pro.com\/?product=argan-10-u-1-regenerator-u-spreju","og_locale":"bs_BA","og_type":"article","og_title":"ARGAN 10 U 1 REGENERATOR U SPREJU - Flash","og_description":"10 u 1 njeguju\u0107i regenerator sa arganovim\u00a0uljem za suhu, be\u017eivotnu kosu bez sjaja. Daje 10 rezultata: hrani i hidrira kosu, razmr\u0161ava i omek\u0161ava kosu,","og_url":"https:\/\/hairbeauty-pro.com\/?product=argan-10-u-1-regenerator-u-spreju","og_site_name":"Flash","article_modified_time":"2026-02-16T16:16:52+00:00","og_image":[{"width":1106,"height":1604,"url":"http:\/\/hairbeauty-pro.com\/wp-content\/uploads\/2023\/07\/19035-2.jpg","type":"image\/jpeg"}],"twitter_card":"summary_large_image","twitter_misc":{"Est. reading time":"1 minuta"},"schema":{"@context":"https:\/\/schema.org","@graph":[{"@type":"WebPage","@id":"https:\/\/hairbeauty-pro.com\/?product=argan-10-u-1-regenerator-u-spreju","url":"https:\/\/hairbeauty-pro.com\/?product=argan-10-u-1-regenerator-u-spreju","name":"ARGAN 10 U 1 REGENERATOR U SPREJU - Flash","isPartOf":{"@id":"https:\/\/hairbeauty-pro.com\/#website"},"datePublished":"2023-07-13T12:38:23+00:00","dateModified":"2026-02-16T16:16:52+00:00","description":"10 u 1 njeguju\u0107i regenerator sa arganovim\u00a0uljem za suhu, be\u017eivotnu kosu bez sjaja. Daje 10 rezultata: hrani i hidrira kosu, razmr\u0161ava i omek\u0161ava kosu,","breadcrumb":{"@id":"https:\/\/hairbeauty-pro.com\/?product=argan-10-u-1-regenerator-u-spreju#breadcrumb"},"inLanguage":"bs-BA","potentialAction":[{"@type":"ReadAction","target":["https:\/\/hairbeauty-pro.com\/?product=argan-10-u-1-regenerator-u-spreju"]}]},{"@type":"BreadcrumbList","@id":"https:\/\/hairbeauty-pro.com\/?product=argan-10-u-1-regenerator-u-spreju#breadcrumb","itemListElement":[{"@type":"ListItem","position":1,"name":"Home","item":"https:\/\/hairbeauty-pro.com\/"},{"@type":"ListItem","position":2,"name":"Shop","item":"https:\/\/hairbeauty-pro.com\/?page_id=11"},{"@type":"ListItem","position":3,"name":"ARGAN 10 U 1 REGENERATOR U SPREJU"}]},{"@type":"WebSite","@id":"https:\/\/hairbeauty-pro.com\/#website","url":"https:\/\/hairbeauty-pro.com\/","name":"Flash","description":"Va\u0161a ultimativna destinacja za njegu kose","publisher":{"@id":"https:\/\/hairbeauty-pro.com\/#organization"},"potentialAction":[{"@type":"SearchAction","target":{"@type":"EntryPoint","urlTemplate":"https:\/\/hairbeauty-pro.com\/?s={search_term_string}"},"query-input":"required name=search_term_string"}],"inLanguage":"bs-BA"},{"@type":"Organization","@id":"https:\/\/hairbeauty-pro.com\/#organization","name":"Flash","url":"https:\/\/hairbeauty-pro.com\/","logo":{"@type":"ImageObject","inLanguage":"bs-BA","@id":"https:\/\/hairbeauty-pro.com\/#\/schema\/logo\/image\/","url":"https:\/\/hairbeauty-pro.com\/wp-content\/uploads\/2023\/07\/cropped-FLASH-LOGO-png.png","contentUrl":"https:\/\/hairbeauty-pro.com\/wp-content\/uploads\/2023\/07\/cropped-FLASH-LOGO-png.png","width":1316,"height":521,"caption":"Flash"},"image":{"@id":"https:\/\/hairbeauty-pro.com\/#\/schema\/logo\/image\/"}}]}},"_links":{"self":[{"href":"https:\/\/hairbeauty-pro.com\/index.php?rest_route=\/wp\/v2\/product\/2377"}],"collection":[{"href":"https:\/\/hairbeauty-pro.com\/index.php?rest_route=\/wp\/v2\/product"}],"about":[{"href":"https:\/\/hairbeauty-pro.com\/index.php?rest_route=\/wp\/v2\/types\/product"}],"replies":[{"embeddable":true,"href":"https:\/\/hairbeauty-pro.com\/index.php?rest_route=%2Fwp%2Fv2%2Fcomments&post=2377"}],"wp:featuredmedia":[{"embeddable":true,"href":"https:\/\/hairbeauty-pro.com\/index.php?rest_route=\/wp\/v2\/media\/6018"}],"wp:attachment":[{"href":"https:\/\/hairbeauty-pro.com\/index.php?rest_route=%2Fwp%2Fv2%2Fmedia&parent=2377"}],"wp:term":[{"taxonomy":"product_cat","embeddable":true,"href":"https:\/\/hairbeauty-pro.com\/index.php?rest_route=%2Fwp%2Fv2%2Fproduct_cat&post=2377"},{"taxonomy":"product_tag","embeddable":true,"href":"https:\/\/hairbeauty-pro.com\/index.php?rest_route=%2Fwp%2Fv2%2Fproduct_tag&post=2377"}],"curies":[{"name":"wp","href":"https:\/\/api.w.org\/{rel}","templated":true}]}}