{"id":2347,"date":"2023-07-13T12:10:05","date_gmt":"2023-07-13T12:10:05","guid":{"rendered":"https:\/\/hairbeauty-pro.com\/?post_type=product&#038;p=2347"},"modified":"2026-02-19T17:59:39","modified_gmt":"2026-02-19T17:59:39","slug":"hijaluron-regenerator","status":"publish","type":"product","link":"https:\/\/hairbeauty-pro.com\/?product=hijaluron-regenerator","title":{"rendered":"HIJALURON REGENERATOR"},"content":{"rendered":"<p style=\"font-weight: 400;\">FAZA 3<\/p>\n<p style=\"font-weight: 400;\">Regenerator u spreju sa hijaluronskom kiselinom za tanku, krtu i masnu kosu.\u00a0Raspetljava kosu bez pote\u0161ko\u0107a, daje volumen i osvje\u017eava tjeme. \u010cini kosu gu\u0161\u0107om, sjajnijom i svilenkastijom.<\/p>\n<p>&nbsp;<\/p>\n<p style=\"font-weight: 400;\">UPOTREBA:<\/p>\n<p style=\"font-weight: 400;\">Poprskajte ravnomjerno po vla\u017enoj kosi. Ostavite 1-2 minute, zatim pokvsite kosu sa malo tople vode i po\u010de\u0161ljajte. Temeljno isperite i oblikujte po \u017eelji. Dobro promu\u0107kajte prije kori\u0161tenja.<\/p>\n","protected":false},"excerpt":{"rendered":"<p>FAZA 3 Regenerator u spreju sa hijaluronskom kiselinom za tanku, krtu i masnu kosu.\u00a0Raspetljava kosu bez pote\u0161ko\u0107a, daje volumen i osvje\u017eava tjeme. \u010cini kosu gu\u0161\u0107om, sjajnijom i svilenkastijom. &nbsp; UPOTREBA: Poprskajte ravnomjerno po vla\u017enoj kosi. Ostavite 1-2 minute, zatim pokvsite kosu sa malo tople vode i po\u010de\u0161ljajte. Temeljno isperite i oblikujte po \u017eelji. Dobro promu\u0107kajte [&hellip;]<\/p>\n","protected":false},"featured_media":5363,"comment_status":"open","ping_status":"closed","template":"","meta":{"site-sidebar-layout":"default","site-content-layout":"default","ast-site-content-layout":"default","site-content-style":"default","site-sidebar-style":"default","ast-global-header-display":"","ast-banner-title-visibility":"","ast-main-header-display":"","ast-hfb-above-header-display":"","ast-hfb-below-header-display":"","ast-hfb-mobile-header-display":"","site-post-title":"","ast-breadcrumbs-content":"","ast-featured-img":"","footer-sml-layout":"","theme-transparent-header-meta":"default","adv-header-id-meta":"","stick-header-meta":"","header-above-stick-meta":"","header-main-stick-meta":"","header-below-stick-meta":"","astra-migrate-meta-layouts":"set","ast-page-background-enabled":"default","ast-page-background-meta":{"desktop":{"background-color":"","background-image":"","background-repeat":"repeat","background-position":"center center","background-size":"auto","background-attachment":"scroll","background-type":"","background-media":"","overlay-type":"","overlay-color":"","overlay-opacity":"","overlay-gradient":""},"tablet":{"background-color":"","background-image":"","background-repeat":"repeat","background-position":"center center","background-size":"auto","background-attachment":"scroll","background-type":"","background-media":"","overlay-type":"","overlay-color":"","overlay-opacity":"","overlay-gradient":""},"mobile":{"background-color":"","background-image":"","background-repeat":"repeat","background-position":"center center","background-size":"auto","background-attachment":"scroll","background-type":"","background-media":"","overlay-type":"","overlay-color":"","overlay-opacity":"","overlay-gradient":""}},"ast-content-background-meta":{"desktop":{"background-color":"var(--ast-global-color-5)","background-image":"","background-repeat":"repeat","background-position":"center center","background-size":"auto","background-attachment":"scroll","background-type":"","background-media":"","overlay-type":"","overlay-color":"","overlay-opacity":"","overlay-gradient":""},"tablet":{"background-color":"var(--ast-global-color-5)","background-image":"","background-repeat":"repeat","background-position":"center center","background-size":"auto","background-attachment":"scroll","background-type":"","background-media":"","overlay-type":"","overlay-color":"","overlay-opacity":"","overlay-gradient":""},"mobile":{"background-color":"var(--ast-global-color-5)","background-image":"","background-repeat":"repeat","background-position":"center center","background-size":"auto","background-attachment":"scroll","background-type":"","background-media":"","overlay-type":"","overlay-color":"","overlay-opacity":"","overlay-gradient":""}}},"product_cat":[44,269,175,176,58,180,62],"product_tag":[],"yoast_head":"<!-- This site is optimized with the Yoast SEO plugin v21.7 - https:\/\/yoast.com\/wordpress\/plugins\/seo\/ -->\n<title>HIJALURON REGENERATOR - Flash<\/title>\n<meta name=\"description\" content=\"FAZA 3 Regenerator u spreju sa hijaluronskom kiselinom za tanku, krtu i masnu kosu.\u00a0Raspetljava kosu bez pote\u0161ko\u0107a, daje volumen i osvje\u017eava tjeme. \u010cini\" \/>\n<meta name=\"robots\" content=\"index, follow, max-snippet:-1, max-image-preview:large, max-video-preview:-1\" \/>\n<link rel=\"canonical\" href=\"https:\/\/hairbeauty-pro.com\/?product=hijaluron-regenerator\" \/>\n<meta property=\"og:locale\" content=\"bs_BA\" \/>\n<meta property=\"og:type\" content=\"article\" \/>\n<meta property=\"og:title\" content=\"HIJALURON REGENERATOR - Flash\" \/>\n<meta property=\"og:description\" content=\"FAZA 3 Regenerator u spreju sa hijaluronskom kiselinom za tanku, krtu i masnu kosu.\u00a0Raspetljava kosu bez pote\u0161ko\u0107a, daje volumen i osvje\u017eava tjeme. \u010cini\" \/>\n<meta property=\"og:url\" content=\"https:\/\/hairbeauty-pro.com\/?product=hijaluron-regenerator\" \/>\n<meta property=\"og:site_name\" content=\"Flash\" \/>\n<meta property=\"article:modified_time\" content=\"2026-02-19T17:59:39+00:00\" \/>\n<meta property=\"og:image\" content=\"http:\/\/hairbeauty-pro.com\/wp-content\/uploads\/2023\/11\/19062.jpg\" \/>\n\t<meta property=\"og:image:width\" content=\"610\" \/>\n\t<meta property=\"og:image:height\" content=\"1521\" \/>\n\t<meta property=\"og:image:type\" content=\"image\/jpeg\" \/>\n<meta name=\"twitter:card\" content=\"summary_large_image\" \/>\n<script type=\"application\/ld+json\" class=\"yoast-schema-graph\">{\"@context\":\"https:\/\/schema.org\",\"@graph\":[{\"@type\":\"WebPage\",\"@id\":\"https:\/\/hairbeauty-pro.com\/?product=hijaluron-regenerator\",\"url\":\"https:\/\/hairbeauty-pro.com\/?product=hijaluron-regenerator\",\"name\":\"HIJALURON REGENERATOR - Flash\",\"isPartOf\":{\"@id\":\"https:\/\/hairbeauty-pro.com\/#website\"},\"datePublished\":\"2023-07-13T12:10:05+00:00\",\"dateModified\":\"2026-02-19T17:59:39+00:00\",\"description\":\"FAZA 3 Regenerator u spreju sa hijaluronskom kiselinom za tanku, krtu i masnu kosu.\u00a0Raspetljava kosu bez pote\u0161ko\u0107a, daje volumen i osvje\u017eava tjeme. \u010cini\",\"breadcrumb\":{\"@id\":\"https:\/\/hairbeauty-pro.com\/?product=hijaluron-regenerator#breadcrumb\"},\"inLanguage\":\"bs-BA\",\"potentialAction\":[{\"@type\":\"ReadAction\",\"target\":[\"https:\/\/hairbeauty-pro.com\/?product=hijaluron-regenerator\"]}]},{\"@type\":\"BreadcrumbList\",\"@id\":\"https:\/\/hairbeauty-pro.com\/?product=hijaluron-regenerator#breadcrumb\",\"itemListElement\":[{\"@type\":\"ListItem\",\"position\":1,\"name\":\"Home\",\"item\":\"https:\/\/hairbeauty-pro.com\/\"},{\"@type\":\"ListItem\",\"position\":2,\"name\":\"Shop\",\"item\":\"https:\/\/hairbeauty-pro.com\/?page_id=11\"},{\"@type\":\"ListItem\",\"position\":3,\"name\":\"HIJALURON REGENERATOR\"}]},{\"@type\":\"WebSite\",\"@id\":\"https:\/\/hairbeauty-pro.com\/#website\",\"url\":\"https:\/\/hairbeauty-pro.com\/\",\"name\":\"Flash\",\"description\":\"Va\u0161a ultimativna destinacja za njegu kose\",\"publisher\":{\"@id\":\"https:\/\/hairbeauty-pro.com\/#organization\"},\"potentialAction\":[{\"@type\":\"SearchAction\",\"target\":{\"@type\":\"EntryPoint\",\"urlTemplate\":\"https:\/\/hairbeauty-pro.com\/?s={search_term_string}\"},\"query-input\":\"required name=search_term_string\"}],\"inLanguage\":\"bs-BA\"},{\"@type\":\"Organization\",\"@id\":\"https:\/\/hairbeauty-pro.com\/#organization\",\"name\":\"Flash\",\"url\":\"https:\/\/hairbeauty-pro.com\/\",\"logo\":{\"@type\":\"ImageObject\",\"inLanguage\":\"bs-BA\",\"@id\":\"https:\/\/hairbeauty-pro.com\/#\/schema\/logo\/image\/\",\"url\":\"https:\/\/hairbeauty-pro.com\/wp-content\/uploads\/2023\/07\/cropped-FLASH-LOGO-png.png\",\"contentUrl\":\"https:\/\/hairbeauty-pro.com\/wp-content\/uploads\/2023\/07\/cropped-FLASH-LOGO-png.png\",\"width\":1316,\"height\":521,\"caption\":\"Flash\"},\"image\":{\"@id\":\"https:\/\/hairbeauty-pro.com\/#\/schema\/logo\/image\/\"}}]}<\/script>\n<!-- \/ Yoast SEO plugin. -->","yoast_head_json":{"title":"HIJALURON REGENERATOR - Flash","description":"FAZA 3 Regenerator u spreju sa hijaluronskom kiselinom za tanku, krtu i masnu kosu.\u00a0Raspetljava kosu bez pote\u0161ko\u0107a, daje volumen i osvje\u017eava tjeme. \u010cini","robots":{"index":"index","follow":"follow","max-snippet":"max-snippet:-1","max-image-preview":"max-image-preview:large","max-video-preview":"max-video-preview:-1"},"canonical":"https:\/\/hairbeauty-pro.com\/?product=hijaluron-regenerator","og_locale":"bs_BA","og_type":"article","og_title":"HIJALURON REGENERATOR - Flash","og_description":"FAZA 3 Regenerator u spreju sa hijaluronskom kiselinom za tanku, krtu i masnu kosu.\u00a0Raspetljava kosu bez pote\u0161ko\u0107a, daje volumen i osvje\u017eava tjeme. \u010cini","og_url":"https:\/\/hairbeauty-pro.com\/?product=hijaluron-regenerator","og_site_name":"Flash","article_modified_time":"2026-02-19T17:59:39+00:00","og_image":[{"width":610,"height":1521,"url":"http:\/\/hairbeauty-pro.com\/wp-content\/uploads\/2023\/11\/19062.jpg","type":"image\/jpeg"}],"twitter_card":"summary_large_image","schema":{"@context":"https:\/\/schema.org","@graph":[{"@type":"WebPage","@id":"https:\/\/hairbeauty-pro.com\/?product=hijaluron-regenerator","url":"https:\/\/hairbeauty-pro.com\/?product=hijaluron-regenerator","name":"HIJALURON REGENERATOR - Flash","isPartOf":{"@id":"https:\/\/hairbeauty-pro.com\/#website"},"datePublished":"2023-07-13T12:10:05+00:00","dateModified":"2026-02-19T17:59:39+00:00","description":"FAZA 3 Regenerator u spreju sa hijaluronskom kiselinom za tanku, krtu i masnu kosu.\u00a0Raspetljava kosu bez pote\u0161ko\u0107a, daje volumen i osvje\u017eava tjeme. \u010cini","breadcrumb":{"@id":"https:\/\/hairbeauty-pro.com\/?product=hijaluron-regenerator#breadcrumb"},"inLanguage":"bs-BA","potentialAction":[{"@type":"ReadAction","target":["https:\/\/hairbeauty-pro.com\/?product=hijaluron-regenerator"]}]},{"@type":"BreadcrumbList","@id":"https:\/\/hairbeauty-pro.com\/?product=hijaluron-regenerator#breadcrumb","itemListElement":[{"@type":"ListItem","position":1,"name":"Home","item":"https:\/\/hairbeauty-pro.com\/"},{"@type":"ListItem","position":2,"name":"Shop","item":"https:\/\/hairbeauty-pro.com\/?page_id=11"},{"@type":"ListItem","position":3,"name":"HIJALURON REGENERATOR"}]},{"@type":"WebSite","@id":"https:\/\/hairbeauty-pro.com\/#website","url":"https:\/\/hairbeauty-pro.com\/","name":"Flash","description":"Va\u0161a ultimativna destinacja za njegu kose","publisher":{"@id":"https:\/\/hairbeauty-pro.com\/#organization"},"potentialAction":[{"@type":"SearchAction","target":{"@type":"EntryPoint","urlTemplate":"https:\/\/hairbeauty-pro.com\/?s={search_term_string}"},"query-input":"required name=search_term_string"}],"inLanguage":"bs-BA"},{"@type":"Organization","@id":"https:\/\/hairbeauty-pro.com\/#organization","name":"Flash","url":"https:\/\/hairbeauty-pro.com\/","logo":{"@type":"ImageObject","inLanguage":"bs-BA","@id":"https:\/\/hairbeauty-pro.com\/#\/schema\/logo\/image\/","url":"https:\/\/hairbeauty-pro.com\/wp-content\/uploads\/2023\/07\/cropped-FLASH-LOGO-png.png","contentUrl":"https:\/\/hairbeauty-pro.com\/wp-content\/uploads\/2023\/07\/cropped-FLASH-LOGO-png.png","width":1316,"height":521,"caption":"Flash"},"image":{"@id":"https:\/\/hairbeauty-pro.com\/#\/schema\/logo\/image\/"}}]}},"_links":{"self":[{"href":"https:\/\/hairbeauty-pro.com\/index.php?rest_route=\/wp\/v2\/product\/2347"}],"collection":[{"href":"https:\/\/hairbeauty-pro.com\/index.php?rest_route=\/wp\/v2\/product"}],"about":[{"href":"https:\/\/hairbeauty-pro.com\/index.php?rest_route=\/wp\/v2\/types\/product"}],"replies":[{"embeddable":true,"href":"https:\/\/hairbeauty-pro.com\/index.php?rest_route=%2Fwp%2Fv2%2Fcomments&post=2347"}],"wp:featuredmedia":[{"embeddable":true,"href":"https:\/\/hairbeauty-pro.com\/index.php?rest_route=\/wp\/v2\/media\/5363"}],"wp:attachment":[{"href":"https:\/\/hairbeauty-pro.com\/index.php?rest_route=%2Fwp%2Fv2%2Fmedia&parent=2347"}],"wp:term":[{"taxonomy":"product_cat","embeddable":true,"href":"https:\/\/hairbeauty-pro.com\/index.php?rest_route=%2Fwp%2Fv2%2Fproduct_cat&post=2347"},{"taxonomy":"product_tag","embeddable":true,"href":"https:\/\/hairbeauty-pro.com\/index.php?rest_route=%2Fwp%2Fv2%2Fproduct_tag&post=2347"}],"curies":[{"name":"wp","href":"https:\/\/api.w.org\/{rel}","templated":true}]}}