{"id":2326,"date":"2023-07-13T11:55:27","date_gmt":"2023-07-13T11:55:27","guid":{"rendered":"https:\/\/hairbeauty-pro.com\/?post_type=product&#038;p=2326"},"modified":"2026-03-10T23:09:16","modified_gmt":"2026-03-10T23:09:16","slug":"curl-mini-set","status":"publish","type":"product","link":"https:\/\/hairbeauty-pro.com\/?product=curl-mini-set","title":{"rendered":"CURL  MINI SET"},"content":{"rendered":"<p style=\"font-weight: 400;\">Curl\u00a0 mini set kovrd\u017eavu i talasastu kosu. Ovaj set je idealno rje\u0161enje za putovanja.<\/p>\n<p style=\"font-weight: 400;\">CURL \u0160AMPON<\/p>\n<p style=\"font-weight: 400;\">\u0160ampon za kontrolu kovrd\u017eave i\u00a0talasaste kose.\u00a0Formula sa medom i kompleksom\u00a0vitamina delikatno \u010disti kovrd\u017eavu i\u00a0talasastu kosu, hidrira i ostavlja je\u00a0gipkom. Disciplinuje kosu, defini\u0161e i\u00a0oblikuje kovrd\u017ee, a uklanja\u00a0razbaru\u0161enost, ostavljaju\u0107i\u00a0za\u0161titni sjajni film na kosi.<\/p>\n<p style=\"font-weight: 400;\">UPOTREBA:<\/p>\n<p style=\"font-weight: 400;\">Nanesite na vla\u017enu\u00a0kosu, na\u0161amponirajte i potom\u00a0isperite.<\/p>\n<p>&nbsp;<\/p>\n<p style=\"font-weight: 400;\">CURL KONDICIONER<\/p>\n<p style=\"font-weight: 400;\">Kondicioner za kontrolu kovrd\u017eave i\u00a0talasaste kose.\u00a0Formula sa medom i kompleksom vitamina\u00a0raspetljava i hidrira kovrd\u017eavu i talasastu kosu,\u00a0u\u010dinkovit je u borbi sa razbaru\u0161enom kosom,\u00a0stati\u010dkim elektricitetom i vlagom. Kosu ostavlja\u00a0laganom, gipkom i sjajnom.<\/p>\n<p style=\"font-weight: 400;\">UPOTREBA:<\/p>\n<p style=\"font-weight: 400;\">Kosu na\u0161amponirati, isprati i\u00a0prosu\u0161iti pe\u0161kirom, ravnomjerno nanijeti\u00a0regenerator i pro\u010de\u0161ljati cijelom du\u017einom.\u00a0Ostaviti da djeluje 2-3 minute, potom\u00a0dobro isprati.<\/p>\n","protected":false},"excerpt":{"rendered":"<p>Curl\u00a0 mini set kovrd\u017eavu i talasastu kosu. Ovaj set je idealno rje\u0161enje za putovanja. CURL \u0160AMPON \u0160ampon za kontrolu kovrd\u017eave i\u00a0talasaste kose.\u00a0Formula sa medom i kompleksom\u00a0vitamina delikatno \u010disti kovrd\u017eavu i\u00a0talasastu kosu, hidrira i ostavlja je\u00a0gipkom. Disciplinuje kosu, defini\u0161e i\u00a0oblikuje kovrd\u017ee, a uklanja\u00a0razbaru\u0161enost, ostavljaju\u0107i\u00a0za\u0161titni sjajni film na kosi. UPOTREBA: Nanesite na vla\u017enu\u00a0kosu, na\u0161amponirajte i potom\u00a0isperite. &nbsp; [&hellip;]<\/p>\n","protected":false},"featured_media":2328,"comment_status":"open","ping_status":"closed","template":"","meta":{"site-sidebar-layout":"default","site-content-layout":"default","ast-site-content-layout":"default","site-content-style":"default","site-sidebar-style":"default","ast-global-header-display":"","ast-banner-title-visibility":"","ast-main-header-display":"","ast-hfb-above-header-display":"","ast-hfb-below-header-display":"","ast-hfb-mobile-header-display":"","site-post-title":"","ast-breadcrumbs-content":"","ast-featured-img":"","footer-sml-layout":"","theme-transparent-header-meta":"default","adv-header-id-meta":"","stick-header-meta":"","header-above-stick-meta":"","header-main-stick-meta":"","header-below-stick-meta":"","astra-migrate-meta-layouts":"set","ast-page-background-enabled":"default","ast-page-background-meta":{"desktop":{"background-color":"","background-image":"","background-repeat":"repeat","background-position":"center center","background-size":"auto","background-attachment":"scroll","background-type":"","background-media":"","overlay-type":"","overlay-color":"","overlay-opacity":"","overlay-gradient":""},"tablet":{"background-color":"","background-image":"","background-repeat":"repeat","background-position":"center center","background-size":"auto","background-attachment":"scroll","background-type":"","background-media":"","overlay-type":"","overlay-color":"","overlay-opacity":"","overlay-gradient":""},"mobile":{"background-color":"","background-image":"","background-repeat":"repeat","background-position":"center center","background-size":"auto","background-attachment":"scroll","background-type":"","background-media":"","overlay-type":"","overlay-color":"","overlay-opacity":"","overlay-gradient":""}},"ast-content-background-meta":{"desktop":{"background-color":"var(--ast-global-color-5)","background-image":"","background-repeat":"repeat","background-position":"center center","background-size":"auto","background-attachment":"scroll","background-type":"","background-media":"","overlay-type":"","overlay-color":"","overlay-opacity":"","overlay-gradient":""},"tablet":{"background-color":"var(--ast-global-color-5)","background-image":"","background-repeat":"repeat","background-position":"center center","background-size":"auto","background-attachment":"scroll","background-type":"","background-media":"","overlay-type":"","overlay-color":"","overlay-opacity":"","overlay-gradient":""},"mobile":{"background-color":"var(--ast-global-color-5)","background-image":"","background-repeat":"repeat","background-position":"center center","background-size":"auto","background-attachment":"scroll","background-type":"","background-media":"","overlay-type":"","overlay-color":"","overlay-opacity":"","overlay-gradient":""}}},"product_cat":[44,269,179,61,176,58],"product_tag":[],"yoast_head":"<!-- This site is optimized with the Yoast SEO plugin v21.7 - https:\/\/yoast.com\/wordpress\/plugins\/seo\/ -->\n<title>CURL MINI SET - Flash<\/title>\n<meta name=\"description\" content=\"Curl\u00a0 mini set kovrd\u017eavu i talasastu kosu. Ovaj set je idealno rje\u0161enje za putovanja. CURL \u0160AMPON \u0160ampon za kontrolu kovrd\u017eave i\u00a0talasaste kose.\u00a0Formula\" \/>\n<meta name=\"robots\" content=\"index, follow, max-snippet:-1, max-image-preview:large, max-video-preview:-1\" \/>\n<link rel=\"canonical\" href=\"https:\/\/hairbeauty-pro.com\/?product=curl-mini-set\" \/>\n<meta property=\"og:locale\" content=\"bs_BA\" \/>\n<meta property=\"og:type\" content=\"article\" \/>\n<meta property=\"og:title\" content=\"CURL MINI SET - Flash\" \/>\n<meta property=\"og:description\" content=\"Curl\u00a0 mini set kovrd\u017eavu i talasastu kosu. Ovaj set je idealno rje\u0161enje za putovanja. CURL \u0160AMPON \u0160ampon za kontrolu kovrd\u017eave i\u00a0talasaste kose.\u00a0Formula\" \/>\n<meta property=\"og:url\" content=\"https:\/\/hairbeauty-pro.com\/?product=curl-mini-set\" \/>\n<meta property=\"og:site_name\" content=\"Flash\" \/>\n<meta property=\"article:modified_time\" content=\"2026-03-10T23:09:16+00:00\" \/>\n<meta property=\"og:image\" content=\"http:\/\/hairbeauty-pro.com\/wp-content\/uploads\/2023\/07\/Kaypro-MINI-SIZE_curl.png\" \/>\n\t<meta property=\"og:image:width\" content=\"1458\" \/>\n\t<meta property=\"og:image:height\" content=\"2083\" \/>\n\t<meta property=\"og:image:type\" content=\"image\/png\" \/>\n<meta name=\"twitter:card\" content=\"summary_large_image\" \/>\n<meta name=\"twitter:label1\" content=\"Est. reading time\" \/>\n\t<meta name=\"twitter:data1\" content=\"1 minuta\" \/>\n<script type=\"application\/ld+json\" class=\"yoast-schema-graph\">{\"@context\":\"https:\/\/schema.org\",\"@graph\":[{\"@type\":\"WebPage\",\"@id\":\"https:\/\/hairbeauty-pro.com\/?product=curl-mini-set\",\"url\":\"https:\/\/hairbeauty-pro.com\/?product=curl-mini-set\",\"name\":\"CURL MINI SET - Flash\",\"isPartOf\":{\"@id\":\"https:\/\/hairbeauty-pro.com\/#website\"},\"datePublished\":\"2023-07-13T11:55:27+00:00\",\"dateModified\":\"2026-03-10T23:09:16+00:00\",\"description\":\"Curl\u00a0 mini set kovrd\u017eavu i talasastu kosu. Ovaj set je idealno rje\u0161enje za putovanja. CURL \u0160AMPON \u0160ampon za kontrolu kovrd\u017eave i\u00a0talasaste kose.\u00a0Formula\",\"breadcrumb\":{\"@id\":\"https:\/\/hairbeauty-pro.com\/?product=curl-mini-set#breadcrumb\"},\"inLanguage\":\"bs-BA\",\"potentialAction\":[{\"@type\":\"ReadAction\",\"target\":[\"https:\/\/hairbeauty-pro.com\/?product=curl-mini-set\"]}]},{\"@type\":\"BreadcrumbList\",\"@id\":\"https:\/\/hairbeauty-pro.com\/?product=curl-mini-set#breadcrumb\",\"itemListElement\":[{\"@type\":\"ListItem\",\"position\":1,\"name\":\"Home\",\"item\":\"https:\/\/hairbeauty-pro.com\/\"},{\"@type\":\"ListItem\",\"position\":2,\"name\":\"Shop\",\"item\":\"https:\/\/hairbeauty-pro.com\/?page_id=11\"},{\"@type\":\"ListItem\",\"position\":3,\"name\":\"CURL MINI SET\"}]},{\"@type\":\"WebSite\",\"@id\":\"https:\/\/hairbeauty-pro.com\/#website\",\"url\":\"https:\/\/hairbeauty-pro.com\/\",\"name\":\"Flash\",\"description\":\"Va\u0161a ultimativna destinacja za njegu kose\",\"publisher\":{\"@id\":\"https:\/\/hairbeauty-pro.com\/#organization\"},\"potentialAction\":[{\"@type\":\"SearchAction\",\"target\":{\"@type\":\"EntryPoint\",\"urlTemplate\":\"https:\/\/hairbeauty-pro.com\/?s={search_term_string}\"},\"query-input\":\"required name=search_term_string\"}],\"inLanguage\":\"bs-BA\"},{\"@type\":\"Organization\",\"@id\":\"https:\/\/hairbeauty-pro.com\/#organization\",\"name\":\"Flash\",\"url\":\"https:\/\/hairbeauty-pro.com\/\",\"logo\":{\"@type\":\"ImageObject\",\"inLanguage\":\"bs-BA\",\"@id\":\"https:\/\/hairbeauty-pro.com\/#\/schema\/logo\/image\/\",\"url\":\"https:\/\/hairbeauty-pro.com\/wp-content\/uploads\/2023\/07\/cropped-FLASH-LOGO-png.png\",\"contentUrl\":\"https:\/\/hairbeauty-pro.com\/wp-content\/uploads\/2023\/07\/cropped-FLASH-LOGO-png.png\",\"width\":1316,\"height\":521,\"caption\":\"Flash\"},\"image\":{\"@id\":\"https:\/\/hairbeauty-pro.com\/#\/schema\/logo\/image\/\"}}]}<\/script>\n<!-- \/ Yoast SEO plugin. -->","yoast_head_json":{"title":"CURL MINI SET - Flash","description":"Curl\u00a0 mini set kovrd\u017eavu i talasastu kosu. Ovaj set je idealno rje\u0161enje za putovanja. CURL \u0160AMPON \u0160ampon za kontrolu kovrd\u017eave i\u00a0talasaste kose.\u00a0Formula","robots":{"index":"index","follow":"follow","max-snippet":"max-snippet:-1","max-image-preview":"max-image-preview:large","max-video-preview":"max-video-preview:-1"},"canonical":"https:\/\/hairbeauty-pro.com\/?product=curl-mini-set","og_locale":"bs_BA","og_type":"article","og_title":"CURL MINI SET - Flash","og_description":"Curl\u00a0 mini set kovrd\u017eavu i talasastu kosu. Ovaj set je idealno rje\u0161enje za putovanja. CURL \u0160AMPON \u0160ampon za kontrolu kovrd\u017eave i\u00a0talasaste kose.\u00a0Formula","og_url":"https:\/\/hairbeauty-pro.com\/?product=curl-mini-set","og_site_name":"Flash","article_modified_time":"2026-03-10T23:09:16+00:00","og_image":[{"width":1458,"height":2083,"url":"http:\/\/hairbeauty-pro.com\/wp-content\/uploads\/2023\/07\/Kaypro-MINI-SIZE_curl.png","type":"image\/png"}],"twitter_card":"summary_large_image","twitter_misc":{"Est. reading time":"1 minuta"},"schema":{"@context":"https:\/\/schema.org","@graph":[{"@type":"WebPage","@id":"https:\/\/hairbeauty-pro.com\/?product=curl-mini-set","url":"https:\/\/hairbeauty-pro.com\/?product=curl-mini-set","name":"CURL MINI SET - Flash","isPartOf":{"@id":"https:\/\/hairbeauty-pro.com\/#website"},"datePublished":"2023-07-13T11:55:27+00:00","dateModified":"2026-03-10T23:09:16+00:00","description":"Curl\u00a0 mini set kovrd\u017eavu i talasastu kosu. Ovaj set je idealno rje\u0161enje za putovanja. CURL \u0160AMPON \u0160ampon za kontrolu kovrd\u017eave i\u00a0talasaste kose.\u00a0Formula","breadcrumb":{"@id":"https:\/\/hairbeauty-pro.com\/?product=curl-mini-set#breadcrumb"},"inLanguage":"bs-BA","potentialAction":[{"@type":"ReadAction","target":["https:\/\/hairbeauty-pro.com\/?product=curl-mini-set"]}]},{"@type":"BreadcrumbList","@id":"https:\/\/hairbeauty-pro.com\/?product=curl-mini-set#breadcrumb","itemListElement":[{"@type":"ListItem","position":1,"name":"Home","item":"https:\/\/hairbeauty-pro.com\/"},{"@type":"ListItem","position":2,"name":"Shop","item":"https:\/\/hairbeauty-pro.com\/?page_id=11"},{"@type":"ListItem","position":3,"name":"CURL MINI SET"}]},{"@type":"WebSite","@id":"https:\/\/hairbeauty-pro.com\/#website","url":"https:\/\/hairbeauty-pro.com\/","name":"Flash","description":"Va\u0161a ultimativna destinacja za njegu kose","publisher":{"@id":"https:\/\/hairbeauty-pro.com\/#organization"},"potentialAction":[{"@type":"SearchAction","target":{"@type":"EntryPoint","urlTemplate":"https:\/\/hairbeauty-pro.com\/?s={search_term_string}"},"query-input":"required name=search_term_string"}],"inLanguage":"bs-BA"},{"@type":"Organization","@id":"https:\/\/hairbeauty-pro.com\/#organization","name":"Flash","url":"https:\/\/hairbeauty-pro.com\/","logo":{"@type":"ImageObject","inLanguage":"bs-BA","@id":"https:\/\/hairbeauty-pro.com\/#\/schema\/logo\/image\/","url":"https:\/\/hairbeauty-pro.com\/wp-content\/uploads\/2023\/07\/cropped-FLASH-LOGO-png.png","contentUrl":"https:\/\/hairbeauty-pro.com\/wp-content\/uploads\/2023\/07\/cropped-FLASH-LOGO-png.png","width":1316,"height":521,"caption":"Flash"},"image":{"@id":"https:\/\/hairbeauty-pro.com\/#\/schema\/logo\/image\/"}}]}},"_links":{"self":[{"href":"https:\/\/hairbeauty-pro.com\/index.php?rest_route=\/wp\/v2\/product\/2326"}],"collection":[{"href":"https:\/\/hairbeauty-pro.com\/index.php?rest_route=\/wp\/v2\/product"}],"about":[{"href":"https:\/\/hairbeauty-pro.com\/index.php?rest_route=\/wp\/v2\/types\/product"}],"replies":[{"embeddable":true,"href":"https:\/\/hairbeauty-pro.com\/index.php?rest_route=%2Fwp%2Fv2%2Fcomments&post=2326"}],"wp:featuredmedia":[{"embeddable":true,"href":"https:\/\/hairbeauty-pro.com\/index.php?rest_route=\/wp\/v2\/media\/2328"}],"wp:attachment":[{"href":"https:\/\/hairbeauty-pro.com\/index.php?rest_route=%2Fwp%2Fv2%2Fmedia&parent=2326"}],"wp:term":[{"taxonomy":"product_cat","embeddable":true,"href":"https:\/\/hairbeauty-pro.com\/index.php?rest_route=%2Fwp%2Fv2%2Fproduct_cat&post=2326"},{"taxonomy":"product_tag","embeddable":true,"href":"https:\/\/hairbeauty-pro.com\/index.php?rest_route=%2Fwp%2Fv2%2Fproduct_tag&post=2326"}],"curies":[{"name":"wp","href":"https:\/\/api.w.org\/{rel}","templated":true}]}}