{"id":2300,"date":"2023-07-13T11:10:25","date_gmt":"2023-07-13T11:10:25","guid":{"rendered":"https:\/\/hairbeauty-pro.com\/?post_type=product&#038;p=2300"},"modified":"2026-03-10T23:10:29","modified_gmt":"2026-03-10T23:10:29","slug":"botu-cure-mini-set","status":"publish","type":"product","link":"https:\/\/hairbeauty-pro.com\/?product=botu-cure-mini-set","title":{"rendered":"BOTU-CURE MINI SET"},"content":{"rendered":"<p style=\"font-weight: 400;\">Botu-cure mini set za kosu koja je veoma o\u0161te\u0107ena, slaba i sklona pucanju. Ovaj set je idealno rje\u0161enje za putovanja.<\/p>\n<p>&nbsp;<\/p>\n<p style=\"font-weight: 400;\">\u0160AMPON BOTU-CURE (BOTOKS)<\/p>\n<p style=\"font-weight: 400;\">Obnavljaju\u0107i \u0161ampon sa biljnim peptidima\u00a0za veoma o\u0161te\u0107enu\u00a0 kosu koja se lomi.\u00a0\u0160ampon za nje\u017eno \u010di\u0161\u0107enje i obnovu kose\u00a0iznutra. Ova delikatna formula vra\u0107a kosi prirodnu ravnote\u017eu proteina.<\/p>\n<p style=\"font-weight: 400;\">UPOTREBA:<\/p>\n<p style=\"font-weight: 400;\">Nanesite na vla\u017enu kosu i na\u0161amponirajte, te potom isperite.<\/p>\n<p>&nbsp;<\/p>\n<p style=\"font-weight: 400;\">MASKA BOTU-CURE (BOTOKS)<\/p>\n<p style=\"font-weight: 400;\">Hranjiva maska sa biljnim peptidima za\u00a0veoma o\u0161te\u0107enu kosu koja se lomi.\u00a0Bogata, gusta i kremasta formula zatvara\u00a0kutikulu kose, te joj poma\u017ee da se rekonstrui\u0161e\u00a0iznutra. U\u010dinkovito raspetljava kosu.<\/p>\n<p style=\"font-weight: 400;\">UPOTREBA:<\/p>\n<p style=\"font-weight: 400;\">Kosu osu\u0161ite pe\u0161kirom i nanesite\u00a0proizvod po cijeloj du\u017eini kose.\u00a0Umasirajte od korjena prema vrhovima.\u00a0Ostavite pet minuta da djeluje, zatim isperite.<\/p>\n","protected":false},"excerpt":{"rendered":"<p>Botu-cure mini set za kosu koja je veoma o\u0161te\u0107ena, slaba i sklona pucanju. Ovaj set je idealno rje\u0161enje za putovanja. &nbsp; \u0160AMPON BOTU-CURE (BOTOKS) Obnavljaju\u0107i \u0161ampon sa biljnim peptidima\u00a0za veoma o\u0161te\u0107enu\u00a0 kosu koja se lomi.\u00a0\u0160ampon za nje\u017eno \u010di\u0161\u0107enje i obnovu kose\u00a0iznutra. Ova delikatna formula vra\u0107a kosi prirodnu ravnote\u017eu proteina. UPOTREBA: Nanesite na vla\u017enu kosu i [&hellip;]<\/p>\n","protected":false},"featured_media":5347,"comment_status":"open","ping_status":"closed","template":"","meta":{"site-sidebar-layout":"default","site-content-layout":"default","ast-site-content-layout":"default","site-content-style":"default","site-sidebar-style":"default","ast-global-header-display":"","ast-banner-title-visibility":"","ast-main-header-display":"","ast-hfb-above-header-display":"","ast-hfb-below-header-display":"","ast-hfb-mobile-header-display":"","site-post-title":"","ast-breadcrumbs-content":"","ast-featured-img":"","footer-sml-layout":"","theme-transparent-header-meta":"default","adv-header-id-meta":"","stick-header-meta":"","header-above-stick-meta":"","header-main-stick-meta":"","header-below-stick-meta":"","astra-migrate-meta-layouts":"set","ast-page-background-enabled":"default","ast-page-background-meta":{"desktop":{"background-color":"","background-image":"","background-repeat":"repeat","background-position":"center center","background-size":"auto","background-attachment":"scroll","background-type":"","background-media":"","overlay-type":"","overlay-color":"","overlay-opacity":"","overlay-gradient":""},"tablet":{"background-color":"","background-image":"","background-repeat":"repeat","background-position":"center center","background-size":"auto","background-attachment":"scroll","background-type":"","background-media":"","overlay-type":"","overlay-color":"","overlay-opacity":"","overlay-gradient":""},"mobile":{"background-color":"","background-image":"","background-repeat":"repeat","background-position":"center center","background-size":"auto","background-attachment":"scroll","background-type":"","background-media":"","overlay-type":"","overlay-color":"","overlay-opacity":"","overlay-gradient":""}},"ast-content-background-meta":{"desktop":{"background-color":"var(--ast-global-color-5)","background-image":"","background-repeat":"repeat","background-position":"center center","background-size":"auto","background-attachment":"scroll","background-type":"","background-media":"","overlay-type":"","overlay-color":"","overlay-opacity":"","overlay-gradient":""},"tablet":{"background-color":"var(--ast-global-color-5)","background-image":"","background-repeat":"repeat","background-position":"center center","background-size":"auto","background-attachment":"scroll","background-type":"","background-media":"","overlay-type":"","overlay-color":"","overlay-opacity":"","overlay-gradient":""},"mobile":{"background-color":"var(--ast-global-color-5)","background-image":"","background-repeat":"repeat","background-position":"center center","background-size":"auto","background-attachment":"scroll","background-type":"","background-media":"","overlay-type":"","overlay-color":"","overlay-opacity":"","overlay-gradient":""}}},"product_cat":[44,269,176,58,177,59],"product_tag":[],"yoast_head":"<!-- This site is optimized with the Yoast SEO plugin v21.7 - https:\/\/yoast.com\/wordpress\/plugins\/seo\/ -->\n<title>BOTU-CURE MINI SET - Flash<\/title>\n<meta name=\"description\" content=\"Botu-cure mini set za kosu koja je veoma o\u0161te\u0107ena, slaba i sklona pucanju. Ovaj set je idealno rje\u0161enje za putovanja. &nbsp; \u0160AMPON BOTU-CURE (BOTOKS)\" \/>\n<meta name=\"robots\" content=\"index, follow, max-snippet:-1, max-image-preview:large, max-video-preview:-1\" \/>\n<link rel=\"canonical\" href=\"https:\/\/hairbeauty-pro.com\/?product=botu-cure-mini-set\" \/>\n<meta property=\"og:locale\" content=\"bs_BA\" \/>\n<meta property=\"og:type\" content=\"article\" \/>\n<meta property=\"og:title\" content=\"BOTU-CURE MINI SET - Flash\" \/>\n<meta property=\"og:description\" content=\"Botu-cure mini set za kosu koja je veoma o\u0161te\u0107ena, slaba i sklona pucanju. Ovaj set je idealno rje\u0161enje za putovanja. &nbsp; \u0160AMPON BOTU-CURE (BOTOKS)\" \/>\n<meta property=\"og:url\" content=\"https:\/\/hairbeauty-pro.com\/?product=botu-cure-mini-set\" \/>\n<meta property=\"og:site_name\" content=\"Flash\" \/>\n<meta property=\"article:modified_time\" content=\"2026-03-10T23:10:29+00:00\" \/>\n<meta property=\"og:image\" content=\"http:\/\/hairbeauty-pro.com\/wp-content\/uploads\/2023\/11\/Kaypro-MINI-SIZE_botu-cure.jpg\" \/>\n\t<meta property=\"og:image:width\" content=\"729\" \/>\n\t<meta property=\"og:image:height\" content=\"1042\" \/>\n\t<meta property=\"og:image:type\" content=\"image\/jpeg\" \/>\n<meta name=\"twitter:card\" content=\"summary_large_image\" \/>\n<meta name=\"twitter:label1\" content=\"Est. reading time\" \/>\n\t<meta name=\"twitter:data1\" content=\"1 minuta\" \/>\n<script type=\"application\/ld+json\" class=\"yoast-schema-graph\">{\"@context\":\"https:\/\/schema.org\",\"@graph\":[{\"@type\":\"WebPage\",\"@id\":\"https:\/\/hairbeauty-pro.com\/?product=botu-cure-mini-set\",\"url\":\"https:\/\/hairbeauty-pro.com\/?product=botu-cure-mini-set\",\"name\":\"BOTU-CURE MINI SET - Flash\",\"isPartOf\":{\"@id\":\"https:\/\/hairbeauty-pro.com\/#website\"},\"datePublished\":\"2023-07-13T11:10:25+00:00\",\"dateModified\":\"2026-03-10T23:10:29+00:00\",\"description\":\"Botu-cure mini set za kosu koja je veoma o\u0161te\u0107ena, slaba i sklona pucanju. Ovaj set je idealno rje\u0161enje za putovanja. &nbsp; \u0160AMPON BOTU-CURE (BOTOKS)\",\"breadcrumb\":{\"@id\":\"https:\/\/hairbeauty-pro.com\/?product=botu-cure-mini-set#breadcrumb\"},\"inLanguage\":\"bs-BA\",\"potentialAction\":[{\"@type\":\"ReadAction\",\"target\":[\"https:\/\/hairbeauty-pro.com\/?product=botu-cure-mini-set\"]}]},{\"@type\":\"BreadcrumbList\",\"@id\":\"https:\/\/hairbeauty-pro.com\/?product=botu-cure-mini-set#breadcrumb\",\"itemListElement\":[{\"@type\":\"ListItem\",\"position\":1,\"name\":\"Home\",\"item\":\"https:\/\/hairbeauty-pro.com\/\"},{\"@type\":\"ListItem\",\"position\":2,\"name\":\"Shop\",\"item\":\"https:\/\/hairbeauty-pro.com\/?page_id=11\"},{\"@type\":\"ListItem\",\"position\":3,\"name\":\"BOTU-CURE MINI SET\"}]},{\"@type\":\"WebSite\",\"@id\":\"https:\/\/hairbeauty-pro.com\/#website\",\"url\":\"https:\/\/hairbeauty-pro.com\/\",\"name\":\"Flash\",\"description\":\"Va\u0161a ultimativna destinacja za njegu kose\",\"publisher\":{\"@id\":\"https:\/\/hairbeauty-pro.com\/#organization\"},\"potentialAction\":[{\"@type\":\"SearchAction\",\"target\":{\"@type\":\"EntryPoint\",\"urlTemplate\":\"https:\/\/hairbeauty-pro.com\/?s={search_term_string}\"},\"query-input\":\"required name=search_term_string\"}],\"inLanguage\":\"bs-BA\"},{\"@type\":\"Organization\",\"@id\":\"https:\/\/hairbeauty-pro.com\/#organization\",\"name\":\"Flash\",\"url\":\"https:\/\/hairbeauty-pro.com\/\",\"logo\":{\"@type\":\"ImageObject\",\"inLanguage\":\"bs-BA\",\"@id\":\"https:\/\/hairbeauty-pro.com\/#\/schema\/logo\/image\/\",\"url\":\"https:\/\/hairbeauty-pro.com\/wp-content\/uploads\/2023\/07\/cropped-FLASH-LOGO-png.png\",\"contentUrl\":\"https:\/\/hairbeauty-pro.com\/wp-content\/uploads\/2023\/07\/cropped-FLASH-LOGO-png.png\",\"width\":1316,\"height\":521,\"caption\":\"Flash\"},\"image\":{\"@id\":\"https:\/\/hairbeauty-pro.com\/#\/schema\/logo\/image\/\"}}]}<\/script>\n<!-- \/ Yoast SEO plugin. -->","yoast_head_json":{"title":"BOTU-CURE MINI SET - Flash","description":"Botu-cure mini set za kosu koja je veoma o\u0161te\u0107ena, slaba i sklona pucanju. Ovaj set je idealno rje\u0161enje za putovanja. &nbsp; \u0160AMPON BOTU-CURE (BOTOKS)","robots":{"index":"index","follow":"follow","max-snippet":"max-snippet:-1","max-image-preview":"max-image-preview:large","max-video-preview":"max-video-preview:-1"},"canonical":"https:\/\/hairbeauty-pro.com\/?product=botu-cure-mini-set","og_locale":"bs_BA","og_type":"article","og_title":"BOTU-CURE MINI SET - Flash","og_description":"Botu-cure mini set za kosu koja je veoma o\u0161te\u0107ena, slaba i sklona pucanju. Ovaj set je idealno rje\u0161enje za putovanja. &nbsp; \u0160AMPON BOTU-CURE (BOTOKS)","og_url":"https:\/\/hairbeauty-pro.com\/?product=botu-cure-mini-set","og_site_name":"Flash","article_modified_time":"2026-03-10T23:10:29+00:00","og_image":[{"width":729,"height":1042,"url":"http:\/\/hairbeauty-pro.com\/wp-content\/uploads\/2023\/11\/Kaypro-MINI-SIZE_botu-cure.jpg","type":"image\/jpeg"}],"twitter_card":"summary_large_image","twitter_misc":{"Est. reading time":"1 minuta"},"schema":{"@context":"https:\/\/schema.org","@graph":[{"@type":"WebPage","@id":"https:\/\/hairbeauty-pro.com\/?product=botu-cure-mini-set","url":"https:\/\/hairbeauty-pro.com\/?product=botu-cure-mini-set","name":"BOTU-CURE MINI SET - Flash","isPartOf":{"@id":"https:\/\/hairbeauty-pro.com\/#website"},"datePublished":"2023-07-13T11:10:25+00:00","dateModified":"2026-03-10T23:10:29+00:00","description":"Botu-cure mini set za kosu koja je veoma o\u0161te\u0107ena, slaba i sklona pucanju. Ovaj set je idealno rje\u0161enje za putovanja. &nbsp; \u0160AMPON BOTU-CURE (BOTOKS)","breadcrumb":{"@id":"https:\/\/hairbeauty-pro.com\/?product=botu-cure-mini-set#breadcrumb"},"inLanguage":"bs-BA","potentialAction":[{"@type":"ReadAction","target":["https:\/\/hairbeauty-pro.com\/?product=botu-cure-mini-set"]}]},{"@type":"BreadcrumbList","@id":"https:\/\/hairbeauty-pro.com\/?product=botu-cure-mini-set#breadcrumb","itemListElement":[{"@type":"ListItem","position":1,"name":"Home","item":"https:\/\/hairbeauty-pro.com\/"},{"@type":"ListItem","position":2,"name":"Shop","item":"https:\/\/hairbeauty-pro.com\/?page_id=11"},{"@type":"ListItem","position":3,"name":"BOTU-CURE MINI SET"}]},{"@type":"WebSite","@id":"https:\/\/hairbeauty-pro.com\/#website","url":"https:\/\/hairbeauty-pro.com\/","name":"Flash","description":"Va\u0161a ultimativna destinacja za njegu kose","publisher":{"@id":"https:\/\/hairbeauty-pro.com\/#organization"},"potentialAction":[{"@type":"SearchAction","target":{"@type":"EntryPoint","urlTemplate":"https:\/\/hairbeauty-pro.com\/?s={search_term_string}"},"query-input":"required name=search_term_string"}],"inLanguage":"bs-BA"},{"@type":"Organization","@id":"https:\/\/hairbeauty-pro.com\/#organization","name":"Flash","url":"https:\/\/hairbeauty-pro.com\/","logo":{"@type":"ImageObject","inLanguage":"bs-BA","@id":"https:\/\/hairbeauty-pro.com\/#\/schema\/logo\/image\/","url":"https:\/\/hairbeauty-pro.com\/wp-content\/uploads\/2023\/07\/cropped-FLASH-LOGO-png.png","contentUrl":"https:\/\/hairbeauty-pro.com\/wp-content\/uploads\/2023\/07\/cropped-FLASH-LOGO-png.png","width":1316,"height":521,"caption":"Flash"},"image":{"@id":"https:\/\/hairbeauty-pro.com\/#\/schema\/logo\/image\/"}}]}},"_links":{"self":[{"href":"https:\/\/hairbeauty-pro.com\/index.php?rest_route=\/wp\/v2\/product\/2300"}],"collection":[{"href":"https:\/\/hairbeauty-pro.com\/index.php?rest_route=\/wp\/v2\/product"}],"about":[{"href":"https:\/\/hairbeauty-pro.com\/index.php?rest_route=\/wp\/v2\/types\/product"}],"replies":[{"embeddable":true,"href":"https:\/\/hairbeauty-pro.com\/index.php?rest_route=%2Fwp%2Fv2%2Fcomments&post=2300"}],"wp:featuredmedia":[{"embeddable":true,"href":"https:\/\/hairbeauty-pro.com\/index.php?rest_route=\/wp\/v2\/media\/5347"}],"wp:attachment":[{"href":"https:\/\/hairbeauty-pro.com\/index.php?rest_route=%2Fwp%2Fv2%2Fmedia&parent=2300"}],"wp:term":[{"taxonomy":"product_cat","embeddable":true,"href":"https:\/\/hairbeauty-pro.com\/index.php?rest_route=%2Fwp%2Fv2%2Fproduct_cat&post=2300"},{"taxonomy":"product_tag","embeddable":true,"href":"https:\/\/hairbeauty-pro.com\/index.php?rest_route=%2Fwp%2Fv2%2Fproduct_tag&post=2300"}],"curies":[{"name":"wp","href":"https:\/\/api.w.org\/{rel}","templated":true}]}}