{"id":2260,"date":"2023-07-13T09:59:18","date_gmt":"2023-07-13T09:59:18","guid":{"rendered":"https:\/\/hairbeauty-pro.com\/?post_type=product&#038;p=2260"},"modified":"2025-12-13T12:16:54","modified_gmt":"2025-12-13T12:16:54","slug":"keratin-losion-u-ampulama","status":"publish","type":"product","link":"https:\/\/hairbeauty-pro.com\/?product=keratin-losion-u-ampulama","title":{"rendered":"KERATIN LOSION U AMPULAMA 12x10ml"},"content":{"rendered":"<p style=\"font-weight: 400;\">Keratinski losion za obnavljanje tretrane i o\u0161te\u0107ene kose.<\/p>\n<p style=\"font-weight: 400;\">Mineralizuje i hidratizuje, prodire duboko u strukturu kose. Rezultati su momentalni: meka, sjajna i laka za oblikovanje kosa, obnovljena kutikula i oja\u010dana povr\u0161ina kose.<\/p>\n<p>&nbsp;<\/p>\n<p style=\"font-weight: 400;\">UPOTREBA:<\/p>\n<p style=\"font-weight: 400;\">Nakon \u0161amponiranja, pe\u0161kirom prosu\u0161ite kosu, nanesite losion na kosu i ra\u0161\u010de\u0161ljajte po du\u017eini i vrhovima. Pustite da djeluje 5 minuta i dobro isperite.<\/p>\n<p style=\"font-weight: 400;\">Pakovanje 12 ampula x 10 ml<\/p>\n","protected":false},"excerpt":{"rendered":"<p>Keratinski losion za obnavljanje tretrane i o\u0161te\u0107ene kose. Mineralizuje i hidratizuje, prodire duboko u strukturu kose. Rezultati su momentalni: meka, sjajna i laka za oblikovanje kosa, obnovljena kutikula i oja\u010dana povr\u0161ina kose. &nbsp; UPOTREBA: Nakon \u0161amponiranja, pe\u0161kirom prosu\u0161ite kosu, nanesite losion na kosu i ra\u0161\u010de\u0161ljajte po du\u017eini i vrhovima. Pustite da djeluje 5 minuta i [&hellip;]<\/p>\n","protected":false},"featured_media":5336,"comment_status":"open","ping_status":"closed","template":"","meta":{"site-sidebar-layout":"default","site-content-layout":"default","ast-site-content-layout":"default","site-content-style":"default","site-sidebar-style":"default","ast-global-header-display":"","ast-banner-title-visibility":"","ast-main-header-display":"","ast-hfb-above-header-display":"","ast-hfb-below-header-display":"","ast-hfb-mobile-header-display":"","site-post-title":"","ast-breadcrumbs-content":"","ast-featured-img":"","footer-sml-layout":"","theme-transparent-header-meta":"default","adv-header-id-meta":"","stick-header-meta":"","header-above-stick-meta":"","header-main-stick-meta":"","header-below-stick-meta":"","astra-migrate-meta-layouts":"set","ast-page-background-enabled":"default","ast-page-background-meta":{"desktop":{"background-color":"","background-image":"","background-repeat":"repeat","background-position":"center center","background-size":"auto","background-attachment":"scroll","background-type":"","background-media":"","overlay-type":"","overlay-color":"","overlay-opacity":"","overlay-gradient":""},"tablet":{"background-color":"","background-image":"","background-repeat":"repeat","background-position":"center center","background-size":"auto","background-attachment":"scroll","background-type":"","background-media":"","overlay-type":"","overlay-color":"","overlay-opacity":"","overlay-gradient":""},"mobile":{"background-color":"","background-image":"","background-repeat":"repeat","background-position":"center center","background-size":"auto","background-attachment":"scroll","background-type":"","background-media":"","overlay-type":"","overlay-color":"","overlay-opacity":"","overlay-gradient":""}},"ast-content-background-meta":{"desktop":{"background-color":"var(--ast-global-color-5)","background-image":"","background-repeat":"repeat","background-position":"center center","background-size":"auto","background-attachment":"scroll","background-type":"","background-media":"","overlay-type":"","overlay-color":"","overlay-opacity":"","overlay-gradient":""},"tablet":{"background-color":"var(--ast-global-color-5)","background-image":"","background-repeat":"repeat","background-position":"center center","background-size":"auto","background-attachment":"scroll","background-type":"","background-media":"","overlay-type":"","overlay-color":"","overlay-opacity":"","overlay-gradient":""},"mobile":{"background-color":"var(--ast-global-color-5)","background-image":"","background-repeat":"repeat","background-position":"center center","background-size":"auto","background-attachment":"scroll","background-type":"","background-media":"","overlay-type":"","overlay-color":"","overlay-opacity":"","overlay-gradient":""}}},"product_cat":[44,269,176,58,177,59],"product_tag":[],"yoast_head":"<!-- This site is optimized with the Yoast SEO plugin v21.7 - https:\/\/yoast.com\/wordpress\/plugins\/seo\/ -->\n<title>KERATIN LOSION U AMPULAMA 12x10ml - Flash<\/title>\n<meta name=\"description\" content=\"Keratinski losion za obnavljanje tretrane i o\u0161te\u0107ene kose. Mineralizuje i hidratizuje, prodire duboko u strukturu kose. Rezultati su momentalni: meka,\" \/>\n<meta name=\"robots\" content=\"index, follow, max-snippet:-1, max-image-preview:large, max-video-preview:-1\" \/>\n<link rel=\"canonical\" href=\"https:\/\/hairbeauty-pro.com\/?product=keratin-losion-u-ampulama\" \/>\n<meta property=\"og:locale\" content=\"bs_BA\" \/>\n<meta property=\"og:type\" content=\"article\" \/>\n<meta property=\"og:title\" content=\"KERATIN LOSION U AMPULAMA 12x10ml - Flash\" \/>\n<meta property=\"og:description\" content=\"Keratinski losion za obnavljanje tretrane i o\u0161te\u0107ene kose. Mineralizuje i hidratizuje, prodire duboko u strukturu kose. Rezultati su momentalni: meka,\" \/>\n<meta property=\"og:url\" content=\"https:\/\/hairbeauty-pro.com\/?product=keratin-losion-u-ampulama\" \/>\n<meta property=\"og:site_name\" content=\"Flash\" \/>\n<meta property=\"article:modified_time\" content=\"2025-12-13T12:16:54+00:00\" \/>\n<meta property=\"og:image\" content=\"http:\/\/hairbeauty-pro.com\/wp-content\/uploads\/2023\/11\/19047-2.jpg\" \/>\n\t<meta property=\"og:image:width\" content=\"1462\" \/>\n\t<meta property=\"og:image:height\" content=\"889\" \/>\n\t<meta property=\"og:image:type\" content=\"image\/jpeg\" \/>\n<meta name=\"twitter:card\" content=\"summary_large_image\" \/>\n<meta name=\"twitter:label1\" content=\"Est. reading time\" \/>\n\t<meta name=\"twitter:data1\" content=\"1 minuta\" \/>\n<script type=\"application\/ld+json\" class=\"yoast-schema-graph\">{\"@context\":\"https:\/\/schema.org\",\"@graph\":[{\"@type\":\"WebPage\",\"@id\":\"https:\/\/hairbeauty-pro.com\/?product=keratin-losion-u-ampulama\",\"url\":\"https:\/\/hairbeauty-pro.com\/?product=keratin-losion-u-ampulama\",\"name\":\"KERATIN LOSION U AMPULAMA 12x10ml - Flash\",\"isPartOf\":{\"@id\":\"https:\/\/hairbeauty-pro.com\/#website\"},\"datePublished\":\"2023-07-13T09:59:18+00:00\",\"dateModified\":\"2025-12-13T12:16:54+00:00\",\"description\":\"Keratinski losion za obnavljanje tretrane i o\u0161te\u0107ene kose. Mineralizuje i hidratizuje, prodire duboko u strukturu kose. Rezultati su momentalni: meka,\",\"breadcrumb\":{\"@id\":\"https:\/\/hairbeauty-pro.com\/?product=keratin-losion-u-ampulama#breadcrumb\"},\"inLanguage\":\"bs-BA\",\"potentialAction\":[{\"@type\":\"ReadAction\",\"target\":[\"https:\/\/hairbeauty-pro.com\/?product=keratin-losion-u-ampulama\"]}]},{\"@type\":\"BreadcrumbList\",\"@id\":\"https:\/\/hairbeauty-pro.com\/?product=keratin-losion-u-ampulama#breadcrumb\",\"itemListElement\":[{\"@type\":\"ListItem\",\"position\":1,\"name\":\"Home\",\"item\":\"https:\/\/hairbeauty-pro.com\/\"},{\"@type\":\"ListItem\",\"position\":2,\"name\":\"Shop\",\"item\":\"https:\/\/hairbeauty-pro.com\/?page_id=11\"},{\"@type\":\"ListItem\",\"position\":3,\"name\":\"KERATIN LOSION U AMPULAMA 12x10ml\"}]},{\"@type\":\"WebSite\",\"@id\":\"https:\/\/hairbeauty-pro.com\/#website\",\"url\":\"https:\/\/hairbeauty-pro.com\/\",\"name\":\"Flash\",\"description\":\"Va\u0161a ultimativna destinacja za njegu kose\",\"publisher\":{\"@id\":\"https:\/\/hairbeauty-pro.com\/#organization\"},\"potentialAction\":[{\"@type\":\"SearchAction\",\"target\":{\"@type\":\"EntryPoint\",\"urlTemplate\":\"https:\/\/hairbeauty-pro.com\/?s={search_term_string}\"},\"query-input\":\"required name=search_term_string\"}],\"inLanguage\":\"bs-BA\"},{\"@type\":\"Organization\",\"@id\":\"https:\/\/hairbeauty-pro.com\/#organization\",\"name\":\"Flash\",\"url\":\"https:\/\/hairbeauty-pro.com\/\",\"logo\":{\"@type\":\"ImageObject\",\"inLanguage\":\"bs-BA\",\"@id\":\"https:\/\/hairbeauty-pro.com\/#\/schema\/logo\/image\/\",\"url\":\"https:\/\/hairbeauty-pro.com\/wp-content\/uploads\/2023\/07\/cropped-FLASH-LOGO-png.png\",\"contentUrl\":\"https:\/\/hairbeauty-pro.com\/wp-content\/uploads\/2023\/07\/cropped-FLASH-LOGO-png.png\",\"width\":1316,\"height\":521,\"caption\":\"Flash\"},\"image\":{\"@id\":\"https:\/\/hairbeauty-pro.com\/#\/schema\/logo\/image\/\"}}]}<\/script>\n<!-- \/ Yoast SEO plugin. -->","yoast_head_json":{"title":"KERATIN LOSION U AMPULAMA 12x10ml - Flash","description":"Keratinski losion za obnavljanje tretrane i o\u0161te\u0107ene kose. Mineralizuje i hidratizuje, prodire duboko u strukturu kose. Rezultati su momentalni: meka,","robots":{"index":"index","follow":"follow","max-snippet":"max-snippet:-1","max-image-preview":"max-image-preview:large","max-video-preview":"max-video-preview:-1"},"canonical":"https:\/\/hairbeauty-pro.com\/?product=keratin-losion-u-ampulama","og_locale":"bs_BA","og_type":"article","og_title":"KERATIN LOSION U AMPULAMA 12x10ml - Flash","og_description":"Keratinski losion za obnavljanje tretrane i o\u0161te\u0107ene kose. Mineralizuje i hidratizuje, prodire duboko u strukturu kose. Rezultati su momentalni: meka,","og_url":"https:\/\/hairbeauty-pro.com\/?product=keratin-losion-u-ampulama","og_site_name":"Flash","article_modified_time":"2025-12-13T12:16:54+00:00","og_image":[{"width":1462,"height":889,"url":"http:\/\/hairbeauty-pro.com\/wp-content\/uploads\/2023\/11\/19047-2.jpg","type":"image\/jpeg"}],"twitter_card":"summary_large_image","twitter_misc":{"Est. reading time":"1 minuta"},"schema":{"@context":"https:\/\/schema.org","@graph":[{"@type":"WebPage","@id":"https:\/\/hairbeauty-pro.com\/?product=keratin-losion-u-ampulama","url":"https:\/\/hairbeauty-pro.com\/?product=keratin-losion-u-ampulama","name":"KERATIN LOSION U AMPULAMA 12x10ml - Flash","isPartOf":{"@id":"https:\/\/hairbeauty-pro.com\/#website"},"datePublished":"2023-07-13T09:59:18+00:00","dateModified":"2025-12-13T12:16:54+00:00","description":"Keratinski losion za obnavljanje tretrane i o\u0161te\u0107ene kose. Mineralizuje i hidratizuje, prodire duboko u strukturu kose. Rezultati su momentalni: meka,","breadcrumb":{"@id":"https:\/\/hairbeauty-pro.com\/?product=keratin-losion-u-ampulama#breadcrumb"},"inLanguage":"bs-BA","potentialAction":[{"@type":"ReadAction","target":["https:\/\/hairbeauty-pro.com\/?product=keratin-losion-u-ampulama"]}]},{"@type":"BreadcrumbList","@id":"https:\/\/hairbeauty-pro.com\/?product=keratin-losion-u-ampulama#breadcrumb","itemListElement":[{"@type":"ListItem","position":1,"name":"Home","item":"https:\/\/hairbeauty-pro.com\/"},{"@type":"ListItem","position":2,"name":"Shop","item":"https:\/\/hairbeauty-pro.com\/?page_id=11"},{"@type":"ListItem","position":3,"name":"KERATIN LOSION U AMPULAMA 12x10ml"}]},{"@type":"WebSite","@id":"https:\/\/hairbeauty-pro.com\/#website","url":"https:\/\/hairbeauty-pro.com\/","name":"Flash","description":"Va\u0161a ultimativna destinacja za njegu kose","publisher":{"@id":"https:\/\/hairbeauty-pro.com\/#organization"},"potentialAction":[{"@type":"SearchAction","target":{"@type":"EntryPoint","urlTemplate":"https:\/\/hairbeauty-pro.com\/?s={search_term_string}"},"query-input":"required name=search_term_string"}],"inLanguage":"bs-BA"},{"@type":"Organization","@id":"https:\/\/hairbeauty-pro.com\/#organization","name":"Flash","url":"https:\/\/hairbeauty-pro.com\/","logo":{"@type":"ImageObject","inLanguage":"bs-BA","@id":"https:\/\/hairbeauty-pro.com\/#\/schema\/logo\/image\/","url":"https:\/\/hairbeauty-pro.com\/wp-content\/uploads\/2023\/07\/cropped-FLASH-LOGO-png.png","contentUrl":"https:\/\/hairbeauty-pro.com\/wp-content\/uploads\/2023\/07\/cropped-FLASH-LOGO-png.png","width":1316,"height":521,"caption":"Flash"},"image":{"@id":"https:\/\/hairbeauty-pro.com\/#\/schema\/logo\/image\/"}}]}},"_links":{"self":[{"href":"https:\/\/hairbeauty-pro.com\/index.php?rest_route=\/wp\/v2\/product\/2260"}],"collection":[{"href":"https:\/\/hairbeauty-pro.com\/index.php?rest_route=\/wp\/v2\/product"}],"about":[{"href":"https:\/\/hairbeauty-pro.com\/index.php?rest_route=\/wp\/v2\/types\/product"}],"replies":[{"embeddable":true,"href":"https:\/\/hairbeauty-pro.com\/index.php?rest_route=%2Fwp%2Fv2%2Fcomments&post=2260"}],"wp:featuredmedia":[{"embeddable":true,"href":"https:\/\/hairbeauty-pro.com\/index.php?rest_route=\/wp\/v2\/media\/5336"}],"wp:attachment":[{"href":"https:\/\/hairbeauty-pro.com\/index.php?rest_route=%2Fwp%2Fv2%2Fmedia&parent=2260"}],"wp:term":[{"taxonomy":"product_cat","embeddable":true,"href":"https:\/\/hairbeauty-pro.com\/index.php?rest_route=%2Fwp%2Fv2%2Fproduct_cat&post=2260"},{"taxonomy":"product_tag","embeddable":true,"href":"https:\/\/hairbeauty-pro.com\/index.php?rest_route=%2Fwp%2Fv2%2Fproduct_tag&post=2260"}],"curies":[{"name":"wp","href":"https:\/\/api.w.org\/{rel}","templated":true}]}}